{"id":429,"date":"2016-06-06T14:44:52","date_gmt":"2016-06-06T14:44:52","guid":{"rendered":"http:\/\/moverdb.com\/?page_id=429"},"modified":"2026-01-08T14:47:51","modified_gmt":"2026-01-08T14:47:51","slug":"british-association-of-removers","status":"publish","type":"page","link":"https:\/\/moverdb.com\/fi\/british-association-of-removers\/","title":{"rendered":"British Association of Removers (BAR) selitetty"},"content":{"rendered":"<p>British Association of Removers (BAR) kuvailee itse\u00e4\u00e4n \"ammattimaisen muuttoteollisuuden tunnustetuksi \u00e4\u00e4nenkannattajaksi\", ja se on keskeinen elin muuttoliikkeiden alalla. <a href=\"https:\/\/moverdb.com\/fi\/moving-to-the-uk\/\" data-internallinksmanager029f6b8e52c=\"93\" title=\"Muutatko Yhdistyneeseen kuningaskuntaan? 2022 Elinkustannukset ja muuttovinkit\">UK<\/a> liikkuva teollisuus. <\/p>\n<p>Koulutus, ammatilliset standardit ja tietojen ja neuvojen antaminen asiakkaille kuuluvat BAR:n toimialaan, samoin kuin riitojenratkaisupalvelu.<\/p>\n<p><strong>T\u00e4rkeimm\u00e4t tiedot BARista:<\/strong><\/p>\n<ol>\n<li>  BAR:lla on useita erilaisia j\u00e4senyyksi\u00e4: Yhdistyneen kuningaskunnan j\u00e4senyys, <a href=\"https:\/\/moverdb.com\/fi\/bar-overseas\/\">Ryhm\u00e4n j\u00e4senyys ulkomailla<\/a>, kaupallisen muuttoryhm\u00e4n j\u00e4senyys, itsevarastointiryhm\u00e4n j\u00e4senyys. <a href=\"https:\/\/moverdb.com\/fi\/international-removals\/\">Yritykset<\/a> voi olla my\u00f6s kansainv\u00e4lisi\u00e4 tyt\u00e4ryhti\u00f6it\u00e4 (muuttoalalla toimivia Yhdistyneen kuningaskunnan ulkopuolisia yrityksi\u00e4) ja tyt\u00e4ryhti\u00f6it\u00e4 (yrityksi\u00e4, jotka eiv\u00e4t harjoita muutto- ja varastointitoimintaa, mutta jotka tarjoavat tavaroita ja palveluja alalle).<\/li>\n<li>  BAR:lla on muuttoalalla ainoat k\u00e4yt\u00e4nnes\u00e4\u00e4nn\u00f6t, jotka Trading Standards Institute on hyv\u00e4ksynyt ja joita se valvoo.<\/li>\n<li>  Trading Standards Institute valvoo kaikkien BAR:n j\u00e4senten toimintaa.<\/li>\n<li>  BAR kattaa sek\u00e4 Yhdistyneen kuningaskunnan ett\u00e4 <a href=\"https:\/\/moverdb.com\/fi\/muuttoyritykset\/\">kansainv\u00e4liset siirrot<\/a>.<\/li>\n<li>  BAR:lla on oma koulutusyksikk\u00f6 - BAR Training Services, joka tarjoaa ammattimaisia yrityskoulutuskursseja, jotka asettavat standardit alakohtaiselle koulutukselle.<\/li>\n<li>  BAR:n j\u00e4senet joutuvat j\u00e4senyytens\u00e4 aikana suorittamaan jatkuvia tarkastuksia.<\/li>\n<li> BAR py\u00f6ritt\u00e4\u00e4 my\u00f6s <a href=\"https:\/\/www.trustedmover.org\" target=\"_blank\" rel=\"noopener\">Luotettu Mover<\/a> verkkosivusto, joka auttaa sinua l\u00f6yt\u00e4m\u00e4\u00e4n BAR-poistajia.<\/li>\n<\/ol>\n<p><strong>Organisaation profiili:<\/strong><\/p>\n<p>BAR on vakiinnuttanut asemansa alan elimen\u00e4, jonka teht\u00e4v\u00e4n\u00e4 on yll\u00e4pit\u00e4\u00e4 muuttoliikealan ammatillisia standardeja j\u00e4sentens\u00e4 ja my\u00f6s heid\u00e4n asiakkaidensa eduksi. Sill\u00e4 on k\u00e4yt\u00e4nnes\u00e4\u00e4nn\u00f6t, joissa asetetaan standardit palvelulle, materiaaleille, ajoneuvoille ja varastoinnille, henkil\u00f6kunnan koulutukselle ja sille, miten toimia, jos jokin menee pieleen. <\/p>\n<p>Se tarjoaa my\u00f6s taloudellista suojaa asiakkaille esimerkiksi silloin, kun muuttaja peruuttaa ty\u00f6n. Asiakkaat voivat valittaa j\u00e4senest\u00e4 BAR:lle, ja lis\u00e4ksi on olemassa vaihtoehtoinen riitojenratkaisupalvelu. <\/p>\n<p>Koulutus on keskeinen osa BAR:n j\u00e4senyysohjelmaa, ja j\u00e4senill\u00e4 on p\u00e4\u00e4sy ELearning-moduuleihin, jotka k\u00e4sittelev\u00e4t muun muassa johtamista, taloutta, myynti\u00e4 ja myynti\u00e4, asiakaspalvelua, markkinointia, valmennusta, johtamista ja esimiestaitojen kehitt\u00e4mist\u00e4.<\/p>\n<p><strong>Joitakin j\u00e4senyrityksi\u00e4<\/strong><\/p>\n<ul>\n<li> <a href=\"https:\/\/moverdb.com\/fi\/cadogan-tate\/\">Cadogan Tate<\/a><\/li>\n<li> <a href=\"https:\/\/moverdb.com\/fi\/anglo-tyynenmeren-alue\/\">Anglo Pacific<\/a><\/li>\n<li> <a href=\"https:\/\/moverdb.com\/fi\/shore-porters-society\/\">Rantakannattajien yhdistys<\/a><\/li>\n<li> <a href=\"https:\/\/moverdb.com\/fi\/matthew-james\/\">Matthew James<\/a><\/li>\n<li> <a href=\"https:\/\/moverdb.com\/fi\/robinsons\/\">Robinsons Relocation<\/a><\/li>\n<li> <a href=\"https:\/\/moverdb.com\/fi\/conroy-removals\/\">Conroy Muutot<\/a><\/li>\n<\/ul>\n<p><strong>J\u00e4senyyskriteerit:<\/strong><\/p>\n<p>J\u00e4senyyskriteerej\u00e4 ei ole saatavilla verkkosivulla, jossa sanotaan: \"Jos olet kiinnostunut BAR:n j\u00e4senyydest\u00e4, j\u00e4senyyskriteereist\u00e4 ja hakemuslomakkeesta, ota yhteytt\u00e4 BAR:iin ja anna yrityksesi tiedot ja yhteystiedot.\"<\/p>\n<p><strong>Alan mielipiteit\u00e4 British Association of Removers -yhdistyksest\u00e4:<\/strong><\/p>\n<p>BAR esiintyy usein brittil\u00e4isten muuttoliikkeiden verkkosivustoilla, ja monet niist\u00e4, jotka mainitsevat sen luettelossa, keskittyv\u00e4t sen pitk\u00e4ik\u00e4isyyteen yhten\u00e4 vanhimmista muuttoliikealan ammattiyhdistyksist\u00e4 ja sen yli satavuotiseen historiaan. <\/p>\n<p>Se, ett\u00e4 Trading Standards on hyv\u00e4ksynyt sen k\u00e4yt\u00e4nnes\u00e4\u00e4nn\u00f6t, on toinen merkitt\u00e4v\u00e4 plussa, sill\u00e4 se antaa kuluttajille varmuuden siit\u00e4, ett\u00e4 heid\u00e4n etujaan suojellaan lain perusvaatimuksia paremmin. <\/p>\n<p>T\u00e4rke\u00e4n\u00e4 pidet\u00e4\u00e4n sit\u00e4, ett\u00e4 yhdistys tekee jatkuvia tarkastuksia ty\u00f6mailla, samoin kuin sit\u00e4, ett\u00e4 j\u00e4senten on osoitettava jatkuva asiakastyytyv\u00e4isyys. <\/p>\n<p>Yleinen mielipide on, ett\u00e4 <em>\"Valitsemalla BAR:n j\u00e4senen varmistat, ett\u00e4 muutto sujuu mahdollisimman sujuvasti.\"<\/em> Kiinteist\u00f6alan verkkosivut pit\u00e4v\u00e4t BAR:ia muuttajien standardina ja kuvaavat sit\u00e4 perusvaatimuksena hyv\u00e4lle muuttajalle, joka noudattaa ammattitaidon v\u00e4himm\u00e4isvaatimuksia ja tarjoaa jonkinlaista taloudellista suojaa.<\/p>\n<blockquote><p>BAR-j\u00e4senyyteen sitoutuneen muuttofirman valitseminen on hyv\u00e4 l\u00e4ht\u00f6kohta, sill\u00e4 se osoittaa, ett\u00e4 muuttofirma on valmis noudattamaan v\u00e4himm\u00e4isvaatimuksia. BAR:n j\u00e4senill\u00e4 on j\u00e4senyydelle v\u00e4himm\u00e4isvaatimukset, jotka ovat sinun etujesi mukaisia, kuten lailliset, luvanvaraiset ajoneuvot, talletuksen suoja ja v\u00e4limiesmenettely tai ilmainen sovittelu siin\u00e4 ep\u00e4todenn\u00e4k\u00f6isess\u00e4 tapauksessa, ett\u00e4 jokin menee pieleen.<\/p><\/blockquote>\n<p>- <a href=\"http:\/\/www.rightmove.co.uk\/choosing-a-removal-company.html\" target=\"_blank\" rel=\"noopener\">rightmove<\/a><\/p>\n<blockquote><p>Jokainen BAR:n j\u00e4sen noudattaa BAR:n k\u00e4yt\u00e4nnes\u00e4\u00e4nt\u00f6j\u00e4, jotka Trading Standards on hyv\u00e4ksynyt. T\u00e4m\u00e4 tiukka s\u00e4\u00e4nn\u00f6st\u00f6 suojaa ja edist\u00e4\u00e4 kuluttajien etuja lain perusvaatimuksia paremmin.<\/p><\/blockquote>\n<p>- <a href=\"http:\/\/www.pickfords.co.uk\/british-association-of-removers\" target=\"_blank\" rel=\"noopener\">Pickfords<\/a><\/p>\n<blockquote><p>Yli 97% kuluttajaa suosittelee BAR-poistajaa.<\/p><\/blockquote>\n<p>- <a href=\"http:\/\/www.comparemymove.com\/blog\/our-partners\/a-guide-to-joining-the-british-association-of-removers\/\" target=\"_blank\" rel=\"noopener\">Vertaa My Move<\/a><\/p>\n<p><strong>Verkkosivusto:<\/strong> <a href=\"http:\/\/www.bar.co.uk\/\" target=\"_blank\" rel=\"noopener\">http:\/\/www.bar.co.uk\/<\/a><\/p>","protected":false},"excerpt":{"rendered":"<p>The British Association of Removers (BAR) describes itself as the &#8220;recognised voice of the professional moving industry&#8221; and it is a key body in the UK moving industry. Training, professional standards and providing information and advice to customers are included in the BAR&#8217;s remit, as well as a dispute resolution service. Key facts about BAR: [&hellip;]<\/p>\n","protected":false},"author":1,"featured_media":0,"parent":0,"menu_order":0,"comment_status":"closed","ping_status":"closed","template":"","meta":{"_genesis_hide_title":false,"_genesis_hide_breadcrumbs":false,"_genesis_hide_singular_image":false,"_genesis_hide_footer_widgets":false,"_genesis_custom_body_class":"","_genesis_custom_post_class":"","_genesis_layout":"","footnotes":""},"class_list":{"0":"post-429","1":"page","2":"type-page","3":"status-publish","5":"entry"},"_links":{"self":[{"href":"https:\/\/moverdb.com\/fi\/wp-json\/wp\/v2\/pages\/429","targetHints":{"allow":["GET"]}}],"collection":[{"href":"https:\/\/moverdb.com\/fi\/wp-json\/wp\/v2\/pages"}],"about":[{"href":"https:\/\/moverdb.com\/fi\/wp-json\/wp\/v2\/types\/page"}],"author":[{"embeddable":true,"href":"https:\/\/moverdb.com\/fi\/wp-json\/wp\/v2\/users\/1"}],"replies":[{"embeddable":true,"href":"https:\/\/moverdb.com\/fi\/wp-json\/wp\/v2\/comments?post=429"}],"version-history":[{"count":18,"href":"https:\/\/moverdb.com\/fi\/wp-json\/wp\/v2\/pages\/429\/revisions"}],"predecessor-version":[{"id":6186,"href":"https:\/\/moverdb.com\/fi\/wp-json\/wp\/v2\/pages\/429\/revisions\/6186"}],"wp:attachment":[{"href":"https:\/\/moverdb.com\/fi\/wp-json\/wp\/v2\/media?parent=429"}],"curies":[{"name":"wp","href":"https:\/\/api.w.org\/{rel}","templated":true}]}}