{"id":42,"date":"2016-03-19T18:09:36","date_gmt":"2016-03-19T18:09:36","guid":{"rendered":"http:\/\/moverdb.com\/?page_id=42"},"modified":"2026-01-08T15:20:50","modified_gmt":"2026-01-08T15:20:50","slug":"kayttoehdot","status":"publish","type":"page","link":"https:\/\/moverdb.com\/fi\/terms-of-use\/","title":{"rendered":"K\u00e4ytt\u00f6ehdot"},"content":{"rendered":"<p><strong>LUE N\u00c4M\u00c4 HUOLELLISESTI ENNEN T\u00c4M\u00c4N VERKKOSIVUSTON K\u00c4YTT\u00d6\u00c4.<\/strong><\/p>\n<p>Tervetuloa MoverDB.com-sivustolle. Jos jatkat t\u00e4m\u00e4n verkkosivuston selaamista ja k\u00e4ytt\u00f6\u00e4, sitoudut noudattamaan ja noudattamaan seuraavia k\u00e4ytt\u00f6ehtoja, jotka yhdess\u00e4 meid\u00e4n <a href=\"https:\/\/MoverDB.com\/privacy-policy\/\" target=\"_blank\" rel=\"noopener\">tietosuojak\u00e4yt\u00e4nt\u00f6<\/a> s\u00e4\u00e4nnell\u00e4 MoverDB.comin suhdetta sinuun suhteessa t\u00e4h\u00e4n verkkosivustoon. Jos olet eri mielt\u00e4 jostain n\u00e4iden ehtojen osasta, \u00e4l\u00e4 k\u00e4yt\u00e4 verkkosivustoamme.<\/p>\n<p>N\u00e4iss\u00e4 k\u00e4ytt\u00f6ehdoissa sek\u00e4 muissa j\u00e4ljemp\u00e4n\u00e4 mainituissa asiakirjoissa m\u00e4\u00e4ritell\u00e4\u00e4n ehdot, joiden mukaisesti voit k\u00e4ytt\u00e4\u00e4 sivustoa https:\/\/MoverDB.com\/ (\"sivustomme\"). <\/p>\n<p>Muut t\u00e4rke\u00e4t asiakirjat <\/p>\n<p>K\u00e4ytt\u00f6ehdot viittaavat <a href=\"https:\/\/MoverDB.com\/privacy-policy\/\" target=\"_blank\" rel=\"noopener\">Tietosuojak\u00e4yt\u00e4nt\u00f6<\/a>, jossa m\u00e4\u00e4ritell\u00e4\u00e4n ehdot, joiden mukaisesti k\u00e4sittelemme henkil\u00f6tietoja, jotka annat meille. <a href=\"https:\/\/moverdb.com\/fi\/moving-to-the-united-states\/\" data-internallinksmanager029f6b8e52c=\"94\" title=\"Muutatko Yhdysvaltoihin? 2022 Elinkustannukset ja muuttovinkit\">us<\/a>tai joita ker\u00e4\u00e4mme sinulta. Voit my\u00f6s lukea koko <a href=\"https:\/\/moverdb.com\/fi\/data-processing-policy\/\">Tietojenk\u00e4sittelypolitiikka<\/a>. K\u00e4ytt\u00e4m\u00e4ll\u00e4 sivustoamme annat suostumuksesi t\u00e4llaiseen k\u00e4sittelyyn.<\/p>\n<p>T\u00e4m\u00e4n verkkosivuston k\u00e4ytt\u00f6\u00e4 koskevat seuraavat k\u00e4ytt\u00f6ehdot:<\/p>\n<ul>\n<li>T\u00e4m\u00e4n verkkosivuston sivujen sis\u00e4lt\u00f6 on tarkoitettu vain yleiseen tietoon ja k\u00e4ytt\u00f6\u00f6n. Sit\u00e4 voidaan muuttaa ilman ennakkoilmoitusta.<\/li>\n<li> T\u00e4ytt\u00e4m\u00e4ll\u00e4 tarjouslomakkeen annat meille luvan jakaa n\u00e4m\u00e4 tiedot kolmansille osapuolille, jotta voimme auttaa sinua saamaan parhaan hintavertailutarjouksen kansainv\u00e4lisest\u00e4 muutostasi.<\/li>\n<li>T\u00e4m\u00e4 verkkosivusto k\u00e4ytt\u00e4\u00e4 ev\u00e4steit\u00e4 selausasetusten seuraamiseen. Jos sallit ev\u00e4steiden k\u00e4yt\u00f6n, saatamme tallentaa henkil\u00f6tietoja kolmansien osapuolten k\u00e4ytt\u00f6\u00f6n.<\/li>\n<li> Me tai kolmannet osapuolet emme anna mit\u00e4\u00e4n takuuta tai takuuta t\u00e4ll\u00e4 verkkosivustolla olevien tai tarjottujen tietojen ja materiaalien tarkkuudesta, ajantasaisuudesta, suorituskyvyst\u00e4, t\u00e4ydellisyydest\u00e4 tai soveltuvuudesta mihink\u00e4\u00e4n tiettyyn tarkoitukseen. Tunnustat, ett\u00e4 t\u00e4llaiset tiedot ja materiaalit voivat sis\u00e4lt\u00e4\u00e4 ep\u00e4tarkkuuksia tai virheit\u00e4, ja suljemme nimenomaisesti pois vastuun t\u00e4llaisista ep\u00e4tarkkuuksista tai virheist\u00e4 lain sallimissa rajoissa.<\/li>\n<li> T\u00e4m\u00e4n verkkosivuston tietojen tai materiaalien k\u00e4ytt\u00f6 tapahtuu t\u00e4ysin omalla vastuullasi, josta emme ole vastuussa. On omalla vastuullasi varmistaa, ett\u00e4 kaikki t\u00e4m\u00e4n verkkosivuston kautta saatavilla olevat tuotteet, palvelut tai tiedot t\u00e4ytt\u00e4v\u00e4t erityisvaatimuksesi.<\/li>\n<li> T\u00e4m\u00e4 verkkosivusto sis\u00e4lt\u00e4\u00e4 materiaalia, joka on meid\u00e4n omistuksessamme tai lisensoitu meille. T\u00e4m\u00e4 materiaali sis\u00e4lt\u00e4\u00e4 muun muassa suunnittelun, ulkoasun, ulkoasun, ulkoasun ja grafiikan. J\u00e4ljent\u00e4minen on kielletty muutoin kuin n\u00e4iden k\u00e4ytt\u00f6ehtojen osana olevan tekij\u00e4noikeusilmoituksen mukaisesti.<\/li>\n<li> T\u00e4m\u00e4n verkkosivuston luvaton k\u00e4ytt\u00f6 voi johtaa vahingonkorvausvaatimuksiin ja\/tai olla rikos.<\/li>\n<li> T\u00e4m\u00e4 verkkosivusto voi ajoittain sis\u00e4lt\u00e4\u00e4 my\u00f6s linkkej\u00e4 muille verkkosivustoille. N\u00e4m\u00e4 linkit on tarkoitettu sinulle lis\u00e4tietojen saamiseksi. Ne eiv\u00e4t tarkoita, ett\u00e4 me kannatamme kyseist\u00e4 verkkosivustoa tai kyseisi\u00e4 verkkosivustoja. Emme ole vastuussa linkitettyjen verkkosivustojen sis\u00e4ll\u00f6st\u00e4.<\/li>\n<\/ul>","protected":false},"excerpt":{"rendered":"<p>PLEASE READ THESE CAREFULLY BEFORE USING THIS WEBSITE. Welcome to MoverDB.com. If you continue to browse and use this website, you are agreeing to comply with and be bound by the following terms and conditions of use, which together with our privacy policy govern MoverDB.com&#8217;s relationship with you in relation to this website. If you [&hellip;]<\/p>\n","protected":false},"author":1,"featured_media":0,"parent":0,"menu_order":0,"comment_status":"closed","ping_status":"closed","template":"","meta":{"_genesis_hide_title":false,"_genesis_hide_breadcrumbs":false,"_genesis_hide_singular_image":false,"_genesis_hide_footer_widgets":false,"_genesis_custom_body_class":"","_genesis_custom_post_class":"","_genesis_layout":"","footnotes":""},"class_list":{"0":"post-42","1":"page","2":"type-page","3":"status-publish","5":"entry"},"_links":{"self":[{"href":"https:\/\/moverdb.com\/fi\/wp-json\/wp\/v2\/pages\/42","targetHints":{"allow":["GET"]}}],"collection":[{"href":"https:\/\/moverdb.com\/fi\/wp-json\/wp\/v2\/pages"}],"about":[{"href":"https:\/\/moverdb.com\/fi\/wp-json\/wp\/v2\/types\/page"}],"author":[{"embeddable":true,"href":"https:\/\/moverdb.com\/fi\/wp-json\/wp\/v2\/users\/1"}],"replies":[{"embeddable":true,"href":"https:\/\/moverdb.com\/fi\/wp-json\/wp\/v2\/comments?post=42"}],"version-history":[{"count":5,"href":"https:\/\/moverdb.com\/fi\/wp-json\/wp\/v2\/pages\/42\/revisions"}],"predecessor-version":[{"id":3243,"href":"https:\/\/moverdb.com\/fi\/wp-json\/wp\/v2\/pages\/42\/revisions\/3243"}],"wp:attachment":[{"href":"https:\/\/moverdb.com\/fi\/wp-json\/wp\/v2\/media?parent=42"}],"curies":[{"name":"wp","href":"https:\/\/api.w.org\/{rel}","templated":true}]}}