{"id":414,"date":"2016-07-03T15:12:27","date_gmt":"2016-07-03T15:12:27","guid":{"rendered":"http:\/\/moverdb.com\/?page_id=414"},"modified":"2026-01-08T14:39:56","modified_gmt":"2026-01-08T14:39:56","slug":"muuttokustannukset","status":"publish","type":"page","link":"https:\/\/moverdb.com\/fi\/moving-costs\/","title":{"rendered":"Kansainv\u00e4liset muuttokustannukset: 9 asiaa, joita et voi j\u00e4tt\u00e4\u00e4 huomiotta"},"content":{"rendered":"<p><img loading=\"lazy\" decoding=\"async\" src=\"https:\/\/moverdb.com\/wp-content\/uploads\/International-Moving-Costs.jpg\" alt=\"Kansainv\u00e4liset muuttokustannukset\" width=\"720\" height=\"477\" class=\"aligncenter size-full wp-image-780\" srcset=\"https:\/\/moverdb.com\/wp-content\/uploads\/International-Moving-Costs.jpg 720w, https:\/\/moverdb.com\/wp-content\/uploads\/International-Moving-Costs-300x200.jpg 300w, https:\/\/moverdb.com\/wp-content\/uploads\/International-Moving-Costs-600x398.jpg 600w\" sizes=\"auto, (max-width: 720px) 100vw, 720px\" \/><\/p>\n<p>Monet ulkomaille muuttavat ihmiset ovat yll\u00e4ttyneit\u00e4 siit\u00e4, kuinka korkeat kansainv\u00e4liset muuttokustannukset voivat olla. Seuraavassa tarkastelemme monia odotettavissa olevia ja odottamattomia kuluja, joita saatat kohdata, ja miten voit s\u00e4\u00e4st\u00e4\u00e4 rahaa. <\/p>\n<div id=\"ez-toc-container\" class=\"ez-toc-v2_0_82_2 ez-toc-wrap-left counter-hierarchy ez-toc-counter ez-toc-transparent ez-toc-container-direction\">\n<div class=\"ez-toc-title-container\">\n<p class=\"ez-toc-title\" style=\"cursor:inherit\">Jaksot<\/p>\n<span class=\"ez-toc-title-toggle\"><a href=\"#\" class=\"ez-toc-pull-right ez-toc-btn ez-toc-btn-xs ez-toc-btn-default ez-toc-toggle\" aria-label=\"Sis\u00e4llysluettelon vaihtaminen\"><span class=\"ez-toc-js-icon-con\"><span class=\"\"><span class=\"eztoc-hide\" style=\"display:none;\">Toggle<\/span><span class=\"ez-toc-icon-toggle-span\"><svg style=\"fill: #999;color:#999\" xmlns=\"http:\/\/www.w3.org\/2000\/svg\" class=\"list-377408\" width=\"20px\" height=\"20px\" viewbox=\"0 0 24 24\" fill=\"none\"><path d=\"M6 6H4v2h2V6zm14 0H8v2h12V6zM4 11h2v2H4v-2zm16 0H8v2h12v-2zM4 16h2v2H4v-2zm16 0H8v2h12v-2z\" fill=\"currentColor\"><\/path><\/svg><svg style=\"fill: #999;color:#999\" class=\"arrow-unsorted-368013\" xmlns=\"http:\/\/www.w3.org\/2000\/svg\" width=\"10px\" height=\"10px\" viewbox=\"0 0 24 24\" version=\"1.2\" baseprofile=\"tiny\"><path d=\"M18.2 9.3l-6.2-6.3-6.2 6.3c-.2.2-.3.4-.3.7s.1.5.3.7c.2.2.4.3.7.3h11c.3 0 .5-.1.7-.3.2-.2.3-.5.3-.7s-.1-.5-.3-.7zM5.8 14.7l6.2 6.3 6.2-6.3c.2-.2.3-.5.3-.7s-.1-.5-.3-.7c-.2-.2-.4-.3-.7-.3h-11c-.3 0-.5.1-.7.3-.2.2-.3.5-.3.7s.1.5.3.7z\"\/><\/svg><\/span><\/span><\/span><\/a><\/span><\/div>\n<nav><ul class='ez-toc-list ez-toc-list-level-1 eztoc-toggle-hide-by-default' ><li class='ez-toc-page-1 ez-toc-heading-level-2'><a class=\"ez-toc-link ez-toc-heading-1\" href=\"https:\/\/moverdb.com\/fi\/moving-costs\/#1_Moving_Transportation_Costs\" >1. Muutto- ja kuljetuskustannukset<\/a><\/li><li class='ez-toc-page-1 ez-toc-heading-level-2'><a class=\"ez-toc-link ez-toc-heading-2\" href=\"https:\/\/moverdb.com\/fi\/moving-costs\/#2_Packing_Unpacking_Costs\" >2. Pakkaus- ja purkukustannukset<\/a><\/li><li class='ez-toc-page-1 ez-toc-heading-level-2'><a class=\"ez-toc-link ez-toc-heading-3\" href=\"https:\/\/moverdb.com\/fi\/moving-costs\/#3_Moving_Insurance_Costs\" >3. Muuttovakuutuskustannukset<\/a><\/li><li class='ez-toc-page-1 ez-toc-heading-level-2'><a class=\"ez-toc-link ez-toc-heading-4\" href=\"https:\/\/moverdb.com\/fi\/moving-costs\/#4_Storage_Costs\" >4. Varastointikustannukset<\/a><\/li><li class='ez-toc-page-1 ez-toc-heading-level-2'><a class=\"ez-toc-link ez-toc-heading-5\" href=\"https:\/\/moverdb.com\/fi\/moving-costs\/#5Customs_Duty_Charges_Taxes\" >5.Tullimaksut ja verot<\/a><\/li><li class='ez-toc-page-1 ez-toc-heading-level-2'><a class=\"ez-toc-link ez-toc-heading-6\" href=\"https:\/\/moverdb.com\/fi\/moving-costs\/#6_Visa_Fees\" >6. Viisumimaksut<\/a><\/li><li class='ez-toc-page-1 ez-toc-heading-level-2'><a class=\"ez-toc-link ez-toc-heading-7\" href=\"https:\/\/moverdb.com\/fi\/moving-costs\/#7_Lawyer_Fees\" >7. Asianajajan palkkiot<\/a><\/li><li class='ez-toc-page-1 ez-toc-heading-level-2'><a class=\"ez-toc-link ez-toc-heading-8\" href=\"https:\/\/moverdb.com\/fi\/moving-costs\/#8_Housing_Costs\" >8. Asumiskustannukset<\/a><\/li><li class='ez-toc-page-1 ez-toc-heading-level-2'><a class=\"ez-toc-link ez-toc-heading-9\" href=\"https:\/\/moverdb.com\/fi\/moving-costs\/#9_Other_Costs\" >9. Muut kustannukset<\/a><\/li><\/ul><\/nav><\/div>\n<h2><span class=\"ez-toc-section\" id=\"1_Moving_Transportation_Costs\"><\/span>1. Muutto- ja kuljetuskustannukset<span class=\"ez-toc-section-end\"><\/span><\/h2>\n<p>Suurin yksitt\u00e4inen kustannuser\u00e4, jonka joudut kohtaamaan, on palkata <a href=\"https:\/\/moverdb.com\/fi\/muuttoyritykset\/\">kansainv\u00e4linen muuttofirma<\/a> siirt\u00e4m\u00e4\u00e4n tavarasi kotoa maasta A uuteen kotiin maahan B. Voit vertailla yrityksi\u00e4 yll\u00e4 olevalla lomakkeella.<\/p>\n<p>Kustannukset perustuvat muutamaan p\u00e4\u00e4tekij\u00e4\u00e4n:<\/p>\n<ul>\n<li> <strong>Muuton koko:<\/strong> Mit\u00e4 suurempi muutto on, sit\u00e4 kalliimpaa se on. T\u00e4m\u00e4 koskee sek\u00e4 painoa ett\u00e4 tilavuutta. Ryhm\u00e4kuljetuspalvelut voivat alentaa t\u00e4t\u00e4 maksua, jos tavaroita ei ole tarpeeksi t\u00e4yteen kuormaan.<\/li>\n<li> <strong>Et\u00e4isyys:<\/strong> Mit\u00e4 kauemmas joudut muuttamaan, sit\u00e4 kalliimmaksi se tulee.<\/li>\n<li> <strong>Reitti:<\/strong> Jotkin kohteet ovat melko yleisi\u00e4 ja toiset melko harvinaisia. Esimerkiksi kansainv\u00e4liset siirrot v\u00e4lill\u00e4 <a href=\"https:\/\/moverdb.com\/fi\/moving-to-canada\/\" data-internallinksmanager029f6b8e52c=\"265\" title=\"Muutto Kanadaan? 2023 Elinkustannukset ja muuttovinkit\">Kanada<\/a> ja <a href=\"https:\/\/moverdb.com\/fi\/moving-to-the-united-states\/\" data-internallinksmanager029f6b8e52c=\"94\" title=\"Muutatko Yhdysvaltoihin? 2022 Elinkustannukset ja muuttovinkit\">Yhdysvallat<\/a> tai Euroopan sis\u00e4ll\u00e4 ovat yleisi\u00e4, ja n\u00e4m\u00e4 reitit ovat kilpailun vuoksi yleens\u00e4 halvempia kuin harvinaisemmat reitit.<\/li>\n<li> <strong>Kuljetusmenetelm\u00e4:<\/strong> Se, mink\u00e4 menetelm\u00e4n valitset tavarasi siirt\u00e4miseen, vaikuttaa suuresti maksamaasi lopulliseen hintaan. Merikuljetus on halvin vaihtoehto, kun taas lentokuljetus on kallein. Kuorma-autot hoitavat l\u00e4hes aina mink\u00e4 tahansa muuton ensimm\u00e4isen ja viimeisen osuuden riippumatta siit\u00e4, mit\u00e4 menetelm\u00e4\u00e4 tai menetelmi\u00e4 k\u00e4ytet\u00e4\u00e4n niiden v\u00e4liss\u00e4.<\/li>\n<\/ul>\n<p>Koska merikuljetus on halvin vaihtoehto, jotkut yritt\u00e4v\u00e4t menn\u00e4 suoraan merikuljetusliikkeeseen. <a href=\"https:\/\/moverdb.com\/fi\/laivayhtiot\/\">kansainv\u00e4linen varustamo<\/a>. Vaikka t\u00e4m\u00e4 voi joskus olla halvempaa, useimmat n\u00e4ist\u00e4 yrityksist\u00e4 eiv\u00e4t ole oikeastaan perustettu kotiin siirtyy, mutta sen sijaan k\u00e4sitell\u00e4 ensisijaisesti kanssa. <a href=\"https:\/\/moverdb.com\/fi\/huolitsija\/\">rahtikuljetukset<\/a>.    <\/p>\n<p>Jotta ymm\u00e4rt\u00e4isit paremmin muutto- ja kuljetuskustannuksia, voit my\u00f6s lukea oppaamme seuraavista aiheista <a href=\"https:\/\/moverdb.com\/fi\/konttikuljetukset\/\">Kansainv\u00e4liset konttikuljetuskustannukset<\/a> tai hyp\u00e4t\u00e4 suoraan hankkimaan <a href=\"https:\/\/moverdb.com\/fi\/lainauksia\/\">kansainv\u00e4liset muutto tarjoukset<\/a>.<\/p>\n<p><strong>Tyypilliset kustannukset:<\/strong> Alkaen <strong>$1,000<\/strong> USD (\u00a3750; \u20ac900) ja voi helposti ylitt\u00e4\u00e4 $10,000 pitk\u00e4n matkan muutoissa ulkomaille.<\/p>\n<h2><span class=\"ez-toc-section\" id=\"2_Packing_Unpacking_Costs\"><\/span>2. Pakkaus- ja purkukustannukset<span class=\"ez-toc-section-end\"><\/span><\/h2>\n<p>Vaikka kaikki <a href=\"https:\/\/moverdb.com\/fi\/moving-companies\/\" data-internallinksmanager029f6b8e52c=\"79\" title=\"Top 25 Kansainv\u00e4list\u00e4 muuttoyrityksi\u00e4 verkossa\">muuttofirmat<\/a> monet veloittavat pakkaamisesta ja purkamisesta ylim\u00e4\u00e4r\u00e4ist\u00e4, mutta monet tekev\u00e4t niin. Riippuen siit\u00e4, mihin maahan olet muuttamassa, sinulla ei ehk\u00e4 ole valinnanvaraa n\u00e4iden kustannusten suhteen. Syyn\u00e4 on se, ett\u00e4 joidenkin maiden tulliasiakirjat edellytt\u00e4v\u00e4t, ett\u00e4 muuttoyritys takaa maahantuotavat tavarat ja varmistaa, ettei mit\u00e4\u00e4n laitonta l\u00e4hetet\u00e4.<\/p>\n<p>Laittomiin esineisiin kuuluvat ilmeiset asiat, kuten huumeet ja aseet, mutta niihin voi kuulua my\u00f6s asioita, joista et ehk\u00e4 ole tietoinen, kuten tietyt kasvit tai el\u00e4imet. Lain rikkomisesta kiinni j\u00e4\u00e4neet muuttofirmat voivat joutua maksamaan sakkoja tai menett\u00e4m\u00e4\u00e4n toimilupansa ja siten kykyns\u00e4 harjoittaa liiketoimintaa kyseisess\u00e4 maassa.<\/p>\n<p>Jos haluat v\u00e4ltt\u00e4\u00e4 tai v\u00e4hent\u00e4\u00e4 n\u00e4it\u00e4 kustannuksia, ota yhteytt\u00e4 muuttajaan ja kysy, voitko tehd\u00e4 jotain. Joskus voit s\u00e4\u00e4st\u00e4\u00e4 rahaa pakkaamalla tavaroita itse, mutta j\u00e4tt\u00e4m\u00e4ll\u00e4 laatikot auki muuttomiesten tarkastettavaksi. Toisaalta voit aina s\u00e4\u00e4st\u00e4\u00e4 rahaa, jos p\u00e4\u00e4t\u00e4t purkaa tavarat itse uudessa kodissasi. <\/p>\n<p>Muista my\u00f6s, ett\u00e4 pakkaustarvikkeista, kuten laatikoista, kuplamuovista ja teipist\u00e4, ei todellakaan voi v\u00e4ltty\u00e4 maksamasta. <\/p>\n<p><strong>Tyypilliset kustannukset:<\/strong> Alkaen <strong>$100<\/strong> USD (\u00a375, \u20ac90), mutta yleens\u00e4 muutama sata dollaria.    <\/p>\n<h2><span class=\"ez-toc-section\" id=\"3_Moving_Insurance_Costs\"><\/span>3. Muuttovakuutuskustannukset<span class=\"ez-toc-section-end\"><\/span><\/h2>\n<p>Jotkut muuttofirmat sis\u00e4llytt\u00e4v\u00e4t vakuutuksen tarjoushintaansa, mutta kaikki eiv\u00e4t. Tarkista tarkkaan, mit\u00e4 vakuutus kattaa ja mit\u00e4 ei. <\/p>\n<p>Jos tavarasi l\u00e4hetet\u00e4\u00e4n meriteitse, haluat varmistaa, ett\u00e4 sinulla on jonkinlainen merivakuutus. Haluat kuitenkin vakuutuksen, joka kattaa tavaroiden katoamisen, varkauden ja\/tai vahingoittumisen koko arvon.   <\/p>\n<p><strong>Tyypilliset kustannukset:<\/strong> Alkaen <strong>$100<\/strong> USD (\u00a375, \u20ac90), mutta se voi olla paljon korkeampi, jos kuljetetaan arvokkaita, ep\u00e4tavallisia ja\/tai harvinaisia tavaroita.<\/p>\n<h2><span class=\"ez-toc-section\" id=\"4_Storage_Costs\"><\/span>4. Varastointikustannukset<span class=\"ez-toc-section-end\"><\/span><\/h2>\n<p>Kun muutat ulkomaille, saatat joutua maksamaan varastointikuluja tavanomaisten muuttokustannusten lis\u00e4ksi. T\u00e4m\u00e4 johtuu siit\u00e4, ett\u00e4 voi olla vaikeaa sovittaa muuttop\u00e4iv\u00e4\u00e4si yhteen kuljetusp\u00e4ivien kanssa, joita kuljetusliikkeet k\u00e4ytt\u00e4v\u00e4t. <a href=\"https:\/\/moverdb.com\/fi\/container-shipping\/\" data-internallinksmanager029f6b8e52c=\"3\" title=\"Kansainv\u00e4lisen konttikuljetuksen hinnat: huhtikuu 2026\">kansainv\u00e4linen merenkulku<\/a> yritykset. <\/p>\n<p>N\u00e4in ollen tavarat on varastoitava jonnekin, kun ne eiv\u00e4t ole kuljetuksen aikana. Pid\u00e4 t\u00e4m\u00e4 mieless\u00e4si, kun asetat odotuksia siit\u00e4, milloin tavarasi saapuvat.<\/p>\n<p>Saatat my\u00f6s haluta s\u00e4ilytt\u00e4\u00e4 tavaroitasi varastossa sill\u00e4 aikaa, kun etsit asuinpaikkaa uudesta maastasi. Voit my\u00f6s haluta maksaa tavaroiden s\u00e4ilytyksest\u00e4 siihen asti, kunnes palaat takaisin, jos oletat, ett\u00e4 muutto on vain v\u00e4liaikainen.  <\/p>\n<p><strong>Tyypilliset kustannukset:<\/strong> Alkaen <strong>$100<\/strong> USD (\u00a375, \u20ac90) kuukaudessa pienest\u00e4 yhden tai kahden hengen huoneistosta, ja hinnat voivat nousta siit\u00e4 yl\u00f6sp\u00e4in. Onneksi t\u00e4ll\u00e4 alalla on melko paljon kilpailua, mik\u00e4 auttaa pit\u00e4m\u00e4\u00e4n hinnat alhaalla. <\/p>\n<h2><span class=\"ez-toc-section\" id=\"5Customs_Duty_Charges_Taxes\"><\/span>5.Tullimaksut ja verot<span class=\"ez-toc-section-end\"><\/span><\/h2>\n<p>Toinen pieni kustannuser\u00e4, joka kannattaa ottaa huomioon ennen muuttoa, ovat muuttavan maan tullimaksut. Joissakin maissa, kuten Yhdysvalloissa, suurin osa kotitaloustavaroista voidaan siirt\u00e4\u00e4 tullitta. <\/p>\n<p>kun taas sellaiset maat kuin <a href=\"https:\/\/moverdb.com\/fi\/moving-to-the-uk\/\" data-internallinksmanager029f6b8e52c=\"93\" title=\"Muutatko Yhdistyneeseen kuningaskuntaan? 2022 Elinkustannukset ja muuttovinkit\">Yhdistynyt kuningaskunta<\/a> on monimutkaisempia s\u00e4\u00e4nt\u00f6j\u00e4, jotka riippuvat siit\u00e4, mist\u00e4 olet muuttamassa. Esimerkiksi EU:n alueelta (t\u00e4t\u00e4 kirjoitettaessa) tapahtuvat muutot on vapautettu tullimaksuista, kun taas EU:n ulkopuolelta tapahtuvat muutot voivat aiheuttaa tullimaksuja ja veroja, joista voit hakea huojennusta. <\/p>\n<p>Useimmiten tullimaksut ja tullit perit\u00e4\u00e4n itse tavaroiden arvon perusteella. <\/p>\n<p><strong>Tyypilliset kustannukset:<\/strong> Ilmaisesta l\u00e4hes rajattomaan riippuen tavaroiden arvosta ja tyypist\u00e4, jotka aiot tuoda mukanasi. <\/p>\n<h2><span class=\"ez-toc-section\" id=\"6_Visa_Fees\"><\/span>6. Viisumimaksut<span class=\"ez-toc-section-end\"><\/span><\/h2>\n<p>Kun muutat toiseen maahan ty\u00f6skentelem\u00e4\u00e4n tai opiskelemaan, sinun on yleens\u00e4 haettava viisumia, paitsi jos muutat EU:n sis\u00e4ll\u00e4, jolloin voit liikkua maiden v\u00e4lill\u00e4 ilman viisumia. Ty\u00f6- ja opiskeluviisumiin liittyy l\u00e4hes aina paljon paperity\u00f6t\u00e4 ja joskus melko huomattavien maksujen maksaminen. <\/p>\n<p>Esimerkiksi Yhdistyneess\u00e4 kuningaskunnassa jotkut viisumit maksavat yli 1 000 puntaa ($1 300 USD; 1 200 euroa). Muista, ett\u00e4 t\u00e4m\u00e4 maksu on maksettava joka kerta, kun uusit viisumisi. T\u00e4m\u00e4 voi lis\u00e4t\u00e4 kokonaiskustannuksiasi merkitt\u00e4v\u00e4sti, ja siihen on syyt\u00e4 varautua.<\/p>\n<p><strong>Tyypilliset kustannukset:<\/strong> Viisumi on ilmainen EU:n alueella, ja se vaihtelee maittain, mutta voi olla useita tuhansia dollareita viisumia kohti.<\/p>\n<h2><span class=\"ez-toc-section\" id=\"7_Lawyer_Fees\"><\/span>7. Asianajajan palkkiot<span class=\"ez-toc-section-end\"><\/span><\/h2>\n<p>Yleisesti ottaen viisumit ja muut tulliasiakirjat voi t\u00e4ytt\u00e4\u00e4 itse pienell\u00e4 Internet-tutkimuksella k\u00e4ytt\u00e4en kotimaasi ja sen maan, johon aiot muuttaa, viranomaisten verkkosivuja. <\/p>\n<p>Monet ihmiset tuntevat kuitenkin olonsa mukavammaksi k\u00e4ytt\u00e4\u00e4 asianajajaa selvitt\u00e4m\u00e4\u00e4n kansainv\u00e4listen muuttojen joskus eritt\u00e4in monimutkaista maailmaa. <\/p>\n<p>Siksi monet ihmiset palkkaavat asianajajan t\u00e4ytt\u00e4m\u00e4\u00e4n kaikki tarvittavat paperity\u00f6t sen sijaan, ett\u00e4 tekisiv\u00e4t asiat itse. Vaikka t\u00e4m\u00e4 voi antaa mielenrauhaa, siit\u00e4 voi aiheutua huomattavia kustannuksia. <\/p>\n<p><strong>Tyypilliset kustannukset:<\/strong> Hinnat vaihtelevat suuresti maittain, yleens\u00e4 hinnat alkavat v\u00e4hint\u00e4\u00e4n <strong>$100USD\/tunti<\/strong> (75 puntaa, 90 euroa), ja yleisist\u00e4 palveluista perit\u00e4\u00e4n kiinte\u00e4m\u00e4\u00e4r\u00e4isi\u00e4 maksuja, jotka voivat helposti nousta jopa yli <strong>$1,000 USD<\/strong> jopa peruspalveluihin.  <\/p>\n<h2><span class=\"ez-toc-section\" id=\"8_Housing_Costs\"><\/span>8. Asumiskustannukset<span class=\"ez-toc-section-end\"><\/span><\/h2>\n<p>Suurin yksitt\u00e4inen menoer\u00e4si uudessa kotimaassasi on todenn\u00e4k\u00f6isesti asuminen. Kannattaa kuitenkin muistaa, ett\u00e4 asumiseen liittyv\u00e4t toimintatavat sek\u00e4 verot ja maksut voivat vaihdella suuresti eri maissa. <\/p>\n<p>Esimerkiksi Yhdysvalloissa kiinteist\u00f6jen hinnat suurten rannikkokaupunkien ulkopuolella ovat eritt\u00e4in alhaiset. Sinun on kuitenkin maksettava kiinteist\u00f6veroja joka vuosi kiinteist\u00f6si arvon perusteella, mutta vain jos omistat sen. N\u00e4m\u00e4 vaihtelevat 0,28%:st\u00e4 vuonna <a href=\"https:\/\/moverdb.com\/fi\/moving-to-the-united-states\/moving-to-hawaii\/\" data-internallinksmanager029f6b8e52c=\"403\" title=\"Muutatko Havaijille? 2023 Elinkustannukset ja muuttovinkit\">Havaiji<\/a> jopa 2,29% vuonna <a href=\"https:\/\/moverdb.com\/fi\/moving-to-the-united-states\/moving-to-new-jersey\/\" data-internallinksmanager029f6b8e52c=\"417\" title=\"Muutatko New Jerseyyn? 2023 Elinkustannukset ja muuttovinkit\">New Jersey<\/a>.<\/p>\n<p>Toisaalta Yhdistyneen kuningaskunnan kaltaisissa maissa ei ole suoria kiinteist\u00f6veroja. Sen sijaan maksat <a href=\"https:\/\/www.gov.uk\/stamp-duty-land-tax\/residential-property-rates\" target=\"_blank\" rel=\"noopener\">leimavero<\/a> kun ostetaan porsas, joka voi olla jopa 12% ostohinnasta (ostaja maksaa koko maksun, myyj\u00e4 ei). Lis\u00e4ksi sek\u00e4 asunnon omistajien ett\u00e4 vuokralaisten on maksettava seuraavat maksut. <a href=\"https:\/\/www.gov.uk\/council-tax\/working-out-your-council-tax\" target=\"_blank\" rel=\"noopener\">kunnallisvero<\/a> joka vuosi kiinteist\u00f6n arvon perusteella vuonna 1991. Keskim\u00e4\u00e4rin se on noin 1 200 puntaa ($ 1 600 USD; 1 400 euroa) vuodessa.<\/p>\n<p>Siksi asuntoja tarkastellessasi \u00e4l\u00e4 katso vain kiinteist\u00f6n osto- ja\/tai vuokrahintaa. Varmista, ett\u00e4 ymm\u00e4rr\u00e4t kaikki maksut, maksut ja verot, jotka sinun on maksettava k\u00e4ytt\u00e4m\u00e4si asunnon tyypin, sijainnin ja vuokrasuhteen mukaan. <\/p>\n<p><strong>Tyypilliset kustannukset:<\/strong> Riippuu t\u00e4ysin maasta, mutta verot ovat yleens\u00e4 v\u00e4hint\u00e4\u00e4n $1 000 USD vuodessa, ja ne voivat olla huomattavasti korkeammat maissa, joissa kiinteist\u00f6veroj\u00e4rjestelm\u00e4 perustuu prosenttiosuuksiin.    <\/p>\n<h2><span class=\"ez-toc-section\" id=\"9_Other_Costs\"><\/span>9. Muut kustannukset<span class=\"ez-toc-section-end\"><\/span><\/h2>\n<p>Kun muutat ulkomaille, sinun on otettava huomioon my\u00f6s monia muita pieni\u00e4 ja v\u00e4hemm\u00e4n pieni\u00e4 maksuja ja kustannuksia. N\u00e4it\u00e4 voivat olla esimerkiksi uusien huonekalujen ostaminen, jos muutat maasta, jossa kalustetut asunnot ovat yleisi\u00e4, maihin kuten Yhdysvaltoihin tai Kanadaan, joissa kalustetut asunnot ovat harvinaisia.<\/p>\n<p>Vaikka omistaisit omat huonekalusi, saatat joutua ostamaan uusia kodinkoneita, sill\u00e4 eri maissa k\u00e4ytet\u00e4\u00e4n eri j\u00e4nnitteit\u00e4 ja\/tai pistokkeita. V\u00e4\u00e4r\u00e4nlaisen laitteen k\u00e4ytt\u00f6 voi vahingoittaa s\u00e4hk\u00f6j\u00e4rjestelm\u00e4\u00e4si, joten tarkista asia aina ennen muuttoa. <\/p>\n<p>Saatat my\u00f6s tarvita uusia vaatteita, jos muutat kylm\u00e4n s\u00e4\u00e4n alueelta l\u00e4mpim\u00e4n s\u00e4\u00e4n alueelle tai p\u00e4invastoin. Jos haluat lis\u00e4tietoja t\u00e4llaisista kustannuksista, on parasta, ett\u00e4 opit lis\u00e4\u00e4 siit\u00e4 maasta, johon olet muuttamassa.<\/p>\n<p>T\u00e4st\u00e4 syyst\u00e4 olemme laatineet joitakin maakohtaisia oppaita, joiden avulla voit tutustua tarkemmin muuttomaasi kustannuksiin.   <\/p>","protected":false},"excerpt":{"rendered":"<p>Many people who move abroad are surprised a just how high international moving costs can be. Below we look at many of the expected and unexpected expenses you may face and how to save money. 1. Moving &#038; Transportation Costs The biggest single expense you&#8217;ll face is hiring an international moving company to move your [&hellip;]<\/p>\n","protected":false},"author":1,"featured_media":780,"parent":0,"menu_order":0,"comment_status":"closed","ping_status":"closed","template":"","meta":{"_genesis_hide_title":false,"_genesis_hide_breadcrumbs":false,"_genesis_hide_singular_image":false,"_genesis_hide_footer_widgets":false,"_genesis_custom_body_class":"","_genesis_custom_post_class":"","_genesis_layout":"","footnotes":""},"class_list":{"0":"post-414","1":"page","2":"type-page","3":"status-publish","4":"has-post-thumbnail","6":"entry"},"_links":{"self":[{"href":"https:\/\/moverdb.com\/fi\/wp-json\/wp\/v2\/pages\/414","targetHints":{"allow":["GET"]}}],"collection":[{"href":"https:\/\/moverdb.com\/fi\/wp-json\/wp\/v2\/pages"}],"about":[{"href":"https:\/\/moverdb.com\/fi\/wp-json\/wp\/v2\/types\/page"}],"author":[{"embeddable":true,"href":"https:\/\/moverdb.com\/fi\/wp-json\/wp\/v2\/users\/1"}],"replies":[{"embeddable":true,"href":"https:\/\/moverdb.com\/fi\/wp-json\/wp\/v2\/comments?post=414"}],"version-history":[{"count":15,"href":"https:\/\/moverdb.com\/fi\/wp-json\/wp\/v2\/pages\/414\/revisions"}],"predecessor-version":[{"id":13165,"href":"https:\/\/moverdb.com\/fi\/wp-json\/wp\/v2\/pages\/414\/revisions\/13165"}],"wp:featuredmedia":[{"embeddable":true,"href":"https:\/\/moverdb.com\/fi\/wp-json\/wp\/v2\/media\/780"}],"wp:attachment":[{"href":"https:\/\/moverdb.com\/fi\/wp-json\/wp\/v2\/media?parent=414"}],"curies":[{"name":"wp","href":"https:\/\/api.w.org\/{rel}","templated":true}]}}