{"id":3991,"date":"2022-05-18T23:49:05","date_gmt":"2022-05-18T23:49:05","guid":{"rendered":"https:\/\/moverdb.com\/?page_id=3991"},"modified":"2026-05-15T14:59:32","modified_gmt":"2026-05-15T14:59:32","slug":"bangladesh","status":"publish","type":"page","link":"https:\/\/moverdb.com\/fi\/container-shipping\/bangladesh\/","title":{"rendered":"2023 merirahti konttien laivaushinnat Bangladeshiin ja Bangladeshista"},"content":{"rendered":"<div class=\"wp-block-image\"><figure class=\"aligncenter size-full\"><img loading=\"lazy\" decoding=\"async\" width=\"1000\" height=\"667\" src=\"https:\/\/moverdb.com\/wp-content\/uploads\/dhaka-bangladesh.jpg\" alt=\"Ilmakuva Bangladeshin p\u00e4\u00e4kaupungista Dhakasta.\" class=\"wp-image-3960\" srcset=\"https:\/\/moverdb.com\/wp-content\/uploads\/dhaka-bangladesh.jpg 1000w, https:\/\/moverdb.com\/wp-content\/uploads\/dhaka-bangladesh-300x200.jpg 300w, https:\/\/moverdb.com\/wp-content\/uploads\/dhaka-bangladesh-18x12.jpg 18w, https:\/\/moverdb.com\/wp-content\/uploads\/dhaka-bangladesh-600x400.jpg 600w\" sizes=\"auto, (max-width: 1000px) 100vw, 1000px\" \/><\/figure><\/div>\n\n\n\n<p>Sen lis\u00e4ksi, ett\u00e4 se on kolmannen maailman maa, <strong><a href=\"https:\/\/moverdb.com\/fi\/moving-to-bangladesh\/\" data-internallinksmanager029f6b8e52c=\"419\" title=\"Muutatko Bangladeshiin? 2023 Elinkustannukset ja muuttovinkit\">Bangladesh<\/a><\/strong> on yksi l\u00e4nsimaisten investointien t\u00e4rkeimmist\u00e4 keskuksista 2000-luvulla.<\/p>\n\n\n\n<p>Tekstiili-, matkailu-, laivanrakennus-, teknologia- ja viestint\u00e4teollisuuden kaltaiset huipputeollisuuden alat vet\u00e4v\u00e4t puoleensa suuren m\u00e4\u00e4r\u00e4n ulkomaalaisia, jotka haluavat kehitt\u00e4\u00e4 ja laajentaa offshore-liiketoimintaansa.<\/p>\n\n\n\n<p>Ty\u00f6h\u00f6n liittyvien kannustimien lis\u00e4ksi Bangladeshissa on subtrooppinen ilmasto, joka on hyvin lohdullinen koko vuoden ajan, ja sen luonnon ja historian n\u00e4ht\u00e4vyydet ovat runsaat ja henke\u00e4salpaavat.<\/p>\n\n\n\n<p>Jos siis harkitset muuttoa Dhakaan, Chittagongiin, Khulnaan tai mihin tahansa muuhun paikkaan Bangladeshissa tai sielt\u00e4 pois, voimme auttaa sinua l\u00f6yt\u00e4m\u00e4\u00e4n keskihinnan kyseiselle paikalle.<\/p>\n\n\n\n<p>Alla olevissa taulukoissa on lueteltu hintoja joistakin maailman kolkista, joista saatat olla kotoisin tai joihin haluat muuttaa Bangladeshista. Huomaa, ett\u00e4 n\u00e4m\u00e4 ovat alhaisimmat Bangladesh <a href=\"https:\/\/moverdb.com\/fi\/container-shipping\/\" data-internallinksmanager029f6b8e52c=\"3\" title=\"Kansainv\u00e4lisen konttikuljetuksen hinnat: 2026\">konttien kuljetusmaksut<\/a> joita l\u00f6ysimme sek\u00e4 20' ett\u00e4 40' kuljetuskonttien osalta - saadaksesi tarkimman hinnan juuri sinun tarpeisiisi, k\u00e4yt\u00e4 t\u00e4m\u00e4n sivun yl\u00e4osassa olevaa tarjouspyynt\u00f6ty\u00f6kalua.<\/p>\n\n\n\n<h2 class=\"wp-block-heading\">Konttikulut Bangladeshiin (Chittagong)<\/h2>\n\n\n\n<div class=\"wp-block-image\"><figure class=\"aligncenter size-large\"><img loading=\"lazy\" decoding=\"async\" width=\"1024\" height=\"539\" src=\"https:\/\/moverdb.com\/wp-content\/uploads\/Shipping-Container-Costs-to-Bangladesh-1024x539.png\" alt=\"Konttikulut Bangladeshiin (Chittagong)\" class=\"wp-image-3972\" srcset=\"https:\/\/moverdb.com\/wp-content\/uploads\/Shipping-Container-Costs-to-Bangladesh-1024x539.png 1024w, https:\/\/moverdb.com\/wp-content\/uploads\/Shipping-Container-Costs-to-Bangladesh-300x158.png 300w, https:\/\/moverdb.com\/wp-content\/uploads\/Shipping-Container-Costs-to-Bangladesh-1536x809.png 1536w, https:\/\/moverdb.com\/wp-content\/uploads\/Shipping-Container-Costs-to-Bangladesh-2048x1079.png 2048w, https:\/\/moverdb.com\/wp-content\/uploads\/Shipping-Container-Costs-to-Bangladesh-18x9.png 18w, https:\/\/moverdb.com\/wp-content\/uploads\/Shipping-Container-Costs-to-Bangladesh-600x316.png 600w\" sizes=\"auto, (max-width: 1024px) 100vw, 1024px\" \/><\/figure><\/div>\n\n\n\n<table id=\"tablepress-48\" class=\"tablepress tablepress-id-48\">\n<thead>\n<tr class=\"row-1\">\n\t<th class=\"column-1\">M\u00e4\u00e4r\u00e4maa (<a href=\"https:\/\/moverdb.com\/fi\/top-49-container-ports\/\" data-internallinksmanager029f6b8e52c=\"80\" title=\"Top 49 suurinta ja vilkkainta konttisatamaa vuonna 2025\">Satama<\/a>\/City)<\/th><th class=\"column-2\">20FT<\/th><th class=\"column-3\">40FT<\/th>\n<\/tr>\n<\/thead>\n<tbody class=\"row-striping row-hover\">\n<tr class=\"row-2\">\n\t<td class=\"column-1\"><a href=\"https:\/\/moverdb.com\/fi\/container-shipping\/andorra\/\" data-internallinksmanager029f6b8e52c=\"88\" title=\"2023 merirahti konttien laivaushinnat Andorraan ja Andorrasta\">Andorra (Andorra la Vella)<\/a><\/td><td class=\"column-2\">$1,864<\/td><td class=\"column-3\">$2,318<\/td>\n<\/tr>\n<tr class=\"row-3\">\n\t<td class=\"column-1\"><a href=\"https:\/\/moverdb.com\/fi\/container-shipping\/antigua-and-barbuda\/\" data-internallinksmanager029f6b8e52c=\"92\" title=\"2023 merirahti konttien laivaushinnat Antigua ja Barbudaan ja sielt\u00e4 pois\">Antigua ja Barbuda (St John's)<\/a><\/td><td class=\"column-2\">$814<\/td><td class=\"column-3\">$1,298<\/td>\n<\/tr>\n<tr class=\"row-4\">\n\t<td class=\"column-1\"><a href=\"https:\/\/moverdb.com\/fi\/container-shipping\/argentina\/\" data-internallinksmanager029f6b8e52c=\"91\" title=\"2023 merirahti konttien laivaushinnat Argentiinaan ja Argentiinasta\">Argentiina (Buenos Aires)<\/a><\/td><td class=\"column-2\">$3,750<\/td><td class=\"column-3\">$5,690<\/td>\n<\/tr>\n<tr class=\"row-5\">\n\t<td class=\"column-1\"><a href=\"https:\/\/moverdb.com\/fi\/container-shipping\/australia\/\" data-internallinksmanager029f6b8e52c=\"89\" title=\"2026 Konttien laivaushinnat Australiaan ja Australiasta\">Australia (Sydney)<\/a><\/td><td class=\"column-2\">$8,053<\/td><td class=\"column-3\">N\/A<\/td>\n<\/tr>\n<tr class=\"row-6\">\n\t<td class=\"column-1\"><a href=\"https:\/\/moverdb.com\/fi\/container-shipping\/china\/\" data-internallinksmanager029f6b8e52c=\"105\" title=\"2023 merirahti konttien laivaushinnat Kiinaan ja Kiinasta\">Kiina (Peking)<\/a><\/td><td class=\"column-2\">$4,895<\/td><td class=\"column-3\">$9,345<\/td>\n<\/tr>\n<tr class=\"row-7\">\n\t<td class=\"column-1\">Kiina (Shanghai)<\/td><td class=\"column-2\">$4,015<\/td><td class=\"column-3\">$7,665<\/td>\n<\/tr>\n<tr class=\"row-8\">\n\t<td class=\"column-1\"><a href=\"https:\/\/moverdb.com\/fi\/container-shipping\/india\/\" data-internallinksmanager029f6b8e52c=\"125\" title=\"2023 merirahti konttien laivaushinnat Intiaan ja Intiasta\">Intia (Mumbai)<\/a><\/td><td class=\"column-2\">$1,753<\/td><td class=\"column-3\">$3,213<\/td>\n<\/tr>\n<tr class=\"row-9\">\n\t<td class=\"column-1\"><a href=\"https:\/\/moverdb.com\/fi\/container-shipping\/indonesia\/\" data-internallinksmanager029f6b8e52c=\"126\" title=\"2023 merirahti konttien laivaushinnat Indonesiaan ja Indonesiasta\">Indonesia (Jakarta)<\/a><\/td><td class=\"column-2\">$2,679<\/td><td class=\"column-3\">$4,574<\/td>\n<\/tr>\n<tr class=\"row-10\">\n\t<td class=\"column-1\">Laos (Vientiane)<\/td><td class=\"column-2\">$4,015<\/td><td class=\"column-3\">$7,665<\/td>\n<\/tr>\n<tr class=\"row-11\">\n\t<td class=\"column-1\"><a href=\"https:\/\/moverdb.com\/fi\/container-shipping\/malaysia\/\" data-internallinksmanager029f6b8e52c=\"148\" title=\"2023 merirahti konttien laivaushinnat Malesiaan ja Malesiasta\">Malesia (Port Kelang)<\/a><\/td><td class=\"column-2\">$2,365<\/td><td class=\"column-3\">$4,250<\/td>\n<\/tr>\n<tr class=\"row-12\">\n\t<td class=\"column-1\"><a href=\"https:\/\/moverdb.com\/fi\/container-shipping\/pakistan\/\" data-internallinksmanager029f6b8e52c=\"155\" title=\"2023 merirahti konttien laivaushinnat Pakistaniin ja Pakistanista\">Pakistan (Karachi)<\/a><\/td><td class=\"column-2\">$2,750<\/td><td class=\"column-3\">$4,095<\/td>\n<\/tr>\n<tr class=\"row-13\">\n\t<td class=\"column-1\"><a href=\"https:\/\/moverdb.com\/fi\/container-shipping\/philippines\/\" data-internallinksmanager029f6b8e52c=\"156\" title=\"2023 merirahti konttien laivaushinnat Filippiineille ja Filippiineilt\u00e4\">Filippiinit (Manila)<\/a><\/td><td class=\"column-2\">$2,750<\/td><td class=\"column-3\">N\/A<\/td>\n<\/tr>\n<tr class=\"row-14\">\n\t<td class=\"column-1\"><a href=\"https:\/\/moverdb.com\/fi\/container-shipping\/singapore\/\" data-internallinksmanager029f6b8e52c=\"179\" title=\"2023 merirahti konttien laivaushinnat Singaporeen ja Singaporesta\">Singapore (Singapore)<\/a><\/td><td class=\"column-2\">$2,915<\/td><td class=\"column-3\">$5,565<\/td>\n<\/tr>\n<tr class=\"row-15\">\n\t<td class=\"column-1\"><a href=\"https:\/\/moverdb.com\/fi\/container-shipping\/south-africa\/\" data-internallinksmanager029f6b8e52c=\"185\" title=\"2023 merirahti konttien laivaushinnat Etel\u00e4-Afrikkaan ja Etel\u00e4-Afrikasta\">Etel\u00e4-Afrikka (Durban)<\/a><\/td><td class=\"column-2\">$5,100<\/td><td class=\"column-3\">N\/A<\/td>\n<\/tr>\n<tr class=\"row-16\">\n\t<td class=\"column-1\"><a href=\"https:\/\/moverdb.com\/fi\/container-shipping\/south-korea\/\" data-internallinksmanager029f6b8e52c=\"180\" title=\"2023 merirahti konttien laivaushinnat Etel\u00e4-Koreaan ja Etel\u00e4-Koreasta\">Etel\u00e4-Korea (Busan)<\/a><\/td><td class=\"column-2\">$4,315<\/td><td class=\"column-3\">$6,870<\/td>\n<\/tr>\n<tr class=\"row-17\">\n\t<td class=\"column-1\"><a href=\"https:\/\/moverdb.com\/fi\/container-shipping\/spain\/\" data-internallinksmanager029f6b8e52c=\"182\" title=\"2023 merirahti konttien laivaushinnat Espanjaan ja Espanjasta\">Espanja (Valencia)<\/a><\/td><td class=\"column-2\">$2,378<\/td><td class=\"column-3\">$3,369<\/td>\n<\/tr>\n<tr class=\"row-18\">\n\t<td class=\"column-1\"><a href=\"https:\/\/moverdb.com\/fi\/container-shipping\/thailand\/\" data-internallinksmanager029f6b8e52c=\"189\" title=\"2023 merirahti konttien laivaushinnat Thaimaahan ja Thaimaasta\">Thaimaa (Laem Chabang)<\/a><\/td><td class=\"column-2\">$3,400<\/td><td class=\"column-3\">$5,477<\/td>\n<\/tr>\n<tr class=\"row-19\">\n\t<td class=\"column-1\"><a href=\"https:\/\/moverdb.com\/fi\/container-shipping\/uruguay\/\" data-internallinksmanager029f6b8e52c=\"194\" title=\"2023 merirahti konttien laivaushinnat Uruguayhin ja Uruguaysta\">Uruguay (Montevideo)<\/a><\/td><td class=\"column-2\">$3,750<\/td><td class=\"column-3\">$5,690<\/td>\n<\/tr>\n<tr class=\"row-20\">\n\t<td class=\"column-1\"><a href=\"https:\/\/moverdb.com\/fi\/moving-to-the-united-states\/\" data-internallinksmanager029f6b8e52c=\"94\" title=\"Muutatko Yhdysvaltoihin? 2022 Elinkustannukset ja muuttovinkit\">US<\/a> (<a href=\"https:\/\/moverdb.com\/fi\/moving-to-los-angeles\/\" data-internallinksmanager029f6b8e52c=\"51\" title=\"Muutatko Los Angelesiin? 2026 LA:n elinkustannukset ja muuttovinkit\">Los Angeles<\/a>)<\/td><td class=\"column-2\">$835<\/td><td class=\"column-3\">$1,035<\/td>\n<\/tr>\n<tr class=\"row-21\">\n\t<td class=\"column-1\"><a href=\"https:\/\/moverdb.com\/fi\/container-shipping\/united-states\/\" data-internallinksmanager029f6b8e52c=\"87\" title=\"2023 merirahti konttien laivaushinnat Yhdysvaltoihin ja Yhdysvalloista\">Yhdysvallat (New York)<\/a><\/td><td class=\"column-2\">$2,253<\/td><td class=\"column-3\">$2,534<\/td>\n<\/tr>\n<\/tbody>\n<\/table>\n<!-- #tablepress-48 from cache -->\n\n\n\n<h2 class=\"wp-block-heading\">Laivakontti kustannukset Bangladeshista (Chittagong)<\/h2>\n\n\n\n<div class=\"wp-block-image\"><figure class=\"aligncenter size-large\"><img loading=\"lazy\" decoding=\"async\" width=\"1024\" height=\"539\" src=\"https:\/\/moverdb.com\/wp-content\/uploads\/Shipping-Container-Costs-from-Bangladesh-1024x539.png\" alt=\"Laivakontti kustannukset Bangladeshista (Chittagong)\" class=\"wp-image-3971\" srcset=\"https:\/\/moverdb.com\/wp-content\/uploads\/Shipping-Container-Costs-from-Bangladesh-1024x539.png 1024w, https:\/\/moverdb.com\/wp-content\/uploads\/Shipping-Container-Costs-from-Bangladesh-300x158.png 300w, https:\/\/moverdb.com\/wp-content\/uploads\/Shipping-Container-Costs-from-Bangladesh-1536x809.png 1536w, https:\/\/moverdb.com\/wp-content\/uploads\/Shipping-Container-Costs-from-Bangladesh-2048x1079.png 2048w, https:\/\/moverdb.com\/wp-content\/uploads\/Shipping-Container-Costs-from-Bangladesh-18x9.png 18w, https:\/\/moverdb.com\/wp-content\/uploads\/Shipping-Container-Costs-from-Bangladesh-600x316.png 600w\" sizes=\"auto, (max-width: 1024px) 100vw, 1024px\" \/><\/figure><\/div>\n\n\n\n<table id=\"tablepress-49\" class=\"tablepress tablepress-id-49\">\n<thead>\n<tr class=\"row-1\">\n\t<th class=\"column-1\">M\u00e4\u00e4r\u00e4maa (satama\/kaupunki)<\/th><th class=\"column-2\">20FT<\/th><th class=\"column-3\">40FT<\/th>\n<\/tr>\n<\/thead>\n<tbody class=\"row-striping row-hover\">\n<tr class=\"row-2\">\n\t<td class=\"column-1\">Andorra (Andorra la Vella)<\/td><td class=\"column-2\">$911<\/td><td class=\"column-3\">$1,138<\/td>\n<\/tr>\n<tr class=\"row-3\">\n\t<td class=\"column-1\">Argentiina (Buenos Aires)<\/td><td class=\"column-2\">$9,373<\/td><td class=\"column-3\">$11,660<\/td>\n<\/tr>\n<tr class=\"row-4\">\n\t<td class=\"column-1\"><a href=\"https:\/\/moverdb.com\/fi\/container-shipping\/aruba\/\" data-internallinksmanager029f6b8e52c=\"90\" title=\"2023 merirahti konttien laivaushinnat Arubaan ja Arubasta\">Aruba (Oranjestad)<\/a><\/td><td class=\"column-2\">$9,373<\/td><td class=\"column-3\">$11,660<\/td>\n<\/tr>\n<tr class=\"row-5\">\n\t<td class=\"column-1\">Australia (Sydney)<\/td><td class=\"column-2\">$2,511<\/td><td class=\"column-3\">N\/A<\/td>\n<\/tr>\n<tr class=\"row-6\">\n\t<td class=\"column-1\"><a href=\"https:\/\/moverdb.com\/fi\/container-shipping\/austria\/\" data-internallinksmanager029f6b8e52c=\"95\" title=\"2023 merirahti konttien laivaushinnat It\u00e4valtaan ja It\u00e4vallasta\">It\u00e4valta (Wien)<\/a><\/td><td class=\"column-2\">N\/A<\/td><td class=\"column-3\">$12,750<\/td>\n<\/tr>\n<tr class=\"row-7\">\n\t<td class=\"column-1\"><a href=\"https:\/\/moverdb.com\/fi\/container-shipping\/bahrain\/\" data-internallinksmanager029f6b8e52c=\"96\" title=\"2023 merirahti konttien laivaushinnat Bahrainiin ja Bahrainista\">Bahrain (Manama)<\/a><\/td><td class=\"column-2\">$2,090<\/td><td class=\"column-3\">N\/A<\/td>\n<\/tr>\n<tr class=\"row-8\">\n\t<td class=\"column-1\">Intia (Mumbai)<\/td><td class=\"column-2\">$990<\/td><td class=\"column-3\">N\/A<\/td>\n<\/tr>\n<tr class=\"row-9\">\n\t<td class=\"column-1\"><a href=\"https:\/\/moverdb.com\/fi\/container-shipping\/kuwait\/\" data-internallinksmanager029f6b8e52c=\"135\" title=\"2023 merirahti konttien laivaushinnat Kuwaitiin ja Kuwaitista\">Kuwait (Shuwaikh)<\/a><\/td><td class=\"column-2\">$2,393<\/td><td class=\"column-3\">N\/A<\/td>\n<\/tr>\n<tr class=\"row-10\">\n\t<td class=\"column-1\"><a href=\"https:\/\/moverdb.com\/fi\/container-shipping\/maldives\/\" data-internallinksmanager029f6b8e52c=\"161\" title=\"2023 merirahti konttien laivaushinnat Malediiveille ja Malediiveilta\">Malediivit (Male)<\/a><\/td><td class=\"column-2\">$110<\/td><td class=\"column-3\">N\/A<\/td>\n<\/tr>\n<tr class=\"row-11\">\n\t<td class=\"column-1\"><a href=\"https:\/\/moverdb.com\/fi\/container-shipping\/netherlands\/\" data-internallinksmanager029f6b8e52c=\"151\" title=\"2023 merirahti konttien laivaushinnat Alankomaihin ja Alankomaista\">Alankomaat (Rotterdam)<\/a><\/td><td class=\"column-2\">$6,492<\/td><td class=\"column-3\">$8,034<\/td>\n<\/tr>\n<tr class=\"row-12\">\n\t<td class=\"column-1\">Pakistan (Karachi)<\/td><td class=\"column-2\">$3,808<\/td><td class=\"column-3\">N\/A<\/td>\n<\/tr>\n<tr class=\"row-13\">\n\t<td class=\"column-1\"><a href=\"https:\/\/moverdb.com\/fi\/container-shipping\/qatar\/\" data-internallinksmanager029f6b8e52c=\"159\" title=\"2023 merirahti konttien laivaushinnat Qatariin ja Qatarista\">Qatar (Doha)<\/a><\/td><td class=\"column-2\">$2,810<\/td><td class=\"column-3\">N\/A<\/td>\n<\/tr>\n<tr class=\"row-14\">\n\t<td class=\"column-1\"><a href=\"https:\/\/moverdb.com\/fi\/container-shipping\/saudi-arabia\/\" data-internallinksmanager029f6b8e52c=\"178\" title=\"2023 merirahti konttien laivaushinnat Saudi-Arabiaan ja Saudi-Arabiasta\">Saudi-Arabia (Jeddah)<\/a><\/td><td class=\"column-2\">$6,977<\/td><td class=\"column-3\">N\/A<\/td>\n<\/tr>\n<tr class=\"row-15\">\n\t<td class=\"column-1\">Singapore (Singapore)<\/td><td class=\"column-2\">$110<\/td><td class=\"column-3\">N\/A<\/td>\n<\/tr>\n<tr class=\"row-16\">\n\t<td class=\"column-1\">Espanja (Valencia)<\/td><td class=\"column-2\">$6,932<\/td><td class=\"column-3\">$10,214<\/td>\n<\/tr>\n<tr class=\"row-17\">\n\t<td class=\"column-1\"><a href=\"https:\/\/moverdb.com\/fi\/container-shipping\/united-arab-emirates\/\" data-internallinksmanager029f6b8e52c=\"188\" title=\"2026 Konttien laivaushinnat Arabiemiirikunnista ja Yhdistyneisiin arabiemiirikuntiin\">Yhdistyneet arabiemiirikunnat (Jebel Ali)<\/a><\/td><td class=\"column-2\">$1,705<\/td><td class=\"column-3\">$3,273<\/td>\n<\/tr>\n<tr class=\"row-18\">\n\t<td class=\"column-1\">Yhdysvallat (Los Angeles)<\/td><td class=\"column-2\">$8,080<\/td><td class=\"column-3\">$8,400<\/td>\n<\/tr>\n<tr class=\"row-19\">\n\t<td class=\"column-1\">Yhdysvallat (New York)<\/td><td class=\"column-2\">$3,753<\/td><td class=\"column-3\">$4,250<\/td>\n<\/tr>\n<\/tbody>\n<\/table>\n<!-- #tablepress-49 from cache -->\n\n\n\n<h3 class=\"wp-block-heading\">Tietoja koskevat huomautukset:<\/h3>\n\n\n\n<ul class=\"wp-block-list\"><li>Kaikki $-luvut Yhdysvaltain dollareina (USD);<\/li><li>Hinnat ovat tarkkoja vuoden 2022 alussa;<\/li><li>T\u00e4m\u00e4n artikkelin kartat on luotu k\u00e4ytt\u00e4m\u00e4ll\u00e4 <a href=\"https:\/\/www.mapchart.net\" target=\"_blank\" rel=\"noreferrer noopener\">https:\/\/www.mapchart.net<\/a>. Voit vapaasti jakaa karttoja, kunhan annat linkin takaisin osoitteeseen <a href=\"https:\/\/moverdb.com\/fi\/\" target=\"_blank\" rel=\"noreferrer noopener\">MoverDB<\/a>;<\/li><li>Yll\u00e4 olevat hinnat ovat vain arvioita, ja ne ovat saattaneet muuttua t\u00e4m\u00e4n artikkelin julkaisemisen j\u00e4lkeen (huhtikuu 2022). Ne perustuvat alimpaan arvioituun korkoon, joka on saatu joko seuraavista l\u00e4hteist\u00e4 <a href=\"https:\/\/www.icontainers.com\" target=\"_blank\" rel=\"noreferrer noopener\">https:\/\/www.icontainers.com<\/a> tai <a href=\"https:\/\/www.freightos.com\" target=\"_blank\" rel=\"noreferrer noopener\">https:\/\/www.freightos.com<\/a>;<\/li><li>Jos haluat tarkemman k\u00e4sityksen kustannuksista, k\u00e4yt\u00e4 t\u00e4m\u00e4n sivun yl\u00e4osassa olevaa tarjouslomaketta;<\/li><li>Katso my\u00f6s oppaamme <a href=\"https:\/\/moverdb.com\/fi\/konttikuljetukset\/\" target=\"_blank\" rel=\"noreferrer noopener\">kansainv\u00e4linen konttikuljetus<\/a>.<\/li><\/ul>","protected":false},"excerpt":{"rendered":"<p>Besides being a third-world country, Bangladesh is one of the main hubs for western investments in the 21st century. Top industries such as the textile, tourism, shipbuilding, technology, and communication industry draw in a large number of expats in this country to develop and expand their offshore business. Other than the work-related incentives, Bangladesh has [&hellip;]<\/p>\n","protected":false},"author":2,"featured_media":3960,"parent":44,"menu_order":0,"comment_status":"open","ping_status":"closed","template":"","meta":{"_genesis_hide_title":false,"_genesis_hide_breadcrumbs":false,"_genesis_hide_singular_image":false,"_genesis_hide_footer_widgets":false,"_genesis_custom_body_class":"","_genesis_custom_post_class":"","_genesis_layout":"","footnotes":""},"class_list":{"0":"post-3991","1":"page","2":"type-page","3":"status-publish","4":"has-post-thumbnail","6":"entry"},"_links":{"self":[{"href":"https:\/\/moverdb.com\/fi\/wp-json\/wp\/v2\/pages\/3991","targetHints":{"allow":["GET"]}}],"collection":[{"href":"https:\/\/moverdb.com\/fi\/wp-json\/wp\/v2\/pages"}],"about":[{"href":"https:\/\/moverdb.com\/fi\/wp-json\/wp\/v2\/types\/page"}],"author":[{"embeddable":true,"href":"https:\/\/moverdb.com\/fi\/wp-json\/wp\/v2\/users\/2"}],"replies":[{"embeddable":true,"href":"https:\/\/moverdb.com\/fi\/wp-json\/wp\/v2\/comments?post=3991"}],"version-history":[{"count":2,"href":"https:\/\/moverdb.com\/fi\/wp-json\/wp\/v2\/pages\/3991\/revisions"}],"predecessor-version":[{"id":4022,"href":"https:\/\/moverdb.com\/fi\/wp-json\/wp\/v2\/pages\/3991\/revisions\/4022"}],"up":[{"embeddable":true,"href":"https:\/\/moverdb.com\/fi\/wp-json\/wp\/v2\/pages\/44"}],"wp:featuredmedia":[{"embeddable":true,"href":"https:\/\/moverdb.com\/fi\/wp-json\/wp\/v2\/media\/3960"}],"wp:attachment":[{"href":"https:\/\/moverdb.com\/fi\/wp-json\/wp\/v2\/media?parent=3991"}],"curies":[{"name":"wp","href":"https:\/\/api.w.org\/{rel}","templated":true}]}}