{"id":3842,"date":"2022-04-06T13:40:09","date_gmt":"2022-04-06T13:40:09","guid":{"rendered":"https:\/\/moverdb.com\/?page_id=3842"},"modified":"2026-05-15T14:55:25","modified_gmt":"2026-05-15T14:55:25","slug":"relocation-agents","status":"publish","type":"page","link":"https:\/\/moverdb.com\/fi\/relocation-agents\/","title":{"rendered":"7 syyt\u00e4, miksi sinun pit\u00e4isi k\u00e4ytt\u00e4\u00e4 muuttoagenttia?"},"content":{"rendered":"<p>Olet juuri aloittanut upeassa uudessa teht\u00e4v\u00e4ss\u00e4 loistokkaassa kansainv\u00e4lisess\u00e4 paikassa. Odotat innolla, ett\u00e4 p\u00e4\u00e4set l\u00e4htem\u00e4\u00e4n, ja muutto uuteen maahan tuntuu aluksi j\u00e4nnitt\u00e4v\u00e4lt\u00e4, mutta kun huomaat, kuinka paljon sinun on teht\u00e4v\u00e4, jotta p\u00e4\u00e4set sinne, kaikki voi tuntua melko pelottavalta.<\/p>\n<p><img loading=\"lazy\" decoding=\"async\" src=\"https:\/\/moverdb.com\/wp-content\/uploads\/relocation-agent.jpg\" alt=\"\" width=\"1000\" height=\"563\" class=\"aligncenter size-full wp-image-3845\" data-wp-pid=\"3845\" srcset=\"https:\/\/moverdb.com\/wp-content\/uploads\/relocation-agent.jpg 1000w, https:\/\/moverdb.com\/wp-content\/uploads\/relocation-agent-300x169.jpg 300w, https:\/\/moverdb.com\/wp-content\/uploads\/relocation-agent-18x10.jpg 18w, https:\/\/moverdb.com\/wp-content\/uploads\/relocation-agent-600x338.jpg 600w\" sizes=\"auto, (max-width: 1000px) 100vw, 1000px\" \/><\/p>\n<p>Katsotaanpa joitakin asioita, joita saatat joutua k\u00e4sittelem\u00e4\u00e4n, jos olet itse liikkeell\u00e4 vs. k\u00e4yt\u00e4t kuljetusyrityst\u00e4. <a href=\"https:\/\/www.cornerstonelondon.com\/\" target=\"_blank\" rel=\"noopener\">muuttoasiamies<\/a>.<\/p>\n<div id=\"ez-toc-container\" class=\"ez-toc-v2_0_83 ez-toc-wrap-left counter-hierarchy ez-toc-counter ez-toc-transparent ez-toc-container-direction\">\n<div class=\"ez-toc-title-container\">\n<p class=\"ez-toc-title\" style=\"cursor:inherit\">Jaksot<\/p>\n<span class=\"ez-toc-title-toggle\"><a href=\"#\" class=\"ez-toc-pull-right ez-toc-btn ez-toc-btn-xs ez-toc-btn-default ez-toc-toggle\" aria-label=\"Sis\u00e4llysluettelon vaihtaminen\"><span class=\"ez-toc-js-icon-con\"><span class=\"\"><span class=\"eztoc-hide\" style=\"display:none;\">Toggle<\/span><span class=\"ez-toc-icon-toggle-span\"><svg style=\"fill: #999;color:#999\" xmlns=\"http:\/\/www.w3.org\/2000\/svg\" class=\"list-377408\" width=\"20px\" height=\"20px\" viewbox=\"0 0 24 24\" fill=\"none\"><path d=\"M6 6H4v2h2V6zm14 0H8v2h12V6zM4 11h2v2H4v-2zm16 0H8v2h12v-2zM4 16h2v2H4v-2zm16 0H8v2h12v-2z\" fill=\"currentColor\"><\/path><\/svg><svg style=\"fill: #999;color:#999\" class=\"arrow-unsorted-368013\" xmlns=\"http:\/\/www.w3.org\/2000\/svg\" width=\"10px\" height=\"10px\" viewbox=\"0 0 24 24\" version=\"1.2\" baseprofile=\"tiny\"><path d=\"M18.2 9.3l-6.2-6.3-6.2 6.3c-.2.2-.3.4-.3.7s.1.5.3.7c.2.2.4.3.7.3h11c.3 0 .5-.1.7-.3.2-.2.3-.5.3-.7s-.1-.5-.3-.7zM5.8 14.7l6.2 6.3 6.2-6.3c.2-.2.3-.5.3-.7s-.1-.5-.3-.7c-.2-.2-.4-.3-.7-.3h-11c-.3 0-.5.1-.7.3-.2.2-.3.5-.3.7s.1.5.3.7z\"\/><\/svg><\/span><\/span><\/span><\/a><\/span><\/div>\n<nav><ul class='ez-toc-list ez-toc-list-level-1 eztoc-toggle-hide-by-default' ><li class='ez-toc-page-1 ez-toc-heading-level-2'><a class=\"ez-toc-link ez-toc-heading-1\" href=\"https:\/\/moverdb.com\/fi\/relocation-agents\/#1_Do_What_Needs_To_Be_Done\" >1. Tee se, mit\u00e4 on teht\u00e4v\u00e4<\/a><\/li><li class='ez-toc-page-1 ez-toc-heading-level-2'><a class=\"ez-toc-link ez-toc-heading-2\" href=\"https:\/\/moverdb.com\/fi\/relocation-agents\/#2_Shipping_Your_Household_Goods\" >2. Kotitaloustavaroiden l\u00e4hett\u00e4minen<\/a><\/li><li class='ez-toc-page-1 ez-toc-heading-level-2'><a class=\"ez-toc-link ez-toc-heading-3\" href=\"https:\/\/moverdb.com\/fi\/relocation-agents\/#3_Where_To_Stay\" >3. Miss\u00e4 asua<\/a><\/li><li class='ez-toc-page-1 ez-toc-heading-level-2'><a class=\"ez-toc-link ez-toc-heading-4\" href=\"https:\/\/moverdb.com\/fi\/relocation-agents\/#4_Finding_A_Home\" >4. Kodin l\u00f6yt\u00e4minen<\/a><\/li><li class='ez-toc-page-1 ez-toc-heading-level-2'><a class=\"ez-toc-link ez-toc-heading-5\" href=\"https:\/\/moverdb.com\/fi\/relocation-agents\/#5_School_Search\" >5. Kouluhaku<\/a><\/li><li class='ez-toc-page-1 ez-toc-heading-level-2'><a class=\"ez-toc-link ez-toc-heading-6\" href=\"https:\/\/moverdb.com\/fi\/relocation-agents\/#6_Pet_Travel\" >6. Lemmikkiel\u00e4inten matkailu<\/a><\/li><li class='ez-toc-page-1 ez-toc-heading-level-2'><a class=\"ez-toc-link ez-toc-heading-7\" href=\"https:\/\/moverdb.com\/fi\/relocation-agents\/#7_And_what_else\" >7. Ent\u00e4 mit\u00e4 muuta?<\/a><\/li><li class='ez-toc-page-1 ez-toc-heading-level-2'><a class=\"ez-toc-link ez-toc-heading-8\" href=\"https:\/\/moverdb.com\/fi\/relocation-agents\/#In_conclusion\" >Lopuksi<\/a><\/li><\/ul><\/nav><\/div>\n<h2><span class=\"ez-toc-section\" id=\"1_Do_What_Needs_To_Be_Done\"><\/span>1. Tee se, mit\u00e4 on teht\u00e4v\u00e4<span class=\"ez-toc-section-end\"><\/span><\/h2>\n<p>Jos aiot toimia yksin, sinun on l\u00f6ydett\u00e4v\u00e4 yrityksi\u00e4, jotka huolehtivat kaikesta. T\u00e4rkeimm\u00e4t kysymykset, joihin sinun on vastattava, ovat mit\u00e4 sinun on teht\u00e4v\u00e4, kuka sen tekee ja mist\u00e4 tied\u00e4t, ovatko he hyvi\u00e4. <\/p>\n<p>Voit viett\u00e4\u00e4 tuntikausia selaamalla arvosteluja internetiss\u00e4, etk\u00e4 silti p\u00e4\u00e4se l\u00e4hemm\u00e4ksi sen selvitt\u00e4mist\u00e4, onko jokin yritys, jonka kanssa olet tekemisiss\u00e4, todella hyv\u00e4maineinen (on olemassa joitakin v\u00e4\u00e4rennettyj\u00e4 arvosteluja) ja tekeek\u00f6 se ty\u00f6ns\u00e4 todella hyvin. <\/p>\n<p>Sen lis\u00e4ksi et ehk\u00e4 edes tied\u00e4, mit\u00e4 kaikkea sinun on tiedett\u00e4v\u00e4 ja j\u00e4rjestett\u00e4v\u00e4, joten n\u00e4enn\u00e4isesti pienten yksityiskohtien laiminly\u00f6nti voi aiheuttaa suuria katastrofeja muuton suuressa mittakaavassa.<\/p>\n<p>Kun olet l\u00f6yt\u00e4nyt ihmiset, jotka hoitavat tarvitsemasi ty\u00f6t, sinun on sitten koordinoitava kaikki ty\u00f6t oikeaan aikaan. <\/p>\n<p>Voit toki noutaa kaikki kotitaloustavarasi lentoa edelt\u00e4v\u00e4n\u00e4 p\u00e4iv\u00e4n\u00e4, mutta miss\u00e4 aiot nukkua, kun s\u00e4nkysi ovat varastokontissa odottamassa kuljetusta? <\/p>\n<p>T\u00e4m\u00e4 on vain yksi esimerkki siit\u00e4, ett\u00e4 muuttoagentin k\u00e4ytt\u00e4minen voi todella auttaa. He ovat kokeneita ammattilaisia, joten he tiet\u00e4v\u00e4t kaikki sudenkuopat, joita todenn\u00e4k\u00f6isesti kohtaat, ja ovat voineet varautua niihin jo kauan ennen kuin niist\u00e4 on tullut ongelmia. Asiat sujuvat paljon helpommin, kun mukana on asiantuntijoita!<\/p>\n<p>Siirtoagentilla on koko joukko hallinnoituja, tarkistettuja yhteyshenkil\u00f6it\u00e4, joihin h\u00e4n tiet\u00e4\u00e4 voivansa luottaa varmistaakseen, ett\u00e4 kaikki tehd\u00e4\u00e4n asianmukaisesti. H\u00e4n on k\u00e4ytt\u00e4nyt heit\u00e4 jo lukemattomissa muutoissa ja tiet\u00e4\u00e4, ett\u00e4 h\u00e4n voi luottaa siihen, ett\u00e4 palvelu on luotettavaa ja saumatonta.<\/p>\n<p>Jos k\u00e4yt\u00e4t muuttotoimistoa, kannattaa silti pit\u00e4\u00e4 kirjaa siit\u00e4, ketk\u00e4 yhteyshenkil\u00f6t vastaavat kustakin teht\u00e4v\u00e4st\u00e4, jotta tied\u00e4t, kenen puoleen k\u00e4\u00e4nty\u00e4, jos sinulla on kysytt\u00e4v\u00e4\u00e4. <\/p>\n<p>Tee luettelo tai taulukko kaikista yhteyshenkil\u00f6ist\u00e4si, mukaan lukien heid\u00e4n nimens\u00e4, s\u00e4hk\u00f6postiosoitteensa, puhelinnumeronsa ja mik\u00e4 t\u00e4rkeint\u00e4, se, mist\u00e4 siirron osasta he ovat vastuussa.<\/p>\n<p>Seuraavaksi tarkastellaan muutamia palveluja, joita saatat tarvita...<\/p>\n<h2><span class=\"ez-toc-section\" id=\"2_Shipping_Your_Household_Goods\"><\/span>2. Kotitaloustavaroiden l\u00e4hett\u00e4minen<span class=\"ez-toc-section-end\"><\/span><\/h2>\n<p>Jokaisella on mukanaan paljon matkatavaroita, kirjaimellisesti. Miten kaikki tavarasi kulkevat uuteen kotiin?<\/p>\n<p>Jos sinulla on mukanasi vain muutamia tavaroita, vaatteita ja muutama henkil\u00f6kohtainen esine, voit ehk\u00e4 selvit\u00e4 siit\u00e4, ett\u00e4 otat ne kaikki mukaan ylim\u00e4\u00e4r\u00e4isen\u00e4 matkatavarana. <\/p>\n<p>Jos kyseess\u00e4 on jokin isompi asia, kuten huonekalut tai massiivinen televisio, sinun on k\u00e4ytett\u00e4v\u00e4 jonkinlaista kotitaloustavaraa. <a href=\"https:\/\/moverdb.com\/fi\/konttikuljetukset\/\">kuljetuspalvelu<\/a>. <\/p>\n<p>Millaista palvelua kuitenkin tarvitset? Riitt\u00e4\u00e4k\u00f6 lentol\u00e4hetys vai tarvitsetko pintal\u00e4hetyksen? Millaisen kontin tarvitset, 20 jalan? 40 jalan kontti? Ehk\u00e4 molemmat!<\/p>\n<p>Kaikki t\u00e4m\u00e4 tuntuu hyvin pelottavalta, mutta juuri t\u00e4ss\u00e4 kohtaa kotitaloustavaroiden (HHG) kuljetuspalvelu tulee kuvaan. Siirtokonsulttisi antaa sinulle yhteyden seuraaviin tahoihin <a href=\"https:\/\/moverdb.com\/fi\/laivayhtiot\/\">kotitaloustavaroiden laivayhti\u00f6<\/a>. <\/p>\n<p>Tyypillisesti ensimm\u00e4inen vaihe on j\u00e4rjest\u00e4\u00e4 kotitaloustavaroiden kartoitus, jossa selvitet\u00e4\u00e4n tarkalleen, mit\u00e4 <a href=\"https:\/\/moverdb.com\/fi\/shipping-container-sizes-and-dimensions\/\" data-internallinksmanager029f6b8e52c=\"247\" title=\"Perimm\u00e4inen opas laivakonttien kokoja ja mittoja varten\">s\u00e4ili\u00f6n koko<\/a> tai tarvitsemasi koot. He j\u00e4rjest\u00e4v\u00e4t p\u00e4iv\u00e4n, jolloin kaikki tavarasi pakataan yhdelle puolelle, ja kun olet saanut pitk\u00e4aikaisen omaisuutesi, he j\u00e4rjest\u00e4v\u00e4t p\u00e4iv\u00e4n, jolloin arvokkaat tavarasi toimitetaan my\u00f6s sinulle.<\/p>\n<h2><span class=\"ez-toc-section\" id=\"3_Where_To_Stay\"><\/span>3. Miss\u00e4 asua<span class=\"ez-toc-section-end\"><\/span><\/h2>\n<p>Koska paras k\u00e4yt\u00e4nt\u00f6 on tutustua kiinteist\u00f6\u00f6n henkil\u00f6kohtaisesti ennen kuin sitoudut v\u00e4hint\u00e4\u00e4n vuoden mittaiseen vuokrasopimukseen, jos et ole ollut erityisell\u00e4 asunnonetsint\u00e4matkalla ennen muuttoa ja olet menossa t\u00e4ysin kalustettuun kiinteist\u00f6\u00f6n, tarvitset majapaikan, jossa y\u00f6py\u00e4, kun saavut paikalle ensimm\u00e4ist\u00e4 kertaa.<\/p>\n<p>Voisit varata hotellin, mutta jos muutat koko perheesi kanssa, jos et ole varannut ylellist\u00e4 huoneistosviitti\u00e4, asiat muuttuvat melko klaustrofobisiksi nelj\u00e4n tai viiden viikon aikana, jonka kuluessa muutat pitk\u00e4aikaiseen kiinteist\u00f6\u00f6n. Se ei ehk\u00e4 ole my\u00f6sk\u00e4\u00e4n kaikkein taloudellisin vaihtoehto.<\/p>\n<p><a href=\"https:\/\/www.airbnb.co.uk\/\" target=\"_blank\" rel=\"noopener\">Airbnb<\/a> voisi my\u00f6s olla vaihtoehto, samoin kuin palveluasunto. Molempien etuna on se, ett\u00e4 ne tarjoavat sinulle tilaa ja mukavuuksia, jotka ovat verrattavissa siihen, mit\u00e4 odottaisit omassa kodissasi. <\/p>\n<p>Niille, jotka eiv\u00e4t tied\u00e4 palveluasunnoista, ne ovat er\u00e4\u00e4nlainen mukava puoliv\u00e4li hotellien ja pitk\u00e4aikaisten kiinteist\u00f6jen v\u00e4lill\u00e4. Yleens\u00e4 joku siivoaa huoneiston, ehk\u00e4 kerran viikossa. <\/p>\n<p>He vaihtavat my\u00f6s liinavaatteet ja pyyhkeet. Lis\u00e4ksi voit asua t\u00e4ysin kalustetussa ja varustetussa kodissa, jossa on kaikki tarvitsemasi keitti\u00f6v\u00e4lineet ja mukavuudet, kuten TV ja internet.<\/p>\n<p>Mutta kuten monien muidenkin asioiden kohdalla, mist\u00e4 tied\u00e4t, onko majoittumisesi kohteena oleva palveluasunto hyv\u00e4? Muuttoyritykset ovat k\u00e4ytt\u00e4neet toimittajiaan monissa muutoissa, joten tied\u00e4t, ett\u00e4 ty\u00f6skentelet jonkun kanssa, johon voit luottaa, ja yhdeks\u00e4n kertaa kymmenest\u00e4, kun otetaan huomioon heid\u00e4n suhteensa majoitusliikkeeseen, jos ongelmia ilmenee, palveluntarjoajat ovat motivoituneempia auttamaan!<\/p>\n<h2><span class=\"ez-toc-section\" id=\"4_Finding_A_Home\"><\/span>4. Kodin l\u00f6yt\u00e4minen<span class=\"ez-toc-section-end\"><\/span><\/h2>\n<p><img loading=\"lazy\" decoding=\"async\" width=\"1000\" height=\"665\" src=\"https:\/\/moverdb.com\/wp-content\/uploads\/findding-a-home.jpg\" alt=\"Kodin l\u00f6yt\u00e4minen\" class=\"aligncenter size-full wp-image-3847\" data-wp-pid=\"3847\" srcset=\"https:\/\/moverdb.com\/wp-content\/uploads\/findding-a-home.jpg 1000w, https:\/\/moverdb.com\/wp-content\/uploads\/findding-a-home-300x200.jpg 300w, https:\/\/moverdb.com\/wp-content\/uploads\/findding-a-home-18x12.jpg 18w, https:\/\/moverdb.com\/wp-content\/uploads\/findding-a-home-600x399.jpg 600w\" sizes=\"auto, (max-width: 1000px) 100vw, 1000px\" \/><\/p>\n<p>Jos teet t\u00e4m\u00e4n itse, saatat joutua selaamaan loputtomia luetteloita verkkosivustoilla, kuten osoitteessa <a href=\"https:\/\/www.rightmove.co.uk\/\" target=\"_blank\" rel=\"noopener\">Rightmove<\/a> ja <a href=\"https:\/\/www.zoopla.co.uk\/\" target=\"_blank\" rel=\"noopener\">Zoopla<\/a> vain huomatakseen, ett\u00e4 kaikki omaisuus on kadonnut! <\/p>\n<p>Vaikka l\u00f6yt\u00e4isitkin vuokrattavan kiinteist\u00f6n, sinulla ei ole mit\u00e4\u00e4n ohjeita siit\u00e4, miten kaiken pit\u00e4isi toimia, joten sinua on helpompi huijata tai langeta ansaan ja allekirjoittaa vuokrasopimus, joka on sinulle ep\u00e4edullinen. Vaikka olisitkin vuokrannut asunnon kotimaassasi aiemmin, toisen maan s\u00e4\u00e4nn\u00f6t ja normit eiv\u00e4t v\u00e4ltt\u00e4m\u00e4tt\u00e4 ole samat. <\/p>\n<p>Esimerkkin\u00e4 voidaan mainita <a href=\"https:\/\/moverdb.com\/fi\/moving-to-the-uk\/\" data-internallinksmanager029f6b8e52c=\"93\" title=\"Muutatko Yhdistyneeseen kuningaskuntaan? 2022 Elinkustannukset ja muuttovinkit\">UK<\/a>, on tavallista, ett\u00e4 jopa kalustamattomissa asunnoissa on t\u00e4ysin varustettu keitti\u00f6, jossa on kaikki suuremmat laitteet, kuten uuni, liesi ja j\u00e4\u00e4kaappipakastin. <\/p>\n<p>Kuitenkin <a href=\"https:\/\/moverdb.com\/fi\/moving-to-germany\/\" data-internallinksmanager029f6b8e52c=\"321\" title=\"Muutatko Saksaan? 2023 Elinkustannukset ja muuttovinkit\">Saksa<\/a>, saatat joutua hankkimaan oman keitti\u00f6n, kun muutat sinne! Useimmissa maissa on normaalia, ett\u00e4 v\u00e4litt\u00e4j\u00e4t tarkistavat, onko sinulla varaa vuokrata asunto, mutta t\u00e4\u00e4ll\u00e4 <a href=\"https:\/\/moverdb.com\/fi\/moving-to-switzerland\/moving-to-geneva\/\" data-internallinksmanager029f6b8e52c=\"416\" title=\"Muutatko Geneveen? 2023 Elinkustannukset ja muuttovinkit\">Geneve<\/a>, on olemassa tiukat rajoitukset sille, kuinka v\u00e4h\u00e4n voit k\u00e4ytt\u00e4\u00e4 vuokraan palkastasi riippuen, ja j\u00e4rjestelm\u00e4 on k\u00e4yt\u00f6ss\u00e4 sen varmistamiseksi, ett\u00e4 vuokralaiset eiv\u00e4t vuokraa alle varojensa ja ett\u00e4 halvempia asuntoja pidet\u00e4\u00e4n poissa niilt\u00e4, joilla on juuri ja juuri varaa niihin.<\/p>\n<p>J\u00e4lleen kerran, t\u00e4m\u00e4 on asia, jossa siirtoagentti, jolla on paikallisia Home Search -konsultteja paikan p\u00e4\u00e4ll\u00e4, maksaa osinkoa. He tuntevat paikalliset markkinat ja tiet\u00e4v\u00e4t kaikki oudot piirteet ja vivahteet, joita kohtaat. <\/p>\n<p>He tekev\u00e4t tutkimuksen puolestasi, laativat matkasuunnitelman kotietsint\u00e4p\u00e4iv\u00e4\u00e4si varten ja seuraavat sinua sitten jokaiseen kiinteist\u00f6\u00f6n. He eiv\u00e4t l\u00f6yd\u00e4 uutta kotiasi vain kiinteist\u00f6sivustojen avulla! <\/p>\n<p>Heill\u00e4 on yleens\u00e4 kontakteja, joiden kanssa he ovat ty\u00f6skennelleet aiemmin eri paikallisissa virastoissa, ja he tekev\u00e4t yhteisty\u00f6t\u00e4 heid\u00e4n kanssaan selvitt\u00e4\u00e4kseen, mit\u00e4 aineita on saatavilla, jotka vastaavat kriteerej\u00e4si tai ovat ainakin mahdollisimman l\u00e4hell\u00e4 sit\u00e4, mit\u00e4 etsit. <\/p>\n<p>Viimeksi mainitusta seikasta he tiet\u00e4v\u00e4t, ovatko budjettisi ja toiveesi realistiset, ja neuvovat sinua sen mukaisesti tai ohjaavat sinua alueille, joilla sinulla on paremmat mahdollisuudet l\u00f6yt\u00e4\u00e4 unelmiesi kiinteist\u00f6.<\/p>\n<p>Voit tietysti k\u00e4\u00e4nty\u00e4 itse suoraan v\u00e4litt\u00e4jien puoleen, mutta sinun on muistettava, ett\u00e4 v\u00e4litt\u00e4j\u00e4t ty\u00f6skentelev\u00e4t vuokranantajille, ja heid\u00e4n ensisijaisena tavoitteenaan on valvoa heid\u00e4n etujaan. Vuokranantajat ovat loppujen lopuksi niit\u00e4, jotka maksavat v\u00e4litt\u00e4jille. <\/p>\n<p>Toisaalta kotietsint\u00e4konsultit ty\u00f6skentelev\u00e4t sinulle ja vain sinulle. He eiv\u00e4t ole kiinnostuneita painostamaan sinua mink\u00e4\u00e4n tietyn kiinteist\u00f6n pariin, elleiv\u00e4t he usko sen olevan etujesi mukaista, p\u00e4\u00e4asiassa siksi, ett\u00e4 heille ei koskaan makseta v\u00e4lityspalkkiota. Pohjimmiltaan he ovat sinun puolellasi, ja voit luottaa siihen, ett\u00e4 he ohjaavat sinua oikeaan suuntaan.<\/p>\n<p>Asunnonhakukonsultin avulla saat apua ja neuvoja tarjouksen tekemiseen ja saat apua kaikessa, mit\u00e4 sen j\u00e4lkeen tapahtuu, kuten vuokrasopimuksen tarkistamisessa varmistaaksesi, ettet tee sopimusta, joka on ep\u00e4reilu sinulle. Periaatteessa sinulla on joku, joka auttaa sinua, kunnes koko prosessi on valmis ja olet asettunut taloksi!<\/p>\n<h2><span class=\"ez-toc-section\" id=\"5_School_Search\"><\/span>5. Kouluhaku<span class=\"ez-toc-section-end\"><\/span><\/h2>\n<p>Jos sinulla on kouluik\u00e4isi\u00e4 lapsia, yksi t\u00e4rkeimmist\u00e4 muuttoon vaikuttavista tekij\u00f6ist\u00e4 on heid\u00e4n koulunk\u00e4yntins\u00e4. Miss\u00e4 on hyvi\u00e4 kouluja, miten niihin haetaan ja pystyyk\u00f6 valitsemasi koulu vastaamaan lapsesi tai lastesi erityistarpeisiin?<\/p>\n<p>Se on taas yksi niist\u00e4 asioista, joita voi tutkia verkossa jossain m\u00e4\u00e4rin, mutta ilman asiantuntijaa, joka tulkitsee tietoja ja antaa todellista palautetta todellisesta maailmasta, on t\u00e4ysin mahdollista tehd\u00e4 t\u00e4ysin v\u00e4\u00e4r\u00e4 johtop\u00e4\u00e4t\u00f6s laitoksesta. <\/p>\n<p>Kun lapsesi mahdollinen onnellisuus ja hyvinvointi ovat vaakalaudalla, on varmasti korvaamatonta, ett\u00e4 sinulla on joku, joka opastaa sinua asiantuntevasti koulujen valinnassa ja hakemisessa. <\/p>\n<p>Kouluasiantuntijat voivat paitsi tarjota elint\u00e4rke\u00e4\u00e4 tietoa my\u00f6s tukea opetussuunnitelmien erojen ymm\u00e4rt\u00e4misess\u00e4 eri maissa, tietyntyyppisten koulutusten ja oppilaitosten eetoksessa sek\u00e4 tarvittaessa tukea erityisopetusta tarvitseville lapsille.<\/p>\n<h2><span class=\"ez-toc-section\" id=\"6_Pet_Travel\"><\/span>6. Lemmikkiel\u00e4inten matkailu<span class=\"ez-toc-section-end\"><\/span><\/h2>\n<p><img loading=\"lazy\" decoding=\"async\" width=\"1000\" height=\"667\" src=\"https:\/\/moverdb.com\/wp-content\/uploads\/pet-travel.jpg\" alt=\"Lemmikkiel\u00e4inten matkailu\" class=\"aligncenter size-full wp-image-3848\" data-wp-pid=\"3848\" srcset=\"https:\/\/moverdb.com\/wp-content\/uploads\/pet-travel.jpg 1000w, https:\/\/moverdb.com\/wp-content\/uploads\/pet-travel-300x200.jpg 300w, https:\/\/moverdb.com\/wp-content\/uploads\/pet-travel-18x12.jpg 18w, https:\/\/moverdb.com\/wp-content\/uploads\/pet-travel-600x400.jpg 600w\" sizes=\"auto, (max-width: 1000px) 100vw, 1000px\" \/><\/p>\n<p>My\u00f6s turkisel\u00e4inten tuominen uuteen maahan on t\u00e4rke\u00e4 asia. Yh\u00e4 harvemmat lentoyhti\u00f6t sallivat nyky\u00e4\u00e4n lemmikkiel\u00e4inten matkustamossa matkustamisen, joten ne on yh\u00e4 useammin kuljetettava ruumassa. <\/p>\n<p>Saatat my\u00f6s joutua hankkimaan niille erilaisia rokotuksia ja vaadittavat paperity\u00f6t sek\u00e4 muuta byrokratiaa m\u00e4\u00e4r\u00e4np\u00e4\u00e4st\u00e4 riippuen, ennen kuin ne voivat muuttaa uuteen kotiin kanssasi. <\/p>\n<p>J\u00e4lleen kerran voit tehd\u00e4 tutkimuksen itse ja j\u00e4rjest\u00e4\u00e4 matkasi itse, mutta kun sinulla on oma matkatoimisto, voit olla varma, ett\u00e4 lemmikkisi saapuu perille kanssasi turvallisesti. <\/p>\n<p>Lemmikkiel\u00e4inten matkailuyrityksiss\u00e4 ty\u00f6skentelee el\u00e4inten yst\u00e4vi\u00e4, jotka huolehtivat siit\u00e4, ett\u00e4 lemmikkisi on hoidettu kuin se olisi heid\u00e4n oma lemmikkins\u00e4. He pit\u00e4v\u00e4t sinut ajan tasalla lemmikkisi edistymisest\u00e4 ja usein jopa l\u00e4hett\u00e4v\u00e4t sinulle valokuvia lemmikist\u00e4si, kun se on poissa luotasi, jotta tied\u00e4t, ett\u00e4 sit\u00e4 kohdellaan hyvin.<\/p>\n<h2><span class=\"ez-toc-section\" id=\"7_And_what_else\"><\/span>7. Ent\u00e4 mit\u00e4 muuta?<span class=\"ez-toc-section-end\"><\/span><\/h2>\n<p>Edell\u00e4 mainitut ovat vain muutamia t\u00e4rkeimpi\u00e4 muuttoon liittyvi\u00e4 seikkoja, jotka on j\u00e4rjestett\u00e4v\u00e4. Saatat my\u00f6s tarvita apua verotustilanteen selvitt\u00e4misess\u00e4 tai ehk\u00e4 tarvitset vuokrakalusteita vuokrasopimuksen alkamisen ja omien kalusteidesi saapumisen v\u00e4liseksi ajaksi. <\/p>\n<p>Tarvitset varmasti maahanmuuttotukea viisumin, ty\u00f6lupien ja paikallisten rekister\u00f6intien hoitamiseen. My\u00f6s pankkitilin avaamista koskeva neuvonta tai suositus on v\u00e4ltt\u00e4m\u00e4t\u00f6nt\u00e4, jotta palkkasi voidaan maksaa jonnekin ja jotta voit veloittaa vuokra- ja s\u00e4hk\u00f6laskut jostakin. <\/p>\n<p>Yleishy\u00f6dyllisist\u00e4 palveluista puheen ollen, miten saat ne k\u00e4ytt\u00f6\u00f6n uudessa kotimaassasi, mit\u00e4 palveluntarjoajia sinun pit\u00e4isi k\u00e4ytt\u00e4\u00e4 ja miten saat parhaat tarjoukset? <\/p>\n<p>Kaikki n\u00e4m\u00e4 asiat voivat johtaa valtavaan vaivaan toisensa j\u00e4lkeen, mutta kun k\u00e4yt\u00e4t muuttoagenttia, kaikki on helppoa. Jotkin niist\u00e4 saattavat jopa unohtua kokonaan, mink\u00e4 vuoksi kokenut ammattilainen, joka hoitaa kaikki asiat, on korvaamaton apu!<\/p>\n<h2><span class=\"ez-toc-section\" id=\"In_conclusion\"><\/span>Lopuksi<span class=\"ez-toc-section-end\"><\/span><\/h2>\n<p>Vaikka on mahdollista j\u00e4rjest\u00e4\u00e4 kaikki asiat itse ilman muuttoasiamiest\u00e4, se on paljon stressaavampaa, aikaa viev\u00e4mp\u00e4\u00e4 ja sujuu paljon ep\u00e4todenn\u00e4k\u00f6isemmin kuin jos k\u00e4yt\u00e4t muuttoasiamiest\u00e4. Vaikka muuttofirman k\u00e4ytt\u00e4minen tuntuu usein kalliilta, huomaat, ett\u00e4 muuton p\u00e4\u00e4tteeksi s\u00e4\u00e4st\u00e4t aikaa, rahaa ja stressi\u00e4!<\/p>\n<p>Muutto uuteen kotiin uuteen kaupunkiin uudessa maassa aiheuttaa luonnollisesti paljon ahdistusta jopa kokeneellekin muuttomiehelle, joten kaikki, mit\u00e4 voit tehd\u00e4 v\u00e4hent\u00e4\u00e4kseen, puhumattakaan kaikesta kovasta ty\u00f6st\u00e4 ja ajasta, jota joudut k\u00e4ytt\u00e4m\u00e4\u00e4n, on rahan arvoista. <\/p>\n<p>Yksinkertaisesti sanottuna, jos haluat, ett\u00e4 muutostasi tulee mahdollisimman helppo, muuttoyritys on oikea tapa toimia!<\/p>\n<p><em>T\u00e4m\u00e4n artikkelin on toimittanut Cornerstone lontoolainen <a href=\"https:\/\/www.cornerstonelondon.com\/\" target=\"_blank\" rel=\"noopener\">muuttotoimisto<\/a> auttaen muuttajia kaikkialla maailmassa.<\/em><\/p>","protected":false},"excerpt":{"rendered":"<p>You&#8217;ve just signed up for a fantastic new position in a glamourous international location. You&#8217;re looking forward to upping sticks, and moving to a new country seems exciting at first, but once you realise exactly how much you have to do in order to get there, it can all seem quite daunting. Let&#8217;s have a [&hellip;]<\/p>\n","protected":false},"author":1,"featured_media":3845,"parent":0,"menu_order":0,"comment_status":"closed","ping_status":"closed","template":"","meta":{"_genesis_hide_title":false,"_genesis_hide_breadcrumbs":false,"_genesis_hide_singular_image":false,"_genesis_hide_footer_widgets":false,"_genesis_custom_body_class":"","_genesis_custom_post_class":"","_genesis_layout":"","footnotes":""},"class_list":{"0":"post-3842","1":"page","2":"type-page","3":"status-publish","4":"has-post-thumbnail","6":"entry"},"_links":{"self":[{"href":"https:\/\/moverdb.com\/fi\/wp-json\/wp\/v2\/pages\/3842","targetHints":{"allow":["GET"]}}],"collection":[{"href":"https:\/\/moverdb.com\/fi\/wp-json\/wp\/v2\/pages"}],"about":[{"href":"https:\/\/moverdb.com\/fi\/wp-json\/wp\/v2\/types\/page"}],"author":[{"embeddable":true,"href":"https:\/\/moverdb.com\/fi\/wp-json\/wp\/v2\/users\/1"}],"replies":[{"embeddable":true,"href":"https:\/\/moverdb.com\/fi\/wp-json\/wp\/v2\/comments?post=3842"}],"version-history":[{"count":4,"href":"https:\/\/moverdb.com\/fi\/wp-json\/wp\/v2\/pages\/3842\/revisions"}],"predecessor-version":[{"id":3849,"href":"https:\/\/moverdb.com\/fi\/wp-json\/wp\/v2\/pages\/3842\/revisions\/3849"}],"wp:featuredmedia":[{"embeddable":true,"href":"https:\/\/moverdb.com\/fi\/wp-json\/wp\/v2\/media\/3845"}],"wp:attachment":[{"href":"https:\/\/moverdb.com\/fi\/wp-json\/wp\/v2\/media?parent=3842"}],"curies":[{"name":"wp","href":"https:\/\/api.w.org\/{rel}","templated":true}]}}