{"id":384,"date":"2016-05-26T14:06:53","date_gmt":"2016-05-26T14:06:53","guid":{"rendered":"http:\/\/moverdb.com\/?page_id=384"},"modified":"2026-01-08T14:40:17","modified_gmt":"2026-01-08T14:40:17","slug":"arvostelut","status":"publish","type":"page","link":"https:\/\/moverdb.com\/fi\/reviews\/","title":{"rendered":"MoverDB International Moving Company Arvostelut &amp; Pisteet selitetty"},"content":{"rendered":"<p>MoverDB.com:n tavoitteena on tuoda sinulle puolueetonta tietoa ja arvosteluja maailman suurimmista ja <a href=\"https:\/\/moverdb.com\/fi\/muuttoyritykset\/\">parhaat kansainv\u00e4liset muuttoliikkeet<\/a>. T\u00e4t\u00e4 varten olemme luoneet profiilit jokaisesta liikkujasta.<\/p>\n<p>Jokainen profiili sis\u00e4lt\u00e4\u00e4 seuraavat tiedot:<\/p>\n<ol>\n<li> Yrityksen tarjoamat muuttopalvelut.<\/li>\n<li> Yrityksen profiili: mukaan lukien historia, maine ja <a href=\"https:\/\/moverdb.com\/fi\/jarjestot-ja-yhdistykset\/\">j\u00e4rjest\u00f6t &amp; sidonnaisuudet<\/a> sek\u00e4 muita mielenkiintoisia tietoja.<\/li>\n<li> Arvosteluja eri puolilta verkkoa, jotka auttavat sinua valitsemaan paremman muuttomiehen.<\/li>\n<\/ol>\n<p><strong>4. Verkkosivuston tarkastelu selitetty<\/strong><\/p>\n<p>Lopuksi, MoverDB.com sis\u00e4lt\u00e4\u00e4 my\u00f6s verkkosivuston arvosteluarvosanan jokaiselle liikkujalle. T\u00e4m\u00e4 on katsaus verkkosivuston hy\u00f6dyllisyyteen ja <strong>ei kuvasta<\/strong> itse liikkujien laatu. Sen sijaan siin\u00e4 tarkastellaan seuraavia asioita:<\/p>\n<ol>\n<li> Selke\u00e4t yhteystiedot<\/li>\n<li> Mahdollisuus saada helposti tarjous<\/li>\n<li> Selke\u00e4\u00e4 ja hy\u00f6dyllist\u00e4 tietoa verkkosivustolla<\/li>\n<li> J\u00e4senyys kansainv\u00e4lisiss\u00e4 liikkuvuusj\u00e4rjest\u00f6iss\u00e4<\/li>\n<li> Arvostelut ja suosittelut<\/li>\n<\/ol>\n<p><em>K\u00e4yt\u00e4 n\u00e4it\u00e4 omalla vastuullasi. MoverDB.com ei ota vastuuta esitettyjen tietojen oikeellisuudesta. Emme my\u00f6sk\u00e4\u00e4n ota mit\u00e4\u00e4n vastuuta t\u00e4ll\u00e4 sivustolla olevien tietojen ja arvostelujen k\u00e4yt\u00f6st\u00e4 muuttajaa valittaessa. Tarjoamme yksinkertaisesti keinon <a href=\"https:\/\/moverdb.com\/fi\/lainauksia\/\">vertailla muuttomiesten kanssa ilmaisia tarjouksia<\/a>.<\/em><\/p>","protected":false},"excerpt":{"rendered":"<p>At MoverDB.com our goal is to bring you unbiased information and reviews of the world&#8217;s biggest and best international moving companies. To do this we&#8217;ve created profiles for each and every mover. Each profile includes the following information: Moving services offered by the company. Company profile: including history, reputation and organizations &#038; affiliations along with [&hellip;]<\/p>\n","protected":false},"author":1,"featured_media":0,"parent":0,"menu_order":0,"comment_status":"closed","ping_status":"closed","template":"","meta":{"_genesis_hide_title":false,"_genesis_hide_breadcrumbs":false,"_genesis_hide_singular_image":false,"_genesis_hide_footer_widgets":false,"_genesis_custom_body_class":"","_genesis_custom_post_class":"","_genesis_layout":"","footnotes":""},"class_list":{"0":"post-384","1":"page","2":"type-page","3":"status-publish","5":"entry"},"_links":{"self":[{"href":"https:\/\/moverdb.com\/fi\/wp-json\/wp\/v2\/pages\/384","targetHints":{"allow":["GET"]}}],"collection":[{"href":"https:\/\/moverdb.com\/fi\/wp-json\/wp\/v2\/pages"}],"about":[{"href":"https:\/\/moverdb.com\/fi\/wp-json\/wp\/v2\/types\/page"}],"author":[{"embeddable":true,"href":"https:\/\/moverdb.com\/fi\/wp-json\/wp\/v2\/users\/1"}],"replies":[{"embeddable":true,"href":"https:\/\/moverdb.com\/fi\/wp-json\/wp\/v2\/comments?post=384"}],"version-history":[{"count":3,"href":"https:\/\/moverdb.com\/fi\/wp-json\/wp\/v2\/pages\/384\/revisions"}],"predecessor-version":[{"id":387,"href":"https:\/\/moverdb.com\/fi\/wp-json\/wp\/v2\/pages\/384\/revisions\/387"}],"wp:attachment":[{"href":"https:\/\/moverdb.com\/fi\/wp-json\/wp\/v2\/media?parent=384"}],"curies":[{"name":"wp","href":"https:\/\/api.w.org\/{rel}","templated":true}]}}