{"id":366,"date":"2016-05-22T20:25:26","date_gmt":"2016-05-22T20:25:26","guid":{"rendered":"http:\/\/moverdb.com\/?page_id=366"},"modified":"2026-01-08T14:47:18","modified_gmt":"2026-01-08T14:47:18","slug":"jarjestot-ja-yhdistykset","status":"publish","type":"page","link":"https:\/\/moverdb.com\/fi\/organizations-associations\/","title":{"rendered":"28 Kansainv\u00e4liset muutto- ja merenkulkuj\u00e4rjest\u00f6t ja yhdistykset"},"content":{"rendered":"<p><img loading=\"lazy\" decoding=\"async\" width=\"720\" height=\"486\" src=\"https:\/\/moverdb.com\/wp-content\/uploads\/number-buttons.jpg\" alt=\"Kansainv\u00e4liset muutto- ja merenkulkuj\u00e4rjest\u00f6t ja -yhdistykset\" class=\"aligncenter size-full wp-image-367\" srcset=\"https:\/\/moverdb.com\/wp-content\/uploads\/number-buttons.jpg 720w, https:\/\/moverdb.com\/wp-content\/uploads\/number-buttons-300x203.jpg 300w, https:\/\/moverdb.com\/wp-content\/uploads\/number-buttons-600x405.jpg 600w\" sizes=\"auto, (max-width: 720px) 100vw, 720px\" \/><\/p>\n<p>Alla on luettelo t\u00e4rkeimmist\u00e4 kansainv\u00e4lisist\u00e4 muutto- ja merenkulkuj\u00e4rjest\u00f6ist\u00e4, yhdistyksist\u00e4, j\u00e4rjestelmist\u00e4, killoista, neuvostoista jne., joka ei ole tyhjent\u00e4v\u00e4.   <\/p>\n<ol>\n<li> <a href=\"https:\/\/moverdb.com\/fi\/olen\/\">Kansainv\u00e4linen muuttajien liitto<\/a> (IAM) - <a href=\"https:\/\/moverdb.com\/fi\/iam\/\" data-internallinksmanager029f6b8e52c=\"23\" title=\"Kansainv\u00e4linen muuttajien liitto (IAM) selitetty\">Kansainv\u00e4linen muuttajien liitto<\/a> (IAM) on maailmanlaajuinen elin, jonka j\u00e4senet tarjoavat muutto-, huolinta-, merenkulku-, logistiikka- ja niihin liittyvi\u00e4 palveluja.<\/li>\n<li> <a href=\"https:\/\/moverdb.com\/fi\/fidi-faim\/\">FIDI &amp; FIDI:n akkreditoitu kansainv\u00e4linen maahantuoja<\/a> (<a href=\"https:\/\/moverdb.com\/fi\/fidi-faim\/\" data-internallinksmanager029f6b8e52c=\"16\" title=\"FIDI &amp; FAIM (FIDI Accredited International Mover) selitettyin\u00e4\">FAIM<\/a>) - FIDI (F\u00e9d\u00e9ration Internationale des D\u00e9m\u00e9nageurs Internationaux; The Federation of International Movers) on kansainv\u00e4listen muutto- ja siirtoyritysten maailmanlaajuinen kattoj\u00e4rjest\u00f6.<\/li>\n<li> <a href=\"https:\/\/moverdb.com\/fi\/amsa\/\">American Moving &amp; Storage Association<\/a> (AMSA) - <a href=\"https:\/\/moverdb.com\/fi\/amsa\/\" data-internallinksmanager029f6b8e52c=\"5\" title=\"American Moving &amp; Storage Association (AMSA) selitetty\">American Moving &amp; Storage Association<\/a> (AMSA) on amerikkalaisen muuttoteollisuuden kansallinen ammattij\u00e4rjest\u00f6.<\/li>\n<li> <a href=\"https:\/\/moverdb.com\/fi\/vanne-promover\/\">Rekister\u00f6ity kansainv\u00e4linen maahantuoja (RIM) \/ International ProMover<\/a> - Kansainv\u00e4linen <a href=\"https:\/\/moverdb.com\/fi\/rim-promover\/\" data-internallinksmanager029f6b8e52c=\"76\" title=\"RIM International ProMover -sertifiointi selitetty\">ProMover<\/a> sertifiointi on osa American Moving &amp; Storage Associationin (AMSA) luomaa Registered International Mover (RIM) -ohjelmaa.<\/li>\n<li> <a href=\"https:\/\/moverdb.com\/fi\/british-association-of-removers\/\">British Association of Removers<\/a> (BAR) - <a href=\"https:\/\/moverdb.com\/fi\/british-association-of-removers\/\" data-internallinksmanager029f6b8e52c=\"9\" title=\"British Association of Removers (BAR) selitetty\">British Association of Removers<\/a> (BAR) kuvailee itse\u00e4\u00e4n \"ammattimaisen muuttoliikealan tunnustetuksi \u00e4\u00e4nenkannattajaksi\" ja se on keskeinen taho <a href=\"https:\/\/moverdb.com\/fi\/moving-to-the-uk\/\" data-internallinksmanager029f6b8e52c=\"93\" title=\"Muutatko Yhdistyneeseen kuningaskuntaan? 2022 Elinkustannukset ja muuttovinkit\">UK<\/a> liikkuva teollisuus.<\/li>\n<li> <a href=\"https:\/\/moverdb.com\/fi\/bar-overseas\/\">BAR Overseas Group<\/a> - <a href=\"https:\/\/moverdb.com\/fi\/bar-overseas\/\" data-internallinksmanager029f6b8e52c=\"10\" title=\"British Association of Removers (BAR) Overseas Group selitetty\">BAR Overseas<\/a> Group on osa British Association of Removers (BAR) -yhdistyst\u00e4, joka on omistautunut edist\u00e4m\u00e4\u00e4n ammattitaitoa muuttoalalla.<\/li>\n<li> <a href=\"https:\/\/moverdb.com\/fi\/mtc\/\">Movers Trading Club<\/a> (<a href=\"https:\/\/moverdb.com\/fi\/mtc\/\" data-internallinksmanager029f6b8e52c=\"30\" title=\"Movers Trading Club (MTC) selitetty\">MTC<\/a>) - BAR Overseas Group -ryhm\u00e4n j\u00e4senyrityksille, jotta voidaan v\u00e4hent\u00e4\u00e4 <a href=\"https:\/\/moverdb.com\/fi\/muuttokustannukset\/\">muuttokustannukset<\/a> osoitteeseen <a href=\"https:\/\/moverdb.com\/fi\/moving-to-the-united-states\/\" data-internallinksmanager029f6b8e52c=\"94\" title=\"Muutatko Yhdysvaltoihin? 2022 Elinkustannukset ja muuttovinkit\">US<\/a> Yhdistyneest\u00e4 kuningaskunnasta.<\/li>\n<li> <a href=\"https:\/\/moverdb.com\/fi\/canadian-association-of-movers\/\">Kanadan muuttajien liitto<\/a> (CAM) - <a href=\"https:\/\/moverdb.com\/fi\/canadian-association-of-movers\/\" data-internallinksmanager029f6b8e52c=\"11\" title=\"Kanadan muuttajien yhdistys (CAM) selitetty\">Kanadan muuttajien liitto<\/a> on <a href=\"https:\/\/moverdb.com\/fi\/moving-to-canada\/\" data-internallinksmanager029f6b8e52c=\"265\" title=\"Muutto Kanadaan? 2023 Elinkustannukset ja muuttovinkit\">Kanada<\/a>muutto- ja varastointiyrityksi\u00e4 edustava ammattiyhdistys. <\/li>\n<li> <a href=\"https:\/\/moverdb.com\/fi\/aima\/\">Australian kansainv\u00e4listen muuttajien yhdistys<\/a> (AIMA) - <a href=\"https:\/\/moverdb.com\/fi\/aima\/\" data-internallinksmanager029f6b8e52c=\"8\" title=\"Australian International Movers Association (AIMA) selitetty\">Australian kansainv\u00e4listen muuttajien yhdistys<\/a> (AIMA) kuvailee itse\u00e4\u00e4n ammatilliseksi foorumiksi, joka toimii <a href=\"https:\/\/moverdb.com\/fi\/international-removals\/\" data-internallinksmanager029f6b8e52c=\"27\" title=\"36 Parhaat kansainv\u00e4liset muuttoyritykset Yhdistyneess\u00e4 kuningaskunnassa\">kansainv\u00e4liset muutot<\/a> teollisuus.<\/li>\n<li> <a href=\"https:\/\/moverdb.com\/fi\/afra\/\">Australian Furniture Removers Association<\/a> (AFRA) - <a href=\"https:\/\/moverdb.com\/fi\/afra\/\" data-internallinksmanager029f6b8e52c=\"7\" title=\"Australian Furniture Removers Association (AFRA) selitetty\">Australian Furniture Removers Association<\/a> (AFRA) kuvailee itse\u00e4\u00e4n sek\u00e4 muuttoalan edustajaksi ett\u00e4 s\u00e4\u00e4ntelij\u00e4ksi. <a href=\"https:\/\/moverdb.com\/fi\/moving-to-australia\/living-in-australia\/\" data-internallinksmanager029f6b8e52c=\"240\" title=\"21 salaisuuksia asumisesta Australiassa tiet\u00e4\u00e4 ennen muuttoa\">Australia<\/a>.<\/li>\n<li> <a href=\"https:\/\/moverdb.com\/fi\/hgfaa\/\">Household Goods Forwarders Association of America (Amerikan kotitaloustavaroiden huolitsijoiden yhdistys)<\/a> (HGFAA) - <a href=\"https:\/\/moverdb.com\/fi\/hgfaa\/\" data-internallinksmanager029f6b8e52c=\"21\" title=\"Amerikan kotitaloustavaroiden huolitsijoiden yhdistys (HGFAA) selitetty\">Household Goods Forwarders Association of America (Amerikan kotitaloustavaroiden huolitsijoiden yhdistys)<\/a> (HGFAA) kuvailee itse\u00e4\u00e4n maailmanlaajuiseksi muuttoliikkeiden yhdistykseksi, joka on sitoutunut varmistamaan, ett\u00e4 asiakkaat saavat parhaan mahdollisen palvelun muuton aikana.<\/li>\n<li> <a href=\"https:\/\/moverdb.com\/fi\/ncbfaa\/\">National Customs Brokers &amp; Forwarders Association of America (Amerikan tulliv\u00e4litt\u00e4jien ja huolitsijoiden yhdistys)<\/a> (NCBFAA) - <a href=\"https:\/\/moverdb.com\/fi\/ncbfaa\/\" data-internallinksmanager029f6b8e52c=\"73\" title=\"National Customs Brokers &amp; Forwarders Association of America (NCBFAA) (Amerikan tulliv\u00e4litt\u00e4jien ja huolitsijoiden liitto)\">National Customs Brokers &amp; Forwarders Association of America (Amerikan tulliv\u00e4litt\u00e4jien ja huolitsijoiden yhdistys)<\/a> (NCBFAA) pidet\u00e4\u00e4n kuljetuslogistiikka-alan \u00e4\u00e4nitorvena Amerikassa.<\/li>\n<li> <a href=\"https:\/\/moverdb.com\/fi\/lacma\/\">Latinalaisen Amerikan ja Karibian alueen kansainv\u00e4listen muuttajien yhdistys<\/a> (LACMA) - The <a href=\"https:\/\/moverdb.com\/fi\/lacma\/\" data-internallinksmanager029f6b8e52c=\"28\" title=\"Latinalaisen Amerikan ja Karibian alueen kansainv\u00e4listen muuttajien yhdistys (LACMA)\">Latinalaisen Amerikan ja Karibian alueen kansainv\u00e4listen muuttajien yhdistys<\/a> (LACIMA) edustaa muutto- ja uudelleensijoitusyritysten kokoelmaa, jonka tarkoituksena on edist\u00e4\u00e4 paikallisten yritysten sek\u00e4 muiden yritysten integroitumista eri puolilla maailmaa.<\/li>\n<li> <a href=\"https:\/\/moverdb.com\/fi\/iata\/\">Kansainv\u00e4linen ilmakuljetusliitto<\/a> (IATA) - <a href=\"https:\/\/moverdb.com\/fi\/iata\/\" data-internallinksmanager029f6b8e52c=\"22\" title=\"Kansainv\u00e4lisen ilmakuljetusliiton (IATA) selitykset\">Kansainv\u00e4linen ilmakuljetusliitto<\/a> (IATA) on maailman lentoyhti\u00f6iden maailmanlaajuinen ammattij\u00e4rjest\u00f6. Sen teht\u00e4v\u00e4n\u00e4 on johtaa ja palvella j\u00e4seni\u00e4\u00e4n sek\u00e4 edustaa heid\u00e4n etujaan tavalla, joka edist\u00e4\u00e4 lentoliikennett\u00e4.<\/li>\n<li> <a href=\"https:\/\/moverdb.com\/fi\/euromovers\/\">Eurooppalainen liikkeenharjoittajien kumppanuus (EUROMOVERS International)<\/a> - <a href=\"https:\/\/moverdb.com\/fi\/euromovers\/\" data-internallinksmanager029f6b8e52c=\"12\" title=\"Euroopan liikkujakumppanuus (EUROMOVERS International) selitet\u00e4\u00e4n\">Euromovers<\/a> on sijoittautunut <a href=\"https:\/\/moverdb.com\/fi\/moving-to-luxembourg\/\" data-internallinksmanager029f6b8e52c=\"349\" title=\"Muutatko Luxemburgiin? 2023 Elinkustannukset ja muuttovinkit\">Luxemburg<\/a> ja se koostuu useista johtavista <a href=\"https:\/\/moverdb.com\/fi\/moving-companies\/\" data-internallinksmanager029f6b8e52c=\"79\" title=\"Top 25 Kansainv\u00e4list\u00e4 muuttoyrityksi\u00e4 verkossa\">kansainv\u00e4liset muuttofirmat<\/a> jotka ovat muodostaneet verkoston yhteisten standardien, vision ja suunnan perusteella.<\/li>\n<li> <a href=\"https:\/\/moverdb.com\/fi\/tyontekijan-uudelleensijoitusneuvosto\/\">Maailmanlaajuinen ERC<\/a> (Employee Relocation Council) - Ty\u00f6ntekij\u00f6iden uudelleensijoitusneuvosto <a href=\"https:\/\/moverdb.com\/fi\/employee-relocation-council\/\" data-internallinksmanager029f6b8e52c=\"83\" title=\"Maailmanlaajuinen ty\u00f6ntekij\u00f6iden uudelleensijoitusneuvosto (ERC) selitetty\">Maailmanlaajuinen ty\u00f6ntekij\u00f6iden uudelleensijoitusneuvosto<\/a> (ERC) kuvailee itse\u00e4\u00e4n ty\u00f6voiman liikkuvuuden j\u00e4rjest\u00f6ksi ammattilaisille, jotka valvovat, hallinnoivat tai tukevat Yhdysvaltojen sis\u00e4isi\u00e4 ja kansainv\u00e4lisi\u00e4 ty\u00f6ntekij\u00f6iden siirtoja.<\/li>\n<li> <a href=\"https:\/\/moverdb.com\/fi\/harmony-relocation-network\/\">Harmony Relocation Network<\/a> - The <a href=\"https:\/\/moverdb.com\/fi\/harmony-relocation-network\/\" data-internallinksmanager029f6b8e52c=\"20\" title=\"Harmony Relocation Network (HRN) selitetty\">Harmony Relocation Network<\/a> (HRN) on kumppaniyritysten ryhm\u00e4, joka perustettiin rakentamaan yleiseurooppalainen verkosto maailmanlaajuisia uudelleensijoituksia varten.<\/li>\n<li> <a href=\"https:\/\/moverdb.com\/fi\/eura\/\">European Relocation Association<\/a> (EuRA) - The <a href=\"https:\/\/moverdb.com\/fi\/eura\/\" data-internallinksmanager029f6b8e52c=\"13\" title=\"European Relocation Association (EuRA) selitetty\">European Relocation Association<\/a> (EuRA) edist\u00e4\u00e4 ammattimaisesti hoidettujen muutto- ja liikkuvuuspalvelujen etuja yrityksille, joilla on maailmanlaajuisesti liikkuvia ty\u00f6ntekij\u00f6it\u00e4.<\/li>\n<li> <a href=\"https:\/\/moverdb.com\/fi\/association-relocation-professionals\/\">Siirtoalan ammattilaisten yhdistys<\/a> (ARP) - The <a href=\"https:\/\/moverdb.com\/fi\/association-relocation-professionals\/\" data-internallinksmanager029f6b8e52c=\"6\" title=\"Association of Relocation Professionals (ARP) selitetty\">Siirtoalan ammattilaisten yhdistys<\/a> (ARP) on Yhdistyneess\u00e4 kuningaskunnassa toimiva muuttoliikealan ammattij\u00e4rjest\u00f6.<\/li>\n<li> <a href=\"https:\/\/moverdb.com\/fi\/rios\/\">Muuttoalan oikeusasiamiesj\u00e4rjestelm\u00e4<\/a> (<a href=\"https:\/\/moverdb.com\/fi\/rios\/\" data-internallinksmanager029f6b8e52c=\"75\" title=\"Muuttoalan oikeusasiamiesj\u00e4rjestelm\u00e4 (RIOS) selitetty\">RIOS<\/a>) - Muuttoalan oikeusasiamiesj\u00e4rjestelm\u00e4 (RIOS) k\u00e4sittelee Yhdistyneess\u00e4 kuningaskunnassa toimivista muuttoliikealan yrityksist\u00e4 tehtyj\u00e4 valituksia.<\/li>\n<li> <a href=\"https:\/\/moverdb.com\/fi\/fedemac\/\">Federation of European Movers Association<\/a> (FEDEMAC) - <a href=\"https:\/\/moverdb.com\/fi\/fedemac\/\" data-internallinksmanager029f6b8e52c=\"15\" title=\"Federation of European Movers Association (FEDEMAC) selitetty\">Federation of European Movers Association<\/a> (FEDEMAC) on eurooppalainen elin, joka on perustettu edist\u00e4m\u00e4\u00e4n muuttoteollisuutta Euroopan tasolla.<\/li>\n<li> <a href=\"https:\/\/moverdb.com\/fi\/freight-transport-association\/\">Rahtikuljetusliitto<\/a> (FTA) - <a href=\"https:\/\/moverdb.com\/fi\/freight-transport-association\/\" data-internallinksmanager029f6b8e52c=\"18\" title=\"Rahtikuljetusliitto (FTA) selitetty\">Rahtikuljetusliitto<\/a> (FTA) perustettiin edustamaan logistiikkayritysten etuja riippumatta siit\u00e4, kuljettavatko ne tavaroita meri-, lento-, maantie- tai rautateitse.<\/li>\n<li> <a href=\"https:\/\/moverdb.com\/fi\/eurovan-movers\/\">Eurovan International Movers Network<\/a> - <a href=\"https:\/\/moverdb.com\/fi\/eurovan-movers\/\" data-internallinksmanager029f6b8e52c=\"14\" title=\"Eurovan International Movers Network (EM) selitetty\">Eurovan International Movers Network<\/a> (EM) on riippumattomien paikallisten muuttofirmojen verkosto, jonka kotipaikka on <a href=\"https:\/\/moverdb.com\/fi\/moving-to-germany\/\" data-internallinksmanager029f6b8e52c=\"321\" title=\"Muutatko Saksaan? 2023 Elinkustannukset ja muuttovinkit\">Saksa<\/a>. Verkosto on suunniteltu vastaamaan tarpeeseen tarjota yhdenmukaista palvelutasoa kansainv\u00e4lisiss\u00e4 siirroissa, jotka voivat kulkea useiden maiden yli.<\/li>\n<li> <a href=\"https:\/\/moverdb.com\/fi\/ngrs\/\">National Guild of Removers and Storers<\/a> (NGRS) - <a href=\"https:\/\/moverdb.com\/fi\/ngrs\/\" data-internallinksmanager029f6b8e52c=\"74\" title=\"National Guild of Removers and Storers (NGRS) selitetty.\">National Guild of Removers and Storers<\/a> (NGRS) on perustettu s\u00e4\u00e4ntelem\u00e4\u00e4n muutto- ja varastointialaa Yhdistyneess\u00e4 kuningaskunnassa.<\/li>\n<li> <a href=\"https:\/\/moverdb.com\/fi\/international-maritime-organisaatio\/\">Kansainv\u00e4linen merenkulkuj\u00e4rjest\u00f6<\/a> (IMO) - <a href=\"https:\/\/moverdb.com\/fi\/international-maritime-organisation\/\" data-internallinksmanager029f6b8e52c=\"24\" title=\"Kansainv\u00e4linen merenkulkuj\u00e4rjest\u00f6 (IMO)\">Kansainv\u00e4linen merenkulkuj\u00e4rjest\u00f6<\/a> (IMO) on Yhdistyneess\u00e4 kuningaskunnassa sijaitseva YK:n j\u00e4rjest\u00f6, joka vastaa merenkulun s\u00e4\u00e4ntelyst\u00e4.<\/li>\n<li> <a href=\"https:\/\/moverdb.com\/fi\/world-shipping-council\/\">Maailman merenkulkuneuvosto<\/a> (WSC) - <a href=\"https:\/\/moverdb.com\/fi\/world-shipping-council\/\" data-internallinksmanager029f6b8e52c=\"82\" title=\"Maailman merenkulkuj\u00e4rjest\u00f6 (WSC) selitetty\">Maailman merenkulkuneuvosto<\/a> (WSC) edustaa linjaliikennett\u00e4.<\/li>\n<li> <a href=\"https:\/\/moverdb.com\/fi\/world-customs-organization\/\">Maailman tullij\u00e4rjest\u00f6<\/a> (<a href=\"https:\/\/moverdb.com\/fi\/world-customs-organization\/\" data-internallinksmanager029f6b8e52c=\"81\" title=\"Maailman tullij\u00e4rjest\u00f6 (WCO) selitetty\">WCO<\/a>) - Maailman tullij\u00e4rjest\u00f6 (WCO) on riippumaton hallitustenv\u00e4linen elin, joka toimii tulliyhteis\u00f6n \u00e4\u00e4nitorvena. <\/li>\n<li> <a href=\"https:\/\/moverdb.com\/fi\/international-chamber-shipping\/\">Kansainv\u00e4linen merenkulkukamari<\/a> (ICS) -  <a href=\"https:\/\/moverdb.com\/fi\/international-chamber-shipping\/\" data-internallinksmanager029f6b8e52c=\"78\" title=\"Kansainv\u00e4linen merenkulkukamari (ICS) selitettyin\u00e4\">Kansainv\u00e4linen merenkulkukamari<\/a> (ICS) on ammattiyhdistys, joka edustaa alusten omistajia ja operaattoreita kansallisten varustamoyhdistysten kautta. <\/li>\n<\/ol>","protected":false},"excerpt":{"rendered":"<p>Below is a non-exhaustive list of the most important international moving &#038; shipping organizations, associations, schemes, guilds, councils etc. International Association of Movers (IAM) &#8211; The International Association of Movers (IAM) is a global trade body with members who provide moving, forwarding, shipping, logistics, and related services. FIDI &#038; FIDI Accredited International Mover (FAIM) &#8211; [&hellip;]<\/p>\n","protected":false},"author":1,"featured_media":367,"parent":0,"menu_order":0,"comment_status":"closed","ping_status":"closed","template":"","meta":{"_genesis_hide_title":false,"_genesis_hide_breadcrumbs":false,"_genesis_hide_singular_image":false,"_genesis_hide_footer_widgets":false,"_genesis_custom_body_class":"","_genesis_custom_post_class":"","_genesis_layout":"","footnotes":""},"class_list":{"0":"post-366","1":"page","2":"type-page","3":"status-publish","4":"has-post-thumbnail","6":"entry"},"_links":{"self":[{"href":"https:\/\/moverdb.com\/fi\/wp-json\/wp\/v2\/pages\/366","targetHints":{"allow":["GET"]}}],"collection":[{"href":"https:\/\/moverdb.com\/fi\/wp-json\/wp\/v2\/pages"}],"about":[{"href":"https:\/\/moverdb.com\/fi\/wp-json\/wp\/v2\/types\/page"}],"author":[{"embeddable":true,"href":"https:\/\/moverdb.com\/fi\/wp-json\/wp\/v2\/users\/1"}],"replies":[{"embeddable":true,"href":"https:\/\/moverdb.com\/fi\/wp-json\/wp\/v2\/comments?post=366"}],"version-history":[{"count":29,"href":"https:\/\/moverdb.com\/fi\/wp-json\/wp\/v2\/pages\/366\/revisions"}],"predecessor-version":[{"id":1342,"href":"https:\/\/moverdb.com\/fi\/wp-json\/wp\/v2\/pages\/366\/revisions\/1342"}],"wp:featuredmedia":[{"embeddable":true,"href":"https:\/\/moverdb.com\/fi\/wp-json\/wp\/v2\/media\/367"}],"wp:attachment":[{"href":"https:\/\/moverdb.com\/fi\/wp-json\/wp\/v2\/media?parent=366"}],"curies":[{"name":"wp","href":"https:\/\/api.w.org\/{rel}","templated":true}]}}