{"id":353,"date":"2016-05-22T20:42:36","date_gmt":"2016-05-22T20:42:36","guid":{"rendered":"http:\/\/moverdb.com\/?page_id=353"},"modified":"2026-01-08T15:20:35","modified_gmt":"2026-01-08T15:20:35","slug":"vanne-promover","status":"publish","type":"page","link":"https:\/\/moverdb.com\/fi\/rim-promover\/","title":{"rendered":"RIM International ProMover -sertifiointi selitetty"},"content":{"rendered":"<p>Kansainv\u00e4linen ProMover-sertifiointi on osa RIM-ohjelmaa (Registered International Mover), jonka on luonut <a href=\"https:\/\/moverdb.com\/fi\/amsa\/\">American Moving &amp; Storage Association<\/a> (<a href=\"https:\/\/moverdb.com\/fi\/amsa\/\" data-internallinksmanager029f6b8e52c=\"5\" title=\"American Moving &amp; Storage Association (AMSA) selitetty\">AMSA<\/a>). <\/p>\n<p>Sen tarkoituksena on auttaa kansainv\u00e4lisi\u00e4 kotitaloustavaroiden siirtopalveluja k\u00e4ytt\u00e4vi\u00e4 asiakkaita, ja sen tarkoituksena on helpottaa valintojen tekemist\u00e4, jolloin vaihtoehtojen erottaminen toisistaan ja oikean muuttajan l\u00f6yt\u00e4minen on helpompaa.<\/p>\n<p><strong>T\u00e4rkeimm\u00e4t tiedot organisaatiosta:<\/strong><\/p>\n<ol>\n<li> Yli 200 yrityksell\u00e4 ja yli 1000 yksityishenkil\u00f6ll\u00e4 on t\u00e4ll\u00e4 hetkell\u00e4 joko yritys- tai yksityishenkil\u00f6n RIM-sertifikaatti.<\/li>\n<li> Registered International Mover -sertifikaatti on yksi AMSA:n hallinnoimista asiantuntijoiden ammattitutkinnoista.<\/li>\n<li> AMSA on amerikkalaisen muutto- ja varastointialan kansallinen ammattij\u00e4rjest\u00f6. Sertifikaatti on kuitenkin maailmanlaajuinen, ja yritykset ymp\u00e4ri maailmaa voivat hakea sit\u00e4.<\/li>\n<li> Registered International Mover -ohjelman tarkoituksena on asettaa yleiset standardit seuraaville toimijoille <a href=\"https:\/\/moverdb.com\/fi\/moving-companies\/\" data-internallinksmanager029f6b8e52c=\"79\" title=\"Top 25 Kansainv\u00e4list\u00e4 muuttoyrityksi\u00e4 verkossa\">kansainv\u00e4liset muuttofirmat<\/a> ja heid\u00e4n henkil\u00f6kuntansa.<\/li>\n<li> RIM-sertifioiduista yrityksist\u00e4, jotka t\u00e4ytt\u00e4v\u00e4t ProMover-vaatimukset, tulee \"kansainv\u00e4lisi\u00e4 ProMover-yrityksi\u00e4\".<\/li>\n<li> RIM on sik\u00e4li melko ainutlaatuinen, ett\u00e4 sen perustivat vuonna 1994 edustajat, jotka edustivat <a href=\"https:\/\/moverdb.com\/fi\/hgfaa\/\">HHGFAA<\/a>, NMSA (AMSA), <a href=\"https:\/\/moverdb.com\/fi\/employee-relocation-council\/\" data-internallinksmanager029f6b8e52c=\"83\" title=\"Maailmanlaajuinen ty\u00f6ntekij\u00f6iden uudelleensijoitusneuvosto (ERC) selitetty\">ERC<\/a>, OMNI, <a href=\"https:\/\/moverdb.com\/fi\/fidi-faim\/\">FIDI<\/a> ja 10 suurinta pakettiautoliikennett\u00e4, jotka ovat sekoitus ostajia ja kilpailukykyisi\u00e4 myyji\u00e4.<\/li>\n<p><strong>RIM:n organisaatioprofiili<\/strong><\/p>\n<p>RIM:n j\u00e4seneksi liittymisprosessi sis\u00e4lt\u00e4\u00e4 tiukkaa koulutusta, todentamista ja testausta, jossa keskityt\u00e4\u00e4n siihen, onko laitteiden k\u00e4sittely\u00e4 koskevat standardit kunnossa ja onko yrityksell\u00e4 resursseja hallita kansainv\u00e4linen muutto korkeatasoisesti. <\/p>\n<p>ProMover-sertifioinnin ideana on, ett\u00e4 se my\u00f6nnet\u00e4\u00e4n vain niille yrityksille, jotka voivat osoittaa noudattavansa muutto- ja varastointialan korkeimpia eettisi\u00e4 periaatteita ja k\u00e4yt\u00e4nt\u00f6j\u00e4. <\/p>\n<p>ProMover-sertifioinnin tekee erilaiseksi se, ett\u00e4 se tarjoaa asiakkaille standardoidun ja riippumattoman tavan tehd\u00e4 eroa eri vaihtoehtojen v\u00e4lill\u00e4 ja valita p\u00e4tev\u00e4 yritys kansainv\u00e4list\u00e4 muuttoa varten riippumatta siit\u00e4, miss\u00e4 kyseinen yritys sijaitsee.<\/p>\n<p><strong>J\u00e4senyyskriteerit <\/strong><\/p>\n<ul>\n<li> V\u00e4hint\u00e4\u00e4n vuoden kokemus kansainv\u00e4lisist\u00e4 kotitaloustavaroiden siirtopalveluista.<\/li>\n<li> Virheet\u00f6n AMSA:n j\u00e4senyys v\u00e4hint\u00e4\u00e4n 18 kuukauden ajan.<\/li>\n<li> niill\u00e4 on oltava liiketoiminnan harjoittamiseen tarvittavat lailliset toimintavaltuudet, olipa kyse sitten <a href=\"https:\/\/moverdb.com\/fi\/moving-to-the-united-states\/\" data-internallinksmanager029f6b8e52c=\"94\" title=\"Muutatko Yhdysvaltoihin? 2022 Elinkustannukset ja muuttovinkit\">US<\/a> tai muualla.<\/li>\n<li> Kirjallisen kokeen l\u00e4p\u00e4iseminen (yksitt\u00e4inen henkil\u00f6 yrityksen puolesta).<\/li>\n<li> t\u00e4ytt\u00e4v\u00e4t RIM:n vaatimukset laitteiden, tilojen ja turvallisuusasiakirjojen osalta - n\u00e4m\u00e4 tarkistetaan yll\u00e4tysk\u00e4ynneill\u00e4 paikan p\u00e4\u00e4ll\u00e4.<\/li>\n<li> Tilaa kansainv\u00e4liset ProMoverin eettiset s\u00e4\u00e4nn\u00f6t.<\/li>\n<li> Uudelleensertifiointia varten v\u00e4hint\u00e4\u00e4n kolmen ty\u00f6ntekij\u00e4n on oltava sertifioituja (toimistohenkil\u00f6st\u00f6, pakkaajat tai miehist\u00f6n j\u00e4senet).<\/li>\n<li> BBB:n luottoluokitus \"C\" tai parempi BBB:n luokittelemien yritysten osalta maissa, joissa BBB-luokitukset ovat saatavilla.<\/li>\n<li> AMSA:n henkil\u00f6kunnan suorittama mahdollisten valitusten tarkastelu<\/li>\n<li> Liikekumppaneiden suositukset ovat v\u00e4ltt\u00e4m\u00e4tt\u00f6mi\u00e4<\/li>\n<\/ul>\n<p><strong>Top 10 j\u00e4senyrityst\u00e4<\/strong> (koon mukaan)<\/p>\n<ol>\n<li> <a href=\"https:\/\/moverdb.com\/fi\/united-van-lines\/\">United Van Lines<\/a><\/li>\n<li> <a href=\"https:\/\/moverdb.com\/fi\/atlas-van-lines-international\/\">Atlas Van Lines International<\/a><\/li>\n<li> <a href=\"https:\/\/moverdb.com\/fi\/mayflower-transit\/\">Mayflower Transit<\/a><\/li>\n<li> <a href=\"https:\/\/moverdb.com\/fi\/north-american-van-lines\/\">North American Van Lines<\/a><\/li>\n<li> <a href=\"https:\/\/moverdb.com\/fi\/wheaton\/\">Wheaton World Wide Moving<\/a><\/li>\n<li> <a href=\"https:\/\/moverdb.com\/fi\/bekins-van-lines\/\">Bekins Van Lines<\/a><\/li>\n<li> <a href=\"https:\/\/moverdb.com\/fi\/graebel-van-lines\/\">Graebel Van Lines<\/a><\/li>\n<li> <a href=\"https:\/\/moverdb.com\/fi\/arpin-van-lines\/\">Arpin Van Lines<\/a><\/li>\n<li> <a href=\"https:\/\/moverdb.com\/fi\/stevens-worldwide-van-lines\/\">Stevens Worldwide Van Lines<\/a><\/li>\n<li> <a href=\"https:\/\/moverdb.com\/fi\/suddath\/\">Suddath<\/a><\/li>\n<li> <a href=\"https:\/\/moverdb.com\/fi\/vip-kuljetus\/\">VIP-kuljetukset<\/a><\/li>\n<li> <a href=\"https:\/\/moverdb.com\/fi\/royal-hawaiian-movers\/\">Royal Hawaiian Movers<\/a><\/li>\n<\/ol>\n<p><strong>Mielipiteet organisaatiosta<\/strong><\/p>\n<p>Useat muuttoyritykset mainitsevat RIM-sertifioinnin verkkosivuillaan, ja useat neuvontasivustot viittaavat siihen ammattimaisen muuttoyrityksen merkkin\u00e4. Kaikki sivustot, joilla se mainitaan, viittaavat tiukkaan koulutukseen ja todentamiseen, jota sertifioinnin saaminen - ja sen yll\u00e4pit\u00e4minen - edellytt\u00e4\u00e4. <\/p>\n<p>Taloudellinen vakaus ja maine korkealaatuisen palvelun tarjoajana ovat kaksi muuta ominaisuutta, joita RIM-sertifikaattiin liitet\u00e4\u00e4n muuttofirmoissa, jotka mainitsevat sen verkkosivuillaan. Useimmat korostavat, ett\u00e4 sertifiointi edellytt\u00e4\u00e4 jatkuvaa toimintaa - jatkuvaa koulutusta ja opetusta sek\u00e4 kyky\u00e4 l\u00e4p\u00e4ist\u00e4 satunnaiset tilak\u00e4ynnit. <\/p>\n<p>Lis\u00e4ksi mainitaan, ett\u00e4 on noudatettava tiukkoja k\u00e4yt\u00e4nnes\u00e4\u00e4nt\u00f6j\u00e4.<\/p>\n<p>Useat muuttomiehet mainitsevat my\u00f6s ProMover-p\u00e4tevyyden - t\u00e4m\u00e4 on t\u00e4rke\u00e4\u00e4, koska \"T\u00e4m\u00e4 saavutus antaa asiakkaillemme varmuuden siit\u00e4, ett\u00e4 he ovat tekemisiss\u00e4 laillisen, ammattimaisen muuttomiehen eiv\u00e4tk\u00e4 huijarin kanssa, joka yritt\u00e4\u00e4 huijata heit\u00e4.\". ProMoveriksi ryhtyminen on johdonmukaista yrityksemme pitk\u00e4n historian kanssa, jonka mukaan kohtelemme asiakkaitamme reilusti ja rehellisesti.\" <\/p>\n<p>Huomautetaan, ett\u00e4 p\u00e4tevyyden ansiosta muuttoliikeyritys voi k\u00e4ytt\u00e4\u00e4 ProMoverin tunnusmerkkin\u00e4 olevaa lihavoitua isoa M-logoa mainos- ja markkinointimateriaaleissaan sek\u00e4 verkkosivustollaan.<\/p>\n<p>Miten muuttajat kuvaavat sit\u00e4:<\/p>\n<blockquote><p>Viraston sertifiointi osoittaa, ett\u00e4 virastolla on riitt\u00e4v\u00e4t laitteet, tilat ja RIM\u00ae-sertifioitu henkil\u00f6st\u00f6 t\u00e4ytt\u00e4m\u00e4\u00e4n RIM\u00ae-minimivaatimukset. Lis\u00e4ksi se edellytt\u00e4\u00e4, ett\u00e4 p\u00e4\u00e4johtaja tai toimitusjohtaja l\u00e4p\u00e4isee RIM\u00ae-k\u00e4sikirjaan perustuvan kokeen ja ett\u00e4 h\u00e4nell\u00e4 on kansainv\u00e4lisen liiketoiminnan harjoittamiseen tarvittavat tiedot. Lis\u00e4ksi RIM\u00ae-sertifioidun edustajan on kolmen vuoden kuluessa alkuper\u00e4isest\u00e4 sertifioinnista palkattava RIM\u00ae-sertifioitu katsastaja, koordinaattori ja v\u00e4hint\u00e4\u00e4n kolme sertifioitua kansainv\u00e4list\u00e4 pakkaajaa.<\/p><\/blockquote>\n<p> - <a href=\"http:\/\/www.castinemovers.com\/category\/RIM\/c70\" target=\"_blank\" rel=\"noopener\">Castine Muuttomiehet<\/a><\/p>\n<blockquote><p>Rekister\u00f6ity kansainv\u00e4linen maahantuoja (RIM) -sertifiointi on vapaaehtoinen. Sertifikaatin saamiseksi muuttofirman on l\u00e4p\u00e4ist\u00e4v\u00e4 tiukka koulutus ja testaus. Sertifiointi varmistaa, ett\u00e4 sen haltija tuntee kaikki kansainv\u00e4liseen muuttoon liittyv\u00e4t n\u00e4k\u00f6kohdat.<\/p><\/blockquote>\n<p> - <a href=\"http:\/\/www.newworldvanlines.com\/international.html\" target=\"_blank\" rel=\"noopener\">New World Van Lines<\/a><\/p>\n<blockquote><p>S\u00e4ilytt\u00e4\u00e4kseen sertifikaatin johdon ja henkil\u00f6st\u00f6n on kolmen vuoden kuluessa suoritettava v\u00e4hint\u00e4\u00e4n 15 tuntia RIM:n hyv\u00e4ksym\u00e4\u00e4 t\u00e4ydennyskoulutusta, ja yrityksen tilat ja laitteet on tarkastettava uudelleen kolmen vuoden v\u00e4lein. T\u00e4h\u00e4n menness\u00e4 yli 142 muutto- ja varastointiyrityst\u00e4 on suorittanut RIM-ohjelman alkuvaiheen.<\/p><\/blockquote>\n<p> - <a href=\"http:\/\/www.movingscam.com\/articles\/planning-an-international-move\" target=\"_blank\" rel=\"noopener\">Liikkuva huijaus<\/a><\/p>\n<blockquote><p>RIM (Registered International Mover) -ohjelman mukaista sertifiointia varten muuttofirman on oltava taloudellisesti vakaa, sill\u00e4 on oltava maine laadukkaasta palvelusta ja sen on noudatettava tiukkoja k\u00e4yt\u00e4nnes\u00e4\u00e4nt\u00f6j\u00e4, joiden tarkoituksena on varmistaa, ett\u00e4 olet t\u00e4ysin tyytyv\u00e4inen.<\/p><\/blockquote>\n<p> - <a href=\"http:\/\/taylorinternational.ca\/international-moving-relocation\" target=\"_blank\" rel=\"noopener\">Taylor International Movers<\/a><\/p>","protected":false},"excerpt":{"rendered":"<p>The International ProMover certification is part of the Registered International Mover (RIM) program created by the American Moving &#038; Storage Association (AMSA). It is aimed to assist customers using international household goods relocation services and is intended to facilitate easier choices, making it simpler to differentiate between the options and find the right mover. Key [&hellip;]<\/p>\n","protected":false},"author":1,"featured_media":0,"parent":0,"menu_order":0,"comment_status":"closed","ping_status":"closed","template":"","meta":{"_genesis_hide_title":false,"_genesis_hide_breadcrumbs":false,"_genesis_hide_singular_image":false,"_genesis_hide_footer_widgets":false,"_genesis_custom_body_class":"","_genesis_custom_post_class":"","_genesis_layout":"","footnotes":""},"class_list":{"0":"post-353","1":"page","2":"type-page","3":"status-publish","5":"entry"},"_links":{"self":[{"href":"https:\/\/moverdb.com\/fi\/wp-json\/wp\/v2\/pages\/353","targetHints":{"allow":["GET"]}}],"collection":[{"href":"https:\/\/moverdb.com\/fi\/wp-json\/wp\/v2\/pages"}],"about":[{"href":"https:\/\/moverdb.com\/fi\/wp-json\/wp\/v2\/types\/page"}],"author":[{"embeddable":true,"href":"https:\/\/moverdb.com\/fi\/wp-json\/wp\/v2\/users\/1"}],"replies":[{"embeddable":true,"href":"https:\/\/moverdb.com\/fi\/wp-json\/wp\/v2\/comments?post=353"}],"version-history":[{"count":22,"href":"https:\/\/moverdb.com\/fi\/wp-json\/wp\/v2\/pages\/353\/revisions"}],"predecessor-version":[{"id":6232,"href":"https:\/\/moverdb.com\/fi\/wp-json\/wp\/v2\/pages\/353\/revisions\/6232"}],"wp:attachment":[{"href":"https:\/\/moverdb.com\/fi\/wp-json\/wp\/v2\/media?parent=353"}],"curies":[{"name":"wp","href":"https:\/\/api.w.org\/{rel}","templated":true}]}}