{"id":351,"date":"2016-05-22T21:04:36","date_gmt":"2016-05-22T21:04:36","guid":{"rendered":"http:\/\/moverdb.com\/?page_id=351"},"modified":"2026-01-08T14:40:12","modified_gmt":"2026-01-08T14:40:12","slug":"mcgimpsey-brothers-removals","status":"publish","type":"page","link":"https:\/\/moverdb.com\/fi\/mcgimpsey-brothers-removals\/","title":{"rendered":"McGimpsey Brothers Removals: Gimpsey McGimpsey Moving: International Moving Reviews"},"content":{"rendered":"<p>McGimpsey Brothers Removals tarjoaa asiakkailleen seuraavia palveluja sek\u00e4 yksityishenkil\u00f6ille ett\u00e4 yrityksille, kun he muuttavat ulkomaille tai paikallisesti. Yritysprofiili ja arvostelut seuraavat palveluosiossa.<\/p>\n<p><strong>Muutto ulkomaille<\/strong><\/p>\n<ul>\n<li> P\u00e4ivitt\u00e4inen lento- ja merirahti<\/li>\n<li> Vientipakkausten, etikettien ja lastauslaitteiden erikoispakkaaminen, -merkint\u00e4 ja -lastaus<\/li>\n<li> Toimitus ja tulliselvitys<\/li>\n<li> Toimitus, purkaminen ja pystytt\u00e4minen, roskien poistaminen.<\/li>\n<li> Vakuutusturva<\/li>\n<li> Henkil\u00f6kohtainen konsultti<\/li>\n<\/ul>\n<p><strong>Muutto Euroopan sis\u00e4ll\u00e4<\/strong><\/p>\n<ul>\n<li> Ovelta ovelle<\/li>\n<li> Huippuluokan, tarkoitusta varten rakennetut muuttoajoneuvot<\/li>\n<li> Korkean turvallisuustason j\u00e4ljittimet ja satelliittinavigointij\u00e4rjestelm\u00e4t<\/li>\n<li> Pakkaaminen ja purkaminen<\/li>\n<li> Vakuutusturva<\/li>\n<li> Henkil\u00f6kohtainen konsultti<\/li>\n<\/ul>\n<p><strong>Yritysten ja yritysten muutot<\/strong><\/p>\n<ul>\n<li> Yritysten uudelleensijoittaminen maailmanlaajuisesti<\/li>\n<li> Ty\u00f6ntekij\u00f6iden siirt\u00e4minen maailmanlaajuisesti<\/li>\n<li> Henkil\u00f6kohtainen konsultti<\/li>\n<\/ul>\n<p><strong>Liikkuminen sis\u00e4ll\u00e4 <a href=\"https:\/\/moverdb.com\/fi\/moving-to-ireland\/\" data-internallinksmanager029f6b8e52c=\"320\" title=\"Muutatko Irlantiin? 2023 Elinkustannukset ja muuttovinkit\">Irlanti<\/a><\/strong><\/p>\n<ul>\n<li> Ovelta ovelle<\/li>\n<li> Pakkaaminen ja purkaminen<\/li>\n<li> Vakuutus<\/li>\n<li> Henkil\u00f6kohtainen konsultti<\/li>\n<\/ul>\n<p><strong>Muutto <a href=\"https:\/\/moverdb.com\/fi\/moving-to-isle-of-man\/\" data-internallinksmanager029f6b8e52c=\"339\" title=\"Muutatko Mansaarelle? 2023 Elinkustannukset ja muuttovinkit\">Mansaari<\/a> ja Kanaalisaaret<\/strong><\/p>\n<ul>\n<li> Ovelta ovelle<\/li>\n<li> Pakkaaminen ja purkaminen<\/li>\n<li> Tulliselvitys<\/li>\n<li> Vakuutus<\/li>\n<li> Henkil\u00f6kohtainen konsultti<\/li>\n<\/ul>\n<p><strong>Varastointi<\/strong><\/p>\n<ul>\n<li> Asiakirjojen ja arkistojen varastointi<\/li>\n<li> Itses\u00e4ilytys<\/li>\n<li> Yritysten varastointi<\/li>\n<li> Varastointi<\/li>\n<\/ul>\n<h2>McGimpsey Removals Yrityksen profiili<\/h2>\n<p>McGimpsey Removals kuvailee itse\u00e4\u00e4n viiden t\u00e4hden putiikiksi. <a href=\"https:\/\/moverdb.com\/fi\/moving-companies\/\" data-internallinksmanager029f6b8e52c=\"79\" title=\"Top 25 Kansainv\u00e4list\u00e4 muuttoyrityksi\u00e4 verkossa\">muuttofirma<\/a> joka tarjoaa asiakkailleen ensiluokkaista palvelua. He ovat toimineet 30 vuotta ja uskovat k\u00e4ytt\u00e4v\u00e4ns\u00e4 ylivoimaisia kuljetus- ja pakkaustapoja sek\u00e4 hyvin koulutettua ja huolehtivaa henkil\u00f6kuntaa.<\/p>\n<p>McGimpsey Removals kertoo, ett\u00e4 se on sitoutunut tarjoamaan parasta mahdollista palvelua ulkomaille ja paikallisesti muuttaville yksityishenkil\u00f6ille ja yrityksille, mutta se my\u00f6s tarkkailee huolellisesti hiilijalanj\u00e4lke\u00e4\u00e4n.<\/p>\n<p>McGimpsey Removalsin j\u00e4senyydet ja akkreditoinnit:<\/p>\n<ul>\n<li> <a href=\"https:\/\/moverdb.com\/fi\/british-association-of-removers\/\">British Association of Removers<\/a> (<a href=\"https:\/\/moverdb.com\/fi\/british-association-of-removers\/\" data-internallinksmanager029f6b8e52c=\"9\" title=\"British Association of Removers (BAR) selitetty\">BAR<\/a>)<\/li>\n<li> <a href=\"https:\/\/moverdb.com\/fi\/fidi-faim\/\">FIDI<\/a><\/li>\n<li> <a href=\"https:\/\/moverdb.com\/fi\/olen\/\">Kansainv\u00e4linen muuttajien liitto (IAM)<\/a><\/li>\n<li> <a href=\"https:\/\/moverdb.com\/fi\/mtc\/\">The Movers Trading Club<\/a> (<a href=\"https:\/\/moverdb.com\/fi\/mtc\/\" data-internallinksmanager029f6b8e52c=\"30\" title=\"Movers Trading Club (MTC) selitetty\">MTC<\/a>)<\/li>\n<li> Ty\u00f6voiman liikkuvuusyhdistys <\/li>\n<\/ul>\n<h2>McGimpsey Brothers Removals Arvostelut<\/h2>\n<p><strong>Positiivinen<\/strong><\/p>\n<p><em>\"T\u00e4m\u00e4 yritys oli loistava alusta loppuun. Muuttokonsultti oli avulias, asiantunteva ja aina nopea vastaamaan ja pit\u00e4m\u00e4\u00e4n minut ajan tasalla, jopa sen j\u00e4lkeen, kun kaikki oli toimitettu, h\u00e4n l\u00e4hetti s\u00e4hk\u00f6postia tarkistaakseen, ett\u00e4 olin tyytyv\u00e4inen.\"<\/em> - Elizabeth Heib kautta <a href=\"https:\/\/plus.google.com\/111359327014801398449\/reviews\" target=\"_blank\" rel=\"noopener\">Google Arvostelut<\/a><\/p>\n<p><strong>Negatiivinen<\/strong><\/p>\n<p><em>\"Minulla oli kauhea kokemus t\u00e4st\u00e4 yrityksest\u00e4! He ovat hyvin avuliaita, kun he haluavat varauksesi ja lupaavat paljon, mutta valitettavasti he toimittavat v\u00e4h\u00e4n. K\u00e4ytin heit\u00e4 kuljettamaan joitakin raskaita kaupallisia kuntoiluv\u00e4lineit\u00e4 Irlannista Irlantiin. <a href=\"https:\/\/moverdb.com\/fi\/moving-to-the-uk\/\" data-internallinksmanager029f6b8e52c=\"93\" title=\"Muutatko Yhdistyneeseen kuningaskuntaan? 2022 Elinkustannukset ja muuttovinkit\">UK<\/a> ja ...\"<\/em> - Chantelle Smith kautta <a href=\"https:\/\/plus.google.com\/100947701157660629611\/reviews\" target=\"_blank\" rel=\"noopener\">Google Arvostelut<\/a><\/p>\n<div itemprop=\"review\" itemscope itemtype=\"http:\/\/schema.org\/Review\">\n<span itemprop=\"author\" itemscope=\"\" itemtype=\"http:\/\/schema.org\/Organization\"><span itemprop=\"name\">MoverDB.com<\/span><\/span> Verkkosivuston arvostelu <span itemprop=\"itemreviewed\" itemscope=\"\" itemtype=\"http:\/\/schema.org\/Brand\"><span itemprop=\"name\">McGimpseyn veljesten muutot<\/span><\/span>:<\/p>\n<ol>\n<li> Selke\u00e4t yhteystiedot verkkosivustolla (my\u00f6s puhelinnumero): <strong>Kyll\u00e4<\/strong><\/li>\n<li> Helppo saada <a href=\"https:\/\/moverdb.com\/fi\/lainauksia\/\">kansainv\u00e4liset muutot tarjoukset<\/a>? (Online-arviolomake): <strong>Kyll\u00e4<\/strong><\/li>\n<li> Selke\u00e4t tiedot verkkosivustolla: <strong>Osittain<\/strong>. Tiedot ovat summittaisia, mutta lis\u00e4tietoja annetaan pyynn\u00f6st\u00e4.<\/li>\n<li> J\u00e4senyys kansainv\u00e4lisiss\u00e4 tunnustetuissa liikkuvissa j\u00e4rjest\u00f6iss\u00e4: <strong>Kyll\u00e4<\/strong>, ks. edell\u00e4.<\/li>\n<li> Luettelo asiakkaista ja\/tai aiempien asiakkaiden suosittelut: <strong>Kyll\u00e4<\/strong> Asiakasluetteloa ei ole, mutta aiempien asiakkaiden suosittelut ovat olemassa.<\/li>\n<\/ol>\n<div itemprop=\"reviewRating\" itemscope itemtype=\"http:\/\/schema.org\/Rating\"><meta itemprop=\"worstRating\" content = \"0\" \/><meta itemprop=\"bestRating\" content=\"5\" \/><meta itemprop=\"ratingValue\" content=\"4\"><\/div>\n<p><strong>Yleisarvosana: 4\/5<\/strong><br \/>\n<strong>Tarkistusp\u00e4iv\u00e4:<\/strong> <span itemprop=\"datePublished\" content=\"2016-05-22\">22\/05\/2016<\/span><\/p>\n<\/div>\n<p>Lis\u00e4tietoja <a href=\"https:\/\/moverdb.com\/fi\/international-removals\/\">Yhdistyneen kuningaskunnan muuttoyritykset<\/a> ja meid\u00e4n <a href=\"https:\/\/moverdb.com\/fi\/arvostelut\/\">tarkistusprosessin selitys<\/a>.<\/p>\n<p><strong>Verkkosivusto:<\/strong> <a href=\"https:\/\/www.mcgimpseys.com\/\" target=\"_blank\" rel=\"noopener\">https:\/\/www.mcgimpseys.com\/<\/a><\/p>","protected":false},"excerpt":{"rendered":"<p>McGimpsey Brothers Removals offers clients the following services when relocating abroad and locally, for both individuals and businesses. A company profile and reviews follow the services section. Moving Overseas Daily air and sea freight Specialist export packing, labelling and loading Shipping and customs clearance Delivery, unpacking and setting up, removal of rubbish Insurance cover Personal [&hellip;]<\/p>\n","protected":false},"author":1,"featured_media":0,"parent":0,"menu_order":0,"comment_status":"closed","ping_status":"closed","template":"","meta":{"_genesis_hide_title":false,"_genesis_hide_breadcrumbs":false,"_genesis_hide_singular_image":false,"_genesis_hide_footer_widgets":false,"_genesis_custom_body_class":"","_genesis_custom_post_class":"","_genesis_layout":"","footnotes":""},"class_list":{"0":"post-351","1":"page","2":"type-page","3":"status-publish","5":"entry"},"_links":{"self":[{"href":"https:\/\/moverdb.com\/fi\/wp-json\/wp\/v2\/pages\/351","targetHints":{"allow":["GET"]}}],"collection":[{"href":"https:\/\/moverdb.com\/fi\/wp-json\/wp\/v2\/pages"}],"about":[{"href":"https:\/\/moverdb.com\/fi\/wp-json\/wp\/v2\/types\/page"}],"author":[{"embeddable":true,"href":"https:\/\/moverdb.com\/fi\/wp-json\/wp\/v2\/users\/1"}],"replies":[{"embeddable":true,"href":"https:\/\/moverdb.com\/fi\/wp-json\/wp\/v2\/comments?post=351"}],"version-history":[{"count":10,"href":"https:\/\/moverdb.com\/fi\/wp-json\/wp\/v2\/pages\/351\/revisions"}],"predecessor-version":[{"id":13176,"href":"https:\/\/moverdb.com\/fi\/wp-json\/wp\/v2\/pages\/351\/revisions\/13176"}],"wp:attachment":[{"href":"https:\/\/moverdb.com\/fi\/wp-json\/wp\/v2\/media?parent=351"}],"curies":[{"name":"wp","href":"https:\/\/api.w.org\/{rel}","templated":true}]}}