{"id":350,"date":"2016-05-22T20:57:46","date_gmt":"2016-05-22T20:57:46","guid":{"rendered":"http:\/\/moverdb.com\/?page_id=350"},"modified":"2026-01-08T15:20:55","modified_gmt":"2026-01-08T15:20:55","slug":"shore-porters-society","status":"publish","type":"page","link":"https:\/\/moverdb.com\/fi\/shore-porters-society\/","title":{"rendered":"The Shore Porters Society Kansainv\u00e4linen muuttoliike ja muutot Arvostelut"},"content":{"rendered":"<p>Shore Porters Society tarjoaa seuraavia palveluja ulkomaille, alueellisesti ja paikallisesti muuttaville henkil\u00f6ille. Tutustu my\u00f6s yrityksen profiiliin ja palveluarvosteluihin.<\/p>\n<p><strong>Yritysten ja yksityishenkil\u00f6iden muutot ulkomaille<\/strong><\/p>\n<ul>\n<li> Pre-Move-kysely<\/li>\n<li> Palvelu ovelta ovelle<\/li>\n<li> Meri- tai lentorahti<\/li>\n<li> Erilaisia pakkausvaihtoehtoja<\/li>\n<li> S\u00e4ilytysvaihtoehdot<\/li>\n<li> Apua kohdemaata koskevien asiakirjojen kanssa<\/li>\n<li> Kohdemaan s\u00e4\u00e4nt\u00f6jen ja m\u00e4\u00e4r\u00e4ysten perusteellinen tuntemus.<\/li>\n<li> Tietotekniikkalaitteet irrotetaan ja kytket\u00e4\u00e4n uudelleen m\u00e4\u00e4r\u00e4np\u00e4\u00e4ss\u00e4.<\/li>\n<li> Vakuutus<\/li>\n<\/ul>\n<p><strong>Taidetta ja antiikkia<\/strong><\/p>\n<ul>\n<li> Pakkaamisen ja merenkulun erityisosaaminen<\/li>\n<li> Asiakkaiden saattaminen ostomatkoille oikean pakkaamisen varmistamiseksi.<\/li>\n<li> Asiakirjoja koskevat neuvot<\/li>\n<li> Tulliselvitys m\u00e4\u00e4r\u00e4maassa<\/li>\n<\/ul>\n<p><strong>Varastointi<\/strong><\/p>\n<ul>\n<li> Konttien varastointi<\/li>\n<li> Perinteinen varastointi<\/li>\n<li> Kaupallinen varastointi<\/li>\n<li> Arkistointi<\/li>\n<li> Lock 'n' Leave - vapaa p\u00e4\u00e4sy virka-aikana<\/li>\n<li> Laatikon vuokraus<\/li>\n<li> Kuormalavavarasto<\/li>\n<\/ul>\n<p><strong>Paikalliset muutot<\/strong><\/p>\n<ul>\n<li> Palvelu ovelta ovelle<\/li>\n<li> Erilaisia pakkausvaihtoehtoja<\/li>\n<li> J\u00e4rjestetty vakuutus<\/li>\n<\/ul>\n<h2>The Shore Porters Society Yrityksen profiili<\/h2>\n<p>Rantakantajien yhdistys perustettiin vuonna 1498, yli 500 vuotta sitten. Se ylpeilee olevansa maailman vanhin kuljetusyritys, sill\u00e4 se sai alkunsa Aberdeenin satamassa ammattiaan harjoittaneiden kantajien osuuskunnasta. <\/p>\n<p>Yhti\u00f6 oli Aberdeenin kaupunginvaltuuston alaisuudessa 1800-luvun puoliv\u00e4liin saakka. Nyky\u00e4\u00e4n se on yksityinen osakkuusyritys, jonka palveluihin kuuluvat muun muassa kuljetukset, muutot, kiinteist\u00f6t ja varastointi.<\/p>\n<p>Yhti\u00f6ll\u00e4 on 30 kuorma- ja pakettiauton laivasto, joka toimii Aberdeenista ja Richmond on Thamesista k\u00e4sin, sek\u00e4 11 varastoa ymp\u00e4ri maailmaa. <a href=\"https:\/\/moverdb.com\/fi\/moving-to-the-uk\/\" data-internallinksmanager029f6b8e52c=\"93\" title=\"Muutatko Yhdistyneeseen kuningaskuntaan? 2022 Elinkustannukset ja muuttovinkit\">UK<\/a>. <\/p>\n<p>Yrityksell\u00e4 on hyv\u00e4t suhteet suuriin huutokauppataloihin ymp\u00e4ri maailmaa, ja se on ylpe\u00e4 asiantuntemuksestaan taide- ja antiikkiesineiden kuljetuksissa.<\/p>\n<p>Alla on luettelo The Shore Porters Societyn akkreditoinneista ja j\u00e4senyyksist\u00e4:<\/p>\n<ul>\n<li> <a href=\"https:\/\/moverdb.com\/fi\/british-association-of-removers\/\">Brittil\u00e4inen muuttomiesten yhdistys (BAR)<\/a><\/li>\n<li> Taloudellisesti sidottu <a href=\"https:\/\/moverdb.com\/fi\/bar-overseas\/\">BAR Overseas Group<\/a><\/li>\n<li> <a href=\"https:\/\/moverdb.com\/fi\/fidi-faim\/\">FIDI<\/a><\/li>\n<li> <a href=\"https:\/\/moverdb.com\/fi\/olen\/\">Kansainv\u00e4linen muuttajien liitto (IAM)<\/a><\/li>\n<li> Laatuj\u00e4rjestelm\u00e4n sertifiointi ISO9001<\/li>\n<li> <a href=\"https:\/\/moverdb.com\/fi\/freight-transport-association\/\">FTA j\u00e4sen<\/a><\/li>\n<\/ul>\n<h2>The Shore Porters Society Arvostelut<\/h2>\n<p>Huomaathan, ett\u00e4 The Shore Porters Society -yhdistykselle ei ole julkaistu uusia arvosteluja verkossa viimeisten 12 kuukauden aikana.<\/p>\n<div itemprop=\"review\" itemscope itemtype=\"http:\/\/schema.org\/Review\">\n<span itemprop=\"author\" itemscope=\"\" itemtype=\"http:\/\/schema.org\/Organization\"><span itemprop=\"name\">MoverDB.com<\/span><\/span> Verkkosivuston arvostelu <span itemprop=\"itemreviewed\" itemscope=\"\" itemtype=\"http:\/\/schema.org\/Brand\"><span itemprop=\"name\">Rantakannattajien yhdistys<\/span><\/span>:<\/p>\n<ol>\n<li> Selke\u00e4t yhteystiedot verkkosivustolla (my\u00f6s puhelinnumero): <strong>Kyll\u00e4<\/strong><\/li>\n<li> Helppo saada <a href=\"https:\/\/moverdb.com\/fi\/lainauksia\/\">kansainv\u00e4liset muutot tarjoukset<\/a>? (Online-arviolomake): <strong>Kyll\u00e4<\/strong><\/li>\n<li> Selke\u00e4t tiedot verkkosivustolla: <strong>Osittain<\/strong>. Sivustolla on ep\u00e4m\u00e4\u00e4r\u00e4isi\u00e4 tietoja, joissa pyydet\u00e4\u00e4n ottamaan yhteytt\u00e4 yritykseen lis\u00e4tietoja varten.<\/li>\n<li> J\u00e4senyys kansainv\u00e4lisiss\u00e4 tunnustetuissa liikkuvissa j\u00e4rjest\u00f6iss\u00e4: <strong>Kyll\u00e4<\/strong>, ks. edell\u00e4.<\/li>\n<li> Luettelo asiakkaista ja\/tai aiempien asiakkaiden suosittelut: <strong>Ei.<\/strong><\/li>\n<\/ol>\n<div itemprop=\"reviewRating\" itemscope itemtype=\"http:\/\/schema.org\/Rating\"><meta itemprop=\"worstRating\" content = \"0\" \/><meta itemprop=\"bestRating\" content=\"5\" \/><meta itemprop=\"ratingValue\" content=\"4\"><\/div>\n<p><strong>Yleisarvosana: 4\/5<\/strong><br \/>\n<strong>Tarkistusp\u00e4iv\u00e4:<\/strong> <span itemprop=\"datePublished\" content=\"2016-05-22\">22\/05\/2016<\/span><\/p>\n<\/div>\n<p>Lis\u00e4tietoja <a href=\"https:\/\/moverdb.com\/fi\/international-removals\/\">Yhdistyneen kuningaskunnan muuttoyritykset<\/a> ja meid\u00e4n <a href=\"https:\/\/moverdb.com\/fi\/arvostelut\/\">tarkistusprosessin selitys<\/a>.<\/p>\n<p><strong>Verkkosivusto:<\/strong> <a href=\"https:\/\/www.shoreporters.com\/\" target=\"_blank\" rel=\"noopener\">https:\/\/www.shoreporters.com<\/a><\/p>","protected":false},"excerpt":{"rendered":"<p>The Shore Porters Society offers the following services for people moving abroad, regionally and locally. There is also a company profile and service reviews to peruse. Corporate and Personal Moves Abroad Pre-Move survey Door to door service Ocean or Air Freight Various packing options Storage options Assistance with documentation for destination country In depth knowledge [&hellip;]<\/p>\n","protected":false},"author":1,"featured_media":0,"parent":0,"menu_order":0,"comment_status":"closed","ping_status":"closed","template":"","meta":{"_genesis_hide_title":false,"_genesis_hide_breadcrumbs":false,"_genesis_hide_singular_image":false,"_genesis_hide_footer_widgets":false,"_genesis_custom_body_class":"","_genesis_custom_post_class":"","_genesis_layout":"","footnotes":""},"class_list":{"0":"post-350","1":"page","2":"type-page","3":"status-publish","5":"entry"},"_links":{"self":[{"href":"https:\/\/moverdb.com\/fi\/wp-json\/wp\/v2\/pages\/350","targetHints":{"allow":["GET"]}}],"collection":[{"href":"https:\/\/moverdb.com\/fi\/wp-json\/wp\/v2\/pages"}],"about":[{"href":"https:\/\/moverdb.com\/fi\/wp-json\/wp\/v2\/types\/page"}],"author":[{"embeddable":true,"href":"https:\/\/moverdb.com\/fi\/wp-json\/wp\/v2\/users\/1"}],"replies":[{"embeddable":true,"href":"https:\/\/moverdb.com\/fi\/wp-json\/wp\/v2\/comments?post=350"}],"version-history":[{"count":12,"href":"https:\/\/moverdb.com\/fi\/wp-json\/wp\/v2\/pages\/350\/revisions"}],"predecessor-version":[{"id":6246,"href":"https:\/\/moverdb.com\/fi\/wp-json\/wp\/v2\/pages\/350\/revisions\/6246"}],"wp:attachment":[{"href":"https:\/\/moverdb.com\/fi\/wp-json\/wp\/v2\/media?parent=350"}],"curies":[{"name":"wp","href":"https:\/\/api.w.org\/{rel}","templated":true}]}}