{"id":349,"date":"2016-05-22T20:51:02","date_gmt":"2016-05-22T20:51:02","guid":{"rendered":"http:\/\/moverdb.com\/?page_id=349"},"modified":"2026-01-08T15:20:48","modified_gmt":"2026-01-08T15:20:48","slug":"team-relocations","status":"publish","type":"page","link":"https:\/\/moverdb.com\/fi\/team-relocations\/","title":{"rendered":"Team Relocations Kansainv\u00e4linen muuttoliike ja muutot Arvostelut"},"content":{"rendered":"<p>Team Relocations tarjoaa seuraavia muuttopalveluja yksityishenkil\u00f6ille ja yrityksille, jotka siirt\u00e4v\u00e4t henkil\u00f6kuntaa tai kokonaisia toimistoja ulkomaille. Lue Team Siirtojen yritysprofiili ja arvostelut alta.<\/p>\n<p><strong>Henkil\u00f6kohtaiset ja yritysten muutot<\/strong><\/p>\n<ul>\n<li> Konsultointipalvelu, joka tarjoaa yksil\u00f6llisi\u00e4 ratkaisuja muuttoon<\/li>\n<li> Strateginen uudelleensijoittamisen hallinta<\/li>\n<li> Kehittynyt webZone-tekniikka<\/li>\n<li> Pakkaaminen ja l\u00e4hett\u00e4minen<\/li>\n<li> J\u00e4rjestetty vakuutus<\/li>\n<\/ul>\n<p><strong>Kiinteist\u00f6palvelut<\/strong><\/p>\n<ul>\n<li> Kotihaku<\/li>\n<li> Vuokrasopimusneuvottelut ja uusiminen<\/li>\n<li> Inventaario Check-in\/out<\/li>\n<li> Huonekalujen ja kodinkoneiden vuokraus<\/li>\n<li> V\u00e4liaikainen majoitus<\/li>\n<li> L\u00e4ht\u00f6ohjelmat<\/li>\n<li> Kodin myynnin hallinta<\/li>\n<li> Kiinteist\u00f6jen hallinta <\/li>\n<li> Taattu asunnon myyntiohjelma<\/li>\n<\/ul>\n<p><strong>Asettautuminen<\/strong><\/p>\n<ul>\n<li> Orientaatio<\/li>\n<li> Kohteen tiedot<\/li>\n<li> Kulttuuritiedotustilaisuudet<\/li>\n<li> Kielikoulutus<\/li>\n<li> Siirron hallinta<\/li>\n<li> Korjausmies- ja siivoojapalvelut<\/li>\n<\/ul>\n<p><strong>Perheohjelmat<\/strong><\/p>\n<ul>\n<li> Koulutuksen tutkimus ja rekister\u00f6inti<\/li>\n<li> Lemmikkiel\u00e4inten uudelleensijoittaminen<\/li>\n<li> Kumppaneiden tuki<\/li>\n<\/ul>\n<p><strong>Varastointipalvelut<\/strong><\/p>\n<ul>\n<li> Erikoistunut varastointi<\/li>\n<li> Arkistointi ja asiakirjojen varastointi<\/li>\n<li> Perinteinen varastointi<\/li>\n<\/ul>\n<p><strong>Asiantuntijapalvelut<\/strong><\/p>\n<ul>\n<li> Maailmanlaajuiset muutot yksityiselle l\u00e4hett\u00e4j\u00e4lle<\/li>\n<li> Liike- ja toimistosiirrot ja -siirrot<\/li>\n<li> Sairaalan muuttaminen<\/li>\n<li> Kotimainen varastointi<\/li>\n<li> Asiakirjojen ja arkistojen varastointi<\/li>\n<\/ul>\n<p><strong>Lis\u00e4palvelut<\/strong><\/p>\n<ul>\n<li> Tikashissit vaikeakulkuista p\u00e4\u00e4sy\u00e4 varten<\/li>\n<li> Taide- ja antiikkiesineiden pakkaaminen<\/li>\n<li> S\u00e4hk\u00f6asentajan palvelut, mukaan lukien<\/li>\n<li> Pistokkeiden vaihtaminen paikallisiin pistorasioihin sopiviksi<\/li>\n<li> Valaisimien ja laitteiden uudelleenkytkent\u00e4<\/li>\n<li> Muuntajien toimittaminen<\/li>\n<li> K\u00e4sity\u00f6l\u00e4inen<\/li>\n<li> Siivouspalvelu<\/li>\n<li> Pianon viritys<\/li>\n<li> Satelliittiantennin asennus\/poisto<\/li>\n<li> Siivousryhm\u00e4t<\/li>\n<li> Nouto toimistosta<\/li>\n<li> Hyv\u00e4ntekev\u00e4isyyslaatikot<\/li>\n<li> <a href=\"https:\/\/moverdb.com\/fi\/auto-kuljetus-kuljetus\/\">Ajoneuvojen kuljetus<\/a> ja varastointi<\/li>\n<\/ul>\n<h2>Team Relocation Yrityksen profiili<\/h2>\n<p>Team Relocation perustettiin vuonna 1977, ja se on nyt yksi suurimmista uudelleensijoittamista ja <a href=\"https:\/\/moverdb.com\/fi\/international-removals\/\" data-internallinksmanager029f6b8e52c=\"27\" title=\"36 Parhaat kansainv\u00e4liset muuttoyritykset Yhdistyneess\u00e4 kuningaskunnassa\">muuttofirmat<\/a> maailmassa. Team Locationilla on toimistoja 13 maassa, ja monet tunnetut henkil\u00f6t, monikansalliset yritykset ja valtion virastot k\u00e4ytt\u00e4v\u00e4t yrityst\u00e4 henkil\u00f6st\u00f6n ja yritysten siirtoihin ulkomaille ja alueellisesti. <\/p>\n<p>Team Relocation ty\u00f6skentelee vain sellaisten kumppaneiden kanssa, jotka jakavat samat perusarvot kuin he; n\u00e4it\u00e4 ovat huippuosaaminen, rehellisyys, vastuullisuus ja turvallisuus. Yritys keskittyy uudelleensijoittamiseen, muuttoon ja asiantuntijapalveluihin. <\/p>\n<p>Yritys uskoo my\u00f6s vahvasti kansainv\u00e4lisiin ihmisoikeuksiin ja tukee monia hyv\u00e4ntekev\u00e4isyysj\u00e4rjest\u00f6j\u00e4 ymp\u00e4ri maailmaa.<\/p>\n<p>Team Locationsin akkreditoinnit ja sidonnaisuudet on lueteltu alla:<\/p>\n<ul>\n<li> <a href=\"https:\/\/moverdb.com\/fi\/british-association-of-removers\/\">Brittil\u00e4inen muuttomiesten yhdistys (BAR)<\/a><\/li>\n<li> DBA<\/li>\n<li> The <a href=\"https:\/\/moverdb.com\/fi\/mtc\/\">Movers Trading Club<\/a> (<a href=\"https:\/\/moverdb.com\/fi\/mtc\/\" data-internallinksmanager029f6b8e52c=\"30\" title=\"Movers Trading Club (MTC) selitetty\">MTC<\/a>)<\/li>\n<li> <a href=\"https:\/\/moverdb.com\/fi\/fidi-faim\/\">FAIM<\/a><\/li>\n<li> <a href=\"https:\/\/moverdb.com\/fi\/fidi-faim\/\">FIDI<\/a><\/li>\n<li> Maailmanlaajuinen liikkuvuusyhdistys <\/li>\n<li> <a href=\"https:\/\/moverdb.com\/fi\/olen\/\">Kansainv\u00e4linen muuttajien liitto (IAM)<\/a><\/li>\n<li> OMNI<\/li>\n<\/ul>\n<h2>Team Relocations Arvostelut<\/h2>\n<p><em>T\u00e4ll\u00e4 hetkell\u00e4 emme l\u00f6yt\u00e4neet yht\u00e4\u00e4n arviota yritykselle Team Relocations, joka on julkaistu miss\u00e4\u00e4n muualla verkossa.<\/em><\/p>\n<div itemprop=\"review\" itemscope itemtype=\"http:\/\/schema.org\/Review\">\n<span itemprop=\"author\" itemscope=\"\" itemtype=\"http:\/\/schema.org\/Organization\"><span itemprop=\"name\">MoverDB.com<\/span><\/span> Verkkosivuston arvostelu <span itemprop=\"itemreviewed\" itemscope=\"\" itemtype=\"http:\/\/schema.org\/Brand\"><span itemprop=\"name\">Tiimin siirrot<\/span><\/span>:<\/p>\n<ol>\n<li> Selke\u00e4t yhteystiedot verkkosivustolla (my\u00f6s puhelinnumero): <strong>Kyll\u00e4<\/strong><\/li>\n<li> Helppo saada <a href=\"https:\/\/moverdb.com\/fi\/lainauksia\/\">kansainv\u00e4liset muutot tarjoukset<\/a>? (Online-arviolomake): <strong>Kyll\u00e4<\/strong><\/li>\n<li> Selke\u00e4t tiedot verkkosivustolla: <strong>Kyll\u00e4<\/strong>. Informatiivinen verkkosivusto, mutta yksityiskohtaiset tiedot on pyydett\u00e4v\u00e4 suoraan yritykselt\u00e4.<\/li>\n<li> J\u00e4senyys kansainv\u00e4lisiss\u00e4 tunnustetuissa liikkuvissa j\u00e4rjest\u00f6iss\u00e4: <strong>Kyll\u00e4<\/strong>, ks. edell\u00e4.<\/li>\n<li> Luettelo asiakkaista ja\/tai aiempien asiakkaiden suosittelut: <strong>Ei.<\/strong><\/li>\n<\/ol>\n<div itemprop=\"reviewRating\" itemscope itemtype=\"http:\/\/schema.org\/Rating\"><meta itemprop=\"worstRating\" content = \"0\" \/><meta itemprop=\"bestRating\" content=\"5\" \/><meta itemprop=\"ratingValue\" content=\"4\"><\/div>\n<p><strong>Yleisarvosana: 4\/5<\/strong><br \/>\n<strong>Tarkistusp\u00e4iv\u00e4:<\/strong> <span itemprop=\"datePublished\" content=\"2016-05-22\">22\/05\/2016<\/span><\/p>\n<\/div>\n<p>Lis\u00e4tietoja <a href=\"https:\/\/moverdb.com\/fi\/muuttoyritykset\/\">kansainv\u00e4liset muuttofirmat<\/a> ja meid\u00e4n <a href=\"https:\/\/moverdb.com\/fi\/arvostelut\/\">tarkistusprosessin selitys<\/a>.<\/p>\n<p><strong>Verkkosivusto:<\/strong> <a href=\"http:\/\/www.teamrelocations.com\/\" target=\"_blank\" rel=\"noopener\">http:\/\/www.teamrelocations.com<\/a><\/p>","protected":false},"excerpt":{"rendered":"<p>Team Relocations offers the following moving services for individuals and corporates moving personnel or whole offices abroad. Read Team Locations&#8217; company profile and reviews below. Personal and Corporate Moves Consultancy service offering individual solutions to moving Strategic relocation management Advanced webZone technology Packing and shipping Insurance arranged Property Services Home Search Tenancy Negotiations &#038; Renewals [&hellip;]<\/p>\n","protected":false},"author":1,"featured_media":0,"parent":0,"menu_order":0,"comment_status":"closed","ping_status":"closed","template":"","meta":{"_genesis_hide_title":false,"_genesis_hide_breadcrumbs":false,"_genesis_hide_singular_image":false,"_genesis_hide_footer_widgets":false,"_genesis_custom_body_class":"","_genesis_custom_post_class":"","_genesis_layout":"","footnotes":""},"class_list":{"0":"post-349","1":"page","2":"type-page","3":"status-publish","5":"entry"},"_links":{"self":[{"href":"https:\/\/moverdb.com\/fi\/wp-json\/wp\/v2\/pages\/349","targetHints":{"allow":["GET"]}}],"collection":[{"href":"https:\/\/moverdb.com\/fi\/wp-json\/wp\/v2\/pages"}],"about":[{"href":"https:\/\/moverdb.com\/fi\/wp-json\/wp\/v2\/types\/page"}],"author":[{"embeddable":true,"href":"https:\/\/moverdb.com\/fi\/wp-json\/wp\/v2\/users\/1"}],"replies":[{"embeddable":true,"href":"https:\/\/moverdb.com\/fi\/wp-json\/wp\/v2\/comments?post=349"}],"version-history":[{"count":12,"href":"https:\/\/moverdb.com\/fi\/wp-json\/wp\/v2\/pages\/349\/revisions"}],"predecessor-version":[{"id":6243,"href":"https:\/\/moverdb.com\/fi\/wp-json\/wp\/v2\/pages\/349\/revisions\/6243"}],"wp:attachment":[{"href":"https:\/\/moverdb.com\/fi\/wp-json\/wp\/v2\/media?parent=349"}],"curies":[{"name":"wp","href":"https:\/\/api.w.org\/{rel}","templated":true}]}}