{"id":348,"date":"2016-05-22T19:54:24","date_gmt":"2016-05-22T19:54:24","guid":{"rendered":"http:\/\/moverdb.com\/?page_id=348"},"modified":"2026-01-08T15:20:45","modified_gmt":"2026-01-08T15:20:45","slug":"sterling-relocation","status":"publish","type":"page","link":"https:\/\/moverdb.com\/fi\/sterling-relocation\/","title":{"rendered":"Sterling Relocation Kansainv\u00e4linen muuttoliike ja muutot Arvostelut"},"content":{"rendered":"<p>Sterling tarjoaa kansainv\u00e4lisille ty\u00f6nantajille helpon tavan siirt\u00e4\u00e4 henkil\u00f6st\u00f6\u00e4\u00e4n maailmanlaajuisesti. Alla on lueteltu heid\u00e4n palveluitaan, asiakasarvosteluja ja yritysprofiili.<\/p>\n<p><strong>Muuttopalvelut<\/strong><\/p>\n<ul>\n<li> Toimeksiannon hallinta<\/li>\n<li> Kulttuurienv\u00e4linen koulutus<\/li>\n<li> L\u00e4ht\u00f6palvelut<\/li>\n<li> Koulutusapu<\/li>\n<li> Kulujen hallinta<\/li>\n<li> Huonekalujen vuokraus<\/li>\n<li> Taattu kodin myynti<\/li>\n<li> Kodin etsint\u00e4palvelu<\/li>\n<li> Maahanmuutto, viisumit ja ty\u00f6luvat<\/li>\n<li> Kielikoulutus<\/li>\n<li> Siirron hallinta<\/li>\n<li> Muuttopalvelut<\/li>\n<li> Orientaatio<\/li>\n<li> Kumppaneiden apu<\/li>\n<li> Poliittinen kuuleminen<\/li>\n<li> Kiinteist\u00f6jen hallinta<\/li>\n<li> Asettautumispalvelut<\/li>\n<li> Lyhytaikainen majoitus<\/li>\n<li> Varastointi<\/li>\n<li> Vuokrasopimuksen hallinta<\/li>\n<li> Transit Cover<\/li>\n<\/ul>\n<h2>Sterling Relocation Yrityksen profiili<\/h2>\n<p>Sterling Relocation perustettiin vuonna 1991 tavoitteenaan olla yritysmaailman johtava maailmanlaajuisten siirtopalvelujen tarjoaja. Sen omistaa UniGroup, $1,7 miljardin euron yritys, joka on muuttanut ihmisi\u00e4 yli 80 vuoden ajan. <\/p>\n<p>UniGroup Relocation Network toimii yli 180 maassa 1200 palvelukeskuksen kautta.<\/p>\n<p>Monet Sterling Relocationin ty\u00f6ntekij\u00e4t ovat asuneet ulkomailla, joten he ymm\u00e4rt\u00e4v\u00e4t haasteet, joita ty\u00f6ntekij\u00e4t ja heid\u00e4n perheens\u00e4 kohtaavat muuttaessaan ulkomaille. Jokainen asiakas on suoraan tekemisiss\u00e4 yhden ty\u00f6ntekij\u00e4n kanssa, joka varmistaa, ett\u00e4 kaikki muuton osat sujuvat sujuvasti. <\/p>\n<p>Vuonna 2015 99,63% Sterling Relocationin asiakkaista oli tyytyv\u00e4isi\u00e4 muuttoonsa.<\/p>\n<p>Sterling Relocationin arvoihin, missioon ja visioon kuuluvat intohimo alaa kohtaan, rehellisyys kaikilla rintamilla, asiakkaista ja henkil\u00f6kunnasta huolehtiminen sek\u00e4 parhaan mahdollisen palvelun tarjoaminen.<\/p>\n<p>Sterling Relocationin luettelo akkreditoinneista ja sidonnaisuuksista:<\/p>\n<ul>\n<li> <a href=\"https:\/\/moverdb.com\/fi\/fidi-faim\/\">Kansainv\u00e4listen muuttajien liitto<\/a> (<a href=\"https:\/\/moverdb.com\/fi\/fidi-faim\/\" data-internallinksmanager029f6b8e52c=\"16\" title=\"FIDI &amp; FAIM (FIDI Accredited International Mover) selitettyin\u00e4\">FIDI<\/a>)<\/li>\n<li> <a href=\"https:\/\/moverdb.com\/fi\/association-relocation-professionals\/\">Siirtoalan ammattilaisten yhdistys<\/a> (<a href=\"https:\/\/moverdb.com\/fi\/association-relocation-professionals\/\" data-internallinksmanager029f6b8e52c=\"6\" title=\"Association of Relocation Professionals (ARP) selitetty\">ARP<\/a>)<\/li>\n<li> <a href=\"https:\/\/moverdb.com\/fi\/tyontekijan-uudelleensijoitusneuvosto\/\">Ty\u00f6ntekij\u00f6iden uudelleensijoittamisneuvosto - Worldwide ERC<\/a><\/li>\n<li> <a href=\"https:\/\/moverdb.com\/fi\/eura\/\">Euroopan uudelleensijoittamisyhdistys<\/a> (<a href=\"https:\/\/moverdb.com\/fi\/eura\/\" data-internallinksmanager029f6b8e52c=\"13\" title=\"European Relocation Association (EuRA) selitetty\">EuRA<\/a>)<\/li>\n<li> Overseas Moving Network International (Overseas Moving Network International, OMNI)<\/li>\n<li> <a href=\"https:\/\/moverdb.com\/fi\/olen\/\">Kansainv\u00e4linen muuttajien liitto (IAM)<\/a><\/li>\n<li> <a href=\"https:\/\/moverdb.com\/fi\/lacma\/\">Latinalaisen Amerikan ja Karibian alueen muuttajien yhdistys<\/a> (<a href=\"https:\/\/moverdb.com\/fi\/lacma\/\" data-internallinksmanager029f6b8e52c=\"28\" title=\"Latinalaisen Amerikan ja Karibian alueen kansainv\u00e4listen muuttajien yhdistys (LACMA)\">LACMA<\/a>)<\/li>\n<li> <a href=\"https:\/\/moverdb.com\/fi\/british-association-of-removers\/\">British Association of Removers (BAR)<\/a><\/li>\n<\/ul>\n<h2>Sterling Relocation Arvostelut<\/h2>\n<p><strong>Positiivinen<\/strong><\/p>\n<p><em>\"Sterlin on liikuttanut minua <a href=\"https:\/\/moverdb.com\/fi\/moving-to-london\/\">Lontoo<\/a> osoitteeseen <a href=\"https:\/\/moverdb.com\/fi\/moving-to-switzerland\/\" data-internallinksmanager029f6b8e52c=\"327\" title=\"Muutatko Sveitsiin? 2023 Elinkustannukset ja muuttovinkit\">Sveitsi<\/a> muutama vuosi takaperin yrityssiirrossa. Koska olen kokenut muutaman muuton sen j\u00e4lkeen, tunnen nyt olevani siin\u00e4 asemassa, ett\u00e4 voin arvioida niit\u00e4. Ja minun on sanottava, ett\u00e4 he j\u00e4rjestiv\u00e4t yksinkertaisesti parhaan muuttoni.\"<\/em> - arvostelu <a href=\"http:\/\/www.yelp.co.uk\/biz\/sterling-corporate-relocation-london\" target=\"_blank\" rel=\"noopener\">Yelp:n kautta<\/a><\/p>\n<p><strong>Negatiivinen<\/strong><\/p>\n<p><em>Emme l\u00f6yt\u00e4neet yht\u00e4\u00e4n negatiivista arviota yritykselle Sterling Relocation verkossa.<\/em><\/p>\n<div itemprop=\"review\" itemscope itemtype=\"http:\/\/schema.org\/Review\">\n<span itemprop=\"author\" itemscope=\"\" itemtype=\"http:\/\/schema.org\/Organization\"><span itemprop=\"name\">MoverDB.com<\/span><\/span> Verkkosivuston arvostelu <span itemprop=\"itemreviewed\" itemscope=\"\" itemtype=\"http:\/\/schema.org\/Brand\"><span itemprop=\"name\">Sterling Siirtyminen<\/span><\/span>:<\/p>\n<ol>\n<li> Selke\u00e4t yhteystiedot verkkosivustolla (my\u00f6s puhelinnumero): <strong>Kyll\u00e4<\/strong><\/li>\n<li> Helppo saada <a href=\"https:\/\/moverdb.com\/fi\/lainauksia\/\">kansainv\u00e4liset muutot tarjoukset<\/a>? (Online-arviolomake): <strong>Kyll\u00e4<\/strong><\/li>\n<li> Selke\u00e4t tiedot verkkosivustolla: <strong>Kyll\u00e4<\/strong> Sterling Relocationin verkkosivustolla on kattavat tiedot kaikista heid\u00e4n liiketoimintaansa liittyvist\u00e4 n\u00e4k\u00f6kohdista. Sivustolla on my\u00f6s hy\u00f6dyllinen \"Uutiset\"-osio, jossa kerrotaan uusimmat tiedot viisumitarpeista ja asumisesta eri maissa ymp\u00e4ri maailmaa.<\/li>\n<li> J\u00e4senyys kansainv\u00e4lisiss\u00e4 tunnustetuissa liikkuvissa j\u00e4rjest\u00f6iss\u00e4: <strong>Kyll\u00e4<\/strong>, ks. edell\u00e4.<\/li>\n<li> Luettelo asiakkaista ja\/tai aiempien asiakkaiden suosittelut: <strong>Osittain<\/strong> Asiakasluetteloa ei ole, mutta sivustolla on useita asiakaskertomuksia.<\/li>\n<\/ol>\n<div itemprop=\"reviewRating\" itemscope itemtype=\"http:\/\/schema.org\/Rating\"><meta itemprop=\"worstRating\" content = \"0\" \/><meta itemprop=\"bestRating\" content=\"5\" \/><meta itemprop=\"ratingValue\" content=\"4.5\"><\/div>\n<p><strong>Yleisarvosana: 4.5\/5<\/strong><br \/>\n<strong>Tarkistusp\u00e4iv\u00e4:<\/strong> <span itemprop=\"datePublished\" content=\"2016-05-22\">22\/05\/2016<\/span>\n<\/div>\n<p>Lis\u00e4tietoja <a href=\"https:\/\/moverdb.com\/fi\/international-removals\/\">Yhdistyneen kuningaskunnan muuttoyritykset<\/a> ja meid\u00e4n <a href=\"https:\/\/moverdb.com\/fi\/arvostelut\/\">tarkistusprosessin selitys<\/a>.<\/p>\n<p><strong>Verkkosivusto:<\/strong> <a href=\"http:\/\/www.sterling.com\/\" target=\"_blank\" rel=\"noopener\">http:\/\/www.sterling.com\/<\/a><\/p>","protected":false},"excerpt":{"rendered":"<p>Sterling offers international employers an easy way to relocate their staff worldwide. Their services are listed below, together with customer reviews and a company profile. Relocation Services Assignment Management Cross Culture Training Departure Services Education Assistance Expense Management Furniture Rental Guaranteed Home Sale Home Finding Service Immigration, Visa and Work Permits Language Training Move Management [&hellip;]<\/p>\n","protected":false},"author":1,"featured_media":0,"parent":0,"menu_order":0,"comment_status":"closed","ping_status":"closed","template":"","meta":{"_genesis_hide_title":false,"_genesis_hide_breadcrumbs":false,"_genesis_hide_singular_image":false,"_genesis_hide_footer_widgets":false,"_genesis_custom_body_class":"","_genesis_custom_post_class":"","_genesis_layout":"","footnotes":""},"class_list":{"0":"post-348","1":"page","2":"type-page","3":"status-publish","5":"entry"},"_links":{"self":[{"href":"https:\/\/moverdb.com\/fi\/wp-json\/wp\/v2\/pages\/348","targetHints":{"allow":["GET"]}}],"collection":[{"href":"https:\/\/moverdb.com\/fi\/wp-json\/wp\/v2\/pages"}],"about":[{"href":"https:\/\/moverdb.com\/fi\/wp-json\/wp\/v2\/types\/page"}],"author":[{"embeddable":true,"href":"https:\/\/moverdb.com\/fi\/wp-json\/wp\/v2\/users\/1"}],"replies":[{"embeddable":true,"href":"https:\/\/moverdb.com\/fi\/wp-json\/wp\/v2\/comments?post=348"}],"version-history":[{"count":15,"href":"https:\/\/moverdb.com\/fi\/wp-json\/wp\/v2\/pages\/348\/revisions"}],"predecessor-version":[{"id":6240,"href":"https:\/\/moverdb.com\/fi\/wp-json\/wp\/v2\/pages\/348\/revisions\/6240"}],"wp:attachment":[{"href":"https:\/\/moverdb.com\/fi\/wp-json\/wp\/v2\/media?parent=348"}],"curies":[{"name":"wp","href":"https:\/\/api.w.org\/{rel}","templated":true}]}}