{"id":3392,"date":"2019-09-20T11:37:54","date_gmt":"2019-09-20T11:37:54","guid":{"rendered":"https:\/\/moverdb.com\/?page_id=3392"},"modified":"2026-01-08T14:39:59","modified_gmt":"2026-01-08T14:39:59","slug":"international-van-lines","status":"publish","type":"page","link":"https:\/\/moverdb.com\/fi\/international-van-lines\/","title":{"rendered":"International Van Lines (IVL): Relocation &amp; Moving Reviews"},"content":{"rendered":"<p><img loading=\"lazy\" decoding=\"async\" width=\"700\" height=\"158\" src=\"https:\/\/moverdb.com\/wp-content\/uploads\/International-Van-Lines-Logo.png\" alt=\"International Van Lines -logo\" class=\"aligncenter size-full wp-image-3389\" data-wp-pid=\"3389\" srcset=\"https:\/\/moverdb.com\/wp-content\/uploads\/International-Van-Lines-Logo.png 700w, https:\/\/moverdb.com\/wp-content\/uploads\/International-Van-Lines-Logo-300x68.png 300w, https:\/\/moverdb.com\/wp-content\/uploads\/International-Van-Lines-Logo-600x135.png 600w\" sizes=\"auto, (max-width: 700px) 100vw, 700px\" \/><\/p>\n<p>International Van Lines on vuonna 2000 perustettu yhdysvaltalainen kuljetusliike, joka on nyt yksi suurimmista kuljetusliikkeist\u00e4. <a href=\"https:\/\/moverdb.com\/fi\/moving-companies\/\" data-internallinksmanager029f6b8e52c=\"79\" title=\"Top 25 Kansainv\u00e4list\u00e4 muuttoyrityksi\u00e4 verkossa\">kansainv\u00e4liset muuttofirmat<\/a> maailmassa. Consumer Advocate on arvioinut heid\u00e4t parhaaksi muuttofirmaksi vuosina 2017, 2018 ja 2019.<\/p>\n<p>Seuraavassa on joitakin heid\u00e4n tarjoamiaan palveluja:<\/p>\n<p><a href=\"https:\/\/moverdb.com\/fi\/konttikuljetukset\/\"><strong>T\u00e4yden kontin lastin (FCL) laivaus<\/strong><\/a><\/p>\n<ul>\n<li> Kuivat s\u00e4ili\u00f6t<\/li>\n<li> Saatavana 20\u2032 ja 40\u2032 vaihtoehdot<\/li>\n<li> Ovelta ovelle -palvelu tai el\u00e4v\u00e4 kuorma (DIY)<\/li>\n<li> Liittovaltion merenkulkukomission my\u00f6nt\u00e4m\u00e4 lisenssi <a href=\"https:\/\/moverdb.com\/fi\/freight-forwarder\/\" data-internallinksmanager029f6b8e52c=\"17\" title=\"Huolitsijan &amp; NVOCC:n kansainv\u00e4liset kustannukset ja yritykset -opas\">huolitsija<\/a>.<\/li>\n<\/ul>\n<p><strong>Merikuljetukset<\/strong><\/p>\n<ul>\n<li> Ovelta ovelle<\/li>\n<li> Ovi <a href=\"https:\/\/moverdb.com\/fi\/top-49-container-ports\/\" data-internallinksmanager029f6b8e52c=\"80\" title=\"Top 49 suurinta ja vilkkainta konttisatamaa vuonna 2025\">Satama<\/a><\/li>\n<li> Satamasta ovelle<\/li>\n<li> Satamasta satamaan<\/li>\n<\/ul>\n<p><strong>Lentorahtipalvelut<\/strong><\/p>\n<ul>\n<li> K\u00e4sittele sek\u00e4 lentorahtia ett\u00e4 pikal\u00e4hetyksi\u00e4<\/li>\n<li> Voiko muutama laatikko tai koko kotitalous<\/li>\n<li> Tarjota ovelta ovelle, ovelta terminaaliin, terminaalista ovelle tai terminaalista terminaaliin -palveluja.<\/li>\n<li> Kaikki kotitaloustavarat kutistetaan ja asetetaan kuormalavoille ennen lastausta.<\/li>\n<li> Huolehdi kaikista tulliselvityst\u00e4 varten tarvittavista paperit\u00f6ist\u00e4.<\/li>\n<\/ul>\n<p><a href=\"https:\/\/moverdb.com\/fi\/auto-kuljetus-kuljetus\/\"><strong>Autokuljetukset<\/strong><\/a><\/p>\n<ul>\n<li> <a href=\"https:\/\/moverdb.com\/fi\/container-shipping\/\" data-internallinksmanager029f6b8e52c=\"3\" title=\"Kansainv\u00e4lisen konttikuljetuksen hinnat: 2026\">Konttikuljetukset<\/a><\/li>\n<li> Konsolidointipalvelu<\/li>\n<li> Roll on Roll off (RO\/RO)<\/li>\n<li> Tullausasiakirjat<\/li>\n<li> Vakuutusvaihtoehdot<\/li>\n<\/ul>\n<p><strong>Pitk\u00e4n matkan muuttopalvelut<\/strong><\/p>\n<ul>\n<li> Siirtojen osalta <a href=\"https:\/\/moverdb.com\/fi\/moving-to-the-united-states\/\" data-internallinksmanager029f6b8e52c=\"94\" title=\"Muutatko Yhdysvaltoihin? 2022 Elinkustannukset ja muuttovinkit\">Yhdysvallat<\/a><\/li>\n<li> Pakkaus<\/li>\n<li> Varastointi<\/li>\n<li> H\u00e4kitys<\/li>\n<li> Erikoispalvelut<\/li>\n<\/ul>\n<p><strong>Muut palvelut<\/strong><\/p>\n<ul>\n<li> Yrityksen uudelleensijoittaminen<\/li>\n<li> Toimiston muutot<\/li>\n<li> Hallituksen ja armeijan siirrot<\/li>\n<li> Rahdinkuljettajien ja v\u00e4litt\u00e4jien palvelut<\/li>\n<\/ul>\n<h2>International Van Lines Yrityksen profiili<\/h2>\n<p>International Van Lines v\u00e4itt\u00e4\u00e4 hoitavansa yli 10 000 muuttoa vuodessa alle 1%:n valitusprosentilla. He kattavat koko Yhdysvaltojen ja yli 180 maata. He ovat toimineet kansainv\u00e4lisell\u00e4 muuttoliiketoiminnalla vuodesta 2000 ja laajentuneet tarjoamaan kotimaan kaukoliikennett\u00e4 vuonna 2004. He ty\u00f6llist\u00e4v\u00e4t t\u00e4ll\u00e4 hetkell\u00e4 yli 200 henkil\u00f6\u00e4, ja he olivat INC 5000 -listalla Yhdysvaltojen nopeimmin kasvavista yrityksist\u00e4 vuonna 2012. <\/p>\n<p>International Van Linesilla on my\u00f6s loistavat arvostelut seuraavilta tahoilta <a href=\"https:\/\/uk.trustpilot.com\/review\/www.internationalvanlines.com\" rel=\"noopener noreferrer\" target=\"_blank\">Trustpilot<\/a> (4,3\/5), <a href=\"https:\/\/www.move.org\/international-van-lines-review\/\" rel=\"noopener noreferrer\" target=\"_blank\">Move.org<\/a> (4,7\/5) ja <a href=\"https:\/\/www.consumeraffairs.com\/homeowners\/international-van-lines.html\" rel=\"noopener noreferrer\" target=\"_blank\">Kuluttaja-asiat<\/a> (4\/5). Jos siis muutat Yhdysvaltoihin tai Yhdysvalloista, heilt\u00e4 kannattaa pyyt\u00e4\u00e4 tarjous.<\/p>\n<p>Niill\u00e4 on akkreditointi seuraavasti:<\/p>\n<ul>\n<li> Lisensoitu <a href=\"https:\/\/safer.fmcsa.dot.gov\/query.asp?searchtype=ANY&#038;query_type=queryCarrierSnapshot&#038;query_param=USDOT&#038;query_string=2293832\" rel=\"noopener noreferrer\" target=\"_blank\">DOT Carrier<\/a><\/li>\n<li> <a href=\"https:\/\/moverdb.com\/fi\/huolitsija\/\">NVOCC<\/a> (muu kuin aluksia k\u00e4ytt\u00e4v\u00e4 yhteinen liikenteenharjoittaja) lisenssi<\/li>\n<li> FMC (Federal Maritime Commission) <\/li>\n<li> <a href=\"https:\/\/moverdb.com\/fi\/vanne-promover\/\">ProMover<\/a><\/li>\n<\/ul>\n<h2>International Van Lines arvostelut<\/h2>\n<p><strong>Positiivinen:<\/strong><\/p>\n<ul>\n<li> <em>\"IVL teki loistavaa ty\u00f6t\u00e4 kaukokuljetukseni kanssa. Miehist\u00f6 oli ajoissa, pakkasi hyvin ja teki sen, mit\u00e4 lupasivat tehd\u00e4. K\u00e4ytt\u00e4isin heit\u00e4 tarvittaessa uudelleen.\"<\/em> - Martha B. yrityksen verkkosivuston kautta<\/li>\n<li> <em>\"International Van Lines toimitti hiljattain tavarani. Tarkastuksen j\u00e4lkeen minulla ei ollut vaurioita tai menetyksi\u00e4, mik\u00e4 on erinomaista.\"<\/em> - IVY Powers kautta Move.org <\/li>\n<li> <em>\"Olin tyytyv\u00e4inen kokemukseeni IVL:n kanssa ja harkitsisin heit\u00e4, jos minun pit\u00e4isi l\u00e4hett\u00e4\u00e4 tai muuttaa ulkomaille.\"<\/em> - Jeff kuluttaja-asioiden kautta<\/li>\n<li> <em>\"Kaiken kaikkiaan kokemukseni oli loistava! Ty\u00f6skentelisin heid\u00e4n kanssaan tarvittaessa uudelleen.\"<\/em> - Sade kautta Trustpliot<\/li>\n<\/ul>\n<p><strong>Negatiivinen:<\/strong><\/p>\n<ul>\n<li> <em>\"Olen eritt\u00e4in pettynyt, enk\u00e4 koskaan suosittelisi International Van Linesia kenellek\u00e4\u00e4n.\"<\/em> - Ezeibe kautta Trustpilot<\/li>\n<li> <em>\"He menettiv\u00e4t maton ja muita tavaroita.\"<\/em> - Maritini Dog via Move.org<\/li>\n<li> <em>\"Paha v\u00e4\u00e4rink\u00e4sitys etup\u00e4\u00e4ss\u00e4 siit\u00e4, milloin he todella aikoivat siirt\u00e4\u00e4 tavaramme uuteen taloon\"<\/em> - Erin kuluttaja-asioiden kautta<\/li>\n<\/ul>\n<div itemprop=\"review\" itemscope itemtype=\"http:\/\/schema.org\/Review\">\n<span itemprop=\"author\" itemscope=\"\" itemtype=\"http:\/\/schema.org\/Organization\"><span itemprop=\"name\">MoverDB.com<\/span><\/span> Verkkosivuston arvostelu <span itemprop=\"itemreviewed\" itemscope=\"\" itemtype=\"http:\/\/schema.org\/Brand\"><span itemprop=\"name\">Kansainv\u00e4liset pakettiautot<\/span><\/span>:<\/p>\n<ol>\n<li> Selke\u00e4t yhteystiedot verkkosivustolla (my\u00f6s puhelinnumero): <strong>Kyll\u00e4<\/strong><\/li>\n<li> Helppo saada <a href=\"https:\/\/moverdb.com\/fi\/lainauksia\/\">kansainv\u00e4liset muutto tarjoukset<\/a>? (Online-arviolomake): <strong>Kyll\u00e4<\/strong><\/li>\n<li> Selke\u00e4t tiedot verkkosivustolla: <strong>Kyll\u00e4.<\/strong> Verkkosivustolla esiteltiin selke\u00e4sti kaikki yrityksen tarjoamat palvelut.<\/li>\n<li> J\u00e4senyys kansainv\u00e4lisiss\u00e4 tunnustetuissa liikkuvissa j\u00e4rjest\u00f6iss\u00e4: <strong>Kyll\u00e4<\/strong>, (ks. edell\u00e4)<\/li>\n<li> Luettelo asiakkaista ja\/tai aiempien asiakkaiden suosittelut. <strong>Kyll\u00e4,<\/strong> Heill\u00e4 on sivustollaan online-arvosteluja ja my\u00f6s monia my\u00f6nteisi\u00e4 arvosteluja verkossa.<\/li>\n<\/ol>\n<div itemprop=\"reviewRating\" itemscope itemtype=\"http:\/\/schema.org\/Rating\"><meta itemprop=\"worstRating\" content = \"0\" \/><meta itemprop=\"bestRating\" content=\"5\" \/><meta itemprop=\"ratingValue\" content=\"5\"><\/div>\n<p><strong>Yleisarvosana: 5\/5<\/strong><br \/>\n<strong>Tarkistusp\u00e4iv\u00e4:<\/strong> <span itemprop=\"datePublished\" content=\"2019-09-20\">20\/09\/2019<\/span>\n<\/div>\n<p>Lue lis\u00e4\u00e4 <a href=\"https:\/\/moverdb.com\/fi\/muuttoyritykset\/\">kansainv\u00e4liset muuttofirmat<\/a>, <a href=\"https:\/\/moverdb.com\/fi\/us-canada-movers\/\">kotimaiset muuttofirmat<\/a> ja meid\u00e4n <a href=\"https:\/\/moverdb.com\/fi\/arvostelut\/\">tarkistusprosessin selitys<\/a>.<\/p>\n<p><strong>Verkkosivusto:<\/strong> <a href=\"https:\/\/internationalvanlines.com\/\" target=\"_blank\" rel=\"noopener noreferrer\">https:\/\/internationalvanlines.com\/<\/a><\/p>","protected":false},"excerpt":{"rendered":"<p>International Van Lines is an American based mover founded in 2000 and is now one the largest international moving companies in the world. They have been rated as The Best Moving Company by Consumer Advocate in 2017, 2018 and 2019. Here are some of the services they provide: Full Container Load (FCL) Shipping Dry Containers [&hellip;]<\/p>\n","protected":false},"author":1,"featured_media":0,"parent":0,"menu_order":0,"comment_status":"closed","ping_status":"closed","template":"","meta":{"_genesis_hide_title":false,"_genesis_hide_breadcrumbs":false,"_genesis_hide_singular_image":false,"_genesis_hide_footer_widgets":false,"_genesis_custom_body_class":"","_genesis_custom_post_class":"","_genesis_layout":"","footnotes":""},"class_list":{"0":"post-3392","1":"page","2":"type-page","3":"status-publish","5":"entry","6":"has-post-thumbnail"},"_links":{"self":[{"href":"https:\/\/moverdb.com\/fi\/wp-json\/wp\/v2\/pages\/3392","targetHints":{"allow":["GET"]}}],"collection":[{"href":"https:\/\/moverdb.com\/fi\/wp-json\/wp\/v2\/pages"}],"about":[{"href":"https:\/\/moverdb.com\/fi\/wp-json\/wp\/v2\/types\/page"}],"author":[{"embeddable":true,"href":"https:\/\/moverdb.com\/fi\/wp-json\/wp\/v2\/users\/1"}],"replies":[{"embeddable":true,"href":"https:\/\/moverdb.com\/fi\/wp-json\/wp\/v2\/comments?post=3392"}],"version-history":[{"count":3,"href":"https:\/\/moverdb.com\/fi\/wp-json\/wp\/v2\/pages\/3392\/revisions"}],"predecessor-version":[{"id":3396,"href":"https:\/\/moverdb.com\/fi\/wp-json\/wp\/v2\/pages\/3392\/revisions\/3396"}],"wp:attachment":[{"href":"https:\/\/moverdb.com\/fi\/wp-json\/wp\/v2\/media?parent=3392"}],"curies":[{"name":"wp","href":"https:\/\/api.w.org\/{rel}","templated":true}]}}