{"id":303,"date":"2016-05-03T20:16:23","date_gmt":"2016-05-03T20:16:23","guid":{"rendered":"http:\/\/moverdb.com\/?page_id=303"},"modified":"2026-01-08T13:18:30","modified_gmt":"2026-01-08T13:18:30","slug":"harrow-green","status":"publish","type":"page","link":"https:\/\/moverdb.com\/fi\/harrow-green\/","title":{"rendered":"Harrow Green International Moving &amp; Removals Arvostelut"},"content":{"rendered":"<p>Harrow Green on erikoistunut p\u00e4\u00e4asiassa yritysten muuttoihin, sek\u00e4 kotimaan ett\u00e4 kansainv\u00e4lisiin. Alla on lueteltu heid\u00e4n keskeiset palvelunsa sek\u00e4 arvosteluja yrityksest\u00e4.<\/p>\n<h2>Harrow Green Muuttopalvelut<\/h2>\n<p><strong>Kansainv\u00e4linen muuttaminen<\/strong><\/p>\n<ul>\n<li> Pakkauspalvelut<\/li>\n<li> Kuljetus<\/li>\n<li> Varastointipalvelut<\/li>\n<li> Kohde paketti<\/li>\n<li> Vakuutus<\/li>\n<li> Kohteeseen suuntautuvat palvelut, kuten asentaja, asunnonhaku ja lemmikkiel\u00e4inten siirt\u00e4minen.<\/li>\n<\/ul>\n<p><strong>Yritysten muutot<\/strong><\/p>\n<ul>\n<li> Tilasuunnittelu<\/li>\n<li> Uusien huonekalujen tarjonta<\/li>\n<li> Olemassa olevien huonekalujen purkaminen ja kokoaminen uudelleen<\/li>\n<li> Ei-toivottujen laitteiden ymp\u00e4rist\u00f6yst\u00e4v\u00e4llinen h\u00e4vitt\u00e4minen<\/li>\n<li> Kierr\u00e4tys- ja uudelleenk\u00e4ytt\u00f6ohjelmat<\/li>\n<li> Paikan ulkopuoliset varastointiratkaisut<\/li>\n<li> Laatikon vuokraus<\/li>\n<\/ul>\n<p><strong>Teknologian uudelleensijoittaminen<\/strong><\/p>\n<ul>\n<li> Ydinpalvelu sis\u00e4lt\u00e4\u00e4 tietokoneet, ty\u00f6asemat ja kaikki oheislaitteet (kuten tulostimet ja skannerit) sek\u00e4 ty\u00f6p\u00f6yd\u00e4n puhe- ja datalaitteet.<\/li>\n<li> Yksityiskohtainen siirtoa edelt\u00e4v\u00e4 tarkastus<\/li>\n<li> J\u00e4rjestelm\u00e4n p\u00e4ivitykset<\/li>\n<\/ul>\n<p><strong>Kierr\u00e4tys ja uudelleenk\u00e4ytt\u00f6<\/strong><\/p>\n<ul>\n<li> Hyv\u00e4ntekev\u00e4isyyslahjoitus<\/li>\n<li> J\u00e4lleenmyynti<\/li>\n<li> Kunnostus<\/li>\n<li> Kierr\u00e4tys<\/li>\n<li> Toimiston tyhjennys<\/li>\n<\/ul>\n<p><strong>Varastointipalvelut<\/strong><\/p>\n<ul>\n<li> Huonekalujen varastointi<\/li>\n<li> Varastojen valvonta ja hallinnointi<\/li>\n<li> Perint\u00f6- ja erikoisvarastointi<\/li>\n<\/ul>\n<p><strong>Arkistojen hallinta<\/strong><\/p>\n<ul>\n<li> Asiakirjojen varastointi<\/li>\n<li> Asiakirjojen seuranta verkossa<\/li>\n<li> Skannaa tilauksesta<\/li>\n<li> Asiakirjojen s\u00e4ilytyksen turvallisuus<\/li>\n<li> Perinn\u00f6n turvallisuus<\/li>\n<li> Pilvitallennus<\/li>\n<li> Nauhatallennus<\/li>\n<li> Kotitoimisto ja henkil\u00f6kohtainen<\/li>\n<\/ul>\n<h2>Harrow Green Yrityksen profiili<\/h2>\n<p>Harrow Greenill\u00e4 on kolmen vuosikymmenen kokemus yritysten uudelleensijoittamisesta, ja se on laajentanut palvelujaan vuosien varrella vastaamaan asiakkaiden ja heid\u00e4n kasvavien organisaatioidensa tarpeita. <\/p>\n<p>He kuvaavat itse\u00e4\u00e4n kaupallisten kuljetusten ykk\u00f6seksi. Harrow Green on ollut UBS:n t\u00e4ysin integroitu palveluntarjontakumppani jo 20 vuoden ajan.<\/p>\n<p>Yritys aloitti toimintansa 1980-luvulla hoitamalla tietotekniikkaliikkeit\u00e4 ja lis\u00e4si 1990-luvulla arkistonhallintaosaston ja kansainv\u00e4liset muutot. Harrow Green keskittyy ensisijaisesti yritysten, l\u00e4hinn\u00e4 yritysten, julkisten ja pk-yritysten muuttoihin. <\/p>\n<p>Se tarjoaa kuitenkin rajoitetusti henkil\u00f6kohtaisia palveluja. <\/p>\n<p>Harrow Green on ollut osa Restore plc:t\u00e4 helmikuusta 2012 l\u00e4htien, ja sen tavoitteena on olla markkinajohtaja. <a href=\"https:\/\/moverdb.com\/fi\/moving-to-the-uk\/\" data-internallinksmanager029f6b8e52c=\"93\" title=\"Muutatko Yhdistyneeseen kuningaskuntaan? 2022 Elinkustannukset ja muuttovinkit\">UK<\/a> toimistopalveluryhm\u00e4. Restore plc on AIM-p\u00f6rssiss\u00e4 noteerattu tukipalveluyritys, joka listautui p\u00f6rssiin vuonna 2004.<\/p>\n<p><strong>Palkinnot<\/strong><\/p>\n<ul>\n<li> PFM Partnership Awards -kilpailun finalisti<\/li>\n<li> Vuoden kaupallinen liikkuja 2014<\/li>\n<li> Paras innovaatio FM-palveluissa -palkinto<\/li>\n<li> BIFM:n parhaan yritystukijan palkinto<\/li>\n<li> Best Companies nimesi meid\u00e4t \"yhdeksi seurattavaksi\".<\/li>\n<li> EMMA-ehdokkaana <a href=\"https:\/\/moverdb.com\/fi\/moving-companies\/\" data-internallinksmanager029f6b8e52c=\"79\" title=\"Top 25 Kansainv\u00e4list\u00e4 muuttoyrityksi\u00e4 verkossa\">Kansainv\u00e4linen muuttofirma<\/a> vuoden kategoria<\/li>\n<li> Finalisti BIFM Awards 2015 -kilpailun Oppiminen ja urakehitys -kategoriassa.<\/li>\n<li> Finalisti East London Chamber of Commerce\/Docklands Business Awards -kilpailussa<\/li>\n<li> UBS:n vuoden myyj\u00e4<\/li>\n<li> Asiakaspalvelun huippuosaamisen finalistit <a href=\"\" data-internallinksmanager029f6b8e52c=\"34\" title=\"Birmingham\">Birmingham<\/a> Kauppakamarin yrityspalkinnot.<\/li>\n<\/ul>\n<p><strong>J\u00e4senyys &amp; todistukset<\/strong> <\/p>\n<ul>\n<li> SGS:n asiakaspalvelun huippuosaamisen standardi<\/li>\n<li> BS 8522 sertifioitu<\/li>\n<li> ISO 9001 Laadunhallintaj\u00e4rjestelm\u00e4t - Sertifikaatti FS 34113<\/li>\n<li> <a href=\"https:\/\/moverdb.com\/fi\/fidi-faim\/\">FIDI FAIMPlus-sertifioitu<\/a><\/li>\n<li> JAUPT:n hyv\u00e4ksym\u00e4 koulutuksen j\u00e4rjest\u00e4miseen<\/li>\n<li> Achilles\/UVDB (luokka B2) -sertifioitu.<\/li>\n<li> Sertifioitu Safe contractor sector -vaatimustenmukaisuusj\u00e4rjestelm\u00e4n mukaiseksi.<\/li>\n<li> Sertifioitu CHAS-sektorin vaatimustenmukaisuusj\u00e4rjestelm\u00e4n mukaiseksi.<\/li>\n<li> Sertifioitu rakennusalan vaatimustenmukaisuusohjelman mukaiseksi.<\/li>\n<li> British Institute of Facilities Managementin yritysj\u00e4sen.<\/li>\n<li> O'Neil strateginen kumppani arkistonhallintaj\u00e4rjestelmiss\u00e4<\/li>\n<li> J\u00e4sen <a href=\"https:\/\/moverdb.com\/fi\/british-association-of-removers\/\">BAR, British Association of Removers<\/a><\/li>\n<li> <a href=\"https:\/\/moverdb.com\/fi\/bar-overseas\/\">BAR Overseas Group<\/a><\/li>\n<li> <a href=\"https:\/\/moverdb.com\/fi\/fidi-faim\/\">FIDI:n j\u00e4sen<\/a>, maailmanlaajuisia liikkujia edustava j\u00e4rjest\u00f6<\/li>\n<li> RoSPA:n (Royal Society for the Prevention of Accidents) j\u00e4sen.<\/li>\n<li> <a href=\"https:\/\/moverdb.com\/fi\/olen\/\">IAM:n (International Association of Movers) j\u00e4sen.<\/a><\/li>\n<li> Valtuutettu j\u00e4sen ja asiamies The <a href=\"https:\/\/moverdb.com\/fi\/british-association-of-removers\/\" data-internallinksmanager029f6b8e52c=\"9\" title=\"British Association of Removers (BAR) selitetty\">British Association of Removers<\/a> DBA the <a href=\"https:\/\/moverdb.com\/fi\/mtc\/\">Movers Trading Club<\/a> (<a href=\"https:\/\/moverdb.com\/fi\/mtc\/\" data-internallinksmanager029f6b8e52c=\"30\" title=\"Movers Trading Club (MTC) selitetty\">MTC<\/a>)<\/li>\n<\/ul>\n<h2>Harrow Green Muuttoarvostelut<\/h2>\n<div itemprop=\"review\" itemscope itemtype=\"http:\/\/schema.org\/Review\">\n<span itemprop=\"author\" itemscope=\"\" itemtype=\"http:\/\/schema.org\/Organization\"><span itemprop=\"name\">MoverDB.com<\/span><\/span> Verkkosivuston arvostelu <span itemprop=\"itemreviewed\" itemscope=\"\" itemtype=\"http:\/\/schema.org\/Brand\"><span itemprop=\"name\">Harrow Green<\/span><\/span>:<\/p>\n<ol>\n<li> Selke\u00e4t yhteystiedot verkkosivustolla (my\u00f6s puhelinnumero)? <strong>Kyll\u00e4<\/strong><\/li>\n<li> Helppo saada <a href=\"https:\/\/moverdb.com\/fi\/lainauksia\/\">kansainv\u00e4liset muutot tarjoukset<\/a>? (Online-arviolomake): <strong>Osittain<\/strong>, on olemassa s\u00e4hk\u00f6postilomake, mutta ei kunnollista tarjouslomaketta.<\/li>\n<li> Selke\u00e4t tiedot verkkosivustolla: <strong>Kyll\u00e4<\/strong>, Sivusto on hyvin suunniteltu ja helppo ymm\u00e4rt\u00e4\u00e4 ja k\u00e4ytt\u00e4\u00e4. Ainoa, mik\u00e4 puuttuu, on hinnoittelu\/tarjouslomake.<\/li>\n<li> J\u00e4senyys kansainv\u00e4lisiss\u00e4 tunnustetuissa liikkuvissa j\u00e4rjest\u00f6iss\u00e4: <strong>Kyll\u00e4<\/strong><\/li>\n<li> Luettelo asiakkaista ja\/tai aiempien asiakkaiden suosittelut: <strong>Kyll\u00e4<\/strong><\/li>\n<\/ol>\n<div itemprop=\"reviewRating\" itemscope itemtype=\"http:\/\/schema.org\/Rating\"><meta itemprop=\"worstRating\" content = \"0\" \/><meta itemprop=\"bestRating\" content=\"5\" \/><meta itemprop=\"ratingValue\" content=\"4.5\"><\/div>\n<p><strong>Yleisarvosana: 4.5\/5<\/strong><br \/>\n<strong>Tarkistusp\u00e4iv\u00e4:<\/strong> <span itemprop=\"datePublished\" content=\"2018-01-15\">15\/01\/2018<\/span>\n<\/div>\n<p>Lis\u00e4tietoja <a href=\"https:\/\/moverdb.com\/fi\/international-removals\/\">Yhdistyneen kuningaskunnan muuttoyritykset<\/a> ja meid\u00e4n <a href=\"https:\/\/moverdb.com\/fi\/arvostelut\/\">tarkistusprosessin selitys<\/a>.<\/p>\n<p><strong>Verkkosivusto:<\/strong> <a href=\"https:\/\/www.harrowgreeninternational.com\/\" target=\"_blank\" rel=\"noopener noreferrer\">https:\/\/www.harrowgreeninternational.com\/<\/a><\/p>","protected":false},"excerpt":{"rendered":"<p>Harrow Green specialise primarily in business removals, both domestic and international. Below are their core services along with reviews about the company. Harrow Green Removals Services International moving Packing services Transportation Storage services Destination package Insurance Destination services, such as handyman, home search and pet relocation Business removals Space planning New furniture supply Dismantling and [&hellip;]<\/p>\n","protected":false},"author":1,"featured_media":0,"parent":0,"menu_order":0,"comment_status":"closed","ping_status":"closed","template":"","meta":{"_genesis_hide_title":false,"_genesis_hide_breadcrumbs":false,"_genesis_hide_singular_image":false,"_genesis_hide_footer_widgets":false,"_genesis_custom_body_class":"","_genesis_custom_post_class":"","_genesis_layout":"","footnotes":""},"class_list":{"0":"post-303","1":"page","2":"type-page","3":"status-publish","5":"entry"},"_links":{"self":[{"href":"https:\/\/moverdb.com\/fi\/wp-json\/wp\/v2\/pages\/303","targetHints":{"allow":["GET"]}}],"collection":[{"href":"https:\/\/moverdb.com\/fi\/wp-json\/wp\/v2\/pages"}],"about":[{"href":"https:\/\/moverdb.com\/fi\/wp-json\/wp\/v2\/types\/page"}],"author":[{"embeddable":true,"href":"https:\/\/moverdb.com\/fi\/wp-json\/wp\/v2\/users\/1"}],"replies":[{"embeddable":true,"href":"https:\/\/moverdb.com\/fi\/wp-json\/wp\/v2\/comments?post=303"}],"version-history":[{"count":13,"href":"https:\/\/moverdb.com\/fi\/wp-json\/wp\/v2\/pages\/303\/revisions"}],"predecessor-version":[{"id":3300,"href":"https:\/\/moverdb.com\/fi\/wp-json\/wp\/v2\/pages\/303\/revisions\/3300"}],"wp:attachment":[{"href":"https:\/\/moverdb.com\/fi\/wp-json\/wp\/v2\/media?parent=303"}],"curies":[{"name":"wp","href":"https:\/\/api.w.org\/{rel}","templated":true}]}}