{"id":2804,"date":"2018-05-18T20:05:25","date_gmt":"2018-05-18T20:05:25","guid":{"rendered":"https:\/\/moverdb.com\/?page_id=2804"},"modified":"2026-01-08T14:48:10","modified_gmt":"2026-01-08T14:48:10","slug":"data-processing-policy","status":"publish","type":"page","link":"https:\/\/moverdb.com\/fi\/data-processing-policy\/","title":{"rendered":"Tietojenk\u00e4sittelypolitiikka"},"content":{"rendered":"<p>T\u00e4ss\u00e4 tietojenk\u00e4sittelyk\u00e4yt\u00e4nn\u00f6ss\u00e4 selitet\u00e4\u00e4n selkokielell\u00e4, miten MoverDB.com k\u00e4sittelee tietoja, jotta voit tehd\u00e4 tietoon perustuvan valinnan siit\u00e4, haluatko k\u00e4ytt\u00e4\u00e4 palveluitamme vai et. Olemme luoneet sen vastauksena GDPR:\u00e4\u00e4n. Se on selkokielinen, yksityiskohtainen lis\u00e4ys meid\u00e4n <a href=\"https:\/\/moverdb.com\/fi\/yksityisyyden-suojaa-koskeva-politiikka\/\">Tietosuojak\u00e4yt\u00e4nt\u00f6<\/a> ja <a href=\"https:\/\/moverdb.com\/fi\/kayttoehdot\/\">Ehdot ja edellytykset<\/a>.<\/p>\n<p>MoverDB.com on vapaasti k\u00e4ytett\u00e4viss\u00e4 oleva verkkosivusto, eik\u00e4 sen k\u00e4ytt\u00e4minen edellyt\u00e4 rekister\u00f6itymist\u00e4 ja\/tai henkil\u00f6tietojen antamista. Kaikki tiedot ovat maksutta kaikkien saatavilla.<\/p>\n<p>Ker\u00e4\u00e4mme ja k\u00e4sittelemme kuitenkin aktiivisesti ja passiivisesti tietoja, joista sinun tulisi mielest\u00e4mme olla tietoinen. Kaikki verkkosivuston sivut ja tiedot l\u00e4hetet\u00e4\u00e4n suojatun SSL-tekniikan avulla.<\/p>\n<p>Kaikki aktiiviset tietojenk\u00e4sittelytoimintamme (ks. j\u00e4ljemp\u00e4n\u00e4) tehd\u00e4\u00e4n seuraavalla tavalla <strong>suostumusperuste<\/strong> ja passiiviset tietojenk\u00e4sittelytoimintamme (ks. j\u00e4ljemp\u00e4n\u00e4) suoritetaan <strong>oikeutetun edun perusta<\/strong>. <\/p>\n<p>MoverDB.com k\u00e4sittelee monenlaisia tietoja useisiin eri tarkoituksiin k\u00e4ytt\u00e4en useita kolmansien osapuolten kumppaneita ja alustoja.<\/p>\n<p><strong>Aktiivinen tietojenk\u00e4sittely <\/strong><\/p>\n<p>Ensisijainen tietojenk\u00e4sittelytoimintamme on auttaa ihmisi\u00e4 saamaan tarjouksia kansainv\u00e4lisest\u00e4 muutosta ilmaisen, sitoumuksettoman tarjouspalvelun kautta. Se on tarkoitettu yksityishenkil\u00f6iden k\u00e4ytt\u00f6\u00f6n sek\u00e4 EU:n sis\u00e4ll\u00e4 ett\u00e4 sen ulkopuolella.<\/p>\n<p>Huomaa my\u00f6s, ett\u00e4 MoverDB.com ei tarjoa lainauksia itse, vaan se on sen sijaan tehnyt yhteisty\u00f6t\u00e4 seuraavien tahojen kanssa <a href=\"https:\/\/moverdb.com\/fi\/international-removals\/\" data-internallinksmanager029f6b8e52c=\"27\" title=\"36 Parhaat kansainv\u00e4liset muuttoyritykset Yhdistyneess\u00e4 kuningaskunnassa\">Kansainv\u00e4liset muutot<\/a> Direct, TriGlobal B.V. ja MyMovingLoads tarjousten antamiseksi. Kukin niist\u00e4 puolestaan ty\u00f6skentelee suoraan omien toimittajiensa kanssa. <a href=\"https:\/\/moverdb.com\/fi\/moving-companies\/\" data-internallinksmanager029f6b8e52c=\"79\" title=\"Top 25 Kansainv\u00e4list\u00e4 muuttoyrityksi\u00e4 verkossa\">muuttofirmat<\/a>. <\/p>\n<p>N\u00e4in ollen toimimme sek\u00e4 rekisterinpit\u00e4j\u00e4n\u00e4 (koska l\u00e4het\u00e4mme heille tietoja) ett\u00e4 henkil\u00f6tietojen k\u00e4sittelij\u00e4n\u00e4 (koska he ilmoittavat, mit\u00e4 tietoja he tarvitsevat, ja p\u00e4\u00e4tt\u00e4v\u00e4t, miten tietoja k\u00e4sitell\u00e4\u00e4n). Kaikkia heid\u00e4n puolestaan ker\u00e4\u00e4mi\u00e4mme tietoja tarvitaan, jotta voimme suodattaa sinulle sopivia toimittajia. Jos haluat olla jakamatta tiettyj\u00e4 tietoja, voit tehd\u00e4 niin vapaasti, ja voit silti l\u00f6yt\u00e4\u00e4 yleisi\u00e4 <a href=\"https:\/\/moverdb.com\/fi\/konttikuljetukset\/\">hinnoittelutiedot t\u00e4\u00e4ll\u00e4<\/a>.<\/p>\n<p>Se, mink\u00e4 yrityksen kanssa k\u00e4sittelet tietojasi, riippuu siit\u00e4, mit\u00e4 lomaketta k\u00e4yt\u00e4t ja mist\u00e4 olet siirtym\u00e4ss\u00e4.  <\/p>\n<p><strong>P\u00e4\u00e4lomake (sivun yl\u00e4osassa)<\/strong><\/p>\n<p>P\u00e4\u00e4lomakkeemme n\u00e4ytt\u00e4\u00e4 t\u00e4lt\u00e4:<\/p>\n<p><img loading=\"lazy\" decoding=\"async\" width=\"833\" height=\"365\" src=\"https:\/\/moverdb.com\/wp-content\/uploads\/Top-page-form.png\" alt=\"\" class=\"aligncenter size-full wp-image-3236\" srcset=\"https:\/\/moverdb.com\/wp-content\/uploads\/Top-page-form.png 833w, https:\/\/moverdb.com\/wp-content\/uploads\/Top-page-form-300x131.png 300w\" sizes=\"auto, (max-width: 833px) 100vw, 833px\" \/><\/p>\n<p>Ker\u00e4\u00e4mme lomakkeen tiedot itse ja p\u00e4\u00e4t\u00e4mme sitten, mihin ne l\u00e4hetet\u00e4\u00e4n.  <\/p>\n<p>Seuraavassa kerrotaan ker\u00e4tt\u00e4v\u00e4t tiedot ja niiden keruun syy:<\/p>\n<ul>\n<li> Minne olet muuttamassa: T\u00e4m\u00e4 auttaa saamaan tarkkoja tarjouksia ja suodattaa mahdolliset muuttoyritykset.<\/li>\n<li> Nykyinen osoite\/Postinumero\/Piirinumero\/kaupunki\/maa: T\u00e4m\u00e4 auttaa saamaan tarkkoja tarjouksia ja suodattaa mahdollisia muuttofirmoja.<\/li>\n<li> Mihin kaupunkiin muutat: T\u00e4m\u00e4 auttaa saamaan tarkkoja tarjouksia ja suodattaa mahdolliset muuttoyritykset.<\/li>\n<li> Muuton arvioitu koko: T\u00e4m\u00e4 auttaa saamaan tarkkoja tarjouksia ja suodattamaan mahdollisia muuttofirmoja.<\/li>\n<li> L\u00e4hetett\u00e4v\u00e4t tuotteet: T\u00e4m\u00e4 auttaa saamaan tarkkoja tarjouksia, suodattaa mahdollisia muuttofirmoja ja varmistaa, ettet yrit\u00e4 kuljettaa mit\u00e4\u00e4n laitonta.<\/li>\n<li> Arvioitu muuttop\u00e4iv\u00e4: Huomaa my\u00f6s, ett\u00e4 useimmat yritykset eiv\u00e4t voi antaa tarjouksia muutoista yli 3 kuukautta etuk\u00e4teen.<\/li>\n<li> Nimesi: Jotta yritykset tiet\u00e4v\u00e4t, kenen kanssa he ovat tekemisiss\u00e4.<\/li>\n<li> S\u00e4hk\u00f6postiosoitteesi: Mihin tarjoukset voidaan l\u00e4hett\u00e4\u00e4 ja tapa ottaa sinuun yhteytt\u00e4 koskien pyynt\u00f6\u00e4si.<\/li>\n<li> Puhelinnumerosi: Tarvitaan, jotta yritykset voivat ottaa sinuun yhteytt\u00e4 tarjouksesi suhteen.<\/li>\n<\/ul>\n<p>Kun kaikki tiedot on sy\u00f6tetty ja l\u00e4het\u00e4t lomakkeen, seuraavat toimenpiteet tapahtuvat:<\/p>\n<ul>\n<li> N\u00e4et kiitosviestimme, joka sis\u00e4lt\u00e4\u00e4 my\u00f6s ty\u00f6kalun, joka on per\u00e4isin <a href=\"https:\/\/moverdb.com\/fi\/international-money-transfer-services\/currencies-direct-review\/\" data-internallinksmanager029f6b8e52c=\"237\" title=\"Currencies Direct kansainv\u00e4linen rahansiirto Review 2026\">Currencies Direct<\/a> joka voi auttaa selvitt\u00e4m\u00e4\u00e4n, miten valuuttaa vaihdetaan.<\/li>\n<li> Lomakkeen tiedot l\u00e4hetet\u00e4\u00e4n sitten suojatun SSL-verkkokoukun kautta Zapier.com-sivustolle, joka helpottaa <a href=\"https:\/\/moverdb.com\/fi\/moving-to-the-united-states\/\" data-internallinksmanager029f6b8e52c=\"94\" title=\"Muutatko Yhdysvaltoihin? 2022 Elinkustannukset ja muuttovinkit\">us<\/a> k\u00e4sittelem\u00e4\u00e4n tietoja niin sanotun Zapin avulla.<\/li>\n<li> Kun Zapier.com on vastaanottanut tiedot, Zap suodattaa kaikki ker\u00e4tyt tiedot joko International Removals Directille (muutto osoitteesta <a href=\"https:\/\/moverdb.com\/fi\/moving-to-the-uk\/\" data-internallinksmanager029f6b8e52c=\"93\" title=\"Muutatko Yhdistyneeseen kuningaskuntaan? 2022 Elinkustannukset ja muuttovinkit\">UK<\/a>) tai TriGlobal B.V.:n (siirtyminen mist\u00e4 tahansa muualta maailmasta) suojatun SSL-verkkokoukun kautta. Ne tarkistavat tietosi ja l\u00e4hett\u00e4v\u00e4t sitten pyynt\u00f6si enint\u00e4\u00e4n kuudelle sopivalle muuttofirmalle, jotka voivat puolestaan ottaa sinuun yhteytt\u00e4 puhelimitse ja\/tai s\u00e4hk\u00f6postitse. Sinulla ei ole velvollisuutta ostaa mit\u00e4\u00e4n, ja voit ilmoittaa heille, ettet halua jatkaa. Lis\u00e4ksi voit pyyt\u00e4\u00e4 meit\u00e4 peruuttamaan pyynt\u00f6si k\u00e4ytt\u00e4m\u00e4ll\u00e4 meid\u00e4n <a href=\"https:\/\/moverdb.com\/fi\/contact-us\/\">yhteydenottolomake<\/a>.<\/li>\n<li> Kun tiedot on l\u00e4hetetty, Zap l\u00e4hett\u00e4\u00e4 lomakkeeseen sy\u00f6tetyn s\u00e4hk\u00f6postiosoitteen Mailchimpiin Zapier-integraation kautta. T\u00e4m\u00e4 k\u00e4ynnist\u00e4\u00e4 sitten automaattisen s\u00e4hk\u00f6postiviestin, jossa vahvistetaan pyynt\u00f6si ja selitet\u00e4\u00e4n j\u00e4lleen, mit\u00e4 odottaa. Sen j\u00e4lkeen se l\u00e4hett\u00e4\u00e4 1 seurantas\u00e4hk\u00f6postiviestin noin 5 p\u00e4iv\u00e4\u00e4 pyynt\u00f6si j\u00e4lkeen, jossa annetaan lis\u00e4tietoja rahan siirt\u00e4misest\u00e4 ulkomaille tavaroitten mukana. T\u00e4m\u00e4 l\u00e4hetet\u00e4\u00e4n, koska olemme huomanneet, ett\u00e4 monet ihmiset ovat h\u00e4mmentyneit\u00e4 eri vaihtoehdoista, kun on kyse rahan l\u00e4hett\u00e4misest\u00e4 ulkomaille. Voit helposti peruuttaa tilauksen kaikista s\u00e4hk\u00f6postiviesteist\u00e4 napsauttamalla tilauksen peruutuslinkki\u00e4 joko jokaisen s\u00e4hk\u00f6postiviestin yl\u00e4- tai alareunassa, mik\u00e4 peruuttaa kaikki tulevat s\u00e4hk\u00f6postiviestit. Poistamme s\u00e4hk\u00f6postiviestej\u00e4 my\u00f6s rutiininomaisesti v\u00e4hint\u00e4\u00e4n kerran vuodessa.<\/li>\n<li> T\u00e4ss\u00e4 vaiheessa Zap on valmis, ja Zapier poistaa kaikki tiedot automaattisesti 90 p\u00e4iv\u00e4n kuluessa. N\u00e4in meill\u00e4 on aikaa auttaa selvitt\u00e4m\u00e4\u00e4n mahdolliset ongelmat, mutta tietoja ei s\u00e4ilytet\u00e4 pidemp\u00e4\u00e4n kuin on tarpeen.<\/li>\n<li> S\u00e4ilyt\u00e4mme s\u00e4hk\u00f6postiosoitteesi (eik\u00e4 mit\u00e4\u00e4n muuta) enint\u00e4\u00e4n 1 vuoden ajan Mailchimpin kautta.<\/li>\n<li> International Removals Direct ja TriGlobal B.V. s\u00e4ilytt\u00e4v\u00e4t tietoja niin kauan kuin niiden sis\u00e4iset k\u00e4yt\u00e4nn\u00f6t edellytt\u00e4v\u00e4t. Jos olet huolissasi niiden mahdollisesti s\u00e4ilytt\u00e4mist\u00e4 tiedoista, ota meihin yhteytt\u00e4, niin teemme parhaamme auttaaksemme.<\/li>\n<\/ul>\n<p><strong>Toissijainen lomake #1 (sivun keskell\u00e4)<\/strong><\/p>\n<p>Toissijainen muotomme #1 n\u00e4ytt\u00e4\u00e4 t\u00e4lt\u00e4.<\/p>\n<p><img loading=\"lazy\" decoding=\"async\" width=\"907\" height=\"512\" src=\"https:\/\/moverdb.com\/wp-content\/uploads\/bottom-page-form.png\" alt=\"\" class=\"aligncenter size-full wp-image-3235\" srcset=\"https:\/\/moverdb.com\/wp-content\/uploads\/bottom-page-form.png 907w, https:\/\/moverdb.com\/wp-content\/uploads\/bottom-page-form-300x169.png 300w\" sizes=\"auto, (max-width: 907px) 100vw, 907px\" \/><\/p>\n<p>T\u00e4m\u00e4n lomakkeen tarjoaa MyMovingLoads, emmek\u00e4 me valvo, miten se l\u00e4hetet\u00e4\u00e4n tai k\u00e4sitell\u00e4\u00e4n. <\/p>\n<p>T\u00e4ss\u00e4 on heid\u00e4n ker\u00e4\u00e4m\u00e4ns\u00e4 tiedot:<\/p>\n<ul>\n<li> Alkuper\u00e4maa\/kaupunki ja toimitusmaa ja toimituskaupunki: T\u00e4m\u00e4 auttaa saamaan tarkkoja tarjouksia ja suodattaa mahdollisia muuttofirmoja.<\/li>\n<li> Muuttop\u00e4iv\u00e4: Huomaa my\u00f6s, ett\u00e4 useimmat yritykset eiv\u00e4t voi antaa tarjouksia muutoista yli 3 kuukautta etuk\u00e4teen.<\/li>\n<li> Valitse kodin koko: T\u00e4m\u00e4 auttaa saamaan tarkkoja tarjouksia ja suodattaa mahdolliset muuttoyritykset.<<\/li>\n<li> Etu- ja sukunimi: Jotta yritykset tiet\u00e4v\u00e4t, kenen kanssa ovat tekemisiss\u00e4.<\/li>\n<li> Puhelimesi: Puhelinnumero: Tarvitaan, jotta yritykset voivat ottaa sinuun yhteytt\u00e4 tarjouksestasi.<\/li>\n<li> S\u00e4hk\u00f6postiosoitteesi: S\u00e4hk\u00f6postiosoite: Mihin tarjoukset voidaan l\u00e4hett\u00e4\u00e4 ja miten voimme ottaa sinuun yhteytt\u00e4 koskien pyynt\u00f6\u00e4si.<\/li>\n<\/ul>\n<p>Kun kaikki tiedot on sy\u00f6tetty ja l\u00e4het\u00e4t lomakkeen, seuraavat toimenpiteet tapahtuvat:<\/p>\n<ul>\n<li> N\u00e4et kiitosviestin.<\/li>\n<li> Tiedot l\u00e4hetet\u00e4\u00e4n MyMovingLoadsille, joka k\u00e4sittelee niit\u00e4 niiden k\u00e4ytt\u00f6ehtojen mukaisesti, jotka sinun on hyv\u00e4ksytt\u00e4v\u00e4 lomakkeen l\u00e4hett\u00e4misen yhteydess\u00e4.<\/li>\n<\/ul>\n<p><strong>Toissijainen lomake #2 (sivun alaosa)<\/strong><\/p>\n<p>Toissijainen muotomme #2 n\u00e4ytt\u00e4\u00e4 t\u00e4lt\u00e4:<\/p>\n<p><img loading=\"lazy\" decoding=\"async\" src=\"https:\/\/moverdb.com\/wp-content\/uploads\/Triglobal-form.png\" alt=\"\" width=\"597\" height=\"795\" class=\"aligncenter size-full wp-image-3269\" srcset=\"https:\/\/moverdb.com\/wp-content\/uploads\/Triglobal-form.png 597w, https:\/\/moverdb.com\/wp-content\/uploads\/Triglobal-form-225x300.png 225w\" sizes=\"auto, (max-width: 597px) 100vw, 597px\" \/><\/p>\n<p>T\u00e4m\u00e4n lomakkeen tarjoaa TriGlobal B.V., emmek\u00e4 me voi valvoa, miten se l\u00e4hetet\u00e4\u00e4n tai k\u00e4sitell\u00e4\u00e4n.<\/p>\n<p>T\u00e4ss\u00e4 on heid\u00e4n ker\u00e4\u00e4m\u00e4ns\u00e4 tiedot:<\/p>\n<ul>\n<li> Nykyiseen osoitteeseen ja toimitusosoitteeseen liittyv\u00e4t tiedot (katu, postinumero, kaupunki ja maa): T\u00e4m\u00e4 auttaa saamaan tarkkoja tarjouksia ja suodattaa mahdollisia muuttofirmoja.<\/li>\n<li> Liikkuva koko: auttaa tuottamaan tarkkoja tarjouksia<\/li>\n<li> Muuttop\u00e4iv\u00e4: Huomaa my\u00f6s, ett\u00e4 useimmat yritykset eiv\u00e4t voi antaa tarjouksia muutoista yli 3 kuukautta etuk\u00e4teen.<\/li>\n<li> Arvioitu tilavuus ft3 (valinnainen): Auttaa tuottamaan tarkemman tarjouksen.<\/li>\n<li> Pakkaus\/kokoaminen (valinnainen): Auttaa antamaan tarkemman tarjouksen.<\/li>\n<li> Huomautukset (valinnainen): Huomautukset: T\u00e4h\u00e4n voit lis\u00e4t\u00e4 erityistoiveita, kysymyksi\u00e4 jne.<\/li>\n<li> Muuton tyyppi: T\u00e4m\u00e4 auttaa l\u00e4hett\u00e4m\u00e4\u00e4n tarjouksesi muuttofirmojen oikealle osastolle.<\/li>\n<li> Etu- ja sukunimet: Jotta yritykset tiet\u00e4v\u00e4t, kenen kanssa ovat tekemisiss\u00e4.<\/li>\n<li> Puhelin #1: Puhelinnumero: Tarvitaan, jotta yritykset voivat ottaa sinuun yhteytt\u00e4 tarjouksestasi.<\/li>\n<li> S\u00e4hk\u00f6posti: S\u00e4hk\u00f6posti: Jolle voi l\u00e4hett\u00e4\u00e4 tarjouksia ja jolla voimme ottaa sinuun yhteytt\u00e4 pyynn\u00f6st\u00e4si.<\/li>\n<\/ul>\n<p>Kun kaikki tiedot on sy\u00f6tetty ja l\u00e4het\u00e4t lomakkeen, seuraavat toimenpiteet tapahtuvat:<\/p>\n<ul>\n<li> N\u00e4et kiitosviestin.<\/li>\n<li> Tiedot l\u00e4hetet\u00e4\u00e4n TriGlobal B.V:lle, joka k\u00e4sittelee niit\u00e4 palveluehtojensa mukaisesti.<\/li>\n<\/ul>\n<p><strong>Passiivinen tietojenk\u00e4sittely <\/strong><\/p>\n<p>K\u00e4yt\u00e4mme seuraavia kolmannen osapuolen ty\u00f6kaluja, jotka auttavat meit\u00e4 yll\u00e4pit\u00e4m\u00e4\u00e4n k\u00e4ytt\u00f6kelpoista verkkosivustoa. Ne eiv\u00e4t jaa kanssamme henkil\u00f6tietojasi, mutta ne saattavat silti ker\u00e4t\u00e4 sinusta ja\/tai tietokoneestasi tietoja, joita voidaan pit\u00e4\u00e4 henkil\u00f6tietoina.<\/p>\n<p>Seuraavassa kerrotaan, mihin k\u00e4yt\u00e4mme kutakin niist\u00e4 ja mist\u00e4 saat lis\u00e4tietoja siit\u00e4, miten ne voivat ker\u00e4t\u00e4 ja k\u00e4ytt\u00e4\u00e4 henkil\u00f6tietoja:<\/p>\n<p><strong>Google Analytics:<\/strong> K\u00e4yt\u00e4mme t\u00e4t\u00e4 seurataksemme, miten ihmiset k\u00e4ytt\u00e4v\u00e4t verkkosivustoamme kokonaisuutena. Emme k\u00e4yt\u00e4 sit\u00e4 yksitt\u00e4isten k\u00e4ytt\u00e4jien seurantaan. T\u00e4ss\u00e4 ovat t\u00e4rkeimm\u00e4t t\u00e4ll\u00e4 hetkell\u00e4 k\u00e4ytt\u00e4m\u00e4mme asetukset:<\/p>\n<ul>\n<li>Uudelleenmarkkinointi: OFF<\/li>\n<li>Mainonnan raportointiominaisuudet: OFF<\/li>\n<li>K\u00e4ytt\u00e4j\u00e4- ja tapahtumatietojen s\u00e4ilytt\u00e4minen: (lyhin tarjottu vaihtoehto).<\/li>\n<li>Nollaa uuden toiminnan yhteydess\u00e4: ON<\/li>\n<li>K\u00e4ytt\u00e4j\u00e4tunnus: OFF<\/li>\n<li>Hyv\u00e4ksytty GDPR:n tietojenk\u00e4sittelyn muutos<\/li>\n<\/ul>\n<p>Google tarjoaa t\u00e4ll\u00e4 hetkell\u00e4 Analyticsin opt-out-mahdollisuuden <a href=\"https:\/\/support.google.com\/analytics\/answer\/181881?hl=en\" rel=\"noopener\" target=\"_blank\">t\u00e4\u00e4ll\u00e4<\/a> tai voit k\u00e4ytt\u00e4\u00e4 kolmannen osapuolen ty\u00f6kalua, kuten esim. <a href=\"https:\/\/www.ghostery.com\/\" rel=\"noopener\" target=\"_blank\">Ghostery<\/a>.<\/p>\n<p><strong>Facebook Social Graph:<\/strong> T\u00e4t\u00e4 k\u00e4ytet\u00e4\u00e4n helpottamaan verkkosivustomme ja blogimme sis\u00e4ll\u00f6n jakamista Facebookissa ja jotta ihmiset n\u00e4kev\u00e4t, kuinka usein sis\u00e4lt\u00f6\u00e4 on silputtu. Emme k\u00e4yt\u00e4 sit\u00e4 uudelleenmarkkinointiin tai uudelleenkohdentamiseen. Katso Facebookin <a href=\"https:\/\/www.facebook.com\/help\/1701730696756992\/?helpref=hc_fnav\" rel=\"noopener\" target=\"_blank\">Tietosivu<\/a> lis\u00e4tietoja siit\u00e4, miten he k\u00e4ytt\u00e4v\u00e4t tietojasi.<\/p>\n<p><strong>Sosiaalisen median jakaminen:<\/strong> Facebookin Social Graphin lis\u00e4ksi sivustollamme on my\u00f6s G+-, Twitter- ja LinkedIn-jakopainikkeet, joiden avulla sis\u00e4ll\u00f6n jakaminen n\u00e4ill\u00e4 alustoilla on helpompaa. N\u00e4et <a href=\"https:\/\/policies.google.com\/privacy\" rel=\"noopener\" target=\"_blank\">G+:n tietosuojak\u00e4yt\u00e4nt\u00f6 t\u00e4\u00e4ll\u00e4<\/a>, Twitterin <a href=\"https:\/\/twitter.com\/en\/privacy\" rel=\"noopener\" target=\"_blank\">Tietosuojak\u00e4yt\u00e4nt\u00f6<\/a> t\u00e4\u00e4ll\u00e4 ja <a href=\"https:\/\/www.linkedin.com\/legal\/privacy-policy\" rel=\"noopener\" target=\"_blank\">LinkedInin tietosuojak\u00e4yt\u00e4nt\u00f6 t\u00e4\u00e4ll\u00e4<\/a>.<\/p>\n<p><strong>Ulkoiset \/ affiliate-linkit:<\/strong> Joskus seuraamme ulkoisia linkkej\u00e4 joko Google Analyticsin ja\/tai kolmannen osapuolen affiliate-seuranta-alustojen kautta. Kaikenlainen seuranta tapahtuu vain, jos klikkaat ulkoista linkki\u00e4. Jokaisen sivun alareunassa, jossa t\u00e4m\u00e4 tapahtuu, ilmoitamme, mitk\u00e4 linkit ovat affiliate-linkkej\u00e4, mutta jos olet huolissasi t\u00e4st\u00e4, yksinkertaisin vaihtoehto on olla napsauttamatta ulkoisia linkkej\u00e4 verkkosivustoltamme.<\/p>\n<p><strong>Webhosting:<\/strong> K\u00e4yt\u00e4mme StudioPress Sites -sivustoa verkkosivustomme is\u00e4nn\u00f6intiin. Kuten useimmat webhosting-yritykset, he yll\u00e4pit\u00e4v\u00e4t verkkosivuston lokitietoja, vaikka meill\u00e4 ei olekaan suoraa p\u00e4\u00e4sy\u00e4 niihin. Voit tutustua tarkemmin tietoihin, joita heill\u00e4 voi olla niiden <a href=\"https:\/\/www.studiopress.com\/privacy-policy\/\" rel=\"noopener\" target=\"_blank\">tietosuojak\u00e4yt\u00e4nt\u00f6<\/a>.<\/p>","protected":false},"excerpt":{"rendered":"<p>This Data Processing Policy explains in plain English how MoverDB.com processes data so you can make an informed choice about whether or not you&#8217;d like to use our services. We&#8217;ve created it as a response to GDPR. It is a plain English, detailed, addition to our Privacy Policy and Terms and Conditions. MoverDB.com is a [&hellip;]<\/p>\n","protected":false},"author":1,"featured_media":0,"parent":0,"menu_order":0,"comment_status":"closed","ping_status":"closed","template":"","meta":{"_genesis_hide_title":false,"_genesis_hide_breadcrumbs":false,"_genesis_hide_singular_image":false,"_genesis_hide_footer_widgets":false,"_genesis_custom_body_class":"","_genesis_custom_post_class":"","_genesis_layout":"","footnotes":""},"class_list":{"0":"post-2804","1":"page","2":"type-page","3":"status-publish","5":"entry","6":"has-post-thumbnail"},"_links":{"self":[{"href":"https:\/\/moverdb.com\/fi\/wp-json\/wp\/v2\/pages\/2804","targetHints":{"allow":["GET"]}}],"collection":[{"href":"https:\/\/moverdb.com\/fi\/wp-json\/wp\/v2\/pages"}],"about":[{"href":"https:\/\/moverdb.com\/fi\/wp-json\/wp\/v2\/types\/page"}],"author":[{"embeddable":true,"href":"https:\/\/moverdb.com\/fi\/wp-json\/wp\/v2\/users\/1"}],"replies":[{"embeddable":true,"href":"https:\/\/moverdb.com\/fi\/wp-json\/wp\/v2\/comments?post=2804"}],"version-history":[{"count":16,"href":"https:\/\/moverdb.com\/fi\/wp-json\/wp\/v2\/pages\/2804\/revisions"}],"predecessor-version":[{"id":3270,"href":"https:\/\/moverdb.com\/fi\/wp-json\/wp\/v2\/pages\/2804\/revisions\/3270"}],"wp:attachment":[{"href":"https:\/\/moverdb.com\/fi\/wp-json\/wp\/v2\/media?parent=2804"}],"curies":[{"name":"wp","href":"https:\/\/api.w.org\/{rel}","templated":true}]}}