{"id":2752,"date":"2017-05-09T16:25:21","date_gmt":"2017-05-09T16:25:21","guid":{"rendered":"https:\/\/moverdb.com\/?page_id=2752"},"modified":"2026-01-08T14:47:12","modified_gmt":"2026-01-08T14:47:12","slug":"auto-kuljetus-kuljetus","status":"publish","type":"page","link":"https:\/\/moverdb.com\/fi\/car-transport-shipping\/","title":{"rendered":"2026 Kansainv\u00e4linen autokuljetus ja ajoneuvojen kuljetus tarjoukset"},"content":{"rendered":"<p>Etsitk\u00f6 kansainv\u00e4list\u00e4 autokuljetusta tai ajoneuvon kuljetusta, mutta et tied\u00e4, mist\u00e4 aloittaa? Voimme auttaa sinua kaikessa yrityksist\u00e4 kustannuksiin ja tarjouksiin. <\/p>\n<p>Voit aloittaa heti k\u00e4ytt\u00e4m\u00e4ll\u00e4 yll\u00e4 olevaa tarjouslomakettamme tai lukea lis\u00e4tietoja alla olevasta oppaasta.<\/p>\n<p><img loading=\"lazy\" decoding=\"async\" width=\"720\" height=\"480\" src=\"https:\/\/moverdb.com\/wp-content\/uploads\/car-transport-shipping.jpg\" alt=\"2019 Kansainv\u00e4linen autokuljetus ja ajoneuvojen kuljetus tarjoukset\" class=\"aligncenter size-full wp-image-2753\" srcset=\"https:\/\/moverdb.com\/wp-content\/uploads\/car-transport-shipping.jpg 720w, https:\/\/moverdb.com\/wp-content\/uploads\/car-transport-shipping-300x200.jpg 300w, https:\/\/moverdb.com\/wp-content\/uploads\/car-transport-shipping-600x400.jpg 600w\" sizes=\"auto, (max-width: 720px) 100vw, 720px\" \/><\/p>\n<div id=\"ez-toc-container\" class=\"ez-toc-v2_0_82_2 ez-toc-wrap-left counter-hierarchy ez-toc-counter ez-toc-transparent ez-toc-container-direction\">\n<div class=\"ez-toc-title-container\">\n<p class=\"ez-toc-title\" style=\"cursor:inherit\">Jaksot<\/p>\n<span class=\"ez-toc-title-toggle\"><a href=\"#\" class=\"ez-toc-pull-right ez-toc-btn ez-toc-btn-xs ez-toc-btn-default ez-toc-toggle\" aria-label=\"Sis\u00e4llysluettelon vaihtaminen\"><span class=\"ez-toc-js-icon-con\"><span class=\"\"><span class=\"eztoc-hide\" style=\"display:none;\">Toggle<\/span><span class=\"ez-toc-icon-toggle-span\"><svg style=\"fill: #999;color:#999\" xmlns=\"http:\/\/www.w3.org\/2000\/svg\" class=\"list-377408\" width=\"20px\" height=\"20px\" viewbox=\"0 0 24 24\" fill=\"none\"><path d=\"M6 6H4v2h2V6zm14 0H8v2h12V6zM4 11h2v2H4v-2zm16 0H8v2h12v-2zM4 16h2v2H4v-2zm16 0H8v2h12v-2z\" fill=\"currentColor\"><\/path><\/svg><svg style=\"fill: #999;color:#999\" class=\"arrow-unsorted-368013\" xmlns=\"http:\/\/www.w3.org\/2000\/svg\" width=\"10px\" height=\"10px\" viewbox=\"0 0 24 24\" version=\"1.2\" baseprofile=\"tiny\"><path d=\"M18.2 9.3l-6.2-6.3-6.2 6.3c-.2.2-.3.4-.3.7s.1.5.3.7c.2.2.4.3.7.3h11c.3 0 .5-.1.7-.3.2-.2.3-.5.3-.7s-.1-.5-.3-.7zM5.8 14.7l6.2 6.3 6.2-6.3c.2-.2.3-.5.3-.7s-.1-.5-.3-.7c-.2-.2-.4-.3-.7-.3h-11c-.3 0-.5.1-.7.3-.2.2-.3.5-.3.7s.1.5.3.7z\"\/><\/svg><\/span><\/span><\/span><\/a><\/span><\/div>\n<nav><ul class='ez-toc-list ez-toc-list-level-1 eztoc-toggle-hide-by-default' ><li class='ez-toc-page-1 ez-toc-heading-level-2'><a class=\"ez-toc-link ez-toc-heading-1\" href=\"https:\/\/moverdb.com\/fi\/car-transport-shipping\/#Auto_Transport_Companies\" >Autokuljetusyritykset<\/a><ul class='ez-toc-list-level-3' ><li class='ez-toc-heading-level-3'><a class=\"ez-toc-link ez-toc-heading-2\" href=\"https:\/\/moverdb.com\/fi\/car-transport-shipping\/#US_Canadian_Auto_Transport_Companies\" >Yhdysvaltain ja Kanadan autokuljetusyritykset<\/a><\/li><li class='ez-toc-page-1 ez-toc-heading-level-3'><a class=\"ez-toc-link ez-toc-heading-3\" href=\"https:\/\/moverdb.com\/fi\/car-transport-shipping\/#UK_Car_Transport_Companies\" >Yhdistyneen kuningaskunnan autokuljetusyritykset<\/a><\/li><li class='ez-toc-page-1 ez-toc-heading-level-3'><a class=\"ez-toc-link ez-toc-heading-4\" href=\"https:\/\/moverdb.com\/fi\/car-transport-shipping\/#Australian_Car_Transport_Companies\" >Australian autonkuljetusyritykset<\/a><\/li><\/ul><\/li><li class='ez-toc-page-1 ez-toc-heading-level-2'><a class=\"ez-toc-link ez-toc-heading-5\" href=\"https:\/\/moverdb.com\/fi\/car-transport-shipping\/#International_Car_Transport_Costs\" >Kansainv\u00e4liset autokuljetuskustannukset<\/a><ul class='ez-toc-list-level-3' ><li class='ez-toc-heading-level-3'><a class=\"ez-toc-link ez-toc-heading-6\" href=\"https:\/\/moverdb.com\/fi\/car-transport-shipping\/#Car_Transport_Taxes\" >Autoliikenteen verot<\/a><\/li><\/ul><\/li><li class='ez-toc-page-1 ez-toc-heading-level-2'><a class=\"ez-toc-link ez-toc-heading-7\" href=\"https:\/\/moverdb.com\/fi\/car-transport-shipping\/#International_Vehicle_Shipping_Documentation\" >Ajoneuvon kansainv\u00e4lisen kuljetuksen asiakirjat<\/a><\/li><li class='ez-toc-page-1 ez-toc-heading-level-2'><a class=\"ez-toc-link ez-toc-heading-8\" href=\"https:\/\/moverdb.com\/fi\/car-transport-shipping\/#Other_Car_Transport_Tips\" >Muita autokuljetusvinkkej\u00e4<\/a><\/li><li class='ez-toc-page-1 ez-toc-heading-level-2'><a class=\"ez-toc-link ez-toc-heading-9\" href=\"https:\/\/moverdb.com\/fi\/car-transport-shipping\/#Car_Transport_Quotes\" >Auton kuljetus tarjoukset<\/a><\/li><\/ul><\/nav><\/div>\n<h2><span class=\"ez-toc-section\" id=\"Auto_Transport_Companies\"><\/span>Autokuljetusyritykset<span class=\"ez-toc-section-end\"><\/span><\/h2>\n<p>Kansainv\u00e4liset auto- ja autokuljetusmarkkinat ovat eritt\u00e4in pirstaleiset, ja maailmanlaajuisesti toimii satoja tai jopa tuhansia pieni\u00e4 yrityksi\u00e4. Alla on lueteltu muutamia suosituimpia autokuljetuksiin erikoistuneita yrityksi\u00e4. <\/p>\n<p>Sinun on kuitenkin ehdottomasti pyydett\u00e4v\u00e4 tarjouksia my\u00f6s seuraavilta tahoilta. <a href=\"https:\/\/moverdb.com\/fi\/muuttoyritykset\/\">top kansainv\u00e4liset muuttoyritykset<\/a> ja <a href=\"https:\/\/moverdb.com\/fi\/huolitsija\/\">huolitsijat<\/a> varmistaaksesi, ett\u00e4 saat reilun sopimuksen.<\/p>\n<p>Vaihtoehtoisesti voit menn\u00e4 sivun yl\u00e4osaan ja t\u00e4ytt\u00e4\u00e4 tarjouslomakkeen, jotta l\u00f6yd\u00e4t yritykset nopeasti. <\/p>\n<h3><span class=\"ez-toc-section\" id=\"US_Canadian_Auto_Transport_Companies\"><\/span>Yhdysvaltain ja Kanadan autokuljetusyritykset<span class=\"ez-toc-section-end\"><\/span><\/h3>\n<ul>\n<li> A-1 Autokuljetus<\/li>\n<li> American Auto Shipping<\/li>\n<li> AmeriFreight<\/li>\n<li> C.A.R. Transport<\/li>\n<li> Luotettavat autonkuljettajat (DAS)<\/li>\n<li> eShip<\/li>\n<li> Executive Auto Shippers<\/li>\n<li> Fisher Shipping<\/li>\n<li> Tieliikenteen kuningas<\/li>\n<li> Montway Auto Transport<\/li>\n<li> Prostar Automotive Transport<\/li>\n<li> Ship a Car Direct<\/li>\n<li> L\u00e4het\u00e4 autosi nyt<\/li>\n<li> Stateway Auto Transport<\/li>\n<li> S\u00e4\u00e4st\u00e4v\u00e4inen autokuljetus<\/li>\n<li> Me kuljetamme sen<\/li>\n<\/ul>\n<h3><span class=\"ez-toc-section\" id=\"UK_Car_Transport_Companies\"><\/span>Yhdistyneen kuningaskunnan autokuljetusyritykset<span class=\"ez-toc-section-end\"><\/span><\/h3>\n<ul>\n<li> Acumen Automotive Logistics<\/li>\n<li> AutoShippers<\/li>\n<li> Auton kuljetus Quoter<\/li>\n<li> Classic Automotive Relocation Services<\/li>\n<li> Quinns Autokuljetus<\/li>\n<li> Vaihtaa auton<\/li>\n<li> Whiten ajoneuvokuljetus<\/li>\n<li> Woodside Motorfreight<\/li>\n<\/ul>\n<p>Tutustu my\u00f6s <a href=\"https:\/\/moverdb.com\/fi\/international-removals\/\">kansainv\u00e4liset muutot<\/a> sivu.<\/p>\n<h3><span class=\"ez-toc-section\" id=\"Australian_Car_Transport_Companies\"><\/span>Australian autonkuljetusyritykset<span class=\"ez-toc-section-end\"><\/span><\/h3>\n<ul>\n<li> ACR <a href=\"https:\/\/moverdb.com\/fi\/moving-to-australia\/living-in-australia\/\" data-internallinksmanager029f6b8e52c=\"240\" title=\"21 salaisuuksia asumisesta Australiassa tiet\u00e4\u00e4 ennen muuttoa\">Australia<\/a><\/li>\n<li> Australian auton kuljetus<\/li>\n<li> Auto-Logistiikka<\/li>\n<li> Autokuljetus Express<\/li>\n<li> Ovelta ovelle kuljettaminen<\/li>\n<li> CEVA Carrying<\/li>\n<li> Liikkuvat autot<\/li>\n<li> PrixCar Transport<\/li>\n<li> SMB Australia Autoliikenne<\/li>\n<li> Toll<\/li>\n<\/ul>\n<h2><span class=\"ez-toc-section\" id=\"International_Car_Transport_Costs\"><\/span>Kansainv\u00e4liset autokuljetuskustannukset<span class=\"ez-toc-section-end\"><\/span><\/h2>\n<p>Autokuljetus- ja kuljetuskustannukset vaihtelevat suuresti riippuen siit\u00e4, kuinka nopeasti tarvitset ajoneuvosi ja kuljetusmenetelm\u00e4n. Jos kuljetus tapahtuu meriteitse merikontilla, kustannukset voivat olla vain muutamia satoja dollareita, mutta se voi kest\u00e4\u00e4 reilusti yli kuukauden. <\/p>\n<p>Voit s\u00e4\u00e4st\u00e4\u00e4 viel\u00e4 enemm\u00e4n rahaa, jos et tarvitse ovelta ovelle -palvelua, vaan p\u00e4\u00e4t\u00e4t noutaa autosi l\u00e4himm\u00e4st\u00e4 toimipisteest\u00e4. <a href=\"https:\/\/moverdb.com\/fi\/top-49-container-ports\/\" data-internallinksmanager029f6b8e52c=\"80\" title=\"Top 49 suurinta ja vilkkainta konttisatamaa vuonna 2025\">satama<\/a> jos kuljetus tapahtuu meritse RoRo-l\u00e4hetyksen\u00e4 (Roll on Roll off).<\/p>\n<p>Lis\u00e4tietoja saat lukemalla oppaamme: <a href=\"https:\/\/moverdb.com\/fi\/konttikuljetukset\/\">Kansainv\u00e4lisen konttikuljetuksen hinnat ja kustannukset<\/a><\/p>\n<p>Maanosan sis\u00e4ll\u00e4 tapahtuvissa siirroissa (esim. <a href=\"https:\/\/moverdb.com\/fi\/moving-to-the-united-states\/\" data-internallinksmanager029f6b8e52c=\"94\" title=\"Muutatko Yhdysvaltoihin? 2022 Elinkustannukset ja muuttovinkit\">US<\/a> osoitteeseen <a href=\"https:\/\/moverdb.com\/fi\/moving-to-canada\/\" data-internallinksmanager029f6b8e52c=\"265\" title=\"Muutto Kanadaan? 2023 Elinkustannukset ja muuttovinkit\">Kanada<\/a>, <a href=\"https:\/\/moverdb.com\/fi\/moving-to-the-uk\/\" data-internallinksmanager029f6b8e52c=\"93\" title=\"Muutatko Yhdistyneeseen kuningaskuntaan? 2022 Elinkustannukset ja muuttovinkit\">UK<\/a> osoitteeseen <a href=\"https:\/\/moverdb.com\/fi\/moving-to-spain\/\" data-internallinksmanager029f6b8e52c=\"266\" title=\"Muutatko Espanjaan? 2023 Elinkustannukset ja muuttovinkit\">Espanja<\/a>jne.), voit palkata autonkuljettajan ajamaan autosi puolestasi, jos autosi on kunnossa. T\u00e4m\u00e4 maksaa usein huomattavasti enemm\u00e4n (jopa pari tuhatta dollaria, puntaa tai euroa), mutta voit saada autosi muutamassa p\u00e4iv\u00e4ss\u00e4 viikkojen sijaan. <\/p>\n<p>Jos autosi ei ole k\u00e4ytt\u00f6kunnossa, sinun on kuljetettava se per\u00e4vaunulla tai muulla erikoismuuttajan kuorma-autolla. <\/p>\n<p>Kallein vaihtoehto on lentoteitse l\u00e4hett\u00e4minen, mutta sit\u00e4 ei yleens\u00e4 suositella, koska kustannukset ovat liian korkeat.<\/p>\n<p><strong>Muut kustannuksiin vaikuttavat asiat:<\/strong><\/p>\n<ul>\n<li> <strong>Et\u00e4isyys:<\/strong> Mit\u00e4 kauemmas l\u00e4het\u00e4t, sit\u00e4 kalliimmaksi kokonaishinta todenn\u00e4k\u00f6isesti tulee, vaikka kilometrikohtaisen hinnan pit\u00e4isi olla huomattavasti alhaisempi.<\/li>\n<li> <strong>Vuoden aika:<\/strong> Tietyt vuodenajat ovat kalliimpia kuin toiset tietyill\u00e4 reiteill\u00e4.<\/li>\n<li> <strong>Toimitusaika:<\/strong> Mit\u00e4 pidemm\u00e4ll\u00e4 aikav\u00e4lill\u00e4 voit aloittaa tarjousten hankkimisen, sit\u00e4 parempi, sill\u00e4 hinnat nousevat huomattavasti nopeampien toimitusaikojen vuoksi.<\/li>\n<li> <strong>Avoin vs. suljettu kuorma-auto:<\/strong> Avoimet kuorma-autot ovat halvempia, mutta niiss\u00e4 on yleens\u00e4 suurempi vaurioriski kuin suljetuissa kuorma-autoissa. <\/li>\n<\/ul>\n<h3><span class=\"ez-toc-section\" id=\"Car_Transport_Taxes\"><\/span>Autoliikenteen verot<span class=\"ez-toc-section-end\"><\/span><\/h3>\n<p>Riippuen siit\u00e4, minne kuljetat autosi, saatat joutua maksamaan huomattavia veroja. Esimerkiksi autot <a href=\"https:\/\/moverdb.com\/fi\/shipping-to-singapore\/\">l\u00e4hetetty Singaporeen<\/a> maksaa 20% tuontiveroa auton tullausarvosta. <\/p>\n<p>Monet Euroopan maat periv\u00e4t tuontitulleja noin 10%, mutta voivat peri\u00e4 lis\u00e4ksi arvonlis\u00e4veroa, joka voi lis\u00e4t\u00e4 20% riippuen siit\u00e4, miten autoa k\u00e4ytet\u00e4\u00e4n. <\/p>\n<p>Varmista siis, ett\u00e4 otat t\u00e4m\u00e4n huomioon budjetissasi, kun hankit tarjouksia ja ennen kuin todella l\u00e4het\u00e4t autosi. Joissakin tapauksissa voi olla halvempaa ja helpompaa ostaa uusi auto kuin l\u00e4hett\u00e4\u00e4 vanha auto.  <\/p>\n<h2><span class=\"ez-toc-section\" id=\"International_Vehicle_Shipping_Documentation\"><\/span>Ajoneuvon kansainv\u00e4lisen kuljetuksen asiakirjat<span class=\"ez-toc-section-end\"><\/span><\/h2>\n<p>Jos haluat l\u00e4hett\u00e4\u00e4 autosi tai muita ajoneuvoja kansainv\u00e4liseen liikenteeseen, sinulla on oltava kunnollinen m\u00e4\u00e4r\u00e4 asiakirjoja. Vaatimukset vaihtelevat maittain, joten tarkista ne aina ennen l\u00e4hett\u00e4mist\u00e4. Yleisi\u00e4 vaadittavia asiakirjoja ovat mm:<\/p>\n<ul>\n<li> Alkuper\u00e4inen ajoneuvon omistusoikeus<\/li>\n<li> Alkuper\u00e4todistus<\/li>\n<li> Rahtikirja<\/li>\n<li> Vakuutusasiakirjat<\/li>\n<\/ul>\n<h2><span class=\"ez-toc-section\" id=\"Other_Car_Transport_Tips\"><\/span>Muita autokuljetusvinkkej\u00e4<span class=\"ez-toc-section-end\"><\/span><\/h2>\n<ul>\n<li> <strong>Ota valokuvia:<\/strong> Varmista, ett\u00e4 otat aikaleimalla varustettuja valokuvia autostasi ennen sen l\u00e4hett\u00e4mist\u00e4, jos siin\u00e4 on vaurioita. Jos vaurioita ilmenee, ota valokuvat heti, jotta kiistat voidaan minimoida.<\/li>\n<li> <strong>Vakuutus:<\/strong> Varmista, ett\u00e4 vakuutuksesi kattaa autosi koko matkan ja kaikki sit\u00e4 mahdollisesti ajavat henkil\u00f6t.<\/li>\n<li> <strong>Poista henkil\u00f6kohtaiset tavarat:<\/strong> Varmista, ett\u00e4 kaikki henkil\u00f6kohtaiset tavarasi on poistettu autosta ennen kuljetusta, jotta ne eiv\u00e4t katoa (tai varasta!).<\/li>\n<li> <strong>Etsi asiantuntijoita:<\/strong> Jos sinulla on klassinen tai hieman ep\u00e4tavallinen auto, jonka haluat kuljettaa, varmista, ett\u00e4 valitsemallasi yrityksell\u00e4 on kokemusta t\u00e4llaisten autojen kuljettamisesta ja\/tai kuljettamisesta.<\/li>\n<li> <strong>Aikataulut:<\/strong> Varmista, ett\u00e4 tied\u00e4t, kuinka kauan kest\u00e4\u00e4 saada autosi paikasta A paikkaan B.<\/li>\n<li> <strong>K\u00e4yntikunto:<\/strong> Varmista, ett\u00e4 tarkistat kuljetusyritykselt\u00e4si esimerkiksi kaasun (bensiinin) m\u00e4\u00e4r\u00e4n, nesteiden, rengaspaineen ja akun jne. ennen kuljetuksen aloittamista. Jos esimerkiksi kuljetat kansainv\u00e4list\u00e4 kuljetusta kontissa, saatat haluta tyhjent\u00e4\u00e4 kaasus\u00e4ili\u00f6n kokonaan. Toisaalta, jos annat jonkun ajaa autosi, haluat varmistaa, ett\u00e4 bensiinis\u00e4ili\u00f6 on t\u00e4ynn\u00e4.<\/li>\n<\/ul>\n<h2><span class=\"ez-toc-section\" id=\"Car_Transport_Quotes\"><\/span>Auton kuljetus tarjoukset<span class=\"ez-toc-section-end\"><\/span><\/h2>\n<p>Voit k\u00e4ytt\u00e4\u00e4 sivun yl\u00e4osassa olevaa tarjouslomakettamme saadaksesi kansainv\u00e4lisi\u00e4 autokuljetuslupauksia. Varmista kuitenkin ennen tarjouksen hyv\u00e4ksymist\u00e4, ett\u00e4 ymm\u00e4rr\u00e4t t\u00e4ysin, kuka ajaa tai kuljettaa autoasi (matkan jokaisessa vaiheessa), miten ajoneuvosi vakuutetaan ja ett\u00e4 luet yrityksen arvostelut. <\/p>","protected":false},"excerpt":{"rendered":"<p>Looking for international car transport or vehicle shipping, but don&#8217;t know where to start? We can help you with everything from companies to costs to quotes. You can get started right away using our quote form above, or keep reading our guide below for more information. Auto Transport Companies The international car and auto transport [&hellip;]<\/p>\n","protected":false},"author":1,"featured_media":2753,"parent":0,"menu_order":0,"comment_status":"closed","ping_status":"closed","template":"","meta":{"_genesis_hide_title":false,"_genesis_hide_breadcrumbs":false,"_genesis_hide_singular_image":false,"_genesis_hide_footer_widgets":false,"_genesis_custom_body_class":"","_genesis_custom_post_class":"","_genesis_layout":"","footnotes":""},"class_list":{"0":"post-2752","1":"page","2":"type-page","3":"status-publish","4":"has-post-thumbnail","6":"entry"},"_links":{"self":[{"href":"https:\/\/moverdb.com\/fi\/wp-json\/wp\/v2\/pages\/2752","targetHints":{"allow":["GET"]}}],"collection":[{"href":"https:\/\/moverdb.com\/fi\/wp-json\/wp\/v2\/pages"}],"about":[{"href":"https:\/\/moverdb.com\/fi\/wp-json\/wp\/v2\/types\/page"}],"author":[{"embeddable":true,"href":"https:\/\/moverdb.com\/fi\/wp-json\/wp\/v2\/users\/1"}],"replies":[{"embeddable":true,"href":"https:\/\/moverdb.com\/fi\/wp-json\/wp\/v2\/comments?post=2752"}],"version-history":[{"count":18,"href":"https:\/\/moverdb.com\/fi\/wp-json\/wp\/v2\/pages\/2752\/revisions"}],"predecessor-version":[{"id":18593,"href":"https:\/\/moverdb.com\/fi\/wp-json\/wp\/v2\/pages\/2752\/revisions\/18593"}],"wp:featuredmedia":[{"embeddable":true,"href":"https:\/\/moverdb.com\/fi\/wp-json\/wp\/v2\/media\/2753"}],"wp:attachment":[{"href":"https:\/\/moverdb.com\/fi\/wp-json\/wp\/v2\/media?parent=2752"}],"curies":[{"name":"wp","href":"https:\/\/api.w.org\/{rel}","templated":true}]}}