{"id":270,"date":"2016-05-01T17:06:39","date_gmt":"2016-05-01T17:06:39","guid":{"rendered":"http:\/\/moverdb.com\/?page_id=270"},"modified":"2026-01-08T14:47:32","modified_gmt":"2026-01-08T14:47:32","slug":"anglo-tyynenmeren-alue","status":"publish","type":"page","link":"https:\/\/moverdb.com\/fi\/anglo-pacific\/","title":{"rendered":"Anglo Pacific: Kansainv\u00e4linen muuttoliike ja muutto Arvostelut"},"content":{"rendered":"<p>Anglo Pacific tarjoaa erilaisia muuttopalveluja, jotka auttavat ihmisi\u00e4 muuttamaan ulkomaille. T\u00e4ss\u00e4 ovat heid\u00e4n keskeiset palvelutarjontansa sek\u00e4 yrityksen profiili ja arvostelut.<\/p>\n<p><strong>Palvelut<\/strong> <\/p>\n<p><strong>Muuttopalvelut<\/strong> <\/p>\n<ul>\n<li> Tuonti<\/li>\n<li> Kansainv\u00e4linen uudelleensijoittaminen<\/li>\n<li> Toimitus <a href=\"https:\/\/moverdb.com\/fi\/konttikuljetukset\/\">kuljetuskontit<\/a><\/li>\n<li> Teattereiden muutot<\/li>\n<li> <a href=\"https:\/\/moverdb.com\/fi\/uk-removals\/man-and-van-cost\/\" data-internallinksmanager029f6b8e52c=\"380\" title=\"Kuinka paljon Man &amp; Van maksaa Yhdistyneess\u00e4 kuningaskunnassa? 2026 opas\">Mies ja pakettiauto<\/a> vuokrata <a href=\"https:\/\/moverdb.com\/fi\/moving-to-london\/\">Lontoo<\/a><\/li>\n<\/ul>\n<p><strong>Toimituspalvelut<\/strong><\/p>\n<ul>\n<li> Matkatavarat<\/li>\n<li> <a href=\"https:\/\/moverdb.com\/fi\/auto-kuljetus-kuljetus\/\">Autot<\/a><\/li>\n<li> Kuvataide<\/li>\n<li> Rahti<\/li>\n<li> Tuonti<\/li>\n<li> Moottoripy\u00f6r\u00e4<\/li>\n<li> Matkatavarat<\/li>\n<li> Kauppa<\/li>\n<li> Opiskelija<\/li>\n<\/ul>\n<h2>Anglo Pacificin yritysprofiili<\/h2>\n<p>Yli 30 vuotta sitten perustettu Anglo Pacific on suurin kuljetus- ja muuttoyritys t\u00e4ll\u00e4 alueella. <a href=\"https:\/\/moverdb.com\/fi\/moving-to-the-uk\/\" data-internallinksmanager029f6b8e52c=\"93\" title=\"Muutatko Yhdistyneeseen kuningaskuntaan? 2022 Elinkustannukset ja muuttovinkit\">UK<\/a>, yli 20 000 yksitt\u00e4isen matkatavaral\u00e4hetyksen ja lukemattomien matkatavaral\u00e4hetysten k\u00e4sittely. <a href=\"https:\/\/moverdb.com\/fi\/international-removals\/\" data-internallinksmanager029f6b8e52c=\"27\" title=\"36 Parhaat kansainv\u00e4liset muuttoyritykset Yhdistyneess\u00e4 kuningaskunnassa\">kansainv\u00e4liset muutot<\/a> joka vuosi. <\/p>\n<p>Yritys on ylpe\u00e4 siit\u00e4, ett\u00e4 se tarjoaa ensiluokkaista, yst\u00e4v\u00e4llist\u00e4 ja ammattitaitoista muuttopalvelua, olipa kyse sitten koko kiinteist\u00f6n sis\u00e4ll\u00f6st\u00e4 tai herkist\u00e4 esineist\u00e4, kuten taideteoksista. <\/p>\n<p>Anglo Pacific valitsee tiimiins\u00e4 eritt\u00e4in huolellisesti huippuammattilaiset ja nimitt\u00e4\u00e4 vain sellaisia ty\u00f6ntekij\u00f6it\u00e4, jotka tekev\u00e4t kaikkensa asiakkaiden hyv\u00e4ksi, sek\u00e4 henkil\u00f6kuntaa, joka osaa hoitaa turvallisesti ja tehokkaasti henkil\u00f6kohtaisten tavaroiden siirrot. <\/p>\n<p>Lis\u00e4ksi kaikkien l\u00e4hetysten seurantapalvelun ansiosta henkil\u00f6kunta voi tarkasti m\u00e4\u00e4ritt\u00e4\u00e4 tarkan sijainnin ja muuton tilan, joten asiakkaat voivat olla varmoja siit\u00e4, ett\u00e4 heid\u00e4n tavaransa ovat matkalla aiottuun paikkaan.<\/p>\n<p>Anglo Pacific asettaa ja yll\u00e4pit\u00e4\u00e4 poikkeuksellisen korkeita standardeja ja on j\u00e4senen\u00e4 ja <a href=\"https:\/\/moverdb.com\/fi\/bar-overseas\/\">Overseas Group<\/a> of the <a href=\"https:\/\/moverdb.com\/fi\/british-association-of-removers\/\">British Association of Removers<\/a> (<a href=\"https:\/\/moverdb.com\/fi\/british-association-of-removers\/\" data-internallinksmanager029f6b8e52c=\"9\" title=\"British Association of Removers (BAR) selitetty\">BAR<\/a>) he pyrkiv\u00e4t tarjoamaan vain parasta. <\/p>\n<p>Lis\u00e4ksi ne noudattavat International Movers Mutual Insurance Company Ltd:n kehittynytt\u00e4 maksutakuuta, mik\u00e4 lis\u00e4\u00e4 asiakkaiden luottamusta. <\/p>\n<h2>Anglo Pacific Arvostelut<\/h2>\n<p><strong>Positiivinen<\/strong><\/p>\n<ul>\n<li> <em>\"Suuret kiitokset kaikille Anglo Pacificille ja Keys Brothersille. Teitte muutostamme Lontoosta Perthiin niin sujuvaksi, arvostamme todella kaikkea apuanne. Eritt\u00e4in ammattitaitoista ja tehokasta ja kaikki tehty loistavaan hintaan!!!\"\"<\/em> - Via <a href=\"http:\/\/www.reviewcentre.com\/reviews252735.html?ratingfilter=5#refineYourSearch\" target=\"_blank\" rel=\"noopener\">Arvostelukeskus<\/a><\/li>\n<li> <em>\"Minun piti l\u00e4hett\u00e4\u00e4 ylim\u00e4\u00e4r\u00e4isi\u00e4 matkatavaroita osoitteeseen <a href=\"https:\/\/moverdb.com\/fi\/moving-to-australia\/living-in-australia\/\" data-internallinksmanager029f6b8e52c=\"240\" title=\"21 salaisuuksia asumisesta Australiassa tiet\u00e4\u00e4 ennen muuttoa\">Australia<\/a>. Otin yhteytt\u00e4 moniin ihmisiin internetiss\u00e4 ja lopulta t\u00f6rm\u00e4sin Anglo Pacificiin. Matkatavarani noudettiin ajoissa ja minulle annettiin tietoa matkan varrella.\"<\/em> - Via <a href=\"http:\/\/www.reviewcentre.com\/Removal-Companies\/Anglo-Pacific-Removals-Company-www-anglopacific-co-uk-review_1596555\" target=\"_blank\" rel=\"noopener\">Arvostelukeskus<\/a><\/li>\n<li> <em>\"Suosittelen Anglo Pacificia kaikille, jotka haluavat kuljettaa tavaransa turvallisesti ja tehokkaasti.\"<\/em> - kautta <a href=\"https:\/\/uk.trustpilot.com\/review\/anglopacific.co.uk\" target=\"_blank\" rel=\"noopener\">TrustPilot<\/a><\/li>\n<\/ul>\n<p><strong>Negatiivinen<\/strong><\/p>\n<ul>\n<li> <em>\"Pyyd\u00e4n, ettette harkitse Anglo Pacificia enemp\u00e4\u00e4!!! L\u00e4hetykseni saapui niin, ett\u00e4 kaikki astiastoni olivat t\u00e4ysin hajalla ja s\u00e4hk\u00f6tarvikelaatikko toimitettiin yl\u00f6salaisin!\".\"<\/em> - kautta <a href=\"http:\/\/www.reviewcentre.com\/Removal-Companies\/Anglo-Pacific-Removals-Company-www-anglopacific-co-uk-review_3741459\" target=\"_blank\" rel=\"noopener\">Arvostelukeskus<\/a><\/li>\n<li> <em>\"Tuskin osaan ilmaista kauhuani, kun avasin viimeisen laatikkoni. <a href=\"https:\/\/moverdb.com\/fi\/moving-to-nyc\/\" data-internallinksmanager029f6b8e52c=\"57\" title=\"Muutatko New Yorkiin? 2026 NYC:n elinkustannukset ja muuttovinkit\">NYC<\/a> vain huomatakseni, ett\u00e4 arvokkaimmat tavarani ja suurin osa kalliista keitti\u00f6v\u00e4lineist\u00e4ni oli kadonnut.\"<\/em> - kautta <a href=\"http:\/\/www.mymovingreviews.com\/movers\/anglo-pacific-international-1790\" target=\"_blank\" rel=\"noopener\">My Moving Arvostelut<\/a><\/li>\n<li> <em>\"V\u00e4lt\u00e4 - kauhea kokemus t\u00e4ydellisest\u00e4 hoidon puutteesta ja pahimmasta j\u00e4lkipalvelusta\"<\/em> - kautta <a href=\"https:\/\/uk.trustpilot.com\/reviews\/56d595280000ff000940e229\" target=\"_blank\" rel=\"noopener\">Trustpilot<\/a><\/li>\n<\/ul>\n<div itemprop=\"review\" itemscope itemtype=\"http:\/\/schema.org\/Review\">\n<span itemprop=\"author\" itemscope=\"\" itemtype=\"http:\/\/schema.org\/Organization\"><span itemprop=\"name\">MoverDB.com<\/span><\/span> Verkkosivuston arvostelu <span itemprop=\"itemreviewed\" itemscope=\"\" itemtype=\"http:\/\/schema.org\/Brand\"><span itemprop=\"name\">Anglo Pacific<\/span><\/span>:<\/p>\n<ol>\n<li> Selke\u00e4t yhteystiedot verkkosivustolla (my\u00f6s puhelinnumero)? <strong>Kyll\u00e4<\/strong><\/li>\n<li> Helppo saada <a href=\"https:\/\/moverdb.com\/fi\/lainauksia\/\">kansainv\u00e4liset muutot tarjoukset<\/a>? (Online-arviolomake): <strong>Kyll\u00e4<\/strong><\/li>\n<li> Selke\u00e4t tiedot verkkosivustolla: <strong>Kyll\u00e4<\/strong>, sivuilla on helppo navigoida, ja on selv\u00e4\u00e4, mit\u00e4 palveluja ne tarjoavat.<\/li>\n<li> J\u00e4senyys kansainv\u00e4lisiss\u00e4 tunnustetuissa liikkuvissa j\u00e4rjest\u00f6iss\u00e4: <strong>Kyll\u00e4<\/strong><\/li>\n<li> Luettelo asiakkaista ja\/tai aiempien asiakkaiden suosittelut: <strong>Kyll\u00e4 <\/strong><\/li>\n<\/ol>\n<div itemprop=\"reviewRating\" itemscope itemtype=\"http:\/\/schema.org\/Rating\"><meta itemprop=\"worstRating\" content = \"0\" \/><meta itemprop=\"bestRating\" content=\"5\" \/><meta itemprop=\"ratingValue\" content=\"5\"><\/div>\n<p><strong>Yleisarvosana: 5\/5<\/strong><br \/>\n<strong>Tarkistusp\u00e4iv\u00e4:<\/strong> <span itemprop=\"datePublished\" content=\"2016-05-01\">01\/05\/2016<\/span>\n<\/div>\n<p>Lis\u00e4tietoja <a href=\"https:\/\/moverdb.com\/fi\/international-removals\/\">Yhdistyneen kuningaskunnan muuttoyritykset<\/a> ja meid\u00e4n <a href=\"https:\/\/moverdb.com\/fi\/arvostelut\/\">tarkistusprosessin selitys<\/a>.<\/p>\n<p><strong>Verkkosivusto:<\/strong> <a href=\"http:\/\/www.anglopacific.co.uk\" target=\"_blank\" rel=\"noopener\">http:\/\/www.anglopacific.co.uk<\/a><\/p>","protected":false},"excerpt":{"rendered":"<p>Anglo Pacific offers a variety of removal services to help people move overseas. Here are their core service offerings along with company profile and reviews. Services Removal Services Imports International Relocation Provision of shipping containers Theatrical removals Man and Van hire in London Shipping Services Baggage Cars Fine Art Freight Imports Motorbike Luggage Trade Student [&hellip;]<\/p>\n","protected":false},"author":1,"featured_media":0,"parent":0,"menu_order":0,"comment_status":"closed","ping_status":"closed","template":"","meta":{"_genesis_hide_title":false,"_genesis_hide_breadcrumbs":false,"_genesis_hide_singular_image":false,"_genesis_hide_footer_widgets":false,"_genesis_custom_body_class":"","_genesis_custom_post_class":"","_genesis_layout":"","footnotes":""},"class_list":{"0":"post-270","1":"page","2":"type-page","3":"status-publish","5":"entry"},"_links":{"self":[{"href":"https:\/\/moverdb.com\/fi\/wp-json\/wp\/v2\/pages\/270","targetHints":{"allow":["GET"]}}],"collection":[{"href":"https:\/\/moverdb.com\/fi\/wp-json\/wp\/v2\/pages"}],"about":[{"href":"https:\/\/moverdb.com\/fi\/wp-json\/wp\/v2\/types\/page"}],"author":[{"embeddable":true,"href":"https:\/\/moverdb.com\/fi\/wp-json\/wp\/v2\/users\/1"}],"replies":[{"embeddable":true,"href":"https:\/\/moverdb.com\/fi\/wp-json\/wp\/v2\/comments?post=270"}],"version-history":[{"count":12,"href":"https:\/\/moverdb.com\/fi\/wp-json\/wp\/v2\/pages\/270\/revisions"}],"predecessor-version":[{"id":6173,"href":"https:\/\/moverdb.com\/fi\/wp-json\/wp\/v2\/pages\/270\/revisions\/6173"}],"wp:attachment":[{"href":"https:\/\/moverdb.com\/fi\/wp-json\/wp\/v2\/media?parent=270"}],"curies":[{"name":"wp","href":"https:\/\/api.w.org\/{rel}","templated":true}]}}