{"id":2675,"date":"2017-05-03T15:16:49","date_gmt":"2017-05-03T15:16:49","guid":{"rendered":"https:\/\/moverdb.com\/?page_id=2675"},"modified":"2026-01-08T15:20:41","modified_gmt":"2026-01-08T15:20:41","slug":"shipping-to-singapore","status":"publish","type":"page","link":"https:\/\/moverdb.com\/fi\/shipping-to-singapore\/","title":{"rendered":"Toimitus Singaporeen: Mit\u00e4 sinun tarvitsee tiet\u00e4\u00e4"},"content":{"rendered":"<p><img loading=\"lazy\" decoding=\"async\" width=\"720\" height=\"313\" src=\"https:\/\/moverdb.com\/wp-content\/uploads\/shipping-to-singapore.png\" alt=\"Toimitus Singaporeen\" class=\"aligncenter size-full wp-image-2676\" srcset=\"https:\/\/moverdb.com\/wp-content\/uploads\/shipping-to-singapore.png 720w, https:\/\/moverdb.com\/wp-content\/uploads\/shipping-to-singapore-300x130.png 300w, https:\/\/moverdb.com\/wp-content\/uploads\/shipping-to-singapore-600x261.png 600w\" sizes=\"auto, (max-width: 720px) 100vw, 720px\" \/><\/p>\n<p>Olitpa sitten <a href=\"https:\/\/moverdb.com\/fi\/muutto-singaporeen\/\">muutto Singaporeen<\/a> tai haluat vain l\u00e4hett\u00e4\u00e4 muutaman paketin, voimme auttaa sinua l\u00f6yt\u00e4m\u00e4\u00e4n parhaat kuljetustarjoukset osoitteesta <a href=\"https:\/\/moverdb.com\/fi\/moving-to-the-united-states\/\" data-internallinksmanager029f6b8e52c=\"94\" title=\"Muutatko Yhdysvaltoihin? 2022 Elinkustannukset ja muuttovinkit\">US<\/a>, <a href=\"https:\/\/moverdb.com\/fi\/moving-to-the-uk\/\" data-internallinksmanager029f6b8e52c=\"93\" title=\"Muutatko Yhdistyneeseen kuningaskuntaan? 2022 Elinkustannukset ja muuttovinkit\">UK<\/a>, <a href=\"https:\/\/moverdb.com\/fi\/moving-to-australia\/living-in-australia\/\" data-internallinksmanager029f6b8e52c=\"240\" title=\"21 salaisuuksia asumisesta Australiassa tiet\u00e4\u00e4 ennen muuttoa\">Australia<\/a>, <a href=\"https:\/\/moverdb.com\/fi\/moving-to-canada\/\" data-internallinksmanager029f6b8e52c=\"265\" title=\"Muutto Kanadaan? 2023 Elinkustannukset ja muuttovinkit\">Kanada<\/a>, <a href=\"https:\/\/moverdb.com\/fi\/moving-to-france\/\" data-internallinksmanager029f6b8e52c=\"315\" title=\"Muutatko Ranskaan? 2023 Elinkustannukset ja muuttovinkit\">Ranska<\/a>, <a href=\"https:\/\/moverdb.com\/fi\/moving-to-hong-kong\/\" data-internallinksmanager029f6b8e52c=\"350\" title=\"Muutatko Hongkongiin? 2023 Elinkustannukset ja muuttovinkit\">Hong Kong<\/a>, <a href=\"https:\/\/moverdb.com\/fi\/moving-to-new-zealand\/\" data-internallinksmanager029f6b8e52c=\"324\" title=\"Muutatko Uuteen-Seelantiin? 2023 Elinkustannukset ja muuttovinkit\">Uusi-Seelanti<\/a>, <a href=\"https:\/\/moverdb.com\/fi\/moving-to-the-philippines\/\" data-internallinksmanager029f6b8e52c=\"376\" title=\"Muutatko Filippiineille? 2023 Elinkustannukset ja muuttovinkit\">Filippiinit<\/a> ja useimmissa muissa maissa ymp\u00e4ri maailmaa. <\/p>\n<p>Voit aloittaa k\u00e4ytt\u00e4m\u00e4ll\u00e4 yll\u00e4 olevaa ilmaista tarjouslomaketta. <\/p>\n<div id=\"ez-toc-container\" class=\"ez-toc-v2_0_82_2 ez-toc-wrap-left counter-hierarchy ez-toc-counter ez-toc-transparent ez-toc-container-direction\">\n<div class=\"ez-toc-title-container\">\n<p class=\"ez-toc-title\" style=\"cursor:inherit\">Jaksot<\/p>\n<span class=\"ez-toc-title-toggle\"><a href=\"#\" class=\"ez-toc-pull-right ez-toc-btn ez-toc-btn-xs ez-toc-btn-default ez-toc-toggle\" aria-label=\"Sis\u00e4llysluettelon vaihtaminen\"><span class=\"ez-toc-js-icon-con\"><span class=\"\"><span class=\"eztoc-hide\" style=\"display:none;\">Toggle<\/span><span class=\"ez-toc-icon-toggle-span\"><svg style=\"fill: #999;color:#999\" xmlns=\"http:\/\/www.w3.org\/2000\/svg\" class=\"list-377408\" width=\"20px\" height=\"20px\" viewbox=\"0 0 24 24\" fill=\"none\"><path d=\"M6 6H4v2h2V6zm14 0H8v2h12V6zM4 11h2v2H4v-2zm16 0H8v2h12v-2zM4 16h2v2H4v-2zm16 0H8v2h12v-2z\" fill=\"currentColor\"><\/path><\/svg><svg style=\"fill: #999;color:#999\" class=\"arrow-unsorted-368013\" xmlns=\"http:\/\/www.w3.org\/2000\/svg\" width=\"10px\" height=\"10px\" viewbox=\"0 0 24 24\" version=\"1.2\" baseprofile=\"tiny\"><path d=\"M18.2 9.3l-6.2-6.3-6.2 6.3c-.2.2-.3.4-.3.7s.1.5.3.7c.2.2.4.3.7.3h11c.3 0 .5-.1.7-.3.2-.2.3-.5.3-.7s-.1-.5-.3-.7zM5.8 14.7l6.2 6.3 6.2-6.3c.2-.2.3-.5.3-.7s-.1-.5-.3-.7c-.2-.2-.4-.3-.7-.3h-11c-.3 0-.5.1-.7.3-.2.2-.3.5-.3.7s.1.5.3.7z\"\/><\/svg><\/span><\/span><\/span><\/a><\/span><\/div>\n<nav><ul class='ez-toc-list ez-toc-list-level-1 eztoc-toggle-hide-by-default' ><li class='ez-toc-page-1 ez-toc-heading-level-2'><a class=\"ez-toc-link ez-toc-heading-1\" href=\"https:\/\/moverdb.com\/fi\/shipping-to-singapore\/#Shipping_to_Singapore_From_The_US\" >Toimitus Singaporeen Yhdysvalloista<\/a><\/li><li class='ez-toc-page-1 ez-toc-heading-level-2'><a class=\"ez-toc-link ez-toc-heading-2\" href=\"https:\/\/moverdb.com\/fi\/shipping-to-singapore\/#Shipping_to_Singapore_From_The_UK\" >Toimitus Singaporeen Yhdistyneest\u00e4 kuningaskunnasta<\/a><\/li><li class='ez-toc-page-1 ez-toc-heading-level-2'><a class=\"ez-toc-link ez-toc-heading-3\" href=\"https:\/\/moverdb.com\/fi\/shipping-to-singapore\/#Shipping_to_Singapore_From_Australia\" >Toimitus Singaporeen Australiasta<\/a><\/li><li class='ez-toc-page-1 ez-toc-heading-level-2'><a class=\"ez-toc-link ez-toc-heading-4\" href=\"https:\/\/moverdb.com\/fi\/shipping-to-singapore\/#Shipping_to_Singapore_From_Canada\" >Toimitus Singaporeen Kanadasta<\/a><\/li><li class='ez-toc-page-1 ez-toc-heading-level-2'><a class=\"ez-toc-link ez-toc-heading-5\" href=\"https:\/\/moverdb.com\/fi\/shipping-to-singapore\/#Shipping_to_Singapore_From_France\" >Toimitus Singaporeen Ranskasta<\/a><\/li><li class='ez-toc-page-1 ez-toc-heading-level-2'><a class=\"ez-toc-link ez-toc-heading-6\" href=\"https:\/\/moverdb.com\/fi\/shipping-to-singapore\/#Shipping_to_Singapore_From_Hong_Kong\" >Toimitus Singaporeen Hongkongista<\/a><\/li><li class='ez-toc-page-1 ez-toc-heading-level-2'><a class=\"ez-toc-link ez-toc-heading-7\" href=\"https:\/\/moverdb.com\/fi\/shipping-to-singapore\/#Shipping_to_Singapore_From_New_Zealand\" >Toimitus Singaporeen Uudesta-Seelannista<\/a><\/li><li class='ez-toc-page-1 ez-toc-heading-level-2'><a class=\"ez-toc-link ez-toc-heading-8\" href=\"https:\/\/moverdb.com\/fi\/shipping-to-singapore\/#Shipping_to_Singapore_From_the_Philippines\" >Toimitus Singaporeen Filippiineilt\u00e4<\/a><\/li><li class='ez-toc-page-1 ez-toc-heading-level-2'><a class=\"ez-toc-link ez-toc-heading-9\" href=\"https:\/\/moverdb.com\/fi\/shipping-to-singapore\/#Singapore_Import_Duties_Taxes\" >Singapore Tuontitullit ja verot<\/a><\/li><li class='ez-toc-page-1 ez-toc-heading-level-2'><a class=\"ez-toc-link ez-toc-heading-10\" href=\"https:\/\/moverdb.com\/fi\/shipping-to-singapore\/#Restricted_Items_in_Singapore\" >Rajoitetut tuotteet Singaporessa<\/a><\/li><li class='ez-toc-page-1 ez-toc-heading-level-2'><a class=\"ez-toc-link ez-toc-heading-11\" href=\"https:\/\/moverdb.com\/fi\/shipping-to-singapore\/#Other_Useful_Guides_to_Singapore\" >Muita hy\u00f6dyllisi\u00e4 oppaita Singaporeen<\/a><\/li><\/ul><\/nav><\/div>\n<h2><span class=\"ez-toc-section\" id=\"Shipping_to_Singapore_From_The_US\"><\/span>Toimitus Singaporeen Yhdysvalloista<span class=\"ez-toc-section-end\"><\/span><\/h2>\n<p><strong><a href=\"https:\/\/moverdb.com\/fi\/container-shipping\/\" data-internallinksmanager029f6b8e52c=\"3\" title=\"Kansainv\u00e4lisen konttikuljetuksen hinnat: huhtikuu 2026\">Konttien kuljetuskustannukset<\/a> Osoitteesta <a href=\"https:\/\/moverdb.com\/fi\/moving-to-los-angeles\/\">Los Angeles<\/a><\/strong><\/p>\n<ul>\n<li> 20 jalan kontti: $750 - $830<\/li>\n<li> 40 jalan kontti: $1,120 - $1,235<\/li>\n<\/ul>\n<p><strong>Konttikuljetuskustannukset alkaen <a href=\"https:\/\/moverdb.com\/fi\/muutto-new-yorkiin\/\">New York<\/a><\/strong><\/p>\n<ul>\n<li> 20 jalan kontti: $975 - $1,080<\/li>\n<li> 40 jalan kontti: $1,460 - $1,610<\/li>\n<\/ul>\n<p><strong>Pakettien l\u00e4hetyskulut<\/strong><\/p>\n<ul>\n<li> Ensimm\u00e4iset 0,5 kg: $11.80+<\/li>\n<li> Jokainen 0,5 kg:n lis\u00e4ys: $3.25+.<\/li>\n<\/ul>\n<p><em>L\u00e4hde:<\/em> <a href=\"http:\/\/comgateway.com\/ship-to-Singapore\/\" target=\"_blank\" rel=\"noopener noreferrer\">comGateway<\/a><\/p>\n<p><strong>Toimitusajat<\/strong><\/p>\n<ul>\n<li> <strong>Ilma:<\/strong> 1-3 p\u00e4iv\u00e4\u00e4<\/li>\n<li> <strong>Meri:<\/strong> Noin 1 kuukausi<\/li>\n<\/ul>\n<h2><span class=\"ez-toc-section\" id=\"Shipping_to_Singapore_From_The_UK\"><\/span>Toimitus Singaporeen Yhdistyneest\u00e4 kuningaskunnasta<span class=\"ez-toc-section-end\"><\/span><\/h2>\n<p><strong>Konttikuljetuskustannukset alkaen <a href=\"https:\/\/moverdb.com\/fi\/moving-to-london\/\">Lontoo<\/a><\/strong><\/p>\n<ul>\n<li> 20ft kontti: \u00a3 895 - \u00a3 1,000<\/li>\n<li> 40ft kontti: \u00a31,340 - \u00a31,480<\/li>\n<\/ul>\n<p><strong>Pakettien l\u00e4hetyskulut<\/strong><\/p>\n<ul>\n<li> Enint\u00e4\u00e4n 1 kg: \u00a320.12+<\/li>\n<li> Jopa 20kg: \u00a3 87.31+<\/li>\n<\/ul>\n<p><em>L\u00e4hde:<\/em> <a href=\"https:\/\/www.transglobalexpress.co.uk\/parcel-to\/singapore\/\" target=\"_blank\" rel=\"noopener noreferrer\">Transglobal Express<\/a><\/p>\n<p><strong>Toimitusajat<\/strong><\/p>\n<ul>\n<li> <strong>Ilma:<\/strong> 1-3 p\u00e4iv\u00e4\u00e4<\/li>\n<li> <strong>Meri:<\/strong> Noin 1 kuukausi<\/li>\n<\/ul>\n<h2><span class=\"ez-toc-section\" id=\"Shipping_to_Singapore_From_Australia\"><\/span>Toimitus Singaporeen Australiasta<span class=\"ez-toc-section-end\"><\/span><\/h2>\n<p><strong>Konttikuljetuskustannukset alkaen <a href=\"https:\/\/moverdb.com\/fi\/muutto-sydneyhyn\/\">Sydney<\/a><\/strong><\/p>\n<ul>\n<li> 20 jalan kontti: $980 - $1,080 AUD<\/li>\n<li> 40 jalan kontti: $1,470 - $1,620 AUD<\/li>\n<\/ul>\n<p><strong>Pakettien l\u00e4hetyskulut<\/strong><\/p>\n<ul>\n<li> Pieni laukku (enint\u00e4\u00e4n 500 g): $22.26+<\/li>\n<li> Laatikko (enint\u00e4\u00e4n 5 kg): $81.73+<\/li>\n<\/ul>\n<p><em>L\u00e4hde:<\/em> <a href=\"https:\/\/auspost.com.au\/parcels-mail\/calculate-postage-delivery-times\/#\/\" target=\"_blank\" rel=\"noopener noreferrer\">Australian Post<\/a><\/p>\n<p><strong>Toimitusajat<\/strong><\/p>\n<ul>\n<li> <strong>Ilma:<\/strong> 1-3 p\u00e4iv\u00e4\u00e4<\/li>\n<li> <strong>Meri:<\/strong> Noin 20 p\u00e4iv\u00e4\u00e4<\/li>\n<\/ul>\n<h2><span class=\"ez-toc-section\" id=\"Shipping_to_Singapore_From_Canada\"><\/span>Toimitus Singaporeen Kanadasta<span class=\"ez-toc-section-end\"><\/span><\/h2>\n<p><strong>Konttikuljetuskustannukset alkaen <a href=\"https:\/\/moverdb.com\/fi\/moving-to-canada\/moving-to-montreal\/\" data-internallinksmanager029f6b8e52c=\"410\" title=\"Muutatko Montrealiin? 2023 Elinkustannukset ja muuttovinkit\">Montreal<\/a><\/strong><\/p>\n<ul>\n<li> 20 jalan kontti: $1,640 - $1,800 CAD<\/li>\n<li> 40 jalan kontti: $2,440 - $2,700 CAD<\/li>\n<\/ul>\n<p><strong>Konttikuljetuskustannukset alkaen <a href=\"https:\/\/moverdb.com\/fi\/moving-to-canada\/moving-to-vancouver\/\" data-internallinksmanager029f6b8e52c=\"438\" title=\"Muutatko Vancouveriin? 2023 Elinkustannukset ja muuttovinkit\">Vancouver<\/a><\/strong><\/p>\n<ul>\n<li> 20 jalan kontti: $990 - $1,100 CAD<\/li>\n<li> 40 jalan kontti: $1,480 - $1,630 CAD<\/li>\n<\/ul>\n<p><strong>Pakettien l\u00e4hetyskulut<\/strong><\/p>\n<ul>\n<li> 1kg: $20.29 - $105.44+<\/li>\n<li> 10kg: $139.85 - $412.93+.<\/li>\n<\/ul>\n<p><em>L\u00e4hde:<\/em> <a href=\"https:\/\/www.canadapost.ca\/cpotools\/apps\/far\/personal\/farInt\" target=\"_blank\" rel=\"noopener noreferrer\">Kanadan posti<\/a><\/p>\n<p><strong>Toimitusajat<\/strong><\/p>\n<ul>\n<li> <strong>Ilma:<\/strong> 1-3 p\u00e4iv\u00e4\u00e4<\/li>\n<li> <strong>Meri:<\/strong> Noin 1 kuukausi<\/li>\n<\/ul>\n<h2><span class=\"ez-toc-section\" id=\"Shipping_to_Singapore_From_France\"><\/span>Toimitus Singaporeen Ranskasta<span class=\"ez-toc-section-end\"><\/span><\/h2>\n<p><strong>Konttikuljetuskustannukset Marseillesta<\/strong><\/p>\n<ul>\n<li> 20 jalan kontti: 740 \u20ac - 820 \u20ac.<\/li>\n<li> 40 jalan kontti: 1 100 - 1 220 \u20ac.<\/li>\n<\/ul>\n<p><strong>Toimitusajat<\/strong><\/p>\n<ul>\n<li> <strong>Ilma:<\/strong> 1-3 p\u00e4iv\u00e4\u00e4<\/li>\n<li> <strong>Meri:<\/strong> Noin 1 kuukausi<\/li>\n<\/ul>\n<h2><span class=\"ez-toc-section\" id=\"Shipping_to_Singapore_From_Hong_Kong\"><\/span>Toimitus Singaporeen Hongkongista<span class=\"ez-toc-section-end\"><\/span><\/h2>\n<p><strong>Konttien kuljetuskustannukset<\/strong><\/p>\n<ul>\n<li> 20ft kontti: $1,820 - $2,010 HKD<\/li>\n<li> 40ft kontti: $1,860 - $2,060 HKD<\/li>\n<\/ul>\n<p><strong>Toimitusajat<\/strong><\/p>\n<ul>\n<li> <strong>Ilma:<\/strong> 1-2 p\u00e4iv\u00e4\u00e4<\/li>\n<li> <strong>Meri:<\/strong> Noin 12 p\u00e4iv\u00e4\u00e4<\/li>\n<\/ul>\n<h2><span class=\"ez-toc-section\" id=\"Shipping_to_Singapore_From_New_Zealand\"><\/span>Toimitus Singaporeen Uudesta-Seelannista<span class=\"ez-toc-section-end\"><\/span><\/h2>\n<p><strong>Konttien kuljetuskustannukset Aucklandista<\/strong><\/p>\n<ul>\n<li> 20 jalan kontti: $1,860 - $2,050 NZD<\/li>\n<li> 40 jalan kontti: $2,775 - $3,070 NZD<\/li>\n<\/ul>\n<p><strong>Toimitusajat<\/strong><\/p>\n<ul>\n<li> <strong>Ilma:<\/strong> 1-3 p\u00e4iv\u00e4\u00e4<\/li>\n<li> <strong>Meri:<\/strong> Noin 23 p\u00e4iv\u00e4\u00e4<\/li>\n<\/ul>\n<h2><span class=\"ez-toc-section\" id=\"Shipping_to_Singapore_From_the_Philippines\"><\/span>Toimitus Singaporeen Filippiineilt\u00e4<span class=\"ez-toc-section-end\"><\/span><\/h2>\n<p><strong>Konttikuljetuskustannukset Manilasta<\/strong><\/p>\n<ul>\n<li> 20 jalan kontti: \u20b118,300 - \u20b120,255 euroa.<\/li>\n<li> 40 jalan kontti: \u20b127,350 - \u20b130,230 euroa.<\/li>\n<\/ul>\n<p><strong>Toimitusajat<\/strong><\/p>\n<ul>\n<li> <strong>Ilma:<\/strong> 1-3 p\u00e4iv\u00e4\u00e4<\/li>\n<li> <strong>Meri:<\/strong> Noin 12 p\u00e4iv\u00e4\u00e4<\/li>\n<\/ul>\n<p>Konttikuljetuskustannuksia koskevat tiedot perustuvat tavaroiden l\u00e4hett\u00e4miseen meritse ja ne ovat per\u00e4isin meid\u00e4n <a href=\"https:\/\/moverdb.com\/fi\/konttikuljetukset\/\">kansainv\u00e4liset konttikuljetusmaksut<\/a> sivu ja <a href=\"http:\/\/worldfreightrates.com\" target=\"_blank\" rel=\"noopener noreferrer\">WorldFreightRates.com<\/a>, Airin toimitusajat ovat per\u00e4isin <a href=\"https:\/\/wwwapps.ups.com\/fctc\/timeandcost\" target=\"_blank\" rel=\"noopener noreferrer\">UPS Time &amp; Cost Calculator<\/a>, ja merikuljetusajat ovat per\u00e4isin <a href=\"https:\/\/www.searates.com\" target=\"_blank\" rel=\"noopener noreferrer\">SeaRates.com<\/a>.<\/p>\n<h2><span class=\"ez-toc-section\" id=\"Singapore_Import_Duties_Taxes\"><\/span>Singapore Tuontitullit ja verot<span class=\"ez-toc-section-end\"><\/span><\/h2>\n<p>Jos kotitaloustavaroita ja henkil\u00f6kohtaisia tavaroita l\u00e4hetet\u00e4\u00e4n <a href=\"https:\/\/moverdb.com\/fi\/moving-to-singapore\/\" data-internallinksmanager029f6b8e52c=\"68\" title=\"Muutto Singaporeen? 2022 Elinkustannukset ja muuttovinkit\">Singapore<\/a> yli 400 SGD:n arvoisista tuotteista perit\u00e4\u00e4n 7%:n suuruinen tavara- ja palveluvero (GST). Voit kuitenkin hakea huojennusta, jos seuraavat edellytykset t\u00e4yttyv\u00e4t:<\/p>\n<blockquote><p>K\u00e4ytettyjen kotitaloustavaroiden ja henkil\u00f6kohtaisten tavaroiden tuonnille voidaan my\u00f6nt\u00e4\u00e4 GST-helpotuksia seuraaviin maihin:<\/p>\n<p>Singaporelaiset ja Singaporessa pysyv\u00e4sti asuvat henkil\u00f6t, jotka asuvat ulkomailla ja palaavat asumaan Singaporeen.<br \/>\nUlkomaalaiset, jotka siirt\u00e4v\u00e4t asuinpaikkansa Singaporeen tai muuttavat sinne.<\/p>\n<p>GST-huojennukseen sovelletaan seuraavia ehtoja:<\/p>\n<p>Kyseinen henkil\u00f6 vakuuttaa tullille, ett\u00e4:<\/p>\n<ul>\n<li> H\u00e4n muuttaa asuinpaikkansa Singaporeen;<\/li>\n<li> H\u00e4n omistaa maahantuodut esineet, henkil\u00f6kohtaiset tavarat ja lemmikkiel\u00e4imet;<\/li>\n<li> Esineet ja henkil\u00f6kohtaiset tavarat ovat olleet h\u00e4nen hallussaan ja k\u00e4yt\u00f6ss\u00e4 v\u00e4hint\u00e4\u00e4n 3 kuukautta; ja<\/li>\n<li> Tavarat ja henkil\u00f6kohtaiset tavarat tuodaan maahan lent\u00e4en tai meritse.<\/li>\n<li> Tavarat, henkil\u00f6kohtaiset tavarat ja lemmikkiel\u00e4imet tuodaan maahan 6 kuukauden kuluessa ensimm\u00e4isest\u00e4 saapumisesta Singaporeen.<\/li>\n<li> Sitoudutaan olemaan luovuttamatta tavaroita ja henkil\u00f6kohtaisia tavaroita kolmen kuukauden kuluessa tuontip\u00e4iv\u00e4st\u00e4.<\/li>\n<\/ul>\n<p>Singaporelaisten ja PR-maiden kansalaisten, jotka palaavat takaisin, on t\u00e4ytynyt asua ulkomailla yli 6 kuukautta, jotta he voivat saada t\u00e4m\u00e4n GST-helpotuksen.<\/p><\/blockquote>\n<p><strong>L\u00e4hde:<\/strong> <a href=\"https:\/\/www.customs.gov.sg\/businesses\/importing-goods\/import-procedures\/importing-used-household-articles-and-personal-effects\" target=\"_blank\" rel=\"noopener noreferrer\">Singaporen tulli<\/a><\/p>\n<p>Huomaa, ett\u00e4 on olemassa <a href=\"https:\/\/www.customs.gov.sg\/businesses\/valuation-duties-taxes--fees\/duties-and-dutiable-goods\" target=\"_blank\" rel=\"noopener noreferrer\">tullinalaisten tavaroiden luokkia on nelj\u00e4<\/a> (jotka eiv\u00e4t ole oikeutettuja GST-huojennukseen):<\/p>\n<ul>\n<li> P\u00e4ihdytt\u00e4v\u00e4t viinat: Perustuu jompaankumpaan kaavaan: <em>Maksettavat tullit = Kokonaism\u00e4\u00e4r\u00e4 litroina x tulli- ja\/tai valmisteverokanta x alkoholipitoisuusprosenttiosuus<\/em> <strong>tai<\/strong><em> Maksettavat tullit = Tullinalainen kokonaism\u00e4\u00e4r\u00e4 kilogrammoina x tullimaksuprosentti.<\/em>.<\/li>\n<li> Tupakkatuotteet - <em>Savukkeet:<\/em> Maksettava tulli = tikkujen kokonaism\u00e4\u00e4r\u00e4 x yksitt\u00e4isten tikkujen paino (grammaa kohti tai sen osa) x valmisteverokanta - <em>kaikki muut tupakkatuotteet:<\/em> Maksettava tulli = Kokonaispaino (kilogrammoina) x valmisteverokanta.<\/li>\n<li> Autot ja moottoriajoneuvot - <em>Maksettavat tullit = Tulliarvo x valmisteverokanta<\/em>; henkil\u00f6autojen ja klassisten autojen valmisteverokanta on seuraavanlainen <strong>20%<\/strong> ja moottoripy\u00f6rien ja skoottereiden valmisteverokanta on seuraava <strong>12%<\/strong>.<\/li>\n<li> \u00d6ljytuotteet ja biodieselseokset - \u00d6ljytuotteet: <em>Maksettavat tullit = kokonaisvolyymi x valmisteverokanta<\/em>, Paineistettu maakaasu (Cng): <em>Maksettavat tullit = kokonaispaino x valmisteverokanta<\/em>, Biodieselseos Maksettavat tullit = <em>Dieselin m\u00e4\u00e4r\u00e4 x valmisteverokanta<\/em>.<\/li>\n<\/ul>\n<p>Lis\u00e4tietoja on Singaporen tullilaitoksen sivuilla <a href=\"https:\/\/www.customs.gov.sg\/businesses\/importing-goods\/import-procedures\" target=\"_blank\" rel=\"noopener noreferrer\">Tuontimenettelyt t\u00e4\u00e4ll\u00e4<\/a>.<\/p>\n<h2><span class=\"ez-toc-section\" id=\"Restricted_Items_in_Singapore\"><\/span>Rajoitetut tuotteet Singaporessa<span class=\"ez-toc-section-end\"><\/span><\/h2>\n<p>Seuraavat tuotteet on lueteltu Singaporen tullin kielt\u00e4min\u00e4 ja\/tai valvomina (<a href=\"https:\/\/www.customs.gov.sg\/individuals\/going-through-customs\/arrival\/prohibited-and-controlled-goods\" target=\"_blank\" rel=\"noopener noreferrer\">katso verkkosivusto<\/a> t\u00e4ydelliset tiedot):<\/p>\n<ul>\n<li> Purukumi (lukuun ottamatta terveystieteiden viranomaisen hyv\u00e4ksymi\u00e4 hammasl\u00e4\u00e4ketieteellisi\u00e4 ja l\u00e4\u00e4kkeellisi\u00e4 purukumeja).<\/li>\n<li> Purutupakka ja tupakkaj\u00e4ljitelm\u00e4t (esimerkiksi s\u00e4hk\u00f6savukkeet).<\/li>\n<li> Shisha<\/li>\n<li> Savuttomat sikarit, savuttomat pikkusikarit tai savuttomat savukkeet.<\/li>\n<li> Liukeneva tupakka tai nikotiini<\/li>\n<li> Mik\u00e4 tahansa nikotiinia tai tupakkaa sis\u00e4lt\u00e4v\u00e4 tuote, jota voidaan k\u00e4ytt\u00e4\u00e4 paikallisesti, implantilla tai ruiskutettuna mihin tahansa kehon osaan.<\/li>\n<li> Kaikki liuokset tai aineet, joissa tupakka tai nikotiini on ainesosana ja jotka on tarkoitettu k\u00e4ytett\u00e4v\u00e4ksi s\u00e4hk\u00f6isen nikotiininjakeluj\u00e4rjestelm\u00e4n tai h\u00f6yrystimien kanssa.<\/li>\n<li> nen\u00e4nuuska (1. elokuuta 2016 alkaen)<\/li>\n<li> Nuuska suun kautta (1. elokuuta 2016 alkaen)<\/li>\n<li> Gutkha, khaini ja zarda (1. elokuuta 2016 alkaen).<\/li>\n<li> Pistoolin tai revolverin muotoiset savukkeensytyttimet<\/li>\n<p>Contr<\/p>\n<li> huumeet ja psykotrooppiset aineet<\/li>\n<li> Uhanalaiset luonnonvaraiset el\u00e4inlajit ja niiden sivutuotteet<\/li>\n<li> Ilotulitteet<\/li>\n<li> Siveett\u00f6m\u00e4t artikkelit, julkaisut ja videonauhat\/levyt.<\/li>\n<li> Tekij\u00e4noikeudella suojattujen julkaisujen, ohjelmistojen, videonauhojen, videolevyjen, CD-levyjen, laserlevyjen, \u00e4\u00e4nilevyjen tai kasettien j\u00e4ljent\u00e4minen.<\/li>\n<li> Kapinallinen ja maanpetoksellinen aineisto<\/li>\n<\/ul>\n<p>Jos olet ep\u00e4varma jostain muusta tuotteesta, tarkista asia heilt\u00e4 ennen tavaroiden l\u00e4hett\u00e4mist\u00e4.<\/p>\n<h2><span class=\"ez-toc-section\" id=\"Other_Useful_Guides_to_Singapore\"><\/span>Muita hy\u00f6dyllisi\u00e4 oppaita Singaporeen<span class=\"ez-toc-section-end\"><\/span><\/h2>\n<ul>\n<li> <a href=\"https:\/\/moverdb.com\/fi\/konttikuljetukset\/singapore\/\">2024 Merirahti konttien laivaushinnat Singaporeen ja Singaporesta<\/a><\/li>\n<li> <a href=\"https:\/\/moverdb.com\/fi\/muuttoyritykset\/moving-companies-singapore\/\">22 parasta kansainv\u00e4list\u00e4 muuttoa Singaporessa<\/a><\/li>\n<li> <a href=\"https:\/\/moverdb.com\/fi\/shipping-to-singapore\/\">Toimitus Singaporeen: Mit\u00e4 sinun tarvitsee tiet\u00e4\u00e4<\/a><\/li>\n<li> <a href=\"https:\/\/moverdb.com\/fi\/muutto-singaporeen\/\">Muutatko Singaporeen? 2024 Elinkustannukset ja muuttovinkit<\/a><\/li>\n<li> <a href=\"https:\/\/moverdb.com\/fi\/muutto-singaporeen\/best-places-to-live-singapore\/\">12 parasta paikkaa asua Singaporessa<\/a><\/li>\n<li> <a href=\"https:\/\/moverdb.com\/fi\/muutto-singaporeen\/living-in-singapore\/\">21 salaisuuksia asumisesta Singaporessa tiet\u00e4\u00e4 ennen muuttoa<\/a><\/li>\n<li> <a href=\"https:\/\/moverdb.com\/fi\/muutto-singaporeen\/moving-to-singapore-from-the-united-states\/\">Muutto Singaporeen Yhdysvalloista<\/a><\/li>\n<\/ul>","protected":false},"excerpt":{"rendered":"<p>Whether you&#8217;re moving to Singapore or just looking to ship a few parcels, we can help you find the best shipping deals from the US, UK, Australia, Canada, France, Hong Kong, New Zealand, Philippines and most other countries around the world. You can get started by using the free quote form above. Shipping to Singapore [&hellip;]<\/p>\n","protected":false},"author":1,"featured_media":2676,"parent":0,"menu_order":0,"comment_status":"closed","ping_status":"closed","template":"","meta":{"_genesis_hide_title":false,"_genesis_hide_breadcrumbs":false,"_genesis_hide_singular_image":false,"_genesis_hide_footer_widgets":false,"_genesis_custom_body_class":"","_genesis_custom_post_class":"","_genesis_layout":"","footnotes":""},"class_list":{"0":"post-2675","1":"page","2":"type-page","3":"status-publish","4":"has-post-thumbnail","6":"entry"},"_links":{"self":[{"href":"https:\/\/moverdb.com\/fi\/wp-json\/wp\/v2\/pages\/2675","targetHints":{"allow":["GET"]}}],"collection":[{"href":"https:\/\/moverdb.com\/fi\/wp-json\/wp\/v2\/pages"}],"about":[{"href":"https:\/\/moverdb.com\/fi\/wp-json\/wp\/v2\/types\/page"}],"author":[{"embeddable":true,"href":"https:\/\/moverdb.com\/fi\/wp-json\/wp\/v2\/users\/1"}],"replies":[{"embeddable":true,"href":"https:\/\/moverdb.com\/fi\/wp-json\/wp\/v2\/comments?post=2675"}],"version-history":[{"count":17,"href":"https:\/\/moverdb.com\/fi\/wp-json\/wp\/v2\/pages\/2675\/revisions"}],"predecessor-version":[{"id":16941,"href":"https:\/\/moverdb.com\/fi\/wp-json\/wp\/v2\/pages\/2675\/revisions\/16941"}],"wp:featuredmedia":[{"embeddable":true,"href":"https:\/\/moverdb.com\/fi\/wp-json\/wp\/v2\/media\/2676"}],"wp:attachment":[{"href":"https:\/\/moverdb.com\/fi\/wp-json\/wp\/v2\/media?parent=2675"}],"curies":[{"name":"wp","href":"https:\/\/api.w.org\/{rel}","templated":true}]}}