{"id":265,"date":"2016-05-01T06:12:45","date_gmt":"2016-05-01T06:12:45","guid":{"rendered":"http:\/\/moverdb.com\/?page_id=265"},"modified":"2026-05-15T14:55:48","modified_gmt":"2026-05-15T14:55:48","slug":"cadogan-tate","status":"publish","type":"page","link":"https:\/\/moverdb.com\/fi\/cadogan-tate\/","title":{"rendered":"Cadogan Tate: Kansainv\u00e4linen muuttoliike ja muuttoarvostelut"},"content":{"rendered":"<p>Cadogan Tate tarjoaa asiakkailleen seuraavat palvelut ulkomaille muuttoa varten. N\u00e4iden tietojen j\u00e4lkeen on yrityksen profiili ja eri asiakkaiden arvioita.<\/p>\n<p><strong>Henkil\u00f6kohtaiset ja yritysten muutot<\/strong><\/p>\n<p>Muutonhallintapalvelut<\/p>\n<ul>\n<li> Muuton hallintasuunnitelma<\/li>\n<li> Pakkaaminen ja purkaminen<\/li>\n<li> Kuljetus ja merenkulku<\/li>\n<li> Tulliselvitys <\/li>\n<li> Varastointi - Maailmanlaajuinen kattavuus<\/li>\n<\/ul>\n<p><strong>Taidepalvelut ja messupalvelut<\/strong><\/p>\n<ul>\n<li> Taideteosten varastointi, kuljetus ja muutto<\/li>\n<li> N\u00e4yttely- ja messuesineiden siirt\u00e4minen ymp\u00e4ri maailmaa<\/li>\n<\/ul>\n<p><strong>Erikoisteht\u00e4v\u00e4t<\/strong><\/p>\n<ul>\n<li> Hienojen viinien siirt\u00e4minen <\/li>\n<li> <a href=\"https:\/\/moverdb.com\/fi\/auto-kuljetus-kuljetus\/\">Autojen kuljetus<\/a>, veneet ja lentokoneet<\/li>\n<li> Lemmikkiel\u00e4inten siirt\u00e4minen<\/li>\n<\/ul>\n<p><strong>Sisustussuunnittelijan palvelut<\/strong><\/p>\n<ul>\n<li> Maailmanlaajuinen ker\u00e4ys ja siirt\u00e4minen mink\u00e4 tahansa suunnittelijan tuotteen<\/li>\n<li> Asiantunteva henkil\u00f6kunta pakkaa\/koteloi ja siirt\u00e4\u00e4 asiantuntevasti.<\/li>\n<li> Merenkulku ja tulli <\/li>\n<li> Varastointi <\/li>\n<\/ul>\n<h2>Cadogan Tate Yrityksen profiili<\/h2>\n<p>Cadogan Tate perustettiin vuonna 1977, ja nyt sill\u00e4 on toimistot seuraavissa paikoissa <a href=\"https:\/\/moverdb.com\/fi\/moving-to-london\/\">Lontoo<\/a>, <a href=\"https:\/\/moverdb.com\/fi\/moving-to-france\/moving-to-paris\/\" data-internallinksmanager029f6b8e52c=\"407\" title=\"Muutatko Pariisiin? 2023 Elinkustannukset ja muuttovinkit\">Pariisi<\/a>, Cote d'Azure, <a href=\"https:\/\/moverdb.com\/fi\/muutto-new-yorkiin\/\">New York<\/a> ja <a href=\"https:\/\/moverdb.com\/fi\/moving-to-los-angeles\/\">Los Angeles<\/a> He eiv\u00e4t ainoastaan siirr\u00e4 yrityksi\u00e4 ja yksityishenkil\u00f6it\u00e4 ymp\u00e4ri maailmaa, vaan ovat my\u00f6s asiantuntijoita taideteosten, huonekalujen ja maailman johtavien suunnittelijoiden suunnittelemien koriste-esineiden siirroissa. <\/p>\n<p>Cadogan Tate on ylpe\u00e4 asiantuntemuksestaan taidemessujen j\u00e4rjest\u00e4misess\u00e4 ja ottaa huomioon messuj\u00e4rjest\u00e4jien, ostajien ja n\u00e4ytteilleasettajien tarpeet. Cadogan Taten kirjallinen logo on \"kaikki, huolella hoidettuna\".<br \/>\nYhti\u00f6ll\u00e4 on pitk\u00e4 luettelo j\u00e4senyyksist\u00e4 ja akkreditoinneista:<\/p>\n<ul>\n<li> <a href=\"https:\/\/moverdb.com\/fi\/british-association-of-removers\/\">British Association of Removers (BAR)<\/a><\/li>\n<li> <a href=\"https:\/\/moverdb.com\/fi\/mtc\/\">The Movers Trading Club<\/a> (<a href=\"https:\/\/moverdb.com\/fi\/mtc\/\" data-internallinksmanager029f6b8e52c=\"30\" title=\"Movers Trading Club (MTC) selitetty\">MTC<\/a>)<\/li>\n<li> Museoiden yhdistys<\/li>\n<li> Sis\u00e4ministeri\u00f6 - <a href=\"https:\/\/moverdb.com\/fi\/moving-to-the-uk\/\" data-internallinksmanager029f6b8e52c=\"93\" title=\"Muutatko Yhdistyneeseen kuningaskuntaan? 2022 Elinkustannukset ja muuttovinkit\">UK<\/a> Rajavartiolaitos<\/li>\n<li> <a href=\"https:\/\/moverdb.com\/fi\/harmony-relocation-network\/\">Harmony Relocation Network<\/a><\/li>\n<li> <a href=\"https:\/\/moverdb.com\/fi\/olen\/\">Kansainv\u00e4linen muuttajien liitto (IAM)<\/a><\/li>\n<li> <a href=\"https:\/\/moverdb.com\/fi\/fidi-faim\/\">FAIM<\/a><\/li>\n<li> UK Registrars Group<\/li>\n<li> <a href=\"https:\/\/moverdb.com\/fi\/fidi-faim\/\">FIDI Global Alliance<\/a><\/li>\n<li> Taide- ja antiikkikauppiaiden yhdistys (LAPADA)<\/li>\n<li> Laadunvarmistettu palvelustandardi - Kaupallinen muutto<\/li>\n<li> Quality Assured Service Standard - Ymp\u00e4rist\u00f6j\u00e4rjestelm\u00e4t<\/li>\n<li> Laadunvarmistettu palvelustandardi - Kaupallinen muutto<\/li>\n<li> Laadunvarmistettu palvelustandardi - Kotitaloushuonekalujen muutot<\/li>\n<li> Laadunvarmistettu palvelustandardi - Ty\u00f6terveys- ja johtamisj\u00e4rjestelm\u00e4t<\/li>\n<li> Quality Assured Service Standard - Laadunhallintaj\u00e4rjestelm\u00e4t<\/li>\n<\/ul>\n<h2>Cadogan Tate Arvostelut<\/h2>\n<p><strong>Positiivinen<\/strong><\/p>\n<ul>\n<li> \"<em>Olimme innostuneita Cadogan Tatesta. Se ei ollut edullinen valinta, mutta ty\u00f6skennelty\u00e4mme heid\u00e4n kanssaan p\u00e4\u00e4timme, ett\u00e4 he olivat jokaisen pennin arvoisia.\" <\/em> E. Perryn kautta <a href=\"http:\/\/www.reviewcentre.com\/Removal-Companies\/Cadogan-Tate-www-cadogantate-com-review_3591881\" target=\"_blank\" rel=\"noopener\">Arvostelukeskus<\/a>\n<\/li>\n<li> \"<em>Tilasin hiljattain l\u00e4hetyksen Cadogan Taten kautta muuttoani varten South of <a href=\"https:\/\/moverdb.com\/fi\/moving-to-france\/\" data-internallinksmanager029f6b8e52c=\"315\" title=\"Muutatko Ranskaan? 2023 Elinkustannukset ja muuttovinkit\">Ranska<\/a> Lontooseen. Se hoidettiin niin t\u00e4ydellisesti.\" <\/em>Rivsalov kautta <a href=\"http:\/\/www.removalreviews.co.uk\/movingreviews\/smooth-and-efficient-with-a-professional-approach-5733\" target=\"_blank\" rel=\"noopener\">Muutto Arvostelut<\/a>\n<\/li>\n<\/ul>\n<p><strong>Negatiivinen<\/strong><\/p>\n<ul>\n<li> \"<em>Olen inhottava t\u00e4m\u00e4n yrityksen tuottaman ymp\u00e4rist\u00f6j\u00e4tteen m\u00e4\u00e4r\u00e4st\u00e4. Laatikot, joissa on s\u00e4rkym\u00e4tt\u00f6mi\u00e4 tavaroita, kuten tyynyj\u00e4 ja liinavaatteita, t\u00e4ytet\u00e4\u00e4n \u00e4\u00e4ri\u00e4\u00e4n my\u00f6ten upouudella paperipakkauksella.\" <\/em>Carl Lyon kautta <a href=\"http:\/\/www.reviewcentre.com\/Removal-Companies\/Cadogan-Tate-www-cadogantate-com-review_3349791\" target=\"_blank\" rel=\"noopener\">Arvostelukeskus<\/a>\n<\/li>\n<li> \"<em>K\u00e4ytimme Cadogan Tatea muuttaessamme Lontoosta takaisin Lontooseen. <a href=\"https:\/\/moverdb.com\/fi\/moving-to-the-united-states\/\" data-internallinksmanager029f6b8e52c=\"94\" title=\"Muutatko Yhdysvaltoihin? 2022 Elinkustannukset ja muuttovinkit\">US<\/a>. Muuttomiehet olivat eritt\u00e4in ammattitaitoisia ja yst\u00e4v\u00e4llisi\u00e4. Back office -palvelussa on kuitenkin vakavia ongelmia.\" <\/em> D J Skillman kautta <a href=\"http:\/\/www.removalreviews.co.uk\/movers\/cadogan-tate-311\" target=\"_blank\" rel=\"noopener\">Muutto Arvostelut<\/a>\n<\/li>\n<\/ul>\n<div itemprop=\"review\" itemscope itemtype=\"http:\/\/schema.org\/Review\">\n<span itemprop=\"author\" itemscope=\"\" itemtype=\"http:\/\/schema.org\/Organization\"><span itemprop=\"name\">MoverDB.com<\/span><\/span> Verkkosivuston arvostelu <span itemprop=\"itemreviewed\" itemscope=\"\" itemtype=\"http:\/\/schema.org\/Brand\"><span itemprop=\"name\">Cadogan Tate<\/span><\/span>:<\/p>\n<ol>\n<li> Selke\u00e4t yhteystiedot verkkosivustolla (my\u00f6s puhelinnumero): <strong>Kyll\u00e4<\/strong><\/li>\n<li> Helppo saada <a href=\"https:\/\/moverdb.com\/fi\/lainauksia\/\">kansainv\u00e4liset muutot tarjoukset<\/a>? (Online-arviolomake): <strong>Kyll\u00e4<\/strong><\/li>\n<li> Selke\u00e4t tiedot verkkosivustolla: <strong>Osittain.<\/strong> Sivustolla ei ole paljon yksityiskohtaisia tietoja. Se toimitetaan suunnitteluvaiheessa.<\/li>\n<li> J\u00e4senyys kansainv\u00e4lisiss\u00e4 tunnustetuissa liikkuvissa j\u00e4rjest\u00f6iss\u00e4: <strong>Kyll\u00e4<\/strong>, ks. edell\u00e4.<\/li>\n<li> Luettelo asiakkaista ja\/tai aiempien asiakkaiden suosittelut: <strong>Osittain.<\/strong> Sivustolla on tapaustutkimuksia, joissa kuvataan erilaisia siirtoja, mutta asiakkaiden nimi\u00e4 tai suositteluja ei ole.<\/li>\n<\/ol>\n<div itemprop=\"reviewRating\" itemscope itemtype=\"http:\/\/schema.org\/Rating\"><meta itemprop=\"worstRating\" content = \"0\" \/><meta itemprop=\"bestRating\" content=\"5\" \/><meta itemprop=\"ratingValue\" content=\"4\"><\/div>\n<p><strong>Yleisarvosana: 4\/5<\/strong><br \/>\n<strong>Tarkistusp\u00e4iv\u00e4:<\/strong> <span itemprop=\"datePublished\" content=\"2016-05-01\">01\/05\/2016<\/span>\n<\/div>\n<p>Lis\u00e4tietoja <a href=\"https:\/\/moverdb.com\/fi\/international-removals\/\">Yhdistyneen kuningaskunnan muuttoyritykset<\/a> ja meid\u00e4n <a href=\"https:\/\/moverdb.com\/fi\/arvostelut\/\">tarkistusprosessin selitys<\/a>.<\/p>\n<p><strong>Verkkosivusto:<\/strong> <a href=\"https:\/\/www.cadogantate.com\/en\" target=\"_blank\" rel=\"noopener\">https:\/\/www.cadogantate.com\/en<\/a><\/p>","protected":false},"excerpt":{"rendered":"<p>Cadogan Tate offer their clients the following for their move abroad. This information is followed by a company profile and reviews from various clients. Personal and Corporate Moves Move Management Services Move management plan Packing and unpacking Transportation and shipping Customs clearance Storage &#8211; Global coverage Art Services and Fair Services Fine art storage, shipping [&hellip;]<\/p>\n","protected":false},"author":1,"featured_media":0,"parent":0,"menu_order":0,"comment_status":"closed","ping_status":"closed","template":"","meta":{"_genesis_hide_title":false,"_genesis_hide_breadcrumbs":false,"_genesis_hide_singular_image":false,"_genesis_hide_footer_widgets":false,"_genesis_custom_body_class":"","_genesis_custom_post_class":"","_genesis_layout":"","footnotes":""},"class_list":{"0":"post-265","1":"page","2":"type-page","3":"status-publish","5":"entry"},"_links":{"self":[{"href":"https:\/\/moverdb.com\/fi\/wp-json\/wp\/v2\/pages\/265","targetHints":{"allow":["GET"]}}],"collection":[{"href":"https:\/\/moverdb.com\/fi\/wp-json\/wp\/v2\/pages"}],"about":[{"href":"https:\/\/moverdb.com\/fi\/wp-json\/wp\/v2\/types\/page"}],"author":[{"embeddable":true,"href":"https:\/\/moverdb.com\/fi\/wp-json\/wp\/v2\/users\/1"}],"replies":[{"embeddable":true,"href":"https:\/\/moverdb.com\/fi\/wp-json\/wp\/v2\/comments?post=265"}],"version-history":[{"count":17,"href":"https:\/\/moverdb.com\/fi\/wp-json\/wp\/v2\/pages\/265\/revisions"}],"predecessor-version":[{"id":6190,"href":"https:\/\/moverdb.com\/fi\/wp-json\/wp\/v2\/pages\/265\/revisions\/6190"}],"wp:attachment":[{"href":"https:\/\/moverdb.com\/fi\/wp-json\/wp\/v2\/media?parent=265"}],"curies":[{"name":"wp","href":"https:\/\/api.w.org\/{rel}","templated":true}]}}