{"id":246,"date":"2016-04-21T14:54:42","date_gmt":"2016-04-21T14:54:42","guid":{"rendered":"http:\/\/moverdb.com\/?page_id=246"},"modified":"2026-01-08T14:47:37","modified_gmt":"2026-01-08T14:47:37","slug":"atlas-van-lines-international","status":"publish","type":"page","link":"https:\/\/moverdb.com\/fi\/atlas-van-lines-international\/","title":{"rendered":"Atlas Van Lines International: Atlas Atlas Atlas Lines: Moving Services: Moving Services &amp; Reviews"},"content":{"rendered":"<p>Atlas Van Lines International tarjoaa seuraavia palveluja ulkomaille muuttaville. Voit my\u00f6s tarkastella yrityksen profiilia ja lukea arvosteluja alla:<\/p>\n<p><strong>Henkil\u00f6kohtaiset ja yrityssiirrot:<\/strong><\/p>\n<p>Kuljetuspalvelut<\/p>\n<ul>\n<li> Maailmanlaajuinen kotitaloustavaroiden kuljetus ovelta ovelle<\/li>\n<li> <a href=\"https:\/\/moverdb.com\/fi\/huolitsija\/\">Meri- ja lentorahdit<\/a><\/li>\n<li> Autot ja veneet<\/li>\n<li> Hankerahti (n\u00e4yttelyesineet ja n\u00e4yt\u00f6t)<\/li>\n<\/ul>\n<p>Muuttopalvelut<\/p>\n<ul>\n<li> Ohjelman hallinto ja tuki<\/li>\n<li> Politiikan kehitt\u00e4minen<\/li>\n<li> Konsultointi<\/li>\n<li> Vastaanottajan asunto<\/li>\n<li> Matkakohteen palvelut<\/li>\n<li> Arvonsuojauspalvelu<\/li>\n<\/ul>\n<p>Matkapalvelut<\/p>\n<ul>\n<li> T\u00e4yden palvelun yritysmatkatoimisto<\/li>\n<li> Ohjelman hallinnointi ja raportointi<\/li>\n<\/ul>\n<p>Pitk\u00e4n aikav\u00e4lin varastoinnin hallinta<\/p>\n<p><strong>Hallituksen ja armeijan toimet:<\/strong><\/p>\n<ul>\n<li> Puolustusvoimien henkil\u00f6kohtaista omaisuutta koskevan ohjelman (DP3) tukeminen.<\/li>\n<li> Kansainv\u00e4lisen kotitaloustavaraliikenteen hallinta (koodit 4, 5 ja T)<\/li>\n<li> Kotitalouksien kotitaloustavaroiden muuton hallinnointi (koodit 1 ja 2)<\/li>\n<li> Kansainv\u00e4liset matkatavaral\u00e4hetykset (koodi J)<\/li>\n<li> OTO-l\u00e4hetykset<\/li>\n<li> Asiakaspalvelutiimi, joka tarjoaa VIP-henkil\u00f6kohtaista hoitoa palveluksessa oleville j\u00e4senille.<\/li>\n<li> GSA-tilitiimi, joka on omistautunut yksinomaan kansainv\u00e4listen muuttoj\u00e4rjestelyjen hallinnointiin. <a href=\"https:\/\/moverdb.com\/fi\/moving-to-the-united-states\/\" data-internallinksmanager029f6b8e52c=\"94\" title=\"Muutatko Yhdysvaltoihin? 2022 Elinkustannukset ja muuttovinkit\">US<\/a> valtion virastot<\/li>\n<li> I-CHAMP-osallistuja<\/li>\n<\/ul>\n<p><strong>N\u00e4yttelyt ja rahti:<\/strong><\/p>\n<ul>\n<li> N\u00e4yttelyt<\/li>\n<li> Messun\u00e4yt\u00f6t<\/li>\n<li> Myym\u00e4l\u00e4n kalusteet<\/li>\n<li> Erityishankkeet ulkomailla<\/li>\n<\/ul>\n<h2>Atlas Van Lines International Yrityksen profiili<\/h2>\n<p>Atlas International on yksityisomistuksessa olevan Atlas Van Linesin tyt\u00e4ryhti\u00f6 ja osa Atlas World Groupia. Se on muuttanut ihmisi\u00e4 ulkomaille jo yli 50 vuoden ajan. He keskittyv\u00e4t p\u00e4\u00e4asiassa yritysten muuttoihin, joiden osuus on 85% heid\u00e4n 7 000 muutostaan vuosittain. <\/p>\n<p>Ne siirt\u00e4v\u00e4t kuitenkin my\u00f6s yksitt\u00e4isi\u00e4 ammattilaisia, valtion ty\u00f6ntekij\u00f6it\u00e4 ja Yhdysvaltain armeijan j\u00e4seni\u00e4 (ja heid\u00e4n perheit\u00e4\u00e4n).<\/p>\n<p>Yrityksen mukaan se on sitoutunut rehellisyyteen, laatuun ja ratkaisuihin. He ovat seuraavien j\u00e4rjest\u00f6jen j\u00e4seni\u00e4:<\/p>\n<ul>\n<li> C-TPAT-sertifiointi Yhdysvaltain tulli- ja rajavartiolaitoksen kanssa.<\/li>\n<li> ISO 9001 rekister\u00f6ity<\/li>\n<li> <a href=\"https:\/\/moverdb.com\/fi\/vanne-promover\/\">RIM\u00ae - Rekister\u00f6ity kansainv\u00e4linen maahantuoja<\/a><\/li>\n<li> <a href=\"https:\/\/moverdb.com\/fi\/amsa\/\">American Moving &amp; Storage Association<\/a> (<a href=\"https:\/\/moverdb.com\/fi\/amsa\/\" data-internallinksmanager029f6b8e52c=\"5\" title=\"American Moving &amp; Storage Association (AMSA) selitetty\">AMSA<\/a>)<\/li>\n<li> <a href=\"https:\/\/moverdb.com\/fi\/hgfaa\/\">HHG Forwarders Association of America<\/a> (HHGFAA)<\/li>\n<li> <a href=\"https:\/\/moverdb.com\/fi\/lacma\/\">Latinalaisen Amerikan ja Karibian maiden yhdistys<\/a> (<a href=\"https:\/\/moverdb.com\/fi\/lacma\/\" data-internallinksmanager029f6b8e52c=\"28\" title=\"Latinalaisen Amerikan ja Karibian alueen kansainv\u00e4listen muuttajien yhdistys (LACMA)\">LACMA<\/a>)<\/li>\n<li> <a href=\"https:\/\/moverdb.com\/fi\/iata\/\">Kansainv\u00e4linen ilmakuljetusliitto<\/a> (<a href=\"https:\/\/moverdb.com\/fi\/iata\/\" data-internallinksmanager029f6b8e52c=\"22\" title=\"Kansainv\u00e4lisen ilmakuljetusliiton (IATA) selitykset\">IATA<\/a>)<\/li>\n<li> <a href=\"https:\/\/moverdb.com\/fi\/euromovers\/\">European Mover Partnership<\/a><\/li>\n<li> <a href=\"https:\/\/moverdb.com\/fi\/tyontekijan-uudelleensijoitusneuvosto\/\">Ty\u00f6ntekij\u00f6iden uudelleensijoitusneuvosto<\/a> (Maailmanlaajuinen <a href=\"https:\/\/moverdb.com\/fi\/employee-relocation-council\/\" data-internallinksmanager029f6b8e52c=\"83\" title=\"Maailmanlaajuinen ty\u00f6ntekij\u00f6iden uudelleensijoitusneuvosto (ERC) selitetty\">ERC<\/a>)<\/li>\n<li> Liittovaltion merenkulkukomission my\u00f6nt\u00e4m\u00e4 lisenssi <a href=\"https:\/\/moverdb.com\/fi\/freight-forwarder\/\" data-internallinksmanager029f6b8e52c=\"17\" title=\"Huolitsijan &amp; NVOCC:n kansainv\u00e4liset kustannukset ja yritykset -opas\">NVOCC<\/a>, Rekisterinumero # 79NF<\/li>\n<li> Osallistuva ITGBL-operaattori Yhdysvaltain valtion virastojen CHAMP-ohjelmassa.<\/li>\n<li> Osallistuva ITGBL-operaattori Yhdysvaltain puolustusministeri\u00f6lle <\/li>\n<\/ul>\n<p>Seuraavat maailmanlaajuiset virastot:<\/p>\n<ul>\n<li> Korkeasti koulutetut Atlas-virastot kaikissa 50 Yhdysvaltain osavaltiossa.<\/li>\n<li> Yli 130 agenttia eri puolilla <a href=\"https:\/\/moverdb.com\/fi\/moving-to-canada\/\" data-internallinksmanager029f6b8e52c=\"265\" title=\"Muutto Kanadaan? 2023 Elinkustannukset ja muuttovinkit\">Kanada<\/a>.<\/li>\n<li> Yli 300 Atlaksen suosimaa agenttia ty\u00f6skentelee kaikissa maissa ymp\u00e4ri maailmaa.<\/li>\n<\/ul>\n<p>Ne v\u00e4itt\u00e4v\u00e4t my\u00f6s, ett\u00e4 muuttoasiakkaat, joita n\u00e4et ja joiden kanssa olet vuorovaikutuksessa - muuton molemmissa p\u00e4iss\u00e4 - on ennakkoon kelpuutettu.<\/p>\n<h2>Atlas Van Lines International Arvostelut<\/h2>\n<p><em><strong>Huom:<\/strong> sis\u00e4lt\u00e4\u00e4 arvostelut sek\u00e4 Atlas Van Lines ett\u00e4 Atlas International -yrityksille<\/em><\/p>\n<p><strong>Positiivinen<\/strong><\/p>\n<ul>\n<li> <em>\"Olin eritt\u00e4in vaikuttunut paitsi siit\u00e4, miten ahkerasti he ty\u00f6skenteliv\u00e4t, my\u00f6s siit\u00e4, miten huolellisesti he kohtelivat tavaroitani.\"<\/em> - Laurie kautta <a href=\"http:\/\/www.atlasvanlines.com\/moving-company-reviews\/\" target=\"_blank\" rel=\"noopener\">Atlas Van Lines arvostelusivu<\/a><\/li>\n<li> <em>\"Atlas oli loistava valinta. Suosittelen heit\u00e4 l\u00e4mpim\u00e4sti kaikille, joilla on kaukomuutto ja jotka ovat huolissaan siit\u00e4, ett\u00e4 vieraat ihmiset viev\u00e4t heid\u00e4n tavaransa.\"<\/em> - Kate kautta <a href=\"http:\/\/www.mymovingreviews.com\/movingreviews\/great-movers-9968\" target=\"_blank\" rel=\"noopener\">MyMovingReviews<\/a><\/li>\n<li> <em>\"BBB on todennut, ett\u00e4 Atlas Van Lines International t\u00e4ytt\u00e4\u00e4 BBB:n akkreditointistandardit, joihin kuuluu sitoumus pyrki\u00e4 vilpitt\u00f6m\u00e4sti ratkaisemaan kaikki kuluttajien valitukset.\"<\/em> <a href=\"http:\/\/www.bbb.org\/western-washington\/business-reviews\/movers\/atlas-van-lines-international-in-seattle-wa-27030248\" target=\"_blank\" rel=\"noopener\">Better Business Bureau<\/a><\/li>\n<li> <em>\"Minun piti vain j\u00e4tt\u00e4\u00e4 viesti Atlas Van Linesin kanssa saamamme loistavan kokemuksen j\u00e4lkeen.\"<\/em> - Shahram kautta <a href=\"https:\/\/www.consumeraffairs.com\/movers\/atlas.html\" target=\"_blank\" rel=\"noopener\">Kuluttaja-asiat<\/a><\/li>\n<li> <em>\"En voisi olla tyytyv\u00e4isempi palveluihin, joita Atlas Van Lines tarjosi muuton aikana. <a href=\"https:\/\/moverdb.com\/fi\/muutto-houstoniin\/\">Houston<\/a>. Huonekaluni saapuivat ajoissa, vaikka s\u00e4\u00e4 oli kamala.\"<\/em> Katelyn kautta <a href=\"http:\/\/www.yelp.co.uk\/biz\/atlas-van-lines-evansville-2?hrid=zrPxDQ8O1DE0pKFgOYoQzA&#038;utm_campaign=www_review_share_popup&#038;utm_medium=copy_link&#038;utm_source=(direct)\" target=\"_blank\" rel=\"noopener\">Yelp<\/a><\/li>\n<\/ul>\n<p><strong>Negatiivinen<\/strong><\/p>\n<ul>\n<li> <em>\"Pienten tytt\u00e4remme vauvojen leikekirja on kadonnut, korvaamaton.\"<\/em> - Ruth kautta <a href=\"http:\/\/www.atlasvanlines.com\/moving-company-reviews\/\" target=\"_blank\" rel=\"noopener\">Atlas Van Lines arvostelusivu<\/a><\/li>\n<li> <em>\"Atlas on pahin. Meill\u00e4 on t\u00e4ll\u00e4 hetkell\u00e4 meneill\u00e4\u00e4n sotilaallinen muutto heid\u00e4n kanssaan, joten emme p\u00e4\u00e4sseet valitsemaan. Luettuani hirvitt\u00e4vi\u00e4 arvosteluja yrityksest\u00e4 olin huolissani, mutta ajattelin, ett\u00e4 sotilasperheen\u00e4 he tekisiv\u00e4t parhaansa huolehtiakseen niist\u00e4, jotka ovat uhranneet ja palvelleet maataan. N\u00e4in ei ole ollut.\"<\/em> - Chrstine kautta <a href=\"http:\/\/moving-companies.credio.com\/l\/6\/Atlas-Van-Lines-Inc#review\/532419\" target=\"_blank\" rel=\"noopener\">Credio<\/a><\/li>\n<li> <em>\"Halusin todella pit\u00e4\u00e4 Atlasista ja heid\u00e4n kanadalaisesta agentistaan AMJ Campbellista.  He olivat minulle annettujen tarjousten keskell\u00e4, eiv\u00e4t liian korkealla eiv\u00e4tk\u00e4 liian matalalla. Heit\u00e4 suositteli yst\u00e4v\u00e4ni, joka teki samanlaisen kansainv\u00e4lisen muuton vuosi sitten. Mutta he ovat ep\u00e4onnistuneet surkeasti useissa asioissa.\"<\/em>- Irene A. kautta <a href=\"http:\/\/www.yelp.co.uk\/biz\/atlas-van-lines-evansville-2?hrid=bDSbnk9dU-dvtTPUKtGOyA&#038;utm_campaign=www_review_share_popup&#038;utm_medium=copy_link&#038;utm_source=(direct)\" target=\"_blank\" rel=\"noopener\">Yelp<\/a><\/li>\n<li> <em>\"Muuttomiehet olivat 21 p\u00e4iv\u00e4\u00e4 my\u00f6h\u00e4ss\u00e4 tavaroideni toimittamisesta.\"<\/em> - James kautta <a href=\"http:\/\/www.mymovingreviews.com\/movingreviews\/another-victim-49405\" target=\"_blank\" rel=\"noopener\">MyMovingReviews<\/a><\/li>\n<li> <em>\"K\u00e4ytimme hiljattain ATLAS van lines -yhti\u00f6t\u00e4 emmek\u00e4 suosittele t\u00e4t\u00e4 yhti\u00f6t\u00e4 kenellek\u00e4\u00e4n. Meille tarjottiin alle $7000 pienest\u00e4 muutosta ja toimituspalvelusta. Lopulta maksoimme yli $12,000 ja saimme sitten DROP-OFF-palvelun.\"\"<\/em> Noreen kautta <a href=\"https:\/\/www.consumeraffairs.com\/movers\/atlas.html\" target=\"_blank\" rel=\"noopener\">Kuluttaja-asiat<\/a><\/li>\n<\/ul>\n<div itemprop=\"review\" itemscope itemtype=\"http:\/\/schema.org\/Review\">\n<span itemprop=\"author\" itemscope=\"\" itemtype=\"http:\/\/schema.org\/Organization\"><span itemprop=\"name\">MoverDB.com<\/span><\/span> Verkkosivuston arvostelu <span itemprop=\"itemreviewed\" itemscope=\"\" itemtype=\"http:\/\/schema.org\/Brand\"><span itemprop=\"name\">Atlas International<\/span><\/span>:<\/p>\n<ol>\n<li> Selke\u00e4t yhteystiedot verkkosivustolla (my\u00f6s puhelinnumero): <strong>Kyll\u00e4<\/strong><\/li>\n<li> Helppo saada <a href=\"https:\/\/moverdb.com\/fi\/lainauksia\/\">kansainv\u00e4liset muutto tarjoukset<\/a>? (Online-arviolomake): <strong>Kyll\u00e4<\/strong><\/li>\n<li> Selke\u00e4t tiedot verkkosivustolla: <strong>Osittain.<\/strong> Vaikka verkkosivusto sis\u00e4lt\u00e4\u00e4 paljon hy\u00f6dyllist\u00e4 tietoa, se ei ole erityisen hyvin j\u00e4rjestetty. Lis\u00e4ksi se ei ole t\u00e4ysin responsiivinen mobiililaitteissa.<\/li>\n<li> J\u00e4senyys kansainv\u00e4lisiss\u00e4 tunnustetuissa liikkuvissa j\u00e4rjest\u00f6iss\u00e4: <strong>Kyll\u00e4<\/strong>, 12 (ks. edell\u00e4)<\/li>\n<li> Luettelo asiakkaista ja\/tai aiempien asiakkaiden suosittelut: <strong>Osittain.<\/strong> Vaikka joitakin suositteluja on ripoteltu eri puolille verkkosivustoa, ei ole yht\u00e4 paikkaa, jossa niit\u00e4 kaikkia voisi tarkastella. Lis\u00e4ksi, vaikka heill\u00e4 on asiakasosio kohdassa yrityssiirrot, mit\u00e4\u00e4n asiakkaita ei mainita nimelt\u00e4.<\/li>\n<\/ol>\n<div itemprop=\"reviewRating\" itemscope itemtype=\"http:\/\/schema.org\/Rating\"><meta itemprop=\"worstRating\" content = \"0\" \/><meta itemprop=\"bestRating\" content=\"5\" \/><meta itemprop=\"ratingValue\" content=\"4\"><\/div>\n<p><strong>Yleisarvosana: 4\/5<\/strong><br \/>\n<strong>Tarkistusp\u00e4iv\u00e4:<\/strong> <span itemprop=\"datePublished\" content=\"2016-04-21\">21\/04\/2016<\/span>\n<\/div>\n<p>Lue lis\u00e4\u00e4 <a href=\"https:\/\/moverdb.com\/fi\/muuttoyritykset\/\">kansainv\u00e4liset muuttofirmat<\/a>, <a href=\"https:\/\/moverdb.com\/fi\/us-canada-movers\/\">Yhdysvaltalaiset muuttoyritykset<\/a> ja meid\u00e4n <a href=\"https:\/\/moverdb.com\/fi\/arvostelut\/\">tarkistusprosessin selitys<\/a>.<\/p>\n<p><strong>Verkkosivusto:<\/strong> <a href=\"https:\/\/www.atlasvanlines.com\/international-movers\" target=\"_blank\" rel=\"noopener\">https:\/\/www.atlasvanlines.com\/international-movers<\/a><\/p>","protected":false},"excerpt":{"rendered":"<p>Atlas Van Lines International offers the following services for people moving abroad. You can also view a company profile and read reviews below: Personal and Corporate moves: Transportation Services Global door-to-door household goods transportation Ocean &#038; air freight Automobiles and boats Project freight (exhibits and displays) Relocation Services Program administration &#038; support Policy development Consulting [&hellip;]<\/p>\n","protected":false},"author":1,"featured_media":0,"parent":0,"menu_order":0,"comment_status":"closed","ping_status":"closed","template":"","meta":{"_genesis_hide_title":false,"_genesis_hide_breadcrumbs":false,"_genesis_hide_singular_image":false,"_genesis_hide_footer_widgets":false,"_genesis_custom_body_class":"","_genesis_custom_post_class":"","_genesis_layout":"","footnotes":""},"class_list":{"0":"post-246","1":"page","2":"type-page","3":"status-publish","5":"entry"},"_links":{"self":[{"href":"https:\/\/moverdb.com\/fi\/wp-json\/wp\/v2\/pages\/246","targetHints":{"allow":["GET"]}}],"collection":[{"href":"https:\/\/moverdb.com\/fi\/wp-json\/wp\/v2\/pages"}],"about":[{"href":"https:\/\/moverdb.com\/fi\/wp-json\/wp\/v2\/types\/page"}],"author":[{"embeddable":true,"href":"https:\/\/moverdb.com\/fi\/wp-json\/wp\/v2\/users\/1"}],"replies":[{"embeddable":true,"href":"https:\/\/moverdb.com\/fi\/wp-json\/wp\/v2\/comments?post=246"}],"version-history":[{"count":29,"href":"https:\/\/moverdb.com\/fi\/wp-json\/wp\/v2\/pages\/246\/revisions"}],"predecessor-version":[{"id":6178,"href":"https:\/\/moverdb.com\/fi\/wp-json\/wp\/v2\/pages\/246\/revisions\/6178"}],"wp:attachment":[{"href":"https:\/\/moverdb.com\/fi\/wp-json\/wp\/v2\/media?parent=246"}],"curies":[{"name":"wp","href":"https:\/\/api.w.org\/{rel}","templated":true}]}}