{"id":225,"date":"2016-03-28T16:58:52","date_gmt":"2016-03-28T16:58:52","guid":{"rendered":"http:\/\/moverdb.com\/?page_id=225"},"modified":"2026-01-08T14:47:25","modified_gmt":"2026-01-08T14:47:25","slug":"about","status":"publish","type":"page","link":"https:\/\/moverdb.com\/fi\/about\/","title":{"rendered":"Tietoja"},"content":{"rendered":"<p>MoverDB.com perustettiin antamaan sinulle puolueetonta tietoa seuraavista asioista <a href=\"https:\/\/moverdb.com\/fi\/moving-companies\/\" data-internallinksmanager029f6b8e52c=\"79\" title=\"Top 25 Kansainv\u00e4list\u00e4 muuttoyrityksi\u00e4 verkossa\">kansainv\u00e4liset muuttofirmat<\/a> ja ulkomaille muuttamiseen liittyv\u00e4t kustannukset. <\/p>\n<p>Olemme luoneet sinulle muutamia k\u00e4tevi\u00e4 oppaita, joiden avulla p\u00e4\u00e4set alkuun. Voit tutustua seuraaviin aiheisiin:<\/p>\n<ul>\n<li> <a href=\"https:\/\/moverdb.com\/fi\/konttikuljetukset\/\">Kansainv\u00e4liset konttikuljetusten hinnat<\/a><\/li>\n<li> <a href=\"https:\/\/moverdb.com\/fi\/muuttoyritykset\/\">Top 25 Kansainv\u00e4list\u00e4 muuttoyrityksi\u00e4 verkossa<\/a><\/li>\n<li> <a href=\"https:\/\/moverdb.com\/fi\/laivayhtiot\/\">Top 20 kansainv\u00e4list\u00e4 laivayhti\u00f6t\u00e4<\/a><\/li>\n<li> <a href=\"https:\/\/moverdb.com\/fi\/international-removals\/\">Kansainv\u00e4liset muutot: Britannian 12 parasta yrityst\u00e4: Top 12 yrityst\u00e4 Yhdistyneess\u00e4 kuningaskunnassa<\/a><\/li>\n<li> <a href=\"https:\/\/moverdb.com\/fi\/muuttokustannukset\/\">Kansainv\u00e4liset muuttokustannukset: 9 asiaa, joita et voi j\u00e4tt\u00e4\u00e4 huomiotta<\/a><\/li>\n<li> <a href=\"https:\/\/moverdb.com\/fi\/huolitsija\/\">Huolitsijan &amp; NVOCC:n kansainv\u00e4liset kustannukset ja yritykset -opas<\/a><\/li>\n<li> <a href=\"https:\/\/moverdb.com\/fi\/lainauksia\/\">Kansainv\u00e4liset muuttolainat: 12 tapaa vertailla Mover<\/a><\/li>\n<\/ul>\n<p>On my\u00f6s syyt\u00e4 huomata, ett\u00e4 voit k\u00e4ytt\u00e4\u00e4 sivun yl\u00e4reunassa olevaa lomaketta ja pyyt\u00e4\u00e4 tarjouksen jopa 6 kansainv\u00e4liselt\u00e4 muuttofirmalta. Olemme tehneet yhteisty\u00f6t\u00e4 seuraavien yritysten kanssa <a href=\"https:\/\/moverdb.com\/fi\/international-removals\/\" data-internallinksmanager029f6b8e52c=\"27\" title=\"36 Parhaat kansainv\u00e4liset muuttoyritykset Yhdistyneess\u00e4 kuningaskunnassa\">Kansainv\u00e4liset muutot<\/a> Directin avulla varmistamme, ett\u00e4 p\u00e4\u00e4set yhteen maailman parhaiden yritysten kanssa. <\/p>\n<p>Jos haluat n\u00e4hd\u00e4 sivustollamme jotakin, voitte vapaasti l\u00e4hett\u00e4\u00e4 meille <a href=\"https:\/\/moverdb.com\/fi\/contact-us\/\">Ota yhteytt\u00e4<\/a>.<\/p>","protected":false},"excerpt":{"rendered":"<p>MoverDB.com was set-up to give you unbiased information about international moving companies and the costs associated with moving overseas. To help you we&#8217;ve created some handy guides to get you started. You can find out about: International Container Shipping Rates Top 25 International Moving Companies Online Top 20 International Shipping Companies International Removals: Top 12 [&hellip;]<\/p>\n","protected":false},"author":1,"featured_media":0,"parent":0,"menu_order":0,"comment_status":"closed","ping_status":"closed","template":"","meta":{"_genesis_hide_title":false,"_genesis_hide_breadcrumbs":false,"_genesis_hide_singular_image":false,"_genesis_hide_footer_widgets":false,"_genesis_custom_body_class":"","_genesis_custom_post_class":"","_genesis_layout":"","footnotes":""},"class_list":{"0":"post-225","1":"page","2":"type-page","3":"status-publish","5":"entry"},"_links":{"self":[{"href":"https:\/\/moverdb.com\/fi\/wp-json\/wp\/v2\/pages\/225","targetHints":{"allow":["GET"]}}],"collection":[{"href":"https:\/\/moverdb.com\/fi\/wp-json\/wp\/v2\/pages"}],"about":[{"href":"https:\/\/moverdb.com\/fi\/wp-json\/wp\/v2\/types\/page"}],"author":[{"embeddable":true,"href":"https:\/\/moverdb.com\/fi\/wp-json\/wp\/v2\/users\/1"}],"replies":[{"embeddable":true,"href":"https:\/\/moverdb.com\/fi\/wp-json\/wp\/v2\/comments?post=225"}],"version-history":[{"count":4,"href":"https:\/\/moverdb.com\/fi\/wp-json\/wp\/v2\/pages\/225\/revisions"}],"predecessor-version":[{"id":5337,"href":"https:\/\/moverdb.com\/fi\/wp-json\/wp\/v2\/pages\/225\/revisions\/5337"}],"wp:attachment":[{"href":"https:\/\/moverdb.com\/fi\/wp-json\/wp\/v2\/media?parent=225"}],"curies":[{"name":"wp","href":"https:\/\/api.w.org\/{rel}","templated":true}]}}