{"id":17400,"date":"2024-07-03T09:12:02","date_gmt":"2024-07-03T09:12:02","guid":{"rendered":"https:\/\/moverdb.com\/?page_id=17400"},"modified":"2026-05-15T14:59:06","modified_gmt":"2026-05-15T14:59:06","slug":"ubox-cost","status":"publish","type":"page","link":"https:\/\/moverdb.com\/fi\/ubox-cost\/","title":{"rendered":"Kuinka paljon Ubox maksaa? 2024 S\u00e4\u00e4st\u00f6opas"},"content":{"rendered":"<figure class=\"wp-block-image size-full\"><img loading=\"lazy\" decoding=\"async\" width=\"1000\" height=\"667\" class=\"wp-image-11037\" src=\"https:\/\/moverdb.com\/wp-content\/uploads\/u-box-moving-1.jpg\" alt=\"\" srcset=\"https:\/\/moverdb.com\/wp-content\/uploads\/u-box-moving-1.jpg 1000w, https:\/\/moverdb.com\/wp-content\/uploads\/u-box-moving-1-300x200.jpg 300w, https:\/\/moverdb.com\/wp-content\/uploads\/u-box-moving-1-18x12.jpg 18w, https:\/\/moverdb.com\/wp-content\/uploads\/u-box-moving-1-600x400.jpg 600w\" sizes=\"auto, (max-width: 1000px) 100vw, 1000px\" \/><\/figure>\r\n\r\n\r\n\r\n<p>U-Box on U-Haulin monipuolinen ja k\u00e4tev\u00e4 varastointiratkaisu, joka on suunniteltu helpottamaan muutto- ja varastointitarpeitasi. U-Boxin avulla voit s\u00e4ilytt\u00e4\u00e4 tavaroitasi joustavasti seuraavissa paikoissa <em>sinun<\/em> ehdoilla, olitpa sitten muuttamassa, purkamassa tai yksinkertaisesti tarvitsemassa v\u00e4liaikaista varastointia.\u00a0<\/p>\r\n\r\n\r\n\r\n\r\n\r\n<p>Oppaamme kattaa seuraavat asiat:<\/p>\r\n\r\n\r\n\r\n<ul class=\"wp-block-list\">\r\n<li>Kuinka paljon U-Box maksaa<\/li>\r\n\r\n\r\n\r\n<li>Mik\u00e4 vaikuttaa U-Boxin hintaan<\/li>\r\n\r\n\r\n\r\n<li>Kuinka s\u00e4\u00e4st\u00e4\u00e4 rahaa U-Boxissa<\/li>\r\n\r\n\r\n\r\n<li>Mit\u00e4 U-Boxin k\u00e4ytt\u00f6\u00f6n liittyy<\/li>\r\n\r\n\r\n\r\n<li>Mist\u00e4 tied\u00e4t, onko U-Box paras valinta sinulle?<\/li>\r\n\r\n\r\n\r\n<li>Miten l\u00f6yt\u00e4\u00e4 ja palkata U-Box<\/li>\r\n<\/ul>\r\n\r\n\r\n\r\n<p>U-Box-kontit ovat siirrett\u00e4vi\u00e4, turvallisia ja ne toimitetaan suoraan kotiovellesi, mik\u00e4 tekee muutosta ja tavaroiden varastoinnista vaivatonta. Jos luulet, ett\u00e4 U-Box voisi tarjota tarvitsemasi ratkaisut, jatka lukemista ja tutustu huippuvinkkeihimme, joilla s\u00e4\u00e4st\u00e4t rahaa muuton aikana.<\/p>\r\n\r\n\r\n\r\n<div id=\"ez-toc-container\" class=\"ez-toc-v2_0_83 ez-toc-wrap-left counter-hierarchy ez-toc-counter ez-toc-transparent ez-toc-container-direction\">\n<div class=\"ez-toc-title-container\">\n<p class=\"ez-toc-title\" style=\"cursor:inherit\">Jaksot<\/p>\n<span class=\"ez-toc-title-toggle\"><a href=\"#\" class=\"ez-toc-pull-right ez-toc-btn ez-toc-btn-xs ez-toc-btn-default ez-toc-toggle\" aria-label=\"Sis\u00e4llysluettelon vaihtaminen\"><span class=\"ez-toc-js-icon-con\"><span class=\"\"><span class=\"eztoc-hide\" style=\"display:none;\">Toggle<\/span><span class=\"ez-toc-icon-toggle-span\"><svg style=\"fill: #999;color:#999\" xmlns=\"http:\/\/www.w3.org\/2000\/svg\" class=\"list-377408\" width=\"20px\" height=\"20px\" viewbox=\"0 0 24 24\" fill=\"none\"><path d=\"M6 6H4v2h2V6zm14 0H8v2h12V6zM4 11h2v2H4v-2zm16 0H8v2h12v-2zM4 16h2v2H4v-2zm16 0H8v2h12v-2z\" fill=\"currentColor\"><\/path><\/svg><svg style=\"fill: #999;color:#999\" class=\"arrow-unsorted-368013\" xmlns=\"http:\/\/www.w3.org\/2000\/svg\" width=\"10px\" height=\"10px\" viewbox=\"0 0 24 24\" version=\"1.2\" baseprofile=\"tiny\"><path d=\"M18.2 9.3l-6.2-6.3-6.2 6.3c-.2.2-.3.4-.3.7s.1.5.3.7c.2.2.4.3.7.3h11c.3 0 .5-.1.7-.3.2-.2.3-.5.3-.7s-.1-.5-.3-.7zM5.8 14.7l6.2 6.3 6.2-6.3c.2-.2.3-.5.3-.7s-.1-.5-.3-.7c-.2-.2-.4-.3-.7-.3h-11c-.3 0-.5.1-.7.3-.2.2-.3.5-.3.7s.1.5.3.7z\"\/><\/svg><\/span><\/span><\/span><\/a><\/span><\/div>\n<nav><ul class='ez-toc-list ez-toc-list-level-1 eztoc-toggle-hide-by-default' ><li class='ez-toc-page-1 ez-toc-heading-level-2'><a class=\"ez-toc-link ez-toc-heading-1\" href=\"https:\/\/moverdb.com\/fi\/ubox-cost\/#How_Much_Does_U-Box_Cost\" >Kuinka paljon U-Box maksaa?<\/a><\/li><li class='ez-toc-page-1 ez-toc-heading-level-2'><a class=\"ez-toc-link ez-toc-heading-2\" href=\"https:\/\/moverdb.com\/fi\/ubox-cost\/#What_Affects_the_Cost_of_U-Box\" >Mik\u00e4 vaikuttaa U-Boxin hintaan?<\/a><\/li><li class='ez-toc-page-1 ez-toc-heading-level-2'><a class=\"ez-toc-link ez-toc-heading-3\" href=\"https:\/\/moverdb.com\/fi\/ubox-cost\/#How_Can_I_Save_Money_on_U-Box\" >Miten voin s\u00e4\u00e4st\u00e4\u00e4 rahaa U-Boxissa?<\/a><\/li><li class='ez-toc-page-1 ez-toc-heading-level-2'><a class=\"ez-toc-link ez-toc-heading-4\" href=\"https:\/\/moverdb.com\/fi\/ubox-cost\/#Whats_Involved_in_Hiring_U-Box\" >Mit\u00e4 U-Boxin palkkaamiseen liittyy?<\/a><\/li><li class='ez-toc-page-1 ez-toc-heading-level-2'><a class=\"ez-toc-link ez-toc-heading-5\" href=\"https:\/\/moverdb.com\/fi\/ubox-cost\/#Is_U-Box_the_Best_Choice_for_Me\" >Onko U-Box paras valinta minulle?<\/a><\/li><li class='ez-toc-page-1 ez-toc-heading-level-2'><a class=\"ez-toc-link ez-toc-heading-6\" href=\"https:\/\/moverdb.com\/fi\/ubox-cost\/#How_Do_I_Find_and_Hire_a_U-Box\" >Miten l\u00f6yd\u00e4n ja palkkaan U-Boxin?<\/a><\/li><li class='ez-toc-page-1 ez-toc-heading-level-2'><a class=\"ez-toc-link ez-toc-heading-7\" href=\"https:\/\/moverdb.com\/fi\/ubox-cost\/#Final_Checklist\" >Lopullinen tarkistuslista<\/a><\/li><li class='ez-toc-page-1 ez-toc-heading-level-2'><a class=\"ez-toc-link ez-toc-heading-8\" href=\"https:\/\/moverdb.com\/fi\/ubox-cost\/#Frequently_Asked_Questions\" >Usein kysytyt kysymykset<\/a><ul class='ez-toc-list-level-3' ><li class='ez-toc-heading-level-3'><a class=\"ez-toc-link ez-toc-heading-9\" href=\"https:\/\/moverdb.com\/fi\/ubox-cost\/#What_is_U-Box_and_How_Does_It_Work\" >Mik\u00e4 on U-Box ja miten se toimii?<\/a><\/li><li class='ez-toc-page-1 ez-toc-heading-level-3'><a class=\"ez-toc-link ez-toc-heading-10\" href=\"https:\/\/moverdb.com\/fi\/ubox-cost\/#How_Do_I_Reserve_a_U-Box_Container\" >Miten varaan U-Box-kontin?<\/a><\/li><li class='ez-toc-page-1 ez-toc-heading-level-3'><a class=\"ez-toc-link ez-toc-heading-11\" href=\"https:\/\/moverdb.com\/fi\/ubox-cost\/#Can_U-Box_Containers_Be_Used_for_Long-Distance_Moves\" >Voidaanko U-Box-kontteja k\u00e4ytt\u00e4\u00e4 pitk\u00e4n matkan siirtoihin?<\/a><\/li><li class='ez-toc-page-1 ez-toc-heading-level-3'><a class=\"ez-toc-link ez-toc-heading-12\" href=\"https:\/\/moverdb.com\/fi\/ubox-cost\/#Can_I_Access_My_U-Box_While_Its_in_Storage\" >P\u00e4\u00e4senk\u00f6 k\u00e4siksi U-Boxiini, kun se on varastossa?<\/a><\/li><li class='ez-toc-page-1 ez-toc-heading-level-3'><a class=\"ez-toc-link ez-toc-heading-13\" href=\"https:\/\/moverdb.com\/fi\/ubox-cost\/#Can_U-Haul_Help_with_Loading_and_Unloading_My_U-Box\" >Voiko U-Haul auttaa U-Boxini lastaamisessa ja purkamisessa?<\/a><\/li><\/ul><\/li><\/ul><\/nav><\/div>\n<h2 class=\"wp-block-heading\"><span class=\"ez-toc-section\" id=\"How_Much_Does_U-Box_Cost\"><\/span><b>Kuinka paljon U-Box maksaa?<\/b><span class=\"ez-toc-section-end\"><\/span><\/h2>\r\n\r\n\r\n\r\n<p>U-Box vetoaa asiakkaisiin, jotka arvostavat kokonaisratkaisua ja ovat valmiita investoimaan mukavuuteen.<\/p>\r\n\r\n\r\n\r\n<p>U-Box tarjoaa kattavan paketin, jonka keskim\u00e4\u00e4r\u00e4inen konttihinta on yli $3 700, sis\u00e4lt\u00e4en kontin lis\u00e4ksi my\u00f6s ajoneuvon ja itse laatikon. N\u00e4iden tekij\u00f6iden sis\u00e4llytt\u00e4minen hintaan vaikuttaa osaltaan korkeampaan hintaan.<\/p>\r\n\r\n\r\n\n<table id=\"tablepress-361\" class=\"tablepress tablepress-id-361\">\n<thead>\n<tr class=\"row-1\">\n\t<th class=\"column-1\">Palvelu<\/th><th class=\"column-2\">Arvioidut kustannukset<\/th>\n<\/tr>\n<\/thead>\n<tbody class=\"row-striping row-hover\">\n<tr class=\"row-2\">\n\t<td class=\"column-1\">Hinta per laatikko\/kontti<\/td><td class=\"column-2\">$100<\/td>\n<\/tr>\n<tr class=\"row-3\">\n\t<td class=\"column-1\">Toimitusmaksu per laatikko\/kontti<\/td><td class=\"column-2\">$99<\/td>\n<\/tr>\n<tr class=\"row-4\">\n\t<td class=\"column-1\">Muuttoapu<\/td><td class=\"column-2\">$40<\/td>\n<\/tr>\n<tr class=\"row-5\">\n\t<td class=\"column-1\">Vakuutusturva<\/td><td class=\"column-2\">$20<\/td>\n<\/tr>\n<\/tbody>\n<\/table>\n<!-- #tablepress-361 from cache -->\n\r\n\r\n\r\n<p>Peruskustannus per laatikko on $100, ja toimitusmaksu per laatikko\/kontti on $99. Jos haluat muuttoapua - pakkaamista ja lastaamista - t\u00e4m\u00e4 voi maksaa $40, ja vakuutus tavaroillesi niiden ollessa varastossa maksaa $20.<\/p>\r\n\r\n\r\n\r\n<p>Kustannusvertailua varten tarkastelemme eri DIY-ajoneuvojen vuokraus- ja varastointiyksik\u00f6iden toimittajia ja vertailemme niiden hintoja, jotta saat kattavan k\u00e4sityksen siit\u00e4, millaisiin kustannuksiin joudut t\u00f6rm\u00e4\u00e4m\u00e4\u00e4n, kun etsit muuttopalveluiden vuokrausta.<\/p>\r\n\r\n\r\n\r\n\n<table id=\"tablepress-359\" class=\"tablepress tablepress-id-359\">\n<thead>\n<tr class=\"row-1\">\n\t<th class=\"column-1\">Palveluntarjoaja<\/th><th class=\"column-2\">Keskim\u00e4\u00e4r\u00e4inen kontin\/ajoneuvon vuokrauksen hinta<\/th>\n<\/tr>\n<\/thead>\n<tbody class=\"row-striping row-hover\">\n<tr class=\"row-2\">\n\t<td class=\"column-1\">PODS<\/td><td class=\"column-2\">$6,100+<\/td>\n<\/tr>\n<tr class=\"row-3\">\n\t<td class=\"column-1\">U-Pack<\/td><td class=\"column-2\">$3,000+<\/td>\n<\/tr>\n<tr class=\"row-4\">\n\t<td class=\"column-1\">1-800-PACK-RAT<\/td><td class=\"column-2\">$3,000+<\/td>\n<\/tr>\n<tr class=\"row-5\">\n\t<td class=\"column-1\">zippyshell<\/td><td class=\"column-2\">$2,900+<\/td>\n<\/tr>\n<tr class=\"row-6\">\n\t<td class=\"column-1\">U-Haul<\/td><td class=\"column-2\">$3,500+<\/td>\n<\/tr>\n<tr class=\"row-7\">\n\t<td class=\"column-1\">SMARTBOX<\/td><td class=\"column-2\">$3,100+<\/td>\n<\/tr>\n<tr class=\"row-8\">\n\t<td class=\"column-1\">U-Box<\/td><td class=\"column-2\">$3,700+ (sis\u00e4lt\u00e4en ajoneuvon ja laatikon vuokrauksen).<\/td>\n<\/tr>\n<\/tbody>\n<\/table>\n<!-- #tablepress-359 from cache -->\r\n\r\n\r\n\r\n<p>Muiden toimittajien hinnat vaihtelevat halvimmillaan $2,900:sta yli $6,100:aan ylimmill\u00e4\u00e4n.<\/p>\r\n\r\n\r\n\r\n<h2 class=\"wp-block-heading\"><span class=\"ez-toc-section\" id=\"What_Affects_the_Cost_of_U-Box\"><\/span><b>Mik\u00e4 vaikuttaa U-Boxin hintaan?<\/b><span class=\"ez-toc-section-end\"><\/span><\/h2>\r\n\r\n\r\n\r\n<p>U-Box-varastoinnin kustannuksiin voi vaikuttaa nelj\u00e4 p\u00e4\u00e4tekij\u00e4\u00e4 - tarkastellaan asiaa tarkemmin:<\/p>\r\n\r\n\r\n\r\n<p><strong><a href=\"https:\/\/moverdb.com\/fi\/shipping-container-sizes-and-dimensions\/\" data-internallinksmanager029f6b8e52c=\"247\" title=\"Perimm\u00e4inen opas laivakonttien kokoja ja mittoja varten\">S\u00e4ili\u00f6n koko<\/a><\/strong><\/p>\r\n\r\n\r\n\r\n<p>Valitsemasi U-Box-kontin koko vaikuttaa suoraan kustannuksiin. Suuremmat kontit tarjoavat enemm\u00e4n tilaa ja varastointikapasiteettia, mutta niiden hinta voi olla korkeampi verrattuna pienempiin vaihtoehtoihin.<\/p>\r\n\r\n\r\n\r\n<p>Jotta saat parhaan vastineen rahalle, varmista, ett\u00e4 valitset kontin koon, joka sopii parhaiten tavaroillesi.<\/p>\r\n\r\n\r\n\r\n<p><strong>Varastoinnin kesto<\/strong><\/p>\r\n\r\n\r\n\r\n<p>U-Box-varaston k\u00e4ytt\u00f6aika voi vaikuttaa kustannuksiin, sill\u00e4 pidemm\u00e4t varastointijaksot aiheuttavat korkeampia maksuja kuin lyhytaikaiset vuokrat. Jos haluat hy\u00f6dynt\u00e4\u00e4 t\u00e4m\u00e4n mahdollisimman hyvin, valitse aikatauluusi sopiva suunnitelma - mutta \u00e4l\u00e4 ole liian optimistinen, sill\u00e4 lis\u00e4aikojen lis\u00e4\u00e4minen voi olla kallista.<\/p>\r\n\r\n\r\n\r\n<p><strong>Toimituspaikka<\/strong><\/p>\r\n\r\n\r\n\r\n<p>U-Box-varaston ja toimituspaikkasi v\u00e4linen et\u00e4isyys voi vaikuttaa kustannuksiin, ja et\u00e4isyydest\u00e4 riippuen toimitusmaksut voivat vaihdella. Kun lasket vuokrauksen kokonaiskustannuksia, ota huomioon U-Box-varaston sijainti verrattuna lopulliseen m\u00e4\u00e4r\u00e4np\u00e4\u00e4h\u00e4si.\u00a0<\/p>\r\n\r\n\r\n\r\n<p><strong>Lis\u00e4palvelut<\/strong><\/p>\r\n\r\n\r\n\r\n<p>U-Box tarjoaa erilaisia lis\u00e4palveluita, kuten ammattimaista kuormaus- ja purkuapua, ilmastoitua varastointia ja vakuutusturvaa. N\u00e4iden palvelujen valitseminen voi vaikuttaa U-Box-kokemuksesi kokonaiskustannuksiin, joten on parasta arvioida, mitk\u00e4 palvelut ovat tarpeidesi kannalta v\u00e4ltt\u00e4m\u00e4tt\u00f6mi\u00e4, ja budjetoida niiden mukaan.<\/p>\r\n\r\n\r\n\r\n\r\n\r\n<h2 class=\"wp-block-heading\"><span class=\"ez-toc-section\" id=\"How_Can_I_Save_Money_on_U-Box\"><\/span><strong>Miten voin s\u00e4\u00e4st\u00e4\u00e4 rahaa U-Boxissa?<\/strong><span class=\"ez-toc-section-end\"><\/span><\/h2>\r\n\r\n\r\n\r\n<figure class=\"wp-block-image size-full\"><img loading=\"lazy\" decoding=\"async\" width=\"1000\" height=\"667\" class=\"wp-image-11038\" src=\"https:\/\/moverdb.com\/wp-content\/uploads\/u-box-moving-2.jpg\" alt=\"\" srcset=\"https:\/\/moverdb.com\/wp-content\/uploads\/u-box-moving-2.jpg 1000w, https:\/\/moverdb.com\/wp-content\/uploads\/u-box-moving-2-300x200.jpg 300w, https:\/\/moverdb.com\/wp-content\/uploads\/u-box-moving-2-18x12.jpg 18w, https:\/\/moverdb.com\/wp-content\/uploads\/u-box-moving-2-600x400.jpg 600w\" sizes=\"auto, (max-width: 1000px) 100vw, 1000px\" \/><\/figure>\r\n\r\n\r\n\r\n<p>Strategiset valinnat ja U-Box-kokemuksen mukauttaminen vastaamaan omia tarpeitasi voivat auttaa sinua s\u00e4\u00e4st\u00e4m\u00e4\u00e4n rahaa. Katsotaanpa tarkemmin.<\/p>\r\n\r\n\r\n\r\n<p>T\u00e4rkein tekij\u00e4, joka auttaa sinua s\u00e4\u00e4st\u00e4m\u00e4\u00e4n rahaa, on yksinkertaisesti valita varastointitarpeitasi vastaava U-Box-kontin koko. T\u00e4m\u00e4 tarkoittaa, ett\u00e4 sinun on v\u00e4ltett\u00e4v\u00e4 vuokraamasta suurempaa konttia kuin on tarpeen, sill\u00e4 se voi johtaa tarpeettomiin kuluihin.\u00a0<\/p>\r\n\r\n\r\n\r\n<p>Jos mahdollista, valitse mahdollisimman lyhyt varastointiaika, sill\u00e4 lyhyemmill\u00e4 varastointiajoilla voit v\u00e4ltt\u00e4\u00e4 pidempiin vuokrasopimuksiin liittyv\u00e4t lis\u00e4maksut. Suunnittele etuk\u00e4teen ja arvioi, kuinka kauan tarvitset varastointia kustannuss\u00e4\u00e4st\u00f6jen optimoimiseksi - mutta \u00e4l\u00e4 kuitenkaan yliarvioi tehokkuutta, sill\u00e4 ylim\u00e4\u00e4r\u00e4iset vuokrap\u00e4iv\u00e4t voivat helposti kasvaa.<\/p>\r\n\r\n\r\n\r\n<p>Valitse mahdollisuuksien mukaan U-Box-varasto, joka sijaitsee k\u00e4tev\u00e4sti, jotta toimituskulut v\u00e4henev\u00e4t. Valitsemalla l\u00e4hell\u00e4 kotiasi tai m\u00e4\u00e4r\u00e4np\u00e4\u00e4t\u00e4si sijaitsevan laitoksen voit minimoida kuljetuskustannukset ja tehd\u00e4 koko varastointikokemuksesta kustannustehokkaamman.<\/p>\r\n\r\n\r\n\r\n<p>Vaikka U-Box tarjoaa erilaisia lis\u00e4palveluita, harkitse tarkkaan, mitk\u00e4 niist\u00e4 ovat tilanteesi kannalta v\u00e4ltt\u00e4m\u00e4tt\u00f6mi\u00e4. Jos valitset vain ne palvelut, joita todella tarvitset, voit v\u00e4ltt\u00e4\u00e4 turhat kulut ja pit\u00e4\u00e4 kokonaiskustannukset kurissa.<\/p>\r\n\r\n\r\n\r\n<h2 class=\"wp-block-heading\"><span class=\"ez-toc-section\" id=\"Whats_Involved_in_Hiring_U-Box\"><\/span><strong>Mit\u00e4 U-Boxin palkkaamiseen liittyy?<\/strong><span class=\"ez-toc-section-end\"><\/span><\/h2>\r\n\r\n\r\n\r\n<p>Aluksi valitset varastointitarpeisiisi sopivan U-Box-kontin koon ja varaat sen joko verkossa tai puhelimitse. Kun varauksesi on vahvistettu, U-Haul toimittaa U-Box-kontin suoraan paikallesi.\u00a0<\/p>\r\n\r\n\r\n\r\n<p>Kun se on saapunut kotiisi, voit lastata tavarasi konttiin haluamallasi tavalla. Kun olet lastannut U-Boxin, U-Haul noutaa sen ja kuljettaa sen valitsemaasi varastoon tai haluamaasi m\u00e4\u00e4r\u00e4np\u00e4\u00e4h\u00e4n.\u00a0<\/p>\r\n\r\n\r\n\r\n<p>Jos tarvitset apua lastauksessa ja purkamisessa, U-Haul tarjoaa ammattitaitoisia ty\u00f6voimapalveluja sujuvan prosessin varmistamiseksi. Tavarasi pysyv\u00e4t turvassa U-Box-kontissa koko matkan ajan.\u00a0<\/p>\r\n\r\n\r\n\r\n<h2 class=\"wp-block-heading\"><span class=\"ez-toc-section\" id=\"Is_U-Box_the_Best_Choice_for_Me\"><\/span><strong>Onko U-Box paras valinta minulle?<\/strong><span class=\"ez-toc-section-end\"><\/span><\/h2>\r\n\r\n\r\n\r\n<p>Muutto- ja varastointiratkaisujen markkinoilla on niin paljon vaihtoehtoja, ett\u00e4 voi olla vaikea tiet\u00e4\u00e4, mik\u00e4 on sinulle sopiva. Tarkastellaan t\u00e4rkeimpi\u00e4 etuja ja haittoja, kun harkitset U-Boxin vuokrausta.<\/p>\r\n\r\n\r\n\n<table id=\"tablepress-345\" class=\"tablepress tablepress-id-345\">\n<thead>\n<tr class=\"row-1\">\n\t<th class=\"column-1\">U-Boxin edut<\/th><th class=\"column-2\">U-Boxin haitat<\/th>\n<\/tr>\n<\/thead>\n<tbody class=\"row-striping row-hover\">\n<tr class=\"row-2\">\n\t<td class=\"column-1\">Joustavuus muuttoaikojen ja aikataulun suhteen<\/td><td class=\"column-2\">Ty\u00f6voimavaltainen - sinun on lastattava ja purettava itse, ellet lis\u00e4\u00e4 ty\u00f6voiman lis\u00e4osaa.<\/td>\n<\/tr>\n<tr class=\"row-3\">\n\t<td class=\"column-1\">Halvempi kuin perinteiset t\u00e4yden palvelun muuttovaihtoehdot.<\/td><td class=\"column-2\">Saatavuus - kiireiset kaudet voivat heikent\u00e4\u00e4 saatavuutta <\/td>\n<\/tr>\n<tr class=\"row-4\">\n\t<td class=\"column-1\">Voit pit\u00e4\u00e4 tavaroitasi silm\u00e4ll\u00e4 muuton aikana.<\/td><td class=\"column-2\">Pidemm\u00e4t vuokraajat voivat tulla kalliiksi<\/td>\n<\/tr>\n<\/tbody>\n<\/table>\n<!-- #tablepress-345 from cache -->\n\r\n\r\n\r\n<p>T\u00e4rkein etu on sen tarjoama mukavuus - perinteisten muuttofirmojen kanssa sinun on lastattava ja purettava tavarat samana p\u00e4iv\u00e4n\u00e4, kun taas U-Boxin avulla voit pakata ja purkaa tavarat joustavasti omaan tahtiisi.<\/p>\r\n\r\n\r\n\r\n<p>Lis\u00e4maksuja voi kuitenkin tulla riippuen siit\u00e4, kuinka kaukana sijaintisi ovat toisistaan, ja pidemm\u00e4t varastointijaksot voivat tulla nopeasti paljon kalliimmiksi kuin ehk\u00e4 aluksi ajateltiin.<\/p>\r\n\r\n\r\n\r\n<h2 class=\"wp-block-heading\"><span class=\"ez-toc-section\" id=\"How_Do_I_Find_and_Hire_a_U-Box\"><\/span><strong>Miten l\u00f6yd\u00e4n ja palkkaan U-Boxin?<\/strong><span class=\"ez-toc-section-end\"><\/span><\/h2>\r\n\r\n\r\n\r\n<figure class=\"wp-block-image size-full\"><img loading=\"lazy\" decoding=\"async\" width=\"1000\" height=\"562\" class=\"wp-image-11039\" src=\"https:\/\/moverdb.com\/wp-content\/uploads\/u-box-moving-3.jpg\" alt=\"\" srcset=\"https:\/\/moverdb.com\/wp-content\/uploads\/u-box-moving-3.jpg 1000w, https:\/\/moverdb.com\/wp-content\/uploads\/u-box-moving-3-300x169.jpg 300w, https:\/\/moverdb.com\/wp-content\/uploads\/u-box-moving-3-18x10.jpg 18w, https:\/\/moverdb.com\/wp-content\/uploads\/u-box-moving-3-600x337.jpg 600w\" sizes=\"auto, (max-width: 1000px) 100vw, 1000px\" \/><\/figure>\r\n\r\n\r\n\r\n<p>Voit aloittaa etsim\u00e4ll\u00e4 U-Haulin verkkosivuilta l\u00e4hell\u00e4si olevia U-Box-toimipisteit\u00e4, sy\u00f6tt\u00e4m\u00e4ll\u00e4 sijaintisi ja haluamasi varastointip\u00e4iv\u00e4m\u00e4\u00e4r\u00e4t ja tarkastelemalla k\u00e4ytett\u00e4viss\u00e4 olevia vaihtoehtoja. Vaihtoehtoisesti voit soittaa U-Haulin asiakaspalveluun ja tiedustella U-Boxin saatavuutta ja tehd\u00e4 varauksen puhelimitse.<\/p>\r\n\r\n\r\n\r\n<p>Kun olet valinnut U-Boxin sijainnin ja vahvistanut sen saatavuuden, sinun on valittava varastointitarpeisiisi sopiva kontin koko. Viimeistele varausprosessi antamalla yhteystietosi, maksutiedot ja kaikki tarvitsemasi lis\u00e4palvelut.<\/p>\r\n\r\n\r\n\r\n<p>Kun t\u00e4m\u00e4 on tehty, U-Haul l\u00e4hett\u00e4\u00e4 sinulle vahvistuksen U-Box-varauksesi yksityiskohdista, ja sitten U-Haul toimittaa U-Box-kontin sovittuna toimitusp\u00e4iv\u00e4n\u00e4 U-Box-kontin haluamaasi paikkaan. Voit sitten lastata tavarasi haluamallasi tavalla.\u00a0<\/p>\r\n\r\n\r\n\r\n<p>Kun olet saanut lastin valmiiksi, U-Haul noutaa U-Boxin ja kuljettaa sen m\u00e4\u00e4r\u00e4ttyyn varastoon tai uuteen m\u00e4\u00e4r\u00e4np\u00e4\u00e4h\u00e4si.<\/p>\r\n\r\n\r\n\r\n<h2 class=\"wp-block-heading\"><span class=\"ez-toc-section\" id=\"Final_Checklist\"><\/span><strong>Lopullinen tarkistuslista<\/strong><span class=\"ez-toc-section-end\"><\/span><\/h2>\r\n\r\n\r\n\r\n<p>Jos olet sit\u00e4 mielt\u00e4, ett\u00e4 U-Boxin palkkaaminen on oikea tapa toimia, varmista, ett\u00e4 k\u00e4yt\u00e4t viimeist\u00e4 tarkistuslistaa, jotta varmistat, ettet j\u00e4t\u00e4 mit\u00e4\u00e4n tekem\u00e4tt\u00e4, kun suuri p\u00e4iv\u00e4 koittaa.<\/p>\r\n\r\n\r\n\r\n<ul class=\"wp-block-list\">\r\n<li>Harkitse U-Boxin hyvi\u00e4 ja huonoja puolia - onko mukavuus sen arvoista, ett\u00e4 k\u00e4ytett\u00e4viss\u00e4 olevat p\u00e4iv\u00e4m\u00e4\u00e4r\u00e4t ovat mahdollisesti joustamattomia?<\/li>\r\n\r\n\r\n\r\n<li>Tutustu niiden lis\u00e4osiin ja p\u00e4\u00e4t\u00e4, sopiiko jokin niist\u00e4 sinulle. Haluatko apua k\u00e4sity\u00f6ss\u00e4 ja lastaamisessa\/purkamisessa?<\/li>\r\n\r\n\r\n\r\n<li>Tarkista, aiheutuuko kahdesta sijainnista lis\u00e4kustannuksia.<\/li>\r\n\r\n\r\n\r\n<li>Valitse tavaroillesi sopivan kokoinen s\u00e4ili\u00f6.<\/li>\r\n\r\n\r\n\r\n<li>Varaa aika ja laita kaikki valmiiksi suurta p\u00e4iv\u00e4\u00e4 varten!<\/li>\r\n<\/ul>\r\n\r\n\r\n\r\n<h2 class=\"wp-block-heading\"><span class=\"ez-toc-section\" id=\"Frequently_Asked_Questions\"><\/span><strong>Usein kysytyt kysymykset<\/strong><span class=\"ez-toc-section-end\"><\/span><\/h2>\r\n\r\n\r\n<div id=\"rank-math-faq\" class=\"rank-math-block\">\n<div class=\"rank-math-list\">\n<div id=\"faq-question-1692269790738\" class=\"rank-math-list-item\">\n<h3 class=\"rank-math-question\"><span class=\"ez-toc-section\" id=\"What_is_U-Box_and_How_Does_It_Work\"><\/span><strong>Mik\u00e4 on U-Box ja miten se toimii?<\/strong><span class=\"ez-toc-section-end\"><\/span><\/h3>\n<div class=\"rank-math-answer\">\n\n<p>U-Box on siirrett\u00e4v\u00e4 varastointiratkaisu, joka tarjoaa toimitettujen varastokonttien mukavuuden. Sin\u00e4 valitset kontin koon, U-Haul toimittaa sen paikallesi ja sin\u00e4 lastaat tavarasi. <\/p>\n<p>U-Haul noutaa kontin varastointia tai kuljetusta varten.<\/p>\n\n<\/div>\n<\/div>\n<div id=\"faq-question-1692269827309\" class=\"rank-math-list-item\">\n<h3 class=\"rank-math-question\"><span class=\"ez-toc-section\" id=\"How_Do_I_Reserve_a_U-Box_Container\"><\/span><strong>Miten varaan U-Box-kontin?<\/strong><span class=\"ez-toc-section-end\"><\/span><\/h3>\n<div class=\"rank-math-answer\">\n\n<p>Voit tehd\u00e4 sen verkossa U-Haulin verkkosivuston tai sovelluksen kautta sy\u00f6tt\u00e4m\u00e4ll\u00e4 sijaintisi ja haluamasi p\u00e4iv\u00e4m\u00e4\u00e4r\u00e4t. Vaihtoehtoisesti voit soittaa U-Haulin asiakaspalveluun ja tehd\u00e4 varauksen puhelimitse.<\/p>\n\n<\/div>\n<\/div>\n<div id=\"faq-question-1692269843670\" class=\"rank-math-list-item\">\n<h3 class=\"rank-math-question\"><span class=\"ez-toc-section\" id=\"Can_U-Box_Containers_Be_Used_for_Long-Distance_Moves\"><\/span><strong>Voidaanko U-Box-kontteja k\u00e4ytt\u00e4\u00e4 pitk\u00e4n matkan siirtoihin?<\/strong><span class=\"ez-toc-section-end\"><\/span><\/h3>\n<div class=\"rank-math-answer\">\n\n<p>Kyll\u00e4, U-Box-kontit on suunniteltu sek\u00e4 paikallisiin ett\u00e4 kaukoliikenteen siirtoihin. Voit lastata tavarasi U-Boxiin nykyisess\u00e4 paikassasi, ja U-Haul kuljettaa ne m\u00e4\u00e4r\u00e4np\u00e4\u00e4h\u00e4si, olipa se sitten kaupungin tai maan toisella puolella.<\/p>\n\n<\/div>\n<\/div>\n<div id=\"faq-question-1692269860435\" class=\"rank-math-list-item\">\n<h3 class=\"rank-math-question\"><span class=\"ez-toc-section\" id=\"Can_I_Access_My_U-Box_While_Its_in_Storage\"><\/span><strong>P\u00e4\u00e4senk\u00f6 k\u00e4siksi U-Boxiini, kun se on varastossa?<\/strong><span class=\"ez-toc-section-end\"><\/span><\/h3>\n<div class=\"rank-math-answer\">\n\n<p>Kyll\u00e4, voit k\u00e4ytt\u00e4\u00e4 U-Boxia, kun se on varastossa. Ota vain yhteytt\u00e4 U-Box-laitokseen sopiaksesi p\u00e4\u00e4syst\u00e4. <\/p>\n<p>Muista, ett\u00e4 kontin k\u00e4ytt\u00f6\u00f6n varastointiaikana voi liitty\u00e4 tiettyj\u00e4 menettelyj\u00e4 ja maksuja.<\/p>\n\n<\/div>\n<\/div>\n<div id=\"faq-question-1692269875232\" class=\"rank-math-list-item\">\n<h3 class=\"rank-math-question\"><span class=\"ez-toc-section\" id=\"Can_U-Haul_Help_with_Loading_and_Unloading_My_U-Box\"><\/span><strong>Voiko U-Haul auttaa U-Boxini lastaamisessa ja purkamisessa?<\/strong><span class=\"ez-toc-section-end\"><\/span><\/h3>\n<div class=\"rank-math-answer\">\n\n<p>Kyll\u00e4, U-Haul tarjoaa U-Box-konttien lastaus- ja purkupalveluja. Jos tarvitset apua raskaiden tavaroiden nostamisessa tai pakkaamisessa, voit palkata U-Haulin kautta ammattitaitoista ty\u00f6voimaa, joka tekee prosessista sujuvamman.<\/p>\n\n<\/div>\n<\/div>\n<\/div>\n<\/div>","protected":false},"excerpt":{"rendered":"<p>U-Box is U-Haul&#8217;s versatile and convenient storage solution designed to simplify your moving and storage needs. With U-Box, you get the flexibility to store your belongings on your terms, whether you&#8217;re relocating, decluttering, or simply in need of temporary storage.\u00a0 Our guide will cover the following: U-Box containers are portable, secure, and delivered right to [&hellip;]<\/p>\n","protected":false},"author":1,"featured_media":0,"parent":0,"menu_order":0,"comment_status":"closed","ping_status":"closed","template":"","meta":{"_genesis_hide_title":false,"_genesis_hide_breadcrumbs":false,"_genesis_hide_singular_image":false,"_genesis_hide_footer_widgets":false,"_genesis_custom_body_class":"","_genesis_custom_post_class":"","_genesis_layout":"","footnotes":""},"class_list":{"0":"post-17400","1":"page","2":"type-page","3":"status-publish","5":"entry"},"_links":{"self":[{"href":"https:\/\/moverdb.com\/fi\/wp-json\/wp\/v2\/pages\/17400","targetHints":{"allow":["GET"]}}],"collection":[{"href":"https:\/\/moverdb.com\/fi\/wp-json\/wp\/v2\/pages"}],"about":[{"href":"https:\/\/moverdb.com\/fi\/wp-json\/wp\/v2\/types\/page"}],"author":[{"embeddable":true,"href":"https:\/\/moverdb.com\/fi\/wp-json\/wp\/v2\/users\/1"}],"replies":[{"embeddable":true,"href":"https:\/\/moverdb.com\/fi\/wp-json\/wp\/v2\/comments?post=17400"}],"version-history":[{"count":1,"href":"https:\/\/moverdb.com\/fi\/wp-json\/wp\/v2\/pages\/17400\/revisions"}],"predecessor-version":[{"id":17401,"href":"https:\/\/moverdb.com\/fi\/wp-json\/wp\/v2\/pages\/17400\/revisions\/17401"}],"wp:attachment":[{"href":"https:\/\/moverdb.com\/fi\/wp-json\/wp\/v2\/media?parent=17400"}],"curies":[{"name":"wp","href":"https:\/\/api.w.org\/{rel}","templated":true}]}}