{"id":17398,"date":"2024-07-03T09:10:49","date_gmt":"2024-07-03T09:10:49","guid":{"rendered":"https:\/\/moverdb.com\/?page_id=17398"},"modified":"2026-01-08T13:18:45","modified_gmt":"2026-01-08T13:18:45","slug":"u-haul-cost","status":"publish","type":"page","link":"https:\/\/moverdb.com\/fi\/u-haul-cost\/","title":{"rendered":"Kuinka paljon U-Haul maksaa? 2024 S\u00e4\u00e4st\u00f6opas"},"content":{"rendered":"<figure class=\"wp-block-image size-full\"><img loading=\"lazy\" decoding=\"async\" width=\"1000\" height=\"667\" src=\"https:\/\/moverdb.com\/wp-content\/uploads\/u-haul-moving-1.jpg\" alt=\"\" class=\"wp-image-11040\" srcset=\"https:\/\/moverdb.com\/wp-content\/uploads\/u-haul-moving-1.jpg 1000w, https:\/\/moverdb.com\/wp-content\/uploads\/u-haul-moving-1-300x200.jpg 300w, https:\/\/moverdb.com\/wp-content\/uploads\/u-haul-moving-1-18x12.jpg 18w, https:\/\/moverdb.com\/wp-content\/uploads\/u-haul-moving-1-600x400.jpg 600w\" sizes=\"auto, (max-width: 1000px) 100vw, 1000px\" \/><\/figure>\r\n\r\n\r\n\r\n<p>U-Haul on edelleen suosittu valinta tee-se-itse-muuttajien keskuudessa, mutta kuinka paljon se todellisuudessa maksaa? T\u00e4ss\u00e4 artikkelissa analysoimme U-Haulin hinnoittelumalleja ja tarkastelemme eri tekij\u00f6it\u00e4, jotka vaikuttavat kokonaiskustannuksiin - ja annamme sinulle t\u00e4rkeit\u00e4, kustannustehokkaita muuttovinkkej\u00e4.<\/p>\r\n\r\n\r\n\r\n<p>Oppaamme kattaa seuraavat asiat:<\/p>\r\n\r\n\r\n\r\n<ul class=\"wp-block-list\">\r\n<li>Kuinka paljon U-Haul maksaa<\/li>\r\n\r\n\r\n\r\n<li>Mik\u00e4 vaikuttaa U-Haulin kustannuksiin<\/li>\r\n\r\n\r\n\r\n<li>Kuinka s\u00e4\u00e4st\u00e4\u00e4 rahaa U-Haulissa<\/li>\r\n\r\n\r\n\r\n<li>Mit\u00e4 U-Haulin k\u00e4ytt\u00e4miseen liittyy?<\/li>\r\n\r\n\r\n\r\n<li>Mist\u00e4 tiet\u00e4\u00e4, onko U-Haul paras valinta sinulle?<\/li>\r\n\r\n\r\n\r\n<li>Kuinka l\u00f6yt\u00e4\u00e4 ja palkata U-Haul<\/li>\r\n<\/ul>\r\n\r\n\r\n\r\n<p>Jos haluat pit\u00e4\u00e4 kustannukset kurissa ja tehd\u00e4 muuton itse, U-Haulin k\u00e4ytt\u00e4minen voi olla hyv\u00e4 ratkaisu. L\u00e4hdet\u00e4\u00e4n liikkeelle.<\/p>\r\n\r\n\r\n\r\n<div id=\"ez-toc-container\" class=\"ez-toc-v2_0_82_2 ez-toc-wrap-left counter-hierarchy ez-toc-counter ez-toc-transparent ez-toc-container-direction\">\n<div class=\"ez-toc-title-container\">\n<p class=\"ez-toc-title\" style=\"cursor:inherit\">Jaksot<\/p>\n<span class=\"ez-toc-title-toggle\"><a href=\"#\" class=\"ez-toc-pull-right ez-toc-btn ez-toc-btn-xs ez-toc-btn-default ez-toc-toggle\" aria-label=\"Sis\u00e4llysluettelon vaihtaminen\"><span class=\"ez-toc-js-icon-con\"><span class=\"\"><span class=\"eztoc-hide\" style=\"display:none;\">Toggle<\/span><span class=\"ez-toc-icon-toggle-span\"><svg style=\"fill: #999;color:#999\" xmlns=\"http:\/\/www.w3.org\/2000\/svg\" class=\"list-377408\" width=\"20px\" height=\"20px\" viewbox=\"0 0 24 24\" fill=\"none\"><path d=\"M6 6H4v2h2V6zm14 0H8v2h12V6zM4 11h2v2H4v-2zm16 0H8v2h12v-2zM4 16h2v2H4v-2zm16 0H8v2h12v-2z\" fill=\"currentColor\"><\/path><\/svg><svg style=\"fill: #999;color:#999\" class=\"arrow-unsorted-368013\" xmlns=\"http:\/\/www.w3.org\/2000\/svg\" width=\"10px\" height=\"10px\" viewbox=\"0 0 24 24\" version=\"1.2\" baseprofile=\"tiny\"><path d=\"M18.2 9.3l-6.2-6.3-6.2 6.3c-.2.2-.3.4-.3.7s.1.5.3.7c.2.2.4.3.7.3h11c.3 0 .5-.1.7-.3.2-.2.3-.5.3-.7s-.1-.5-.3-.7zM5.8 14.7l6.2 6.3 6.2-6.3c.2-.2.3-.5.3-.7s-.1-.5-.3-.7c-.2-.2-.4-.3-.7-.3h-11c-.3 0-.5.1-.7.3-.2.2-.3.5-.3.7s.1.5.3.7z\"\/><\/svg><\/span><\/span><\/span><\/a><\/span><\/div>\n<nav><ul class='ez-toc-list ez-toc-list-level-1 eztoc-toggle-hide-by-default' ><li class='ez-toc-page-1 ez-toc-heading-level-2'><a class=\"ez-toc-link ez-toc-heading-1\" href=\"https:\/\/moverdb.com\/fi\/u-haul-cost\/#How_Much_Does_U-Haul_Cost\" >Kuinka paljon U-Haul maksaa?<\/a><\/li><li class='ez-toc-page-1 ez-toc-heading-level-2'><a class=\"ez-toc-link ez-toc-heading-2\" href=\"https:\/\/moverdb.com\/fi\/u-haul-cost\/#What_Affects_the_Cost_of_U-Haul\" >Mik\u00e4 vaikuttaa U-Haulin kustannuksiin?<\/a><\/li><li class='ez-toc-page-1 ez-toc-heading-level-2'><a class=\"ez-toc-link ez-toc-heading-3\" href=\"https:\/\/moverdb.com\/fi\/u-haul-cost\/#How_Can_I_Save_Money_on_U-Haul\" >Miten voin s\u00e4\u00e4st\u00e4\u00e4 rahaa U-Haulissa?<\/a><\/li><li class='ez-toc-page-1 ez-toc-heading-level-2'><a class=\"ez-toc-link ez-toc-heading-4\" href=\"https:\/\/moverdb.com\/fi\/u-haul-cost\/#Whats_Involved_in_Hiring_a_U-Haul\" >Mit\u00e4 U-Haulin vuokraamiseen liittyy?<\/a><\/li><li class='ez-toc-page-1 ez-toc-heading-level-2'><a class=\"ez-toc-link ez-toc-heading-5\" href=\"https:\/\/moverdb.com\/fi\/u-haul-cost\/#Is_a_U-Haul_the_Best_Choice_for_Me\" >Onko U-Haul paras valinta minulle?<\/a><\/li><li class='ez-toc-page-1 ez-toc-heading-level-2'><a class=\"ez-toc-link ez-toc-heading-6\" href=\"https:\/\/moverdb.com\/fi\/u-haul-cost\/#Final_Checklist\" >Lopullinen tarkistuslista<\/a><\/li><li class='ez-toc-page-1 ez-toc-heading-level-2'><a class=\"ez-toc-link ez-toc-heading-7\" href=\"https:\/\/moverdb.com\/fi\/u-haul-cost\/#Frequently_Asked_Questions\" >Usein kysytyt kysymykset<\/a><ul class='ez-toc-list-level-3' ><li class='ez-toc-heading-level-3'><a class=\"ez-toc-link ez-toc-heading-8\" href=\"https:\/\/moverdb.com\/fi\/u-haul-cost\/#How_Do_I_Reserve_a_U-Haul_Truck\" >Miten varaan U-Haulin kuorma-auton?<\/a><\/li><li class='ez-toc-page-1 ez-toc-heading-level-3'><a class=\"ez-toc-link ez-toc-heading-9\" href=\"https:\/\/moverdb.com\/fi\/u-haul-cost\/#What_Do_I_Need_to_Bring_for_Pickup\" >Mit\u00e4 minun on tuotava noutoa varten?<\/a><\/li><li class='ez-toc-page-1 ez-toc-heading-level-3'><a class=\"ez-toc-link ez-toc-heading-10\" href=\"https:\/\/moverdb.com\/fi\/u-haul-cost\/#Can_I_Extend_My_Rental_Period\" >Voinko pident\u00e4\u00e4 vuokra-aikaani?<\/a><\/li><li class='ez-toc-page-1 ez-toc-heading-level-3'><a class=\"ez-toc-link ez-toc-heading-11\" href=\"https:\/\/moverdb.com\/fi\/u-haul-cost\/#What_Should_I_Do_if_I_Encounter_Issues_During_the_Rental\" >Mit\u00e4 teen, jos vuokrauksen aikana ilmenee ongelmia?<\/a><\/li><\/ul><\/li><\/ul><\/nav><\/div>\n<h2 class=\"wp-block-heading\"><span class=\"ez-toc-section\" id=\"How_Much_Does_U-Haul_Cost\"><\/span><strong>Kuinka paljon U-Haul maksaa?<\/strong><span class=\"ez-toc-section-end\"><\/span><\/h2>\r\n\r\n\r\n\r\n<p>U-Haul, joka on tunnettu nimi muuttoteollisuudessa, tarjoaa konttien muuttopalveluja sek\u00e4 ajoneuvojen vuokrausta. Vaikka heid\u00e4t saatetaan yhdist\u00e4\u00e4 perinteiseen kuorma-autojen vuokraukseen, heid\u00e4n konttipalvelunsa tarjoaa vaihtoehtoisen ratkaisun muuttoon.<\/p>\r\n\r\n\r\n\r\n<p>U-Haulin tunnettuus ja maanlaajuinen saatavuus vaikuttavat osaltaan sen korkeampaan hintaan kilpailijoihin verrattuna. Tarkastellaan aluksi U-Haulin vuokrauksen keskim\u00e4\u00e4r\u00e4isi\u00e4 kustannuksia.<\/p>\r\n\r\n\r\n\n<table id=\"tablepress-360\" class=\"tablepress tablepress-id-360\">\n<thead>\n<tr class=\"row-1\">\n\t<th class=\"column-1\">Et\u00e4isyys<\/th><th class=\"column-2\">Arvioidut kustannukset<\/th>\n<\/tr>\n<\/thead>\n<tbody class=\"row-striping row-hover\">\n<tr class=\"row-2\">\n\t<td class=\"column-1\">50 mailia<\/td><td class=\"column-2\">$25 + $0,99 per maili.<\/td>\n<\/tr>\n<tr class=\"row-3\">\n\t<td class=\"column-1\">450 mailia<\/td><td class=\"column-2\">$600+<\/td>\n<\/tr>\n<tr class=\"row-4\">\n\t<td class=\"column-1\">1,000+ mailia<\/td><td class=\"column-2\">$1,600-$2,300+ $1,600-$2,300+<\/td>\n<\/tr>\n<\/tbody>\n<\/table>\n<!-- #tablepress-360 from cache -->\n\r\n\r\n\r\n<p>Lyhyen 50 mailin matkan hinta on noin $25 vuokraa ja $0,99 mailia kohden. Suuremmat, yli 1000 mailin matkat voivat maksaa $1 600-$2 300 riippuen kokonaismatkasta.<\/p>\r\n\r\n\r\n\r\n<p>Kustannusvertailua varten tarkastelemme eri DIY-ajoneuvojen vuokraus- ja varastointiyksik\u00f6iden toimittajia ja vertailemme niiden hintoja, jotta saat kattavan k\u00e4sityksen siit\u00e4, millaisiin kustannuksiin joudut t\u00f6rm\u00e4\u00e4m\u00e4\u00e4n, kun etsit muuttopalveluiden vuokrausta.<\/p>\r\n\r\n\r\n\n<table id=\"tablepress-359\" class=\"tablepress tablepress-id-359\">\n<thead>\n<tr class=\"row-1\">\n\t<th class=\"column-1\">Palveluntarjoaja<\/th><th class=\"column-2\">Keskim\u00e4\u00e4r\u00e4inen kontin\/ajoneuvon vuokrauksen hinta<\/th>\n<\/tr>\n<\/thead>\n<tbody class=\"row-striping row-hover\">\n<tr class=\"row-2\">\n\t<td class=\"column-1\">PODS<\/td><td class=\"column-2\">$6,100+<\/td>\n<\/tr>\n<tr class=\"row-3\">\n\t<td class=\"column-1\">U-Pack<\/td><td class=\"column-2\">$3,000+<\/td>\n<\/tr>\n<tr class=\"row-4\">\n\t<td class=\"column-1\">1-800-PACK-RAT<\/td><td class=\"column-2\">$3,000+<\/td>\n<\/tr>\n<tr class=\"row-5\">\n\t<td class=\"column-1\">zippyshell<\/td><td class=\"column-2\">$2,900+<\/td>\n<\/tr>\n<tr class=\"row-6\">\n\t<td class=\"column-1\">U-Haul<\/td><td class=\"column-2\">$3,500+<\/td>\n<\/tr>\n<tr class=\"row-7\">\n\t<td class=\"column-1\">SMARTBOX<\/td><td class=\"column-2\">$3,100+<\/td>\n<\/tr>\n<tr class=\"row-8\">\n\t<td class=\"column-1\">U-Box<\/td><td class=\"column-2\">$3,700+ (sis\u00e4lt\u00e4en ajoneuvon ja laatikon vuokrauksen).<\/td>\n<\/tr>\n<\/tbody>\n<\/table>\n<!-- #tablepress-359 from cache -->\n\r\n\r\n\r\n<p>Muiden toimittajien hinnat vaihtelevat halvimmillaan $2 900:n ja korkeimmillaan $6 100:n v\u00e4lill\u00e4.<\/p>\r\n\r\n\r\n\r\n<h2 class=\"wp-block-heading\"><span class=\"ez-toc-section\" id=\"What_Affects_the_Cost_of_U-Haul\"><\/span><strong>Mik\u00e4 vaikuttaa U-Haulin kustannuksiin?<\/strong><span class=\"ez-toc-section-end\"><\/span><\/h2>\r\n\r\n\r\n\r\n<p>Nyt kun tied\u00e4mme joitakin U-Haul-vuokraukseen liittyvi\u00e4 hintoja, tarkastellaan, miten voit vaikuttaa kustannuksiin, jotta olet tietoinen tosiasioista ennen kuin ryhdyt hommiin.<\/p>\r\n\r\n\r\n\r\n<p><strong>Muuton et\u00e4isyys<\/strong><\/p>\r\n\r\n\r\n\r\n<p>Kuten arvata saattaa, matkan pituus, jonka aiot kulkea vuokratulla U-Haul-kuorma-autolla, vaikuttaa merkitt\u00e4v\u00e4sti kustannuksiin. Pidemm\u00e4t matkat johtavat yleens\u00e4 korkeampiin vuokrahintoihin, koska bensiinin kulutus ja ajoneuvon kuluminen lis\u00e4\u00e4ntyv\u00e4t.<\/p>\r\n\r\n\r\n\r\n<p><strong>Kuorma-auton koko ja tyyppi<\/strong><\/p>\r\n\r\n\r\n\r\n<p>Valitsemasi U-Haul-kuorma-auton koko ja tyyppi vaikuttavat vuokrakustannuksiin. Suuremmat kuorma-autot, joissa on enemm\u00e4n kuormatilaa, maksavat yleens\u00e4 korkeamman vuokrahinnan kuin pienemm\u00e4t vaihtoehdot.<\/p>\r\n\r\n\r\n\r\n<p><strong>Vuokrauksen kesto<\/strong><\/p>\r\n\r\n\r\n\r\n<p>U-Haul-kuorma-auton tarvitseman ajan pituus vaikuttaa kustannuksiin, sill\u00e4 pidemm\u00e4t vuokra-ajat aiheuttavat korkeammat kokonaismaksut. U-Haul tarjoaa vuokrausvaihtoehtoja erilaisille kestoille muutamasta tunnista useisiin p\u00e4iviin, mik\u00e4 auttaa sinua l\u00f6yt\u00e4m\u00e4\u00e4n juuri sinun tilanteeseesi sopivan palvelun.<\/p>\r\n\r\n\r\n\r\n<p><strong>Muuttotarvikkeet ja lis\u00e4laitteet<\/strong><\/p>\r\n\r\n\r\n\r\n<p>Lis\u00e4palvelujen ja muuttotarvikkeiden, kuten pakkaustarvikkeiden, tela-alustojen ja huonekalutyynyjen, valitseminen voi nostaa vuokrakustannuksia. N\u00e4m\u00e4 lis\u00e4varusteet voivat auttaa sujuvoittamaan muuttoa, mutta ne saattavat lis\u00e4t\u00e4 kustannuksia.<\/p>\r\n\r\n\r\n\r\n<p><strong>Nouto- ja j\u00e4tt\u00f6paikat<\/strong><\/p>\r\n\r\n\r\n\r\n<p>U-Haul-vuokrauksen nouto- ja j\u00e4tt\u00f6paikat vaikuttavat kustannuksiin, sill\u00e4 vuokrahinnat voivat vaihdella kysynn\u00e4n ja kuorma-autojen saatavuuden mukaan tietyiss\u00e4 paikoissa. Hinnat voivat my\u00f6s vaihdella yhdensuuntaisten ja paikallisten vuokrien v\u00e4lill\u00e4, mik\u00e4 on t\u00e4rke\u00e4\u00e4 ottaa huomioon.<\/p>\r\n\r\n\r\n\r\n<h2 class=\"wp-block-heading\"><span class=\"ez-toc-section\" id=\"How_Can_I_Save_Money_on_U-Haul\"><\/span><strong>Miten voin s\u00e4\u00e4st\u00e4\u00e4 rahaa U-Haulissa?<\/strong><span class=\"ez-toc-section-end\"><\/span><\/h2>\r\n\r\n\r\n\r\n<figure class=\"wp-block-image size-full\"><img loading=\"lazy\" decoding=\"async\" width=\"1000\" height=\"667\" src=\"https:\/\/moverdb.com\/wp-content\/uploads\/u-haul-moving-2.jpg\" alt=\"\" class=\"wp-image-11041\" srcset=\"https:\/\/moverdb.com\/wp-content\/uploads\/u-haul-moving-2.jpg 1000w, https:\/\/moverdb.com\/wp-content\/uploads\/u-haul-moving-2-300x200.jpg 300w, https:\/\/moverdb.com\/wp-content\/uploads\/u-haul-moving-2-18x12.jpg 18w, https:\/\/moverdb.com\/wp-content\/uploads\/u-haul-moving-2-600x400.jpg 600w\" sizes=\"auto, (max-width: 1000px) 100vw, 1000px\" \/><\/figure>\r\n\r\n\r\n\r\n<p>Tied\u00e4mme nyt, mill\u00e4 tavoin U-Haulsien hinnat voivat nousta - joten vastataan t\u00e4h\u00e4n muutamalla nokkelalla keinolla, joilla voit pit\u00e4\u00e4 menosi kurissa.<\/p>\r\n\r\n\r\n\r\n<p>Valitse mahdollisuuksien mukaan pienempi kuorma-auto, sill\u00e4 jos valitset sellaisen kuorma-auton koon, johon tavarasi mahtuvat ilman liikaa tilaa, vuokrakustannukset voivat olla pienemm\u00e4t. Pienemmill\u00e4 kuorma-autoilla on yleens\u00e4 edullisemmat vuokrahinnat.<\/p>\r\n\r\n\r\n\r\n<p>Jos vuokraat auton kilometrien perusteella, suunnittele tehokkain reitti m\u00e4\u00e4r\u00e4np\u00e4\u00e4h\u00e4n, jotta matka olisi mahdollisimman lyhyt. V\u00e4lt\u00e4 kiertoteit\u00e4 ja tarpeettomia kilometrej\u00e4, jotta kustannukset pysyv\u00e4t kurissa.<\/p>\r\n\r\n\r\n\r\n<p>Valitse my\u00f6s tarpeisiisi sopiva vuokra-aika. Jos saat muuton tehty\u00e4 lyhyemm\u00e4ss\u00e4 ajassa, maksat v\u00e4hemm\u00e4n vuokrakuluja - mutta muista kuitenkin aikataulusi ja liiallinen optimismi, sill\u00e4 my\u00f6h\u00e4stymismaksut voivat olla yht\u00e4 haitallisia kuin pidempi vuokra-aika.<\/p>\r\n\r\n\r\n\r\n<p>Jos muutat sesonkiaikojen ulkopuolella tai arkip\u00e4ivin\u00e4, vuokra voi olla edullisempi. V\u00e4lt\u00e4 mahdollisuuksien mukaan viikonloppuja ja kes\u00e4n kaltaisia huippumuuttokuukausia, jotta voit hy\u00f6dynt\u00e4\u00e4 mahdollisesti alennettuja hintoja.<\/p>\r\n\r\n\r\n\r\n<p>Lopuksi, vaikka U-Haul tarjoaa erilaisia muuttoapuv\u00e4lineit\u00e4 ja lis\u00e4osia, valitse vain se, mit\u00e4 haluat <em>todella<\/em> tarvitsevat. Tarpeettomien lis\u00e4varusteiden, kuten erikoislaitteiden, poisj\u00e4tt\u00e4minen voi auttaa alentamaan kokonaiskustannuksia.<\/p>\r\n\r\n\r\n\r\n<h2 class=\"wp-block-heading\"><span class=\"ez-toc-section\" id=\"Whats_Involved_in_Hiring_a_U-Haul\"><\/span><strong>Mit\u00e4 kuuluu<\/strong> Vuokraatko U-Haulin?<span class=\"ez-toc-section-end\"><\/span><\/h2>\r\n\r\n\r\n\r\n<figure class=\"wp-block-image size-full\"><img loading=\"lazy\" decoding=\"async\" width=\"1000\" height=\"654\" src=\"https:\/\/moverdb.com\/wp-content\/uploads\/u-haul-moving-3.jpg\" alt=\"\" class=\"wp-image-11042\" srcset=\"https:\/\/moverdb.com\/wp-content\/uploads\/u-haul-moving-3.jpg 1000w, https:\/\/moverdb.com\/wp-content\/uploads\/u-haul-moving-3-300x196.jpg 300w, https:\/\/moverdb.com\/wp-content\/uploads\/u-haul-moving-3-18x12.jpg 18w, https:\/\/moverdb.com\/wp-content\/uploads\/u-haul-moving-3-600x392.jpg 600w\" sizes=\"auto, (max-width: 1000px) 100vw, 1000px\" \/><\/figure>\r\n\r\n\r\n\r\n<p>Ensimm\u00e4inen vaihe U-Haulin vuokraamisessa on ehk\u00e4 vaikein - sinun on m\u00e4\u00e4ritett\u00e4v\u00e4 tavaroillesi sopiva kuorma-auton koko ja laskettava matkan pituus.<\/p>\r\n\r\n\r\n\r\n<p>Kun olet valinnut kuorma-auton, voit varata U-Haulin kuorma-auton verkossa tai puhelimitse ja m\u00e4\u00e4ritt\u00e4\u00e4 noutopaikan, vuokra-ajan ja palautuspaikan.<\/p>\r\n\r\n\r\n\r\n<p>Suuntaa suunniteltuna noutop\u00e4iv\u00e4n\u00e4 valitsemaasi U-Haulin toimipisteeseen noutamaan vuokra-auto ja muista ottaa mukaan voimassa oleva ajokortti ja varauksessa k\u00e4ytt\u00e4m\u00e4si maksutapa. Kun olet t\u00e4ytt\u00e4nyt paperity\u00f6t, sinulle annetaan U-Haul-kuorma-auton avaimet.<\/p>\r\n\r\n\r\n\r\n<p>Sielt\u00e4 voit lastata tavarasi, ajaa m\u00e4\u00e4r\u00e4np\u00e4\u00e4h\u00e4si ja purkaa ne haluamallasi tavalla. Kun olet k\u00e4ytt\u00e4nyt kuorma-auton loppuun, palauta se vain sovitun vuokra-ajan kuluessa m\u00e4\u00e4r\u00e4ttyyn palautuspaikkaan.<\/p>\r\n\r\n\r\n\r\n<h2 class=\"wp-block-heading\"><span class=\"ez-toc-section\" id=\"Is_a_U-Haul_the_Best_Choice_for_Me\"><\/span><strong>Onko U-Haul paras valinta minulle?<\/strong><span class=\"ez-toc-section-end\"><\/span><\/h2>\r\n\r\n\r\n\r\n<p>Voi olla houkuttelevaa hankkia t\u00e4ysin huollettu muutto, jotta v\u00e4lt\u00e4t kaiken raskaan nostamisen ja ajamisen uuteen ja vanhaan taloon ja takaisin - mutta jos haluat olla enemm\u00e4n k\u00e4sill\u00e4, U-Haulin vuokraaminen voi olla hyv\u00e4 vaihtoehto sinulle.<\/p>\r\n\r\n\r\n\n<table id=\"tablepress-344\" class=\"tablepress tablepress-id-344\">\n<thead>\n<tr class=\"row-1\">\n\t<th class=\"column-1\">U-Haulin edut<\/th><th class=\"column-2\">U-Haulin haitat<\/th>\n<\/tr>\n<\/thead>\n<tbody class=\"row-striping row-hover\">\n<tr class=\"row-2\">\n\t<td class=\"column-1\">Joustavuus muuttoaikojen ja aikataulun suhteen<\/td><td class=\"column-2\">Ty\u00f6voimavaltaista - sinun on ajettava, lastattava ja purettava itse.<\/td>\n<\/tr>\n<tr class=\"row-3\">\n\t<td class=\"column-1\">Halvempi kuin perinteiset t\u00e4yden palvelun muuttovaihtoehdot.<\/td><td class=\"column-2\">Olet vastuussa vakuutuksesta matkan aikana<\/td>\n<\/tr>\n<tr class=\"row-4\">\n\t<td class=\"column-1\">Voit pit\u00e4\u00e4 tavaroitasi silm\u00e4ll\u00e4 muuton aikana.<\/td><td class=\"column-2\">Ajoneuvo voi vaurioitua muuton aikana ja sinun on korjattava se.<\/td>\n<\/tr>\n<\/tbody>\n<\/table>\n<!-- #tablepress-344 from cache -->\n\r\n\r\n\r\n<p>U-Haul-vuokrauksen suurin etu on yksinkertaisesti se, ett\u00e4 se antaa sinulle paremman hallinnan menoistasi. Voit valita tavaroillesi sopivan kuorma-auton koon, valita vuokra-ajan ja p\u00e4\u00e4tt\u00e4\u00e4, haluatko lis\u00e4palveluja tai lis\u00e4varusteita.<\/p>\r\n\r\n\r\n\r\n<p>Raskaiden huonekalujen ja tavaroiden kuormaaminen ja purkaminen voi kuitenkin olla fyysisesti raskasta. Jos nostaminen ja kantaminen ei ole sinulle helppoa tai jos tarvitset ammattiapua, saatat joutua palkkaamaan lis\u00e4apua.<\/p>\r\n\r\n\r\n\r\n<h2 class=\"wp-block-heading\"><span class=\"ez-toc-section\" id=\"Final_Checklist\"><\/span><strong>Lopullinen tarkistuslista<\/strong><span class=\"ez-toc-section-end\"><\/span><\/h2>\r\n\r\n\r\n\r\n<p>Jos olet sit\u00e4 mielt\u00e4, ett\u00e4 itse tekeminen ja U-Haul on paras tapa, muista huomioida viimeinen tarkistuslistamme, jotta kaikki on kunnossa, kun suuri muutto on edess\u00e4.<\/p>\r\n\r\n\r\n\r\n<ul class=\"wp-block-list\">\r\n<li>Harkitse, haluaisitko t\u00e4yden palvelun muuttotiimin apua vai haluaisitko tehd\u00e4 muuton itse.<\/li>\r\n\r\n\r\n\r\n<li>Tarkastele tavaroitasi - voitko pienent\u00e4\u00e4 niit\u00e4 lainkaan ennen kuin varaat U-Haulin ja s\u00e4\u00e4st\u00e4\u00e4 n\u00e4in rahaa?<\/li>\r\n\r\n\r\n\r\n<li>Tutustu ajoneuvovalikoimaan ja valitse kuorman m\u00e4\u00e4r\u00e4\u00e4n ja tarpeisiisi sopiva ajoneuvo.<\/li>\r\n\r\n\r\n\r\n<li>Tarvitsetko lis\u00e4palveluja? Muista lis\u00e4t\u00e4 ne ennen varauksen tekemist\u00e4<\/li>\r\n\r\n\r\n\r\n<li>Tarkista p\u00e4iv\u00e4m\u00e4\u00e4r\u00e4t kahdesti ja varaa aika muuttoa varten!<\/li>\r\n<\/ul>\r\n\r\n\r\n\r\n<h2 class=\"wp-block-heading\"><span class=\"ez-toc-section\" id=\"Frequently_Asked_Questions\"><\/span><strong>Usein kysytyt kysymykset<\/strong><span class=\"ez-toc-section-end\"><\/span><\/h2>\r\n\r\n\r\n<div id=\"rank-math-faq\" class=\"rank-math-block\">\n<div class=\"rank-math-list\">\n<div id=\"faq-question-1692200957678\" class=\"rank-math-list-item\">\n<h3 class=\"rank-math-question\"><span class=\"ez-toc-section\" id=\"How_Do_I_Reserve_a_U-Haul_Truck\"><\/span><strong>Miten varaan U-Haulin kuorma-auton?<\/strong><span class=\"ez-toc-section-end\"><\/span><\/h3>\n<div class=\"rank-math-answer\">\n\n<p>Voit helposti varata U-Haulin kuorma-auton verkossa U-Haulin verkkosivustolla tai sen sovelluksen avulla. Sy\u00f6t\u00e4 vain sijaintisi, vuokrausp\u00e4iv\u00e4m\u00e4\u00e4r\u00e4si ja kuorma-auton kokoa koskevat mieltymyksesi, niin p\u00e4\u00e4set alkuun. <\/p>\n<p>Vaihtoehtoisesti voit soittaa U-Haulin asiakaspalveluun ja tehd\u00e4 varauksen puhelimitse ja keskustella varauksen yksityiskohdista.<\/p>\n\n<\/div>\n<\/div>\n<div id=\"faq-question-1692201036551\" class=\"rank-math-list-item\">\n<h3 class=\"rank-math-question\"><span class=\"ez-toc-section\" id=\"What_Do_I_Need_to_Bring_for_Pickup\"><\/span><strong>Mit\u00e4 minun on tuotava noutoa varten?<\/strong><span class=\"ez-toc-section-end\"><\/span><\/h3>\n<div class=\"rank-math-answer\">\n\n<p>Ota U-Haul-kuorma-autoa noutaessasi mukaan voimassa oleva ajokortti ja varauksessa k\u00e4ytetty maksutapa. Vuokrayksikk\u00f6si saattaa vaatia muita henkil\u00f6llisyystodistuksia, joten on parasta tarkistaa asia tapauskohtaisesti palveluntarjoajaltasi.<\/p>\n\n<\/div>\n<\/div>\n<div id=\"faq-question-1692201050762\" class=\"rank-math-list-item\">\n<h3 class=\"rank-math-question\"><span class=\"ez-toc-section\" id=\"Can_I_Extend_My_Rental_Period\"><\/span><strong>Voinko pident\u00e4\u00e4 vuokra-aikaani?<\/strong><span class=\"ez-toc-section-end\"><\/span><\/h3>\n<div class=\"rank-math-answer\">\n\n<p>Kyll\u00e4, voit tarvittaessa pident\u00e4\u00e4 vuokra-aikaasi. Ota yhteytt\u00e4 U-Haulin asiakaspalveluun tai k\u00e4y paikallisessa vuokrauspaikassa keskustellaksesi pidennyksest\u00e4 ja tehd\u00e4ksesi tarvittavat j\u00e4rjestelyt. <\/p>\n<p>Pid\u00e4 mieless\u00e4, ett\u00e4 pidennetyst\u00e4 ajasta saatetaan peri\u00e4 lis\u00e4vuokraa.<\/p>\n\n<\/div>\n<\/div>\n<div id=\"faq-question-1692201063702\" class=\"rank-math-list-item\">\n<h3 class=\"rank-math-question\"><span class=\"ez-toc-section\" id=\"What_Should_I_Do_if_I_Encounter_Issues_During_the_Rental\"><\/span><strong>Mit\u00e4 teen, jos vuokrauksen aikana ilmenee ongelmia?<\/strong><span class=\"ez-toc-section-end\"><\/span><\/h3>\n<div class=\"rank-math-answer\">\n\n<p>Jos sinulla on vuokrauksen aikana ongelmia U-Haulin kuorma-auton kanssa, kuten mekaanisia ongelmia tai kysymyksi\u00e4 kalustosta, ota yhteytt\u00e4 U-Haulin tiepalveluun tai asiakaspalveluun saadaksesi neuvoja ja tukea.<\/p>\n<p>He auttavat sinua ratkaisemaan kaikki huolenaiheet, joita sinulla on vuokratrukin k\u00e4yt\u00f6n aikana.<\/p>\n\n<\/div>\n<\/div>\n<\/div>\n<\/div>","protected":false},"excerpt":{"rendered":"<p>U-Haul remains a popular choice among DIY movers, but how much does it actually cost? In this article, we\u2019ll dissect the pricing models of U-Haul, looking at the various factors that contribute to the overall cost &#8211; and leave you with all-important, cost-effective moving tips. Our guide will cover the following: If you fancy keeping [&hellip;]<\/p>\n","protected":false},"author":1,"featured_media":0,"parent":0,"menu_order":0,"comment_status":"closed","ping_status":"closed","template":"","meta":{"_genesis_hide_title":false,"_genesis_hide_breadcrumbs":false,"_genesis_hide_singular_image":false,"_genesis_hide_footer_widgets":false,"_genesis_custom_body_class":"","_genesis_custom_post_class":"","_genesis_layout":"","footnotes":""},"class_list":{"0":"post-17398","1":"page","2":"type-page","3":"status-publish","5":"entry"},"_links":{"self":[{"href":"https:\/\/moverdb.com\/fi\/wp-json\/wp\/v2\/pages\/17398","targetHints":{"allow":["GET"]}}],"collection":[{"href":"https:\/\/moverdb.com\/fi\/wp-json\/wp\/v2\/pages"}],"about":[{"href":"https:\/\/moverdb.com\/fi\/wp-json\/wp\/v2\/types\/page"}],"author":[{"embeddable":true,"href":"https:\/\/moverdb.com\/fi\/wp-json\/wp\/v2\/users\/1"}],"replies":[{"embeddable":true,"href":"https:\/\/moverdb.com\/fi\/wp-json\/wp\/v2\/comments?post=17398"}],"version-history":[{"count":1,"href":"https:\/\/moverdb.com\/fi\/wp-json\/wp\/v2\/pages\/17398\/revisions"}],"predecessor-version":[{"id":17399,"href":"https:\/\/moverdb.com\/fi\/wp-json\/wp\/v2\/pages\/17398\/revisions\/17399"}],"wp:attachment":[{"href":"https:\/\/moverdb.com\/fi\/wp-json\/wp\/v2\/media?parent=17398"}],"curies":[{"name":"wp","href":"https:\/\/api.w.org\/{rel}","templated":true}]}}