{"id":17394,"date":"2024-07-03T09:08:10","date_gmt":"2024-07-03T09:08:10","guid":{"rendered":"https:\/\/moverdb.com\/?page_id=17394"},"modified":"2026-01-08T13:18:36","modified_gmt":"2026-01-08T13:18:36","slug":"pods-cost","status":"publish","type":"page","link":"https:\/\/moverdb.com\/fi\/pods-cost\/","title":{"rendered":"Kuinka paljon PODS maksaa? 2024 S\u00e4\u00e4st\u00f6opas"},"content":{"rendered":"<figure class=\"wp-block-image size-full\"><img loading=\"lazy\" decoding=\"async\" width=\"1000\" height=\"667\" class=\"wp-image-11007\" src=\"https:\/\/moverdb.com\/wp-content\/uploads\/PODS-storage-unit-costs-1.jpg\" alt=\"\" srcset=\"https:\/\/moverdb.com\/wp-content\/uploads\/PODS-storage-unit-costs-1.jpg 1000w, https:\/\/moverdb.com\/wp-content\/uploads\/PODS-storage-unit-costs-1-300x200.jpg 300w, https:\/\/moverdb.com\/wp-content\/uploads\/PODS-storage-unit-costs-1-18x12.jpg 18w, https:\/\/moverdb.com\/wp-content\/uploads\/PODS-storage-unit-costs-1-600x400.jpg 600w\" sizes=\"auto, (max-width: 1000px) 100vw, 1000px\" \/><\/figure>\r\n\r\n\r\n\r\n<p><span style=\"font-weight: 400;\">Muuton aiheuttamaa stressi\u00e4 voi pahentaa tarve lastata ja purkaa ajoneuvo saman p\u00e4iv\u00e4n aikana, jolloin uusi koti on t\u00e4ynn\u00e4 laatikoita ja sinun on vaikea n\u00e4hd\u00e4 puita puilta. Vaihtoehtoinen kuljetusmenetelm\u00e4 on k\u00e4ytt\u00e4\u00e4 PODS-kontteja, siirrett\u00e4vi\u00e4 kontteja, jotka voidaan lastata ja purkaa omaan tahtiin.<\/span><\/p>\r\n\r\n\r\n\r\n<p><span style=\"font-weight: 400;\">Jos et ole ennen k\u00e4ytt\u00e4nyt siirrett\u00e4vi\u00e4 varastoyksik\u00f6it\u00e4, ajatus voi olla pelottava - oppaamme kattaa:<\/span><\/p>\r\n\r\n\r\n\r\n<ul class=\"wp-block-list\">\r\n<li><span style=\"font-weight: 400;\">Kuinka paljon PODS-vuokraus maksaa<\/span><\/li>\r\n\r\n\r\n\r\n<li><span style=\"font-weight: 400;\">Mik\u00e4 vaikuttaa PODS-vuokrauksen kustannuksiin<\/span><\/li>\r\n\r\n\r\n\r\n<li><span style=\"font-weight: 400;\">Kuinka s\u00e4\u00e4st\u00e4\u00e4 rahaa PODS-vuokrauksessa<\/span><\/li>\r\n\r\n\r\n\r\n<li><span style=\"font-weight: 400;\">Mit\u00e4 PODS-vuokraukseen liittyy\u00a0<\/span><\/li>\r\n\r\n\r\n\r\n<li><span style=\"font-weight: 400;\">Mist\u00e4 tied\u00e4t, onko PODS-vuokraus paras valinta sinulle?<\/span><\/li>\r\n\r\n\r\n\r\n<li><span style=\"font-weight: 400;\">Kuinka aloittaa PODS-vuokrausprosessi<\/span><\/li>\r\n<\/ul>\r\n\r\n\r\n\r\n<p><span style=\"font-weight: 400;\">Jos perinteinen muuttomenetelm\u00e4 ei ole aiemmin toiminut, saattaa olla aika kokeilla jotain uutta PODS-j\u00e4rjestelm\u00e4n avulla. Jatka lukemista saadaksesi selville, miten se tehd\u00e4\u00e4n parhaalla mahdollisella tavalla.\u00a0<\/span><\/p>\r\n\r\n\r\n\r\n<div id=\"ez-toc-container\" class=\"ez-toc-v2_0_82_2 ez-toc-wrap-left counter-hierarchy ez-toc-counter ez-toc-transparent ez-toc-container-direction\">\n<div class=\"ez-toc-title-container\">\n<p class=\"ez-toc-title\" style=\"cursor:inherit\">Jaksot<\/p>\n<span class=\"ez-toc-title-toggle\"><a href=\"#\" class=\"ez-toc-pull-right ez-toc-btn ez-toc-btn-xs ez-toc-btn-default ez-toc-toggle\" aria-label=\"Sis\u00e4llysluettelon vaihtaminen\"><span class=\"ez-toc-js-icon-con\"><span class=\"\"><span class=\"eztoc-hide\" style=\"display:none;\">Toggle<\/span><span class=\"ez-toc-icon-toggle-span\"><svg style=\"fill: #999;color:#999\" xmlns=\"http:\/\/www.w3.org\/2000\/svg\" class=\"list-377408\" width=\"20px\" height=\"20px\" viewbox=\"0 0 24 24\" fill=\"none\"><path d=\"M6 6H4v2h2V6zm14 0H8v2h12V6zM4 11h2v2H4v-2zm16 0H8v2h12v-2zM4 16h2v2H4v-2zm16 0H8v2h12v-2z\" fill=\"currentColor\"><\/path><\/svg><svg style=\"fill: #999;color:#999\" class=\"arrow-unsorted-368013\" xmlns=\"http:\/\/www.w3.org\/2000\/svg\" width=\"10px\" height=\"10px\" viewbox=\"0 0 24 24\" version=\"1.2\" baseprofile=\"tiny\"><path d=\"M18.2 9.3l-6.2-6.3-6.2 6.3c-.2.2-.3.4-.3.7s.1.5.3.7c.2.2.4.3.7.3h11c.3 0 .5-.1.7-.3.2-.2.3-.5.3-.7s-.1-.5-.3-.7zM5.8 14.7l6.2 6.3 6.2-6.3c.2-.2.3-.5.3-.7s-.1-.5-.3-.7c-.2-.2-.4-.3-.7-.3h-11c-.3 0-.5.1-.7.3-.2.2-.3.5-.3.7s.1.5.3.7z\"\/><\/svg><\/span><\/span><\/span><\/a><\/span><\/div>\n<nav><ul class='ez-toc-list ez-toc-list-level-1 eztoc-toggle-hide-by-default' ><li class='ez-toc-page-1 ez-toc-heading-level-2'><a class=\"ez-toc-link ez-toc-heading-1\" href=\"https:\/\/moverdb.com\/fi\/pods-cost\/#How_Much_Do_PODS_Cost\" >Kuinka paljon PODS maksaa?<\/a><\/li><li class='ez-toc-page-1 ez-toc-heading-level-2'><a class=\"ez-toc-link ez-toc-heading-2\" href=\"https:\/\/moverdb.com\/fi\/pods-cost\/#What_Affects_the_Cost_of_PODS\" >Mik\u00e4 vaikuttaa PODS-kustannuksiin?<\/a><\/li><li class='ez-toc-page-1 ez-toc-heading-level-2'><a class=\"ez-toc-link ez-toc-heading-3\" href=\"https:\/\/moverdb.com\/fi\/pods-cost\/#How_Can_I_Save_Money_on_PODS\" >Miten voin s\u00e4\u00e4st\u00e4\u00e4 rahaa PODS-palvelussa?<\/a><\/li><li class='ez-toc-page-1 ez-toc-heading-level-2'><a class=\"ez-toc-link ez-toc-heading-4\" href=\"https:\/\/moverdb.com\/fi\/pods-cost\/#Whats_Involved_in_Hiring_PODS\" >Mit\u00e4 PODSin vuokraamiseen liittyy?<\/a><\/li><li class='ez-toc-page-1 ez-toc-heading-level-2'><a class=\"ez-toc-link ez-toc-heading-5\" href=\"https:\/\/moverdb.com\/fi\/pods-cost\/#Are_PODS_the_Best_Choice_for_My_Home_Move\" >Ovatko PODSit paras valinta kotini muuttoon?<\/a><\/li><li class='ez-toc-page-1 ez-toc-heading-level-2'><a class=\"ez-toc-link ez-toc-heading-6\" href=\"https:\/\/moverdb.com\/fi\/pods-cost\/#How_Do_I_Find_and_Hire_PODS\" >Miten l\u00f6yd\u00e4n ja vuokraan PODS-palvelun?<\/a><\/li><li class='ez-toc-page-1 ez-toc-heading-level-2'><a class=\"ez-toc-link ez-toc-heading-7\" href=\"https:\/\/moverdb.com\/fi\/pods-cost\/#Finding_the_Best_Container_Shipping_Service_For_Your_Needs\" >L\u00f6yt\u00e4\u00e4ksesi parhaan konttikuljetuspalvelun tarpeitasi varten<\/a><\/li><li class='ez-toc-page-1 ez-toc-heading-level-2'><a class=\"ez-toc-link ez-toc-heading-8\" href=\"https:\/\/moverdb.com\/fi\/pods-cost\/#Final_Checklist\" >Lopullinen tarkistuslista<\/a><\/li><li class='ez-toc-page-1 ez-toc-heading-level-2'><a class=\"ez-toc-link ez-toc-heading-9\" href=\"https:\/\/moverdb.com\/fi\/pods-cost\/#Frequently_Asked_Questions\" >Usein kysytyt kysymykset<\/a><ul class='ez-toc-list-level-3' ><li class='ez-toc-heading-level-3'><a class=\"ez-toc-link ez-toc-heading-10\" href=\"https:\/\/moverdb.com\/fi\/pods-cost\/#What_Is_PODS_and_How_Does_It_Work\" >Mik\u00e4 on PODS ja miten se toimii?<\/a><\/li><li class='ez-toc-page-1 ez-toc-heading-level-3'><a class=\"ez-toc-link ez-toc-heading-11\" href=\"https:\/\/moverdb.com\/fi\/pods-cost\/#How_Much_Does_PODS_Cost\" >Kuinka paljon PODS maksaa?<\/a><\/li><li class='ez-toc-page-1 ez-toc-heading-level-3'><a class=\"ez-toc-link ez-toc-heading-12\" href=\"https:\/\/moverdb.com\/fi\/pods-cost\/#Can_I_Use_PODS_for_Both_Moving_and_Storage\" >Voinko k\u00e4ytt\u00e4\u00e4 PODSia sek\u00e4 muuttoon ett\u00e4 varastointiin?<\/a><\/li><li class='ez-toc-page-1 ez-toc-heading-level-3'><a class=\"ez-toc-link ez-toc-heading-13\" href=\"https:\/\/moverdb.com\/fi\/pods-cost\/#Do_I_Need_to_Load_the_PODS_Container_Myself\" >Pit\u00e4\u00e4k\u00f6 minun lastata PODS-kontti itse?<\/a><\/li><\/ul><\/li><\/ul><\/nav><\/div>\n<h2 class=\"wp-block-heading\"><span class=\"ez-toc-section\" id=\"How_Much_Do_PODS_Cost\"><\/span><b>Kuinka paljon PODS maksaa?<\/b><span class=\"ez-toc-section-end\"><\/span><\/h2>\r\n\r\n\r\n\r\n<p>PODS on lyhenne sanoista \"Portable On Demand Storage\", ja se on palvelu, joka tarjoaa k\u00e4tev\u00e4n ja joustavan tavan s\u00e4ilytt\u00e4\u00e4 ja siirt\u00e4\u00e4 tavaroitasi. Konsepti perustuu siirrett\u00e4vien varastokonttien k\u00e4ytt\u00f6\u00f6n, jotka voidaan toimittaa kotiisi, jolloin voit lastata ja purkaa henkil\u00f6kohtaiset tavarasi omaan tahtiisi - ja sitten, kun ne on pakattu, kontti joko varastoidaan turvallisessa tilassa tai kuljetetaan uuteen m\u00e4\u00e4r\u00e4np\u00e4\u00e4h\u00e4si.<\/p>\r\n\r\n\r\n\r\n<p>Katsotaanpa joitakin esimerkkikustannuksia.<\/p>\r\n\r\n\r\n\n<table id=\"tablepress-354\" class=\"tablepress tablepress-id-354\">\n<thead>\n<tr class=\"row-1\">\n\t<th class=\"column-1\">Siirron et\u00e4isyys<\/th><th class=\"column-2\">Kustannukset per makuuhuone<\/th><th class=\"column-3\">Kokonaiskustannukset 3 makuuhuoneen taloa kohti<\/th>\n<\/tr>\n<\/thead>\n<tbody class=\"row-striping row-hover\">\n<tr class=\"row-2\">\n\t<td class=\"column-1\">Paikallinen (250 mailin s\u00e4teell\u00e4)<\/td><td class=\"column-2\">$200-$225<\/td><td class=\"column-3\">$600-$675<\/td>\n<\/tr>\n<tr class=\"row-3\">\n\t<td class=\"column-1\">Yli 250 mailia<\/td><td class=\"column-2\">$400-$460<\/td><td class=\"column-3\">$1,200-$1,380<\/td>\n<\/tr>\n<tr class=\"row-4\">\n\t<td class=\"column-1\">Maastojuoksu<\/td><td class=\"column-2\">$2,000 - $2,250<\/td><td class=\"column-3\">$6,000-$6,750 - $6,000<\/td>\n<\/tr>\n<\/tbody>\n<\/table>\n<!-- #tablepress-354 from cache -->\n\r\n\r\n\r\n<p>Vaikka tarkat tarjoukset on saatava suoraan PODSilta, kun otetaan huomioon todelliset j\u00e4rjestelyt ja tavaroiden m\u00e4\u00e4r\u00e4, karkeana arviona voidaan todeta, ett\u00e4 paikallinen muutto alle 250 mailin et\u00e4isyydelt\u00e4 voi maksaa noin $200-$225 per huone. Tavallisessa kolmen makuuhuoneen kodissa t\u00e4m\u00e4 voi olla yhteens\u00e4 noin $600-$675.<\/p>\r\n\r\n\r\n\r\n<p>Suuremmat kiinteist\u00f6t ja suuremmat et\u00e4isyydet aiheuttavat korkeampia hintoja, sill\u00e4 yli 500 mailin pituinen maastomuutto maksaa l\u00e4hemm\u00e4s $2,000 per huone, eli yhteens\u00e4 $6,000-$6,750 kolmen makuuhuoneen talon muutosta.<\/p>\r\n\r\n\r\n\r\n<h2 class=\"wp-block-heading\"><span class=\"ez-toc-section\" id=\"What_Affects_the_Cost_of_PODS\"><\/span><b>Mik\u00e4 vaikuttaa PODS-kustannuksiin?<\/b><span class=\"ez-toc-section-end\"><\/span><\/h2>\r\n\r\n\r\n\r\n<p>PODS tarjoaa r\u00e4\u00e4t\u00e4l\u00f6idyn ratkaisun varastointi- ja muuttotarpeisiisi, mik\u00e4 tarkoittaa, ett\u00e4 eri palveluihin on saatavilla erilaisia hintoja. Puhutaanpa t\u00e4rkeimmist\u00e4 seikoista, jotka voivat vaikuttaa PODS-vuokrauksen kustannuksiin.<\/p>\r\n\r\n\r\n\r\n<p><strong><a href=\"https:\/\/moverdb.com\/fi\/shipping-container-sizes-and-dimensions\/\" data-internallinksmanager029f6b8e52c=\"247\" title=\"Perimm\u00e4inen opas laivakonttien kokoja ja mittoja varten\">S\u00e4ili\u00f6n koko<\/a><\/strong><\/p>\r\n\r\n\r\n\r\n<p>Valitsemasi kontin koko vaikuttaa suoraan kustannuksiin. Suuremmat kontit tarjoavat enemm\u00e4n tilaa, mutta niiden hinta on korkeampi, joten kannattaa valita omaisuuttasi vastaava koko arvon optimoimiseksi.<\/p>\r\n<p>Vastaavasti liian pienen kontin valitseminen on haitaksi, sill\u00e4 sinun on t\u00e4ytett\u00e4v\u00e4 ja t\u00e4ytett\u00e4v\u00e4 kontti uudelleen, jotta saat muuton p\u00e4\u00e4t\u00f6kseen.\u00a0<\/p>\r\n\r\n\r\n\r\n<p><strong>Et\u00e4isyys ja sijainti<\/strong><\/p>\r\n\r\n\r\n\r\n<p>Sijaintisi ja PODS-varaston v\u00e4linen et\u00e4isyys voi vaikuttaa kustannuksiin, mukaan lukien toimitus- ja kuljetusmaksut. Kontin siirt\u00e4minen kauemmaksi saattaa johtaa hieman korkeampiin kustannuksiin, kuten yll\u00e4 olevasta taulukosta k\u00e4y ilmi.<\/p>\r\n<p>Kun harkitset PODS-palvelun k\u00e4ytt\u00f6\u00e4, vertaa perinteisen muuttopalvelun kustannuksia, jotta n\u00e4et, onko se kannattava investointi sen tarjoaman mukavuuden vuoksi.<\/p>\r\n\r\n\r\n\r\n<p><strong>K\u00e4yt\u00f6n kesto<\/strong><\/p>\r\n\r\n\r\n\r\n<p>Mit\u00e4 kauemmin tarvitset s\u00e4ili\u00f6t\u00e4, sit\u00e4 enemm\u00e4n se saattaa maksaa. Hinnoittelussa otetaan huomioon vuokra-aika, joten muista, kuinka paljon aikaa tarvitset, sill\u00e4 lis\u00e4p\u00e4ivien tai -viikkojen lis\u00e4\u00e4minen voi vaikuttaa merkitt\u00e4v\u00e4sti kustannuksiin.<\/p>\r\n\r\n\r\n\r\n<p><strong>Lis\u00e4palvelut<\/strong><\/p>\r\n\r\n\r\n\r\n<p>PODS tarjoaa erilaisia palveluja, kuten lastausapua tai varastointia. N\u00e4iden palvelujen valitseminen voi nostaa kustannuksia, joten varo lis\u00e4\u00e4m\u00e4st\u00e4 niit\u00e4, elleiv\u00e4t ne ole v\u00e4ltt\u00e4m\u00e4tt\u00f6mi\u00e4 muuton helpottamiseksi.<\/p>\r\n\r\n\r\n\r\n<h2 class=\"wp-block-heading\"><span class=\"ez-toc-section\" id=\"How_Can_I_Save_Money_on_PODS\"><\/span><strong>Miten voin s\u00e4\u00e4st\u00e4\u00e4 rahaa PODS-palvelussa?<\/strong><span class=\"ez-toc-section-end\"><\/span><\/h2>\r\n\r\n\r\n\r\n<figure class=\"wp-block-image size-full\"><img loading=\"lazy\" decoding=\"async\" width=\"1000\" height=\"667\" class=\"wp-image-11008\" src=\"https:\/\/moverdb.com\/wp-content\/uploads\/PODS-storage-unit-costs-2.jpg\" alt=\"\" srcset=\"https:\/\/moverdb.com\/wp-content\/uploads\/PODS-storage-unit-costs-2.jpg 1000w, https:\/\/moverdb.com\/wp-content\/uploads\/PODS-storage-unit-costs-2-300x200.jpg 300w, https:\/\/moverdb.com\/wp-content\/uploads\/PODS-storage-unit-costs-2-18x12.jpg 18w, https:\/\/moverdb.com\/wp-content\/uploads\/PODS-storage-unit-costs-2-600x400.jpg 600w\" sizes=\"auto, (max-width: 1000px) 100vw, 1000px\" \/><\/figure>\r\n\r\n\r\n\r\n<p>Nyt kun ymm\u00e4rr\u00e4mme, mik\u00e4 vaikuttaa PODS-vuokrauksen kustannuksiin, katsotaanpa, miten voit s\u00e4\u00e4st\u00e4\u00e4 rahaa palvelua k\u00e4ytt\u00e4ess\u00e4si.<\/p>\r\n\r\n\r\n\r\n<p>Varmista ennen kaikkea, ett\u00e4 valitset oikean s\u00e4ili\u00f6koon, mik\u00e4 tarkoittaa, ett\u00e4 valitset s\u00e4ili\u00f6n koon, joka vastaa tarpeitasi ilman ylim\u00e4\u00e4r\u00e4ist\u00e4 tilaa. Suuremmat kontit maksavat enemm\u00e4n, joten valitse pienin koko, johon tavarasi mahtuvat mukavasti - mutta varmista, ett\u00e4 se on riitt\u00e4v\u00e4n suuri, sill\u00e4 ylim\u00e4\u00e4r\u00e4inen kontin vuokraus lis\u00e4\u00e4 ep\u00e4ilem\u00e4tt\u00e4 lis\u00e4\u00e4 nollia laskuusi.<\/p>\r\n\r\n\r\n\r\n<p>Jos mahdollista, kannattaa harkita PODS-kontin varaamista sesonkiaikojen ulkopuolella, jolloin kysynt\u00e4 on v\u00e4h\u00e4isemp\u00e4\u00e4. T\u00e4m\u00e4 voi johtaa mahdollisiin alennuksiin vuokrahinnoissa, jolloin s\u00e4\u00e4st\u00e4t rahaa muuttoprosessissasi, sill\u00e4 konttiyhti\u00f6t haluavat t\u00e4ytt\u00e4\u00e4 aikataulunsa n\u00e4iden kausiluonteisten hiljaisten kausien aikana.<\/p>\r\n\r\n\r\n\r\n<p>Vaikka se voi olla ty\u00f6l\u00e4st\u00e4, on hyv\u00e4 idea hy\u00f6dynt\u00e4\u00e4 kontin tila pakkaamalla tavarat tehokkaasti. Varmista, ett\u00e4 hy\u00f6dynn\u00e4t pystysuoraa tilaa, pura huonekalut, jos mahdollista, ja k\u00e4yt\u00e4 laatikoita, jotka sopivat hyvin yhteen, jotta hukkatila olisi mahdollisimman pieni - \u00e4l\u00e4 vain heit\u00e4 tavaroita sinne ja toivo parasta!<\/p>\r\n\r\n\r\n\r\n<p>Jos pystyt, kontin kuormaaminen ja purkaminen itse voi s\u00e4\u00e4st\u00e4\u00e4 rahaa verrattuna ty\u00f6voiman palkkaamiseen. Ota yst\u00e4vien ja perheenj\u00e4senten apu k\u00e4ytt\u00f6\u00f6n, jotta prosessi sujuu helpommin - mutta muista, ett\u00e4 apua voi palkata, jos t\u00e4m\u00e4 ei ole sinulle vaihtoehto.<\/p>\r\n\r\n\r\n\r\n<p>Harkitse lopuksi vuokra-ajan lyhent\u00e4mist\u00e4. Mit\u00e4 pidemp\u00e4\u00e4n pid\u00e4t konttia, sit\u00e4 enemm\u00e4n se voi lis\u00e4t\u00e4 kustannuksia - selke\u00e4 suunnitelma ja j\u00e4rjestelm\u00e4llisyys voivat auttaa sinua saamaan prosessin nopeammin p\u00e4\u00e4t\u00f6kseen.<\/p>\r\n\r\n\r\n\r\n<h2 class=\"wp-block-heading\"><span class=\"ez-toc-section\" id=\"Whats_Involved_in_Hiring_PODS\"><\/span><strong>Mit\u00e4 PODSin vuokraamiseen liittyy?<\/strong><span class=\"ez-toc-section-end\"><\/span><\/h2>\r\n\r\n\r\n\r\n<p>Yksinkertaisesti selitettyn\u00e4, kun vuokraat PODS-palvelun, siirrett\u00e4v\u00e4 varastointikontti toimitetaan paikallesi. Pakkaat sen omaan tahtiisi, mink\u00e4 j\u00e4lkeen yritys noutaa sen ja voi varastoida sen tiloissaan tai siirt\u00e4\u00e4 sen uuteen m\u00e4\u00e4r\u00e4np\u00e4\u00e4h\u00e4si, mik\u00e4 tekee siit\u00e4 joustavan ja k\u00e4tev\u00e4n tavan hoitaa muutto ilman kiireist\u00e4 lastaamista ja purkamista yhden p\u00e4iv\u00e4n aikana.<\/p>\r\n\r\n\r\n\r\n<p>Jos haluat ottaa yhteytt\u00e4 PODS:iin ja sopia vuokrauksesta, k\u00e4y heid\u00e4n verkkosivustollaan tai soita heid\u00e4n asiakaspalvelunumeroonsa. Voit antaa yksityiskohtaisia tietoja tarpeistasi, saada tarjouksen ja sopia siirrett\u00e4v\u00e4n varastokontin toimituksesta sijaintisi.<\/p>\r\n\r\n\r\n\r\n<h2 class=\"wp-block-heading\"><span class=\"ez-toc-section\" id=\"Are_PODS_the_Best_Choice_for_My_Home_Move\"><\/span><strong>Ovatko PODSit paras valinta kotini muuttoon?<\/strong><span class=\"ez-toc-section-end\"><\/span><\/h2>\r\n\r\n\r\n\r\n<p>Vaikka PODS ei ole perinteinen muuttomenetelm\u00e4, sen suosio on kasvussa, sill\u00e4 se tehostaa muuttoprosessia ja poistaa osan muuton aikana yleens\u00e4 koetusta kiireest\u00e4. Tarkastellaanpa palvelun k\u00e4yt\u00f6n t\u00e4rkeimpi\u00e4 etuja ja haittoja verrattuna perinteisiin muuttomenetelmiin.<\/p>\r\n\r\n\r\n\n<table id=\"tablepress-341\" class=\"tablepress tablepress-id-341\">\n<thead>\n<tr class=\"row-1\">\n\t<th class=\"column-1\">PODS:ien edut<\/th><th class=\"column-2\">PODS:ien haitat<\/th>\n<\/tr>\n<\/thead>\n<tbody class=\"row-striping row-hover\">\n<tr class=\"row-2\">\n\t<td class=\"column-1\">Joustavuus - PODSin k\u00e4yt\u00f6n t\u00e4rkein etu on sen tarjoama joustavuus verrattuna perinteisiin muuttomenetelmiin, joissa tavarat on lastattava ja purettava samana p\u00e4iv\u00e4n\u00e4.<\/td><td class=\"column-2\">Itselataus - PODS on sinun huollettavissasi, joten sinun on itse lastattava ja purettava ilman ty\u00f6voiman apua.<\/td>\n<\/tr>\n<tr class=\"row-3\">\n\t<td class=\"column-1\">Kiinte\u00e4t kustannukset - PODS-maksut veloitetaan kiinte\u00e4ll\u00e4 hinnalla, mik\u00e4 antaa sinulle paremman hallinnan raha-asioistasi.<\/td><td class=\"column-2\">Vakuutus - perinteisill\u00e4 muuttajilla on vakuutus, joka kattaa tavarasi kuljetuksen aikana; PODS:n kanssa sinun on j\u00e4rjestett\u00e4v\u00e4 se itse.<\/td>\n<\/tr>\n<tr class=\"row-4\">\n\t<td class=\"column-1\">Vaihtoehtoja - valittavana on runsaasti konttien kokoja ja vuokra-aikoja, joten sinulla on paljon vaihtoehtoja.<\/td><td class=\"column-2\">Mahdolliset viiv\u00e4stykset - saatavuus ja kysynt\u00e4 voivat vaikuttaa aikatauluun, joten p\u00e4iv\u00e4m\u00e4\u00e4r\u00e4t voivat muuttua lyhyell\u00e4 varoitusajalla.<\/td>\n<\/tr>\n<\/tbody>\n<\/table>\n<!-- #tablepress-341 from cache -->\n\r\n\r\n\r\n<p>T\u00e4rkein etu on suurempi joustavuus, kun muuttajana voit lastata ja purkaa tavarasi, koska sen ei tarvitse tapahtua samana p\u00e4iv\u00e4n\u00e4, kuten perinteisten muuttajien tapauksessa. Haitat ovat kuitenkin samankaltaisia - sinun on teht\u00e4v\u00e4 itse kuormaus ja purkaminen, mik\u00e4 voi olla aikaa ja ty\u00f6t\u00e4 viev\u00e4\u00e4.<\/p>\r\n\r\n\r\n\r\n<h2 class=\"wp-block-heading\"><span class=\"ez-toc-section\" id=\"How_Do_I_Find_and_Hire_PODS\"><\/span><strong>Miten l\u00f6yd\u00e4n ja vuokraan PODS-palvelun?<\/strong><span class=\"ez-toc-section-end\"><\/span><\/h2>\r\n\r\n\r\n\r\n<figure class=\"wp-block-image size-full\"><img loading=\"lazy\" decoding=\"async\" width=\"1000\" height=\"667\" class=\"wp-image-11009\" src=\"https:\/\/moverdb.com\/wp-content\/uploads\/PODS-storage-unit-costs-3.jpg\" alt=\"\" srcset=\"https:\/\/moverdb.com\/wp-content\/uploads\/PODS-storage-unit-costs-3.jpg 1000w, https:\/\/moverdb.com\/wp-content\/uploads\/PODS-storage-unit-costs-3-300x200.jpg 300w, https:\/\/moverdb.com\/wp-content\/uploads\/PODS-storage-unit-costs-3-18x12.jpg 18w, https:\/\/moverdb.com\/wp-content\/uploads\/PODS-storage-unit-costs-3-600x400.jpg 600w\" sizes=\"auto, (max-width: 1000px) 100vw, 1000px\" \/><\/figure>\r\n\r\n\r\n\r\n<p>PODSin l\u00f6yt\u00e4minen ja vuokraaminen on yksinkertainen prosessi.<\/p>\r\n\r\n\r\n\r\n<p>Ensin sinun on k\u00e4yt\u00e4v\u00e4 verkkosivustolla ja pyydett\u00e4v\u00e4 tarjous sy\u00f6tt\u00e4m\u00e4ll\u00e4 sijaintisi tiedot ja vaatimukset, jotta saat tarjouksen tarvitsemistasi palveluista. T\u00e4m\u00e4n j\u00e4lkeen sinun on valittava tarpeisiisi sopiva konttikoko ja mahdolliset haluamasi lis\u00e4palvelut, kuten kontin varastointipituus tai lastausapu.<\/p>\r\n\r\n\r\n\r\n\r\n\r\n<p>T\u00e4m\u00e4n j\u00e4lkeen voidaan sopia p\u00e4iv\u00e4m\u00e4\u00e4r\u00e4, jolloin PODS-kontti toimitetaan paikallesi. Kun PODS-kontti on saapunut, voit pakata tavarasi konttiin omaan tahtiisi.<\/p>\r\n\r\n\r\n\r\n<p>Kun olet valmis, varaa aika kontin noutoon kuljetusta tai varastointia varten PODS-laitokseen.<\/p>\r\n\r\n\r\n\r\n<h2 class=\"wp-block-heading\"><span class=\"ez-toc-section\" id=\"Finding_the_Best_Container_Shipping_Service_For_Your_Needs\"><\/span><strong>L\u00f6yt\u00e4\u00e4ksesi parhaan konttikuljetuspalvelun tarpeitasi varten<\/strong><span class=\"ez-toc-section-end\"><\/span><\/h2>\r\n\r\n\r\n\r\n<p>Sen m\u00e4\u00e4ritt\u00e4miseksi, onko PODS oikea valinta sinulle, on otettava huomioon erityistarpeesi ja -mieltymyksesi. T\u00e4rkeint\u00e4 on, ett\u00e4 jos haluat pakata ja lastata tavarasi omaan tahtiisi ja sinulla on joustava muuttoaikataulu, PODS voi tarjota etsim\u00e4si mukavuuden.<\/p>\r\n\r\n\r\n\r\n<p>Jos tarvitset v\u00e4liaikaista varastointia muuton v\u00e4lill\u00e4, PODSin varastointivaihtoehdot voivat olla ihanteellisia, sill\u00e4 ne tarjoavat sek\u00e4 muutto- ett\u00e4 varastointipalveluja. T\u00e4rkeint\u00e4 on, ett\u00e4 PODS voi olla sopiva vaihtoehto, jos sinulle sopii itse kuormaaminen ja purkaminen.<\/p>\r\n\r\n\r\n\r\n<p>Jos kuitenkin haluat jotain vakioidumpaa, perinteiset muuttofirmat tarjoavat usein kiinteit\u00e4 toimitus- ja noutoaikatauluja, mik\u00e4 voi olla hy\u00f6dyllist\u00e4, jos sinulla on tarkat muutto- ja muuttop\u00e4iv\u00e4t. T\u00e4m\u00e4 on erityisen t\u00e4rke\u00e4\u00e4, jos sinulla on tiukka aikataulu ja sinun on muutettava nopeasti, sill\u00e4 perinteisten muuttofirmojen asiantuntemus tehokkaasta pakkaamisesta ja kuljetuksesta voi auttaa sinua enemm\u00e4n kuin PODS-maahantuojat.<\/p>\r\n\r\n\r\n\r\n<h2 class=\"wp-block-heading\"><span class=\"ez-toc-section\" id=\"Final_Checklist\"><\/span><strong>Lopullinen tarkistuslista<\/strong><span class=\"ez-toc-section-end\"><\/span><\/h2>\r\n\r\n\r\n\r\n<p>Kun muuton aika koittaa, on hyv\u00e4 poistaa mahdollisimman paljon ep\u00e4varmuutta - ja varastointi- ja muuttovaihtoehtojen selvitt\u00e4minen hyviss\u00e4 ajoin etuk\u00e4teen voi olla hyv\u00e4 tapa saavuttaa mielenrauha.<\/p>\r\n\r\n\r\n\r\n<ul class=\"wp-block-list\">\r\n<li>Harkitse, sopiiko PODS sinulle - katso edut ja haitat -taulukkomme ja vertaa palvelua perinteisiin muuttopalveluihin.<\/li>\r\n\r\n\r\n\r\n<li>Jos sinulle sopii k\u00e4sity\u00f6 (kontin lastaaminen ja purkaminen), PODS voi tarjota joustavan ratkaisun muuttoihisi.<\/li>\r\n\r\n\r\n\r\n<li>Puhu PODS-myynnin ammattilaisen kanssa ja kerro tarpeistasi ja varmista, ett\u00e4 valitset sinulle sopivan kokoisen kontin (etk\u00e4 valitse jotain suurempaa kuin tarvitset).<\/li>\r\n\r\n\r\n\r\n<li>Keskustelkaa aikatauluista ja siit\u00e4, milloin luovutus voi tapahtua.<\/li>\r\n\r\n\r\n\r\n<li>Vahvista kaikki ja valmistaudu suureen muuttoon!<\/li>\r\n<\/ul>\r\n\r\n\r\n\r\n<h2 class=\"wp-block-heading\"><span class=\"ez-toc-section\" id=\"Frequently_Asked_Questions\"><\/span><strong>Usein kysytyt kysymykset<\/strong><span class=\"ez-toc-section-end\"><\/span><\/h2>\r\n\r\n\r\n<div id=\"rank-math-faq\" class=\"rank-math-block\">\n<div class=\"rank-math-list\">\n<div id=\"faq-question-1692186207327\" class=\"rank-math-list-item\">\n<h3 class=\"rank-math-question\"><span class=\"ez-toc-section\" id=\"What_Is_PODS_and_How_Does_It_Work\"><\/span><strong>Mik\u00e4 on PODS ja miten se toimii?<\/strong><span class=\"ez-toc-section-end\"><\/span><\/h3>\n<div class=\"rank-math-answer\">\n\n<p>PODS on lyhenne sanoista \"Portable On Demand Storage\". Se on palvelu, joka tarjoaa siirrett\u00e4vi\u00e4 varastokontteja, jotka toimitetaan paikallesi. Pakkaat kontin omaan tahtiisi, mink\u00e4 j\u00e4lkeen PODS noutaa sen ja joko varastoi sen tiloissaan tai kuljettaa sen uuteen m\u00e4\u00e4r\u00e4np\u00e4\u00e4h\u00e4si.<\/p>\n\n<\/div>\n<\/div>\n<div id=\"faq-question-1692186261517\" class=\"rank-math-list-item\">\n<h3 class=\"rank-math-question\"><span class=\"ez-toc-section\" id=\"How_Much_Does_PODS_Cost\"><\/span><strong>Kuinka paljon PODS maksaa?<\/strong><span class=\"ez-toc-section-end\"><\/span><\/h3>\n<div class=\"rank-math-answer\">\n\n<p>PODS-kuljetusten hinta riippuu muun muassa kontin koosta, k\u00e4ytt\u00f6ajasta, et\u00e4isyydest\u00e4 ja valitsemistasi lis\u00e4palveluista. Tarkan arvion saat pyyt\u00e4m\u00e4ll\u00e4 tarjouksen PODS:n verkkosivustolta.<\/p>\n\n<\/div>\n<\/div>\n<div id=\"faq-question-1692186274267\" class=\"rank-math-list-item\">\n<h3 class=\"rank-math-question\"><span class=\"ez-toc-section\" id=\"Can_I_Use_PODS_for_Both_Moving_and_Storage\"><\/span><strong>Voinko k\u00e4ytt\u00e4\u00e4 PODSia sek\u00e4 muuttoon ett\u00e4 varastointiin?<\/strong><span class=\"ez-toc-section-end\"><\/span><\/h3>\n<div class=\"rank-math-answer\">\n\n<p>Kyll\u00e4, ehdottomasti! PODS tarjoaa sek\u00e4 muutto- ett\u00e4 varastointiratkaisuja. Voit k\u00e4ytt\u00e4\u00e4 PODS-kontteja v\u00e4liaikaiseen varastointiin muuton aikana tai pidempiaikaiseen varastointiin.<\/p>\n\n<\/div>\n<\/div>\n<div id=\"faq-question-1692186288599\" class=\"rank-math-list-item\">\n<h3 class=\"rank-math-question\"><span class=\"ez-toc-section\" id=\"Do_I_Need_to_Load_the_PODS_Container_Myself\"><\/span><strong>Pit\u00e4\u00e4k\u00f6 minun lastata PODS-kontti itse?<\/strong><span class=\"ez-toc-section-end\"><\/span><\/h3>\n<div class=\"rank-math-answer\">\n\n<p>Kyll\u00e4, olet itse vastuussa tavaroiden lastaamisesta PODS-konttiin. T\u00e4m\u00e4 itse lastaaminen antaa sinulle mahdollisuuden pakata omaan tahtiisi ja varmistaa, ett\u00e4 tavarasi pakataan juuri niin kuin haluat.<\/p>\n\n<\/div>\n<\/div>\n<\/div>\n<\/div>","protected":false},"excerpt":{"rendered":"<p>The stress of moving house can be exasperated by the need to load and unload a vehicle in the same day, leaving your new home full of boxes, making it hard for you to see the wood from the trees. An alternative method of shipment is to use PODS, portable containers that can be loaded [&hellip;]<\/p>\n","protected":false},"author":1,"featured_media":0,"parent":0,"menu_order":0,"comment_status":"closed","ping_status":"closed","template":"","meta":{"_genesis_hide_title":false,"_genesis_hide_breadcrumbs":false,"_genesis_hide_singular_image":false,"_genesis_hide_footer_widgets":false,"_genesis_custom_body_class":"","_genesis_custom_post_class":"","_genesis_layout":"","footnotes":""},"class_list":{"0":"post-17394","1":"page","2":"type-page","3":"status-publish","5":"entry"},"_links":{"self":[{"href":"https:\/\/moverdb.com\/fi\/wp-json\/wp\/v2\/pages\/17394","targetHints":{"allow":["GET"]}}],"collection":[{"href":"https:\/\/moverdb.com\/fi\/wp-json\/wp\/v2\/pages"}],"about":[{"href":"https:\/\/moverdb.com\/fi\/wp-json\/wp\/v2\/types\/page"}],"author":[{"embeddable":true,"href":"https:\/\/moverdb.com\/fi\/wp-json\/wp\/v2\/users\/1"}],"replies":[{"embeddable":true,"href":"https:\/\/moverdb.com\/fi\/wp-json\/wp\/v2\/comments?post=17394"}],"version-history":[{"count":1,"href":"https:\/\/moverdb.com\/fi\/wp-json\/wp\/v2\/pages\/17394\/revisions"}],"predecessor-version":[{"id":17395,"href":"https:\/\/moverdb.com\/fi\/wp-json\/wp\/v2\/pages\/17394\/revisions\/17395"}],"wp:attachment":[{"href":"https:\/\/moverdb.com\/fi\/wp-json\/wp\/v2\/media?parent=17394"}],"curies":[{"name":"wp","href":"https:\/\/api.w.org\/{rel}","templated":true}]}}