{"id":1680,"date":"2017-01-25T11:25:11","date_gmt":"2017-01-25T11:25:11","guid":{"rendered":"http:\/\/moverdb.com\/?page_id=1680"},"modified":"2026-01-08T14:47:26","modified_gmt":"2026-01-08T14:47:26","slug":"ketteryys","status":"publish","type":"page","link":"https:\/\/moverdb.com\/fi\/agility\/","title":{"rendered":"Ketteryys - Kansainv\u00e4linen muutto- ja kuljetusliike Arvostelut"},"content":{"rendered":"<p>Agility on suurin logistiikka- ja <a href=\"https:\/\/moverdb.com\/fi\/moving-companies\/\" data-internallinksmanager029f6b8e52c=\"79\" title=\"Top 25 Kansainv\u00e4list\u00e4 muuttoyrityksi\u00e4 verkossa\">muuttofirma<\/a> L\u00e4hi-id\u00e4ss\u00e4. Se tarjoaa asiakkailleen laajan valikoiman palveluja, jotka on lueteltu alla, sek\u00e4 yrityksen profiilin ja arvosteluja. <strong>Huomaa, ett\u00e4 Agility ei siirr\u00e4 yksityishenkil\u00f6iden kotitaloustavaroita tai henkil\u00f6kohtaisia tavaroita.<\/strong>.<\/p>\n<p><strong>Kansainv\u00e4liset muutot<\/strong><\/p>\n<ul>\n<li> Palvelu ovelta ovelle<\/li>\n<li> meri- tai lentorahtina<\/li>\n<li> Asiantunteva pakkauspalvelu<\/li>\n<li> Asiantunteva purkupalvelu<\/li>\n<li> Roskien poisto<\/li>\n<li> K\u00e4sittele tullin v\u00e4litys- ja tulliselvityskysymykset.<\/li>\n<li> Erikoiskonttien lastauksen valvonta paikan p\u00e4\u00e4ll\u00e4<\/li>\n<li> Pitk\u00e4aikainen ja lyhytaikainen varastointi<\/li>\n<li> Vakuutus<\/li>\n<li> Erikoislippulaatikot<\/li>\n<li> Laitteiden huolto<\/li>\n<li> Korjausmiespalvelu<\/li>\n<li> S\u00e4hk\u00f6asentaja<\/li>\n<li> Huonekalujen ja tavaroiden purkaminen ja uudelleen kokoaminen<\/li>\n<li> Suurten ja\/tai hauraiden esineiden erityisk\u00e4sittely<\/li>\n<\/ul>\n<p><strong>Varastointi ja jakelu<\/strong><\/p>\n<ul>\n<li> T\u00e4yden palvelun hallinta<\/li>\n<li> Maantie-, lento- ja merirahti<\/li>\n<li> Joustavuus laitoksen koon ja tyypin suhteen<\/li>\n<li> Hallitse koko varaston suunnittelua ja t\u00e4ydennyst\u00e4.<\/li>\n<\/ul>\n<p><strong>Teollisuuden ratkaisut<\/strong><\/p>\n<ul>\n<li> Autoteollisuuden siirrot<\/li>\n<li> Turvalliset, luotettavat kemikaaliliikkeet<\/li>\n<li> Kulutustavarat<\/li>\n<li> Kansainv\u00e4listen j\u00e4rjest\u00f6jen, hallitusten, avustusryhmien ja armeijan liikkuminen<\/li>\n<li> Teolliset siirrot<\/li>\n<li> \u00d6ljyn ja kaasun logistiset ratkaisut<\/li>\n<li> L\u00e4\u00e4kealan ja biotieteiden toimitusketju<\/li>\n<li> Teknologia<\/li>\n<li> Messut ja tapahtumat siirtyy<\/li>\n<\/ul>\n<h2>Agility Yrityksen profiili<\/h2>\n<p>Agility on maailmanlaajuinen logistiikkayritys, jonka kotipaikka on Sulaibiya, <a href=\"https:\/\/moverdb.com\/fi\/moving-to-kuwait\/\" data-internallinksmanager029f6b8e52c=\"354\" title=\"Muutatko Kuwaitiin? 2023 Elinkustannukset ja muuttovinkit\">Kuwait<\/a>. Agility palvelee yrityksi\u00e4, hallituksia, avustusj\u00e4rjest\u00f6j\u00e4, armeijaa ja kansainv\u00e4lisi\u00e4 j\u00e4rjest\u00f6j\u00e4 tarjoamalla kuljetuksia, varastointia, <a href=\"https:\/\/moverdb.com\/fi\/huolitsija\/\">huolinta<\/a> ja logistiset ratkaisut. Yritys ty\u00f6llist\u00e4\u00e4 yli 22 000 ty\u00f6ntekij\u00e4\u00e4, ja sill\u00e4 on yli 500 toimistoa 100 maassa.<\/p>\n<p>Agility aloitti toimintansa vuonna 1979 Kuwaitin valtion omistamana Public Warehousing Co. -yhti\u00f6n\u00e4. Vuonna 1997 yhti\u00f6 yksityistettiin, ja Tarek Sultan Al Essasta tuli sen hallituksen puheenjohtaja. Agility p\u00e4\u00e4tti ponnistaa hy\u00f6dynt\u00e4m\u00e4tt\u00f6mille markkinoille, kuten Afrikkaan, Aasiaan, L\u00e4hi-it\u00e4\u00e4n ja Latinalaiseen Amerikkaan. Yhti\u00f6 laajeni nopeasti ostamalla yli 40 logistiikkayrityst\u00e4 ja omaisuutta ymp\u00e4ri maailmaa. <\/p>\n<p>Vuoteen 2004 menness\u00e4 Agility oli L\u00e4hi-id\u00e4n suurin logistiikkatoimittaja. Vasta vuonna 2006 PWC:st\u00e4 tuli Agility, ja sen uudeksi iskulauseeksi tuli \"A New Logistics Leader\".<\/p>\n<p>Agilityll\u00e4 on kaksi liiketoimintahaaraa - Agility Global Integrated Logistics ja Agility Infrastructure. Ensimm\u00e4inen tarjoaa asiakkailleen toimitusketjuratkaisuja. Agility on suorittanut 2,14 miljoonaa l\u00e4hetyst\u00e4 ja palvellut 60 500 asiakasta. Yhti\u00f6 on siirt\u00e4nyt 372 700 tonnia lentorahtia ja 513 100 TEU:ta lentorahtia. Agility Infrastructure auttaa kehittyvill\u00e4 markkinoilla logistiikkaan liittyviss\u00e4 ongelmissa.<\/p>\n<p>Agility antaa takaisin tarjoamalla pro bono -logistiikkatukea humanitaaristen katastrofien yhteydess\u00e4. Sen henkil\u00f6st\u00f6 tukee my\u00f6s paikallisia yhteis\u00f6j\u00e4<br \/>\n.<br \/>\nAgilityll\u00e4 on seuraavat j\u00e4senyydet ja akkreditoinnit:<\/p>\n<ul>\n<li> Ei mainita verkkosivustolla<\/li>\n<\/ul>\n<h2>Agility Moving Arvostelut<\/h2>\n<p><em>Huomaathan, ett\u00e4 t\u00e4t\u00e4 kirjoitettaessa emme l\u00f6yt\u00e4neet verkossa yht\u00e4\u00e4n arvostelua Agilityn muuttopalveluista.<\/em> <\/p>\n<div itemprop=\"review\" itemscope itemtype=\"http:\/\/schema.org\/Review\">\n<span itemprop=\"author\" itemscope=\"\" itemtype=\"http:\/\/schema.org\/Organization\"><span itemprop=\"name\">MoverDB.com<\/span><\/span> Verkkosivuston arvostelu <span itemprop=\"itemreviewed\" itemscope=\"\" itemtype=\"http:\/\/schema.org\/Brand\"><span itemprop=\"name\">Ketter\u00e4 liikkuminen<\/span><\/span>:<\/p>\n<ol>\n<li> Selke\u00e4t yhteystiedot verkkosivustolla (my\u00f6s puhelinnumero): <strong>Kyll\u00e4<\/strong><\/li>\n<li> Helppo saada <a href=\"https:\/\/moverdb.com\/fi\/lainauksia\/\">kansainv\u00e4liset muutto tarjoukset<\/a>? (Online-arviolomake): <strong>Kyll\u00e4<\/strong><\/li>\n<li> Selke\u00e4t tiedot verkkosivustolla: <strong>Kyll\u00e4,<\/strong> Luettelo tarjoamistaan palveluista.<\/li>\n<li> J\u00e4senyys kansainv\u00e4lisiss\u00e4 tunnustetuissa liikkuvissa j\u00e4rjest\u00f6iss\u00e4: <strong>Ei mainita verkkosivustolla<\/strong><\/li>\n<li> Luettelo asiakkaista ja\/tai aiempien asiakkaiden suosittelut. <strong>Kyll\u00e4,<\/strong> Verkkosivustolla on yksityiskohtaisia selostuksia erilaisista erikoisliikkeist\u00e4.<\/li>\n<\/ol>\n<div itemprop=\"reviewRating\" itemscope itemtype=\"http:\/\/schema.org\/Rating\"><meta itemprop=\"worstRating\" content = \"0\" \/><meta itemprop=\"bestRating\" content=\"5\" \/><meta itemprop=\"ratingValue\" content=\"4\"><\/div>\n<p><strong>Yleisarvosana: 4\/5<\/strong><br \/>\n<strong>Tarkistusp\u00e4iv\u00e4:<\/strong> <span itemprop=\"datePublished\" content=\"2017-01-25\">25\/01\/2017<\/span>\n<\/div>\n<p>Lue lis\u00e4\u00e4 <a href=\"https:\/\/moverdb.com\/fi\/muuttoyritykset\/\">parhaat kansainv\u00e4liset muuttajat<\/a> ja meid\u00e4n <a href=\"https:\/\/moverdb.com\/fi\/arvostelut\/\">tarkistusprosessi<\/a>.<\/p>\n<p><strong>Verkkosivut:<\/strong> <a href=\"http:\/\/www.agility.com\/EN\/products-and-services\/Pages\/Household-Goods-Movement.aspx\" target=\"_blank\" rel=\"noopener\">Ketteryys Kotitaloustavaroiden liikkuvuus<\/a><\/p>","protected":false},"excerpt":{"rendered":"<p>Agility is the largest logistics and moving company in the Middle East. It offers its customers a wide range of services which are listed below, together with a company profile and reviews. Note that Agility does not move household goods or personal effects for individuals. International Moves Door to door service Sea freight or airfreight [&hellip;]<\/p>\n","protected":false},"author":1,"featured_media":0,"parent":0,"menu_order":0,"comment_status":"closed","ping_status":"closed","template":"","meta":{"_genesis_hide_title":false,"_genesis_hide_breadcrumbs":false,"_genesis_hide_singular_image":false,"_genesis_hide_footer_widgets":false,"_genesis_custom_body_class":"","_genesis_custom_post_class":"","_genesis_layout":"","footnotes":""},"class_list":{"0":"post-1680","1":"page","2":"type-page","3":"status-publish","5":"entry"},"_links":{"self":[{"href":"https:\/\/moverdb.com\/fi\/wp-json\/wp\/v2\/pages\/1680","targetHints":{"allow":["GET"]}}],"collection":[{"href":"https:\/\/moverdb.com\/fi\/wp-json\/wp\/v2\/pages"}],"about":[{"href":"https:\/\/moverdb.com\/fi\/wp-json\/wp\/v2\/types\/page"}],"author":[{"embeddable":true,"href":"https:\/\/moverdb.com\/fi\/wp-json\/wp\/v2\/users\/1"}],"replies":[{"embeddable":true,"href":"https:\/\/moverdb.com\/fi\/wp-json\/wp\/v2\/comments?post=1680"}],"version-history":[{"count":3,"href":"https:\/\/moverdb.com\/fi\/wp-json\/wp\/v2\/pages\/1680\/revisions"}],"predecessor-version":[{"id":6167,"href":"https:\/\/moverdb.com\/fi\/wp-json\/wp\/v2\/pages\/1680\/revisions\/6167"}],"wp:attachment":[{"href":"https:\/\/moverdb.com\/fi\/wp-json\/wp\/v2\/media?parent=1680"}],"curies":[{"name":"wp","href":"https:\/\/api.w.org\/{rel}","templated":true}]}}