{"id":1678,"date":"2017-01-25T12:00:23","date_gmt":"2017-01-25T12:00:23","guid":{"rendered":"http:\/\/moverdb.com\/?page_id=1678"},"modified":"2026-01-08T14:47:27","modified_gmt":"2026-01-08T14:47:27","slug":"aires","status":"publish","type":"page","link":"https:\/\/moverdb.com\/fi\/aires\/","title":{"rendered":"Aires - Kansainv\u00e4linen muutto ja muuttoarvostelut"},"content":{"rendered":"<p>Aires tarjoaa asiakkailleen, sek\u00e4 yksityisille ett\u00e4 yrityksille, erilaisia muuttopalveluja. Ne on lueteltu alla yhdess\u00e4 yrityksen profiilin ja arvostelujen kanssa.<\/p>\n<p><strong>Kansainv\u00e4liset muutot<\/strong><\/p>\n<ul>\n<li> Kaikkien kotitaloustavaroiden ja henkil\u00f6kohtaisten tavaroiden t\u00e4ydellinen pakkaaminen ja k\u00e4\u00e4riminen.<\/li>\n<li> Ovelta ovelle<\/li>\n<li> Kotitaloustavaroiden suora lastaus asianmukaiseen konttiin tai pakettiautoon<\/li>\n<li> Kaikkien asiakirjojen valmistelu<\/li>\n<li> Normaali, suora asuinpaikkatoimitus ja roskien poisto<\/li>\n<li> Tyhjien konttien palauttaminen kansainv\u00e4lisess\u00e4 m\u00e4\u00e4r\u00e4paikassa<\/li>\n<li> T\u00e4ydellinen l\u00e4hetyksen tilan seuranta ja siit\u00e4 tiedottaminen<\/li>\n<li> Autot<\/li>\n<li> Pitk\u00e4aikainen ja lyhytaikainen varastointi<\/li>\n<li> Lemmikkiel\u00e4inten uudelleensijoittaminen<\/li>\n<\/ul>\n<p><strong>Kohde- ja kotiutumispalvelut<\/strong><\/p>\n<ul>\n<li> Tapaaminen ja tervehdys<\/li>\n<li> Alueen suuntautuminen<\/li>\n<li> Koulujen haku ja rekister\u00f6inti<\/li>\n<li> Vuokra-asunnon etsint\u00e4apu<\/li>\n<li> Vuokrasopimusneuvottelujen avustaminen<\/li>\n<li> Asettautumispalvelut<\/li>\n<li> Puolison\/kumppanin apu<\/li>\n<li> Tilap\u00e4inen asumispalvelu<\/li>\n<li> Viisumi-, passi- ja maahanmuuttoapu<\/li>\n<li> Kulttuuri- ja kielikoulutuspalvelut<\/li>\n<li> Palauttamisapu<\/li>\n<\/ul>\n<p><strong>Yrityspalvelut<\/strong><\/p>\n<ul>\n<li> Muutonhallintapalvelut<\/li>\n<li> Siirto-ohjelman hallinnointi<\/li>\n<li> ReloNet Web Services Site - Yritysty\u00f6kalut<\/li>\n<li> Politiikan uudelleentarkastelu ja kehitt\u00e4minen<\/li>\n<li> Kiinteist\u00f6palvelut<\/li>\n<li> Kiinteist\u00f6jen ja vuokrasopimusten hallinta<\/li>\n<li> Tarkastuspalvelut<\/li>\n<li> Elinkustannusennusteet<\/li>\n<li> Kulujen hallinta<\/li>\n<li> Vakuutukset ja riskienhallinta<\/li>\n<li> Ryhm\u00e4n muuttopalvelut<\/li>\n<li> Kansainv\u00e4liset korvaukset ja tiedonkeruupalvelut<\/li>\n<li> Toimitusketjun hallinta<\/li>\n<\/ul>\n<h2>Aires Yrityksen profiili<\/h2>\n<p>Airesin eli American International Relocation Solutions LLC:n perusti Jim Putt vuonna 1981. Yritys keskittyi yritysten ja niiden ty\u00f6ntekij\u00f6iden kansainv\u00e4lisiin muuttoihin ja varastointiin. T\u00e4m\u00e4 on nyt laajentunut kattamaan t\u00e4ydellisen muuttopalvelun, joka auttaa ty\u00f6ntekij\u00f6it\u00e4 asettumaan nopeasti uuteen ymp\u00e4rist\u00f6\u00f6ns\u00e4. Aires on edelleen yksityinen perheyritys.<\/p>\n<p>Aires suhtautuu ymp\u00e4rist\u00f6vastuuseensa eritt\u00e4in vakavasti, ja se \"tarttuu vihreisiin asioihin kaikin puolin\". T\u00e4ysin automatisoidut j\u00e4rjestelm\u00e4t v\u00e4hent\u00e4v\u00e4t huomattavasti paperity\u00f6n tarvetta, ja kaikki Airesin toimistot ja toimipaikat ovat energiaa s\u00e4\u00e4st\u00e4vi\u00e4 ja ymp\u00e4rist\u00f6yst\u00e4v\u00e4llisi\u00e4.<\/p>\n<p>Airesilla on seuraavat akkreditoinnit ja j\u00e4senyydet:<\/p>\n<ul>\n<li> <a href=\"https:\/\/moverdb.com\/fi\/tyontekijan-uudelleensijoitusneuvosto\/\">Maailmanlaajuinen ERC<\/a><\/li>\n<li> CERC (Canadian Employee Relocation Council, Kanadan ty\u00f6ntekij\u00f6iden uudelleensijoitusneuvosto)<\/li>\n<li> SHRM (Society for Human Resource Management)<\/li>\n<li> <a href=\"https:\/\/moverdb.com\/fi\/olen\/\">IAM<\/a> (<a href=\"https:\/\/moverdb.com\/fi\/iam\/\" data-internallinksmanager029f6b8e52c=\"23\" title=\"Kansainv\u00e4linen muuttajien liitto (IAM) selitetty\">Kansainv\u00e4linen muuttajien liitto<\/a>)<\/li>\n<li> OSA (Overseas Shippers Association)<\/li>\n<li> <a href=\"https:\/\/moverdb.com\/fi\/fidi-faim\/\">FIDI<\/a> (Federation of International Furniture Removers)<\/li>\n<li> <a href=\"https:\/\/moverdb.com\/fi\/eura\/\">EuRA<\/a> (<a href=\"https:\/\/moverdb.com\/fi\/eura\/\" data-internallinksmanager029f6b8e52c=\"13\" title=\"European Relocation Association (EuRA) selitetty\">EuRA<\/a> Siirtyminen)<\/li>\n<li> PAIMA (Pan American International Movers Association)<\/li>\n<li> <a href=\"https:\/\/moverdb.com\/fi\/lacma\/\">LACMA<\/a> (Latinalaisen Amerikan ja Karibian alueen muuttajien yhdistys)<\/li>\n<li> OMNI (Overseas Moving Network International)<\/li>\n<\/ul>\n<h2>Aires arvostelut<\/h2>\n<p><em>T\u00e4t\u00e4 kirjoittaessamme emme l\u00f6yt\u00e4neet yht\u00e4\u00e4n arvostelua sivustolle Aires.<\/em><\/p>\n<div itemprop=\"review\" itemscope itemtype=\"http:\/\/schema.org\/Review\">\n<span itemprop=\"author\" itemscope=\"\" itemtype=\"http:\/\/schema.org\/Organization\"><span itemprop=\"name\">MoverDB.com<\/span><\/span> Verkkosivuston arvostelu <span itemprop=\"itemreviewed\" itemscope=\"\" itemtype=\"http:\/\/schema.org\/Brand\"><span itemprop=\"name\">Aires<\/span><\/span>:<\/p>\n<ol>\n<li> Selke\u00e4t yhteystiedot verkkosivustolla (my\u00f6s puhelinnumero): <strong>Kyll\u00e4<\/strong><\/li>\n<li> Helppo saada <a href=\"https:\/\/moverdb.com\/fi\/lainauksia\/\">kansainv\u00e4liset muutto tarjoukset<\/a>? (Online-arviolomake): <strong>Kyll\u00e4<\/strong><\/li>\n<li> Selke\u00e4t tiedot verkkosivustolla: <strong>Kyll\u00e4,<\/strong> sis\u00e4lt\u00e4\u00e4 paljon yksityiskohtaista tietoa yrityksen tarjoamista palveluista.<\/li>\n<li> J\u00e4senyys kansainv\u00e4lisiss\u00e4 tunnustetuissa liikkuvissa j\u00e4rjest\u00f6iss\u00e4: <strong>Kyll\u00e4<\/strong>, (ks. edell\u00e4)<\/li>\n<li> Luettelo asiakkaista ja\/tai aiempien asiakkaiden suosittelut. <strong>Ei,<\/strong> vaikka heill\u00e4 on palkintoja koskeva osio.<\/li>\n<\/ol>\n<div itemprop=\"reviewRating\" itemscope itemtype=\"http:\/\/schema.org\/Rating\"><meta itemprop=\"worstRating\" content = \"0\" \/><meta itemprop=\"bestRating\" content=\"5\" \/><meta itemprop=\"ratingValue\" content=\"4\"><\/div>\n<p><strong>Yleisarvosana: 4\/5<\/strong><br \/>\n<strong>Tarkistusp\u00e4iv\u00e4:<\/strong> <span itemprop=\"datePublished\" content=\"2017-01-25\">25\/01\/2017<\/span>\n<\/div>\n<p>Lue lis\u00e4\u00e4 <a href=\"https:\/\/moverdb.com\/fi\/muuttoyritykset\/\">kansainv\u00e4liset muuttofirmat<\/a> ja meid\u00e4n <a href=\"https:\/\/moverdb.com\/fi\/arvostelut\/\">tarkistusprosessi<\/a>.<\/p>\n<p><strong>Verkkosivut:<\/strong> <a href=\"https:\/\/www.aires.com\/\" target=\"_blank\" rel=\"noopener\">https:\/\/www.aires.com\/<\/a><\/p>","protected":false},"excerpt":{"rendered":"<p>Aires offers its clients, both individual and corporate, a variety of moving services. These are listed below together with a company profile and reviews. International Moves Complete packing and wrapping of all household goods and personal effects Door to door Direct loading of household goods into appropriate container or van Preparation of all documentation Normal, [&hellip;]<\/p>\n","protected":false},"author":1,"featured_media":0,"parent":0,"menu_order":0,"comment_status":"closed","ping_status":"closed","template":"","meta":{"_genesis_hide_title":false,"_genesis_hide_breadcrumbs":false,"_genesis_hide_singular_image":false,"_genesis_hide_footer_widgets":false,"_genesis_custom_body_class":"","_genesis_custom_post_class":"","_genesis_layout":"","footnotes":""},"class_list":{"0":"post-1678","1":"page","2":"type-page","3":"status-publish","5":"entry"},"_links":{"self":[{"href":"https:\/\/moverdb.com\/fi\/wp-json\/wp\/v2\/pages\/1678","targetHints":{"allow":["GET"]}}],"collection":[{"href":"https:\/\/moverdb.com\/fi\/wp-json\/wp\/v2\/pages"}],"about":[{"href":"https:\/\/moverdb.com\/fi\/wp-json\/wp\/v2\/types\/page"}],"author":[{"embeddable":true,"href":"https:\/\/moverdb.com\/fi\/wp-json\/wp\/v2\/users\/1"}],"replies":[{"embeddable":true,"href":"https:\/\/moverdb.com\/fi\/wp-json\/wp\/v2\/comments?post=1678"}],"version-history":[{"count":3,"href":"https:\/\/moverdb.com\/fi\/wp-json\/wp\/v2\/pages\/1678\/revisions"}],"predecessor-version":[{"id":6168,"href":"https:\/\/moverdb.com\/fi\/wp-json\/wp\/v2\/pages\/1678\/revisions\/6168"}],"wp:attachment":[{"href":"https:\/\/moverdb.com\/fi\/wp-json\/wp\/v2\/media?parent=1678"}],"curies":[{"name":"wp","href":"https:\/\/api.w.org\/{rel}","templated":true}]}}