{"id":1662,"date":"2017-02-23T10:26:07","date_gmt":"2017-02-23T10:26:07","guid":{"rendered":"http:\/\/moverdb.com\/?page_id=1662"},"modified":"2026-01-08T14:47:48","modified_gmt":"2026-01-08T14:47:48","slug":"bolliger","status":"publish","type":"page","link":"https:\/\/moverdb.com\/fi\/bolliger\/","title":{"rendered":"Bolliger - Kansainv\u00e4liset muutot ja muuttoarvostelut"},"content":{"rendered":"<p>Bolliger tarjoaa asiakkailleen monenlaisia muuttopalveluja. Ne on lueteltu alla yhdess\u00e4 yrityksen profiilin ja arvostelujen kanssa.<\/p>\n<p><strong>Kansainv\u00e4linen muuttaminen<\/strong><\/p>\n<ul>\n<li> Maailmanlaajuinen muuttoresurssien verkosto<\/li>\n<li> Ovelta ovelle<\/li>\n<li> Move Manager, jolla on v\u00e4hint\u00e4\u00e4n 5 vuoden kokemus<\/li>\n<li> Seuraa l\u00e4hetyst\u00e4si 24\/7<\/li>\n<li> Talokatselmus pakkaustarpeiden jne. selvitt\u00e4miseksi.<\/li>\n<li> J\u00e4rjestetty vakuutus<\/li>\n<li> Henkil\u00f6kohtainen koordinaattori auttaa vaadittavien asiakirjojen kanssa<\/li>\n<li> Pakkaaminen ja lastaaminen<\/li>\n<li> Tulliselvitys<\/li>\n<li> Toimitus ja pakkauksen purkaminen<\/li>\n<li> Kaikki tavarat puretaan huolellisesti ja tarkistetaan inventaarioluettelosta ja sijoitetaan oikeisiin huoneisiin.<\/li>\n<li> Hauraat esineet, kuten lasi ja <a href=\"https:\/\/moverdb.com\/fi\/moving-to-china\/\" data-internallinksmanager029f6b8e52c=\"357\" title=\"Muutatko Kiinaan? 2023 Elinkustannukset ja muuttovinkit\">Kiina<\/a>, puretaan pakkauksesta tasaiselle alustalle<\/li>\n<li> Kaikki pakkausmateriaalit ja roskat poistetaan nopeasti kodistasi.<\/li>\n<\/ul>\n<p><strong>Yritysten uudelleensijoituspalvelut<\/strong><\/p>\n<ul>\n<li> Palveluihin asettuminen<\/li>\n<li> Koulu- ja kotihaku<\/li>\n<li> Kulttuuritiedot<\/li>\n<li> Kumppanin\/puolison apu<\/li>\n<li> Lyhytaikainen majoitus<\/li>\n<li> Huonekalujen vuokraus<\/li>\n<\/ul>\n<p><strong>Muuttopalvelut<\/strong><\/p>\n<ul>\n<li> Pakkausmateriaalien toimittaminen<\/li>\n<li> T\u00e4ydelliset pakkauspalvelut<\/li>\n<li> Erikoistunut pakkaus<\/li>\n<li> R\u00e4\u00e4t\u00e4l\u00f6idyt laatikot<\/li>\n<li> Pianojen ja kassakaappien k\u00e4sittely<\/li>\n<li> Moottoroidut tikkaat<\/li>\n<li> Maantie-, ilma- ja merikuljetukset<\/li>\n<li> Tullioperaatiot<\/li>\n<li> Edustajia kaikkialla maailmassa.<\/li>\n<\/ul>\n<p><strong>Toimiston muutto<\/strong><\/p>\n<ul>\n<li> Suunnittelu ja siirtojen suunnittelu<\/li>\n<li> Erikoistunut henkil\u00f6st\u00f6 ja laitteet<\/li>\n<li> Moottoroidut tikkaat ja nosturit<\/li>\n<li> Toimistojen perustaminen<\/li>\n<li> J\u00e4tteiden kierr\u00e4tys ja h\u00e4vitt\u00e4minen<\/li>\n<li> P\u00e4iv\u00e4- ja y\u00f6toiminta<\/li>\n<\/ul>\n<p><strong>Kuvataide<\/strong><\/p>\n<ul>\n<li> Mittatilausty\u00f6n\u00e4 valmistettujen laatikoiden ja laatikoiden suunnittelu ja rakentaminen<\/li>\n<li> Modernien ja antiikkisten taideteosten maahantuontia ja vienti\u00e4 koskevat muodollisuudet kuvataiteen alalla<\/li>\n<li> Kuljetus maanteitse \/ meritse \/ ilmateitse<\/li>\n<li> Erikoistuneet edustajat ymp\u00e4ri maailmaa<\/li>\n<li> N\u00e4yttelytilojen perustaminen<\/li>\n<\/ul>\n<p><strong>Varastointi<\/strong><\/p>\n<ul>\n<li> Lyhyt- ja pitk\u00e4aikainen varastointi<\/li>\n<li> Metallipakkaukset, -laatikot tai -kuormalavat<\/li>\n<li> 24\/7 turvallisuus<\/li>\n<li> Savuh\u00e4lyttimet<\/li>\n<li> S\u00e4\u00e4detty l\u00e4mp\u00f6tila ja kosteus<\/li>\n<li> Asiakirja-arkistot<\/li>\n<\/ul>\n<h2>Bolliger Yrityksen profiili<\/h2>\n<p>Arthur Bolliger avasi ensimm\u00e4isen Bolligerin toimiston Roomassa vuonna 1909. Yrityst\u00e4 johtaa nyky\u00e4\u00e4n nelj\u00e4s sukupolvi Bolligereita, ja sill\u00e4 on toimistot Milanossa, Luganossa ja Firenzess\u00e4. <a href=\"https:\/\/moverdb.com\/fi\/moving-to-switzerland\/\" data-internallinksmanager029f6b8e52c=\"327\" title=\"Muutatko Sveitsiin? 2023 Elinkustannukset ja muuttovinkit\">Sveitsi<\/a>... <a href=\"https:\/\/moverdb.com\/fi\/moving-to-the-uk\/\" data-internallinksmanager029f6b8e52c=\"93\" title=\"Muutatko Yhdistyneeseen kuningaskuntaan? 2022 Elinkustannukset ja muuttovinkit\">UK<\/a>... <a href=\"https:\/\/moverdb.com\/fi\/moving-to-the-united-states\/\" data-internallinksmanager029f6b8e52c=\"94\" title=\"Muutatko Yhdysvaltoihin? 2022 Elinkustannukset ja muuttovinkit\">YHDYSVALLAT<\/a> ja <a href=\"https:\/\/moverdb.com\/fi\/moving-to-spain\/\" data-internallinksmanager029f6b8e52c=\"266\" title=\"Muutatko Espanjaan? 2023 Elinkustannukset ja muuttovinkit\">Espanja<\/a>.<\/p>\n<p>Yrityksen ensimm\u00e4iset kuorma-autot ostettiin vuonna 1919, ja niit\u00e4 k\u00e4ytettiin ensimm\u00e4isess\u00e4 maailmansodassa. Yrityksell\u00e4 on nyky\u00e4\u00e4n yli 200 muuttoautoa, ja se kuljettaa tavaroita yksityishenkil\u00f6ille ja yrityksille ymp\u00e4ri maailmaa. Bolliger oli yksi yrityksen perustajaj\u00e4senist\u00e4. <a href=\"https:\/\/moverdb.com\/fi\/fidi-faim\/\" data-internallinksmanager029f6b8e52c=\"16\" title=\"FIDI &amp; FAIM (FIDI Accredited International Mover) selitettyin\u00e4\">FIDI<\/a>. Nyky\u00e4\u00e4n FIDI on maailman suurin lajissaan toimiva yhdistys, jolla on 600 edustusta 100 maassa. <\/p>\n<p>Vuonna 1982 Bolligerista tuli Allied Internationalin ainoa Italian edustaja.<\/p>\n<p>Vuonna 1985 Bolligerista tuli yksi Overseas Moving Network Internationalin (OMNI) perustajaj\u00e4senist\u00e4. Vuonna 2002 yrityksen asiantuntemus palkittiin ISO 9001 -sertifikaatilla - ensimm\u00e4inen ISO 9001 -sertifikaatti. <a href=\"https:\/\/moverdb.com\/fi\/moving-companies\/\" data-internallinksmanager029f6b8e52c=\"79\" title=\"Top 25 Kansainv\u00e4list\u00e4 muuttoyrityksi\u00e4 verkossa\">muuttofirma<\/a> osoitteessa <a href=\"https:\/\/moverdb.com\/fi\/moving-to-italy\/\" data-internallinksmanager029f6b8e52c=\"346\" title=\"Muutatko Italiaan? 2023 Elinkustannukset ja muuttovinkit\">Italia<\/a> sen saavuttamiseksi.<\/p>\n<p>Bollinger pyrkii jatkuvasti v\u00e4hent\u00e4m\u00e4\u00e4n yrityksen ymp\u00e4rist\u00f6vaikutuksia maapallolla kiinnitt\u00e4m\u00e4ll\u00e4 erityist\u00e4 huomiota k\u00e4ytt\u00e4miins\u00e4 pakkausmateriaaleihin, k\u00e4ytt\u00e4miins\u00e4 ajoneuvoihin ja pyrkim\u00e4ll\u00e4 kierr\u00e4tt\u00e4m\u00e4\u00e4n mahdollisimman paljon. Yritys toteuttaa my\u00f6s hyv\u00e4ntekev\u00e4isyysohjelmia Etel\u00e4-Amerikan ja Afrikan alikehittyneiss\u00e4 maissa.<\/p>\n<p>Bolligerilla on seuraavat akkreditoinnit ja sidonnaisuudet:<\/p>\n<ul>\n<li> <a href=\"https:\/\/moverdb.com\/fi\/allied-van-lines\/\">Allied International<\/a><\/li>\n<li> ISO 9001<\/li>\n<li> <a href=\"https:\/\/moverdb.com\/fi\/fidi-faim\/\">Federation of International Movers<\/a> (FIDI)<\/li>\n<li> Overseas Moving Network International (Overseas Moving Network International, OMNI)<\/li>\n<li> <a href=\"https:\/\/moverdb.com\/fi\/fidi-faim\/\">FIDI:n akkreditoima kansainv\u00e4linen maahantuoja<\/a> (FAIM)<\/li>\n<li> <a href=\"https:\/\/moverdb.com\/fi\/olen\/\">Kansainv\u00e4linen muuttajien liitto<\/a> (<a href=\"https:\/\/moverdb.com\/fi\/iam\/\" data-internallinksmanager029f6b8e52c=\"23\" title=\"Kansainv\u00e4linen muuttajien liitto (IAM) selitetty\">IAM<\/a>)<\/li>\n<li> <a href=\"https:\/\/moverdb.com\/fi\/iata\/\">Kansainv\u00e4linen ilmakuljetusliitto<\/a> (<a href=\"https:\/\/moverdb.com\/fi\/iata\/\" data-internallinksmanager029f6b8e52c=\"22\" title=\"Kansainv\u00e4lisen ilmakuljetusliiton (IATA) selitykset\">IATA<\/a>)<\/li>\n<li> <a href=\"https:\/\/moverdb.com\/fi\/fedemac\/\">Federation of European Movers Association<\/a> (<a href=\"https:\/\/moverdb.com\/fi\/fedemac\/\" data-internallinksmanager029f6b8e52c=\"15\" title=\"Federation of European Movers Association (FEDEMAC) selitetty\">FEDEMAC<\/a>)<\/li>\n<\/ul>\n<h2>Bolliger Arvostelut<\/h2>\n<p><strong>Positiivinen:<\/strong><\/p>\n<ul>\n<li> \"Koordinaattorimme oli eritt\u00e4in ammattitaitoinen ja avulias. H\u00e4n vastasi kaikkiin kysymyksiimme ja teki muutostamme Roomasta toiseen. <a href=\"https:\/\/moverdb.com\/fi\/moving-to-london\/\">Lontoo<\/a> tuntea olonsa helpoksi ja turvalliseksi. H\u00e4n huolehti aivan kaikesta. K\u00e4yt\u00e4mme Bolligeria ehdottomasti uudelleen seuraavassa muutossamme ja voimme suositella heit\u00e4 kaikille.\" - Bolligerin asiakas <a href=\"http:\/\/www.bolliger.co.uk\/testimonials.html\" target=\"_blank\" rel=\"noopener\">Suosittelu<\/a><\/li>\n<li> <em>\"Kaiken kaikkiaan olin eritt\u00e4in tyytyv\u00e4inen t\u00e4h\u00e4n muuttokokemukseen. Kyseess\u00e4 oli rumpuja ja symbaaleja, joten aika herkk\u00e4\u00e4 tavaraa. Kaikki saapui turvallisesti ja ajallaan. Yhteydenotot ja viestint\u00e4 olivat moitteettomia ja oikea-aikaisia.\"<\/em> - Andrea kautta <a href=\"http:\/\/www.removalreviews.co.uk\/movers\/bolliger-352#2761  Read more: http:\/\/www.removalreviews.co.uk\/movers\/bolliger-352\" target=\"_blank\" rel=\"noopener\">Muutto Arvostelut<\/a><\/li>\n<li> <em>\"En useinkaan kirjoita t\u00e4llaisia suosituksia tai arvosteluja, mutta minun oli pakko kiitt\u00e4\u00e4 Bolligeria loistavasta ty\u00f6st\u00e4, jota se teki hiljattain muuttaessani Lontoosta Berliiniin.\"<\/em> - davelucas kautta <a href=\"https:\/\/www.yell.com\/biz\/bolliger-uk-ltd-west-drayton-7150125\/\" target=\"_blank\" rel=\"noopener\">Huuda<\/a><\/li>\n<\/ul>\n<p><strong>Negatiivinen:<\/strong><\/p>\n<ul>\n<li> <em>\"\u00c4lk\u00e4\u00e4 antako Bolligerin myyntipuheiden ja huippuosaamista koskevien v\u00e4itteiden h\u00e4m\u00e4t\u00e4...\"<\/em> - Herra D Bruce kautta <a href=\"http:\/\/www.removalreviews.co.uk\/movers\/bolliger-352#10617  Read more: http:\/\/www.removalreviews.co.uk\/movers\/bolliger-352\" target=\"_blank\" rel=\"noopener\">Muutto Arvostelut<\/a><\/li>\n<li> <em>\"Bolliger UK oli aivan kauhea...... Kokematon, ilke\u00e4mielinen toimistohenkil\u00f6kunta saapui my\u00f6h\u00e4ss\u00e4 ilman muuttov\u00e4lineit\u00e4, vaikka varattu muutto sis\u00e4lsi my\u00f6s flyygelimme.\"<\/em> - Don.Br kautta <a href=\"http:\/\/www.reviewcentre.com\/Removal-Companies\/Bolliger-www-bolliger-co-uk-reviews_2387554\" target=\"_blank\" rel=\"noopener\">Arvostelukeskus<\/a><\/li>\n<\/ul>\n<div itemprop=\"review\" itemscope itemtype=\"http:\/\/schema.org\/Review\">\n<span itemprop=\"author\" itemscope=\"\" itemtype=\"http:\/\/schema.org\/Organization\"><span itemprop=\"name\">MoverDB.com<\/span><\/span> Verkkosivuston arvostelu <span itemprop=\"itemreviewed\" itemscope=\"\" itemtype=\"http:\/\/schema.org\/Brand\"><span itemprop=\"name\">Bolliger<\/span><\/span>:<\/p>\n<ol>\n<li> Selke\u00e4t yhteystiedot verkkosivustolla (my\u00f6s puhelinnumero): <strong>Kyll\u00e4<\/strong><\/li>\n<li> Helppo saada <a href=\"https:\/\/moverdb.com\/fi\/lainauksia\/\">kansainv\u00e4liset muutto tarjoukset<\/a>? (Online-arviolomake): <strong>Kyll\u00e4<\/strong><\/li>\n<li> Selke\u00e4t tiedot verkkosivustolla: <strong>Kyll\u00e4,<\/strong> mutta ei aina kovin yksityiskohtaisia.<\/li>\n<li> J\u00e4senyys kansainv\u00e4lisiss\u00e4 tunnustetuissa liikkuvissa j\u00e4rjest\u00f6iss\u00e4: <strong>Kyll\u00e4<\/strong>, (ks. edell\u00e4)<\/li>\n<li> Luettelo asiakkaista ja\/tai aiempien asiakkaiden suosittelut: <strong>Kyll\u00e4,<\/strong> monia positiivisia asiakaskertomuksia ja yleisesti ottaen hyvi\u00e4 arvosteluja muualta verkosta.<\/li>\n<\/ol>\n<div itemprop=\"reviewRating\" itemscope itemtype=\"http:\/\/schema.org\/Rating\"><meta itemprop=\"worstRating\" content = \"0\" \/><meta itemprop=\"bestRating\" content=\"5\" \/><meta itemprop=\"ratingValue\" content=\"4.5\"><\/div>\n<p><strong>Yleisarvosana: 4.5\/5<\/strong><br \/>\n<strong>Tarkistusp\u00e4iv\u00e4:<\/strong> <span itemprop=\"datePublished\" content=\"2017-02-23\">23\/02\/2017<\/span>\n<\/div>\n<p>Lue lis\u00e4\u00e4 <a href=\"https:\/\/moverdb.com\/fi\/muuttoyritykset\/\">kansainv\u00e4liset muuttofirmat<\/a> ja meid\u00e4n <a href=\"https:\/\/moverdb.com\/fi\/arvostelut\/\">tarkistusprosessi<\/a>.<\/p>\n<p><strong>Verkkosivut:<\/strong> IT: <a href=\"http:\/\/www.bolliger.it\/\" target=\"_blank\" rel=\"noopener\">http:\/\/www.bolliger.it\/<\/a> YHDISTYNYT KUNINGASKUNTA: <a href=\"http:\/\/www.bolliger.co.uk\/\" target=\"_blank\" rel=\"noopener\">http:\/\/www.bolliger.co.uk\/<\/a><\/p>","protected":false},"excerpt":{"rendered":"<p>Bolliger offers its customers a wide variety of moving services. These are listed below together with a company profile and reviews. International Moving Worldwide network of moving resources Door to door Move Manager with at least 5 years&#8217; experience Track your shipment 24\/7 House survey to ascertain packing requirements etc Insurance arranged Personal coordinator will [&hellip;]<\/p>\n","protected":false},"author":1,"featured_media":0,"parent":0,"menu_order":0,"comment_status":"closed","ping_status":"closed","template":"","meta":{"_genesis_hide_title":false,"_genesis_hide_breadcrumbs":false,"_genesis_hide_singular_image":false,"_genesis_hide_footer_widgets":false,"_genesis_custom_body_class":"","_genesis_custom_post_class":"","_genesis_layout":"","footnotes":""},"class_list":{"0":"post-1662","1":"page","2":"type-page","3":"status-publish","5":"entry"},"_links":{"self":[{"href":"https:\/\/moverdb.com\/fi\/wp-json\/wp\/v2\/pages\/1662","targetHints":{"allow":["GET"]}}],"collection":[{"href":"https:\/\/moverdb.com\/fi\/wp-json\/wp\/v2\/pages"}],"about":[{"href":"https:\/\/moverdb.com\/fi\/wp-json\/wp\/v2\/types\/page"}],"author":[{"embeddable":true,"href":"https:\/\/moverdb.com\/fi\/wp-json\/wp\/v2\/users\/1"}],"replies":[{"embeddable":true,"href":"https:\/\/moverdb.com\/fi\/wp-json\/wp\/v2\/comments?post=1662"}],"version-history":[{"count":5,"href":"https:\/\/moverdb.com\/fi\/wp-json\/wp\/v2\/pages\/1662\/revisions"}],"predecessor-version":[{"id":6184,"href":"https:\/\/moverdb.com\/fi\/wp-json\/wp\/v2\/pages\/1662\/revisions\/6184"}],"wp:attachment":[{"href":"https:\/\/moverdb.com\/fi\/wp-json\/wp\/v2\/media?parent=1662"}],"curies":[{"name":"wp","href":"https:\/\/api.w.org\/{rel}","templated":true}]}}