{"id":1650,"date":"2017-04-24T10:40:56","date_gmt":"2017-04-24T10:40:56","guid":{"rendered":"http:\/\/moverdb.com\/?page_id=1650"},"modified":"2026-01-08T14:48:05","modified_gmt":"2026-01-08T14:48:05","slug":"cosco-shipping","status":"publish","type":"page","link":"https:\/\/moverdb.com\/fi\/cosco-shipping\/","title":{"rendered":"COSCO Shipping Lines - Kansainv\u00e4liset palvelut ja arvostelut"},"content":{"rendered":"<p>COSCO Shipping Lines (<a href=\"https:\/\/moverdb.com\/fi\/moving-to-china\/\" data-internallinksmanager029f6b8e52c=\"357\" title=\"Muutatko Kiinaan? 2023 Elinkustannukset ja muuttovinkit\">Kiina<\/a> Ocean Shipping (Group) Company) tarjoaa asiakkailleen laajan valikoiman palveluja. Ne on lueteltu alla yhdess\u00e4 yrityksen profiilin ja arvostelujen kanssa.<\/p>\n<p><strong><a href=\"https:\/\/moverdb.com\/fi\/container-shipping\/\" data-internallinksmanager029f6b8e52c=\"3\" title=\"Kansainv\u00e4lisen konttikuljetuksen hinnat: huhtikuu 2026\">Konttikuljetukset<\/a><\/strong><\/p>\n<ul>\n<li> Aluskanta - 170 nykyaikaista konttialusta<\/li>\n<li> Palvelureitit - 84 kansainv\u00e4list\u00e4 laivareitti\u00e4 ja 23 kotimaan laivareitti\u00e4.<\/li>\n<li> Maailmanlaajuinen verkosto<\/li>\n<li> 22 000 kylm\u00e4kontillista<\/li>\n<\/ul>\n<p><strong>Kuiva irtolastin kuljetus<\/strong><\/p>\n<ul>\n<li> Aluslaivasto - 380 alusta, kantavuus 34 miljoonaa DWT:t\u00e4<\/li>\n<li> Rautamalmi<\/li>\n<li> Hiili<\/li>\n<li> Vilja<\/li>\n<li> Ter\u00e4s<\/li>\n<li> Muut irtolastit<\/li>\n<li> 1,000 <a href=\"https:\/\/moverdb.com\/fi\/top-49-container-ports\/\" data-internallinksmanager029f6b8e52c=\"80\" title=\"Top 49 suurinta ja vilkkainta konttisatamaa vuonna 2025\">satamat<\/a> yli 100 maassa<\/li>\n<li> Laiva-ranta-synkronointij\u00e4rjestelm\u00e4<\/li>\n<\/ul>\n<p><strong>\u00d6ljyn ja kaasun merenkulku<\/strong><\/p>\n<ul>\n<li> Laivataan yli 300 satamaan maailmanlaajuisesti<\/li>\n<li> Raaka\u00f6ljy<\/li>\n<li> Tuote\u00f6ljy<\/li>\n<li> Nestekaasu ja nesteytetty maakaasu<\/li>\n<\/ul>\n<p><strong>Erikois- ja kappaletavarakuljetukset<\/strong><\/p>\n<ul>\n<li> Monik\u00e4ytt\u00f6iset raskaat nostoalukset<\/li>\n<li> Puoliksi uppoavat alukset<\/li>\n<li> Asfalttilaivat<\/li>\n<li> Puutavaran kuljettajat<\/li>\n<li> Autonkuljetusyritykset<\/li>\n<\/ul>\n<p><strong>Merenkulun rahoitusala<\/strong><\/p>\n<ul>\n<li> Alusten rahtaus<\/li>\n<li> Konttien leasing<\/li>\n<li> Terminaalivarastot<\/li>\n<li> Kuljetusvakuutus<\/li>\n<\/ul>\n<p><strong>Matkustajalinjapalvelut<\/strong><\/p>\n<ul>\n<li> Kiinan kotimaan rannikko<\/li>\n<li> Kiina - <a href=\"https:\/\/moverdb.com\/fi\/moving-to-japan\/\" data-internallinksmanager029f6b8e52c=\"342\" title=\"Muutatko Japaniin? 2023 Elinkustannukset ja muuttovinkit\">Japani<\/a><\/li>\n<li> Kiina - Korea<\/li>\n<li> Manner-Taiwan<\/li>\n<\/ul>\n<h2>COSCO Shipping Lines Yrityksen profiili<\/h2>\n<p>China Ocean Shipping (Group) Companyn omistaa Kiinan hallitus, ja sen p\u00e4\u00e4konttori sijaitsee Shanghaissa. COSCO on Kiinan suurin irtolastialus ja yksi maailman suurimmista. Sill\u00e4 on yhteens\u00e4 1 114 alusta, joiden kapasiteetti on 85,32 miljoonaa DWT. Se omistaa my\u00f6s 46 konttiterminaalia maailmanlaajuisesti, joissa on 190 laituripaikkaa.<\/p>\n<p>Helmikuussa 2016 COSCO-konserni yhdistyi China Shipping Groupin kanssa ja muodosti China COSCO Shipping Corporationin. Se on monipuolinen yritys, joka tarjoaa palveluja merenkulun, laivanrakennuksen ja -korjauksen, terminaalitoiminnan ja konttien valmistuksen aloilla, vain muutamia esimerkkej\u00e4 mainitakseni.<\/p>\n<p>China COSCO Shipping Corporation Ltd:ll\u00e4 on seuraavat akkreditoinnit ja sidonnaisuudet:<\/p>\n<ul>\n<li> Aluksen kansainv\u00e4linen turvatodistus<\/li>\n<li> Turvallisuusjohtamisen sertifikaatti<\/li>\n<li> Johtamisj\u00e4rjestelm\u00e4n akkreditointitodistus<\/li>\n<li> Ymp\u00e4rist\u00f6asioiden hallintaj\u00e4rjestelm\u00e4n akkreditointi<\/li>\n<li> Ty\u00f6terveyden ja -turvallisuuden hallintaj\u00e4rjestelm\u00e4n akkreditointi<\/li>\n<li> Yrityksen energiatehokkuuden hallinnan sertifikaatti<\/li>\n<\/ul>\n<h2>COSCO Shipping Lines Arvostelut<\/h2>\n<p>Julkaisuhetkell\u00e4 emme l\u00f6yt\u00e4neet yht\u00e4\u00e4n positiivista tai negatiivista arviota COSCO Shipping Linesin palveluista.<\/p>\n<div itemprop=\"review\" itemscope itemtype=\"http:\/\/schema.org\/Review\">\n<strong><span itemprop=\"author\" itemscope=\"\" itemtype=\"http:\/\/schema.org\/Organization\"><span itemprop=\"name\">MoverDB.com<\/span><\/span> Verkkosivuston arvostelu <span itemprop=\"itemreviewed\" itemscope=\"\" itemtype=\"http:\/\/schema.org\/Brand\"><span itemprop=\"name\">COSCO Shipping Lines<\/span><\/span>:<\/strong><\/p>\n<ol>\n<li> Selke\u00e4t yhteystiedot verkkosivustolla (my\u00f6s puhelinnumero): <strong>Kyll\u00e4<\/strong><\/li>\n<li> Helppo saada kansainv\u00e4lisi\u00e4 kuljetustarjouksia? (Online-arviolomake): <strong>Kyll\u00e4<\/strong>, he tarjoavat online-tarjouspalvelun ja my\u00f6s s\u00e4hk\u00f6isen liiketoimintapalvelun, jonka avulla voit seurata l\u00e4hetyksi\u00e4si.<\/li>\n<li> Selke\u00e4t tiedot verkkosivustolla: <strong>Osittain,<\/strong> verkkosivustolla on paljon tietoa, mutta se ei ole kaikkein k\u00e4ytt\u00e4j\u00e4yst\u00e4v\u00e4llisin.<\/li>\n<li> J\u00e4senyys kansainv\u00e4lisesti tunnustetuissa merenkulkuj\u00e4rjest\u00f6iss\u00e4: <strong>Kyll\u00e4<\/strong><\/li>\n<li> Luettelo asiakkaista ja\/tai aiempien asiakkaiden suosittelut. <strong>Ei,<\/strong> emme l\u00f6yt\u00e4neet niit\u00e4 julkaisuhetkell\u00e4.<\/li>\n<\/ol>\n<div itemprop=\"reviewRating\" itemscope itemtype=\"http:\/\/schema.org\/Rating\"><meta itemprop=\"worstRating\" content = \"0\" \/><meta itemprop=\"bestRating\" content=\"5\" \/><meta itemprop=\"ratingValue\" content=\"3.5\"><\/div>\n<p><strong>Yleisarvosana: 3.5\/5<\/strong><br \/>\n<strong>Tarkistusp\u00e4iv\u00e4:<\/strong> <span itemprop=\"datePublished\" content=\"2017-04-24\">24\/04\/2017<\/span>\n<\/div>\n<p>Lis\u00e4tietoja muista <a href=\"https:\/\/moverdb.com\/fi\/laivayhtiot\/\">kansainv\u00e4liset varustamot<\/a>, <a href=\"https:\/\/moverdb.com\/fi\/konttikuljetukset\/\">konttien kuljetusmaksut<\/a> ja meid\u00e4n <a href=\"https:\/\/moverdb.com\/fi\/arvostelut\/\">tarkistusprosessi<\/a>.<\/p>\n<p><strong>Verkkosivusto:<\/strong> <a href=\"http:\/\/lines.coscoshipping.com\/home.do\" target=\"_blank\" rel=\"noopener\">http:\/\/lines.coscoshipping.com\/home.do<\/a><\/p>","protected":false},"excerpt":{"rendered":"<p>COSCO Shipping Lines (China Ocean Shipping (Group) Company) offers its clients a wide array of services. These are listed below together with a company profile and reviews. Container Shipping Vessel fleet &#8211; 170 modern container vessels Service routes &#8211; 84 international shipping routes and 23 domestic Global network 22,000 refrigerated containers Dry Bulk Cargo Shipping [&hellip;]<\/p>\n","protected":false},"author":1,"featured_media":0,"parent":0,"menu_order":0,"comment_status":"closed","ping_status":"closed","template":"","meta":{"_genesis_hide_title":false,"_genesis_hide_breadcrumbs":false,"_genesis_hide_singular_image":false,"_genesis_hide_footer_widgets":false,"_genesis_custom_body_class":"","_genesis_custom_post_class":"","_genesis_layout":"","footnotes":""},"class_list":{"0":"post-1650","1":"page","2":"type-page","3":"status-publish","5":"entry"},"_links":{"self":[{"href":"https:\/\/moverdb.com\/fi\/wp-json\/wp\/v2\/pages\/1650","targetHints":{"allow":["GET"]}}],"collection":[{"href":"https:\/\/moverdb.com\/fi\/wp-json\/wp\/v2\/pages"}],"about":[{"href":"https:\/\/moverdb.com\/fi\/wp-json\/wp\/v2\/types\/page"}],"author":[{"embeddable":true,"href":"https:\/\/moverdb.com\/fi\/wp-json\/wp\/v2\/users\/1"}],"replies":[{"embeddable":true,"href":"https:\/\/moverdb.com\/fi\/wp-json\/wp\/v2\/comments?post=1650"}],"version-history":[{"count":3,"href":"https:\/\/moverdb.com\/fi\/wp-json\/wp\/v2\/pages\/1650\/revisions"}],"predecessor-version":[{"id":6196,"href":"https:\/\/moverdb.com\/fi\/wp-json\/wp\/v2\/pages\/1650\/revisions\/6196"}],"wp:attachment":[{"href":"https:\/\/moverdb.com\/fi\/wp-json\/wp\/v2\/media?parent=1650"}],"curies":[{"name":"wp","href":"https:\/\/api.w.org\/{rel}","templated":true}]}}