{"id":1648,"date":"2017-04-21T14:26:25","date_gmt":"2017-04-21T14:26:25","guid":{"rendered":"http:\/\/moverdb.com\/?page_id=1648"},"modified":"2026-01-08T14:47:58","modified_gmt":"2026-01-08T14:47:58","slug":"cma-cgm","status":"publish","type":"page","link":"https:\/\/moverdb.com\/fi\/cma-cgm\/","title":{"rendered":"CMA CGM Group - Kansainv\u00e4liset merenkulun palvelut ja arvostelut"},"content":{"rendered":"<p>CMA CGM Group tarjoaa asiakkailleen laajan valikoiman merenkulku- ja logistiikkaratkaisuja. Ne on lueteltu alla yhdess\u00e4 yrityksen profiilin ja arvostelujen kanssa.<\/p>\n<h3>Kansainv\u00e4linen merenkulku<\/h3>\n<p><strong>Kuivat s\u00e4ili\u00f6t<\/strong><\/p>\n<ul>\n<li> Yleisk\u00e4ytt\u00f6iset kontit (20'\/40'\/40\u2032 HC\/45\u2032 HC);<\/li>\n<li> Lavan levyiset kontit (40\u2032 HC PW\/45\u2032 HC PW);<\/li>\n<li> Erikoiskontit (tasokontit, avokontit, avosivukontit, lavakontit, s\u00e4ili\u00f6kontit jne.).<\/li>\n<li> Henkil\u00f6kohtainen palvelu<\/li>\n<\/ul>\n<p><strong>Reefer-kontit<\/strong><\/p>\n<ul>\n<li> 20\u2032 RE\/40\u2032 RH Reefer-kontit,<\/li>\n<li> Markkinoiden suurin 45\u2032 RH Pallet -leveiden konttien laivasto, joka on tarkoitettu Euroopan sis\u00e4iseen kauppaan.<\/li>\n<li> Oma osasto<\/li>\n<\/ul>\n<p><strong>XXL Cargo<\/strong><\/p>\n<ul>\n<li> Kuljettaa rahtia, jonka mitat ja paino eiv\u00e4t ole vakiomittaisia.<\/li>\n<li> Luksusautot<\/li>\n<li> Helikopterit<\/li>\n<li> Suuret koneet<\/li>\n<li> Rautatievaunut<\/li>\n<li> Ylisuuret turbiinit ja generaattorit<\/li>\n<li> Asiantuntemus irtolastin kuljettamisessa<\/li>\n<\/ul>\n<p><strong>Sis\u00e4vesiliikenne - Intermodaalipalvelut - Joka mantereella<\/strong><\/p>\n<ul>\n<li> Kattava ovelta ovelle -palvelu<\/li>\n<li> R\u00e4\u00e4t\u00e4l\u00f6idyt ratkaisut sis\u00e4maassa - (rautatie-, maantie- ja jokikuljetukset).<\/li>\n<li> Optimoi toimitusketju kustannuss\u00e4\u00e4st\u00f6jen avulla ovelta ovelle -mahdollisuuksien avulla.<\/li>\n<li> Houkutteleva erityinen pid\u00e4tys- ja seisonta-aika<\/li>\n<li> Tarkka seuranta oikea-aikaisten toimitusten varmistamiseksi<\/li>\n<li> Helppo varaus ja seuranta<a>s\u00e4hk\u00f6isen liiketoiminnan alusta<\/a><\/li>\n<\/ul>\n<p><strong>AQUAVIVA - El\u00e4vien hummerien kuljetus<\/strong><\/p>\n<ul>\n<li> Ovelta ovelle -palvelu<\/li>\n<li> Uusi vaihtoehto sek\u00e4 pakastamiselle ett\u00e4 kalliille lentorahtikuljetuksille.<\/li>\n<li> S\u00e4ilytt\u00e4\u00e4 hummerin luonnollisen elinymp\u00e4rist\u00f6n<\/li>\n<li> Takaa ensimm\u00e4isen p\u00e4iv\u00e4n tuoreuden ja laadun my\u00f6s pitk\u00e4aikaisen s\u00e4ilytyksen ajan.<\/li>\n<li> Kunnioittaa ymp\u00e4rist\u00f6\u00e4<\/li>\n<\/ul>\n<p><strong>RORO (Roll on Roll off)<\/strong><\/p>\n<ul>\n<li> <strong><a href=\"https:\/\/moverdb.com\/fi\/moving-companies\/algeria\/\" data-internallinksmanager029f6b8e52c=\"166\" title=\"3 parasta kansainv\u00e4list\u00e4 muuttofirmaa Algeriassa\">Algeria<\/a><\/strong>Mostaganemiin ja Oraniin sek\u00e4 B\u00e9jaan suuntautuva liikenne.<\/li>\n<li> <strong><a href=\"https:\/\/moverdb.com\/fi\/moving-companies\/moving-companies-morocco\/\" data-internallinksmanager029f6b8e52c=\"287\" title=\"4 parasta kansainv\u00e4list\u00e4 muuttoliikett\u00e4 Marokossa\">Marokko<\/a><\/strong>: Casablancaan suuntautuva liikenne<\/li>\n<li> <strong>Tunisia<\/strong>: Radesiin ja La Gouletteen suuntautuva palvelu<\/li>\n<\/ul>\n<p><strong>Rahtiristeilyt<\/strong><\/p>\n<ul>\n<li> Jaa jokap\u00e4iv\u00e4inen el\u00e4m\u00e4 miehist\u00f6n kanssa<\/li>\n<li> 170 merenkulkulinjaa, 450 <a href=\"https:\/\/moverdb.com\/fi\/top-49-container-ports\/\" data-internallinksmanager029f6b8e52c=\"80\" title=\"Top 49 suurinta ja vilkkainta konttisatamaa vuonna 2025\">satamat<\/a> ja 150 maata<\/li>\n<li> Varaa muutamaksi p\u00e4iv\u00e4ksi tai muutamaksi kuukaudeksi<\/li>\n<li> Mene maihin p\u00e4iv\u00e4ksi tai viikoksi ja ehdi seuraavaan laivaan.<\/li>\n<\/ul>\n<h2>CMA CGM Group Yritysprofiili<\/h2>\n<p>CMA CGM -konsernin perusti Jacques R. Saad\u00e9 vuonna 1978 Marseillessa Compagnie Maritime d'Affr\u00e8tementin (CMA). CMA:lla oli yksi alus ja nelj\u00e4 ty\u00f6ntekij\u00e4\u00e4, jotka hoitivat yht\u00e4 laivaliikennett\u00e4 Beirutin, Lattakian, Marseillen ja Livornon v\u00e4lill\u00e4. <\/p>\n<p>Vuoteen 1980 menness\u00e4 CMA:lla on kaksi alusta ja 65 ty\u00f6ntekij\u00e4\u00e4, ja se on avannut toimistoja Euroopassa. Vuonna 1983 CMA aloitti multimodaalipalvelun, joka mahdollistaa tavaroiden l\u00e4hett\u00e4misen ovelta ovelle.<\/p>\n<p>Vuonna 1999 CGM ja CMA fuusioituivat, jolloin yhti\u00f6st\u00e4 tuli maailman 12. suurin. Vuoteen 2003 menness\u00e4 yhti\u00f6 oli noussut 5. sijalle.<sup>th<\/sup> asema. Vuonna 2006 CMA CGM:st\u00e4 tuli maailman kolmanneksi suurin laivayhti\u00f6.<sup>rd<\/sup> suurin <a href=\"https:\/\/moverdb.com\/fi\/laivayhtiot\/\" target=\"_blank\" rel=\"noopener\">konttien merenkulku- ja kuljetusyritys<\/a>, mik\u00e4 se on pysynyt t\u00e4h\u00e4n p\u00e4iv\u00e4\u00e4n asti.<\/p>\n<p>Nyky\u00e4\u00e4n CMA CGM -konserni ty\u00f6llist\u00e4\u00e4 l\u00e4hes 25 000 henkil\u00f6\u00e4 maailmanlaajuisesti, ja sill\u00e4 on 64 toimistoa ja virastoa eri puolilla maailmaa. Sill\u00e4 on kaksi p\u00e4\u00e4konttoria, toinen Marseillessa ja toinen Norfolkissa, <a href=\"https:\/\/moverdb.com\/fi\/moving-to-the-united-states\/moving-to-virginia\/\" data-internallinksmanager029f6b8e52c=\"442\" title=\"Muutto Virginiassa? 2023 Elinkustannukset ja muuttovinkit\">Virginia<\/a>. Yhti\u00f6 liikenn\u00f6i 170 merenkulkulinjalla ja k\u00e4y 450 satamassa 150 maassa. Se on nyt kolmanneksi suurin <a href=\"https:\/\/moverdb.com\/fi\/shipping-companies\/\" data-internallinksmanager029f6b8e52c=\"4\" title=\"Top 10 kansainv\u00e4list\u00e4 konttikuljetusyrityst\u00e4\">varustamo<\/a> maailmassa, ja sen laivastossa on 428 alusta.<\/p>\n<p>CMA CGM:ll\u00e4 on seuraavat akkreditoinnit ja sidonnaisuudet:<\/p>\n<ul>\n<li> Aluksen kansainv\u00e4linen turvatodistus (ISSC)<\/li>\n<li> Turvallisuusjohtamistodistus (SMC)<\/li>\n<li> Merity\u00f6t\u00e4 koskeva yleissopimus (MLC)<\/li>\n<li> <a href=\"https:\/\/moverdb.com\/fi\/world-shipping-council\/\">Maailman merenkulkuneuvosto<\/a> (<a href=\"https:\/\/moverdb.com\/fi\/world-shipping-council\/\" data-internallinksmanager029f6b8e52c=\"82\" title=\"Maailman merenkulkuj\u00e4rjest\u00f6 (WSC) selitetty\">WSC<\/a>)<\/li>\n<\/ul>\n<h2>CMA CGM Group Arvostelut<\/h2>\n<p><em>T\u00e4t\u00e4 kirjoitettaessa emme l\u00f6yt\u00e4neet yht\u00e4\u00e4n arviota CMA CGM Groupin merenkulku-palveluista verkosta.<\/em><\/p>\n<div itemprop=\"review\" itemscope itemtype=\"http:\/\/schema.org\/Review\">\n<strong><span itemprop=\"author\" itemscope=\"\" itemtype=\"http:\/\/schema.org\/Organization\"><span itemprop=\"name\">MoverDB.com<\/span><\/span> Verkkosivuston arvostelu <span itemprop=\"itemreviewed\" itemscope=\"\" itemtype=\"http:\/\/schema.org\/Brand\"><span itemprop=\"name\">CMA CGM Group<\/span><\/span>:<\/strong><\/p>\n<ol>\n<li> Selke\u00e4t yhteystiedot verkkosivustolla (my\u00f6s puhelinnumero): <strong>Kyll\u00e4<\/strong><\/li>\n<li> Helppo saada <a href=\"https:\/\/moverdb.com\/fi\/container-shipping\/\" data-internallinksmanager029f6b8e52c=\"3\" title=\"Kansainv\u00e4lisen konttikuljetuksen hinnat: huhtikuu 2026\">kansainv\u00e4linen merenkulku<\/a> lainauksia? (Online-arviolomake): <strong>Ei<\/strong>, n\u00e4ytt\u00e4\u00e4 silt\u00e4, ett\u00e4 sinun on rekister\u00f6idytt\u00e4v\u00e4 saadaksesi tarjouksia.<\/li>\n<li> Selke\u00e4t tiedot verkkosivustolla: <strong>Kyll\u00e4,<\/strong> verkkosivustolla on yksityiskohtaista tietoa kaikista heid\u00e4n palveluistaan.<\/li>\n<li> J\u00e4senyys kansainv\u00e4lisesti tunnustetuissa merenkulkuj\u00e4rjest\u00f6iss\u00e4: <strong>Kyll\u00e4<\/strong><\/li>\n<li> Luettelo asiakkaista ja\/tai aiempien asiakkaiden suosittelut. <strong>Ei,<\/strong> heid\u00e4n verkkosivustollaan ei mainita yht\u00e4\u00e4n.<\/li>\n<\/ol>\n<div itemprop=\"reviewRating\" itemscope itemtype=\"http:\/\/schema.org\/Rating\"><meta itemprop=\"worstRating\" content = \"0\" \/><meta itemprop=\"bestRating\" content=\"5\" \/><meta itemprop=\"ratingValue\" content=\"3.5\"><\/div>\n<p><strong>Yleisarvosana: 3.5\/5<\/strong><br \/>\n<strong>Tarkistusp\u00e4iv\u00e4:<\/strong> <span itemprop=\"datePublished\" content=\"2017-04-21\">21\/04\/2017<\/span>\n<\/div>\n<p>Lis\u00e4tietoja muista <a href=\"https:\/\/moverdb.com\/fi\/laivayhtiot\/\">kansainv\u00e4liset varustamot<\/a>, <a href=\"https:\/\/moverdb.com\/fi\/konttikuljetukset\/\">konttien kuljetusmaksut<\/a> ja meid\u00e4n <a href=\"https:\/\/moverdb.com\/fi\/arvostelut\/\">tarkistusprosessi<\/a>.<\/p>\n<p><strong>Verkkosivusto:<\/strong> <a href=\"http:\/\/www.cma-cgm.com\/\" target=\"_blank\" rel=\"noopener\">http:\/\/www.cma-cgm.com\/<\/a><\/p>","protected":false},"excerpt":{"rendered":"<p>CMA CGM Group offers its clients a wide range of shipping and logistics solutions. These are listed below together with a company profile and reviews. International Shipping Dry Containers General-use containers (20&#8217;\/40&#8217;\/40&#8242; HC\/45&#8242; HC); Pallet wide containers (40&#8242; HC PW\/45&#8242; HC PW); Specialised containers (flat-rack, open-top, open-side, platform, tank, etc.) Personalised service Reefer Containers 20&#8242; [&hellip;]<\/p>\n","protected":false},"author":1,"featured_media":0,"parent":0,"menu_order":0,"comment_status":"closed","ping_status":"closed","template":"","meta":{"_genesis_hide_title":false,"_genesis_hide_breadcrumbs":false,"_genesis_hide_singular_image":false,"_genesis_hide_footer_widgets":false,"_genesis_custom_body_class":"","_genesis_custom_post_class":"","_genesis_layout":"","footnotes":""},"class_list":{"0":"post-1648","1":"page","2":"type-page","3":"status-publish","5":"entry"},"_links":{"self":[{"href":"https:\/\/moverdb.com\/fi\/wp-json\/wp\/v2\/pages\/1648","targetHints":{"allow":["GET"]}}],"collection":[{"href":"https:\/\/moverdb.com\/fi\/wp-json\/wp\/v2\/pages"}],"about":[{"href":"https:\/\/moverdb.com\/fi\/wp-json\/wp\/v2\/types\/page"}],"author":[{"embeddable":true,"href":"https:\/\/moverdb.com\/fi\/wp-json\/wp\/v2\/users\/1"}],"replies":[{"embeddable":true,"href":"https:\/\/moverdb.com\/fi\/wp-json\/wp\/v2\/comments?post=1648"}],"version-history":[{"count":5,"href":"https:\/\/moverdb.com\/fi\/wp-json\/wp\/v2\/pages\/1648\/revisions"}],"predecessor-version":[{"id":6192,"href":"https:\/\/moverdb.com\/fi\/wp-json\/wp\/v2\/pages\/1648\/revisions\/6192"}],"wp:attachment":[{"href":"https:\/\/moverdb.com\/fi\/wp-json\/wp\/v2\/media?parent=1648"}],"curies":[{"name":"wp","href":"https:\/\/api.w.org\/{rel}","templated":true}]}}