{"id":1642,"date":"2017-07-04T10:17:22","date_gmt":"2017-07-04T10:17:22","guid":{"rendered":"http:\/\/moverdb.com\/?page_id=1642"},"modified":"2026-01-08T14:48:07","modified_gmt":"2026-01-08T14:48:07","slug":"kruununsiirto","status":"publish","type":"page","link":"https:\/\/moverdb.com\/fi\/crown-moving\/","title":{"rendered":"Crown Moving Co Inc - Kansainv\u00e4linen muuttoliike Arvostelut"},"content":{"rendered":"<p>Crown Moving Co Inc:n kotipaikka oli <a href=\"https:\/\/moverdb.com\/fi\/muutto-seattleen\/\">Seattle<\/a> ja tarjosi asiakkailleen erilaisia palveluja. Ne on lueteltu j\u00e4ljemp\u00e4n\u00e4 yhdess\u00e4 yrityksen profiilin ja arvostelujen kanssa.<\/p>\n<p><strong>Kansainv\u00e4liset muutot<\/strong><\/p>\n<p>Ennen toimeksiantoa tarjottavat palvelut<\/p>\n<ul>\n<li> Viisumi- ja maahanmuuttopalvelut<\/li>\n<li> Ennakkomatkat ja alueeseen tutustuminen<\/li>\n<li> Maa- ja kulttuuritiedot<\/li>\n<\/ul>\n<p>Muuttopalvelut<\/p>\n<ul>\n<li> Muuttoa edelt\u00e4v\u00e4 suunnittelu<\/li>\n<li> Tavaroiden kuljetus<\/li>\n<li> Muuton hallinta<\/li>\n<li> L\u00e4hetyksen seuranta<\/li>\n<\/ul>\n<p>Kansainv\u00e4liset kohdepalvelut<\/p>\n<ul>\n<li> Kulttuuri- ja kielikoulutus<\/li>\n<li> Kouluapu<\/li>\n<li> Kumppanin\/puolison tuki<\/li>\n<li> Palveluun asettuminen<\/li>\n<li> L\u00e4ht\u00f6apu<\/li>\n<\/ul>\n<p>Suojelupalvelut<\/p>\n<ul>\n<li> Painokerroin<\/li>\n<li> Arvokas varasto<\/li>\n<li> Yksil\u00f6ity, arvostettu inventaario<\/li>\n<\/ul>\n<p>Asumistuki<\/p>\n<ul>\n<li> Kodin etsint\u00e4palvelut<\/li>\n<li> V\u00e4liaikainen majoitus<\/li>\n<li> Kiinteist\u00f6jen ja vuokrasopimusten hallinta<\/li>\n<\/ul>\n<p><strong>Paikalliset ja kaukoliikkeet<\/strong><\/p>\n<ul>\n<li> Henkil\u00f6kohtaisen muuton johtaja<\/li>\n<li> Palvelu ovelta ovelle<\/li>\n<li> T\u00e4yden palvelun pakkaus, hauras pakkaus tai itsepakkaus.<\/li>\n<li> Huonekalujen purkaminen ja kokoaminen<\/li>\n<li> Pakkauksen purkamispalvelu<\/li>\n<li> J\u00e4rjestetty vakuutus<\/li>\n<li> Lyhyt- ja pitk\u00e4aikainen varastointi<\/li>\n<\/ul>\n<p><strong>Toimisto, teollisuus ja messut<\/strong><\/p>\n<ul>\n<li> Henkil\u00f6kohtainen liikkumisneuvoja<\/li>\n<li> Tarkka suunnittelu<\/li>\n<li> Ovelta ovelle<\/li>\n<li> Pakkaus<\/li>\n<li> Ty\u00f6ajan ulkopuolella ja viikonloppuisin tapahtuvat siirrot<\/li>\n<li> Huonekalujen purkaminen ja kokoaminen<\/li>\n<li> Pakkauksen purkaminen<\/li>\n<li> Tietotekniikan poisto ja asennus<\/li>\n<li> Pitk\u00e4aikainen ja lyhytaikainen varastointi<\/li>\n<\/ul>\n<p><strong>Varastointi<\/strong><\/p>\n<ul>\n<li> Pitk\u00e4ll\u00e4 ja lyhyell\u00e4 aikav\u00e4lill\u00e4<\/li>\n<li> L\u00e4mp\u00f6tilavalvottu arkistojen varastointi<\/li>\n<li> 24\/7 CCTV<\/li>\n<li> Palontorjunta<\/li>\n<\/ul>\n<h2>Crown Moving Co Inc Yrityksen profiili<\/h2>\n<p><em><strong>Huomaa<\/strong>: Crown Moving Co Inc on nyt suljettu. He suosittelevat asiakkailleen: <a href=\"https:\/\/moverdb.com\/fi\/bekins-van-lines\/\">Bekins Northwest<\/a> sen sijaan.<\/em><\/p>\n<p>Crown Moving Co Inc aloitti toimintansa vuonna 1967, ja sen kotipaikka oli kaupungissa <a href=\"https:\/\/moverdb.com\/fi\/moving-to-seattle\/\" data-internallinksmanager029f6b8e52c=\"65\" title=\"Muutatko Seattleen? 2022 Elinkustannukset ja muuttovinkit\">Seattle<\/a>, Washington. Vuonna 1978 yritys ostettiin ja uudet toimistot avattiin Moses Lakeen ja Spokanen. <\/p>\n<p>Crown Movingista tuli <a href=\"https:\/\/moverdb.com\/fi\/mayflower-transit\/\">Mayflower<\/a> vuonna 1982, joten heill\u00e4 on k\u00e4yt\u00f6ss\u00e4\u00e4n Mayflowerin asiantuntemus ja oma asiantuntemuksensa. Yritys oli Mayflowerin suurin agentti Washingtonissa.<\/p>\n<p>Crown Moving Co Inc:ll\u00e4 oli seuraavat akkreditoinnit ja sidonnaisuudet:<\/p>\n<ul>\n<li> <a href=\"https:\/\/moverdb.com\/fi\/amsa\/\">American Association of Movers<\/a> (<a href=\"https:\/\/moverdb.com\/fi\/amsa\/\" data-internallinksmanager029f6b8e52c=\"5\" title=\"American Moving &amp; Storage Association (AMSA) selitetty\">AMSA<\/a>)<\/li>\n<li> Better Business Bureau (BBB)<\/li>\n<\/ul>\n<p><strong>Crown Moving Co Inc arvostelut<\/strong><\/p>\n<p><strong>Positiivinen:<\/strong><\/p>\n<ul>\n<li> <em>\"He tulivat paikalle AIKATAULUUN, olivat ihania persoonallisuuksia ja aloimme heti keskustella kriittisist\u00e4 tavaroista, jotka minun piti siirt\u00e4\u00e4 erityisen huolellisesti.\"<\/em> Jackie R kautta <a href=\"https:\/\/www.yelp.com\/biz\/crown-moving-co-seattle-2?hrid=jSdhPA7gxsSt8Syf1zSn4w&#038;utm_campaign=www_review_share_popup&#038;utm_medium=copy_link&#038;utm_source=(direct)\" target=\"_blank\" rel=\"noopener\">Yelp<\/a><\/li>\n<li> <em>\"Kruunu suoritti armeijan m\u00e4\u00e4r\u00e4\u00e4m\u00e4n asemanvaihdon.\" <\/em> Timothy M kautta <a href=\"https:\/\/www.bbb.org\/\" target=\"_blank\" rel=\"noopener\">BBB<\/a><\/li>\n<\/ul>\n<p><strong>Negatiivinen:<\/strong><\/p>\n<ul>\n<li> <em>\"Kokemukseni Crown Movingin kanssa oli sellainen, jonka toivon unohtavani pian.\"<\/em> - Rob D. kautta <a href=\"https:\/\/www.yelp.com\/biz\/crown-moving-co-seattle-2?hrid=i13sBXhBe0pzOXO2FJYCQQ&#038;utm_campaign=www_review_share_popup&#038;utm_medium=copy_link&#038;utm_source=(direct)\" target=\"_blank\" rel=\"noopener\">Yelp<\/a><\/li>\n<\/ul>\n<div itemprop=\"review\" itemscope itemtype=\"http:\/\/schema.org\/Review\">\n<span itemprop=\"author\" itemscope=\"\" itemtype=\"http:\/\/schema.org\/Organization\"><span itemprop=\"name\">MoverDB.com<\/span><\/span> Verkkosivuston arvostelu <span itemprop=\"itemreviewed\" itemscope=\"\" itemtype=\"http:\/\/schema.org\/Brand\"><span itemprop=\"name\">Crown Moving Co Inc<\/span><\/span>:<\/p>\n<ol>\n<li> Selke\u00e4t yhteystiedot verkkosivustolla (my\u00f6s puhelinnumero): <strong>Kyll\u00e4<\/strong><\/li>\n<li> Helppo saada <a href=\"https:\/\/moverdb.com\/fi\/lainauksia\/\">kansainv\u00e4liset muutto tarjoukset<\/a>? (Online-arviolomake): <strong>Kyll\u00e4<\/strong><\/li>\n<li> Selke\u00e4t tiedot verkkosivustolla: <strong>Ei<\/strong><\/li>\n<li> J\u00e4senyys kansainv\u00e4lisiss\u00e4 tunnustetuissa liikkuvissa j\u00e4rjest\u00f6iss\u00e4: <strong>Kyll\u00e4<\/strong>, (ks. edell\u00e4)<\/li>\n<li> Luettelo asiakkaista ja\/tai aiempien asiakkaiden suosittelut. <strong>Ei merkityst\u00e4,<\/strong> koska yritys on lopettanut toimintansa.<\/li>\n<\/ol>\n<div itemprop=\"reviewRating\" itemscope itemtype=\"http:\/\/schema.org\/Rating\"><meta itemprop=\"worstRating\" content = \"0\" \/><meta itemprop=\"bestRating\" content=\"5\" \/><meta itemprop=\"ratingValue\" content=\"4\"><\/div>\n<p><strong>Yleisarvosana: 4\/5<\/strong><br \/>\n<strong>Tarkistusp\u00e4iv\u00e4:<\/strong> <span itemprop=\"datePublished\" content=\"2017-07-04\">04\/07\/2017<\/span>\n<\/div>\n<p>Lue lis\u00e4\u00e4 <a href=\"https:\/\/moverdb.com\/fi\/muuttoyritykset\/\">kansainv\u00e4liset muuttofirmat<\/a>, <a href=\"https:\/\/moverdb.com\/fi\/us-canada-movers\/\">kotimaiset muuttofirmat<\/a> ja meid\u00e4n <a href=\"https:\/\/moverdb.com\/fi\/arvostelut\/\">tarkistusprosessin selitys<\/a>.<\/p>\n<p><strong>Verkkosivusto:<\/strong> <a href=\"http:\/\/www.crownmoving.com\/\" target=\"_blank\" rel=\"noopener\">http:\/\/www.crownmoving.com\/<\/a><\/p>","protected":false},"excerpt":{"rendered":"<p>Crown Moving Co Inc was based in Seattle and offered its customers a variety of services. These are listed below together with a company profile and reviews. International Moves Pre-assignment Services Visa and immigration services Preview trip and area orientation Country and culture information Moving Services Pre-move planning Transportation of belongings Managing the move Shipment [&hellip;]<\/p>\n","protected":false},"author":1,"featured_media":0,"parent":0,"menu_order":0,"comment_status":"closed","ping_status":"closed","template":"","meta":{"_genesis_hide_title":false,"_genesis_hide_breadcrumbs":false,"_genesis_hide_singular_image":false,"_genesis_hide_footer_widgets":false,"_genesis_custom_body_class":"","_genesis_custom_post_class":"","_genesis_layout":"","footnotes":""},"class_list":{"0":"post-1642","1":"page","2":"type-page","3":"status-publish","5":"entry"},"_links":{"self":[{"href":"https:\/\/moverdb.com\/fi\/wp-json\/wp\/v2\/pages\/1642","targetHints":{"allow":["GET"]}}],"collection":[{"href":"https:\/\/moverdb.com\/fi\/wp-json\/wp\/v2\/pages"}],"about":[{"href":"https:\/\/moverdb.com\/fi\/wp-json\/wp\/v2\/types\/page"}],"author":[{"embeddable":true,"href":"https:\/\/moverdb.com\/fi\/wp-json\/wp\/v2\/users\/1"}],"replies":[{"embeddable":true,"href":"https:\/\/moverdb.com\/fi\/wp-json\/wp\/v2\/comments?post=1642"}],"version-history":[{"count":5,"href":"https:\/\/moverdb.com\/fi\/wp-json\/wp\/v2\/pages\/1642\/revisions"}],"predecessor-version":[{"id":6198,"href":"https:\/\/moverdb.com\/fi\/wp-json\/wp\/v2\/pages\/1642\/revisions\/6198"}],"wp:attachment":[{"href":"https:\/\/moverdb.com\/fi\/wp-json\/wp\/v2\/media?parent=1642"}],"curies":[{"name":"wp","href":"https:\/\/api.w.org\/{rel}","templated":true}]}}