{"id":1628,"date":"2017-04-24T11:01:52","date_gmt":"2017-04-24T11:01:52","guid":{"rendered":"http:\/\/moverdb.com\/?page_id=1628"},"modified":"2026-01-08T14:48:18","modified_gmt":"2026-01-08T14:48:18","slug":"evergreen-marine","status":"publish","type":"page","link":"https:\/\/moverdb.com\/fi\/evergreen-marine\/","title":{"rendered":"Evergreen Marine (Line) - Kansainv\u00e4linen merenkulku Palvelut &amp; arvostelut"},"content":{"rendered":"<p>Evergreen Marine, joka tunnetaan my\u00f6s nimell\u00e4 Evergreen Line, on taiwanilainen konttikuljetusyritys ja <a href=\"https:\/\/moverdb.com\/fi\/shipping-companies\/\" data-internallinksmanager029f6b8e52c=\"4\" title=\"Top 10 kansainv\u00e4list\u00e4 konttikuljetusyrityst\u00e4\">varustamo<\/a>. Se tarjoaa asiakkailleen laajan valikoiman palveluja. Ne on lueteltu alla yhdess\u00e4 yrityksen profiilin ja arvostelujen kanssa.<\/p>\n<h3>Kansainv\u00e4linen merenkulku<\/h3>\n<p><strong>All-in-one-palvelu<\/strong><\/p>\n<ul>\n<li> L\u00e4hetyksen yleiskatsaus<\/li>\n<li> Varaukset<\/li>\n<li> B\/L-ohjeet<\/li>\n<li> B\/L oikoluku<\/li>\n<li> <a href=\"https:\/\/moverdb.com\/fi\/moving-to-the-united-states\/\" data-internallinksmanager029f6b8e52c=\"94\" title=\"Muutatko Yhdysvaltoihin? 2022 Elinkustannukset ja muuttovinkit\">US<\/a> maahantuojan vakuusilmoitus (ISF)<\/li>\n<\/ul>\n<p><strong>Intermodaaliset palvelut<\/strong><\/p>\n<ul>\n<li> Toimitus ovelta ovelle<\/li>\n<li> Meri, joki, maantie ja rautatie<\/li>\n<\/ul>\n<p><strong>Kuivalastis\u00e4ili\u00f6t<\/strong><\/p>\n<ul>\n<li> Erikseen nimetty myyntihenkil\u00f6<\/li>\n<li> 20\u2032 ter\u00e4ksinen kuivalastikontti<\/li>\n<li> 40\u2032 ter\u00e4ksinen kuivalastikontti<\/li>\n<li> 40\u2032 Hi-Cube-kuivalastikontti<\/li>\n<li> 45\u2032 Hi-Cube-kuivalastikontti<\/li>\n<\/ul>\n<p><strong>Reefer kontti<\/strong><\/p>\n<ul>\n<li> 20\u2032 MGSS-j\u00e4\u00e4hdytysastia<\/li>\n<li> 20\u2032 alumiininen j\u00e4\u00e4hdytysastia<\/li>\n<li> 40\u2032 Hi-Cube-j\u00e4\u00e4hdytysastia<\/li>\n<li> 40\u2032 Hi-Cube-alumiininen kylm\u00e4s\u00e4ili\u00f6<\/li>\n<\/ul>\n<p><strong>Erikoiss\u00e4ili\u00f6<\/strong><\/p>\n<ul>\n<li> 20\u2032 t\u00e4yskorkea avoin kontti<\/li>\n<li> 20\u2032 litte\u00e4 telinepakkaus, jossa on nelj\u00e4 vapaasti seisovaa tolppaa.<\/li>\n<li> 20\u2032 litte\u00e4 telineastia, jossa on kokoontaitettava p\u00e4\u00e4ty<\/li>\n<li> 40\u2032 litte\u00e4 telinepakkaus, jossa on nelj\u00e4 vapaasti seisovaa pylv\u00e4st\u00e4.<\/li>\n<li> 40\u2032 litte\u00e4 telinepakkaus, jossa on kokoontaitettava p\u00e4\u00e4ty<\/li>\n<li> 40\u2032 t\u00e4yskorkea avoin kontti<\/li>\n<li> 40\u2032 Hi-cube-hallikontti<\/li>\n<\/ul>\n<h2>Evergreen Marine Yrityksen profiili<\/h2>\n<p>Evergreen-konsernin ensimm\u00e4inen yritys, Evergreen Marine Corporation, perustettiin Taiwanissa 1. tammikuuta 2007.<sup>st<\/sup> Syyskuussa 1968 tohtori Yung-Fa Changin toimesta yhdell\u00e4 k\u00e4ytetyll\u00e4 rahtialuksella. Evergreen aloitti <a href=\"https:\/\/moverdb.com\/fi\/container-shipping\/\" data-internallinksmanager029f6b8e52c=\"3\" title=\"Kansainv\u00e4lisen konttikuljetuksen hinnat: huhtikuu 2026\">konttikuljetukset<\/a> vuonna 1975, ja vuoteen 1985 menness\u00e4 yhti\u00f6st\u00e4 oli tullut maailman suurin konttikuljetusyritys.<\/p>\n<p>Se toimii nyky\u00e4\u00e4n tuotemerkill\u00e4 \"Evergreen Line\" yhdess\u00e4 Evergreen Marine Corp. (Taiwan) Ltd., Evergreen Marine (<a href=\"https:\/\/moverdb.com\/fi\/moving-to-the-uk\/\" data-internallinksmanager029f6b8e52c=\"93\" title=\"Muutatko Yhdistyneeseen kuningaskuntaan? 2022 Elinkustannukset ja muuttovinkit\">UK<\/a>) Ltd., Evergreen Marine (<a href=\"https:\/\/moverdb.com\/fi\/moving-to-hong-kong\/\" data-internallinksmanager029f6b8e52c=\"350\" title=\"Muutatko Hongkongiin? 2023 Elinkustannukset ja muuttovinkit\">Hong Kong<\/a>) Ltd., Italia Marittima S.p.A. ja Evergreen Marine (<a href=\"https:\/\/moverdb.com\/fi\/moving-to-singapore\/\" data-internallinksmanager029f6b8e52c=\"68\" title=\"Muutto Singaporeen? 2022 Elinkustannukset ja muuttovinkit\">Singapore<\/a>) Pte Ltd.<\/p>\n<p>Evergreen on nimens\u00e4 veroinen, sill\u00e4 sen suurimmat alukset ovat 7024 TEU:n kokoisia S-sarjan aluksia, jotka on erityisesti suunniteltu siten, ett\u00e4 ne kuormittavat ymp\u00e4rist\u00f6\u00e4 mahdollisimman v\u00e4h\u00e4n.<\/p>\n<p>Evergreen Marinen akkreditoinnit ja j\u00e4senyydet ovat seuraavat:<\/p>\n<ul>\n<li> ISO 9001 2000<\/li>\n<li> ISO 9002<\/li>\n<li> Kansainv\u00e4linen turvallisuusjohtaminen (ISM)<\/li>\n<li> SOLAS<\/li>\n<li> OPA90<\/li>\n<li> IMDG<\/li>\n<li> <a href=\"https:\/\/moverdb.com\/fi\/world-shipping-council\/\">Maailman merenkulkuneuvosto<\/a> (<a href=\"https:\/\/moverdb.com\/fi\/world-shipping-council\/\" data-internallinksmanager029f6b8e52c=\"82\" title=\"Maailman merenkulkuj\u00e4rjest\u00f6 (WSC) selitetty\">WSC<\/a>)<\/li>\n<li> Tyynenmeren kasvihuonekaasujen mittaus (PGGM)<\/li>\n<\/ul>\n<h2>Evergreen Marine Arvostelut<\/h2>\n<p>Julkaisuhetkell\u00e4 emme l\u00f6yt\u00e4neet yht\u00e4\u00e4n positiivista tai negatiivista arviota Evergreen Marine tai Evergreen lines -yrityksest\u00e4.<\/p>\n<div itemprop=\"review\" itemscope itemtype=\"http:\/\/schema.org\/Review\">\n<strong><span itemprop=\"author\" itemscope=\"\" itemtype=\"http:\/\/schema.org\/Organization\"><span itemprop=\"name\">MoverDB.com<\/span><\/span> Verkkosivuston arvostelu <span itemprop=\"itemreviewed\" itemscope=\"\" itemtype=\"http:\/\/schema.org\/Brand\"><span itemprop=\"name\">Evergreen Marine<\/span><\/span>:<\/strong><\/p>\n<ol>\n<li> Selke\u00e4t yhteystiedot verkkosivustolla (my\u00f6s puhelinnumero): <strong>Kyll\u00e4<\/strong><\/li>\n<li> Helppo saada kansainv\u00e4lisi\u00e4 kuljetustarjouksia? (Online-arviolomake): <strong>Kyll\u00e4<\/strong>voidaan pyyt\u00e4\u00e4 yhteydenottolomakkeella.<\/li>\n<li> Selke\u00e4t tiedot verkkosivustolla: <strong>Kyll\u00e4,<\/strong> verkkosivustolla on yksityiskohtaista tietoa kaikista heid\u00e4n palveluistaan.<\/li>\n<li> J\u00e4senyys kansainv\u00e4lisesti tunnustetuissa merenkulkuj\u00e4rjest\u00f6iss\u00e4: <strong>Kyll\u00e4<\/strong><\/li>\n<li> Luettelo asiakkaista ja\/tai aiempien asiakkaiden suosittelut. <strong>Ei,<\/strong> heid\u00e4n verkkosivustollaan ei mainita yht\u00e4\u00e4n.<\/li>\n<\/ol>\n<div itemprop=\"reviewRating\" itemscope itemtype=\"http:\/\/schema.org\/Rating\"><meta itemprop=\"worstRating\" content = \"0\" \/><meta itemprop=\"bestRating\" content=\"5\" \/><meta itemprop=\"ratingValue\" content=\"4\"><\/div>\n<p><strong>Yleisarvosana: 4\/5<\/strong><br \/>\n<strong>Tarkistusp\u00e4iv\u00e4:<\/strong> <span itemprop=\"datePublished\" content=\"2017-04-24\">24\/04\/2017<\/span>\n<\/div>\n<p>Lis\u00e4tietoja muista <a href=\"https:\/\/moverdb.com\/fi\/laivayhtiot\/\">kontti varustamot<\/a>, <a href=\"https:\/\/moverdb.com\/fi\/konttikuljetukset\/\">kansainv\u00e4liset konttikuljetuskustannukset<\/a> ja meid\u00e4n <a href=\"https:\/\/moverdb.com\/fi\/arvostelut\/\">tarkistusprosessi<\/a>.<\/p>\n<p><strong>Verkkosivut:<\/strong> <\/p>\n<ul>\n<li> <a href=\"http:\/\/www.evergreen-line.com\/\" target=\"_blank\" rel=\"noopener\">http:\/\/www.evergreen-line.com\/<\/a><\/li>\n<li> <a href=\"http:\/\/www.evergreen-marine.co.uk\/\" target=\"_blank\" rel=\"noopener\">http:\/\/www.evergreen-marine.co.uk\/<\/a><\/li>\n<li> <a href=\"http:\/\/www.evergreen-marine.com\/\" target=\"_blank\" rel=\"noopener\">http:\/\/www.evergreen-marine.com\/<\/a><\/li>\n<li> <a href=\"http:\/\/www.evergreen-marine.com.hk\/\" target=\"_blank\" rel=\"noopener\">http:\/\/www.evergreen-marine.com.hk\/<\/a><\/li>\n<li> <a href=\"http:\/\/www.evergreen-marine.com.sg\/\" target=\"_blank\" rel=\"noopener\">http:\/\/www.evergreen-marine.com.sg\/<\/a><\/li>\n<li> <a href=\"http:\/\/www.italiamarittima.it\/\" target=\"_blank\" rel=\"noopener\">http:\/\/www.italiamarittima.it\/<\/a><\/li>\n<\/ul>","protected":false},"excerpt":{"rendered":"<p>Evergreen Marine, also known as Evergreen Line, is a Taiwanese container transportation and shipping company. It offers its clients a wide array of services. These are listed below together with a company profile and reviews. International Shipping All-in-one Service Shipment overview Booking B\/L instruction B\/L proofreading US importer security filing (ISF) Intermodal Services Door to [&hellip;]<\/p>\n","protected":false},"author":1,"featured_media":0,"parent":0,"menu_order":0,"comment_status":"closed","ping_status":"closed","template":"","meta":{"_genesis_hide_title":false,"_genesis_hide_breadcrumbs":false,"_genesis_hide_singular_image":false,"_genesis_hide_footer_widgets":false,"_genesis_custom_body_class":"","_genesis_custom_post_class":"","_genesis_layout":"","footnotes":""},"class_list":{"0":"post-1628","1":"page","2":"type-page","3":"status-publish","5":"entry"},"_links":{"self":[{"href":"https:\/\/moverdb.com\/fi\/wp-json\/wp\/v2\/pages\/1628","targetHints":{"allow":["GET"]}}],"collection":[{"href":"https:\/\/moverdb.com\/fi\/wp-json\/wp\/v2\/pages"}],"about":[{"href":"https:\/\/moverdb.com\/fi\/wp-json\/wp\/v2\/types\/page"}],"author":[{"embeddable":true,"href":"https:\/\/moverdb.com\/fi\/wp-json\/wp\/v2\/users\/1"}],"replies":[{"embeddable":true,"href":"https:\/\/moverdb.com\/fi\/wp-json\/wp\/v2\/comments?post=1628"}],"version-history":[{"count":3,"href":"https:\/\/moverdb.com\/fi\/wp-json\/wp\/v2\/pages\/1628\/revisions"}],"predecessor-version":[{"id":6206,"href":"https:\/\/moverdb.com\/fi\/wp-json\/wp\/v2\/pages\/1628\/revisions\/6206"}],"wp:attachment":[{"href":"https:\/\/moverdb.com\/fi\/wp-json\/wp\/v2\/media?parent=1628"}],"curies":[{"name":"wp","href":"https:\/\/api.w.org\/{rel}","templated":true}]}}