{"id":1624,"date":"2017-02-24T09:47:42","date_gmt":"2017-02-24T09:47:42","guid":{"rendered":"http:\/\/moverdb.com\/?page_id=1624"},"modified":"2026-01-08T13:18:22","modified_gmt":"2026-01-08T13:18:22","slug":"gil-stauffer","status":"publish","type":"page","link":"https:\/\/moverdb.com\/fi\/gil-stauffer\/","title":{"rendered":"Gil Stauffer - Kansainv\u00e4liset muutot ja muuttoarvostelut - Gil Stauffer - International Removals &amp; Moving Reviews"},"content":{"rendered":"<p>Gil Stauffer on espanjalainen <a href=\"https:\/\/moverdb.com\/fi\/international-removals\/\" data-internallinksmanager029f6b8e52c=\"27\" title=\"36 Parhaat kansainv\u00e4liset muuttoyritykset Yhdistyneess\u00e4 kuningaskunnassa\">muuttofirma<\/a> jonka p\u00e4\u00e4konttori sijaitsee <a href=\"https:\/\/moverdb.com\/fi\/moving-to-spain\/moving-to-madrid\/\" data-internallinksmanager029f6b8e52c=\"413\" title=\"Muutatko Madridiin? 2023 Elinkustannukset ja muuttovinkit\">Madrid<\/a>. Yrityksell\u00e4 on tarjota asiakkailleen monia palveluja, jotka on lueteltu alla yhdess\u00e4 yrityksen profiilin ja arvostelujen kanssa.<\/p>\n<p><strong>Kansainv\u00e4liset muutot<\/strong><\/p>\n<ul>\n<li> Henkil\u00f6kohtainen muuttosuunnitelma<\/li>\n<li> Ovelta ovelle<\/li>\n<li> meri- tai lentorahtina<\/li>\n<li> T\u00e4ydellinen pakkauspalvelu, osittainen pakkaus tai itse pakkaaminen<\/li>\n<li> Huonekalujen purkaminen ja kokoaminen<\/li>\n<li> Pakkauksen purkamispalvelu saatavilla<\/li>\n<li> Tulliselvitys ja avustaminen asiakirjojen kanssa<\/li>\n<li> J\u00e4rjestetty vakuutus<\/li>\n<li> Lyhyt- ja pitk\u00e4aikainen varastointi saatavilla<\/li>\n<\/ul>\n<p><strong>Kansalliset ja paikalliset muutot<\/strong><\/p>\n<ul>\n<li> Henkil\u00f6kohtainen muuttosuunnitelma<\/li>\n<li> Ovelta ovelle<\/li>\n<li> T\u00e4ydellinen pakkauspalvelu, osittainen pakkaus tai itse pakkaaminen<\/li>\n<li> Pakkauksen purkamispalvelu saatavilla<\/li>\n<li> Huonekalujen purkaminen ja kokoaminen<\/li>\n<li> Roskien poisto<\/li>\n<li> J\u00e4rjestetty vakuutus<\/li>\n<li> Lyhyt- ja pitk\u00e4aikainen varastointi saatavilla<\/li>\n<\/ul>\n<p><strong>Kaupalliset muutot<\/strong><\/p>\n<ul>\n<li> Logistinen suunnitelma<\/li>\n<li> Liikkuminen tuntien j\u00e4lkeen<\/li>\n<li> Ovelta ovelle<\/li>\n<li> Kaikkien huonekalujen purkaminen ja kokoaminen uudelleen.<\/li>\n<li> Tietokoneen poisto ja uudelleenasennus<\/li>\n<li> Roskien poisto<\/li>\n<li> Henkil\u00f6st\u00f6n siirt\u00e4minen<\/li>\n<\/ul>\n<p><strong>Ty\u00f6ntekij\u00f6iden uudelleensijoittaminen<\/strong><\/p>\n<ul>\n<li> Ty\u00f6luvat<\/li>\n<li> Talonmets\u00e4stys<\/li>\n<li> Kielitunnit<\/li>\n<li> V\u00e4liaikainen asuminen<\/li>\n<li> Huonekalujen vuokraus<\/li>\n<li> Kouluhaku<\/li>\n<li> Hotellivaraukset<\/li>\n<li> Pankkitilit<\/li>\n<li> Leasing- ja vuokrasopimukset<\/li>\n<li> Olennaisia palveluja koskevat sopimukset<\/li>\n<li> Kulttuuria ja tapoja koskevat kurssit<\/li>\n<\/ul>\n<p><strong>S\u00e4ili\u00f6t ja varastointi<\/strong><\/p>\n<ul>\n<li> Ilmatiiviisti suljetuissa puisissa s\u00e4ili\u00f6iss\u00e4 varastoidut tavarat<\/li>\n<li> 24\/7 turvallisuus<\/li>\n<li> Ilmasto-ohjattu<\/li>\n<li> Tuholaisten torjumiseksi k\u00e4sitellyt s\u00e4ili\u00f6t<\/li>\n<li> Tulipaloa koskevat varotoimet<\/li>\n<\/ul>\n<p><strong>Asiakirjojen osasto<\/strong><\/p>\n<ul>\n<li> Asiakirjojen arkistot<\/li>\n<li> Luottamuksellisten asiakirjojen s\u00e4ilytys<\/li>\n<li> Arkistojen s\u00e4hk\u00f6inen tallennus k\u00e4ytett\u00e4viss\u00e4<\/li>\n<li> Korkean tason turvallisuus<\/li>\n<li> Ilmasto-ohjattu<\/li>\n<\/ul>\n<p><strong>Taideteosten kuljetus<\/strong><\/p>\n<ul>\n<li> Liikkuvat n\u00e4yttelyt<\/li>\n<li> Korkea tekninen asiantuntemus<\/li>\n<li> Erityiset k\u00e4sittelytekniikat<\/li>\n<li> Muuttoajoneuvot ovat ilmastoituja<\/li>\n<\/ul>\n<p><strong>Kuriiripalvelu<\/strong><\/p>\n<ul>\n<li> Paikalliset ja kansainv\u00e4liset<\/li>\n<li> Paketit tai asiakirjat<\/li>\n<li> Seuraa verkossa<\/li>\n<li> Ei painorajoitusta<\/li>\n<li> Lentorahtina, meri- tai maakuljetuksena<\/li>\n<\/ul>\n<h2>Gil Stauffer Yrityksen profiili<\/h2>\n<p>Gil Stauffer on espanjalainen muuttofirma, joka perustettiin vuonna 1905. Sen p\u00e4\u00e4konttori sijaitsee Madridissa, ja 33 toimistoa on hajallaan eri puolilla maata. <a href=\"https:\/\/moverdb.com\/fi\/moving-to-spain\/\" data-internallinksmanager029f6b8e52c=\"266\" title=\"Muutatko Espanjaan? 2023 Elinkustannukset ja muuttovinkit\">Espanja<\/a> ja Baleaarit. Se ylpeilee sill\u00e4, ett\u00e4 se siirt\u00e4\u00e4 asiakkaita minne tahansa, min\u00e4 p\u00e4iv\u00e4n\u00e4 tahansa vuodessa. Yrityksell\u00e4 on toimistoja Euroopassa, <a href=\"https:\/\/moverdb.com\/fi\/moving-to-the-united-states\/\" data-internallinksmanager029f6b8e52c=\"94\" title=\"Muutatko Yhdysvaltoihin? 2022 Elinkustannukset ja muuttovinkit\">Yhdysvallat<\/a>, Oseania, Aasia ja Afrikka.<\/p>\n<p>Gil Stauffer on ylpe\u00e4 pioneerihengest\u00e4\u00e4n. Yritys kehitti 1950-luvulla Espanjan ainoan kuorma-auton, joka pystyi kuljettamaan jopa 200 tonnin yksitt\u00e4isi\u00e4 kuormia. Se oli my\u00f6s yksi ensimm\u00e4isist\u00e4, joka k\u00e4ytti TECO-j\u00e4rjestelm\u00e4\u00e4 (Container Express Train System) yli 70 vuotta sitten.<\/p>\n<p>Yhti\u00f6ll\u00e4 on erityisi\u00e4 koulutusohjelmia, ja se vaatii, ett\u00e4 sen kansainv\u00e4lisen osaston henkil\u00f6st\u00f6 puhuu erinomaisesti englantia ja muita kieli\u00e4. Yrityksell\u00e4 on eritt\u00e4in vaikuttava ajoneuvokalusto, joka kattaa kaikki mahdolliset asiakastarpeet.<\/p>\n<p>Yritys tarjoaa asiakkailleen kansainv\u00e4lisi\u00e4 ja kotimaisia muuttoja sek\u00e4 yritys- ja toimistosiirtoja ja ty\u00f6ntekij\u00f6iden siirtoja.<br \/>\nGil Staufferilla on seuraavat akkreditoinnit ja sidonnaisuudet:<\/p>\n<ul>\n<li> <a href=\"https:\/\/moverdb.com\/fi\/fidi-faim\/\">FIDI<\/a><\/li>\n<li> <a href=\"https:\/\/moverdb.com\/fi\/olen\/\">IAM<\/a><\/li>\n<li> <a href=\"https:\/\/moverdb.com\/fi\/amsa\/\">AMSA<\/a><\/li>\n<li> <a href=\"https:\/\/moverdb.com\/fi\/fedemac\/\">FEDEMAC<\/a><\/li>\n<li> <a href=\"https:\/\/moverdb.com\/fi\/lacma\/\">LACMA<\/a><\/li>\n<li> PAIMA<\/li>\n<\/ul>\n<h2>Gil Stauffer Company Arvostelut<\/h2>\n<p><strong>Positiivinen:<\/strong><\/p>\n<ul>\n<li> Ei ole saatavilla eik\u00e4 suosituksia l\u00f6ytynyt paikan p\u00e4\u00e4lt\u00e4.<\/li>\n<\/ul>\n<p><strong>Negatiivinen:<\/strong><\/p>\n<ul>\n<li> <em>\"\u00c4l\u00e4 k\u00e4yt\u00e4 Gil Staufferia tavaroiden siirt\u00e4miseen. Tulet katumaan sit\u00e4.\"<\/em> - Craig Bugden kautta <a href=\"https:\/\/uk.trustpilot.com\/reviews\/56ec28640000ff00094734c0\" target=\"_blank\" rel=\"noopener\">Trustpilot<\/a><\/li>\n<\/ul>\n<div itemprop=\"review\" itemscope itemtype=\"http:\/\/schema.org\/Review\">\n<span itemprop=\"author\" itemscope=\"\" itemtype=\"http:\/\/schema.org\/Organization\"><span itemprop=\"name\">MoverDB.com<\/span><\/span> Verkkosivuston arvostelu <span itemprop=\"itemreviewed\" itemscope=\"\" itemtype=\"http:\/\/schema.org\/Brand\"><span itemprop=\"name\">Gil Stauffer<\/span><\/span>:<\/p>\n<ol>\n<li> Selke\u00e4t yhteystiedot verkkosivustolla (my\u00f6s puhelinnumero): <strong>Kyll\u00e4<\/strong><\/li>\n<li> Helppo saada <a href=\"https:\/\/moverdb.com\/fi\/lainauksia\/\">kansainv\u00e4liset muutto tarjoukset<\/a>? (Online-arviolomake): <strong>Kyll\u00e4<\/strong>, mutta vain s\u00e4hk\u00f6postitse (ei lomaketta)<\/li>\n<li> Selke\u00e4t tiedot verkkosivustolla: <strong>Joitakin,<\/strong> Verkkosivustolla on kohtuullinen m\u00e4\u00e4r\u00e4 tietoa heid\u00e4n palveluistaan, mutta siin\u00e4 ei menn\u00e4 kovin yksityiskohtaisesti.<\/li>\n<li> J\u00e4senyys kansainv\u00e4lisiss\u00e4 tunnustetuissa liikkuvissa j\u00e4rjest\u00f6iss\u00e4: <strong>Kyll\u00e4<\/strong>, mutta niit\u00e4 ei ole lueteltu niiden verkkosivustolla<\/li>\n<li> Luettelo asiakkaista ja\/tai aiempien asiakkaiden suosittelut: <strong>Ei,<\/strong> ja ainoa englanninkielinen arvostelu, jonka l\u00f6ysimme, oli negatiivinen.<\/li>\n<\/ol>\n<div itemprop=\"reviewRating\" itemscope itemtype=\"http:\/\/schema.org\/Rating\"><meta itemprop=\"worstRating\" content = \"0\" \/><meta itemprop=\"bestRating\" content=\"5\" \/><meta itemprop=\"ratingValue\" content=\"3.5\"><\/div>\n<p><strong>Yleisarvosana: 3.5\/5<\/strong><br \/>\n<strong>Tarkistusp\u00e4iv\u00e4:<\/strong> <span itemprop=\"datePublished\" content=\"2017-02-24\">24\/02\/2017<\/span>\n<\/div>\n<p>Lue lis\u00e4\u00e4 <a href=\"https:\/\/moverdb.com\/fi\/muuttoyritykset\/\">kansainv\u00e4liset muuttofirmat<\/a> ja meid\u00e4n <a href=\"https:\/\/moverdb.com\/fi\/arvostelut\/\">tarkistusprosessi<\/a>.<\/p>\n<p><strong>Verkkosivusto:<\/strong> <a href=\"http:\/\/www.gil-stauffer.com\/?lang=en\" target=\"_blank\" rel=\"noopener\">http:\/\/www.gil-stauffer.com\/<\/a><\/p>","protected":false},"excerpt":{"rendered":"<p>Gil Stauffer is a Spanish removal company with its headquarters in Madrid. The company has many services to offer its customers and these are listed below together with a company profile and reviews. International Moves Personalised moving plan Door to door Sea freight or air freight Full packing service, partial packing or self-packing Disassembly and [&hellip;]<\/p>\n","protected":false},"author":1,"featured_media":0,"parent":0,"menu_order":0,"comment_status":"closed","ping_status":"closed","template":"","meta":{"_genesis_hide_title":false,"_genesis_hide_breadcrumbs":false,"_genesis_hide_singular_image":false,"_genesis_hide_footer_widgets":false,"_genesis_custom_body_class":"","_genesis_custom_post_class":"","_genesis_layout":"","footnotes":""},"class_list":{"0":"post-1624","1":"page","2":"type-page","3":"status-publish","5":"entry"},"_links":{"self":[{"href":"https:\/\/moverdb.com\/fi\/wp-json\/wp\/v2\/pages\/1624","targetHints":{"allow":["GET"]}}],"collection":[{"href":"https:\/\/moverdb.com\/fi\/wp-json\/wp\/v2\/pages"}],"about":[{"href":"https:\/\/moverdb.com\/fi\/wp-json\/wp\/v2\/types\/page"}],"author":[{"embeddable":true,"href":"https:\/\/moverdb.com\/fi\/wp-json\/wp\/v2\/users\/1"}],"replies":[{"embeddable":true,"href":"https:\/\/moverdb.com\/fi\/wp-json\/wp\/v2\/comments?post=1624"}],"version-history":[{"count":3,"href":"https:\/\/moverdb.com\/fi\/wp-json\/wp\/v2\/pages\/1624\/revisions"}],"predecessor-version":[{"id":6215,"href":"https:\/\/moverdb.com\/fi\/wp-json\/wp\/v2\/pages\/1624\/revisions\/6215"}],"wp:attachment":[{"href":"https:\/\/moverdb.com\/fi\/wp-json\/wp\/v2\/media?parent=1624"}],"curies":[{"name":"wp","href":"https:\/\/api.w.org\/{rel}","templated":true}]}}