{"id":1610,"date":"2017-04-24T11:17:52","date_gmt":"2017-04-24T11:17:52","guid":{"rendered":"http:\/\/moverdb.com\/?page_id=1610"},"modified":"2026-01-08T13:18:28","modified_gmt":"2026-01-08T13:18:28","slug":"hapag-lloyd","status":"publish","type":"page","link":"https:\/\/moverdb.com\/fi\/hapag-lloyd\/","title":{"rendered":"Hapag-Lloyd - Kansainv\u00e4liset merenkulun palvelut &amp; arvostelut"},"content":{"rendered":"<p>Hapag-Lloyd on maailmanlaajuinen <a href=\"https:\/\/moverdb.com\/fi\/shipping-companies\/\" data-internallinksmanager029f6b8e52c=\"4\" title=\"Top 10 kansainv\u00e4list\u00e4 konttikuljetusyrityst\u00e4\">varustamo<\/a> jonka p\u00e4\u00e4konttori sijaitsee Hampurissa, <a href=\"https:\/\/moverdb.com\/fi\/moving-to-germany\/\" data-internallinksmanager029f6b8e52c=\"321\" title=\"Muutatko Saksaan? 2023 Elinkustannukset ja muuttovinkit\">Saksa<\/a>. Se tarjoaa asiakkailleen laajan valikoiman kuljetus- ja logistiikkaratkaisuja. Ne on lueteltu alla yhdess\u00e4 yrityksen profiilin ja arvostelujen kanssa.<\/p>\n<h3>Kansainv\u00e4linen merenkulku<\/h3>\n<p><strong>Kuivalasti<\/strong><\/p>\n<ul>\n<li> Laaja valikoima s\u00e4ili\u00f6ratkaisuja<\/li>\n<li> Nopeat kuljetusajat<\/li>\n<li> Pisteen aikataulun luotettavuus<\/li>\n<li> Ovelta ovelle -palvelu<\/li>\n<li> Kemikaalikuljetukset, noudatetut m\u00e4\u00e4r\u00e4ykset<\/li>\n<\/ul>\n<p><strong>Reefer Cargo<\/strong><\/p>\n<ul>\n<li> Hedelm\u00e4t, vihannekset, liha, kala, kukat<\/li>\n<li> Farmaseuttiset korkealaatuiset tuotteet<\/li>\n<li> Hallittu ilmapiiri<\/li>\n<li> ExtraFresh- ja EverFresh-teknologia kondenssiveden v\u00e4hent\u00e4miseksi.<\/li>\n<li> Ammattimaiset k\u00e4sittelij\u00e4t<\/li>\n<\/ul>\n<p><strong>Vaaralliset tavarat<\/strong><\/p>\n<ul>\n<li> Yksil\u00f6lliset ratkaisut kaikkiin monimutkaisiin vaarallisten aineiden kuljetuksiin<\/li>\n<li> 24\/7-tuki vaarallisten aineiden asiantuntijoilta kaikissa alueellisissa p\u00e4\u00e4konttoreissa (Hampuri, Valparaiso, Piscataway ja Piscataway). <a href=\"https:\/\/moverdb.com\/fi\/moving-to-singapore\/\" data-internallinksmanager029f6b8e52c=\"68\" title=\"Muutto Singaporeen? 2022 Elinkustannukset ja muuttovinkit\">Singapore<\/a>)<\/li>\n<li> Useita vaarallisten aineiden asiantuntijoita p\u00e4ivyst\u00e4\u00e4 viikonloppuisin<\/li>\n<li> Nopea ja luotettava varaustarkastus kansainv\u00e4listen oikeudellisten vaatimusten turvaamiseksi ja tavaroiden sujuvan kuljetuksen varmistamiseksi.<\/li>\n<li> asianmukainen ahtaus ja erottelu aluksella kaiken lastin turvallisen merimatkan varmistamiseksi.<\/li>\n<li> Tarvittaessa on k\u00e4ytett\u00e4v\u00e4 turvallisia kuljetustoimenpiteit\u00e4, jotka ylitt\u00e4v\u00e4t IMDG-s\u00e4\u00e4nn\u00f6st\u00f6n vaatimukset.<\/li>\n<\/ul>\n<p><strong>Erikoisrahti<\/strong><\/p>\n<ul>\n<li> Erikoistunut tiimi<\/li>\n<li> Breakbulk - asiantuntijat suunnittelevat ylisuuria hankkeita<\/li>\n<\/ul>\n<p><strong>S\u00e4ili\u00f6t<\/strong><\/p>\n<ul>\n<li> T\u00e4ytt\u00e4\u00e4 ISO-vaatimukset<\/li>\n<li> Kuivalasti - Standard, Standard High Cube, Standard Hardtop, Standard High Cube Hardtop, Standard High Cube Hardtop<\/li>\n<li> Reefer Cargo - S\u00e4ilyt\u00e4 l\u00e4mp\u00f6tila -35 \u00b0C:sta +30 \u00b0C:seen.<\/li>\n<li> Pieni omapaino = suuri hy\u00f6tykuorma<\/li>\n<li> Erikoislasti - Flatrack\/lava, Flatrack High Cube, Open Top\/Hard Top, Open Top High Cube, Hardtop High Cube.<\/li>\n<\/ul>\n<p><strong>Risteilyt<\/strong><\/p>\n<ul>\n<li> 125 vuoden kokemus<\/li>\n<li> Maailman risteilyt<\/li>\n<\/ul>\n<h2>Hapag-Lloyd Yrityksen profiili<\/h2>\n<p>Hapag-Lloyd perustettiin vuonna 1970, kun Hamburg-Amerikanische Packetfahrt-Actien-Gesellschaft (Hapag) ja Norddeutscher Lloyd yhdistyiv\u00e4t. Molemmat yhti\u00f6t aloittivat toimintansa 1800-luvun puoliv\u00e4liss\u00e4, kun maastamuutto Euroopasta Eurooppaan alkoi <a href=\"https:\/\/moverdb.com\/fi\/moving-to-the-united-states\/\" data-internallinksmanager029f6b8e52c=\"94\" title=\"Muutatko Yhdysvaltoihin? 2022 Elinkustannukset ja muuttovinkit\">Yhdysvallat<\/a> alkoi toden teolla.<\/p>\n<p>Nyky\u00e4\u00e4n Hapag-Lloyd palvelee markkinoita ja asiakkaita maailmanlaajuisesti, ja sill\u00e4 on laaja linjaliikenneverkosto, joka yhdist\u00e4\u00e4 maailmaa. Sill\u00e4 on yli 190 alusta, jotka kuljettavat vuosittain keskim\u00e4\u00e4rin 7,4 TEU:ta. Yhti\u00f6 ty\u00f6llist\u00e4\u00e4 noin 9 300 henkil\u00f6\u00e4, ja sill\u00e4 on yli 600 toimistoa 120 maassa eri puolilla maailmaa. <\/p>\n<p>Hapag-Lloydin laivaston kokonaiskapasiteetti on 955 000 TEU:ta ja konttivarasto 1,5 miljoonaa TEU:ta. Sill\u00e4 on yksi maailman suurimmista ja nykyaikaisimmista j\u00e4\u00e4hdytyskonttialuksista.<\/p>\n<p>Hapag-Lloydilla on seuraavat akkreditoinnit ja sidonnaisuudet:<\/p>\n<ul>\n<li> Aluksen kansainv\u00e4linen turvatodistus (ISSC)<\/li>\n<li> Turvallisuusjohtamistodistus (SMC)<\/li>\n<li> Merity\u00f6t\u00e4 koskeva yleissopimus (MLC)<\/li>\n<li> <a href=\"https:\/\/moverdb.com\/fi\/world-shipping-council\/\">Maailman merenkulkuneuvosto<\/a> (<a href=\"https:\/\/moverdb.com\/fi\/world-shipping-council\/\" data-internallinksmanager029f6b8e52c=\"82\" title=\"Maailman merenkulkuj\u00e4rjest\u00f6 (WSC) selitetty\">WSC<\/a>)<\/li>\n<\/ul>\n<h2>Hapag-Lloyd Shipping Arvostelut<\/h2>\n<p><em>T\u00e4t\u00e4 kirjoitettaessa emme l\u00f6yt\u00e4neet yht\u00e4\u00e4n arviota Hapag-Lloydin laivapalveluista verkosta.<\/em>  <\/p>\n<p><strong><\/p>\n<div itemprop=\"review\" itemscope itemtype=\"http:\/\/schema.org\/Review\">\n<span itemprop=\"author\" itemscope=\"\" itemtype=\"http:\/\/schema.org\/Organization\"><span itemprop=\"name\">MoverDB.com<\/span><\/span> Verkkosivuston arvostelu <span itemprop=\"itemreviewed\" itemscope=\"\" itemtype=\"http:\/\/schema.org\/Brand\"><span itemprop=\"name\">Hapag-Lloyd<\/span><\/span>:<\/strong><\/p>\n<ol>\n<li> Selke\u00e4t yhteystiedot verkkosivustolla (my\u00f6s puhelinnumero): <strong>Kyll\u00e4<\/strong><\/li>\n<li> Helppo saada <a href=\"https:\/\/moverdb.com\/fi\/container-shipping\/\" data-internallinksmanager029f6b8e52c=\"3\" title=\"Kansainv\u00e4lisen konttikuljetuksen hinnat: 2026\">kansainv\u00e4linen merenkulku<\/a> lainauksia? (Online-arviolomake): <strong>Kyll\u00e4<\/strong><\/li>\n<li> Selke\u00e4t tiedot verkkosivustolla: <strong>Kyll\u00e4,<\/strong> Sivusto on eritt\u00e4in yksityiskohtainen ja hyvin suunniteltu.<\/li>\n<li> J\u00e4senyys kansainv\u00e4lisesti tunnustetuissa merenkulkuj\u00e4rjest\u00f6iss\u00e4: <strong>Kyll\u00e4<\/strong>(ks. edell\u00e4).<\/li>\n<li> Luettelo asiakkaista ja\/tai aiempien asiakkaiden suosittelut. <strong>Ei,<\/strong> mutta niiss\u00e4 luetellaan palkinnot ja sertifioinnit.<\/li>\n<\/ol>\n<div itemprop=\"reviewRating\" itemscope itemtype=\"http:\/\/schema.org\/Rating\"><meta itemprop=\"worstRating\" content = \"0\" \/><meta itemprop=\"bestRating\" content=\"5\" \/><meta itemprop=\"ratingValue\" content=\"4.5\"><\/div>\n<p><strong>Yleisarvosana: 4.5\/5<\/strong><br \/>\n<strong>Tarkistusp\u00e4iv\u00e4:<\/strong> <span itemprop=\"datePublished\" content=\"2017-04-24\">24\/04\/2017<\/span>\n<\/div>\n<p>Lis\u00e4tietoja muista <a href=\"https:\/\/moverdb.com\/fi\/laivayhtiot\/\">kansainv\u00e4liset varustamot<\/a>, <a href=\"https:\/\/moverdb.com\/fi\/konttikuljetukset\/\">konttien kuljetuskustannukset<\/a> ja meid\u00e4n <a href=\"https:\/\/moverdb.com\/fi\/arvostelut\/\">tarkistusprosessi<\/a>.<\/p>\n<p><strong>Verkkosivusto:<\/strong> <a href=\"https:\/\/www.hapag-lloyd.com\/en\/home.html\" target=\"_blank\" rel=\"noopener\">https:\/\/www.hapag-lloyd.com\/en\/home.html<\/a><\/p>","protected":false},"excerpt":{"rendered":"<p>Hapag-Lloyd is a global shipping company with its head office in Hamburg, Germany. It offers its clients a wide range of shipping and logistics solutions. These are listed below together with a company profile and reviews. International Shipping Dry Cargo Broad range of container solutions Fast transit times On point schedule reliability Door to door [&hellip;]<\/p>\n","protected":false},"author":1,"featured_media":0,"parent":0,"menu_order":0,"comment_status":"closed","ping_status":"closed","template":"","meta":{"_genesis_hide_title":false,"_genesis_hide_breadcrumbs":false,"_genesis_hide_singular_image":false,"_genesis_hide_footer_widgets":false,"_genesis_custom_body_class":"","_genesis_custom_post_class":"","_genesis_layout":"","footnotes":""},"class_list":{"0":"post-1610","1":"page","2":"type-page","3":"status-publish","5":"entry"},"_links":{"self":[{"href":"https:\/\/moverdb.com\/fi\/wp-json\/wp\/v2\/pages\/1610","targetHints":{"allow":["GET"]}}],"collection":[{"href":"https:\/\/moverdb.com\/fi\/wp-json\/wp\/v2\/pages"}],"about":[{"href":"https:\/\/moverdb.com\/fi\/wp-json\/wp\/v2\/types\/page"}],"author":[{"embeddable":true,"href":"https:\/\/moverdb.com\/fi\/wp-json\/wp\/v2\/users\/1"}],"replies":[{"embeddable":true,"href":"https:\/\/moverdb.com\/fi\/wp-json\/wp\/v2\/comments?post=1610"}],"version-history":[{"count":3,"href":"https:\/\/moverdb.com\/fi\/wp-json\/wp\/v2\/pages\/1610\/revisions"}],"predecessor-version":[{"id":6218,"href":"https:\/\/moverdb.com\/fi\/wp-json\/wp\/v2\/pages\/1610\/revisions\/6218"}],"wp:attachment":[{"href":"https:\/\/moverdb.com\/fi\/wp-json\/wp\/v2\/media?parent=1610"}],"curies":[{"name":"wp","href":"https:\/\/api.w.org\/{rel}","templated":true}]}}