{"id":1592,"date":"2017-04-21T13:39:38","date_gmt":"2017-04-21T13:39:38","guid":{"rendered":"http:\/\/moverdb.com\/?page_id=1592"},"modified":"2026-01-08T14:40:07","modified_gmt":"2026-01-08T14:40:07","slug":"maersk","status":"publish","type":"page","link":"https:\/\/moverdb.com\/fi\/maersk\/","title":{"rendered":"Maersk Line - Kansainv\u00e4liset merenkulun palvelut ja arvostelut"},"content":{"rendered":"<p>Maersk Line on osa A.P. Moller-Maersk-konsernia, joka on maailmanlaajuinen <a href=\"https:\/\/moverdb.com\/fi\/shipping-companies\/\" data-internallinksmanager029f6b8e52c=\"4\" title=\"Top 10 kansainv\u00e4list\u00e4 konttikuljetusyrityst\u00e4\">varustamo<\/a> jonka kotipaikka on K\u00f6\u00f6penhaminassa, <a href=\"https:\/\/moverdb.com\/fi\/moving-to-denmark\/\" data-internallinksmanager029f6b8e52c=\"335\" title=\"Muutatko Tanskaan? 2023 Elinkustannukset ja muuttovinkit\">Tanska<\/a>. Se tarjoaa asiakkailleen laajan valikoiman palveluita, jotka on lueteltu alla yhdess\u00e4 yrityksen profiilin ja arvostelujen kanssa.<\/p>\n<p><strong>Kansainv\u00e4liset rahti- ja kuljetuspalvelut<\/strong><\/p>\n<ul>\n<li> Kuivalasti<\/li>\n<li> Ovelta ovelle<\/li>\n<li> 20\u2032 kontit, joiden hy\u00f6tykuorma on enint\u00e4\u00e4n 28,2 tonnia.<\/li>\n<li> 40\u2032 8\u2032 6\u2033 kontit, joiden hy\u00f6tykuorma on enint\u00e4\u00e4n 28,8 tonnia.<\/li>\n<li> 45\u2032 9\u2032 6\u2033 korkea, kokonaistilavuus 85 kuutiometri\u00e4.<\/li>\n<li> Ripustuspalkit, jotka mahdollistavat vaatteiden kuljettamisen ripustimilla ilman lis\u00e4pakkauksia.<\/li>\n<li> Kiinnitystangot ja kiinnitysrenkaat antavat lastille lis\u00e4turvaa.<\/li>\n<li> Varastointi k\u00e4ytett\u00e4viss\u00e4<\/li>\n<li> Tulliselvitys<\/li>\n<\/ul>\n<p><strong>Reefer Cargo<\/strong><\/p>\n<ul>\n<li> J\u00e4\u00e4hdytetyt kuljetuskontit<\/li>\n<li> Ovelta ovelle<\/li>\n<li> huolellinen lastink\u00e4sittely tuotteiden tuoreuden varmistamiseksi<\/li>\n<li> Ainutlaatuinen s\u00e4ili\u00f6n rakenne takaa maksimoidun hy\u00f6tykuorman<\/li>\n<li> CO2-p\u00e4\u00e4st\u00f6jen v\u00e4hent\u00e4minen<\/li>\n<li> Optimaalinen tuotteen l\u00e4mp\u00f6tila<\/li>\n<li> V\u00e4hentynyt energiankulutus<\/li>\n<li> 3 erityyppist\u00e4 j\u00e4\u00e4hdytyskonttia, joiden lastitila vaihtelee 27 ja 67 CBM:n v\u00e4lill\u00e4.<\/li>\n<li> Tulliselvitys<\/li>\n<\/ul>\n<p><strong>Erikoisrahti<\/strong><\/p>\n<ul>\n<li> Out of Gauge-, In Gauge- ja Break Bulk -lastien oikea-aikainen toimitus.<\/li>\n<li> Erikoislastin oikea-aikainen toimitus ymp\u00e4ri maailmaa<\/li>\n<li> Erikoiskuljetusasiantuntijat kaikilla aikavy\u00f6hykkeill\u00e4 v\u00e4litt\u00f6mi\u00e4 vastauksia ja tukea varten.<\/li>\n<li> Uusinta tekniikkaa edustava lautateline- ja avohyllykalusto, joka on k\u00e4ytett\u00e4viss\u00e4 siell\u00e4 ja silloin, kun niit\u00e4 tarvitset.<\/li>\n<li> Ovelta ovelle<\/li>\n<li> Varastointi k\u00e4ytett\u00e4viss\u00e4<\/li>\n<li> Tulliselvitys<\/li>\n<\/ul>\n<p><strong>Sis\u00e4maan liikennepalvelut<\/strong><\/p>\n<ul>\n<li> T\u00e4yden palvelun kuljetusratkaisu<\/li>\n<li> Ovelta ovelle<\/li>\n<li> Oikea-aikainen nouto ja toimitus<\/li>\n<li> Laadukkaiden kuljetuspalvelujen tarjoajien laaja verkosto<\/li>\n<li> Yhden luukun ostopalvelu, jossa yhdistyv\u00e4t maa- ja merikuljetustarpeet.<\/li>\n<li> Jatkuva seuranta ja laadunvarmistus<\/li>\n<li> J\u00e4rjestetty vakuutus<\/li>\n<\/ul>\n<p><strong>K\u00e4ytetyt kontit myyt\u00e4v\u00e4n\u00e4<\/strong><\/p>\n<ul>\n<li> K\u00e4ytet\u00e4\u00e4n varastointiin, toimistoon, taloon, jopa uima-altaaseen.<\/li>\n<li> P\u00e4\u00e4sy varastoon tarpeidesi mukaisesti<\/li>\n<li> K\u00e4ytettyjen konttien laaja verkosto<\/li>\n<li> Yksinkertaiset j\u00e4rjestelm\u00e4t k\u00e4yt\u00f6ss\u00e4 noutoaikataulusi t\u00e4ytt\u00e4miseksi<\/li>\n<li> Taattu s\u00e4ili\u00f6n laatu<\/li>\n<\/ul>\n<h2>Maersk Line<\/h2>\n<p>Maersk Line perustettiin vuonna 1928. Maersk Linen omistaa A.P. Moller-Maersk -konserni, ja se on yksi maailman johtavista <a href=\"https:\/\/moverdb.com\/fi\/laivayhtiot\/\">suurin konttivarustamo<\/a>, joka tunnetaan joustavuudestaan, luotettavuudestaan ja ekotehokkaista palveluistaan. <\/p>\n<p>Sen p\u00e4\u00e4konttori sijaitsee K\u00f6\u00f6penhaminassa, Tanskassa. Yhti\u00f6ll\u00e4 on yli 630 alusta, joiden kapasiteetti on 3,3 miljoonaa TEU:ta ja jotka palvelevat 59 000 asiakasta maailmanlaajuisesti.<\/p>\n<p>Viime vuonna Maersk kuljetti noin 12 miljoonaa konttia ymp\u00e4ri maailmaa ja k\u00e4vi 46 000 kertaa satamassa 343 satamassa. <a href=\"https:\/\/moverdb.com\/fi\/top-49-container-ports\/\" data-internallinksmanager029f6b8e52c=\"80\" title=\"Top 49 suurinta ja vilkkainta konttisatamaa vuonna 2025\">satamat<\/a> 121 maassa. Maersk tarjoaa useita p\u00e4ivitt\u00e4isi\u00e4 laivamatkoja kaikilla t\u00e4rkeimmill\u00e4 laivareiteill\u00e4. Jotta kaikki sujuisi moitteettomasti, yhti\u00f6 ty\u00f6llist\u00e4\u00e4 7 000 merimiest\u00e4 ja 25 000 maalla ty\u00f6skentelev\u00e4\u00e4 ty\u00f6ntekij\u00e4\u00e4 374 toimipisteess\u00e4 eri puolilla maailmaa.<\/p>\n<p>Maersk on sitoutunut antamaan takaisin yhteis\u00f6lle ja tukee eri puolilla maailmaa hankkeita, jotka kuuluvat kolmeen maailmanlaajuiseen j\u00e4rjestelm\u00e4\u00e4n: katastrofiapu ja -valmius, ymp\u00e4rist\u00f6nsuojelu ja yritt\u00e4jyyden edist\u00e4minen v\u00e4h\u00e4osaisissa yhteis\u00f6iss\u00e4.<\/p>\n<p>Maersk Linella on seuraavat akkreditoinnit ja sidonnaisuudet:<\/p>\n<ul>\n<li> Kansainv\u00e4linen lento- ja merenkulkuj\u00e4rjest\u00f6 (IASA)<\/li>\n<li> <a href=\"https:\/\/moverdb.com\/fi\/international-chamber-shipping\/\">Kansainv\u00e4linen merenkulkukamari<\/a> (<a href=\"https:\/\/moverdb.com\/fi\/international-chamber-shipping\/\" data-internallinksmanager029f6b8e52c=\"78\" title=\"Kansainv\u00e4linen merenkulkukamari (ICS) selitettyin\u00e4\">ICS<\/a>)<\/li>\n<li> WTO:n kaupan helpottamista koskeva maailmanlaajuinen liittouma (Global Alliance for Trade Facilitation)<\/li>\n<li> ihmishengen turvallisuus merell\u00e4 (SOLAS)<\/li>\n<li> Federation of National Associations of Ship Brokers and Agents (FONASBA) (kansallisten laivameklariliittojen ja -agenttien liitto)<\/li>\n<\/ul>\n<h2>Maersk Line Company Arvostelut<\/h2>\n<p><em>T\u00e4t\u00e4 kirjoittaessamme emme l\u00f6yt\u00e4neet yht\u00e4\u00e4n verkkoarvostelua Maersk Linen laivapalveluista.<\/em><\/p>\n<p><strong><\/p>\n<div itemprop=\"review\" itemscope itemtype=\"http:\/\/schema.org\/Review\">\n<span itemprop=\"author\" itemscope=\"\" itemtype=\"http:\/\/schema.org\/Organization\"><span itemprop=\"name\">MoverDB.com<\/span><\/span> Verkkosivuston arvostelu <span itemprop=\"itemreviewed\" itemscope=\"\" itemtype=\"http:\/\/schema.org\/Brand\"><span itemprop=\"name\">Maersk Line<\/span><\/span>:<\/strong><\/p>\n<ol>\n<li> Selke\u00e4t yhteystiedot verkkosivustolla (my\u00f6s puhelinnumero): <strong>Kyll\u00e4<\/strong><\/li>\n<li> Helppo saada <a href=\"https:\/\/moverdb.com\/fi\/container-shipping\/\" data-internallinksmanager029f6b8e52c=\"3\" title=\"Kansainv\u00e4lisen konttikuljetuksen hinnat: huhtikuu 2026\">kansainv\u00e4linen merenkulku<\/a> lainauksia? (Online-arviolomake): <strong>Kyll\u00e4<\/strong><\/li>\n<li> Selke\u00e4t tiedot verkkosivustolla: <strong>Kyll\u00e4,<\/strong> Verkkosivuilla esitet\u00e4\u00e4n selke\u00e4sti kaikki yrityksen tarjoamat palvelut.<\/li>\n<li> J\u00e4senyys kansainv\u00e4lisesti tunnustetuissa merenkulkuj\u00e4rjest\u00f6iss\u00e4: <strong>Kyll\u00e4<\/strong>, mutta niiden verkkosivustolla ei ole kovin montaa.<\/li>\n<li> Luettelo asiakkaista ja\/tai aiempien asiakkaiden suosittelut. <strong>Ei,<\/strong> heid\u00e4n verkkosivustollaan ei mainita yht\u00e4\u00e4n.<\/li>\n<\/ol>\n<div itemprop=\"reviewRating\" itemscope itemtype=\"http:\/\/schema.org\/Rating\"><meta itemprop=\"worstRating\" content = \"0\" \/><meta itemprop=\"bestRating\" content=\"5\" \/><meta itemprop=\"ratingValue\" content=\"4\"><\/div>\n<p><strong>Yleisarvosana: 4\/5<\/strong><br \/>\n<strong>Tarkistusp\u00e4iv\u00e4:<\/strong> <span itemprop=\"datePublished\" content=\"2017-04-21\">21\/04\/2017<\/span>\n<\/div>\n<p>Lis\u00e4tietoja muista <a href=\"https:\/\/moverdb.com\/fi\/laivayhtiot\/\">kansainv\u00e4liset varustamot<\/a>, <a href=\"https:\/\/moverdb.com\/fi\/konttikuljetukset\/\">konttien kuljetusmaksut<\/a> ja meid\u00e4n <a href=\"https:\/\/moverdb.com\/fi\/arvostelut\/\">tarkistusprosessi<\/a>.<\/p>\n<p><strong>Verkkosivusto:<\/strong> <a href=\"https:\/\/www2.maerskline.com\/\" target=\"_blank\" rel=\"noopener\">https:\/\/www2.maerskline.com\/<\/a><\/p>","protected":false},"excerpt":{"rendered":"<p>Maersk Line, is part of A.P. Moller\u2013Maersk Group, a worldwide shipping company based in Copenhagen, Denmark. It offers its customers a wide range of services which are listed below, together with a company profile and reviews. International Freight and Shipping Services Dry Cargo Door to door 20&#8242; containers with payload up to 28.2 metric tons [&hellip;]<\/p>\n","protected":false},"author":1,"featured_media":0,"parent":0,"menu_order":0,"comment_status":"closed","ping_status":"closed","template":"","meta":{"_genesis_hide_title":false,"_genesis_hide_breadcrumbs":false,"_genesis_hide_singular_image":false,"_genesis_hide_footer_widgets":false,"_genesis_custom_body_class":"","_genesis_custom_post_class":"","_genesis_layout":"","footnotes":""},"class_list":{"0":"post-1592","1":"page","2":"type-page","3":"status-publish","5":"entry"},"_links":{"self":[{"href":"https:\/\/moverdb.com\/fi\/wp-json\/wp\/v2\/pages\/1592","targetHints":{"allow":["GET"]}}],"collection":[{"href":"https:\/\/moverdb.com\/fi\/wp-json\/wp\/v2\/pages"}],"about":[{"href":"https:\/\/moverdb.com\/fi\/wp-json\/wp\/v2\/types\/page"}],"author":[{"embeddable":true,"href":"https:\/\/moverdb.com\/fi\/wp-json\/wp\/v2\/users\/1"}],"replies":[{"embeddable":true,"href":"https:\/\/moverdb.com\/fi\/wp-json\/wp\/v2\/comments?post=1592"}],"version-history":[{"count":7,"href":"https:\/\/moverdb.com\/fi\/wp-json\/wp\/v2\/pages\/1592\/revisions"}],"predecessor-version":[{"id":13172,"href":"https:\/\/moverdb.com\/fi\/wp-json\/wp\/v2\/pages\/1592\/revisions\/13172"}],"wp:attachment":[{"href":"https:\/\/moverdb.com\/fi\/wp-json\/wp\/v2\/media?parent=1592"}],"curies":[{"name":"wp","href":"https:\/\/api.w.org\/{rel}","templated":true}]}}