{"id":1590,"date":"2017-01-25T12:24:31","date_gmt":"2017-01-25T12:24:31","guid":{"rendered":"http:\/\/moverdb.com\/?page_id=1590"},"modified":"2026-01-08T15:20:28","modified_gmt":"2026-01-08T15:20:28","slug":"nippon-express","status":"publish","type":"page","link":"https:\/\/moverdb.com\/fi\/nippon-express\/","title":{"rendered":"Nippon Express - Kansainv\u00e4linen muuttoliike ja muutto Arvostelut"},"content":{"rendered":"<p>Nippon Expressin kotipaikka on Tokio, <a href=\"https:\/\/moverdb.com\/fi\/moving-to-japan\/\" data-internallinksmanager029f6b8e52c=\"342\" title=\"Muutatko Japaniin? 2023 Elinkustannukset ja muuttovinkit\">Japani<\/a>. Se tarjoaa asiakkailleen erilaisia muuttopalveluja. Ne on lueteltu alla yhdess\u00e4 yrityksen profiilin ja arvostelujen kanssa.<\/p>\n<p><strong>Kansainv\u00e4liset muutot<\/strong><\/p>\n<ul>\n<li> Henkil\u00f6kohtaisen muuton johtaja<\/li>\n<li> Palvelu ovelta ovelle<\/li>\n<li> Apu tullin ja asiakirjojen kanssa<\/li>\n<li> T\u00e4ydellinen pakkauspalvelu, vain hauraat esineet tai tee-se-itse-pakkaus.<\/li>\n<li> Huonekalujen purkaminen ja kokoaminen<\/li>\n<li> Pakkauksen purkamispalvelu<\/li>\n<li> Roskien poisto<\/li>\n<li> Pitk\u00e4aikainen ja lyhytaikainen varastointi<\/li>\n<li> Autojen siirt\u00e4minen<\/li>\n<li> Moottoripy\u00f6r\u00e4t<\/li>\n<li> Pianot<\/li>\n<\/ul>\n<p><strong>Muuttopalvelut - Japaniin<\/strong><\/p>\n<ul>\n<li> Muuttokonsultointi<\/li>\n<li> Orientaatio'<\/li>\n<li> Kotihaku<\/li>\n<li> Kansainv\u00e4linen kotimainen muuttoliike<\/li>\n<li> Kouluhaku<\/li>\n<li> L\u00e4ht\u00f6palvelut eli vuokrasopimuksen irtisanominen, puhelin- ja yleishy\u00f6dyllisten palveluiden katkaiseminen, postin v\u00e4litt\u00e4minen eteenp\u00e4in<\/li>\n<\/ul>\n<p><strong>Kotimaan muutot - Japanin sis\u00e4ll\u00e4<\/strong><\/p>\n<ul>\n<li> Palvelu ovelta ovelle<\/li>\n<li> T\u00e4ysi pakkaus, osittainen pakkaus tai DIY-pakkaus<\/li>\n<li> Huonekalujen purkaminen ja kokoaminen<\/li>\n<li> Pakkauksen purkamispalvelu<\/li>\n<li> Roskien poisto<\/li>\n<li> Pitk\u00e4- ja lyhytaikaista varastointia saatavilla<\/li>\n<li> J\u00e4rjestetty vakuutus<\/li>\n<\/ul>\n<p><strong>Rahdin huolinta<\/strong><\/p>\n<ul>\n<li> Yleiset tavarat ja komponentit<\/li>\n<li> Taidetta ja antiikkia<\/li>\n<li> Messut ja n\u00e4yttelyt<\/li>\n<\/ul>\n<h2>Nippon Express Yrityksen profiili<\/h2>\n<p>Nippon Express on yksi johtavista <a href=\"https:\/\/moverdb.com\/fi\/moving-companies\/\" data-internallinksmanager029f6b8e52c=\"79\" title=\"Top 25 Kansainv\u00e4list\u00e4 muuttoyrityksi\u00e4 verkossa\">muuttofirmat<\/a> yksityishenkil\u00f6iden ja yritysten siirt\u00e4miseen Japaniin ja sen ymp\u00e4rist\u00f6ss\u00e4. Se on erikoistunut Japaniin saapuvien ja sielt\u00e4 l\u00e4htevien ty\u00f6ntekij\u00f6iden ja heid\u00e4n perheidens\u00e4 muuttoihin yritysten ja viranomaisten toimesta. Nippon Express tunnetaan my\u00f6s maailmanlaajuisista kuljetuksistaan. <a href=\"https:\/\/moverdb.com\/fi\/huolitsija\/\">huolinta<\/a> asiantuntemusta, tavaroiden kuljetusta ymp\u00e4ri maailmaa.<\/p>\n<p>Nippon Express aloitti toimintansa vuonna 1937 valtion omistamana 53%:n\u00e4. Toisen maailmansodan j\u00e4lkeen yhti\u00f6 yksityistettiin. Vuonna 1949 yhti\u00f6 aloitti kansainv\u00e4lisen rahdin huolinnan ja toimi useiden kansainv\u00e4listen lentoyhti\u00f6iden edustajana. Vuoteen 1958 menness\u00e4 Nippon Express oli avannut ensimm\u00e4isen ulkomaisen toimistonsa seuraavassa kaupungissa <a href=\"https:\/\/moverdb.com\/fi\/muutto-new-yorkiin\/\">New York<\/a>Vuonna 1991 toimistoja oli 97 kappaletta. <a href=\"https:\/\/moverdb.com\/fi\/moving-to-the-united-states\/\" data-internallinksmanager029f6b8e52c=\"94\" title=\"Muutatko Yhdysvaltoihin? 2022 Elinkustannukset ja muuttovinkit\">Yhdysvallat<\/a>. <\/p>\n<p>Vuonna 1973 yhti\u00f6 osti ensimm\u00e4isen <a href=\"https:\/\/moverdb.com\/fi\/laivayhtiot\/\">konttialus<\/a> ja aloitti rahtiliikenteen Tokion ja Tomakomain v\u00e4lill\u00e4.<\/p>\n<p>Nyky\u00e4\u00e4n Nippon Expressill\u00e4 on toimistoja ja toimitiloja 260 kaupungissa 42 maassa, ja se ty\u00f6llist\u00e4\u00e4 36 700 henkil\u00f6\u00e4 Japanissa ja 16 000 henkil\u00f6\u00e4 ulkomailla.<\/p>\n<p>Nippon Expressill\u00e4 on seuraavat akkreditoinnit ja sidonnaisuudet:<\/p>\n<ul>\n<li> <a href=\"https:\/\/moverdb.com\/fi\/fidi-faim\/\">FIDI<\/a><\/li>\n<li> <a href=\"https:\/\/moverdb.com\/fi\/olen\/\">Kansainv\u00e4linen muuttajien liitto<\/a> (<a href=\"https:\/\/moverdb.com\/fi\/iam\/\" data-internallinksmanager029f6b8e52c=\"23\" title=\"Kansainv\u00e4linen muuttajien liitto (IAM) selitetty\">IAM<\/a>)<\/li>\n<li> ISO 9001<\/li>\n<li> <a href=\"https:\/\/moverdb.com\/fi\/iata\/\">IATA<\/a><\/li>\n<\/ul>\n<h2>Nippon Express Arvostelut<\/h2>\n<p><strong>Positiivinen:<\/strong><\/p>\n<ul>\n<li> <em>\"Todella japanilaiseen tyyliin he ovat kohteliaita ja kunnioittavia - jopa riisuvat kenk\u00e4ns\u00e4 tuodakseen tavarasi taloon! He ty\u00f6skentelev\u00e4t t\u00e4ysill\u00e4, pys\u00e4htyv\u00e4t ajoitetulle tauolle ja palaavat sitten suoraan t\u00f6ihin, eiv\u00e4tk\u00e4 lopeta ennen kuin ty\u00f6 on tehty.\"<\/em> - KK W kautta <a href=\"https:\/\/www.yelp.co.uk\/biz\/nippon-express-usa-el-segundo?hrid=ilixQzfFmyj3IAX32d0E-A&#038;utm_campaign=www_review_share_popup&#038;utm_medium=copy_link&#038;utm_source=(direct)\" target=\"_blank\" rel=\"noopener\">Yelp<\/a><\/li>\n<\/ul>\n<p><strong>Negatiivinen:<\/strong><\/p>\n<p><em>Emme l\u00f6yt\u00e4neet yht\u00e4\u00e4n negatiivista arviota Nippon Expressille verkossa.<\/em><\/p>\n<div itemprop=\"review\" itemscope itemtype=\"http:\/\/schema.org\/Review\">\n<span itemprop=\"author\" itemscope=\"\" itemtype=\"http:\/\/schema.org\/Organization\"><span itemprop=\"name\">MoverDB.com<\/span><\/span> Verkkosivuston arvostelu <span itemprop=\"itemreviewed\" itemscope=\"\" itemtype=\"http:\/\/schema.org\/Brand\"><span itemprop=\"name\">Nippon Express<\/span><\/span>:<\/p>\n<ol>\n<li> Selke\u00e4t yhteystiedot verkkosivustolla (my\u00f6s puhelinnumero): <strong>Kyll\u00e4<\/strong><\/li>\n<li> Helppo saada <a href=\"https:\/\/moverdb.com\/fi\/lainauksia\/\">kansainv\u00e4liset muutto tarjoukset<\/a>? (Online-arviolomake): <strong>Kyll\u00e4<\/strong><\/li>\n<li> Selke\u00e4t tiedot verkkosivustolla: <strong>Kyll\u00e4,<\/strong> Vaikka niiden verkkosivut n\u00e4ytt\u00e4v\u00e4t hieman vanhentuneilta, niiss\u00e4 kerrotaan kaikki niiden palvelut.<\/li>\n<li> J\u00e4senyys kansainv\u00e4lisiss\u00e4 tunnustetuissa liikkuvissa j\u00e4rjest\u00f6iss\u00e4: <strong>Kyll\u00e4<\/strong>, (ks. edell\u00e4)<\/li>\n<li> Luettelo asiakkaista ja\/tai aiempien asiakkaiden suosittelut. <strong>Ei,<\/strong> mutta heill\u00e4 on eritt\u00e4in hyv\u00e4 maine verkossa olevien arvostelujen perusteella.<\/li>\n<\/ol>\n<div itemprop=\"reviewRating\" itemscope itemtype=\"http:\/\/schema.org\/Rating\"><meta itemprop=\"worstRating\" content = \"0\" \/><meta itemprop=\"bestRating\" content=\"5\" \/><meta itemprop=\"ratingValue\" content=\"4.5\"><\/div>\n<p><strong>Yleisarvosana: 4.5\/5<\/strong><br \/>\n<strong>Tarkistusp\u00e4iv\u00e4:<\/strong> <span itemprop=\"datePublished\" content=\"2017-01-25\">25\/01\/2017<\/span>\n<\/div>\n<p>Lue lis\u00e4\u00e4 <a href=\"https:\/\/moverdb.com\/fi\/muuttoyritykset\/\">kansainv\u00e4liset muuttofirmat<\/a>ja meid\u00e4n <a href=\"https:\/\/moverdb.com\/fi\/arvostelut\/\">tarkistusprosessi<\/a>.<\/p>\n<p><strong>Verkkosivut:<\/strong> Maailmanlaajuinen: <a href=\"http:\/\/www.nipponexpress.com\/\" target=\"_blank\" rel=\"noopener\">http:\/\/www.nipponexpress.com\/<\/a>, US: <a href=\"https:\/\/nipponexpressusa.com\/\" target=\"_blank\" rel=\"noopener\">https:\/\/nipponexpressusa.com\/<\/a> ja <a href=\"https:\/\/moverdb.com\/fi\/moving-to-the-uk\/\" data-internallinksmanager029f6b8e52c=\"93\" title=\"Muutatko Yhdistyneeseen kuningaskuntaan? 2022 Elinkustannukset ja muuttovinkit\">UK<\/a>: <a href=\"http:\/\/www.nipponexpress.co.uk\/\" target=\"_blank\" rel=\"noopener\">http:\/\/www.nipponexpress.co.uk\/<\/a><\/p>","protected":false},"excerpt":{"rendered":"<p>Nippon Express is based in Tokyo, Japan. It offers its clients a variety of moving services. These are listed below together with a company profile and reviews. International Moves Personal move manager Door to door service Assistance with customs and documentation Full packing service, fragile items only or do-it-yourself packing Disassembly and reassembly of furniture [&hellip;]<\/p>\n","protected":false},"author":1,"featured_media":0,"parent":0,"menu_order":0,"comment_status":"closed","ping_status":"closed","template":"","meta":{"_genesis_hide_title":false,"_genesis_hide_breadcrumbs":false,"_genesis_hide_singular_image":false,"_genesis_hide_footer_widgets":false,"_genesis_custom_body_class":"","_genesis_custom_post_class":"","_genesis_layout":"","footnotes":""},"class_list":{"0":"post-1590","1":"page","2":"type-page","3":"status-publish","5":"entry"},"_links":{"self":[{"href":"https:\/\/moverdb.com\/fi\/wp-json\/wp\/v2\/pages\/1590","targetHints":{"allow":["GET"]}}],"collection":[{"href":"https:\/\/moverdb.com\/fi\/wp-json\/wp\/v2\/pages"}],"about":[{"href":"https:\/\/moverdb.com\/fi\/wp-json\/wp\/v2\/types\/page"}],"author":[{"embeddable":true,"href":"https:\/\/moverdb.com\/fi\/wp-json\/wp\/v2\/users\/1"}],"replies":[{"embeddable":true,"href":"https:\/\/moverdb.com\/fi\/wp-json\/wp\/v2\/comments?post=1590"}],"version-history":[{"count":4,"href":"https:\/\/moverdb.com\/fi\/wp-json\/wp\/v2\/pages\/1590\/revisions"}],"predecessor-version":[{"id":6226,"href":"https:\/\/moverdb.com\/fi\/wp-json\/wp\/v2\/pages\/1590\/revisions\/6226"}],"wp:attachment":[{"href":"https:\/\/moverdb.com\/fi\/wp-json\/wp\/v2\/media?parent=1590"}],"curies":[{"name":"wp","href":"https:\/\/api.w.org\/{rel}","templated":true}]}}