{"id":1578,"date":"2017-04-21T14:09:10","date_gmt":"2017-04-21T14:09:10","guid":{"rendered":"http:\/\/moverdb.com\/?page_id=1578"},"modified":"2026-01-08T14:40:13","modified_gmt":"2026-01-08T14:40:13","slug":"mediterranean-shipping-company","status":"publish","type":"page","link":"https:\/\/moverdb.com\/fi\/mediterranean-shipping-company\/","title":{"rendered":"V\u00e4limeren laivayhti\u00f6 - Kansainv\u00e4liset palvelut ja arvostelut"},"content":{"rendered":"<p>V\u00e4limeri <a href=\"https:\/\/moverdb.com\/fi\/shipping-companies\/\" data-internallinksmanager029f6b8e52c=\"4\" title=\"Top 10 kansainv\u00e4list\u00e4 konttikuljetusyrityst\u00e4\">Laivayhti\u00f6<\/a> (MSC) tarjoaa asiakkailleen laajan valikoiman merenkulku- ja muita palveluja. N\u00e4m\u00e4 palvelut on lueteltu j\u00e4ljemp\u00e4n\u00e4 yhdess\u00e4 yrityksen profiilin ja arvostelujen kanssa.<\/p>\n<h3>Kansainv\u00e4linen merenkulku<\/h3>\n<p><strong>Kuivalasti<\/strong><\/p>\n<ul>\n<li> Vakio 20ft, 40ft tai 40ft korkuiset kuutiokontit.<\/li>\n<li> Ylisuuret ja irtolastit<\/li>\n<li> Viikoittaiset ja s\u00e4\u00e4nn\u00f6lliset kuljetuspalvelut maailmanlaajuisiin kohteisiin<\/li>\n<li> Tulliselvitys ja asiakirjat<\/li>\n<\/ul>\n<p><strong>Reefer Cargo<\/strong><\/p>\n<ul>\n<li> R\u00e4\u00e4t\u00e4l\u00f6idyt kokonaisvaltaiset kuljetusratkaisut<\/li>\n<li> Viikoittaiset ja s\u00e4\u00e4nn\u00f6lliset kuljetuspalvelut maailmanlaajuisiin kohteisiin<\/li>\n<li> Asiantuntemus j\u00e4\u00e4hdytettyjen ja pakastettujen tavaroiden kuljetuksesta.<\/li>\n<li> Ennen matkaa teht\u00e4v\u00e4 tarkastus: <\/li>\n<li> Varmista, ett\u00e4 s\u00e4ili\u00f6 puhdistetaan lian ja hajujen poistamiseksi.<\/li>\n<li> Tarkistetaan, ett\u00e4 s\u00e4ili\u00f6n sis\u00e4puoli on elintarvikek\u00e4ytt\u00f6\u00f6n soveltuvien eritelmien mukainen.<\/li>\n<li> Tarkistaa, ett\u00e4 koneet toimivat alan standardien mukaisesti.<\/li>\n<li> Varmista, ett\u00e4 s\u00e4ili\u00f6n l\u00e4mp\u00f6tila on laskettu oikeaan valittuun pisteeseen.<\/li>\n<li> Tulliselvitys ja asiakirjat<\/li>\n<\/ul>\n<p><strong>Mittariston ulkopuoliset ja irtolastipalvelut<\/strong><\/p>\n<ul>\n<li> Asiantunteva projektin rahtilogistiikkatiimi<\/li>\n<li> Lastaus, kiinnitys ja lastin kiinnitt\u00e4minen l\u00e4ht\u00f6paikassa. <a href=\"https:\/\/moverdb.com\/fi\/top-49-container-ports\/\" data-internallinksmanager029f6b8e52c=\"80\" title=\"Top 49 suurinta ja vilkkainta konttisatamaa vuonna 2025\">satama<\/a> tai l\u00e4heinen varikko<\/li>\n<li> Sis\u00e4maan ker\u00e4ily ja toimitukset erilaisilla laitteilla<\/li>\n<li> Tarvittaessa poliisin\/maankuljetuksen ilmoitusten j\u00e4rjest\u00e4minen.<\/li>\n<li> Ahtaus, satamien kiinnitys ja satamien varastointilaitokset<\/li>\n<li> Erikoislaitteet<\/li>\n<li> Kilpailukykyiset hinnat<\/li>\n<li> Tulliselvitys ja asiakirjat<\/li>\n<\/ul>\n<p><strong>Intermodaalikuljetukset<\/strong><\/p>\n<ul>\n<li> Ovelta ovelle<\/li>\n<li> Tehtaalta kuluttajalle<\/li>\n<li> Toimitusvelvoitteiden t\u00e4ytt\u00e4miseksi k\u00e4ytett\u00e4viss\u00e4 oleva kuljetusyhdistelm\u00e4<\/li>\n<\/ul>\n<p><strong>Konttien ja lastin varastointi<\/strong><\/p>\n<ul>\n<li> Maailmanlaajuinen verkosto sek\u00e4 varastointi ja varastointi<\/li>\n<li> Avustaminen jakeluverkostojen rakentamisessa<\/li>\n<li> Kattavat nouto-\/pakkaus-, purkamis-\/palletointi- ja varastointipalvelut sek\u00e4 irtotavarapinojen varastointipalvelut ja -tilat<\/li>\n<\/ul>\n<p><strong>Cross Trading<\/strong><\/p>\n<ul>\n<li> Laiva mist\u00e4 tahansa l\u00e4ht\u00f6paikasta mihin tahansa m\u00e4\u00e4r\u00e4np\u00e4\u00e4h\u00e4n<\/li>\n<li> Kuivalasti<\/li>\n<li> Reefer-rahti<\/li>\n<li> Out-of-gauge<\/li>\n<li> Arvokas ja vaarallinen lasti<\/li>\n<li> Asiakirjojen k\u00e4sittely<\/li>\n<li> Seuranta<\/li>\n<li> Tulliselvitys<\/li>\n<\/ul>\n<p><strong>Lastiper\u00e4vaunut<\/strong><\/p>\n<ul>\n<li> J\u00e4ykk\u00e4<\/li>\n<li> Litte\u00e4pohjainen<\/li>\n<li> Kippis\u00e4ili\u00f6<\/li>\n<li> Matala kuormaaja<\/li>\n<li> Kontti-nostovaunu<\/li>\n<li> Generaattorin per\u00e4vaunu<\/li>\n<\/ul>\n<p><strong>S\u00e4ili\u00f6laitteet<\/strong><\/p>\n<ul>\n<li> 20ft \/ 40ft vakio- ja suurikuutioiset kontit<\/li>\n<li> 20ft \/ 40ft avokontit<\/li>\n<li> 20- \/ 40-jalkaiset ja suurikuutioiset reefer-kontit<\/li>\n<li> 20ft \/ 40ft tasohyllyt<\/li>\n<li> 20ft \/ 40ft alustat<\/li>\n<li> 20ft \/ 40ft avokontit<\/li>\n<\/ul>\n<h2>V\u00e4limeren laivayhti\u00f6 (MSC)<\/h2>\n<p>Mediterranean Shipping Company on yksityisomistuksessa oleva maailmanlaajuinen <a href=\"https:\/\/moverdb.com\/fi\/laivayhtiot\/\">kansainv\u00e4linen varustamo<\/a> joka on toiminut yli 40 vuotta. Sen perusti Napolissa Gianluigi Aponte, ja sit\u00e4 johtaa edelleen Aponten perhe. Sen maailmanlaajuinen p\u00e4\u00e4konttori sijaitsee <a href=\"https:\/\/moverdb.com\/fi\/moving-to-switzerland\/moving-to-geneva\/\" data-internallinksmanager029f6b8e52c=\"416\" title=\"Muutatko Geneveen? 2023 Elinkustannukset ja muuttovinkit\">Geneve<\/a> Sill\u00e4 on 480 toimistoa 150 maassa ja yli 60 000 ty\u00f6ntekij\u00e4\u00e4 maailmanlaajuisesti.<\/p>\n<p>MSC:n laivastoon kuuluu 500 konttialusta, joiden kapasiteetti on noin 3,0 miljoonaa TEU:ta. Vuosittain yhti\u00f6 pys\u00e4htyy 315 satamassa eri puolilla maailmaa ja toimittaa kaikenlaista lastia.<\/p>\n<p>Mediterranean Shipping Companylla on seuraavat akkreditoinnit ja sidonnaisuudet:<\/p>\n<ul>\n<li> ihmishengen turvallisuus merell\u00e4 (SOLAS)<\/li>\n<li> Kansainv\u00e4linen lento- ja merenkulkuj\u00e4rjest\u00f6 (IASA)<\/li>\n<li> <a href=\"https:\/\/moverdb.com\/fi\/international-chamber-shipping\/\">Kansainv\u00e4linen merenkulkukamari<\/a> (<a href=\"https:\/\/moverdb.com\/fi\/international-chamber-shipping\/\" data-internallinksmanager029f6b8e52c=\"78\" title=\"Kansainv\u00e4linen merenkulkukamari (ICS) selitettyin\u00e4\">ICS<\/a>)<\/li>\n<li> Federation of National Associations of Ship Brokers and Agents (FONASBA) (kansallisten laivameklariliittojen ja -agenttien liitto)<\/li>\n<\/ul>\n<p><strong>Mediterranean Shipping Company Arvostelut<\/strong><\/p>\n<p><em>T\u00e4t\u00e4 kirjoitettaessa emme l\u00f6yt\u00e4neet yht\u00e4\u00e4n arviota Mediterranean Shipping Company'n merenkulkupalveluista verkosta.<\/em> <\/p>\n<div itemprop=\"review\" itemscope itemtype=\"http:\/\/schema.org\/Review\">\n<strong><span itemprop=\"author\" itemscope=\"\" itemtype=\"http:\/\/schema.org\/Organization\"><span itemprop=\"name\">MoverDB.com<\/span><\/span> Verkkosivuston arvostelu <span itemprop=\"itemreviewed\" itemscope=\"\" itemtype=\"http:\/\/schema.org\/Brand\"><span itemprop=\"name\">V\u00e4limeren laivayhti\u00f6<\/span><\/span>:<\/strong><\/p>\n<ol>\n<li> Selke\u00e4t yhteystiedot verkkosivustolla (my\u00f6s puhelinnumero): <strong>Kyll\u00e4<\/strong><\/li>\n<li> Helppo saada <a href=\"https:\/\/moverdb.com\/fi\/container-shipping\/\" data-internallinksmanager029f6b8e52c=\"3\" title=\"Kansainv\u00e4lisen konttikuljetuksen hinnat: 2026\">kansainv\u00e4linen merenkulku<\/a> lainauksia? (Online-arviolomake): <strong>Kyll\u00e4<\/strong><\/li>\n<li> Selke\u00e4t tiedot verkkosivustolla: <strong>Kyll\u00e4,<\/strong> Verkkosivustolla on runsaasti tietoa kansainv\u00e4lisist\u00e4 toimituksista.<\/li>\n<li> J\u00e4senyys kansainv\u00e4lisesti tunnustetuissa merenkulkuj\u00e4rjest\u00f6iss\u00e4: <strong>Kyll\u00e4<\/strong>.<\/li>\n<li> Luettelo asiakkaista ja\/tai aiempien asiakkaiden suosittelut. <strong>Kyll\u00e4,<\/strong> heill\u00e4 on rajallinen m\u00e4\u00e4r\u00e4 tapaustutkimuksia wesbite-sivustollaan.<\/li>\n<\/ol>\n<div itemprop=\"reviewRating\" itemscope itemtype=\"http:\/\/schema.org\/Rating\"><meta itemprop=\"worstRating\" content = \"0\" \/><meta itemprop=\"bestRating\" content=\"5\" \/><meta itemprop=\"ratingValue\" content=\"5\"><\/div>\n<p><strong>Yleisarvosana: 5\/5<\/strong><br \/>\n<strong>Tarkistusp\u00e4iv\u00e4:<\/strong> <span itemprop=\"datePublished\" content=\"2017-04-21\">21\/04\/2017<\/span>\n<\/div>\n<p>Lis\u00e4tietoja muista <a href=\"https:\/\/moverdb.com\/fi\/laivayhtiot\/\">kansainv\u00e4liset varustamot<\/a>, <a href=\"https:\/\/moverdb.com\/fi\/konttikuljetukset\/\">konttien kuljetusmaksut<\/a> ja meid\u00e4n <a href=\"https:\/\/moverdb.com\/fi\/arvostelut\/\">tarkistusprosessi<\/a>.<\/p>\n<p><strong>Verkkosivusto:<\/strong> <a href=\"https:\/\/www.msc.com\/\" target=\"_blank\" rel=\"noopener\">https:\/\/www.msc.com\/<\/a><\/p>","protected":false},"excerpt":{"rendered":"<p>Mediterranean Shipping Company (MSC) offers its customers a wide range of shipping and other services. These are listed below, together with a company profile and reviews. International Shipping Dry Cargo Standard 20ft, 40ft or 40ft high cube containers Oversized and breakbulk cargo Weekly and regular shipping services to global destinations Customs clearance and documentation Reefer [&hellip;]<\/p>\n","protected":false},"author":1,"featured_media":0,"parent":0,"menu_order":0,"comment_status":"closed","ping_status":"closed","template":"","meta":{"_genesis_hide_title":false,"_genesis_hide_breadcrumbs":false,"_genesis_hide_singular_image":false,"_genesis_hide_footer_widgets":false,"_genesis_custom_body_class":"","_genesis_custom_post_class":"","_genesis_layout":"","footnotes":""},"class_list":{"0":"post-1578","1":"page","2":"type-page","3":"status-publish","5":"entry"},"_links":{"self":[{"href":"https:\/\/moverdb.com\/fi\/wp-json\/wp\/v2\/pages\/1578","targetHints":{"allow":["GET"]}}],"collection":[{"href":"https:\/\/moverdb.com\/fi\/wp-json\/wp\/v2\/pages"}],"about":[{"href":"https:\/\/moverdb.com\/fi\/wp-json\/wp\/v2\/types\/page"}],"author":[{"embeddable":true,"href":"https:\/\/moverdb.com\/fi\/wp-json\/wp\/v2\/users\/1"}],"replies":[{"embeddable":true,"href":"https:\/\/moverdb.com\/fi\/wp-json\/wp\/v2\/comments?post=1578"}],"version-history":[{"count":6,"href":"https:\/\/moverdb.com\/fi\/wp-json\/wp\/v2\/pages\/1578\/revisions"}],"predecessor-version":[{"id":13177,"href":"https:\/\/moverdb.com\/fi\/wp-json\/wp\/v2\/pages\/1578\/revisions\/13177"}],"wp:attachment":[{"href":"https:\/\/moverdb.com\/fi\/wp-json\/wp\/v2\/media?parent=1578"}],"curies":[{"name":"wp","href":"https:\/\/api.w.org\/{rel}","templated":true}]}}