{"id":1570,"date":"2017-02-24T09:05:40","date_gmt":"2017-02-24T09:05:40","guid":{"rendered":"http:\/\/moverdb.com\/?page_id=1570"},"modified":"2026-01-08T15:20:24","modified_gmt":"2026-01-08T15:20:24","slug":"mudanzas-gou","status":"publish","type":"page","link":"https:\/\/moverdb.com\/fi\/mudanzas-gou\/","title":{"rendered":"Mudanzas Gou - Kansainv\u00e4linen muuttoliike arvostelut"},"content":{"rendered":"<p>Mudanzas Gou on meksikolainen <a href=\"https:\/\/moverdb.com\/fi\/moving-companies\/\" data-internallinksmanager029f6b8e52c=\"79\" title=\"Top 25 Kansainv\u00e4list\u00e4 muuttoyrityksi\u00e4 verkossa\">muuttofirma<\/a> joka tarjoaa asiakkailleen laajan valikoiman palveluja, jotka on lueteltu alla, sek\u00e4 yritysprofiilin ja arvosteluja.<\/p>\n<p><strong>Kansainv\u00e4liset muutot<\/strong><\/p>\n<ul>\n<li> Ovelta ovelle<\/li>\n<li> T\u00e4ydellinen pakkauspalvelu, hauras pakkaus tai DIY-pakkaus<\/li>\n<li> Huonekalujen purkaminen ja kokoaminen<\/li>\n<li> Tulliselvitys ja avustaminen asiakirjojen kanssa<\/li>\n<li> J\u00e4rjestetty vakuutus<\/li>\n<li> Pakkauksen purkamispalvelu saatavilla<\/li>\n<li> Lyhyt- ja pitk\u00e4aikainen varastointi saatavilla<\/li>\n<\/ul>\n<p><strong>Kotimaan ja pitk\u00e4n matkan muutot<\/strong><\/p>\n<ul>\n<li> Ovelta ovelle<\/li>\n<li> T\u00e4ydellinen pakkauspalvelu, hauras pakkaus tai DIY-pakkaus<\/li>\n<li> Huonekalujen purkaminen ja kokoaminen<\/li>\n<li> J\u00e4rjestetty vakuutus<\/li>\n<li> Pakkauksen purkamispalvelu saatavilla<\/li>\n<li> Pitk\u00e4- ja lyhytaikaista varastointia saatavilla<\/li>\n<\/ul>\n<p><strong>Kaupalliset muutot<\/strong><\/p>\n<ul>\n<li> Liikkuminen tuntien j\u00e4lkeen<\/li>\n<li> Logistiikkasuunnitelma<\/li>\n<li> Tietotekniikan siirt\u00e4minen<\/li>\n<li> Kaikkien huonekalujen purkaminen ja kokoaminen uudelleen.<\/li>\n<\/ul>\n<p><strong>Erikoiskuljetukset ja merenkulku<\/strong><\/p>\n<ul>\n<li> <a href=\"https:\/\/moverdb.com\/fi\/auto-kuljetus-kuljetus\/\">Autot<\/a><\/li>\n<li> Pakettiautot<\/li>\n<li> Moottoripy\u00f6r\u00e4t<\/li>\n<li> Panssaroidut ajoneuvot<\/li>\n<li> Ker\u00e4ysajoneuvot<\/li>\n<li> Monipuoliset koneet<\/li>\n<li> Moottoriveneet<\/li>\n<li> Purjeveneet<\/li>\n<li> L\u00e4\u00e4kinn\u00e4lliset tarvikkeet ja sairaalat<\/li>\n<li> Oppilaitokset<\/li>\n<li> Taide ja antiikki<\/li>\n<li> Erikoislaitteet<\/li>\n<\/ul>\n<p><strong>Varastointi<\/strong><\/p>\n<ul>\n<li> Pitk\u00e4ll\u00e4 ja lyhyell\u00e4 aikav\u00e4lill\u00e4<\/li>\n<li> 24\/7 turvallisuus<\/li>\n<li> Varastointij\u00e4rjestelm\u00e4<\/li>\n<li> Ilmastointi saatavilla<\/li>\n<li> Tuholaisten torjunta<\/li>\n<li> Paloj\u00e4rjestelm\u00e4<\/li>\n<li> Arkistointi<\/li>\n<\/ul>\n<h2>Mudanzas Gou Yrityksen profiili<\/h2>\n<p>Mudanzas Gou on yksi vanhimmista <a href=\"https:\/\/moverdb.com\/fi\/moving-companies\/moving-companies-mexico\/\" data-internallinksmanager029f6b8e52c=\"288\" title=\"18 parasta kansainv\u00e4list\u00e4 muuttofirmaa Meksikossa\">muuttoyritykset Meksikossa<\/a>, jossa se alkoi vuonna 1900. Sill\u00e4 on nyt 10 toimistoa Meksikossa ja yhteyksi\u00e4 edustajiin ymp\u00e4ri maailmaa. Gou oli perustajaj\u00e4senen\u00e4 <a href=\"https:\/\/moverdb.com\/fi\/fidi-faim\/\" data-internallinksmanager029f6b8e52c=\"16\" title=\"FIDI &amp; FAIM (FIDI Accredited International Mover) selitettyin\u00e4\">FIDI<\/a>, OMNI, <a href=\"https:\/\/moverdb.com\/fi\/lacma\/\" data-internallinksmanager029f6b8e52c=\"28\" title=\"Latinalaisen Amerikan ja Karibian alueen kansainv\u00e4listen muuttajien yhdistys (LACMA)\">LACMA<\/a>, AMI ja <a href=\"https:\/\/moverdb.com\/fi\/amsa\/\" data-internallinksmanager029f6b8e52c=\"5\" title=\"American Moving &amp; Storage Association (AMSA) selitetty\">AMSA<\/a>.<\/p>\n<p>Gou on ylpe\u00e4 henkil\u00f6kohtaisesta palvelustaan ja vaatii, ett\u00e4 jokaisen asiakkaan kanssa keskustellaan kasvotusten, jotta asiakkaille voidaan tarjota parasta mahdollista palvelua. Kaikissa Goun ajoneuvoissa on satelliittipaikannus, ja niiden lastauksesta ja ajamisesta vastaa Goun oma henkil\u00f6kunta.<\/p>\n<p>Mudanzas Goulla on seuraavat akkreditoinnit ja sidonnaisuudet:<\/p>\n<ul>\n<li> <a href=\"https:\/\/moverdb.com\/fi\/fidi-faim\/\">F\u00e9d\u00e9ration Internationale des D\u00e9m\u00e9nageurs Internationaux (Kansainv\u00e4linen matkanj\u00e4rjest\u00e4j\u00e4liitto)<\/a> (FIDI)<\/li>\n<li> Overseas Moving Network International (Overseas Moving Network International, OMNI)<\/li>\n<li> <a href=\"https:\/\/moverdb.com\/fi\/lacma\/\">Latinalaisen Amerikan ja Karibian alueen kansainv\u00e4listen muuttajien yhdistys<\/a> (LACMA)<\/li>\n<li> <a href=\"https:\/\/moverdb.com\/fi\/hgfaa\/\">Household Goods Forwarders Association of America (Amerikan kotitaloustavaroiden huolitsijoiden yhdistys)<\/a> (HHGFA)<\/li>\n<li> <a href=\"https:\/\/moverdb.com\/fi\/amsa\/\" target=\"_blank\" rel=\"noopener\">American Moving and Storage Association<\/a> (AMSA)<\/li>\n<li> Pan American International Movers Association (PAIMA)<\/li>\n<li> <a href=\"https:\/\/moverdb.com\/fi\/fidi-faim\/\">FAIM<\/a><\/li>\n<li> Terrorismin vastainen tulli- ja kauppakumppanuus (C-PAT)<\/li>\n<\/ul>\n<h2>Mudanzas Gou Arvostelut<\/h2>\n<p>Emme l\u00f6yt\u00e4neet yht\u00e4\u00e4n englanninkielist\u00e4 arviota yritykselle Mudanzas Gou verkossa, eik\u00e4 heill\u00e4 n\u00e4yt\u00e4 olevan asiakaskokemuksia paikan p\u00e4\u00e4ll\u00e4.<\/p>\n<div itemprop=\"review\" itemscope itemtype=\"http:\/\/schema.org\/Review\">\n<span itemprop=\"author\" itemscope=\"\" itemtype=\"http:\/\/schema.org\/Organization\"><span itemprop=\"name\">MoverDB.com<\/span><\/span> Verkkosivuston arvostelu <span itemprop=\"itemreviewed\" itemscope=\"\" itemtype=\"http:\/\/schema.org\/Brand\"><span itemprop=\"name\">Mudanzas Gou<\/span><\/span>:<\/p>\n<ol>\n<li> Selke\u00e4t yhteystiedot verkkosivustolla (my\u00f6s puhelinnumero): <strong>Kyll\u00e4<\/strong><\/li>\n<li> Helppo saada <a href=\"https:\/\/moverdb.com\/fi\/lainauksia\/\">muutto tarjoukset<\/a>? (Online-arviolomake): <strong>Kyll\u00e4<\/strong><\/li>\n<li> Selke\u00e4t tiedot verkkosivustolla: <strong>Kyll\u00e4,<\/strong> Vaikka se on perusluonteinen, siin\u00e4 hahmotellaan heid\u00e4n palveluitaan sek\u00e4 englanniksi ett\u00e4 espanjaksi.<\/li>\n<li> J\u00e4senyys kansainv\u00e4lisiss\u00e4 tunnustetuissa liikkuvissa j\u00e4rjest\u00f6iss\u00e4: <strong>Kyll\u00e4<\/strong>, (monet ks. edell\u00e4)<\/li>\n<li> Luettelo asiakkaista ja\/tai aiempien asiakkaiden suosittelut: <strong>Ei,<\/strong> emme l\u00f6yt\u00e4neet yht\u00e4\u00e4n arvostelua tai asiakaskertomusta.<\/li>\n<\/ol>\n<div itemprop=\"reviewRating\" itemscope itemtype=\"http:\/\/schema.org\/Rating\"><meta itemprop=\"worstRating\" content = \"0\" \/><meta itemprop=\"bestRating\" content=\"5\" \/><meta itemprop=\"ratingValue\" content=\"4\"><\/div>\n<p><strong>Yleisarvosana: 4\/5<\/strong><br \/>\n<strong>Tarkistusp\u00e4iv\u00e4:<\/strong> <span itemprop=\"datePublished\" content=\"2017-02-24\">24\/02\/2017<\/span>\n<\/div>\n<p>Lue lis\u00e4\u00e4 <a href=\"https:\/\/moverdb.com\/fi\/muuttoyritykset\/\">kansainv\u00e4liset muuttofirmat<\/a> ja meid\u00e4n <a href=\"https:\/\/moverdb.com\/fi\/arvostelut\/\">tarkistusprosessi<\/a>.<\/p>\n<p><strong>Verkkosivut:<\/strong> Espanjaksi: <a href=\"http:\/\/www.mudanzasgou.com.mx\/\" target=\"_blank\" rel=\"noopener\">http:\/\/www.mudanzasgou.com.mx\/<\/a> Englanniksi: <a href=\"http:\/\/www.mudanzasgou.com\/\" target=\"_blank\" rel=\"noopener\">http:\/\/www.mudanzasgou.com\/<\/a><\/p>","protected":false},"excerpt":{"rendered":"<p>Mudanzas Gou is a Mexican moving company which offers its clients a wide range of services which are listed below, together with a company profile and reviews. International Moves Door to door Full packing service, fragile packing or DIY packing Disassembly and reassembly of furniture Customs clearance and assistance with documentation Insurance arranged Unpacking service [&hellip;]<\/p>\n","protected":false},"author":1,"featured_media":0,"parent":0,"menu_order":0,"comment_status":"closed","ping_status":"closed","template":"","meta":{"_genesis_hide_title":false,"_genesis_hide_breadcrumbs":false,"_genesis_hide_singular_image":false,"_genesis_hide_footer_widgets":false,"_genesis_custom_body_class":"","_genesis_custom_post_class":"","_genesis_layout":"","footnotes":""},"class_list":{"0":"post-1570","1":"page","2":"type-page","3":"status-publish","5":"entry"},"_links":{"self":[{"href":"https:\/\/moverdb.com\/fi\/wp-json\/wp\/v2\/pages\/1570","targetHints":{"allow":["GET"]}}],"collection":[{"href":"https:\/\/moverdb.com\/fi\/wp-json\/wp\/v2\/pages"}],"about":[{"href":"https:\/\/moverdb.com\/fi\/wp-json\/wp\/v2\/types\/page"}],"author":[{"embeddable":true,"href":"https:\/\/moverdb.com\/fi\/wp-json\/wp\/v2\/users\/1"}],"replies":[{"embeddable":true,"href":"https:\/\/moverdb.com\/fi\/wp-json\/wp\/v2\/comments?post=1570"}],"version-history":[{"count":4,"href":"https:\/\/moverdb.com\/fi\/wp-json\/wp\/v2\/pages\/1570\/revisions"}],"predecessor-version":[{"id":6222,"href":"https:\/\/moverdb.com\/fi\/wp-json\/wp\/v2\/pages\/1570\/revisions\/6222"}],"wp:attachment":[{"href":"https:\/\/moverdb.com\/fi\/wp-json\/wp\/v2\/media?parent=1570"}],"curies":[{"name":"wp","href":"https:\/\/api.w.org\/{rel}","templated":true}]}}