{"id":1568,"date":"2017-02-01T16:22:03","date_gmt":"2017-02-01T16:22:03","guid":{"rendered":"http:\/\/moverdb.com\/?page_id=1568"},"modified":"2026-01-08T14:40:03","modified_gmt":"2026-01-08T14:40:03","slug":"leo-packers-movers","status":"publish","type":"page","link":"https:\/\/moverdb.com\/fi\/leo-packers-movers\/","title":{"rendered":"Leo Packers and Movers - Kansainv\u00e4linen muuttoliike Arvostelut"},"content":{"rendered":"<p>Leo Packers and Movers sijaitsee Bangaloressa, <a href=\"https:\/\/moverdb.com\/fi\/moving-to-india\/\" data-internallinksmanager029f6b8e52c=\"356\" title=\"Muutatko Intiaan? 2023 Elinkustannukset ja muuttovinkit\">Intia<\/a>. Yritys tarjoaa asiakkailleen laajan valikoiman palveluita, jotka on lueteltu alla yhdess\u00e4 yrityksen profiilin ja arvostelujen kanssa.<\/p>\n<p><strong>Kansainv\u00e4liset muutot<\/strong><\/p>\n<ul>\n<li> Ovelta ovelle<\/li>\n<li> Ovi p\u00e4\u00e4telaitteeseen<\/li>\n<li> T\u00e4ydellinen pakkauspalvelu, hauraat esineet tai DIY-pakkaus<\/li>\n<li> Huonekalujen purkaminen ja uudelleen kokoaminen<\/li>\n<li> T\u00e4ydellinen pakkauksen purkupalvelu saatavilla<\/li>\n<li> Roskien poisto<\/li>\n<li> Pitk\u00e4- ja lyhytaikaista varastointia saatavilla<\/li>\n<li> tulliselvitys ja avustaminen asiakirjojen kanssa<\/li>\n<li> Lentorahti<\/li>\n<li> Merikuljetukset<\/li>\n<li> J\u00e4rjestetty vakuutus<\/li>\n<\/ul>\n<p><strong>Asuntojen muutot<\/strong><\/p>\n<ul>\n<li> Ovelta ovelle<\/li>\n<li> T\u00e4ydellinen pakkauspalvelu saatavilla<\/li>\n<li> Huonekalujen purkaminen ja uudelleen kokoaminen<\/li>\n<li> Pakkauksen purkamispalvelu saatavilla<\/li>\n<li> Roskien poisto<\/li>\n<li> Erikoisvalmisteiset konttialustaiset ajoneuvot<\/li>\n<li> Pitk\u00e4aikainen ja lyhytaikainen varastointi<\/li>\n<li> J\u00e4rjestetty vakuutus<\/li>\n<\/ul>\n<p><strong>Yrityksen uudelleensijoittaminen<\/strong><\/p>\n<ul>\n<li> Palvelu ovelta ovelle<\/li>\n<li> Huonekalujen purkaminen ja uudelleen kokoaminen<\/li>\n<li> T\u00e4yden palvelun pakkaus<\/li>\n<li> Asianmukaiset merkinn\u00e4t<\/li>\n<li> Ty\u00f6pisteiden perustaminen<\/li>\n<li> Ty\u00f6ajan ulkopuolella ja viikonloppuisin tapahtuvat siirrot<\/li>\n<li> Roskien poisto<\/li>\n<\/ul>\n<p><strong>Varastointi<\/strong><\/p>\n<ul>\n<li> R\u00e4\u00e4t\u00e4l\u00f6idyt yksil\u00f6lliset hytit<\/li>\n<li> P\u00f6lyt\u00f6n, termiittivapaa, hajuton (tuholaistorjunta).<\/li>\n<li> RCC-rakennus, jossa on ensimm\u00e4isen kerroksen tilat<\/li>\n<li> Omat varastot<\/li>\n<li> Ymp\u00e4rivuorokautinen turvallisuus<\/li>\n<li> Valvonta<\/li>\n<\/ul>\n<h2>Leo Packers and Movers Yrityksen profiili<\/h2>\n<p>Leo Packers and Movers avasi ovensa vuonna 1975 Bangaloressa, Intiassa. Yrityst\u00e4 johtaa edelleen sen perustajaperhe, Shahit, ja nyt siin\u00e4 ty\u00f6skentelee kolme sukupolvea. Yritys on riippumaton muuttoyritys, ja se tunnetaan Intiassa yhten\u00e4 kotitalouksien ja yritysten koti- ja yritysmuuttojen huippuyrityksist\u00e4 sek\u00e4 paikallisesti, alueellisesti ett\u00e4 kansainv\u00e4lisesti.<\/p>\n<p>Yritys uskoo hyvien asiakassuhteiden vaalimiseen ja yll\u00e4pit\u00e4miseen. He tiet\u00e4v\u00e4t, ett\u00e4 kustannukset ovat t\u00e4rke\u00e4 tekij\u00e4, ja he pyrkiv\u00e4t pit\u00e4m\u00e4\u00e4n hinnat alhaisina s\u00e4ilytt\u00e4en samalla erinomaisen palvelun. Leo Packers and Moversin mukaan jokainen muutto on erilainen, mink\u00e4 vuoksi jokainen muutto r\u00e4\u00e4t\u00e4l\u00f6id\u00e4\u00e4n asiakkaalle sopivaksi.<\/p>\n<p>Leo Packers and Moversilla on seuraavat akkreditoinnit ja sidonnaisuudet: -<\/p>\n<ul>\n<li> Ei mainita yrityksen verkkosivustolla<\/li>\n<\/ul>\n<h2>Leo Packers and Movers Arvostelut<\/h2>\n<p><strong>Positiivinen:<\/strong><\/p>\n<ul>\n<li> <em>\"Ryhm\u00e4n j\u00e4senet eiv\u00e4t ainoastaan k\u00e4ytt\u00e4ytyneet hyvin, vaan my\u00f6s pysyiv\u00e4t teht\u00e4v\u00e4ss\u00e4\u00e4n ja olivat keskittyneit\u00e4 ja k\u00e4rsiv\u00e4llisesti suorittivat ty\u00f6ns\u00e4.\"<\/em> rarami20000 kautta <a href=\"http:\/\/www.mouthshut.com\/review\/Leo-Packers-and-Movers-Hyderabad-review-mmqtqrslsnm\" target=\"_blank\" rel=\"noopener\">MouthShut.com<\/a>\n<\/ul>\n<p><strong>Negatiivinen:<\/strong><\/p>\n<ul>\n<li> <em>\"N\u00e4m\u00e4 ihmiset ovat pahimpia tyyppej\u00e4, ensin he viev\u00e4t sinulta rahat ja sen j\u00e4lkeen he eiv\u00e4t koskaan kuuntele sinua.\"<\/em> subbu2001978 kautta <a href=\"http:\/\/www.mouthshut.com\/review\/Leo-Packers-and-Movers-Hyderabad-review-sqtrrrmoqqm\" target=\"_blank\" rel=\"noopener\">MouthShut.com<\/a><\/li>\n<\/ul>\n<div itemprop=\"review\" itemscope itemtype=\"http:\/\/schema.org\/Review\">\n<span itemprop=\"author\" itemscope=\"\" itemtype=\"http:\/\/schema.org\/Organization\"><span itemprop=\"name\">MoverDB.com<\/span><\/span> Verkkosivuston arvostelu <span itemprop=\"itemreviewed\" itemscope=\"\" itemtype=\"http:\/\/schema.org\/Brand\"><span itemprop=\"name\">Leo Packers and Movers<\/span><\/span>:<\/p>\n<ol>\n<li> Selke\u00e4t yhteystiedot verkkosivustolla (my\u00f6s puhelinnumero): <strong>Kyll\u00e4<\/strong><\/li>\n<li> Helppo saada <a href=\"https:\/\/moverdb.com\/fi\/lainauksia\/\">kansainv\u00e4liset muutto tarjoukset<\/a>? (Online-arviolomake): <strong>Kyll\u00e4<\/strong><\/li>\n<li> Selke\u00e4t tiedot verkkosivustolla: <strong>Rajoitettu<\/strong> verkkosivusto tarjoaa vain rajoitetusti tietoa niiden palveluista.<\/li>\n<li> J\u00e4senyys kansainv\u00e4lisiss\u00e4 tunnustetuissa liikkuvissa j\u00e4rjest\u00f6iss\u00e4: <strong>Ei lueteltu<\/strong><\/li>\n<li> Luettelo asiakkaista ja\/tai aiempien asiakkaiden suosittelut. <strong>Ei,<\/strong> mutta heill\u00e4 on kuvagalleria.<\/li>\n<\/ol>\n<div itemprop=\"reviewRating\" itemscope itemtype=\"http:\/\/schema.org\/Rating\"><meta itemprop=\"worstRating\" content = \"0\" \/><meta itemprop=\"bestRating\" content=\"5\" \/><meta itemprop=\"ratingValue\" content=\"3\"><\/div>\n<p><strong>Yleisarvosana: 3\/5<\/strong><br \/>\n<strong>Tarkistusp\u00e4iv\u00e4:<\/strong> <span itemprop=\"datePublished\" content=\"2017-02-01\">01\/02\/2017<\/span>\n<\/div>\n<p>Lue lis\u00e4\u00e4 <a href=\"https:\/\/moverdb.com\/fi\/muuttoyritykset\/\">kansainv\u00e4liset muuttofirmat<\/a> ja meid\u00e4n <a href=\"https:\/\/moverdb.com\/fi\/arvostelut\/\">tarkistusprosessi<\/a>.<\/p>\n<p><strong>Verkkosivusto:<\/strong> <a href=\"http:\/\/www.leopackersindia.com\/\" target=\"_blank\" rel=\"noopener\">http:\/\/www.leopackersindia.com\/<\/a><\/p>","protected":false},"excerpt":{"rendered":"<p>Leo Packers and Movers is based in Bangalore, India. The company offers its customers a wide range of services which are listed below, together with a company profile and reviews. International Moves Door to door Door to terminal Full packing service, fragile items or DIY packing Dismantling and reassembly of furniture Full unpacking service available [&hellip;]<\/p>\n","protected":false},"author":1,"featured_media":0,"parent":0,"menu_order":0,"comment_status":"closed","ping_status":"closed","template":"","meta":{"_genesis_hide_title":false,"_genesis_hide_breadcrumbs":false,"_genesis_hide_singular_image":false,"_genesis_hide_footer_widgets":false,"_genesis_custom_body_class":"","_genesis_custom_post_class":"","_genesis_layout":"","footnotes":""},"class_list":{"0":"post-1568","1":"page","2":"type-page","3":"status-publish","5":"entry"},"_links":{"self":[{"href":"https:\/\/moverdb.com\/fi\/wp-json\/wp\/v2\/pages\/1568","targetHints":{"allow":["GET"]}}],"collection":[{"href":"https:\/\/moverdb.com\/fi\/wp-json\/wp\/v2\/pages"}],"about":[{"href":"https:\/\/moverdb.com\/fi\/wp-json\/wp\/v2\/types\/page"}],"author":[{"embeddable":true,"href":"https:\/\/moverdb.com\/fi\/wp-json\/wp\/v2\/users\/1"}],"replies":[{"embeddable":true,"href":"https:\/\/moverdb.com\/fi\/wp-json\/wp\/v2\/comments?post=1568"}],"version-history":[{"count":3,"href":"https:\/\/moverdb.com\/fi\/wp-json\/wp\/v2\/pages\/1568\/revisions"}],"predecessor-version":[{"id":13170,"href":"https:\/\/moverdb.com\/fi\/wp-json\/wp\/v2\/pages\/1568\/revisions\/13170"}],"wp:attachment":[{"href":"https:\/\/moverdb.com\/fi\/wp-json\/wp\/v2\/media?parent=1568"}],"curies":[{"name":"wp","href":"https:\/\/api.w.org\/{rel}","templated":true}]}}