{"id":1558,"date":"2017-07-10T10:38:01","date_gmt":"2017-07-10T10:38:01","guid":{"rendered":"http:\/\/moverdb.com\/?page_id=1558"},"modified":"2026-01-08T15:20:30","modified_gmt":"2026-01-08T15:20:30","slug":"packimpex","status":"publish","type":"page","link":"https:\/\/moverdb.com\/fi\/packimpex\/","title":{"rendered":"Packimpex - Kansainv\u00e4linen muuttoliike ja muutto Arvostelut"},"content":{"rendered":"<p>Packimpex on siirto ja <a href=\"https:\/\/moverdb.com\/fi\/international-removals\/\" data-internallinksmanager029f6b8e52c=\"27\" title=\"36 Parhaat kansainv\u00e4liset muuttoyritykset Yhdistyneess\u00e4 kuningaskunnassa\">muuttofirma<\/a> kotipaikka <a href=\"https:\/\/moverdb.com\/fi\/moving-to-bern\/\" data-internallinksmanager029f6b8e52c=\"262\" title=\"Muutatko Berniin? 2023 Elinkustannukset ja muuttovinkit\">Bern<\/a>, <a href=\"https:\/\/moverdb.com\/fi\/moving-to-switzerland\/\" data-internallinksmanager029f6b8e52c=\"327\" title=\"Muutatko Sveitsiin? 2023 Elinkustannukset ja muuttovinkit\">Sveitsi<\/a>. Se tarjoaa asiakkailleen erilaisia palveluja, jotka on lueteltu alla, sek\u00e4 yritysprofiilin ja arvosteluja.<\/p>\n<p><strong>Kansainv\u00e4liset muutot<\/strong><\/p>\n<ul>\n<li> Erityinen muuttop\u00e4\u00e4llikk\u00f6<\/li>\n<li> T\u00e4ysi pakkauspalvelu, osittainen pakkaus tai DIY-pakkaus<\/li>\n<li> Monikieliset pakkaajat<\/li>\n<li> Uudelleenk\u00e4ytett\u00e4v\u00e4t ja kierr\u00e4tett\u00e4v\u00e4t pakkaukset mahdollisuuksien mukaan.<\/li>\n<li> Lento-, maantie- tai merikuljetukset<\/li>\n<li> Lemmikkiel\u00e4inten uudelleensijoittaminen<\/li>\n<li> <a href=\"https:\/\/moverdb.com\/fi\/auto-kuljetus-kuljetus\/\">Autot<\/a><\/li>\n<li> Pitk\u00e4aikainen ja lyhytaikainen varastointi<\/li>\n<li> Avustaminen tulliselvityksess\u00e4 ja asiakirjojen laadinnassa<\/li>\n<li> T\u00e4ydellinen pakkauksen purkupalvelu saatavilla<\/li>\n<li> J\u00e4rjestetty vakuutus<\/li>\n<\/ul>\n<p><strong>Matkakohteiden palvelut - Sveitsi<\/strong><\/p>\n<ul>\n<li> Konsultointi<\/li>\n<li> Maahanmuuttopalvelut<\/li>\n<li> Orientointikierros<\/li>\n<li> Saapumispalvelu<\/li>\n<li> Tilap\u00e4ismajoitus j\u00e4rjestetty<\/li>\n<li> Kotihaku<\/li>\n<li> Koulutus- ja lastenhoitoapu<\/li>\n<li> Palveluihin asettuminen<\/li>\n<li> Kotouttamisen tukiohjelma<\/li>\n<li> Autot - tuonti tai osto<\/li>\n<li> Ryhm\u00e4n siirrot<\/li>\n<li> L\u00e4ht\u00f6palvelut<\/li>\n<\/ul>\n<p><strong>Yritysten asumispalvelut<\/strong><\/p>\n<ul>\n<li> Varausten hallinta<\/li>\n<li> Huoneiston hallinta<\/li>\n<li> Kulujen hallinta<\/li>\n<li> Vuokralaisen muutostuki<\/li>\n<li> Yritysten asuntojen yhdist\u00e4minen<\/li>\n<li> Huonekalujen vuokraus<\/li>\n<li> Huonekalujen hallinta<\/li>\n<li> Kalustettuja asuntoja Packimpexilt\u00e4<\/li>\n<\/ul>\n<p><strong>Paikalliset muutot<\/strong><\/p>\n<ul>\n<li> Ovelta ovelle<\/li>\n<li> T\u00e4yden palvelun muutto<\/li>\n<li> Rajoitettu palvelumuutto<\/li>\n<li> Pitk\u00e4aikainen ja lyhytaikainen varastointi<\/li>\n<li> Pakkauksen purkamispalvelu saatavilla<\/li>\n<li> Tarjottu vakuutus<\/li>\n<li> Roskien poisto<\/li>\n<\/ul>\n<h2>Packimpex Yrityksen profiili<\/h2>\n<p>Packimpex alkoi keskitty\u00e4 kansainv\u00e4lisiin muuttoihin vuonna 1977, ja nyt se on edell\u00e4k\u00e4vij\u00e4 kansainv\u00e4lisiss\u00e4 muutoissa ja uudelleensijoituksissa Sveitsiss\u00e4. Yrityksell\u00e4 on kymmenen toimipistett\u00e4 eri puolilla Sveitsi\u00e4 ja yksi Sveitsiss\u00e4. <a href=\"https:\/\/moverdb.com\/fi\/moving-to-germany\/\" data-internallinksmanager029f6b8e52c=\"321\" title=\"Muutatko Saksaan? 2023 Elinkustannukset ja muuttovinkit\">Saksa<\/a>. Packimpexin palveluksessa on yli 300 ty\u00f6ntekij\u00e4\u00e4, jotka kaikki ovat oman alansa asiantuntijoita. Yrityksell\u00e4 on oma koulutusakatemia, jotta se pysyy muutto- ja siirtoalan uusimpien innovaatioiden k\u00e4rjess\u00e4.<\/p>\n<p>Yli 60% Sveitsin 100 suurimmasta yrityksest\u00e4 k\u00e4ytt\u00e4\u00e4 Packimpexi\u00e4 paikallisiin muuttoihin ja henkil\u00f6st\u00f6n siirtoihin. Packimpex on osa UniGroup Relocation Network -verkostoa, jonka ansiosta sill\u00e4 on p\u00e4\u00e4sy muuttofirmoihin 63 maassa ja 1200 paikkakunnalla. Yritys omistaa my\u00f6s 40 kalustettua asuntoa Sveitsin suurimmissa kaupungeissa, joita vuokrataan yrityksille ja niiden ulkomailla ty\u00f6skentelev\u00e4lle henkil\u00f6st\u00f6lle.<\/p>\n<p>Packimpex on ylpe\u00e4 ymp\u00e4rist\u00f6yst\u00e4v\u00e4llisest\u00e4 liiketoimintamallistaan ja kierr\u00e4tt\u00e4\u00e4 pakkauksensa mahdollisuuksien mukaan. Yrityksell\u00e4 on jatkuvasti k\u00e4ynniss\u00e4 erilaisia hiilidioksidip\u00e4\u00e4st\u00f6jen kompensointihankkeita, joiden tarkoituksena on pienent\u00e4\u00e4 yrityksen hiilijalanj\u00e4lke\u00e4.<\/p>\n<p>Packimpexill\u00e4 on seuraavat akkreditoinnit ja j\u00e4senyydet:<\/p>\n<ul>\n<li> <a href=\"https:\/\/moverdb.com\/fi\/fidi-faim\/\">FIDI<\/a><\/li>\n<li> <a href=\"https:\/\/moverdb.com\/fi\/fidi-faim\/\" data-internallinksmanager029f6b8e52c=\"16\" title=\"FIDI &amp; FAIM (FIDI Accredited International Mover) selitettyin\u00e4\">FAIM<\/a>-ISO<\/li>\n<li> UniGroup Relocation Network<\/li>\n<li> OMNI<\/li>\n<li> <a href=\"https:\/\/moverdb.com\/fi\/tyontekijan-uudelleensijoitusneuvosto\/\">Ty\u00f6el\u00e4m\u00e4n uudelleensijoitusneuvosto<\/a> (<a href=\"https:\/\/moverdb.com\/fi\/employee-relocation-council\/\" data-internallinksmanager029f6b8e52c=\"83\" title=\"Maailmanlaajuinen ty\u00f6ntekij\u00f6iden uudelleensijoitusneuvosto (ERC) selitetty\">ERC<\/a>)<\/li>\n<li> <a href=\"https:\/\/moverdb.com\/fi\/eura\/\">European Relocation Association<\/a> (<a href=\"https:\/\/moverdb.com\/fi\/eura\/\" data-internallinksmanager029f6b8e52c=\"13\" title=\"European Relocation Association (EuRA) selitetty\">EURA<\/a>)<\/li>\n<li> ISO 9001<\/li>\n<li> ISO 14001<\/li>\n<li> ISO 27001<\/li>\n<\/ul>\n<h2>Packimpex Arvostelut<\/h2>\n<p><strong>Positiivinen:<\/strong><\/p>\n<p><em>\"N\u00e4m\u00e4 kaverit olivat loistavia. Minulla ei ole aavistustakaan <a href=\"https:\/\/moverdb.com\/fi\/muuttokustannukset\/\" target=\"_blank\" rel=\"noopener\">kustannukset<\/a> koska yhti\u00f6 huolehti t\u00e4st\u00e4, mutta huolellisuus, jota he noudattivat, kun he pakkasivat taloni vuonna <a href=\"https:\/\/moverdb.com\/fi\/moving-to-london\/\" target=\"_blank\" rel=\"noopener\">Lontoo<\/a> ja se huolellisuus, jolla he kokosivat kaiken t\u00e4m\u00e4n puolen uudelleen, oli hienoa.\"<\/em> - kautta <a href=\"https:\/\/www.englishforum.ch\/housing-general\/131431-packimpex-review.html\" target=\"_blank\" rel=\"noopener\">Englanninkielinen foorumi Sveitsi<\/a><\/p>\n<p><strong>Negatiivinen: <\/strong><\/p>\n<p><em>\"Eritt\u00e4in huono l\u00e4ht\u00f6j\u00e4rjestelyjen hoito\"<\/em> - Anu kautta <a href=\"https:\/\/www.facebook.com\/pg\/packimpex\/reviews\/?ref=page_internal\" target=\"_blank\" rel=\"noopener\">Facebook<\/a><\/p>\n<div itemprop=\"review\" itemscope itemtype=\"http:\/\/schema.org\/Review\">\n<span itemprop=\"author\" itemscope=\"\" itemtype=\"http:\/\/schema.org\/Organization\"><span itemprop=\"name\">MoverDB.com<\/span><\/span> Verkkosivuston arvostelu <span itemprop=\"itemreviewed\" itemscope=\"\" itemtype=\"http:\/\/schema.org\/Brand\"><span itemprop=\"name\">Packimpex<\/span><\/span>:<\/p>\n<ol>\n<li> Selke\u00e4t yhteystiedot verkkosivustolla (my\u00f6s puhelinnumero): <strong>Kyll\u00e4<\/strong><\/li>\n<li> Helppo saada <a href=\"https:\/\/moverdb.com\/fi\/lainauksia\/\">kansainv\u00e4liset muutto tarjoukset<\/a>? (Online-arviolomake): <strong>Kyll\u00e4<\/strong><\/li>\n<li> Selke\u00e4t tiedot verkkosivustolla: <strong>Kyll\u00e4,<\/strong> Verkkosivustolla esiteltiin selke\u00e4sti kaikki heid\u00e4n tarjoamansa palvelut.<\/li>\n<li> J\u00e4senyys kansainv\u00e4lisiss\u00e4 tunnustetuissa liikkuvuutta harjoittavissa j\u00e4rjest\u00f6iss\u00e4: <strong>Kyll\u00e4<\/strong>, (ks. edell\u00e4)<\/li>\n<li> Luettelo asiakkaista ja\/tai aiempien asiakkaiden suosittelut. <strong>Ei,<\/strong> mutta suurin osa yrityksen verkkoarvosteluista n\u00e4ytt\u00e4\u00e4 olevan positiivisia.<\/li>\n<\/ol>\n<div itemprop=\"reviewRating\" itemscope itemtype=\"http:\/\/schema.org\/Rating\"><meta itemprop=\"worstRating\" content = \"0\" \/><meta itemprop=\"bestRating\" content=\"5\" \/><meta itemprop=\"ratingValue\" content=\"4.5\"><\/div>\n<p><strong>Yleisarvosana: 4.5\/5<\/strong><br \/>\n<strong>Tarkistusp\u00e4iv\u00e4:<\/strong> <span itemprop=\"datePublished\" content=\"2017-07-10\">10\/07\/2017<\/span>\n<\/div>\n<p>Lue lis\u00e4\u00e4 <a href=\"https:\/\/moverdb.com\/fi\/muuttoyritykset\/\">kansainv\u00e4liset muuttofirmat<\/a> ja meid\u00e4n <a href=\"https:\/\/moverdb.com\/fi\/arvostelut\/\">tarkistusprosessin selitys<\/a>.<\/p>\n<p><strong>Verkkosivusto:<\/strong> <a href=\"http:\/\/www.packimpex.ch\/\" target=\"_blank\" rel=\"noopener\">http:\/\/www.packimpex.ch\/<\/a><\/p>","protected":false},"excerpt":{"rendered":"<p>Packimpex is a relocation and removal company based in Bern, Switzerland. It offers its clients a range of services which are listed below, together with a company profile and reviews. International Moves Dedicated move manager Full packing service, partial packing or DIY packing Multilingual packers Reusable and recyclable packing where possible Air, road or sea [&hellip;]<\/p>\n","protected":false},"author":1,"featured_media":0,"parent":0,"menu_order":0,"comment_status":"closed","ping_status":"closed","template":"","meta":{"_genesis_hide_title":false,"_genesis_hide_breadcrumbs":false,"_genesis_hide_singular_image":false,"_genesis_hide_footer_widgets":false,"_genesis_custom_body_class":"","_genesis_custom_post_class":"","_genesis_layout":"","footnotes":""},"class_list":{"0":"post-1558","1":"page","2":"type-page","3":"status-publish","5":"entry"},"_links":{"self":[{"href":"https:\/\/moverdb.com\/fi\/wp-json\/wp\/v2\/pages\/1558","targetHints":{"allow":["GET"]}}],"collection":[{"href":"https:\/\/moverdb.com\/fi\/wp-json\/wp\/v2\/pages"}],"about":[{"href":"https:\/\/moverdb.com\/fi\/wp-json\/wp\/v2\/types\/page"}],"author":[{"embeddable":true,"href":"https:\/\/moverdb.com\/fi\/wp-json\/wp\/v2\/users\/1"}],"replies":[{"embeddable":true,"href":"https:\/\/moverdb.com\/fi\/wp-json\/wp\/v2\/comments?post=1558"}],"version-history":[{"count":4,"href":"https:\/\/moverdb.com\/fi\/wp-json\/wp\/v2\/pages\/1558\/revisions"}],"predecessor-version":[{"id":6228,"href":"https:\/\/moverdb.com\/fi\/wp-json\/wp\/v2\/pages\/1558\/revisions\/6228"}],"wp:attachment":[{"href":"https:\/\/moverdb.com\/fi\/wp-json\/wp\/v2\/media?parent=1558"}],"curies":[{"name":"wp","href":"https:\/\/api.w.org\/{rel}","templated":true}]}}