{"id":1548,"date":"2017-02-01T15:00:53","date_gmt":"2017-02-01T15:00:53","guid":{"rendered":"http:\/\/moverdb.com\/?page_id=1548"},"modified":"2026-01-08T15:20:43","modified_gmt":"2026-01-08T15:20:43","slug":"sirva","status":"publish","type":"page","link":"https:\/\/moverdb.com\/fi\/sirva\/","title":{"rendered":"SIRVA - Kansainv\u00e4linen muutto ja uudelleensijoittaminen Arvostelut"},"content":{"rendered":"<p>SIRVA on maailmanlaajuinen siirtoyritys, jonka p\u00e4\u00e4konttori sijaitsee osoitteessa <a href=\"https:\/\/moverdb.com\/fi\/moving-to-the-united-states\/moving-to-illinois\/\" data-internallinksmanager029f6b8e52c=\"401\" title=\"Muutto Illinoisiin? 2023 Elinkustannukset ja muuttovinkit\">Illinois<\/a>. Se tarjoaa yritys- ja yksityisasiakkailleen erilaisia muuttopalveluja. Ne on lueteltu alla yhdess\u00e4 yrityksen profiilin ja arvostelujen kanssa.<\/p>\n<p><strong>Kansainv\u00e4linen muuttaminen<\/strong><\/p>\n<ul>\n<li> Maailmanlaajuinen muuttoresurssien verkosto<\/li>\n<li> Seuraa l\u00e4hetyst\u00e4si 24\/7<\/li>\n<li> Talokatselmus pakkaustarpeiden jne. selvitt\u00e4miseksi.<\/li>\n<li> J\u00e4rjestetty vakuutus<\/li>\n<li> Henkil\u00f6kohtainen koordinaattori auttaa vaadittavien asiakirjojen kanssa<\/li>\n<li> Pakkaaminen ja lastaaminen<\/li>\n<li> Tulliselvitys<\/li>\n<li> Toimitus ja pakkauksen purkaminen<\/li>\n<li> Englanninkieliset miehist\u00f6njohtajat ovat k\u00e4ytett\u00e4viss\u00e4si avustamaan sinua toimituksen yhteydess\u00e4.<\/li>\n<li> Kaikki tavarat puretaan huolellisesti ja tarkistetaan inventaarioluettelosta ja sijoitetaan oikeisiin huoneisiin.<\/li>\n<li> Hauraat esineet, kuten lasi ja <a href=\"https:\/\/moverdb.com\/fi\/moving-to-china\/\" data-internallinksmanager029f6b8e52c=\"357\" title=\"Muutatko Kiinaan? 2023 Elinkustannukset ja muuttovinkit\">Kiina<\/a>, puretaan pakkauksesta tasaiselle alustalle<\/li>\n<li> Kaikki pakkausmateriaalit ja roskat poistetaan nopeasti kodistasi.<\/li>\n<\/ul>\n<p><strong>Yritysten uudelleensijoituspalvelut<\/strong><\/p>\n<ul>\n<li> Palveluihin asettuminen<\/li>\n<li> Viisumit ja ty\u00f6luvat<\/li>\n<li> Koulu- ja kotihaku<\/li>\n<li> Kulttuuritiedot<\/li>\n<li> Kumppanin\/puolison apu<\/li>\n<li> Erikoispakkaukset<\/li>\n<\/ul>\n<p><strong>Muuttopalvelut<\/strong><\/p>\n<ul>\n<li> Kotitalouden muutto<\/li>\n<li> Yrityksen muutto<\/li>\n<li> Paikallinen muutto<\/li>\n<li> Valtion sis\u00e4inen muutto<\/li>\n<li> Kansainv\u00e4linen muutto<\/li>\n<li> Henkil\u00f6kohtainen muuttosuunnitelma<\/li>\n<\/ul>\n<h2>SIRVA Yrityksen profiili<\/h2>\n<p>Sirva Inc on vuonna 1997 perustettu yritys, joka tarjoaa muutto- ja siirtopalveluja yrityksille ja yksityishenkil\u00f6ille. Se toimii yli 170 maassa ja yli 1400 kaupungissa, ja sen Pohjois-Amerikan tuotemerkkej\u00e4 ovat muun muassa <a href=\"https:\/\/moverdb.com\/fi\/allied-van-lines\/\">Allied Van Lines<\/a> ja <a href=\"https:\/\/moverdb.com\/fi\/north-american-van-lines\/\">North American Van Lines<\/a>.<\/p>\n<p>Sirva suorittaa vuosittain noin 385 000 siirtoa 43 maassa ymp\u00e4ri maailmaa. N\u00e4ihin kuuluvat yritysasiakkaat sek\u00e4 sotilas- ja valtionhallinnon henkil\u00f6st\u00f6.<\/p>\n<p>Sirvalla on seuraavat akkreditoinnit ja sidonnaisuudet:<\/p>\n<ul>\n<li> <a href=\"https:\/\/moverdb.com\/fi\/olen\/\">Kansainv\u00e4linen muuttajien liitto<\/a> (<a href=\"https:\/\/moverdb.com\/fi\/iam\/\" data-internallinksmanager029f6b8e52c=\"23\" title=\"Kansainv\u00e4linen muuttajien liitto (IAM) selitetty\">IAM<\/a>)<\/li>\n<\/ul>\n<h2>SIRVA Arvostelut<\/h2>\n<p><strong>Positiivinen:<\/strong><\/p>\n<ul>\n<li> <em>\"Miehell\u00e4ni ja minulla oli loistava kokemus Sirva-kiinnityksen k\u00e4ytt\u00e4misest\u00e4 \u00e4skett\u00e4isess\u00e4 muutossamme.\"<\/em> Karlee kautta <a href=\"https:\/\/www.reputada.com\/company\/sirva.com\" target=\"_blank\" rel=\"noopener\">Reputada<\/a>.\n<\/ul>\n<p><strong>Negatiivinen:<\/strong><\/p>\n<ul>\n<li> <em>\"Kaikki yhdess\u00e4 minun vastaukseni ei katsota mink\u00e4\u00e4nlaista \"kunnianloukkaus,\" Yrit\u00e4n kovasti vain kuvata mit\u00e4 tapahtui, yritt\u00e4\u00e4 k\u00e4ytt\u00e4\u00e4 niin pari innostunut sanoja kuin voisi kohtuudella odottaa\" <\/em> - Lilaora kautta <a href=\"https:\/\/www.trulia.com\/voices\/Home_Selling\/Has_anyone_dealt_with_a_relocation_firm_called_SIR-29232\" target=\"_blank\" rel=\"noopener\">Trulia<\/a>.\n<\/ul>\n<p>SIRVA-merkeist\u00e4 kannattaa lukea my\u00f6s <a href=\"https:\/\/moverdb.com\/fi\/allied-van-lines\/\">Allied Van Lines arvostelut<\/a> ja <a href=\"https:\/\/moverdb.com\/fi\/north-american-van-lines\/\">North American Van Lines arvostelut<\/a>.<\/p>\n<div itemprop=\"review\" itemscope itemtype=\"http:\/\/schema.org\/Review\">\n<span itemprop=\"author\" itemscope=\"\" itemtype=\"http:\/\/schema.org\/Organization\"><span itemprop=\"name\">MoverDB.com<\/span><\/span> Verkkosivuston arvostelu <span itemprop=\"itemreviewed\" itemscope=\"\" itemtype=\"http:\/\/schema.org\/Brand\"><span itemprop=\"name\">SIRVA<\/span><\/span>:<\/p>\n<ol>\n<li> Selke\u00e4t yhteystiedot verkkosivustolla (my\u00f6s puhelinnumero): <strong>Kyll\u00e4<\/strong><\/li>\n<li> Helppo saada <a href=\"https:\/\/moverdb.com\/fi\/lainauksia\/\">kansainv\u00e4liset muutto tarjoukset<\/a>? (Online-arviolomake): <strong>Kyll\u00e4<\/strong><\/li>\n<li> Selke\u00e4t tiedot verkkosivustolla: <strong>Kyll\u00e4,<\/strong> Verkkosivustolla esitell\u00e4\u00e4n selke\u00e4sti kaikki heid\u00e4n tarjoamansa palvelut.<\/li>\n<li> J\u00e4senyys kansainv\u00e4lisiss\u00e4 tunnustetuissa liikkuvissa j\u00e4rjest\u00f6iss\u00e4: <strong>Kyll\u00e4<\/strong>, (tosin vain IAM)<\/li>\n<li> Luettelo asiakkaista ja\/tai aiempien asiakkaiden suosittelut. <strong>Kyll\u00e4,<\/strong> Heill\u00e4 on verkkosivustollaan tapaustutkimusosio. Arvosteluja on kuitenkin rajoitettu m\u00e4\u00e4r\u00e4 eri puolilta verkkoa, ja useimmat niist\u00e4 ovat neutraaleja tai negatiivisia.<\/li>\n<\/ol>\n<div itemprop=\"reviewRating\" itemscope itemtype=\"http:\/\/schema.org\/Rating\"><meta itemprop=\"worstRating\" content = \"0\" \/><meta itemprop=\"bestRating\" content=\"5\" \/><meta itemprop=\"ratingValue\" content=\"4.5\"><\/div>\n<p><strong>Yleisarvosana: 4.5\/5<\/strong><br \/>\n<strong>Tarkistusp\u00e4iv\u00e4:<\/strong> <span itemprop=\"datePublished\" content=\"2016-02-01\">01\/02\/2017<\/span>\n<\/div>\n<p>Lue lis\u00e4\u00e4 <a href=\"https:\/\/moverdb.com\/fi\/muuttoyritykset\/\">kansainv\u00e4liset muuttajat<\/a> ja meid\u00e4n <a href=\"https:\/\/moverdb.com\/fi\/arvostelut\/\">tarkistusprosessi<\/a>.<\/p>\n<p><strong>Verkkosivusto:<\/strong> <a href=\"https:\/\/www.sirva.com\/\" target=\"_blank\" rel=\"noopener\">https:\/\/www.sirva.com\/<\/a> <\/p>","protected":false},"excerpt":{"rendered":"<p>SIRVA is a global relocation company with its head office in Illinois. It offers its corporate and individual clients a variety of moving services. These are listed below together with a company profile and reviews. International Moving Worldwide network of moving resources Track your shipment 24\/7 House survey to ascertain packing requirements etc Insurance arranged [&hellip;]<\/p>\n","protected":false},"author":1,"featured_media":0,"parent":0,"menu_order":0,"comment_status":"closed","ping_status":"closed","template":"","meta":{"_genesis_hide_title":false,"_genesis_hide_breadcrumbs":false,"_genesis_hide_singular_image":false,"_genesis_hide_footer_widgets":false,"_genesis_custom_body_class":"","_genesis_custom_post_class":"","_genesis_layout":"","footnotes":""},"class_list":{"0":"post-1548","1":"page","2":"type-page","3":"status-publish","5":"entry"},"_links":{"self":[{"href":"https:\/\/moverdb.com\/fi\/wp-json\/wp\/v2\/pages\/1548","targetHints":{"allow":["GET"]}}],"collection":[{"href":"https:\/\/moverdb.com\/fi\/wp-json\/wp\/v2\/pages"}],"about":[{"href":"https:\/\/moverdb.com\/fi\/wp-json\/wp\/v2\/types\/page"}],"author":[{"embeddable":true,"href":"https:\/\/moverdb.com\/fi\/wp-json\/wp\/v2\/users\/1"}],"replies":[{"embeddable":true,"href":"https:\/\/moverdb.com\/fi\/wp-json\/wp\/v2\/comments?post=1548"}],"version-history":[{"count":5,"href":"https:\/\/moverdb.com\/fi\/wp-json\/wp\/v2\/pages\/1548\/revisions"}],"predecessor-version":[{"id":6239,"href":"https:\/\/moverdb.com\/fi\/wp-json\/wp\/v2\/pages\/1548\/revisions\/6239"}],"wp:attachment":[{"href":"https:\/\/moverdb.com\/fi\/wp-json\/wp\/v2\/media?parent=1548"}],"curies":[{"name":"wp","href":"https:\/\/api.w.org\/{rel}","templated":true}]}}