{"id":1542,"date":"2017-02-01T16:45:14","date_gmt":"2017-02-01T16:45:14","guid":{"rendered":"http:\/\/moverdb.com\/?page_id=1542"},"modified":"2026-01-08T15:30:38","modified_gmt":"2026-01-08T15:30:38","slug":"vip-kuljetus","status":"publish","type":"page","link":"https:\/\/moverdb.com\/fi\/vip-transport\/","title":{"rendered":"VIP Transport - Kansainv\u00e4linen muuttoliike Arvostelut"},"content":{"rendered":"<p>VIP Transportin p\u00e4\u00e4konttori sijaitsee Coronassa, Kaliforniassa. Yritys tarjoaa asiakkailleen erilaisia muuttopalveluja, jotka on lueteltu alla yhdess\u00e4 yrityksen profiilin ja arvostelujen kanssa.<\/p>\n<p><strong>Kansainv\u00e4liset muutot<\/strong><\/p>\n<p>Ennen toimeksiantoa tarjottavat palvelut<\/p>\n<ul>\n<li>Viisumi- ja maahanmuuttopalvelut<\/li>\n<li>Ennakkomatkat ja alueeseen tutustuminen<\/li>\n<li>Maa- ja kulttuuritiedot<\/li>\n<\/ul>\n<p>Muuttopalvelut<\/p>\n<ul>\n<li>Muuttoa edelt\u00e4v\u00e4 suunnittelu<\/li>\n<li>Tavaroiden kuljetus<\/li>\n<li>Muuton hallinta<\/li>\n<li>L\u00e4hetyksen seuranta<\/li>\n<\/ul>\n<p>Kansainv\u00e4liset kohdepalvelut<\/p>\n<ul>\n<li>Kulttuuri- ja kielikoulutus<\/li>\n<li>Kouluapu<\/li>\n<li>Kumppanin\/puolison tuki<\/li>\n<li>Palveluun asettuminen<\/li>\n<li>L\u00e4ht\u00f6apu<\/li>\n<\/ul>\n<p>Suojelupalvelut<\/p>\n<ul>\n<li>Painokerroin<\/li>\n<li>Arvokas varasto<\/li>\n<li>Yksil\u00f6ity, arvostettu inventaario<\/li>\n<\/ul>\n<p>Asumistuki<\/p>\n<ul>\n<li>Kodin etsint\u00e4palvelut<\/li>\n<li>V\u00e4liaikainen majoitus<\/li>\n<li>Kiinteist\u00f6jen ja vuokrasopimusten hallinta<\/li>\n<\/ul>\n<p><strong>Koti muutot<\/strong><\/p>\n<ul>\n<li>Paikallinen, pitk\u00e4n matkan ja kansainv\u00e4linen muutto<\/li>\n<li>Varastointi ja ilmastoitu varastointi<\/li>\n<li>R\u00e4\u00e4t\u00e4l\u00f6ity pakkaus<\/li>\n<li>Pakkaus- ja purkamispalvelut<\/li>\n<li>Autokuljetus<\/li>\n<li>Verkon, tietokoneen ja teatterin kytkent\u00e4<\/li>\n<li>Kiinteist\u00f6palvelut<\/li>\n<li>Valkoiset hansikkaat -palvelut<\/li>\n<\/ul>\n<p><strong>Yrityksen uudelleensijoittaminen<\/strong><\/p>\n<ul>\n<li>Henkil\u00f6kohtainen koordinaattori<\/li>\n<li>Ovelta ovelle<\/li>\n<li>T\u00e4yden palvelun pakkaaminen ja purkaminen<\/li>\n<li>Pitk\u00e4aikainen ja lyhytaikainen varastointi<\/li>\n<li>Kattava raportointi ja kulujen seuranta<\/li>\n<li>Porrastettu palvelutarjonta<\/li>\n<li>Joustavat palvelut korvauksiin perustuvia menoja varten<\/li>\n<li>Mukautetut tervetuliaislehtiset<\/li>\n<li>Online-seuranta<\/li>\n<li>Asiakasp\u00e4\u00e4llikk\u00f6 yksinomaan ty\u00f6ntekij\u00f6ille<\/li>\n<li>V\u00e4liaikainen asuminen<\/li>\n<\/ul>\n<p><strong>Erikoispalvelut<\/strong><\/p>\n<ul>\n<li>Viinin siirto- ja kuljetuspalvelut<\/li>\n<li>Custom Crating<\/li>\n<li>White Glove Service<\/li>\n<li>Korkean arvon ker\u00e4ilyesineet<\/li>\n<li>L\u00e4\u00e4kinn\u00e4llisten laitteiden kuljetus<\/li>\n<li>Elektroniikka ja robotiikka<\/li>\n<li>Vieraanvaraisuus ja terveydenhuolto<\/li>\n<li>Musiikki ja viihde<\/li>\n<li>Ilmailu- ja avaruuslogistiikka<\/li>\n<li>Urheilijoiden ja urheilujoukkueiden siirt\u00e4minen<\/li>\n<li>Palvelu Havaijin saarille<\/li>\n<li>Laboratorion siirt\u00e4minen<\/li>\n<li>Kuvataide ja antiikki<\/li>\n<li>Sotilaalliset ja GSA<\/li>\n<li>Yliopistojen ja akateemisten oppilaitosten uudelleensijoitukset<\/li>\n<\/ul>\n<p><strong>Logistiikka<\/strong><\/p>\n<ul>\n<li>Logistiikka\/ LTL\/ kuorma-autojen kuormaus<\/li>\n<li>Varastointi ja jakelu<\/li>\n<li>Laivaston valmiudet<\/li>\n<li>Messupalvelut<\/li>\n<li>Kaupallinen uudelleensijoittaminen<\/li>\n<li>Kuormalavapalvelut<\/li>\n<li>Takilointipalvelut<\/li>\n<li><a href=\"https:\/\/moverdb.com\/fi\/container-shipping\/\" data-internallinksmanager029f6b8e52c=\"3\" title=\"Kansainv\u00e4lisen konttikuljetuksen hinnat: huhtikuu 2026\">Kansainv\u00e4linen merenkulku<\/a><\/li>\n<\/ul>\n<p><strong>Varastointi<\/strong><\/p>\n<ul>\n<li>Pitk\u00e4ll\u00e4 ja lyhyell\u00e4 aikav\u00e4lill\u00e4<\/li>\n<li>Ilmasto-ohjattu ja UV-valaistus on minimiss\u00e4\u00e4n<\/li>\n<li>Yksityinen viinivarasto<\/li>\n<li>24 tunnin vartiointi<\/li>\n<li>Tiukka palo-, h\u00e4lytys- ja turvatestaus<\/li>\n<li>Saatavilla on yksityisi\u00e4 ilmastointikontrolloidut huoneet, joissa on turvattu koodilla varustettu sis\u00e4\u00e4nk\u00e4yntij\u00e4rjestelm\u00e4.<\/li>\n<\/ul>\n<h2>VIP Transport Yrityksen profiili<\/h2>\n<p>VIP Transport on osa UniGroupia, joka on seuraavien yhti\u00f6iden emoyhti\u00f6. <a href=\"https:\/\/moverdb.com\/fi\/mayflower-transit\/\">Mayflower Transit<\/a> ja <a href=\"https:\/\/moverdb.com\/fi\/united-van-lines\/\">United Van Lines<\/a>. Vuonna 1982 aloittanut yritys kuljettaa ihmisi\u00e4 ja tavaroita maailmanlaajuisesti hy\u00f6dynt\u00e4en UniGroupin agentuuriverkostoa. <\/p>\n<p>Vuonna <a href=\"https:\/\/moverdb.com\/fi\/moving-to-the-united-states\/\" data-internallinksmanager029f6b8e52c=\"94\" title=\"Muutatko Yhdysvaltoihin? 2022 Elinkustannukset ja muuttovinkit\">Yhdysvallat<\/a> Yksin Suomessa on 1 100 agenttia ja kansainv\u00e4lisesti yli 1 350 agenttia. VIP Transportilla on my\u00f6s k\u00e4yt\u00f6ss\u00e4\u00e4n 46 miljoonaa neli\u00f6metri\u00e4 varastotilaa, joista 7 miljoonaa on ilmastoitua.<\/p>\n<p>VIP Transportilla on erikoistunut ajoneuvokalusto, johon kuuluu ilmastoituja per\u00e4vaunuja, generaattorik\u00e4ytt\u00f6isi\u00e4 laboratorioautoja ja erikoiskuormausominaisuuksilla varustettuja lava-autoja. Yritys noudattaa tiukkaa ymp\u00e4rist\u00f6ohjelmaa hiilijalanj\u00e4ljen minimoimiseksi.<br \/>\nVIP Transportilla on seuraavat akkreditoinnit ja j\u00e4senyydet:<\/p>\n<ul>\n<li> <a href=\"https:\/\/moverdb.com\/fi\/amsa\/\">American Moving and Storage Association<\/a> (<a href=\"https:\/\/moverdb.com\/fi\/amsa\/\" data-internallinksmanager029f6b8e52c=\"5\" title=\"American Moving &amp; Storage Association (AMSA) selitetty\">AMSA<\/a>)<\/li>\n<li> <a href=\"https:\/\/moverdb.com\/fi\/vanne-promover\/\">ProMover<\/a><\/li>\n<li> Better Business Bureau (BBB) A+<\/li>\n<li> WBENC-sertifioitu<\/li>\n<li> ISO 9001<\/li>\n<\/ul>\n<h2>VIP Transport Arvostelut<\/h2>\n<p><strong>Positiivinen:<\/strong><\/p>\n<ul>\n<li> <em>\"The <a href=\"https:\/\/moverdb.com\/fi\/moving-to-los-angeles\/\">Los Angeles<\/a> Clippersill\u00e4 ja VIP Transportilla on ollut loistava suhde vuosien varrella. He ovat aina olleet valmiita auttamaan meit\u00e4 useiden avainpelaajien siirroissa, ja he ovat tehneet sen ilman, ett\u00e4 kukaan pelaajista on valittanut.\"<\/em> - kautta <a href=\"http:\/\/www.viptransport.com\/testimonials\/\" target=\"_blank\" rel=\"noopener\">yrityksen suosittelu<\/a> sivu.<\/li>\n<li> <em>\"N\u00e4m\u00e4 kaverit saavat 10 pistett\u00e4 10:st\u00e4.  Ensimm\u00e4isest\u00e4 yhteydenotosta siihen asti, kun ty\u00f6 oli valmis, saimme \"A-1-palvelua\".  \"<\/em> - Robert kautta <a href=\"https:\/\/www.yelp.com\/biz\/vip-transport-corona-6?hrid=nuC3r_2wy6HRLOm4owqitg&#038;utm_campaign=www_review_share_popup&#038;utm_medium=copy_link&#038;utm_source=(direct)\" target=\"_blank\" rel=\"noopener\">Yelp<\/a><\/li>\n<li> <em>\"Minulla oli loistava kokemus VIP:st\u00e4!\"<\/em> - Michelle kautta <a href=\"https:\/\/www.mymovingreviews.com\/movers\/vip-transport-781#53376\" target=\"_blank\" rel=\"noopener\">MyMovingReviews<\/a><\/li>\n<\/ul>\n<p><strong>Negatiivinen:<\/strong><\/p>\n<ul>\n<li><em>\"Kunpa voisin antaa heille nolla t\u00e4hte\u00e4.\"<\/em> - Nancy T kautta <a href=\"https:\/\/www.yelp.com\/biz\/vip-transport-corona-6?hrid=DvJSu2LKWnFvj2WuqZXtoQ&#038;utm_campaign=www_review_share_popup&#038;utm_medium=copy_link&#038;utm_source=(direct)\" target=\"_blank\" rel=\"noopener\">Yelp<\/a><\/li>\n<li> <em>\"Valitsin Mayflower\/VIP Transportin edustajan, joka tuli tekem\u00e4\u00e4n arvion paikan p\u00e4\u00e4lle. H\u00e4nen selityksens\u00e4 oli minulle j\u00e4rkevin muista arvioista. K\u00e4vi kuitenkin ilmi, ett\u00e4 h\u00e4nen painoarvionsa oli 6 000 kiloa suurempi kuin mit\u00e4 todellinen painoni osoittautui olevan.\"<\/em> - Ruthie kautta <a href=\"https:\/\/www.mymovingreviews.com\/movers\/vip-transport-781#50382\" target=\"_blank\" rel=\"noopener\">MyMovingReviews<\/a><\/li>\n<\/ul>\n<div itemprop=\"review\" itemscope itemtype=\"http:\/\/schema.org\/Review\">\n<span itemprop=\"author\" itemscope=\"\" itemtype=\"http:\/\/schema.org\/Organization\"><span itemprop=\"name\">MoverDB.com<\/span><\/span> Verkkosivuston arvostelu <span itemprop=\"itemreviewed\" itemscope=\"\" itemtype=\"http:\/\/schema.org\/Brand\"><span itemprop=\"name\">VIP-kuljetukset<\/span><\/span>:<\/p>\n<ol>\n<li> Selke\u00e4t yhteystiedot verkkosivustolla (my\u00f6s puhelinnumero): <strong>Kyll\u00e4<\/strong><\/li>\n<li> Helppo saada <a href=\"https:\/\/moverdb.com\/fi\/lainauksia\/\">kansainv\u00e4liset muutto tarjoukset<\/a>? (Online-arviolomake): <strong>Kyll\u00e4<\/strong><\/li>\n<li> Selke\u00e4t tiedot verkkosivustolla: <strong>Kyll\u00e4,<\/strong> verkkosivustolla on paljon yksityiskohtaista tietoa muutosta.<\/li>\n<li> J\u00e4senyys kansainv\u00e4lisiss\u00e4 tunnustetuissa liikkuvissa j\u00e4rjest\u00f6iss\u00e4: <strong>Kyll\u00e4<\/strong>, (ks. edell\u00e4)<\/li>\n<li> Luettelo asiakkaista ja\/tai aiempien asiakkaiden suosittelut. <strong>Kyll\u00e4,<\/strong> monet positiiviset asiakaskertomukset l\u00f6ytyv\u00e4t heid\u00e4n verkkosivustoltaan, ja heill\u00e4 on enimm\u00e4kseen positiivisia arvosteluja muualla verkossa.<\/li>\n<\/ol>\n<div itemprop=\"reviewRating\" itemscope itemtype=\"http:\/\/schema.org\/Rating\"><meta itemprop=\"worstRating\" content = \"0\" \/><meta itemprop=\"bestRating\" content=\"5\" \/><meta itemprop=\"ratingValue\" content=\"5\"><\/div>\n<p><strong>Yleisarvosana: 5\/5<\/strong><br \/>\n<strong>Tarkistusp\u00e4iv\u00e4:<\/strong> <span itemprop=\"datePublished\" content=\"2017-02-01\">01\/02\/2017<\/span>\n<\/div>\n<p>Lue lis\u00e4\u00e4 <a href=\"https:\/\/moverdb.com\/fi\/muuttoyritykset\/\">kansainv\u00e4liset muuttofirmat<\/a> ja meid\u00e4n <a href=\"https:\/\/moverdb.com\/fi\/arvostelut\/\">tarkistusprosessi<\/a>.<\/p>\n<p><strong>Verkkosivut:<\/strong> <a href=\"http:\/\/www.viptransport.com\/\" target=\"_blank\" rel=\"noopener\">http:\/\/www.viptransport.com\/<\/a><\/p>","protected":false},"excerpt":{"rendered":"<p>VIP Transport&#8217;s head office is in Corona, CA. The company offers its clients a variety of moving services which are listed below, together with a company profile and reviews. International Moves Pre-assignment Services Visa and immigration services Preview trip and area orientation Country and culture information Moving Services Pre-move planning Transportation of belongings Managing the [&hellip;]<\/p>\n","protected":false},"author":1,"featured_media":0,"parent":0,"menu_order":0,"comment_status":"closed","ping_status":"closed","template":"","meta":{"_genesis_hide_title":false,"_genesis_hide_breadcrumbs":false,"_genesis_hide_singular_image":false,"_genesis_hide_footer_widgets":false,"_genesis_custom_body_class":"","_genesis_custom_post_class":"","_genesis_layout":"","footnotes":""},"class_list":{"0":"post-1542","1":"page","2":"type-page","3":"status-publish","5":"entry"},"_links":{"self":[{"href":"https:\/\/moverdb.com\/fi\/wp-json\/wp\/v2\/pages\/1542","targetHints":{"allow":["GET"]}}],"collection":[{"href":"https:\/\/moverdb.com\/fi\/wp-json\/wp\/v2\/pages"}],"about":[{"href":"https:\/\/moverdb.com\/fi\/wp-json\/wp\/v2\/types\/page"}],"author":[{"embeddable":true,"href":"https:\/\/moverdb.com\/fi\/wp-json\/wp\/v2\/users\/1"}],"replies":[{"embeddable":true,"href":"https:\/\/moverdb.com\/fi\/wp-json\/wp\/v2\/comments?post=1542"}],"version-history":[{"count":5,"href":"https:\/\/moverdb.com\/fi\/wp-json\/wp\/v2\/pages\/1542\/revisions"}],"predecessor-version":[{"id":6250,"href":"https:\/\/moverdb.com\/fi\/wp-json\/wp\/v2\/pages\/1542\/revisions\/6250"}],"wp:attachment":[{"href":"https:\/\/moverdb.com\/fi\/wp-json\/wp\/v2\/media?parent=1542"}],"curies":[{"name":"wp","href":"https:\/\/api.w.org\/{rel}","templated":true}]}}