{"id":1540,"date":"2017-02-26T17:21:37","date_gmt":"2017-02-26T17:21:37","guid":{"rendered":"http:\/\/moverdb.com\/?page_id=1540"},"modified":"2026-01-08T15:20:37","modified_gmt":"2026-01-08T15:20:37","slug":"royal-hawaiian-movers","status":"publish","type":"page","link":"https:\/\/moverdb.com\/fi\/royal-hawaiian-movers\/","title":{"rendered":"Royal Hawaiian Movers - Kansainv\u00e4linen muuttoliike Arvostelut"},"content":{"rendered":"<p>Royal Hawaiian Movers tarjoaa asiakkailleen erilaisia paikallisia, saarten v\u00e4lisi\u00e4 ja mantereen sis\u00e4isi\u00e4 muuttoja. Alla on lueteltu heid\u00e4n palveluitaan sek\u00e4 yrityksen profiili ja arvostelut.<\/p>\n<p><strong>Kansainv\u00e4liset, mannermaan ja saarten v\u00e4liset muutot<\/strong><\/p>\n<ul>\n<li> Ovelta ovelle<\/li>\n<li >T\u00e4ydellinen pakkauspalvelu, vain hauraat esineet tai DIY-pakkaus<\/li>\n<li> Huonekalujen purkaminen ja kokoaminen<\/li>\n<li> Tietotekniikan poistaminen ja k\u00e4ytt\u00f6\u00f6notto<\/li>\n<li> Pakkauksen purkamispalvelu<\/li>\n<li> Pitk\u00e4- ja lyhytaikainen varastointi j\u00e4rjestetty<\/li>\n<li> Lento- tai merirahti<\/li>\n<li> J\u00e4rjestetty vakuutus<\/li>\n<\/ul>\n<p><strong>Paikalliset ja sotilaalliset muutot<\/strong><\/p>\n<ul>\n<li> Ovelta ovelle<\/li>\n<li> Toimitetut pakkausmateriaalit<\/li>\n<li> Pitk\u00e4aikainen ja lyhytaikainen varastointi<\/li>\n<li> T\u00e4yden palvelun pakkaus saatavilla tai DIY-pakkaus<\/li>\n<li> Huonekalujen purkaminen ja kokoaminen<\/li>\n<li> Pakkauksen purkamispalvelu<\/li>\n<li> J\u00e4rjestetty vakuutus<\/li>\n<\/ul>\n<p><strong>Erikoisliikennepalvelut<\/strong><\/p>\n<ul>\n<li> Raskaat koneet<\/li>\n<li> L\u00e4\u00e4ketieteelliset muuttopalvelut<\/li>\n<li> Ylisuuret laitteet<\/li>\n<\/ul>\n<p><strong>Asennus<\/strong><\/p>\n<ul>\n<li> Hotelli<\/li>\n<li> FF&amp;E (huonekalut, kalusteet ja laitteet)<\/li>\n<li> Toimisto<\/li>\n<li> Erikoisuus<\/li>\n<\/ul>\n<h2>Royal Hawaiian Movers Yrityksen profiili<\/h2>\n<p>Royal Hawaiian Moversin perusti Richard L DeWitt vuonna 1982. Yhti\u00f6 aloitti yhdell\u00e4 toimistolla Honolulussa, joka palveli Oahun saaren armeijaa. Viel\u00e4 nyky\u00e4\u00e4nkin sotilaat ovat Royal Hawaiian Moversin ydin. 1980-luvun lopulla yritys p\u00e4\u00e4tti laajentua ja ryhty\u00e4 harjoittamaan kuorma-autoliikennett\u00e4 ja rahtiliikennett\u00e4. Yrityksell\u00e4 on nyt yli 60 muuttoajoneuvon kalusto.<\/p>\n<p>Royal Hawaiian Movers on sittemmin laajentanut liiketoimintaansa asuin-, liike- ja sotilassiirtoihin paikallisesti, saarten v\u00e4lill\u00e4 ja kansainv\u00e4lisesti. DeWitt-yritysryhm\u00e4 on siirt\u00e4nyt ihmisi\u00e4 ja yrityksi\u00e4 ymp\u00e4ri maailmaa yli 80 vuoden ajan, ja Royal Hawaiian Movers nauttii vuosikymmenten aikana opitun asiantuntemuksen siirt\u00e4misest\u00e4 eteenp\u00e4in. <\/p>\n<p>Heid\u00e4n etiikkaansa on kehitt\u00e4\u00e4 luottamuksellisia suhteita asiakkaisiinsa, jotta he palaavat jokaiseen siirtoon.<\/p>\n<p>Royal Hawaiian Moversilla on seuraavat akkreditoinnit ja sidonnaisuudet:<\/p>\n<ul>\n<li> <a href=\"https:\/\/moverdb.com\/fi\/vanne-promover\/\">AMSA Pro Movers<\/a><\/li>\n<li> Sertifioidut muuttokonsultit<\/li>\n<li> Vaarallisten materiaalien sertifioidut kuljettajat<\/li>\n<li> Kuljetusty\u00f6ntekij\u00e4n henkil\u00f6kortti<\/li>\n<li> Better Business Bureau (BBB)<\/li>\n<li> DeWitt Move Worldwide - j\u00e4senen\u00e4 DeWitt Move Worldwide on <a href=\"https:\/\/moverdb.com\/fi\/olen\/\">IAM<\/a><\/li>\n<li> DOT-lisenssi #227698<\/li>\n<li> DOT-ajoneuvonkuljettajan lisenssi #165352<\/li>\n<li> DOT <a href=\"https:\/\/moverdb.com\/fi\/freight-forwarder\/\" data-internallinksmanager029f6b8e52c=\"17\" title=\"Huolitsijan &amp; NVOCC:n kansainv\u00e4liset kustannukset ja yritykset -opas\">Huolitsija<\/a> Lisenssi #003549<\/li>\n<\/ul>\n<h2>Royal Hawaiian Movers Arvostelut<\/h2>\n<p><strong>Positiivinen:<\/strong><\/p>\n<ul>\n<li> <em>\"Muutto Honolulusta <a href=\"https:\/\/moverdb.com\/fi\/moving-to-the-united-states\/moving-to-california\/\" data-internallinksmanager029f6b8e52c=\"330\" title=\"Muutto Kaliforniaan? 2023 Elinkustannukset ja muuttovinkit\">Kalifornia<\/a>, sotilasjoukko <a href=\"https:\/\/moverdb.com\/fi\/moving-to-the-united-states\/\" data-internallinksmanager029f6b8e52c=\"94\" title=\"Muutatko Yhdysvaltoihin? 2022 Elinkustannukset ja muuttovinkit\">us<\/a> Royal Hawaiian Moversin kanssa... ***AMAZING*** asiakaspalvelu.... Olivat informatiivisia, kohteliaita, siistej\u00e4 ja tehokkaita. Royal Hawaiian Movers on kaikki mit\u00e4 tarvitset muutto- ja kuljetusongelmiinne!!!!\"<\/em> - Kelly G <a href=\"http:\/\/royalhawaiianmovers.com\/our-difference\/what-customers-say\/\" target=\"_blank\" rel=\"noopener\">asiakkaan suosittelu<\/a><\/li>\n<li> <em>\"Ammattitaitoinen ja piti hyv\u00e4\u00e4 huolta tavaroistani. Muutin mantereelle... mutta he helpottivat l\u00e4ht\u00f6\u00e4. <a href=\"https:\/\/moverdb.com\/fi\/moving-to-the-united-states\/moving-to-hawaii\/\" data-internallinksmanager029f6b8e52c=\"403\" title=\"Muutatko Havaijille? 2023 Elinkustannukset ja muuttovinkit\">Havaiji<\/a>.\"<\/em> - Robin kautta <a href=\"https:\/\/www.facebook.com\/pg\/RoyalHawaiianMV\/reviews\/\" target=\"_blank\" rel=\"noopener\">Facebook<\/a><\/li>\n<li> <em>\"Kaiken kaikkiaan suosittelen heit\u00e4 hinnan ja palvelun laadun perusteella.\"<\/em> - Ryan kautta <a href=\"https:\/\/www.yelp.com\/biz\/royal-hawaiian-movers-honolulu-2?hrid=ClTUD764MZQoXt6f0DBLoA&#038;utm_campaign=www_review_share_popup&#038;utm_medium=copy_link&#038;utm_source=(direct)\" target=\"_blank\" rel=\"noopener\">Yelp<\/a><\/li>\n<\/ul>\n<p><strong>Negatiivinen:<\/strong><\/p>\n<ul>\n<li> <em>\"Olen pahoillani sanoakseni, ett\u00e4 royal Hawaiian movers on kamala movers! He rikkoivat tavaroitamme, osa isovanhempieni tavaroista katosi.\"<\/em> - Sharon kautta <a href=\"https:\/\/www.facebook.com\/pg\/RoyalHawaiianMV\/reviews\/\" target=\"_blank\" rel=\"noopener\">Facebook<\/a><\/li>\n<li> <em>\"He kiirehtiv\u00e4t pakkaamista ja tekiv\u00e4t kauheaa ty\u00f6t\u00e4. Joukko tavaroitamme saapui rikkin\u00e4isin\u00e4 ja t\u00e4ysin pilalle.\"<\/em> - Meghan kautta <a href=\"https:\/\/www.yelp.com\/biz\/royal-hawaiian-movers-honolulu-2?hrid=2GCVIxDDbA41_6OusJ2KIQ&#038;utm_campaign=www_review_share_popup&#038;utm_medium=copy_link&#038;utm_source=(direct)\" target=\"_blank\" rel=\"noopener\">Yelp<\/a><\/li>\n<\/ul>\n<div itemprop=\"review\" itemscope itemtype=\"http:\/\/schema.org\/Review\">\n<span itemprop=\"author\" itemscope=\"\" itemtype=\"http:\/\/schema.org\/Organization\"><span itemprop=\"name\">MoverDB.com<\/span><\/span> Verkkosivuston arvostelu <span itemprop=\"itemreviewed\" itemscope=\"\" itemtype=\"http:\/\/schema.org\/Brand\"><span itemprop=\"name\">Royal Hawaiian Movers<\/span><\/span>:<\/p>\n<ol>\n<li> Selke\u00e4t yhteystiedot verkkosivustolla (my\u00f6s puhelinnumero): <strong>Kyll\u00e4<\/strong><\/li>\n<li> Helppo saada <a href=\"https:\/\/moverdb.com\/fi\/lainauksia\/\">kansainv\u00e4liset muutto tarjoukset<\/a>? (Online-arviolomake): <strong>Kyll\u00e4<\/strong><\/li>\n<li> Selke\u00e4t tiedot verkkosivustolla: <strong>Kyll\u00e4,<\/strong> hahmotellaan kaikki palvelut, mutta ei menn\u00e4 liian pitk\u00e4lle yksityiskohtiin.<\/li>\n<li> J\u00e4senyys kansainv\u00e4lisiss\u00e4 tunnustetuissa liikkuvissa j\u00e4rjest\u00f6iss\u00e4: <strong>Kyll\u00e4<\/strong>, (ks. edell\u00e4)<\/li>\n<li> Luettelo asiakkaista ja\/tai aiempien asiakkaiden suosittelut: <strong>Kyll\u00e4,<\/strong> ja vaikka netiss\u00e4 on muutamia negatiivisia arvosteluja, viimeisimm\u00e4t arvostelut ovat enimm\u00e4kseen positiivisia.<\/li>\n<\/ol>\n<div itemprop=\"reviewRating\" itemscope itemtype=\"http:\/\/schema.org\/Rating\"><meta itemprop=\"worstRating\" content = \"0\" \/><meta itemprop=\"bestRating\" content=\"5\" \/><meta itemprop=\"ratingValue\" content=\"4.5\"><\/div>\n<p><strong>Yleisarvosana: 4.5\/5<\/strong><br \/>\n<strong>Tarkistusp\u00e4iv\u00e4:<\/strong> <span itemprop=\"datePublished\" content=\"2017-02-26\">26\/02\/2017<\/span>\n<\/div>\n<p>Lue lis\u00e4\u00e4 <a href=\"https:\/\/moverdb.com\/fi\/muuttoyritykset\/\">kansainv\u00e4liset muuttofirmat<\/a> ja meid\u00e4n <a href=\"https:\/\/moverdb.com\/fi\/arvostelut\/\">tarkistusprosessi<\/a>.<\/p>\n<p><strong>Verkkosivusto:<\/strong> <a href=\"http:\/\/royalhawaiianmovers.com\/\" target=\"_blank\" rel=\"noopener\">http:\/\/royalhawaiianmovers.com\/<\/a><\/p>","protected":false},"excerpt":{"rendered":"<p>Royal Hawaiian Movers offers its customers various local, inter island and mainland moves. Their services are listed below, together with a company profile and reviews. International, Mainland and Inter Island Moves Door to door Full packing service, fragile items only or DIY packing Disassembly and reassembly of furniture IT removal and set up Unpacking service [&hellip;]<\/p>\n","protected":false},"author":1,"featured_media":0,"parent":0,"menu_order":0,"comment_status":"closed","ping_status":"closed","template":"","meta":{"_genesis_hide_title":false,"_genesis_hide_breadcrumbs":false,"_genesis_hide_singular_image":false,"_genesis_hide_footer_widgets":false,"_genesis_custom_body_class":"","_genesis_custom_post_class":"","_genesis_layout":"","footnotes":""},"class_list":{"0":"post-1540","1":"page","2":"type-page","3":"status-publish","5":"entry"},"_links":{"self":[{"href":"https:\/\/moverdb.com\/fi\/wp-json\/wp\/v2\/pages\/1540","targetHints":{"allow":["GET"]}}],"collection":[{"href":"https:\/\/moverdb.com\/fi\/wp-json\/wp\/v2\/pages"}],"about":[{"href":"https:\/\/moverdb.com\/fi\/wp-json\/wp\/v2\/types\/page"}],"author":[{"embeddable":true,"href":"https:\/\/moverdb.com\/fi\/wp-json\/wp\/v2\/users\/1"}],"replies":[{"embeddable":true,"href":"https:\/\/moverdb.com\/fi\/wp-json\/wp\/v2\/comments?post=1540"}],"version-history":[{"count":7,"href":"https:\/\/moverdb.com\/fi\/wp-json\/wp\/v2\/pages\/1540\/revisions"}],"predecessor-version":[{"id":6234,"href":"https:\/\/moverdb.com\/fi\/wp-json\/wp\/v2\/pages\/1540\/revisions\/6234"}],"wp:attachment":[{"href":"https:\/\/moverdb.com\/fi\/wp-json\/wp\/v2\/media?parent=1540"}],"curies":[{"name":"wp","href":"https:\/\/api.w.org\/{rel}","templated":true}]}}