{"id":1538,"date":"2017-02-23T08:47:51","date_gmt":"2017-02-23T08:47:51","guid":{"rendered":"http:\/\/moverdb.com\/?page_id=1538"},"modified":"2026-01-08T15:20:39","modified_gmt":"2026-01-08T15:20:39","slug":"settelen","status":"publish","type":"page","link":"https:\/\/moverdb.com\/fi\/settelen\/","title":{"rendered":"Settelen - Kansainv\u00e4liset muuttoliikkeet ja muutto Arvostelut"},"content":{"rendered":"<p>Settelen on sveitsil\u00e4inen yritys, jonka kotipaikka on <a href=\"https:\/\/moverdb.com\/fi\/moving-to-basel\/\" data-internallinksmanager029f6b8e52c=\"263\" title=\"Muutatko Baseliin? 2023 Elinkustannukset ja muuttovinkit\">Basel<\/a>. Se tarjoaa asiakkailleen erilaisia muuttopalveluja, jotka on lueteltu alla, sek\u00e4 yrityksen profiilin ja arvosteluja.<\/p>\n<p><strong>Kansainv\u00e4linen muuttoliike ja muutot<\/strong><\/p>\n<ul>\n<li> Oma muuttokoordinaattori<\/li>\n<li> Ovelta ovelle<\/li>\n<li> T\u00e4ydellinen pakkauspalvelu, vain hauraat esineet tai DIY-pakkaus<\/li>\n<li> Huonekalujen purkaminen ja kokoaminen jne.<\/li>\n<li> R\u00e4\u00e4t\u00e4l\u00f6idyt laatikot<\/li>\n<li> Muuttoliike pakkaustarvikkeita varten<\/li>\n<li> T\u00e4ydellinen pakkauksen purkupalvelu saatavilla<\/li>\n<li> Apu tullin ja asiakirjojen kanssa<\/li>\n<li> J\u00e4rjestetty vakuutus<\/li>\n<li> Lyhyt- ja pitk\u00e4aikainen varastointi<\/li>\n<\/ul>\n<p><strong>Paikalliset ja pitk\u00e4n matkan muutot<\/strong><\/p>\n<ul>\n<li> Oma muuttokoordinaattori<\/li>\n<li> Ovelta ovelle<\/li>\n<li> T\u00e4ydellinen pakkauspalvelu saatavilla tarvittaessa<\/li>\n<li> Huonekalujen purkaminen ja kokoaminen jne.<\/li>\n<li> T\u00e4ydellinen pakkauksen purkupalvelu saatavilla tarvittaessa<\/li>\n<li> J\u00e4rjestetty vakuutus<\/li>\n<li> Lyhyt- ja pitk\u00e4aikainen varastointi saatavilla<\/li>\n<li> T\u00e4ysin varusteltu muuttomyym\u00e4l\u00e4 kaikkia pakkaustarvikkeita varten<\/li>\n<\/ul>\n<p><strong>Yritysten muutot<\/strong><\/p>\n<ul>\n<li> Omistautunut muuttotiimi<\/li>\n<li> Ovelta ovelle<\/li>\n<li> Ty\u00f6ajan ulkopuolella tapahtuva siirtyminen s\u00e4\u00e4st\u00e4\u00e4 liiketoimintah\u00e4iri\u00f6it\u00e4<\/li>\n<li> Huonekalujen purkaminen ja kokoaminen<\/li>\n<li> Tietotekniikan poistaminen ja uudelleenasennus<\/li>\n<li> T\u00e4ydellinen pakkauspalvelu tai osittainen pakkauspalvelu<\/li>\n<li> J\u00e4rjestetty vakuutus<\/li>\n<li> Lyhyt- ja pitk\u00e4aikainen varastointi saatavilla<\/li>\n<li> Erikoislippulaatikot<\/li>\n<li> Raskaiden koneiden siirrot<\/li>\n<li> Ulkoinen hissi<\/li>\n<\/ul>\n<p><strong>Erityiset muutot<\/strong><\/p>\n<ul>\n<li> Messut ja n\u00e4yttelyt<\/li>\n<li> Taide ja antiikki<\/li>\n<li> Raskaat koneet<\/li>\n<li> Hauraat tavarat<\/li>\n<li> Pianot ja muut soittimet<\/li>\n<li> Vientitavarat<\/li>\n<\/ul>\n<p><strong>Erikoiskuljetukset<\/strong><\/p>\n<ul>\n<li> Raskaille, ep\u00e4tavallisille esineille ja paikoille<\/li>\n<li> Logistiikka ja organisointi<\/li>\n<li> Ajoneuvon valinta<\/li>\n<li> Reitin kartoittaminen<\/li>\n<li> Tarvittavien lupien hankkiminen<\/li>\n<\/ul>\n<p><strong>Varastointi<\/strong><\/p>\n<ul>\n<li> Puiset s\u00e4ili\u00f6t<\/li>\n<li> 24\/7 turvallisuus<\/li>\n<li> Konttien s\u00e4\u00e4nn\u00f6lliset tarkastukset<\/li>\n<li> Erikoisk\u00e4\u00e4reet ja -pakkaukset saatavilla<\/li>\n<\/ul>\n<p><strong>Settelen autonvuokraus<\/strong><\/p>\n<ul>\n<li> Henkil\u00f6autot<\/li>\n<li> Pakettiautot ja lava-autot<\/li>\n<li> Minibussit<\/li>\n<li> Erityisajoneuvot<\/li>\n<\/ul>\n<h2>Settelen Yrityksen profiili<\/h2>\n<p>Settelen AG:n kotipaikka on Basel, <a href=\"https:\/\/moverdb.com\/fi\/moving-to-switzerland\/\" data-internallinksmanager029f6b8e52c=\"327\" title=\"Muutatko Sveitsiin? 2023 Elinkustannukset ja muuttovinkit\">Sveitsi<\/a>. T\u00e4m\u00e4 yksityisomistuksessa oleva yritys perustettiin vuonna 1883. Sen p\u00e4\u00e4toimiala on kuljetus ja logistiikka, ja sen tyt\u00e4ryhti\u00f6it\u00e4 ovat ajoneuvojen vuokraus, linja-automatkat sek\u00e4 moottoriajoneuvojen huolto- ja korjauspalvelut.<\/p>\n<p>Settelen j\u00e4rjest\u00e4\u00e4 kansainv\u00e4lisi\u00e4, kauko- ja paikallisia muuttoja yksityishenkil\u00f6ille ja yrityksille.<\/p>\n<p>Settelenill\u00e4 on seuraavat akkreditoinnit ja sidonnaisuudet:<\/p>\n<ul>\n<li> <a href=\"https:\/\/moverdb.com\/fi\/fidi-faim\/\">Kansainv\u00e4listen muuttofirmojen liitto<\/a> (<a href=\"https:\/\/moverdb.com\/fi\/fidi-faim\/\" data-internallinksmanager029f6b8e52c=\"16\" title=\"FIDI &amp; FAIM (FIDI Accredited International Mover) selitettyin\u00e4\">FIDI<\/a>)<\/li>\n<li> Sveitsin tieliikenneliitto (ASTAG)<\/li>\n<li> AGVS<\/li>\n<\/ul>\n<h2>Settelen Company Arvostelut<\/h2>\n<p>Settelenille ei ole t\u00e4ll\u00e4 hetkell\u00e4 verkossa englanninkielisi\u00e4 arvosteluja, vaikka se saa 4,1 t\u00e4hte\u00e4 Google Reviewsissa.<\/p>\n<div itemprop=\"review\" itemscope itemtype=\"http:\/\/schema.org\/Review\">\n<span itemprop=\"author\" itemscope=\"\" itemtype=\"http:\/\/schema.org\/Organization\"><span itemprop=\"name\">MoverDB.com<\/span><\/span> Verkkosivuston arvostelu <span itemprop=\"itemreviewed\" itemscope=\"\" itemtype=\"http:\/\/schema.org\/Brand\"><span itemprop=\"name\">Settelen<\/span><\/span>:<\/p>\n<ol>\n<li> Selke\u00e4t yhteystiedot verkkosivustolla (my\u00f6s puhelinnumero): <strong>Kyll\u00e4<\/strong><\/li>\n<li> Helppo saada <a href=\"https:\/\/moverdb.com\/fi\/lainauksia\/\">kansainv\u00e4liset muutto tarjoukset<\/a>? (Online-arviolomake): <strong>Kyll\u00e4<\/strong><\/li>\n<li> Selke\u00e4t tiedot verkkosivustolla: <strong>Rajoitettu<\/strong> verkkosivulla luetellaan palvelut, mutta sen lis\u00e4ksi ei anneta paljon yksityiskohtia.<\/li>\n<li> J\u00e4senyys kansainv\u00e4lisiss\u00e4 tunnustetuissa liikkuvissa j\u00e4rjest\u00f6iss\u00e4: <strong>Kyll\u00e4<\/strong>, (ks. edell\u00e4)<\/li>\n<li> Luettelo asiakkaista ja\/tai aiempien asiakkaiden suosittelut: <strong>Ei,<\/strong> ja niist\u00e4 on saatavilla vain v\u00e4h\u00e4n tietoa muualta.<\/li>\n<\/ol>\n<div itemprop=\"reviewRating\" itemscope itemtype=\"http:\/\/schema.org\/Rating\"><meta itemprop=\"worstRating\" content = \"0\" \/><meta itemprop=\"bestRating\" content=\"5\" \/><meta itemprop=\"ratingValue\" content=\"4\"><\/div>\n<p><strong>Yleisarvosana: 4\/5<\/strong><br \/>\n<strong>Tarkistusp\u00e4iv\u00e4:<\/strong> <span itemprop=\"datePublished\" content=\"2017-02-23\">23\/02\/2017<\/span>\n<\/div>\n<p>Lue lis\u00e4\u00e4 <a href=\"https:\/\/moverdb.com\/fi\/muuttoyritykset\/\">kansainv\u00e4liset muuttofirmat<\/a> ja meid\u00e4n <a href=\"https:\/\/moverdb.com\/fi\/arvostelut\/\">tarkistusprosessi<\/a>.<\/p>\n<p><strong>Verkkosivut:<\/strong> <a href=\"http:\/\/www.settelen.ch\/\" target=\"_blank\" rel=\"noopener\">http:\/\/www.settelen.ch\/<\/a><\/p>","protected":false},"excerpt":{"rendered":"<p>Settelen is Swiss company based in Basel. It offers its customers a range of moving services which are listed below, together with a company profile and reviews. International Moving &#038; Removals Dedicated move coordinator Door to door Full packing service, fragile items only or DIY packing Disassembly and reassembly of furniture etc Customised crates Removal [&hellip;]<\/p>\n","protected":false},"author":1,"featured_media":0,"parent":0,"menu_order":0,"comment_status":"closed","ping_status":"closed","template":"","meta":{"_genesis_hide_title":false,"_genesis_hide_breadcrumbs":false,"_genesis_hide_singular_image":false,"_genesis_hide_footer_widgets":false,"_genesis_custom_body_class":"","_genesis_custom_post_class":"","_genesis_layout":"","footnotes":""},"class_list":{"0":"post-1538","1":"page","2":"type-page","3":"status-publish","5":"entry"},"_links":{"self":[{"href":"https:\/\/moverdb.com\/fi\/wp-json\/wp\/v2\/pages\/1538","targetHints":{"allow":["GET"]}}],"collection":[{"href":"https:\/\/moverdb.com\/fi\/wp-json\/wp\/v2\/pages"}],"about":[{"href":"https:\/\/moverdb.com\/fi\/wp-json\/wp\/v2\/types\/page"}],"author":[{"embeddable":true,"href":"https:\/\/moverdb.com\/fi\/wp-json\/wp\/v2\/users\/1"}],"replies":[{"embeddable":true,"href":"https:\/\/moverdb.com\/fi\/wp-json\/wp\/v2\/comments?post=1538"}],"version-history":[{"count":3,"href":"https:\/\/moverdb.com\/fi\/wp-json\/wp\/v2\/pages\/1538\/revisions"}],"predecessor-version":[{"id":6236,"href":"https:\/\/moverdb.com\/fi\/wp-json\/wp\/v2\/pages\/1538\/revisions\/6236"}],"wp:attachment":[{"href":"https:\/\/moverdb.com\/fi\/wp-json\/wp\/v2\/media?parent=1538"}],"curies":[{"name":"wp","href":"https:\/\/api.w.org\/{rel}","templated":true}]}}