{"id":1536,"date":"2017-07-10T10:48:14","date_gmt":"2017-07-10T10:48:14","guid":{"rendered":"http:\/\/moverdb.com\/?page_id=1536"},"modified":"2026-01-08T15:20:49","modified_gmt":"2026-01-08T15:20:49","slug":"teletrans","status":"publish","type":"page","link":"https:\/\/moverdb.com\/fi\/teletrans\/","title":{"rendered":"Teletrans - Kansainv\u00e4linen muutto ja muuttoarvostelut"},"content":{"rendered":"<p>Teletrans sijaitsee Attikassa <a href=\"https:\/\/moverdb.com\/fi\/moving-to-greece\/\" data-internallinksmanager029f6b8e52c=\"353\" title=\"Muutatko Kreikkaan? 2023 Elinkustannukset ja muuttovinkit\">Kreikka<\/a>. Se on muutto- ja siirtoyritys, joka tarjoaa asiakkailleen laajan valikoiman palveluja. Ne on lueteltu alla yhdess\u00e4 yrityksen profiilin ja arvostelujen kanssa.<\/p>\n<p><strong>Kansainv\u00e4liset muutot<\/strong><\/p>\n<ul>\n<li> Erityinen muuttop\u00e4\u00e4llikk\u00f6<\/li>\n<li> T\u00e4yden palvelun pakkaus, osittainen pakkaus tai DIY-pakkaus<\/li>\n<li> Lyhyt- ja pitk\u00e4aikainen varastointi saatavilla<\/li>\n<li> Huonekalujen purkaminen ja kokoaminen<\/li>\n<li> Kuljetus maitse, meritse tai ilmateitse<\/li>\n<li> Apu tullin ja asiakirjojen kanssa<\/li>\n<li> Pakkauksen purkamispalvelu saatavilla<\/li>\n<li> Roskien poisto<\/li>\n<\/ul>\n<p><strong>Muuttopalvelut<\/strong><\/p>\n<ul>\n<li> Matkan aikataulu<\/li>\n<li> Lipunvaraus ja hotellivaraukset<\/li>\n<li> Tietoa viisumin my\u00f6nt\u00e4mismenettelyst\u00e4 kohdemaahan.<\/li>\n<li> Tietoa kouluista<\/li>\n<li> Tietoa asumisesta<\/li>\n<li> Lemmikkiel\u00e4inten siirtoa koskevat tiedot<\/li>\n<li> V\u00e4liaikaisen oleskelun toteaminen<\/li>\n<li> J\u00e4rjestet\u00e4\u00e4n paikallisia kielikursseja<\/li>\n<li> Ehdotuksia viihdykkeeksi ja alueeseen tutustumiseksi, kuten museo- ja n\u00e4ht\u00e4vyysvierailut, kulttuuritapahtumat, retket jne.<\/li>\n<li>Muuttoapua (s\u00e4hk\u00f6asentaja, putkimies, siivouspalvelut jne.)<\/li>\n<\/ul>\n<p><strong>Yrityksen uudelleensijoittaminen<\/strong><\/p>\n<ul>\n<li>Tarkastus ja suunnittelu<\/li>\n<li>Pakkaus<\/li>\n<li>Varastointi<\/li>\n<li>Tullaus tarvittaessa<\/li>\n<li>Vakuutus<\/li>\n<li>Toimitus ja purkaminen m\u00e4\u00e4r\u00e4np\u00e4\u00e4ss\u00e4<\/li>\n<\/ul>\n<p><strong>Erikoisliikkeet<\/strong><\/p>\n<ul>\n<li>Sotatarvikkeet ja -ajoneuvot<\/li>\n<li>Raskaat koneet<\/li>\n<li>Ylisuuri ja ylim\u00e4\u00e4r\u00e4inen lasti<\/li>\n<li>Taideteokset r\u00e4\u00e4t\u00e4l\u00f6idyiss\u00e4 laatikoissa<\/li>\n<li>Oppilaitokset<\/li>\n<li>Kylpyl\u00e4t ja kuntosalit<\/li>\n<\/ul>\n<p><strong>N\u00e4yttelyt<\/strong><\/p>\n<ul>\n<li>N\u00e4yttelymateriaalipakkaukset<\/li>\n<li>Vienti\u00e4 koskevien asiakirjojen valmistelu<\/li>\n<li>Sopivimman l\u00e4hetystavan m\u00e4\u00e4ritt\u00e4minen<\/li>\n<li>Toimitus<\/li>\n<li>N\u00e4yttelymateriaalin asentaminen<\/li>\n<li>Materiaalin uudelleenpakkaaminen ja l\u00e4hett\u00e4minen alkuper\u00e4paikkaan.<\/li>\n<\/ul>\n<p><strong>Varastointi<\/strong><\/p>\n<ul>\n<li>Pitk\u00e4ll\u00e4 ja lyhyell\u00e4 aikav\u00e4lill\u00e4<\/li>\n<li>24\/7 valvonta<\/li>\n<li>Ilmastointi saatavilla<\/li>\n<\/ul>\n<h2>Teletrans Yrityksen profiili<\/h2>\n<p>Ria Stergiopoulou perusti Teletrans-yhti\u00f6n Attikassa, Kreikassa vuonna 1979, ja sen alkuper\u00e4isen\u00e4 tavoitteena oli ihmisten ja tavaroiden kuljettaminen Kreikassa. Nyky\u00e4\u00e4n yritys on yksi Kreikan johtavista toimijoista ihmisten, yritysten ja taiteen siirt\u00e4misess\u00e4 ymp\u00e4ri maailmaa.<\/p>\n<p>Teletransilla on oma ajoneuvokalusto, jota yrityksen ty\u00f6ntekij\u00e4t ajavat. Sill\u00e4 on my\u00f6s Atticassa sijaitseva huipputekninen varastointilaitos, joka on varustettu varastoimaan herkimm\u00e4tkin rahdit ennen ja j\u00e4lkeen l\u00e4hetyksen. Teletransilla on tarkoin valittu agenttiverkosto, joka avustaa Teletransia Kreikan sis\u00e4isiss\u00e4 ja ulkoisissa kuljetuksissa.<\/p>\n<p>Teletrans haluaa pienent\u00e4\u00e4 hiilijalanj\u00e4lke\u00e4\u00e4n ja valitsee tietoisesti kierr\u00e4tettyj\u00e4 pakkausmateriaaleja. Se k\u00e4ytt\u00e4\u00e4 my\u00f6s aurinkoenergiaa mahdollisuuksien mukaan. Yritys on nyt avannut toimiston Brysseliin, jossa sovelletaan my\u00f6s ymp\u00e4rist\u00f6yst\u00e4v\u00e4llisi\u00e4 k\u00e4yt\u00e4nt\u00f6j\u00e4.<\/p>\n<p>Teletransilla on seuraavat akkreditoinnit ja sidonnaisuudet:<\/p>\n<ul>\n<li>EN ISO 9001:2008<\/li>\n<li><a href=\"https:\/\/moverdb.com\/fi\/olen\/\" target=\"_blank\" rel=\"noopener\">Kansainv\u00e4linen muuttajien liitto<\/a> (<a href=\"https:\/\/moverdb.com\/fi\/iam\/\" data-internallinksmanager029f6b8e52c=\"23\" title=\"Kansainv\u00e4linen muuttajien liitto (IAM) selitetty\">IAM<\/a>)<\/li>\n<li><a href=\"https:\/\/moverdb.com\/fi\/fedemac\/\" target=\"_blank\" rel=\"noopener\">Federation of European Movers Association<\/a> (<a href=\"https:\/\/moverdb.com\/fi\/fedemac\/\" data-internallinksmanager029f6b8e52c=\"15\" title=\"Federation of European Movers Association (FEDEMAC) selitetty\">FEDEMAC<\/a>)<\/li>\n<li>Kreikan huolinta- ja logistiikkayritysten yhdistys (SYNDDEL).<\/li>\n<\/ul>\n<h2>Teletrans Arvostelut<\/h2>\n<p>T\u00e4t\u00e4 kirjoittaessamme emme l\u00f6yt\u00e4neet yht\u00e4\u00e4n positiivista tai negatiivista arviota yritykselle Teletrans verkossa englanniksi. <\/p>\n<div itemprop=\"review\" itemscope itemtype=\"http:\/\/schema.org\/Review\">\n<span itemprop=\"author\" itemscope=\"\" itemtype=\"http:\/\/schema.org\/Organization\"><span itemprop=\"name\">MoverDB.com<\/span><\/span> Verkkosivuston arvostelu <span itemprop=\"itemreviewed\" itemscope=\"\" itemtype=\"http:\/\/schema.org\/Brand\"><span itemprop=\"name\">Teletrans<\/span><\/span>:<\/p>\n<ol>\n<li> Selke\u00e4t yhteystiedot verkkosivustolla (my\u00f6s puhelinnumero): <strong>Kyll\u00e4<\/strong><\/li>\n<li> Helppo saada <a href=\"https:\/\/moverdb.com\/fi\/lainauksia\/\">kansainv\u00e4liset muutto tarjoukset<\/a>? (Online-arviolomake): <strong>Kyll\u00e4<\/strong><\/li>\n<li> Selke\u00e4t tiedot verkkosivustolla: <strong>Kyll\u00e4,<\/strong> Sivusto on selke\u00e4 ja kohtuullisen informatiivinen.<\/li>\n<li> J\u00e4senyys kansainv\u00e4lisiss\u00e4 tunnustetuissa liikkuvuutta harjoittavissa j\u00e4rjest\u00f6iss\u00e4: <strong>Kyll\u00e4<\/strong>, (ks. edell\u00e4)<\/li>\n<li> Luettelo asiakkaista ja\/tai aiempien asiakkaiden suosittelut. <strong>Ei,<\/strong>, on luettelo asiakkaista, mutta ei asiakkaiden suositteluja tai arvosteluja.<\/li>\n<\/ol>\n<div itemprop=\"reviewRating\" itemscope itemtype=\"http:\/\/schema.org\/Rating\"><meta itemprop=\"worstRating\" content = \"0\" \/><meta itemprop=\"bestRating\" content=\"5\" \/><meta itemprop=\"ratingValue\" content=\"4.5\"><\/div>\n<p><strong>Yleisarvosana: 4.5\/5<\/strong><br \/>\n<strong>Tarkistusp\u00e4iv\u00e4:<\/strong> <span itemprop=\"datePublished\" content=\"2017-07-10\">10\/07\/2017<\/span>\n<\/div>\n<p>Lue lis\u00e4\u00e4 <a href=\"https:\/\/moverdb.com\/fi\/muuttoyritykset\/\">kansainv\u00e4liset muuttofirmat<\/a> ja meid\u00e4n <a href=\"https:\/\/moverdb.com\/fi\/arvostelut\/\">tarkistusprosessin selitys<\/a>.<\/p>\n<p><strong>Verkkosivusto:<\/strong> <a href=\"http:\/\/www.teletranseu.com\/\" target=\"_blank\" rel=\"noopener\">http:\/\/www.teletranseu.com\/<\/a><\/p>","protected":false},"excerpt":{"rendered":"<p>Teletrans is located in Attica Greece. It is a moving and relocation company that offers its clients a wide range of services. These are listed below, together with a company profile and reviews. International Moves Dedicated move manager Full service packing, partial packing or DIY packing Short and long term storage available Disassembly and reassembly [&hellip;]<\/p>\n","protected":false},"author":1,"featured_media":0,"parent":0,"menu_order":0,"comment_status":"closed","ping_status":"closed","template":"","meta":{"_genesis_hide_title":false,"_genesis_hide_breadcrumbs":false,"_genesis_hide_singular_image":false,"_genesis_hide_footer_widgets":false,"_genesis_custom_body_class":"","_genesis_custom_post_class":"","_genesis_layout":"","footnotes":""},"class_list":{"0":"post-1536","1":"page","2":"type-page","3":"status-publish","5":"entry"},"_links":{"self":[{"href":"https:\/\/moverdb.com\/fi\/wp-json\/wp\/v2\/pages\/1536","targetHints":{"allow":["GET"]}}],"collection":[{"href":"https:\/\/moverdb.com\/fi\/wp-json\/wp\/v2\/pages"}],"about":[{"href":"https:\/\/moverdb.com\/fi\/wp-json\/wp\/v2\/types\/page"}],"author":[{"embeddable":true,"href":"https:\/\/moverdb.com\/fi\/wp-json\/wp\/v2\/users\/1"}],"replies":[{"embeddable":true,"href":"https:\/\/moverdb.com\/fi\/wp-json\/wp\/v2\/comments?post=1536"}],"version-history":[{"count":4,"href":"https:\/\/moverdb.com\/fi\/wp-json\/wp\/v2\/pages\/1536\/revisions"}],"predecessor-version":[{"id":6244,"href":"https:\/\/moverdb.com\/fi\/wp-json\/wp\/v2\/pages\/1536\/revisions\/6244"}],"wp:attachment":[{"href":"https:\/\/moverdb.com\/fi\/wp-json\/wp\/v2\/media?parent=1536"}],"curies":[{"name":"wp","href":"https:\/\/api.w.org\/{rel}","templated":true}]}}