{"id":14398,"date":"2023-11-08T15:56:48","date_gmt":"2023-11-08T15:56:48","guid":{"rendered":"https:\/\/moverdb.com\/freight-forwarder\/freight-forwarding-uk\/dudley-freight-forwarder\/"},"modified":"2026-01-08T14:51:28","modified_gmt":"2026-01-08T14:51:28","slug":"dudley-freight-forwarder","status":"publish","type":"page","link":"https:\/\/moverdb.com\/fi\/freight-forwarder\/freight-forwarding-uk\/dudley-freight-forwarder\/","title":{"rendered":"1 Paras Dudley huolintaliikkeet (2024)"},"content":{"rendered":"<p>Seuraavassa tarkastellaan 1 <em>\"paras\"<\/em> Rahtipalvelu yritykset Dudley ulos 1.<\/p>\n<p>Jos haluat lis\u00e4tietoja siit\u00e4, miten valitsimme parhaat, tutustu lopussa olevaan FAQ-osioon.<\/p>\n<p><em>Huomaa, ett\u00e4 seuraavat luettelot eiv\u00e4t ole tietyss\u00e4 j\u00e4rjestyksess\u00e4, emmek\u00e4 suosittele mit\u00e4\u00e4n tietty\u00e4 yrityst\u00e4.<\/em><\/p>\n<h2>Container Products Ltd Vientipakkaus West Midlands<\/h2>\n<p><img decoding=\"async\" src=\"https:\/\/moverdb.com\/wp-content\/uploads\/AF1QipOJOfAOFEK0_asMIcC5pZcKFHk3Oawm20Tb5VL8w408-h306-k-no.jpg\" alt='Container Products Ltd Vientipakkaus West Midlands' class=\"aligncenter\"><\/p>\n<p><strong>Kuvaus yrityksest\u00e4: <\/strong>T\u00e4\u00e4ll\u00e4 Container Products Ltd:ss\u00e4 olemme erikoistunut pakkausyritys, joka tarjoaa meri- ja lentorahtia, vientipakkauksia, puupakkauslaatikoita ja konttien lastausta Dudleyn ja ymp\u00e4r\u00f6ivien West Midlandsin alueiden asukkaille.<\/p>\n<p> Meill\u00e4 on todellinen intohimo siihen, mit\u00e4 teemme, ja mielest\u00e4mme t\u00e4m\u00e4 n\u00e4kyy kaikissa pakkaus- ja konttipalveluissa, joita meill\u00e4 on tarjota koko West Midlandsissa.<\/p>\n<p> Siksi meid\u00e4n pit\u00e4isi mielest\u00e4mme olla ensimm\u00e4inen ja ainoa... <a href=\"https:\/\/moverdb.com\/fi\/top-49-container-ports\/\" data-internallinksmanager029f6b8e52c=\"80\" title=\"Top 49 suurinta ja vilkkainta konttisatamaa vuonna 2025\">satama<\/a> kun on kyse vientipakkauksista, meri- ja lentorahdista, puupakkauslaatikoista ja konttien lastauksesta Dudleyn ja ymp\u00e4r\u00f6ivien West Midlandsin alueiden asukkaille.<\/p>\n<p> Jos haluat lis\u00e4tietoja kontti- ja pakkauspalvelustamme, ota yhteytt\u00e4 tiimiimme jo t\u00e4n\u00e4\u00e4n.<\/p>\n<p><strong>Lis\u00e4palvelut:<\/strong><\/p>\n<p>Konttipalvelu<\/p>\n<p>Pakkausyritys<\/p>\n<p>Varasto<\/p>\n<p><strong>Osoite:<\/strong> Castle Mill Works, <a href=\"\" data-internallinksmanager029f6b8e52c=\"34\" title=\"Birmingham\">Birmingham<\/a> New Rd, Dudley DY1 4DA<\/p>\n<p><a href=\"https:\/\/www.containerproducts.co.uk\/\" target=\"_new\" rel=\"noopener\">Container Products Ltd Export Packing West Midlands verkkosivusto<\/a><\/p>\n<p><strong>Arvostelupisteet: <\/strong>4.7<br \/> <strong>Arvostelujen m\u00e4\u00e4r\u00e4:<\/strong> 3<br \/><a href=\"https:\/\/www.google.co.uk\/maps?cid=6089925351874330014&#038;hl=en&#038;gl=GB\" target=\"_new\" rel=\"noopener\">Lue arvosteluja<\/a><\/p>\n<h2>Miten valitsimme parhaat Dudleyn huolintayritykset?<\/h2>\n<p>Aloitimme Google Mapsin kautta l\u00f6yt\u00e4m\u00e4mme 1 Dudleyn huolintayrityksen tietokannasta ja rajasimme sen 1 parhaaseen.<\/p>\n<p>T\u00e4t\u00e4 varten poistimme kaikki yritykset, jotka:<\/p>\n<ul>\n<li> Ei ollut verkkosivustoa<\/li>\n<li> Ei ollut arvosteluja<\/li>\n<li> Arvostelujen keskiarvo oli alle 2,0<\/li>\n<\/ul>\n<p>T\u00e4ss\u00e4 vaiheessa, jos meill\u00e4 oli 17 tai v\u00e4hemm\u00e4n huolitsijoita, luetteloimme ne kaikki.<\/p>\n<p>Niihin kaupunkeihin, joissa oli yli 17 huolitsijaa, tehtiin lis\u00e4tarkistuksia joko nostamalla vaadittua arvostelupistem\u00e4\u00e4r\u00e4\u00e4 (esim. nostamalla arvostelujen v\u00e4himm\u00e4ism\u00e4\u00e4r\u00e4 2,0:sta 4,0:aan) ja\/tai nostamalla vaadittujen arvostelujen v\u00e4himm\u00e4ism\u00e4\u00e4r\u00e4\u00e4 (esim. nostamalla arvostelujen v\u00e4himm\u00e4ism\u00e4\u00e4r\u00e4 yhdest\u00e4 arvostelusta v\u00e4hint\u00e4\u00e4n kymmeneen).<\/p>\n<p>Huomaa, ett\u00e4 k\u00e4ytimme vain Google Mapsin tarkistustietoja, emme mink\u00e4\u00e4n muun kolmannen osapuolen verkkosivustoja.<\/p>\n<p>Lis\u00e4\u00e4 kaupunkeja:<\/p>\n<p><a href=\"https:\/\/moverdb.com\/fi\/huolitsija\/freight-forwarding-uk\/andover-freight-forwarder\/\">Andoverin huolitsija<\/a><br \/><a href=\"https:\/\/moverdb.com\/fi\/huolitsija\/freight-forwarding-uk\/port-of-tilbury-freight-forwarder\/\">Tilburyn sataman huolitsija<\/a><br \/><a href=\"https:\/\/moverdb.com\/fi\/huolitsija\/freight-forwarding-uk\/hereford-freight-forwarder\/\">Herefordin huolitsija<\/a><br \/><a href=\"https:\/\/moverdb.com\/fi\/huolitsija\/freight-forwarding-uk\/durham-freight-forwarder\/\">Durham huolitsija<\/a><br \/><a href=\"https:\/\/moverdb.com\/fi\/huolitsija\/freight-forwarding-uk\/thatcham-freight-forwarder\/\">Thatchamin huolitsija<\/a><\/p>","protected":false},"excerpt":{"rendered":"<p>Below we look at the 1 &#8220;best&#8221; Freight Forwarding companies in Dudley out of 1. To learn more about how we chose the best please consult our FAQ section at the end. Please not the following listings are in no particular order and we are not making any recommendations for any particular company. Container Products [&hellip;]<\/p>\n","protected":false},"author":1,"featured_media":0,"parent":13427,"menu_order":0,"comment_status":"open","ping_status":"open","template":"","meta":{"_genesis_hide_title":false,"_genesis_hide_breadcrumbs":false,"_genesis_hide_singular_image":false,"_genesis_hide_footer_widgets":false,"_genesis_custom_body_class":"","_genesis_custom_post_class":"","_genesis_layout":"","footnotes":""},"class_list":{"0":"post-14398","1":"page","2":"type-page","3":"status-publish","5":"entry"},"_links":{"self":[{"href":"https:\/\/moverdb.com\/fi\/wp-json\/wp\/v2\/pages\/14398","targetHints":{"allow":["GET"]}}],"collection":[{"href":"https:\/\/moverdb.com\/fi\/wp-json\/wp\/v2\/pages"}],"about":[{"href":"https:\/\/moverdb.com\/fi\/wp-json\/wp\/v2\/types\/page"}],"author":[{"embeddable":true,"href":"https:\/\/moverdb.com\/fi\/wp-json\/wp\/v2\/users\/1"}],"replies":[{"embeddable":true,"href":"https:\/\/moverdb.com\/fi\/wp-json\/wp\/v2\/comments?post=14398"}],"version-history":[{"count":1,"href":"https:\/\/moverdb.com\/fi\/wp-json\/wp\/v2\/pages\/14398\/revisions"}],"predecessor-version":[{"id":15572,"href":"https:\/\/moverdb.com\/fi\/wp-json\/wp\/v2\/pages\/14398\/revisions\/15572"}],"up":[{"embeddable":true,"href":"https:\/\/moverdb.com\/fi\/wp-json\/wp\/v2\/pages\/13427"}],"wp:attachment":[{"href":"https:\/\/moverdb.com\/fi\/wp-json\/wp\/v2\/media?parent=14398"}],"curies":[{"name":"wp","href":"https:\/\/api.w.org\/{rel}","templated":true}]}}