{"id":14356,"date":"2023-11-08T15:56:30","date_gmt":"2023-11-08T15:56:30","guid":{"rendered":"https:\/\/moverdb.com\/freight-forwarder\/freight-forwarding-uk\/burgess-hill-freight-forwarder\/"},"modified":"2026-01-08T14:51:02","modified_gmt":"2026-01-08T14:51:02","slug":"burgess-hill-freight-forwarder","status":"publish","type":"page","link":"https:\/\/moverdb.com\/fi\/freight-forwarder\/freight-forwarding-uk\/burgess-hill-freight-forwarder\/","title":{"rendered":"1 Paras Burgess Hillin rahdinkuljetusyritykset (2024)"},"content":{"rendered":"<p>Seuraavassa tarkastellaan 1 <em>\"paras\"<\/em> Rahtipalvelu yritykset Burgess Hill ulos 2.<\/p>\n<p>Jos haluat lis\u00e4tietoja siit\u00e4, miten valitsimme parhaat, tutustu lopussa olevaan FAQ-osioon.<\/p>\n<p><em>Huomaa, ett\u00e4 seuraavat luettelot eiv\u00e4t ole tietyss\u00e4 j\u00e4rjestyksess\u00e4, emmek\u00e4 suosittele mit\u00e4\u00e4n tietty\u00e4 yrityst\u00e4.<\/em><\/p>\n<h2>ILG International Logistics Group Burgess Hill<\/h2>\n<p><img decoding=\"async\" src=\"https:\/\/moverdb.com\/wp-content\/uploads\/AF1QipPchpDQt__hmTYelUJUfnE0UTwPFqiKsBGgc7ckw426-h240-k-no.jpg\" alt='ILG International Logistics Group Burgess Hill' class=\"aligncenter\"><\/p>\n<p><strong>Kuvaus yrityksest\u00e4: <\/strong>ILG on markkinoiden johtava 3PL-yritys, joka on erikoistunut korkealaatuisiin tilaus- ja toimituspalveluihin.<\/p>\n<p> Olemme erikoistuneet auttamaan nopeasti kasvavia premium-br\u00e4nde, joista monet ovat kauneuden, muodin ja hyvinvoinnin aloilta.<\/p>\n<p><strong>Lis\u00e4palvelut:<\/strong><\/p>\n<p>Kuriiripalvelu<\/p>\n<p>Jakelupalvelu<\/p>\n<p><strong>Osoite:<\/strong> Logistics House, Charles Ave, Burgess Hill RH15 9TQ<\/p>\n<p><a href=\"https:\/\/www.ilguk.com\/?utm_source=local&#038;utm_medium=organic&#038;utm_campaign=GMB&#038;utm_term=Burgess%20Hill\" target=\"_new\" rel=\"noopener\">ILG International Logistics Group Burgess Hillin verkkosivusto<\/a><\/p>\n<p><strong>Arvostelupisteet: <\/strong>3.9<br \/> <strong>Arvostelujen m\u00e4\u00e4r\u00e4:<\/strong> 7<br \/><a href=\"https:\/\/www.google.co.uk\/maps?cid=18289672438486469647&#038;hl=en&#038;gl=GB\" target=\"_new\" rel=\"noopener\">Lue arvosteluja<\/a><\/p>\n<h2>Miten valitsimme parhaat Burgess Hillin huolintayritykset?<\/h2>\n<p>Aloitimme Google Mapsin kautta l\u00f6yt\u00e4miemme 2 Burgess Hillin huolintayrityksen tietokannasta ja rajasimme ne yhteen parhaaseen.<\/p>\n<p>T\u00e4t\u00e4 varten poistimme kaikki yritykset, jotka:<\/p>\n<ul>\n<li> Ei ollut verkkosivustoa<\/li>\n<li> Ei ollut arvosteluja<\/li>\n<li> Arvostelujen keskiarvo oli alle 2,0<\/li>\n<\/ul>\n<p>T\u00e4ss\u00e4 vaiheessa, jos meill\u00e4 oli 17 tai v\u00e4hemm\u00e4n huolitsijoita, luetteloimme ne kaikki.<\/p>\n<p>Niihin kaupunkeihin, joissa oli yli 17 huolitsijaa, tehtiin lis\u00e4tarkistuksia joko nostamalla vaadittua arvostelupistem\u00e4\u00e4r\u00e4\u00e4 (esim. nostamalla arvostelujen v\u00e4himm\u00e4ism\u00e4\u00e4r\u00e4 2,0:sta 4,0:aan) ja\/tai nostamalla vaadittujen arvostelujen v\u00e4himm\u00e4ism\u00e4\u00e4r\u00e4\u00e4 (esim. nostamalla arvostelujen v\u00e4himm\u00e4ism\u00e4\u00e4r\u00e4 yhdest\u00e4 arvostelusta v\u00e4hint\u00e4\u00e4n kymmeneen).<\/p>\n<p>Huomaa, ett\u00e4 k\u00e4ytimme vain Google Mapsin tarkistustietoja, emme mink\u00e4\u00e4n muun kolmannen osapuolen verkkosivustoja.<\/p>\n<p>Lis\u00e4\u00e4 kaupunkeja:<\/p>\n<p><a href=\"https:\/\/moverdb.com\/fi\/huolitsija\/freight-forwarding-uk\/dewsbury-freight-forwarder\/\">Dewsbury huolitsija<\/a><br \/><a href=\"https:\/\/moverdb.com\/fi\/huolitsija\/freight-forwarding-uk\/amersham-freight-forwarder\/\">Amersham huolitsija<\/a><br \/><a href=\"https:\/\/moverdb.com\/fi\/huolitsija\/freight-forwarding-uk\/diss-freight-forwarder\/\">Diss huolitsija<\/a><br \/><a href=\"https:\/\/moverdb.com\/fi\/huolitsija\/freight-forwarding-uk\/south-croydon-freight-forwarder\/\">South Croydon huolitsija<\/a><br \/><a href=\"https:\/\/moverdb.com\/fi\/huolitsija\/freight-forwarding-uk\/oakham-freight-forwarder\/\">Oakham huolitsija<\/a><\/p>","protected":false},"excerpt":{"rendered":"<p>Below we look at the 1 &#8220;best&#8221; Freight Forwarding companies in Burgess Hill out of 2. To learn more about how we chose the best please consult our FAQ section at the end. Please not the following listings are in no particular order and we are not making any recommendations for any particular company. ILG [&hellip;]<\/p>\n","protected":false},"author":1,"featured_media":0,"parent":13427,"menu_order":0,"comment_status":"open","ping_status":"open","template":"","meta":{"_genesis_hide_title":false,"_genesis_hide_breadcrumbs":false,"_genesis_hide_singular_image":false,"_genesis_hide_footer_widgets":false,"_genesis_custom_body_class":"","_genesis_custom_post_class":"","_genesis_layout":"","footnotes":""},"class_list":{"0":"post-14356","1":"page","2":"type-page","3":"status-publish","5":"entry"},"_links":{"self":[{"href":"https:\/\/moverdb.com\/fi\/wp-json\/wp\/v2\/pages\/14356","targetHints":{"allow":["GET"]}}],"collection":[{"href":"https:\/\/moverdb.com\/fi\/wp-json\/wp\/v2\/pages"}],"about":[{"href":"https:\/\/moverdb.com\/fi\/wp-json\/wp\/v2\/types\/page"}],"author":[{"embeddable":true,"href":"https:\/\/moverdb.com\/fi\/wp-json\/wp\/v2\/users\/1"}],"replies":[{"embeddable":true,"href":"https:\/\/moverdb.com\/fi\/wp-json\/wp\/v2\/comments?post=14356"}],"version-history":[{"count":1,"href":"https:\/\/moverdb.com\/fi\/wp-json\/wp\/v2\/pages\/14356\/revisions"}],"predecessor-version":[{"id":15546,"href":"https:\/\/moverdb.com\/fi\/wp-json\/wp\/v2\/pages\/14356\/revisions\/15546"}],"up":[{"embeddable":true,"href":"https:\/\/moverdb.com\/fi\/wp-json\/wp\/v2\/pages\/13427"}],"wp:attachment":[{"href":"https:\/\/moverdb.com\/fi\/wp-json\/wp\/v2\/media?parent=14356"}],"curies":[{"name":"wp","href":"https:\/\/api.w.org\/{rel}","templated":true}]}}