{"id":14290,"date":"2023-11-08T15:55:55","date_gmt":"2023-11-08T15:55:55","guid":{"rendered":"https:\/\/moverdb.com\/freight-forwarder\/freight-forwarding-uk\/coulsdon-freight-forwarder\/"},"modified":"2026-01-08T14:51:17","modified_gmt":"2026-01-08T14:51:17","slug":"coulsdon-freight-forwarder","status":"publish","type":"page","link":"https:\/\/moverdb.com\/fi\/freight-forwarder\/freight-forwarding-uk\/coulsdon-freight-forwarder\/","title":{"rendered":"1 Paras Coulsdon Rahtikuljetusyritykset (2024)"},"content":{"rendered":"<p>Seuraavassa tarkastellaan 1 <em>\"paras\"<\/em> Rahtikuljetusyritykset Coulsdon ulos 1.<\/p>\n<p>Jos haluat lis\u00e4tietoja siit\u00e4, miten valitsimme parhaat, tutustu lopussa olevaan FAQ-osioon.<\/p>\n<p><em>Huomaa, ett\u00e4 seuraavat luettelot eiv\u00e4t ole tietyss\u00e4 j\u00e4rjestyksess\u00e4, emmek\u00e4 suosittele mit\u00e4\u00e4n tietty\u00e4 yrityst\u00e4.<\/em><\/p>\n<h2>JPN SHIPPING LTD<\/h2>\n<p><img decoding=\"async\" src=\"https:\/\/moverdb.com\/wp-content\/uploads\/AF1QipMoldjk_rL_iC91pZ1xMB1PvFB8c02voII51_ezw408-h544-k-no.jpg\" alt='JPN SHIPPING LTD' class=\"aligncenter\"><\/p>\n<p><strong>Kuvaus yrityksest\u00e4: <\/strong>V\u00e4litt\u00f6m\u00e4t Express Documents -palvelut saatavilla valtakunnallisesti, samana p\u00e4iv\u00e4n\u00e4 nouto ja nopein Airlines Connect kohteeseen parhaaseen hintaan.<\/p>\n<p><a href=\"https:\/\/moverdb.com\/fi\/moving-to-india\/\" data-internallinksmanager029f6b8e52c=\"356\" title=\"Muutatko Intiaan? 2023 Elinkustannukset ja muuttovinkit\">Intia<\/a> Service Air &amp; Sea Door to <a href=\"https:\/\/moverdb.com\/fi\/top-49-container-ports\/\" data-internallinksmanager029f6b8e52c=\"80\" title=\"Top 49 suurinta ja vilkkainta konttisatamaa vuonna 2025\">Satama<\/a> ja Ovelta ovelle.<\/p>\n<p>Autamme Intiasta tapahtuvassa tuonnissa <a href=\"https:\/\/moverdb.com\/fi\/moving-to-the-uk\/\" data-internallinksmanager029f6b8e52c=\"93\" title=\"Muutatko Yhdistyneeseen kuningaskuntaan? 2022 Elinkustannukset ja muuttovinkit\">UK<\/a>, lent\u00e4en ja meritse.<\/p>\n<p>(osal\u00e4hetykset ja t\u00e4ydet konttikuormat)<\/p>\n<p>Tulliselvitys kaikissa satamissa (ilma- \/ meri- \/ EU-tuonti maanteitse) voimme my\u00f6s auttaa v\u00e4litt\u00f6m\u00e4ss\u00e4 poistamisessa tullivarastosta, kun tulli on tullattu, ja v\u00e4ltt\u00e4\u00e4 korkeat varastointimaksut tullivarastossa.<\/p>\n<p>Erikoishinnat saatavilla tuontikonttien toimituksiin kaikista satamista.<\/p>\n<p> T\u00e4m\u00e4 palvelu on tarjolla 24\/7.<\/p>\n<p>House Moving Service Inland, EU ja maailmanlaajuisesti, erityispalvelut saatavilla EU, <a href=\"https:\/\/moverdb.com\/fi\/moving-to-canada\/\" data-internallinksmanager029f6b8e52c=\"265\" title=\"Muutto Kanadaan? 2023 Elinkustannukset ja muuttovinkit\">Kanada<\/a> ja <a href=\"https:\/\/moverdb.com\/fi\/moving-to-australia\/living-in-australia\/\" data-internallinksmanager029f6b8e52c=\"240\" title=\"21 salaisuuksia asumisesta Australiassa tiet\u00e4\u00e4 ennen muuttoa\">Australia<\/a> End to End -periaatteella.<\/p>\n<p><strong>Lis\u00e4palvelut:<\/strong><\/p>\n<p>Ei ole lueteltu<\/p>\n<p><strong>Osoite:<\/strong> UNIT A2C, Redlands, Coulsdon CR5 2HT.<\/p>\n<p><a href=\"http:\/\/www.jpnshippingltd.co.uk\/\" target=\"_new\" rel=\"noopener\">JPN SHIPPING LTD:n verkkosivusto<\/a><\/p>\n<p><strong>Arvostelupisteet: <\/strong>2.3<br \/> <strong>Arvostelujen m\u00e4\u00e4r\u00e4:<\/strong> 29<br \/><a href=\"https:\/\/www.google.co.uk\/maps?cid=5163057026181300812&#038;hl=en&#038;gl=GB\" target=\"_new\" rel=\"noopener\">Lue arvosteluja<\/a><\/p>\n<h2>Miten valitsimme parhaat Coulsdonin huolintayritykset?<\/h2>\n<p>Aloitimme Google Mapsin kautta l\u00f6yt\u00e4m\u00e4mme 1 Coulsdonin rahdinkuljetusyrityksen tietokannasta ja rajasimme sen 1 parhaaseen.<\/p>\n<p>T\u00e4t\u00e4 varten poistimme kaikki yritykset, jotka:<\/p>\n<ul>\n<li> Ei ollut verkkosivustoa<\/li>\n<li> Ei ollut arvosteluja<\/li>\n<li> Arvostelujen keskiarvo oli alle 2,0<\/li>\n<\/ul>\n<p>T\u00e4ss\u00e4 vaiheessa, jos meill\u00e4 oli 17 tai v\u00e4hemm\u00e4n huolitsijoita, luetteloimme ne kaikki.<\/p>\n<p>Niihin kaupunkeihin, joissa oli yli 17 huolitsijaa, tehtiin lis\u00e4tarkistuksia joko nostamalla vaadittua arvostelupistem\u00e4\u00e4r\u00e4\u00e4 (esim. nostamalla arvostelujen v\u00e4himm\u00e4ism\u00e4\u00e4r\u00e4 2,0:sta 4,0:aan) ja\/tai nostamalla vaadittujen arvostelujen v\u00e4himm\u00e4ism\u00e4\u00e4r\u00e4\u00e4 (esim. nostamalla arvostelujen v\u00e4himm\u00e4ism\u00e4\u00e4r\u00e4 yhdest\u00e4 arvostelusta v\u00e4hint\u00e4\u00e4n kymmeneen).<\/p>\n<p>Huomaa, ett\u00e4 k\u00e4ytimme vain Google Mapsin tarkistustietoja, emme mink\u00e4\u00e4n muun kolmannen osapuolen verkkosivustoja.<\/p>\n<p>Lis\u00e4\u00e4 kaupunkeja:<\/p>\n<p><a href=\"https:\/\/moverdb.com\/fi\/huolitsija\/freight-forwarding-uk\/telford-freight-forwarder\/\">Telfordin huolitsija<\/a><br \/><a href=\"https:\/\/moverdb.com\/fi\/huolitsija\/freight-forwarding-uk\/bilston-freight-forwarder\/\">Bilston huolitsija<\/a><br \/><a href=\"https:\/\/moverdb.com\/fi\/huolitsija\/freight-forwarding-uk\/thornton-cleveleys-freight-forwarder\/\">Thornton-Cleveleysin huolitsija<\/a><br \/><a href=\"https:\/\/moverdb.com\/fi\/huolitsija\/freight-forwarding-uk\/cradley-heath-freight-forwarder\/\">Cradley Heathin huolitsija<\/a><br \/><a href=\"https:\/\/moverdb.com\/fi\/huolitsija\/freight-forwarding-uk\/twickenham-freight-forwarder\/\">Twickenham huolitsija<\/a><\/p>","protected":false},"excerpt":{"rendered":"<p>Below we look at the 1 &#8220;best&#8221; Freight Forwarding companies in Coulsdon out of 1. To learn more about how we chose the best please consult our FAQ section at the end. Please not the following listings are in no particular order and we are not making any recommendations for any particular company. JPN SHIPPING [&hellip;]<\/p>\n","protected":false},"author":1,"featured_media":0,"parent":13427,"menu_order":0,"comment_status":"open","ping_status":"open","template":"","meta":{"_genesis_hide_title":false,"_genesis_hide_breadcrumbs":false,"_genesis_hide_singular_image":false,"_genesis_hide_footer_widgets":false,"_genesis_custom_body_class":"","_genesis_custom_post_class":"","_genesis_layout":"","footnotes":""},"class_list":{"0":"post-14290","1":"page","2":"type-page","3":"status-publish","5":"entry"},"_links":{"self":[{"href":"https:\/\/moverdb.com\/fi\/wp-json\/wp\/v2\/pages\/14290","targetHints":{"allow":["GET"]}}],"collection":[{"href":"https:\/\/moverdb.com\/fi\/wp-json\/wp\/v2\/pages"}],"about":[{"href":"https:\/\/moverdb.com\/fi\/wp-json\/wp\/v2\/types\/page"}],"author":[{"embeddable":true,"href":"https:\/\/moverdb.com\/fi\/wp-json\/wp\/v2\/users\/1"}],"replies":[{"embeddable":true,"href":"https:\/\/moverdb.com\/fi\/wp-json\/wp\/v2\/comments?post=14290"}],"version-history":[{"count":1,"href":"https:\/\/moverdb.com\/fi\/wp-json\/wp\/v2\/pages\/14290\/revisions"}],"predecessor-version":[{"id":15562,"href":"https:\/\/moverdb.com\/fi\/wp-json\/wp\/v2\/pages\/14290\/revisions\/15562"}],"up":[{"embeddable":true,"href":"https:\/\/moverdb.com\/fi\/wp-json\/wp\/v2\/pages\/13427"}],"wp:attachment":[{"href":"https:\/\/moverdb.com\/fi\/wp-json\/wp\/v2\/media?parent=14290"}],"curies":[{"name":"wp","href":"https:\/\/api.w.org\/{rel}","templated":true}]}}