{"id":14168,"date":"2023-11-08T15:55:01","date_gmt":"2023-11-08T15:55:01","guid":{"rendered":"https:\/\/moverdb.com\/freight-forwarder\/freight-forwarding-uk\/runcorn-freight-forwarder\/"},"modified":"2026-01-08T14:58:28","modified_gmt":"2026-01-08T14:58:28","slug":"runcorn-freight-forwarder","status":"publish","type":"page","link":"https:\/\/moverdb.com\/fi\/freight-forwarder\/freight-forwarding-uk\/runcorn-freight-forwarder\/","title":{"rendered":"2 Parhaat Runcornin huolintayritykset (2024)"},"content":{"rendered":"<p>Seuraavassa tarkastellaan 2 <em>\"paras\"<\/em> Rahtihuolitsijat Runcornissa ulos 2.<\/p>\n<p>Jos haluat lis\u00e4tietoja siit\u00e4, miten valitsimme parhaat, tutustu lopussa olevaan FAQ-osioon.<\/p>\n<p><em>Huomaa, ett\u00e4 seuraavat luettelot eiv\u00e4t ole tietyss\u00e4 j\u00e4rjestyksess\u00e4, emmek\u00e4 suosittele mit\u00e4\u00e4n tietty\u00e4 yrityst\u00e4.<\/em><\/p>\n<h2>Maltacourt Ltd<\/h2>\n<p><img decoding=\"async\" src=\"https:\/\/moverdb.com\/wp-content\/uploads\/AF1QipNwLw1ucsSegmiMM1IV0FoX_N7FfFwKNLnngOyQw491-h240-k-no.jpg\" alt='Maltacourt Ltd' class=\"aligncenter\"><\/p>\n<p><strong>Kuvaus yrityksest\u00e4: <\/strong>Maltacourt on <a href=\"https:\/\/moverdb.com\/fi\/container-shipping\/\" data-internallinksmanager029f6b8e52c=\"3\" title=\"Kansainv\u00e4lisen konttikuljetuksen hinnat: huhtikuu 2026\">kansainv\u00e4linen merenkulku<\/a> ja huolintaliike, joka on erikoistunut lentorahtikuljetuksiin, merirahtikuljetuksiin, vientituontikuljetuksiin ja maantiekuljetuksiin.<\/p>\n<p> Heid\u00e4n nykyisest\u00e4 <a href=\"https:\/\/moverdb.com\/fi\/moving-to-the-uk\/\" data-internallinksmanager029f6b8e52c=\"93\" title=\"Muutatko Yhdistyneeseen kuningaskuntaan? 2022 Elinkustannukset ja muuttovinkit\">UK<\/a> ja kansainv\u00e4lisiss\u00e4 toimipisteiss\u00e4, ne yhdist\u00e4v\u00e4t ainutlaatuisen l\u00e4hestymistavan ihmisiin, prosesseihin ja teknologiaan, jotta ne voivat tarjota vertaansa vailla olevan ymm\u00e4rryksen asiakkaidensa erilaisista liiketoiminnoista ja siten rakentaa pitk\u00e4aikaisia suhteita, jotka perustuvat luottamukseen, palvelun laatuun ja arvoon.<\/p>\n<p><strong>Lis\u00e4palvelut:<\/strong><\/p>\n<p>Tulliv\u00e4litt\u00e4j\u00e4<\/p>\n<p><strong>Osoite:<\/strong> The Heath Business &amp; Technical Park, Runcorn WA7 4QX<\/p>\n<p><a href=\"http:\/\/www.maltacourt.com\/\" target=\"_new\" rel=\"noopener\">Maltacourt Ltd:n verkkosivusto<\/a><\/p>\n<p><strong>Arvostelupisteet: <\/strong>4<br \/> <strong>Arvostelujen m\u00e4\u00e4r\u00e4:<\/strong> 4<br \/><a href=\"https:\/\/www.google.co.uk\/maps?cid=17055878549425519914&#038;hl=en&#038;gl=GB\" target=\"_new\" rel=\"noopener\">Lue arvosteluja<\/a><\/p>\n<h2>Newbreed Freight Ltd<\/h2>\n<p><img decoding=\"async\" src=\"https:\/\/moverdb.com\/wp-content\/uploads\/thumbnailpanoiddHCDYKZy-Yym38zoiJifjwcb_clientsearch.gws-prod.gpsw408h240yaw216.jpg\" alt='Newbreed Freight Ltd' class=\"aligncenter\"><\/p>\n<p><strong>Kuvaus yrityksest\u00e4: <\/strong>Ei toimitettu<\/p>\n<p><strong>Lis\u00e4palvelut:<\/strong><\/p>\n<p>Toimitusyhti\u00f6<\/p>\n<p><strong>Osoite:<\/strong> Monks Way, 10 Abbots Park, Preston Brook, Cheshire, Runcorn, WA7 3GH.<\/p>\n<p><a href=\"http:\/\/www.newbreed.co.uk\/\" target=\"_new\" rel=\"noopener\">Newbreed Freight Ltd:n verkkosivusto<\/a><\/p>\n<p><strong>Arvostelupisteet: <\/strong>5<br \/> <strong>Arvostelujen m\u00e4\u00e4r\u00e4:<\/strong> 1<br \/><a href=\"https:\/\/www.google.co.uk\/maps?cid=16772994532082885998&#038;hl=en&#038;gl=GB\" target=\"_new\" rel=\"noopener\">Lue arvosteluja<\/a><\/p>\n<h2>Miten valitsimme parhaat Runcornin huolintayritykset?<\/h2>\n<p>Aloitimme Google Mapsin kautta l\u00f6yt\u00e4m\u00e4mme 2 Runcornin rahdinkuljetusyrityksen tietokannasta ja rajasimme ne kahteen parhaaseen.<\/p>\n<p>T\u00e4t\u00e4 varten poistimme kaikki yritykset, jotka:<\/p>\n<ul>\n<li> Ei ollut verkkosivustoa<\/li>\n<li> Ei ollut arvosteluja<\/li>\n<li> Arvostelujen keskiarvo oli alle 2,0<\/li>\n<\/ul>\n<p>T\u00e4ss\u00e4 vaiheessa, jos meill\u00e4 oli 17 tai v\u00e4hemm\u00e4n huolitsijoita, luetteloimme ne kaikki.<\/p>\n<p>Niihin kaupunkeihin, joissa oli yli 17 huolitsijaa, tehtiin lis\u00e4tarkistuksia joko nostamalla vaadittua arvostelupistem\u00e4\u00e4r\u00e4\u00e4 (esim. nostamalla arvostelujen v\u00e4himm\u00e4ism\u00e4\u00e4r\u00e4 2,0:sta 4,0:aan) ja\/tai nostamalla vaadittujen arvostelujen v\u00e4himm\u00e4ism\u00e4\u00e4r\u00e4\u00e4 (esim. nostamalla arvostelujen v\u00e4himm\u00e4ism\u00e4\u00e4r\u00e4 yhdest\u00e4 arvostelusta v\u00e4hint\u00e4\u00e4n kymmeneen).<\/p>\n<p>Huomaa, ett\u00e4 k\u00e4ytimme vain Google Mapsin tarkistustietoja, emme mink\u00e4\u00e4n muun kolmannen osapuolen verkkosivustoja.<\/p>\n<p>Lis\u00e4\u00e4 kaupunkeja:<\/p>\n<p><a href=\"https:\/\/moverdb.com\/fi\/huolitsija\/freight-forwarding-uk\/manningtree-freight-forwarder\/\">Manningtree huolitsija<\/a><br \/><a href=\"https:\/\/moverdb.com\/fi\/huolitsija\/freight-forwarding-uk\/sale-freight-forwarder\/\">Myynti Huolitsija<\/a><br \/><a href=\"https:\/\/moverdb.com\/fi\/huolitsija\/freight-forwarding-uk\/salford-freight-forwarder\/\">Salfordin huolitsija<\/a><br \/><a href=\"https:\/\/moverdb.com\/fi\/huolitsija\/freight-forwarding-uk\/lichfield-freight-forwarder\/\">Lichfieldin huolitsija<\/a><br \/><a href=\"https:\/\/moverdb.com\/fi\/huolitsija\/freight-forwarding-uk\/castlederg-freight-forwarder\/\">Castledergin huolitsija<\/a><\/p>","protected":false},"excerpt":{"rendered":"<p>Below we look at the 2 &#8220;best&#8221; Freight Forwarding companies in Runcorn out of 2. To learn more about how we chose the best please consult our FAQ section at the end. Please not the following listings are in no particular order and we are not making any recommendations for any particular company. Maltacourt Ltd [&hellip;]<\/p>\n","protected":false},"author":1,"featured_media":0,"parent":13427,"menu_order":0,"comment_status":"open","ping_status":"open","template":"","meta":{"_genesis_hide_title":false,"_genesis_hide_breadcrumbs":false,"_genesis_hide_singular_image":false,"_genesis_hide_footer_widgets":false,"_genesis_custom_body_class":"","_genesis_custom_post_class":"","_genesis_layout":"","footnotes":""},"class_list":{"0":"post-14168","1":"page","2":"type-page","3":"status-publish","5":"entry"},"_links":{"self":[{"href":"https:\/\/moverdb.com\/fi\/wp-json\/wp\/v2\/pages\/14168","targetHints":{"allow":["GET"]}}],"collection":[{"href":"https:\/\/moverdb.com\/fi\/wp-json\/wp\/v2\/pages"}],"about":[{"href":"https:\/\/moverdb.com\/fi\/wp-json\/wp\/v2\/types\/page"}],"author":[{"embeddable":true,"href":"https:\/\/moverdb.com\/fi\/wp-json\/wp\/v2\/users\/1"}],"replies":[{"embeddable":true,"href":"https:\/\/moverdb.com\/fi\/wp-json\/wp\/v2\/comments?post=14168"}],"version-history":[{"count":1,"href":"https:\/\/moverdb.com\/fi\/wp-json\/wp\/v2\/pages\/14168\/revisions"}],"predecessor-version":[{"id":15742,"href":"https:\/\/moverdb.com\/fi\/wp-json\/wp\/v2\/pages\/14168\/revisions\/15742"}],"up":[{"embeddable":true,"href":"https:\/\/moverdb.com\/fi\/wp-json\/wp\/v2\/pages\/13427"}],"wp:attachment":[{"href":"https:\/\/moverdb.com\/fi\/wp-json\/wp\/v2\/media?parent=14168"}],"curies":[{"name":"wp","href":"https:\/\/api.w.org\/{rel}","templated":true}]}}