{"id":14142,"date":"2023-11-08T15:54:40","date_gmt":"2023-11-08T15:54:40","guid":{"rendered":"https:\/\/moverdb.com\/freight-forwarder\/freight-forwarding-uk\/ashby-de-la-zouch-freight-forwarder\/"},"modified":"2026-01-08T14:55:53","modified_gmt":"2026-01-08T14:55:53","slug":"ashby-de-la-zouch-freight-forwarder","status":"publish","type":"page","link":"https:\/\/moverdb.com\/fi\/freight-forwarder\/freight-forwarding-uk\/ashby-de-la-zouch-freight-forwarder\/","title":{"rendered":"2 parasta Ashby-de-la-Zouchin huolintayhti\u00f6t\u00e4 (2024)"},"content":{"rendered":"<p>Seuraavassa tarkastellaan 2 <em>\"paras\"<\/em> Rahtihuolitsijat Ashby-de-la-Zouchissa 2:sta.<\/p>\n<p>Jos haluat lis\u00e4tietoja siit\u00e4, miten valitsimme parhaat, tutustu lopussa olevaan FAQ-osioon.<\/p>\n<p><em>Huomaa, ett\u00e4 seuraavat luettelot eiv\u00e4t ole tietyss\u00e4 j\u00e4rjestyksess\u00e4, emmek\u00e4 suosittele mit\u00e4\u00e4n tietty\u00e4 yrityst\u00e4.<\/em><\/p>\n<h2>MIES International Ltd<\/h2>\n<p><img decoding=\"async\" src=\"https:\/\/moverdb.com\/wp-content\/uploads\/AF1QipMJj3X3g9d_gGN1LkvrWOpzP6iK4GXmCXNlITuBw408-h306-k-no.jpg\" alt='MIES International Ltd' class=\"aligncenter\"><\/p>\n<p><strong>Kuvaus yrityksest\u00e4: <\/strong>Ei toimitettu<\/p>\n<p><strong>Lis\u00e4palvelut:<\/strong><\/p>\n<p>Ei ole lueteltu<\/p>\n<p><strong>Osoite:<\/strong> Ivanhoe Business Park, Smisby Rd, Ashby-de-la-Zouch LE65 2UY<\/p>\n<p><a href=\"http:\/\/www.mies.co.uk\/\" target=\"_new\" rel=\"noopener\">MIES International Ltd:n verkkosivusto<\/a><\/p>\n<p><strong>Arvostelupisteet: <\/strong>5<br \/> <strong>Arvostelujen m\u00e4\u00e4r\u00e4:<\/strong> 8<br \/><a href=\"https:\/\/www.google.co.uk\/maps?cid=13495008515737770337&#038;hl=en&#038;gl=GB\" target=\"_new\" rel=\"noopener\">Lue arvosteluja<\/a><\/p>\n<h2>InXpress Nottingham<\/h2>\n<p><img decoding=\"async\" src=\"https:\/\/moverdb.com\/wp-content\/uploads\/AF1QipNO_EamvZxqfyYA1QTGvOkYw_6GyS9iLVxknuVYw480-h240-k-no.jpg\" alt='InXpress Nottingham' class=\"aligncenter\"><\/p>\n<p><strong>Kuvaus yrityksest\u00e4: <\/strong>Ei toimitettu<\/p>\n<p><strong>Lis\u00e4palvelut:<\/strong><\/p>\n<p>Ei ole lueteltu<\/p>\n<p><strong>Osoite:<\/strong> Melbourne Rd, Ashby-de-la-Zouch LE65 1RT<\/p>\n<p><a href=\"http:\/\/gb.inxpress.com\/\" target=\"_new\" rel=\"noopener\">InXpress Nottinghamin verkkosivusto<\/a><\/p>\n<p><strong>Arvostelupisteet: <\/strong>3.7<br \/> <strong>Arvostelujen m\u00e4\u00e4r\u00e4:<\/strong> 3<br \/><a href=\"https:\/\/www.google.co.uk\/maps?cid=7658919012847778326&#038;hl=en&#038;gl=GB\" target=\"_new\" rel=\"noopener\">Lue arvosteluja<\/a><\/p>\n<h2>Miten valitsimme parhaat Ashby-de-la-Zouchin huolintaliikkeet?<\/h2>\n<p>Aloitimme 2 Ashby-de-la-Zouchin rahdinkuljetusyrityksen Google Mapsin kautta l\u00f6yt\u00e4m\u00e4st\u00e4mme tietokannasta ja rajasimme sen kahteen parhaaseen.<\/p>\n<p>T\u00e4t\u00e4 varten poistimme kaikki yritykset, jotka:<\/p>\n<ul>\n<li> Ei ollut verkkosivustoa<\/li>\n<li> Ei ollut arvosteluja<\/li>\n<li> Arvostelujen keskiarvo oli alle 2,0<\/li>\n<\/ul>\n<p>T\u00e4ss\u00e4 vaiheessa, jos meill\u00e4 oli 17 tai v\u00e4hemm\u00e4n huolitsijoita, luetteloimme ne kaikki.<\/p>\n<p>Niihin kaupunkeihin, joissa oli yli 17 huolitsijaa, tehtiin lis\u00e4tarkistuksia joko nostamalla vaadittua arvostelupistem\u00e4\u00e4r\u00e4\u00e4 (esim. nostamalla arvostelujen v\u00e4himm\u00e4ism\u00e4\u00e4r\u00e4 2,0:sta 4,0:aan) ja\/tai nostamalla vaadittujen arvostelujen v\u00e4himm\u00e4ism\u00e4\u00e4r\u00e4\u00e4 (esim. nostamalla arvostelujen v\u00e4himm\u00e4ism\u00e4\u00e4r\u00e4 yhdest\u00e4 arvostelusta v\u00e4hint\u00e4\u00e4n kymmeneen).<\/p>\n<p>Huomaa, ett\u00e4 k\u00e4ytimme vain Google Mapsin tarkistustietoja, emme mink\u00e4\u00e4n muun kolmannen osapuolen verkkosivustoja.<\/p>\n<p>Lis\u00e4\u00e4 kaupunkeja:<\/p>\n<p><a href=\"https:\/\/moverdb.com\/fi\/huolitsija\/freight-forwarding-uk\/rochdale-freight-forwarder\/\">Rochdale huolitsija<\/a><br \/><a href=\"https:\/\/moverdb.com\/fi\/huolitsija\/freight-forwarding-uk\/waltham-abbey-freight-forwarder\/\">Waltham Abbey huolitsija<\/a><br \/><a href=\"https:\/\/moverdb.com\/fi\/huolitsija\/freight-forwarding-uk\/rochester-freight-forwarder\/\">Rochesterin huolitsija<\/a><br \/><a href=\"https:\/\/moverdb.com\/fi\/huolitsija\/freight-forwarding-uk\/watford-freight-forwarder\/\">Watfordin huolitsija<\/a><br \/><a href=\"https:\/\/moverdb.com\/fi\/huolitsija\/freight-forwarding-uk\/romford-freight-forwarder\/\">Romfordin huolitsija<\/a><\/p>","protected":false},"excerpt":{"rendered":"<p>Below we look at the 2 &#8220;best&#8221; Freight Forwarding companies in Ashby-de-la-Zouch out of 2. To learn more about how we chose the best please consult our FAQ section at the end. Please not the following listings are in no particular order and we are not making any recommendations for any particular company. MIES International [&hellip;]<\/p>\n","protected":false},"author":1,"featured_media":0,"parent":13427,"menu_order":0,"comment_status":"open","ping_status":"open","template":"","meta":{"_genesis_hide_title":false,"_genesis_hide_breadcrumbs":false,"_genesis_hide_singular_image":false,"_genesis_hide_footer_widgets":false,"_genesis_custom_body_class":"","_genesis_custom_post_class":"","_genesis_layout":"","footnotes":""},"class_list":{"0":"post-14142","1":"page","2":"type-page","3":"status-publish","5":"entry"},"_links":{"self":[{"href":"https:\/\/moverdb.com\/fi\/wp-json\/wp\/v2\/pages\/14142","targetHints":{"allow":["GET"]}}],"collection":[{"href":"https:\/\/moverdb.com\/fi\/wp-json\/wp\/v2\/pages"}],"about":[{"href":"https:\/\/moverdb.com\/fi\/wp-json\/wp\/v2\/types\/page"}],"author":[{"embeddable":true,"href":"https:\/\/moverdb.com\/fi\/wp-json\/wp\/v2\/users\/1"}],"replies":[{"embeddable":true,"href":"https:\/\/moverdb.com\/fi\/wp-json\/wp\/v2\/comments?post=14142"}],"version-history":[{"count":1,"href":"https:\/\/moverdb.com\/fi\/wp-json\/wp\/v2\/pages\/14142\/revisions"}],"predecessor-version":[{"id":15703,"href":"https:\/\/moverdb.com\/fi\/wp-json\/wp\/v2\/pages\/14142\/revisions\/15703"}],"up":[{"embeddable":true,"href":"https:\/\/moverdb.com\/fi\/wp-json\/wp\/v2\/pages\/13427"}],"wp:attachment":[{"href":"https:\/\/moverdb.com\/fi\/wp-json\/wp\/v2\/media?parent=14142"}],"curies":[{"name":"wp","href":"https:\/\/api.w.org\/{rel}","templated":true}]}}