{"id":14104,"date":"2023-11-08T15:54:40","date_gmt":"2023-11-08T15:54:40","guid":{"rendered":"https:\/\/moverdb.com\/freight-forwarder\/freight-forwarding-uk\/aldershot-freight-forwarder\/"},"modified":"2026-01-08T14:55:52","modified_gmt":"2026-01-08T14:55:52","slug":"aldershot-freight-forwarder","status":"publish","type":"page","link":"https:\/\/moverdb.com\/fi\/freight-forwarder\/freight-forwarding-uk\/aldershot-freight-forwarder\/","title":{"rendered":"2 Parhaat Aldershotin huolintaliikkeet (2024)"},"content":{"rendered":"<p>Seuraavassa tarkastellaan 2 <em>\"paras\"<\/em> Rahti huolinta yritykset Aldershot ulos 3.<\/p>\n<p>Jos haluat lis\u00e4tietoja siit\u00e4, miten valitsimme parhaat, tutustu lopussa olevaan FAQ-osioon.<\/p>\n<p><em>Huomaa, ett\u00e4 seuraavat luettelot eiv\u00e4t ole tietyss\u00e4 j\u00e4rjestyksess\u00e4, emmek\u00e4 suosittele mit\u00e4\u00e4n tietty\u00e4 yrityst\u00e4.<\/em><\/p>\n<h2>TFS Handling (UK) Limited (osa Trident Groupia)<\/h2>\n<p><img decoding=\"async\" src=\"https:\/\/moverdb.com\/wp-content\/uploads\/AF1QipMzS3jMHKmQ2smREuWe2wIm7nXARGnAtiycYr09w426-h240-k-no.jpg\" alt='TFS Handling (UK) Limited (osa Trident Groupia)' class=\"aligncenter\"><\/p>\n<p><strong>Kuvaus yrityksest\u00e4: <\/strong>Rahdin huolinta- ja k\u00e4sittelypalvelut <a href=\"https:\/\/moverdb.com\/fi\/moving-to-gibraltar\/\" data-internallinksmanager029f6b8e52c=\"431\" title=\"Muutatko Gibraltarille? 2023 Elinkustannukset ja muuttovinkit\">Gibraltar<\/a>, Euroopassa ja sen ulkopuolella; mukaan lukien <a href=\"https:\/\/moverdb.com\/fi\/moving-to-the-uk\/\" data-internallinksmanager029f6b8e52c=\"93\" title=\"Muutatko Yhdistyneeseen kuningaskuntaan? 2022 Elinkustannukset ja muuttovinkit\">UK<\/a> ker\u00e4yspalvelut, k\u00e4sittelypalvelut, rahdin konsolidointi ja rahdinhallinta yli 10 vuoden kokemuksella alalla.<\/p>\n<p>Yksinomainen k\u00e4sittely- ja huolintapalvelujen tarjoaminen Trident Freight Gibraltarille.<\/p>\n<p><strong>Lis\u00e4palvelut:<\/strong><\/p>\n<p>Tullivarasto<\/p>\n<p>Logistiikkapalvelu<\/p>\n<p>Toimitusyhti\u00f6<\/p>\n<p><strong>Osoite:<\/strong> Yksikk\u00f6 8, Elliot Industrial Park, Eastern Rd, Aldershot GU12 4TF.<\/p>\n<p><a href=\"http:\/\/www.tfshandling.co.uk\/\" target=\"_new\" rel=\"noopener\">TFS Handling (UK) Limited (osa Trident Groupia) verkkosivusto<\/a><\/p>\n<p><strong>Arvostelupisteet: <\/strong>4.2<br \/> <strong>Arvostelujen m\u00e4\u00e4r\u00e4:<\/strong> 15<br \/><a href=\"https:\/\/www.google.co.uk\/maps?cid=6518794169491197163&#038;hl=en&#038;gl=GB\" target=\"_new\" rel=\"noopener\">Lue arvosteluja<\/a><\/p>\n<h2>K R L<\/h2>\n<p><img decoding=\"async\" src=\"https:\/\/moverdb.com\/wp-content\/uploads\/AF1QipPffwS2BVvKUJolrrpP7WQbPmxLpeA7UHd0X2Usw408-h862-k-no.jpg\" alt='K R L' class=\"aligncenter\"><\/p>\n<p><strong>Kuvaus yrityksest\u00e4: <\/strong>Ei toimitettu<\/p>\n<p><strong>Lis\u00e4palvelut:<\/strong><\/p>\n<p>Ei ole lueteltu<\/p>\n<p><strong>Osoite:<\/strong> 3 Eastern Rd, Aldershot GU12 4TD<\/p>\n<p><a href=\"http:\/\/www.kr-l.com\/\" target=\"_new\" rel=\"noopener\">K R L verkkosivusto<\/a><\/p>\n<p><strong>Arvostelupisteet: <\/strong>4.2<br \/> <strong>Arvostelujen m\u00e4\u00e4r\u00e4:<\/strong> 20<br \/><a href=\"https:\/\/www.google.co.uk\/maps?cid=10027784705620856978&#038;hl=en&#038;gl=GB\" target=\"_new\" rel=\"noopener\">Lue arvosteluja<\/a><\/p>\n<h2>Miten valitsimme parhaat Aldershotin huolintaliikkeet?<\/h2>\n<p>Aloitimme Google Mapsin kautta l\u00f6yt\u00e4miemme 3 Aldershotin huolintayrityksen aineistosta ja rajasimme ne kahteen parhaaseen.<\/p>\n<p>T\u00e4t\u00e4 varten poistimme kaikki yritykset, jotka:<\/p>\n<ul>\n<li> Ei ollut verkkosivustoa<\/li>\n<li> Ei ollut arvosteluja<\/li>\n<li> Arvostelujen keskiarvo oli alle 2,0<\/li>\n<\/ul>\n<p>T\u00e4ss\u00e4 vaiheessa, jos meill\u00e4 oli 17 tai v\u00e4hemm\u00e4n huolitsijoita, luetteloimme ne kaikki.<\/p>\n<p>Niihin kaupunkeihin, joissa oli yli 17 huolitsijaa, tehtiin lis\u00e4tarkistuksia joko nostamalla vaadittua arvostelupistem\u00e4\u00e4r\u00e4\u00e4 (esim. nostamalla arvostelujen v\u00e4himm\u00e4ism\u00e4\u00e4r\u00e4 2,0:sta 4,0:aan) ja\/tai nostamalla vaadittujen arvostelujen v\u00e4himm\u00e4ism\u00e4\u00e4r\u00e4\u00e4 (esim. nostamalla arvostelujen v\u00e4himm\u00e4ism\u00e4\u00e4r\u00e4 yhdest\u00e4 arvostelusta v\u00e4hint\u00e4\u00e4n kymmeneen).<\/p>\n<p>Huomaa, ett\u00e4 k\u00e4ytimme vain Google Mapsin tarkistustietoja, emme mink\u00e4\u00e4n muun kolmannen osapuolen verkkosivustoja.<\/p>\n<p>Lis\u00e4\u00e4 kaupunkeja:<\/p>\n<p><a href=\"https:\/\/moverdb.com\/fi\/huolitsija\/freight-forwarding-uk\/burntwood-freight-forwarder\/\">Burntwoodin huolitsija<\/a><br \/><a href=\"https:\/\/moverdb.com\/fi\/huolitsija\/freight-forwarding-uk\/prescot-freight-forwarder\/\">Prescotin huolitsija<\/a><br \/><a href=\"https:\/\/moverdb.com\/fi\/huolitsija\/freight-forwarding-uk\/bury-saint-edmunds-freight-forwarder\/\">Bury Saint Edmundsin huolitsija<\/a><br \/><a href=\"https:\/\/moverdb.com\/fi\/huolitsija\/freight-forwarding-uk\/denny-freight-forwarder\/\">Denny huolitsija<\/a><br \/><a href=\"https:\/\/moverdb.com\/fi\/huolitsija\/freight-forwarding-uk\/bordon-freight-forwarder\/\">Bordonin huolitsija<\/a><\/p>","protected":false},"excerpt":{"rendered":"<p>Below we look at the 2 &#8220;best&#8221; Freight Forwarding companies in Aldershot out of 3. To learn more about how we chose the best please consult our FAQ section at the end. Please not the following listings are in no particular order and we are not making any recommendations for any particular company. TFS Handling [&hellip;]<\/p>\n","protected":false},"author":1,"featured_media":0,"parent":13427,"menu_order":0,"comment_status":"open","ping_status":"open","template":"","meta":{"_genesis_hide_title":false,"_genesis_hide_breadcrumbs":false,"_genesis_hide_singular_image":false,"_genesis_hide_footer_widgets":false,"_genesis_custom_body_class":"","_genesis_custom_post_class":"","_genesis_layout":"","footnotes":""},"class_list":{"0":"post-14104","1":"page","2":"type-page","3":"status-publish","5":"entry"},"_links":{"self":[{"href":"https:\/\/moverdb.com\/fi\/wp-json\/wp\/v2\/pages\/14104","targetHints":{"allow":["GET"]}}],"collection":[{"href":"https:\/\/moverdb.com\/fi\/wp-json\/wp\/v2\/pages"}],"about":[{"href":"https:\/\/moverdb.com\/fi\/wp-json\/wp\/v2\/types\/page"}],"author":[{"embeddable":true,"href":"https:\/\/moverdb.com\/fi\/wp-json\/wp\/v2\/users\/1"}],"replies":[{"embeddable":true,"href":"https:\/\/moverdb.com\/fi\/wp-json\/wp\/v2\/comments?post=14104"}],"version-history":[{"count":1,"href":"https:\/\/moverdb.com\/fi\/wp-json\/wp\/v2\/pages\/14104\/revisions"}],"predecessor-version":[{"id":15702,"href":"https:\/\/moverdb.com\/fi\/wp-json\/wp\/v2\/pages\/14104\/revisions\/15702"}],"up":[{"embeddable":true,"href":"https:\/\/moverdb.com\/fi\/wp-json\/wp\/v2\/pages\/13427"}],"wp:attachment":[{"href":"https:\/\/moverdb.com\/fi\/wp-json\/wp\/v2\/media?parent=14104"}],"curies":[{"name":"wp","href":"https:\/\/api.w.org\/{rel}","templated":true}]}}